{"id":4425,"date":"2020-07-01T08:38:51","date_gmt":"2020-07-01T06:38:51","guid":{"rendered":"https:\/\/www.sakarincitykodit.fi\/dla-inwestorow-mieszkaniowych\/"},"modified":"2020-07-30T09:25:36","modified_gmt":"2020-07-30T07:25:36","slug":"dla-inwestorow-mieszkaniowych","status":"publish","type":"page","link":"https:\/\/www.sakarincitykodit.fi\/pl\/dla-inwestorow-mieszkaniowych\/","title":{"rendered":"Dla inwestor\u00f3w mieszkaniowych"},"content":{"rendered":"\t\t<div data-elementor-type=\"wp-page\" data-elementor-id=\"4425\" class=\"elementor elementor-4425 elementor-3409\">\n\t\t\t\t\t\t<section class=\"elementor-section elementor-top-section elementor-element elementor-element-796f36e elementor-section-boxed elementor-section-height-default elementor-section-height-default\" data-id=\"796f36e\" data-element_type=\"section\">\n\t\t\t\t\t\t<div class=\"elementor-container elementor-column-gap-default\">\n\t\t\t\t\t<div class=\"elementor-column elementor-col-100 elementor-top-column elementor-element elementor-element-26365dd\" data-id=\"26365dd\" data-element_type=\"column\">\n\t\t\t<div class=\"elementor-widget-wrap elementor-element-populated\">\n\t\t\t\t\t\t<div class=\"elementor-element elementor-element-a8f8e9e elementor-widget elementor-widget-heading\" data-id=\"a8f8e9e\" data-element_type=\"widget\" data-widget_type=\"heading.default\">\n\t\t\t\t<div class=\"elementor-widget-container\">\n\t\t\t\t\t<h2 class=\"elementor-heading-title elementor-size-default\">Chcesz wynaj\u0105\u0107 nieruchomo\u015b\u0107 bez konieczno\u015bci p\u0142acenia prowizji?<\/h2>\t\t\t\t<\/div>\n\t\t\t\t<\/div>\n\t\t\t\t\t<\/div>\n\t\t<\/div>\n\t\t\t\t\t<\/div>\n\t\t<\/section>\n\t\t\t\t<section class=\"elementor-section elementor-top-section elementor-element elementor-element-cd94da8 elementor-section-boxed elementor-section-height-default elementor-section-height-default\" data-id=\"cd94da8\" data-element_type=\"section\">\n\t\t\t\t\t\t<div class=\"elementor-container elementor-column-gap-default\">\n\t\t\t\t\t<div class=\"elementor-column elementor-col-100 elementor-top-column elementor-element elementor-element-416c5b3\" data-id=\"416c5b3\" data-element_type=\"column\">\n\t\t\t<div class=\"elementor-widget-wrap elementor-element-populated\">\n\t\t\t\t\t\t<div class=\"elementor-element elementor-element-9ab4b42 elementor-widget elementor-widget-text-editor\" data-id=\"9ab4b42\" data-element_type=\"widget\" data-widget_type=\"text-editor.default\">\n\t\t\t\t<div class=\"elementor-widget-container\">\n\t\t\t\t\t\t\t\t\t<p>Domy Sakarin City stale potrzebuj\u0105 wi\u0119cej dom\u00f3w z najwi\u0119kszych miast Finlandii. Opr\u00f3cz w\u0142asnych mieszka\u0144 wynajmujemy puste podstawowe mieszkania z d\u0142ugimi najmem. Skontaktuj si\u0119 z nami, korzystaj\u0105c z poni\u017cszego formularza i zaoferuj nam zakwaterowanie!<\/p>\n\t\t\t\t\t\t\t\t<\/div>\n\t\t\t\t<\/div>\n\t\t\t\t<div class=\"elementor-element elementor-element-16853b7 elementor-widget elementor-widget-heading\" data-id=\"16853b7\" data-element_type=\"widget\" data-widget_type=\"heading.default\">\n\t\t\t\t<div class=\"elementor-widget-container\">\n\t\t\t\t\t<h3 class=\"elementor-heading-title elementor-size-default\">Oferuj\u0119 wynajem mojego mieszkania:<\/h3>\t\t\t\t<\/div>\n\t\t\t\t<\/div>\n\t\t\t\t\t<\/div>\n\t\t<\/div>\n\t\t\t\t\t<\/div>\n\t\t<\/section>\n\t\t\t\t<section class=\"elementor-section elementor-top-section elementor-element elementor-element-0cfec55 elementor-section-boxed elementor-section-height-default elementor-section-height-default\" data-id=\"0cfec55\" data-element_type=\"section\">\n\t\t\t\t\t\t<div class=\"elementor-container elementor-column-gap-default\">\n\t\t\t\t\t<div class=\"elementor-column elementor-col-100 elementor-top-column elementor-element elementor-element-6720baf\" data-id=\"6720baf\" data-element_type=\"column\">\n\t\t\t<div class=\"elementor-widget-wrap elementor-element-populated\">\n\t\t\t\t\t\t<div class=\"elementor-element elementor-element-8b892dc elementor-widget elementor-widget-text-editor\" data-id=\"8b892dc\" data-element_type=\"widget\" data-widget_type=\"text-editor.default\">\n\t\t\t\t<div class=\"elementor-widget-container\">\n\t\t\t\t\t\t\t\t\t\n<div class=\"wpcf7 no-js\" id=\"wpcf7-f5320-o1\" lang=\"pl-PL\" dir=\"ltr\" data-wpcf7-id=\"5320\">\n<div class=\"screen-reader-response\"><p role=\"status\" aria-live=\"polite\" aria-atomic=\"true\"><\/p> <ul><\/ul><\/div>\n<form action=\"\/pl\/wp-json\/wp\/v2\/pages\/4425#wpcf7-f5320-o1\" method=\"post\" class=\"wpcf7-form init\" aria-label=\"Formularz kontaktowy\" novalidate=\"novalidate\" data-status=\"init\">\n<div style=\"display: none;\">\n<input type=\"hidden\" name=\"_wpcf7\" value=\"5320\" \/>\n<input type=\"hidden\" name=\"_wpcf7_version\" value=\"6.0.6\" \/>\n<input type=\"hidden\" name=\"_wpcf7_locale\" value=\"pl_PL\" \/>\n<input type=\"hidden\" name=\"_wpcf7_unit_tag\" value=\"wpcf7-f5320-o1\" \/>\n<input type=\"hidden\" name=\"_wpcf7_container_post\" value=\"0\" \/>\n<input type=\"hidden\" name=\"_wpcf7_posted_data_hash\" value=\"\" \/>\n<\/div>\n<div class=\"contact-us\">\n\t<div class=\"row\">\n\t\t<div class=\"col-xs-12 col-sm-6\">\n\t\t\t<p><span class=\"wpcf7-form-control-wrap\" data-name=\"your-name\"><input size=\"40\" maxlength=\"400\" class=\"wpcf7-form-control wpcf7-text wpcf7-validates-as-required form-control\" aria-required=\"true\" aria-invalid=\"false\" placeholder=\"Name\" value=\"\" type=\"text\" name=\"your-name\" \/><\/span>\n\t\t\t<\/p>\n\t\t<\/div>\n\t\t<div class=\"col-xs-12 col-sm-6\">\n\t\t\t<p><span class=\"wpcf7-form-control-wrap\" data-name=\"tel-64\"><input size=\"40\" maxlength=\"400\" class=\"wpcf7-form-control wpcf7-tel wpcf7-validates-as-required wpcf7-text wpcf7-validates-as-tel form-control\" aria-required=\"true\" aria-invalid=\"false\" placeholder=\"Telephone number\" value=\"\" type=\"tel\" name=\"tel-64\" \/><\/span>\n\t\t\t<\/p>\n\t\t<\/div>\n\t\t<div class=\"col-xs-12 col-sm-12\">\n\t\t\t<p><span class=\"wpcf7-form-control-wrap\" data-name=\"your-email\"><input size=\"40\" maxlength=\"400\" class=\"wpcf7-form-control wpcf7-email wpcf7-validates-as-required wpcf7-text wpcf7-validates-as-email form-control\" aria-required=\"true\" aria-invalid=\"false\" placeholder=\"Email\" value=\"\" type=\"email\" name=\"your-email\" \/><\/span>\n\t\t\t<\/p>\n\t\t<\/div>\n\t\t<div class=\"col-xs-12 col-sm-6\">\n\t\t\t<p><span class=\"wpcf7-form-control-wrap\" data-name=\"text-22\"><input size=\"40\" maxlength=\"400\" class=\"wpcf7-form-control wpcf7-text wpcf7-validates-as-required form-control\" aria-required=\"true\" aria-invalid=\"false\" placeholder=\"Address and city\" value=\"\" type=\"text\" name=\"text-22\" \/><\/span>\n\t\t\t<\/p>\n\t\t<\/div>\n\t\t<div class=\"col-xs-12 col-sm-6\">\n\t\t\t<p><span class=\"wpcf7-form-control-wrap\" data-name=\"text-23\"><input size=\"40\" maxlength=\"400\" class=\"wpcf7-form-control wpcf7-text wpcf7-validates-as-required form-control\" aria-required=\"true\" aria-invalid=\"false\" placeholder=\"Rooms and squaremeters\" value=\"\" type=\"text\" name=\"text-23\" \/><\/span>\n\t\t\t<\/p>\n\t\t<\/div>\n\t\t<div class=\"col-xs-12 col-sm-6\">\n\t\t\t<p><span class=\"wpcf7-form-control-wrap\" data-name=\"text-24\"><input size=\"40\" maxlength=\"400\" class=\"wpcf7-form-control wpcf7-text form-control\" aria-invalid=\"false\" placeholder=\"Flat is free from\" value=\"\" type=\"text\" name=\"text-24\" \/><\/span>\n\t\t\t<\/p>\n\t\t<\/div>\n\t\t<div class=\"col-xs-12 col-sm-6\">\n\t\t\t<p><span class=\"wpcf7-form-control-wrap\" data-name=\"text-25\"><input size=\"40\" maxlength=\"400\" class=\"wpcf7-form-control wpcf7-text form-control\" aria-invalid=\"false\" placeholder=\"Rent\" value=\"\" type=\"text\" name=\"text-25\" \/><\/span>\n\t\t\t<\/p>\n\t\t<\/div>\n\t\t<div class=\"col-xs-12 col-sm-12\">\n\t\t\t<labal>V\u0113lam\u0101 nomas forma:\n\t\t\t\t<p><span class=\"wpcf7-form-control-wrap\" data-name=\"menu-906\"><select class=\"wpcf7-form-control wpcf7-select\" aria-invalid=\"false\" name=\"menu-906\"><option value=\"valid until further notice\">valid until further notice<\/option><option value=\"fixed term\">fixed term<\/option><\/select><\/span>\n\t\t\t\t<\/p>\n\t\t\t<\/labal>\n\t\t<\/div>\n\t\t<div class=\"col-xs-12 col-sm-12\">\n\t\t\t<p><span class=\"wpcf7-form-control-wrap\" data-name=\"textarea-358\"><textarea cols=\"40\" rows=\"10\" maxlength=\"2000\" class=\"wpcf7-form-control wpcf7-textarea form-control\" aria-invalid=\"false\" placeholder=\"more information\" name=\"textarea-358\"><\/textarea><\/span>\n\t\t\t<\/p>\n\t\t<\/div>\n\t\t<p><input class=\"wpcf7-form-control wpcf7-submit has-spinner\" type=\"submit\" value=\"Send!\" \/>\n\t\t<\/p>\n\t<\/div>\n<\/div><div class=\"wpcf7-response-output\" aria-hidden=\"true\"><\/div>\n<\/form>\n<\/div>\n\n\t\t\t\t\t\t\t\t<\/div>\n\t\t\t\t<\/div>\n\t\t\t\t\t<\/div>\n\t\t<\/div>\n\t\t\t\t\t<\/div>\n\t\t<\/section>\n\t\t\t\t<\/div>\n\t\t","protected":false},"excerpt":{"rendered":"<p>Chcesz wynaj\u0105\u0107 nieruchomo\u015b\u0107 bez konieczno\u015bci p\u0142acenia prowizji? Domy Sakarin City stale potrzebuj\u0105 wi\u0119cej dom\u00f3w z najwi\u0119kszych miast Finlandii. Opr\u00f3cz w\u0142asnych mieszka\u0144 wynajmujemy puste podstawowe mieszkania z d\u0142ugimi najmem. Skontaktuj si\u0119 z nami, korzystaj\u0105c z poni\u017cszego formularza i zaoferuj nam zakwaterowanie! Oferuj\u0119 wynajem mojego mieszkania:<\/p>\n","protected":false},"author":3,"featured_media":0,"parent":0,"menu_order":0,"comment_status":"closed","ping_status":"closed","template":"","meta":{"footnotes":""},"class_list":["post-4425","page","type-page","status-publish","hentry"],"yoast_head":"<!-- This site is optimized with the Yoast SEO plugin v24.9 - https:\/\/yoast.com\/wordpress\/plugins\/seo\/ -->\n<title>Dla inwestor\u00f3w mieszkaniowych - Sakarin Citykodit<\/title>\n<meta name=\"robots\" content=\"index, follow, max-snippet:-1, max-image-preview:large, max-video-preview:-1\" \/>\n<link rel=\"canonical\" href=\"https:\/\/www.sakarincitykodit.fi\/pl\/dla-inwestorow-mieszkaniowych\/\" \/>\n<meta property=\"og:locale\" content=\"pl_PL\" \/>\n<meta property=\"og:type\" content=\"article\" \/>\n<meta property=\"og:title\" content=\"Dla inwestor\u00f3w mieszkaniowych - Sakarin Citykodit\" \/>\n<meta property=\"og:description\" content=\"Chcesz wynaj\u0105\u0107 nieruchomo\u015b\u0107 bez konieczno\u015bci p\u0142acenia prowizji? Domy Sakarin City stale potrzebuj\u0105 wi\u0119cej dom\u00f3w z najwi\u0119kszych miast Finlandii. Opr\u00f3cz w\u0142asnych mieszka\u0144 wynajmujemy puste podstawowe mieszkania z d\u0142ugimi najmem. Skontaktuj si\u0119 z nami, korzystaj\u0105c z poni\u017cszego formularza i zaoferuj nam zakwaterowanie! Oferuj\u0119 wynajem mojego mieszkania:\" \/>\n<meta property=\"og:url\" content=\"https:\/\/www.sakarincitykodit.fi\/pl\/dla-inwestorow-mieszkaniowych\/\" \/>\n<meta property=\"og:site_name\" content=\"Sakarin Citykodit\" \/>\n<meta property=\"article:modified_time\" content=\"2020-07-30T07:25:36+00:00\" \/>\n<meta name=\"twitter:card\" content=\"summary_large_image\" \/>\n<script type=\"application\/ld+json\" class=\"yoast-schema-graph\">{\"@context\":\"https:\/\/schema.org\",\"@graph\":[{\"@type\":\"WebPage\",\"@id\":\"https:\/\/www.sakarincitykodit.fi\/pl\/dla-inwestorow-mieszkaniowych\/\",\"url\":\"https:\/\/www.sakarincitykodit.fi\/pl\/dla-inwestorow-mieszkaniowych\/\",\"name\":\"Dla inwestor\u00f3w mieszkaniowych - Sakarin Citykodit\",\"isPartOf\":{\"@id\":\"https:\/\/www.sakarincitykodit.fi\/pl\/#website\"},\"datePublished\":\"2020-07-01T06:38:51+00:00\",\"dateModified\":\"2020-07-30T07:25:36+00:00\",\"breadcrumb\":{\"@id\":\"https:\/\/www.sakarincitykodit.fi\/pl\/dla-inwestorow-mieszkaniowych\/#breadcrumb\"},\"inLanguage\":\"pl-PL\",\"potentialAction\":[{\"@type\":\"ReadAction\",\"target\":[\"https:\/\/www.sakarincitykodit.fi\/pl\/dla-inwestorow-mieszkaniowych\/\"]}]},{\"@type\":\"BreadcrumbList\",\"@id\":\"https:\/\/www.sakarincitykodit.fi\/pl\/dla-inwestorow-mieszkaniowych\/#breadcrumb\",\"itemListElement\":[{\"@type\":\"ListItem\",\"position\":1,\"name\":\"W: strona g\u0142\u00f3wna\",\"item\":\"https:\/\/www.sakarincitykodit.fi\/pl\/\"},{\"@type\":\"ListItem\",\"position\":2,\"name\":\"Dla inwestor\u00f3w mieszkaniowych\"}]},{\"@type\":\"WebSite\",\"@id\":\"https:\/\/www.sakarincitykodit.fi\/pl\/#website\",\"url\":\"https:\/\/www.sakarincitykodit.fi\/pl\/\",\"name\":\"Sakarin Citykodit\",\"description\":\"Vuokraamme vapaat kalustetut vuokra-asunnot ymp&auml;ri Suomen!\",\"publisher\":{\"@id\":\"https:\/\/www.sakarincitykodit.fi\/pl\/#organization\"},\"potentialAction\":[{\"@type\":\"SearchAction\",\"target\":{\"@type\":\"EntryPoint\",\"urlTemplate\":\"https:\/\/www.sakarincitykodit.fi\/pl\/?s={search_term_string}\"},\"query-input\":{\"@type\":\"PropertyValueSpecification\",\"valueRequired\":true,\"valueName\":\"search_term_string\"}}],\"inLanguage\":\"pl-PL\"},{\"@type\":\"Organization\",\"@id\":\"https:\/\/www.sakarincitykodit.fi\/pl\/#organization\",\"name\":\"Sakarin Citykodit\",\"url\":\"https:\/\/www.sakarincitykodit.fi\/pl\/\",\"logo\":{\"@type\":\"ImageObject\",\"inLanguage\":\"pl-PL\",\"@id\":\"https:\/\/www.sakarincitykodit.fi\/pl\/#\/schema\/logo\/image\/\",\"url\":\"https:\/\/www.sakarincitykodit.fi\/wp-content\/uploads\/sakarin-citykodit-logo-245.png\",\"contentUrl\":\"https:\/\/www.sakarincitykodit.fi\/wp-content\/uploads\/sakarin-citykodit-logo-245.png\",\"width\":245,\"height\":39,\"caption\":\"Sakarin Citykodit\"},\"image\":{\"@id\":\"https:\/\/www.sakarincitykodit.fi\/pl\/#\/schema\/logo\/image\/\"}}]}<\/script>\n<!-- \/ Yoast SEO plugin. -->","yoast_head_json":{"title":"Dla inwestor\u00f3w mieszkaniowych - Sakarin Citykodit","robots":{"index":"index","follow":"follow","max-snippet":"max-snippet:-1","max-image-preview":"max-image-preview:large","max-video-preview":"max-video-preview:-1"},"canonical":"https:\/\/www.sakarincitykodit.fi\/pl\/dla-inwestorow-mieszkaniowych\/","og_locale":"pl_PL","og_type":"article","og_title":"Dla inwestor\u00f3w mieszkaniowych - Sakarin Citykodit","og_description":"Chcesz wynaj\u0105\u0107 nieruchomo\u015b\u0107 bez konieczno\u015bci p\u0142acenia prowizji? Domy Sakarin City stale potrzebuj\u0105 wi\u0119cej dom\u00f3w z najwi\u0119kszych miast Finlandii. Opr\u00f3cz w\u0142asnych mieszka\u0144 wynajmujemy puste podstawowe mieszkania z d\u0142ugimi najmem. Skontaktuj si\u0119 z nami, korzystaj\u0105c z poni\u017cszego formularza i zaoferuj nam zakwaterowanie! Oferuj\u0119 wynajem mojego mieszkania:","og_url":"https:\/\/www.sakarincitykodit.fi\/pl\/dla-inwestorow-mieszkaniowych\/","og_site_name":"Sakarin Citykodit","article_modified_time":"2020-07-30T07:25:36+00:00","twitter_card":"summary_large_image","schema":{"@context":"https:\/\/schema.org","@graph":[{"@type":"WebPage","@id":"https:\/\/www.sakarincitykodit.fi\/pl\/dla-inwestorow-mieszkaniowych\/","url":"https:\/\/www.sakarincitykodit.fi\/pl\/dla-inwestorow-mieszkaniowych\/","name":"Dla inwestor\u00f3w mieszkaniowych - Sakarin Citykodit","isPartOf":{"@id":"https:\/\/www.sakarincitykodit.fi\/pl\/#website"},"datePublished":"2020-07-01T06:38:51+00:00","dateModified":"2020-07-30T07:25:36+00:00","breadcrumb":{"@id":"https:\/\/www.sakarincitykodit.fi\/pl\/dla-inwestorow-mieszkaniowych\/#breadcrumb"},"inLanguage":"pl-PL","potentialAction":[{"@type":"ReadAction","target":["https:\/\/www.sakarincitykodit.fi\/pl\/dla-inwestorow-mieszkaniowych\/"]}]},{"@type":"BreadcrumbList","@id":"https:\/\/www.sakarincitykodit.fi\/pl\/dla-inwestorow-mieszkaniowych\/#breadcrumb","itemListElement":[{"@type":"ListItem","position":1,"name":"W: strona g\u0142\u00f3wna","item":"https:\/\/www.sakarincitykodit.fi\/pl\/"},{"@type":"ListItem","position":2,"name":"Dla inwestor\u00f3w mieszkaniowych"}]},{"@type":"WebSite","@id":"https:\/\/www.sakarincitykodit.fi\/pl\/#website","url":"https:\/\/www.sakarincitykodit.fi\/pl\/","name":"Sakarin Citykodit","description":"Vuokraamme vapaat kalustetut vuokra-asunnot ymp&auml;ri Suomen!","publisher":{"@id":"https:\/\/www.sakarincitykodit.fi\/pl\/#organization"},"potentialAction":[{"@type":"SearchAction","target":{"@type":"EntryPoint","urlTemplate":"https:\/\/www.sakarincitykodit.fi\/pl\/?s={search_term_string}"},"query-input":{"@type":"PropertyValueSpecification","valueRequired":true,"valueName":"search_term_string"}}],"inLanguage":"pl-PL"},{"@type":"Organization","@id":"https:\/\/www.sakarincitykodit.fi\/pl\/#organization","name":"Sakarin Citykodit","url":"https:\/\/www.sakarincitykodit.fi\/pl\/","logo":{"@type":"ImageObject","inLanguage":"pl-PL","@id":"https:\/\/www.sakarincitykodit.fi\/pl\/#\/schema\/logo\/image\/","url":"https:\/\/www.sakarincitykodit.fi\/wp-content\/uploads\/sakarin-citykodit-logo-245.png","contentUrl":"https:\/\/www.sakarincitykodit.fi\/wp-content\/uploads\/sakarin-citykodit-logo-245.png","width":245,"height":39,"caption":"Sakarin Citykodit"},"image":{"@id":"https:\/\/www.sakarincitykodit.fi\/pl\/#\/schema\/logo\/image\/"}}]}},"_links":{"self":[{"href":"https:\/\/www.sakarincitykodit.fi\/pl\/wp-json\/wp\/v2\/pages\/4425","targetHints":{"allow":["GET"]}}],"collection":[{"href":"https:\/\/www.sakarincitykodit.fi\/pl\/wp-json\/wp\/v2\/pages"}],"about":[{"href":"https:\/\/www.sakarincitykodit.fi\/pl\/wp-json\/wp\/v2\/types\/page"}],"author":[{"embeddable":true,"href":"https:\/\/www.sakarincitykodit.fi\/pl\/wp-json\/wp\/v2\/users\/3"}],"replies":[{"embeddable":true,"href":"https:\/\/www.sakarincitykodit.fi\/pl\/wp-json\/wp\/v2\/comments?post=4425"}],"version-history":[{"count":0,"href":"https:\/\/www.sakarincitykodit.fi\/pl\/wp-json\/wp\/v2\/pages\/4425\/revisions"}],"wp:attachment":[{"href":"https:\/\/www.sakarincitykodit.fi\/pl\/wp-json\/wp\/v2\/media?parent=4425"}],"curies":[{"name":"wp","href":"https:\/\/api.w.org\/{rel}","templated":true}]}}