{"id":4373,"date":"2018-11-05T10:03:15","date_gmt":"2018-11-05T08:03:15","guid":{"rendered":"https:\/\/www.sakarincitykodit.fi\/umeblowane-wypozyczalnie-w-kuopio\/"},"modified":"2020-10-08T14:01:22","modified_gmt":"2020-10-08T12:01:22","slug":"umeblowane-wypozyczalnie-w-kuopio","status":"publish","type":"page","link":"https:\/\/www.sakarincitykodit.fi\/pl\/nasza-lokalizacja\/umeblowane-wypozyczalnie-w-kuopio\/","title":{"rendered":"Umeblowane wypo\u017cyczalnie w Kuopio"},"content":{"rendered":"\t\t<div data-elementor-type=\"wp-page\" data-elementor-id=\"4373\" class=\"elementor elementor-4373 elementor-1256\">\n\t\t\t\t\t\t<section class=\"elementor-section elementor-top-section elementor-element elementor-element-cbcdd1c elementor-section-boxed elementor-section-height-default elementor-section-height-default\" data-id=\"cbcdd1c\" data-element_type=\"section\">\n\t\t\t\t\t\t<div class=\"elementor-container elementor-column-gap-default\">\n\t\t\t\t\t<div class=\"elementor-column elementor-col-100 elementor-top-column elementor-element elementor-element-76abaca1\" data-id=\"76abaca1\" data-element_type=\"column\">\n\t\t\t<div class=\"elementor-widget-wrap elementor-element-populated\">\n\t\t\t\t\t\t<div class=\"elementor-element elementor-element-4cc9b5c8 elementor-widget elementor-widget-text-editor\" data-id=\"4cc9b5c8\" data-element_type=\"widget\" data-widget_type=\"text-editor.default\">\n\t\t\t\t<div class=\"elementor-widget-container\">\n\t\t\t\t\t\t\t\t\t<div id=\"pl-1256\" class=\"panel-layout\">\n<div id=\"pg-1256-0\" class=\"panel-grid panel-no-style\" data-style=\"{\"background_display\":\"tile\",\"cell_alignment\":\"flex-start\"}\">\n<div id=\"pgc-1256-0-0\" class=\"panel-grid-cell\" data-weight=\"1\">\n<div id=\"panel-1256-0-0-0\" class=\"so-panel widget widget_sow-editor panel-first-child panel-last-child\" data-index=\"0\" data-style=\"{\"padding\":\"0px 0px 0px 60px\",\"background_image_attachment\":false,\"background_display\":\"tile\"}\">\n<div class=\"panel-widget-style panel-widget-style-for-1256-0-0-0\">\n<div class=\"so-widget-sow-editor so-widget-sow-editor-base\">\n<div class=\"siteorigin-widget-tinymce textwidget\">\n<h2><b>Umeblowane apartamenty na wynajem w Kuopio<\/b><b><\/b><\/h2>\n<p><span style=\"font-weight: 400;\">Umeblowane mieszkanie do wynaj\u0119cia musi by\u0107 wygodne, funkcjonalne i w dobrej lokalizacji. Takie dobrze wyposa\u017cone i wysokiej jako\u015bci apartamenty na wynajem znajduj\u0105 si\u0119 tutaj! Oferujemy funkcjonalne i wydajne rozwi\u0105zania dla mieszka\u0144 tymczasowych dla wszystkich firm i klient\u00f3w prywatnych w Kuopio. Przeprowadzka do naszych wst\u0119pnie umeblowanych apartament\u00f3w jest \u0142atwa i zapewnia przytulne miejsce dla pracownik\u00f3w koncertowych, na przyk\u0142ad. &nbsp;Cokolwiek tymczasowe wynajem jest to, czego potrzebujesz, zapytaj nas. Nasze wysokiej jako\u015bci apartamenty oferuj\u0105 mo\u017cliwo\u015b\u0107 \u017cycia w\u0142asnym, a wysokiej jako\u015bci meble i sprz\u0119t AGD pozwalaj\u0105 na normalne codzienne \u017cycie z pralni\u0105. Mi\u0142o jest r\u00f3wnie\u017c sp\u0119dzi\u0107 wolny czas w naszym komfortowym otoczeniu.<\/span><\/p>\n<h2><b>Wynajmujemy kr\u00f3tkoterminowe apartamenty w Kuopio, kt\u00f3re s\u0105 ju\u017c umeblowane<\/b><\/h2>\n<p><span style=\"font-weight: 400;\">Potrzeba kr\u00f3tkoterminowego mieszkania mo\u017ce by\u0107 jeden tydzie\u0144 lub p\u00f3\u0142tora roku. Niezale\u017cnie od tego, czy potrzebujesz mieszkania w Kuopio na kr\u00f3tsze lub d\u0142u\u017csze, na razie otrzymasz przez nas funkcjonaln\u0105 baz\u0119. Im \u0142adniejszy dom tymczasowy, tym \u0142atwiej jest prowadzi\u0107 codzienne \u017cycie. Wynajem umeblowanego mieszkania jest \u0142atwym i bezstresowym rozwi\u0105zaniem, szczeg\u00f3lnie dla rodzin z dzie\u0107mi i innych zapracowanych os\u00f3b. Przeprowadzka do nowego mieszkania jest \u0142atwa, gdy wszystko jest gotowe. Brak stresuj\u0105cych ruchomych ustale\u0144, takich jak noszenie rzeczy i formalno\u015bci. Powr\u00f3t do sta\u0142ego mieszkania b\u0119dzie r\u00f3wnie p\u0142ynny w czasie, a ostateczne sprz\u0105tanie mo\u017cna zleci\u0107 naszej sieci partnerskiej w razie potrzeby. Wszystko, czego potrzebujesz, aby i\u015b\u0107 z tob\u0105, to najwa\u017cniejsze ubrania i przedmioty osobiste!<\/span><\/p>\n<h2><b>\u0141atwo jest por\u00f3wna\u0107 nasze darmowe apartamenty do wynaj\u0119cia<\/b><\/h2>\n<p><span style=\"font-weight: 400;\">Nasza strona internetowa prezentuje wszystkie nasze dost\u0119pne umeblowane apartamenty na wynajem w Kuopio, wi\u0119c znalezienie odpowiedniego mieszkania nie zajmuje czasu. Jest \u0142atwy do wyboru z odpowiedniego rozmiaru i najlepszej lokalizacji dla Ciebie. Skontaktuj si\u0119 z nami, a praktyczne ustalenia wkr\u00f3tce zostan\u0105 dokonane i b\u0119dziesz m\u00f3g\u0142 si\u0119 wprowadzi\u0107. Zainwestowali\u015bmy w sprawne i elastyczne dzia\u0142ania naszych us\u0142ug.<\/span><\/p>\n<h2><b>Umeblowane wypo\u017cyczalnie znajduj\u0105 si\u0119 na po\u0142\u0105czeniach komunikacyjnych w Kuopio<\/b><\/h2>\n<p><span style=\"font-weight: 400;\">Nasze apartamenty zosta\u0142y wybrane tak, aby s\u0142u\u017cy\u0107 jak najszerszej bazie klient\u00f3w. Dzi\u0119ki nim s\u0105 one zawsze po\u0142\u0105czone z dobrze funkcjonuj\u0105cymi po\u0142\u0105czeniami transportowymi i s\u0105 dobrze wyposa\u017cone. Dobrze zaprojektowane udogodnienia pozwalaj\u0105 mie\u0107 domow\u0105 i funkcjonaln\u0105 sceneri\u0119 do wszelkiego rodzaju tymczasowego \u017cycia. Czynsz jest p\u0142acony tylko za okres zamieszkania, kt\u00f3ry jest podobny do hotelu, ale wynaj\u0119cie umeblowanego apartamentu typu studio, apartamentu z jedn\u0105 sypialni\u0105 lub wi\u0119kszym mieszkaniem jest znacznie bardziej elastyczne ni\u017c mieszkanie w hotelu. <\/span><\/p>\n<h2><b>Obs\u0142ugujemy przez telefon lub e-mail<\/b><\/h2>\n<p><span style=\"font-weight: 400;\">Wynajem umeblowanych mieszka\u0144 mo\u017ce rodzi\u0107 pytania, wi\u0119c prosimy o kontakt mailowy varaus@sakarincitykodit.fi lub telefonicznie <a href=\"tel:+358440880567\">+358 44 0880567<\/a>. Pomo\u017cemy Ci znale\u017a\u0107 najlepsze rozwi\u0105zania noclegowe w Kuopio!<\/span><\/p>\n<\/div>\n<\/div>\n<\/div>\n<\/div>\n<\/div>\n<\/div>\n<\/div>\n\t\t\t\t\t\t\t\t<\/div>\n\t\t\t\t<\/div>\n\t\t\t\t\t<\/div>\n\t\t<\/div>\n\t\t\t\t\t<\/div>\n\t\t<\/section>\n\t\t\t\t<\/div>\n\t\t","protected":false},"excerpt":{"rendered":"<p>Umeblowane apartamenty na wynajem w Kuopio Umeblowane mieszkanie do wynaj\u0119cia musi by\u0107 wygodne, funkcjonalne i w dobrej lokalizacji. Takie dobrze wyposa\u017cone i wysokiej jako\u015bci apartamenty na wynajem znajduj\u0105 si\u0119 tutaj! Oferujemy funkcjonalne i wydajne rozwi\u0105zania dla mieszka\u0144 tymczasowych dla wszystkich firm i klient\u00f3w prywatnych w Kuopio. Przeprowadzka do naszych wst\u0119pnie umeblowanych apartament\u00f3w jest \u0142atwa i [&hellip;]<\/p>\n","protected":false},"author":3,"featured_media":0,"parent":4386,"menu_order":0,"comment_status":"closed","ping_status":"closed","template":"","meta":{"footnotes":""},"class_list":["post-4373","page","type-page","status-publish","hentry"],"yoast_head":"<!-- This site is optimized with the Yoast SEO plugin v24.9 - https:\/\/yoast.com\/wordpress\/plugins\/seo\/ -->\n<title>Umeblowane wypo\u017cyczalnie w Kuopio - Sakarin Citykodit<\/title>\n<meta name=\"robots\" content=\"index, follow, max-snippet:-1, max-image-preview:large, max-video-preview:-1\" \/>\n<link rel=\"canonical\" href=\"https:\/\/www.sakarincitykodit.fi\/pl\/nasza-lokalizacja\/umeblowane-wypozyczalnie-w-kuopio\/\" \/>\n<meta property=\"og:locale\" content=\"pl_PL\" \/>\n<meta property=\"og:type\" content=\"article\" \/>\n<meta property=\"og:title\" content=\"Umeblowane wypo\u017cyczalnie w Kuopio - Sakarin Citykodit\" \/>\n<meta property=\"og:description\" content=\"Umeblowane apartamenty na wynajem w Kuopio Umeblowane mieszkanie do wynaj\u0119cia musi by\u0107 wygodne, funkcjonalne i w dobrej lokalizacji. Takie dobrze wyposa\u017cone i wysokiej jako\u015bci apartamenty na wynajem znajduj\u0105 si\u0119 tutaj! Oferujemy funkcjonalne i wydajne rozwi\u0105zania dla mieszka\u0144 tymczasowych dla wszystkich firm i klient\u00f3w prywatnych w Kuopio. Przeprowadzka do naszych wst\u0119pnie umeblowanych apartament\u00f3w jest \u0142atwa i [&hellip;]\" \/>\n<meta property=\"og:url\" content=\"https:\/\/www.sakarincitykodit.fi\/pl\/nasza-lokalizacja\/umeblowane-wypozyczalnie-w-kuopio\/\" \/>\n<meta property=\"og:site_name\" content=\"Sakarin Citykodit\" \/>\n<meta property=\"article:modified_time\" content=\"2020-10-08T12:01:22+00:00\" \/>\n<meta name=\"twitter:card\" content=\"summary_large_image\" \/>\n<meta name=\"twitter:label1\" content=\"Szacowany czas czytania\" \/>\n\t<meta name=\"twitter:data1\" content=\"2 minuty\" \/>\n<script type=\"application\/ld+json\" class=\"yoast-schema-graph\">{\"@context\":\"https:\/\/schema.org\",\"@graph\":[{\"@type\":\"WebPage\",\"@id\":\"https:\/\/www.sakarincitykodit.fi\/pl\/nasza-lokalizacja\/umeblowane-wypozyczalnie-w-kuopio\/\",\"url\":\"https:\/\/www.sakarincitykodit.fi\/pl\/nasza-lokalizacja\/umeblowane-wypozyczalnie-w-kuopio\/\",\"name\":\"Umeblowane wypo\u017cyczalnie w Kuopio - Sakarin Citykodit\",\"isPartOf\":{\"@id\":\"https:\/\/www.sakarincitykodit.fi\/pl\/#website\"},\"datePublished\":\"2018-11-05T08:03:15+00:00\",\"dateModified\":\"2020-10-08T12:01:22+00:00\",\"breadcrumb\":{\"@id\":\"https:\/\/www.sakarincitykodit.fi\/pl\/nasza-lokalizacja\/umeblowane-wypozyczalnie-w-kuopio\/#breadcrumb\"},\"inLanguage\":\"pl-PL\",\"potentialAction\":[{\"@type\":\"ReadAction\",\"target\":[\"https:\/\/www.sakarincitykodit.fi\/pl\/nasza-lokalizacja\/umeblowane-wypozyczalnie-w-kuopio\/\"]}]},{\"@type\":\"BreadcrumbList\",\"@id\":\"https:\/\/www.sakarincitykodit.fi\/pl\/nasza-lokalizacja\/umeblowane-wypozyczalnie-w-kuopio\/#breadcrumb\",\"itemListElement\":[{\"@type\":\"ListItem\",\"position\":1,\"name\":\"W: strona g\u0142\u00f3wna\",\"item\":\"https:\/\/www.sakarincitykodit.fi\/pl\/\"},{\"@type\":\"ListItem\",\"position\":2,\"name\":\"Nasza lokalizacja\",\"item\":\"https:\/\/www.sakarincitykodit.fi\/pl\/nasza-lokalizacja\/\"},{\"@type\":\"ListItem\",\"position\":3,\"name\":\"Umeblowane wypo\u017cyczalnie w Kuopio\"}]},{\"@type\":\"WebSite\",\"@id\":\"https:\/\/www.sakarincitykodit.fi\/pl\/#website\",\"url\":\"https:\/\/www.sakarincitykodit.fi\/pl\/\",\"name\":\"Sakarin Citykodit\",\"description\":\"Vuokraamme vapaat kalustetut vuokra-asunnot ymp&auml;ri Suomen!\",\"publisher\":{\"@id\":\"https:\/\/www.sakarincitykodit.fi\/pl\/#organization\"},\"potentialAction\":[{\"@type\":\"SearchAction\",\"target\":{\"@type\":\"EntryPoint\",\"urlTemplate\":\"https:\/\/www.sakarincitykodit.fi\/pl\/?s={search_term_string}\"},\"query-input\":{\"@type\":\"PropertyValueSpecification\",\"valueRequired\":true,\"valueName\":\"search_term_string\"}}],\"inLanguage\":\"pl-PL\"},{\"@type\":\"Organization\",\"@id\":\"https:\/\/www.sakarincitykodit.fi\/pl\/#organization\",\"name\":\"Sakarin Citykodit\",\"url\":\"https:\/\/www.sakarincitykodit.fi\/pl\/\",\"logo\":{\"@type\":\"ImageObject\",\"inLanguage\":\"pl-PL\",\"@id\":\"https:\/\/www.sakarincitykodit.fi\/pl\/#\/schema\/logo\/image\/\",\"url\":\"https:\/\/www.sakarincitykodit.fi\/wp-content\/uploads\/sakarin-citykodit-logo-245.png\",\"contentUrl\":\"https:\/\/www.sakarincitykodit.fi\/wp-content\/uploads\/sakarin-citykodit-logo-245.png\",\"width\":245,\"height\":39,\"caption\":\"Sakarin Citykodit\"},\"image\":{\"@id\":\"https:\/\/www.sakarincitykodit.fi\/pl\/#\/schema\/logo\/image\/\"}}]}<\/script>\n<!-- \/ Yoast SEO plugin. -->","yoast_head_json":{"title":"Umeblowane wypo\u017cyczalnie w Kuopio - Sakarin Citykodit","robots":{"index":"index","follow":"follow","max-snippet":"max-snippet:-1","max-image-preview":"max-image-preview:large","max-video-preview":"max-video-preview:-1"},"canonical":"https:\/\/www.sakarincitykodit.fi\/pl\/nasza-lokalizacja\/umeblowane-wypozyczalnie-w-kuopio\/","og_locale":"pl_PL","og_type":"article","og_title":"Umeblowane wypo\u017cyczalnie w Kuopio - Sakarin Citykodit","og_description":"Umeblowane apartamenty na wynajem w Kuopio Umeblowane mieszkanie do wynaj\u0119cia musi by\u0107 wygodne, funkcjonalne i w dobrej lokalizacji. Takie dobrze wyposa\u017cone i wysokiej jako\u015bci apartamenty na wynajem znajduj\u0105 si\u0119 tutaj! Oferujemy funkcjonalne i wydajne rozwi\u0105zania dla mieszka\u0144 tymczasowych dla wszystkich firm i klient\u00f3w prywatnych w Kuopio. Przeprowadzka do naszych wst\u0119pnie umeblowanych apartament\u00f3w jest \u0142atwa i [&hellip;]","og_url":"https:\/\/www.sakarincitykodit.fi\/pl\/nasza-lokalizacja\/umeblowane-wypozyczalnie-w-kuopio\/","og_site_name":"Sakarin Citykodit","article_modified_time":"2020-10-08T12:01:22+00:00","twitter_card":"summary_large_image","twitter_misc":{"Szacowany czas czytania":"2 minuty"},"schema":{"@context":"https:\/\/schema.org","@graph":[{"@type":"WebPage","@id":"https:\/\/www.sakarincitykodit.fi\/pl\/nasza-lokalizacja\/umeblowane-wypozyczalnie-w-kuopio\/","url":"https:\/\/www.sakarincitykodit.fi\/pl\/nasza-lokalizacja\/umeblowane-wypozyczalnie-w-kuopio\/","name":"Umeblowane wypo\u017cyczalnie w Kuopio - Sakarin Citykodit","isPartOf":{"@id":"https:\/\/www.sakarincitykodit.fi\/pl\/#website"},"datePublished":"2018-11-05T08:03:15+00:00","dateModified":"2020-10-08T12:01:22+00:00","breadcrumb":{"@id":"https:\/\/www.sakarincitykodit.fi\/pl\/nasza-lokalizacja\/umeblowane-wypozyczalnie-w-kuopio\/#breadcrumb"},"inLanguage":"pl-PL","potentialAction":[{"@type":"ReadAction","target":["https:\/\/www.sakarincitykodit.fi\/pl\/nasza-lokalizacja\/umeblowane-wypozyczalnie-w-kuopio\/"]}]},{"@type":"BreadcrumbList","@id":"https:\/\/www.sakarincitykodit.fi\/pl\/nasza-lokalizacja\/umeblowane-wypozyczalnie-w-kuopio\/#breadcrumb","itemListElement":[{"@type":"ListItem","position":1,"name":"W: strona g\u0142\u00f3wna","item":"https:\/\/www.sakarincitykodit.fi\/pl\/"},{"@type":"ListItem","position":2,"name":"Nasza lokalizacja","item":"https:\/\/www.sakarincitykodit.fi\/pl\/nasza-lokalizacja\/"},{"@type":"ListItem","position":3,"name":"Umeblowane wypo\u017cyczalnie w Kuopio"}]},{"@type":"WebSite","@id":"https:\/\/www.sakarincitykodit.fi\/pl\/#website","url":"https:\/\/www.sakarincitykodit.fi\/pl\/","name":"Sakarin Citykodit","description":"Vuokraamme vapaat kalustetut vuokra-asunnot ymp&auml;ri Suomen!","publisher":{"@id":"https:\/\/www.sakarincitykodit.fi\/pl\/#organization"},"potentialAction":[{"@type":"SearchAction","target":{"@type":"EntryPoint","urlTemplate":"https:\/\/www.sakarincitykodit.fi\/pl\/?s={search_term_string}"},"query-input":{"@type":"PropertyValueSpecification","valueRequired":true,"valueName":"search_term_string"}}],"inLanguage":"pl-PL"},{"@type":"Organization","@id":"https:\/\/www.sakarincitykodit.fi\/pl\/#organization","name":"Sakarin Citykodit","url":"https:\/\/www.sakarincitykodit.fi\/pl\/","logo":{"@type":"ImageObject","inLanguage":"pl-PL","@id":"https:\/\/www.sakarincitykodit.fi\/pl\/#\/schema\/logo\/image\/","url":"https:\/\/www.sakarincitykodit.fi\/wp-content\/uploads\/sakarin-citykodit-logo-245.png","contentUrl":"https:\/\/www.sakarincitykodit.fi\/wp-content\/uploads\/sakarin-citykodit-logo-245.png","width":245,"height":39,"caption":"Sakarin Citykodit"},"image":{"@id":"https:\/\/www.sakarincitykodit.fi\/pl\/#\/schema\/logo\/image\/"}}]}},"_links":{"self":[{"href":"https:\/\/www.sakarincitykodit.fi\/pl\/wp-json\/wp\/v2\/pages\/4373","targetHints":{"allow":["GET"]}}],"collection":[{"href":"https:\/\/www.sakarincitykodit.fi\/pl\/wp-json\/wp\/v2\/pages"}],"about":[{"href":"https:\/\/www.sakarincitykodit.fi\/pl\/wp-json\/wp\/v2\/types\/page"}],"author":[{"embeddable":true,"href":"https:\/\/www.sakarincitykodit.fi\/pl\/wp-json\/wp\/v2\/users\/3"}],"replies":[{"embeddable":true,"href":"https:\/\/www.sakarincitykodit.fi\/pl\/wp-json\/wp\/v2\/comments?post=4373"}],"version-history":[{"count":0,"href":"https:\/\/www.sakarincitykodit.fi\/pl\/wp-json\/wp\/v2\/pages\/4373\/revisions"}],"up":[{"embeddable":true,"href":"https:\/\/www.sakarincitykodit.fi\/pl\/wp-json\/wp\/v2\/pages\/4386"}],"wp:attachment":[{"href":"https:\/\/www.sakarincitykodit.fi\/pl\/wp-json\/wp\/v2\/media?parent=4373"}],"curies":[{"name":"wp","href":"https:\/\/api.w.org\/{rel}","templated":true}]}}