{"id":4284,"date":"2018-11-05T09:55:32","date_gmt":"2018-11-05T07:55:32","guid":{"rendered":"https:\/\/www.sakarincitykodit.fi\/umeblowane-wypozyczalnie-w-keravalla\/"},"modified":"2021-09-15T16:39:15","modified_gmt":"2021-09-15T14:39:15","slug":"umeblowane-wypozyczalnie-w-kerava","status":"publish","type":"page","link":"https:\/\/www.sakarincitykodit.fi\/pl\/nasza-lokalizacja\/umeblowane-wypozyczalnie-w-kerava\/","title":{"rendered":"Umeblowane wypo\u017cyczalnie w Kerava"},"content":{"rendered":"\t\t<div data-elementor-type=\"wp-page\" data-elementor-id=\"4284\" class=\"elementor elementor-4284 elementor-1240\">\n\t\t\t\t\t\t<section class=\"elementor-section elementor-top-section elementor-element elementor-element-54754928 elementor-section-boxed elementor-section-height-default elementor-section-height-default\" data-id=\"54754928\" data-element_type=\"section\">\n\t\t\t\t\t\t<div class=\"elementor-container elementor-column-gap-default\">\n\t\t\t\t\t<div class=\"elementor-column elementor-col-100 elementor-top-column elementor-element elementor-element-16cc5b6a\" data-id=\"16cc5b6a\" data-element_type=\"column\">\n\t\t\t<div class=\"elementor-widget-wrap elementor-element-populated\">\n\t\t\t\t\t\t<div class=\"elementor-element elementor-element-13b61d52 elementor-widget elementor-widget-text-editor\" data-id=\"13b61d52\" data-element_type=\"widget\" data-widget_type=\"text-editor.default\">\n\t\t\t\t<div class=\"elementor-widget-container\">\n\t\t\t\t\t\t\t\t\t<div id=\"pl-1240\" class=\"panel-layout\">\n<div id=\"pg-1240-0\" class=\"panel-grid panel-no-style\" data-style=\"{\">\n<div id=\"pgc-1240-0-0\" class=\"panel-grid-cell\" data-weight=\"1\">\n<div id=\"panel-1240-0-0-0\" class=\"so-panel widget widget_sow-editor panel-first-child panel-last-child\" data-index=\"0\" data-style=\"{\">\n<div class=\"panel-widget-style panel-widget-style-for-1240-0-0-0\">\n<div class=\"so-widget-sow-editor so-widget-sow-editor-base\">\n<div class=\"siteorigin-widget-tinymce textwidget\">\n<h1 style=\"text-align: left;\">Umeblowane wypo\u017cyczalnie w Kerava<\/h1>\n<p style=\"text-align: left;\">Czy przenosisz si\u0119 kr\u00f3tkoterminowo na przyk\u0142ad do pracy, hobby lub z innych powod\u00f3w kerawy, ale nie chcesz wynaj\u0105\u0107 pustego mieszkania lub sp\u0119dzi\u0107 czas w drogim hotelu? Wynajmij umeblowane mieszkanie w Kerava i sp\u0119d\u017a czas w Helsinki aglomeracji wygodnie, tanio i bez wysi\u0142ku. Umeblowane mieszkanie jest przytulne, wygodne i \u0142atwe rozwi\u0105zanie, gdy potrzebujesz tymczasowego zakwaterowania na troch\u0119 d\u0142u\u017cej.<\/p>\n<p style=\"text-align: left;\">Zostaw nas call-out lub <a href=\"https:\/\/www.sakarincitykodit.fi\/varaus\/\">skontaktuj si\u0119 z nami,<\/a>a my z przyjemno\u015bci\u0105 opowiemy Ci wi\u0119cej o naszych apartamentach!<\/p>\n\n<div class=\"wpcf7 no-js\" id=\"wpcf7-f5348-o1\" lang=\"pl-PL\" dir=\"ltr\" data-wpcf7-id=\"5348\">\n<div class=\"screen-reader-response\"><p role=\"status\" aria-live=\"polite\" aria-atomic=\"true\"><\/p> <ul><\/ul><\/div>\n<form action=\"\/pl\/wp-json\/wp\/v2\/pages\/4284#wpcf7-f5348-o1\" method=\"post\" class=\"wpcf7-form init\" aria-label=\"Formularz kontaktowy\" novalidate=\"novalidate\" data-status=\"init\">\n<div style=\"display: none;\">\n<input type=\"hidden\" name=\"_wpcf7\" value=\"5348\" \/>\n<input type=\"hidden\" name=\"_wpcf7_version\" value=\"6.0.6\" \/>\n<input type=\"hidden\" name=\"_wpcf7_locale\" value=\"pl_PL\" \/>\n<input type=\"hidden\" name=\"_wpcf7_unit_tag\" value=\"wpcf7-f5348-o1\" \/>\n<input type=\"hidden\" name=\"_wpcf7_container_post\" value=\"0\" \/>\n<input type=\"hidden\" name=\"_wpcf7_posted_data_hash\" value=\"\" \/>\n<\/div>\n<p><label>Enter your details and our business sales will contact you as soon as possible!<br \/>\n<\/label>\n<\/p>\n<div class=\"contact-us\">\n\t<div class=\"row\">\n\t\t<div class=\"col-xs-12 col-sm-6\">\n\t\t\t<p><span class=\"wpcf7-form-control-wrap\" data-name=\"your-yritys\"><input size=\"40\" maxlength=\"400\" class=\"wpcf7-form-control wpcf7-text wpcf7-validates-as-required form-control\" aria-required=\"true\" aria-invalid=\"false\" placeholder=\"The Company Name\" value=\"\" type=\"text\" name=\"your-yritys\" \/><\/span>\n\t\t\t<\/p>\n\t\t<\/div>\n\t\t<div class=\"col-xs-12 col-sm-6\">\n\t\t\t<p><span class=\"wpcf7-form-control-wrap\" data-name=\"your-tel\"><input size=\"40\" maxlength=\"400\" class=\"wpcf7-form-control wpcf7-tel wpcf7-validates-as-required wpcf7-text wpcf7-validates-as-tel form-control\" aria-required=\"true\" aria-invalid=\"false\" placeholder=\"Phone number\" value=\"\" type=\"tel\" name=\"your-tel\" \/><\/span>\n\t\t\t<\/p>\n\t\t<\/div>\n\t\t<div class=\"col-xs-12 col-sm-12\">\n\t\t\t<p><span class=\"wpcf7-form-control-wrap\" data-name=\"your-email\"><input size=\"40\" maxlength=\"400\" class=\"wpcf7-form-control wpcf7-email wpcf7-validates-as-required wpcf7-text wpcf7-validates-as-email form-control\" aria-required=\"true\" aria-invalid=\"false\" placeholder=\"Email\" value=\"\" type=\"email\" name=\"your-email\" \/><\/span>\n\t\t\t<\/p>\n\t\t<\/div>\n\t<\/div>\n\t<div class=\"clearfix\">\n\t\t<p><input class=\"wpcf7-form-control wpcf7-submit has-spinner btn pull-right btn-theme btn-inverse border-2\" type=\"submit\" value=\"Please contact me!\" \/>\n\t\t<\/p>\n\t<\/div>\n<\/div><div class=\"wpcf7-response-output\" aria-hidden=\"true\"><\/div>\n<\/form>\n<\/div>\n\n<h2 style=\"text-align: left;\">Apartament w Kerava<\/h2>\n<p>Kerava jest doskona\u0142ym miejscem dla osoby przyje\u017cd\u017caj\u0105cej do pracy w aglomeracji helsi\u0144skiej. Poziom cen jest ta\u0144szy ni\u017c, na przyk\u0142ad, Helsinki, po\u0142\u0105czenia komunikacyjne s\u0105 dobre i Kerava jest dogodnie po\u0142o\u017cony poza zgie\u0142ku stolicy. Wi\u0119c je\u015bli potrzebujesz umeblowanego mieszkania na wynajem w aglomeracji helsi\u0144skiej, ale nie chcesz by\u0107 w Helsinki lub Espoo, Kerava jest dobrym rozwi\u0105zaniem dla Ciebie!<\/p>\n<p>Zapewniamy szybk\u0105 i wysokiej jako\u015bci obs\u0142ug\u0119, poniewa\u017c wiemy, jak bardzo mo\u017ce by\u0107 zaj\u0119ty znalezieniem mieszkania. Nie posiadamy \u017cadnych recenzji w <a href=\"\/\">dowiedzionych o osobach w tym celu,<\/a> jak i na tym koniecznie!<\/p>\n<h3>Dlaczego umeblowane mieszkanie do wynaj\u0119cia?<\/h3>\n<p>Umeblowane mieszkanie do wynaj\u0119cia jest bardzo dobr\u0105 i \u0142atw\u0105 opcj\u0105, zw\u0142aszcza je\u015bli jeste\u015b w spo\u0142eczno\u015bci przez kilka tygodni lub miesi\u0119cy. Nie musisz si\u0119 martwi\u0107 o meble, ale nadal masz odpowiedni dom zamiast ponurego pokoju hotelowego. Umeblowane mieszkanie mo\u017ce by\u0107 r\u00f3wnie\u017c znacznie ta\u0144sz\u0105 opcj\u0105, zw\u0142aszcza je\u015bli sp\u0119dzasz wi\u0119cej czasu w spo\u0142eczno\u015bci. Masz r\u00f3wnie\u017c znacznie wi\u0119cej miejsca i prywatno\u015bci, gdy zdecydujesz si\u0119 zaj\u0105\u0107 umeblowanym mieszkaniem lub, powiedzmy, wynaj\u0119tym przez Ciebie mieszkaniem AirBnB.<\/p>\n<\/div>\n<\/div>\n<\/div>\n<\/div>\n<\/div>\n<\/div>\n<\/div>\t\t\t\t\t\t\t\t<\/div>\n\t\t\t\t<\/div>\n\t\t\t\t\t<\/div>\n\t\t<\/div>\n\t\t\t\t\t<\/div>\n\t\t<\/section>\n\t\t\t\t<\/div>\n\t\t","protected":false},"excerpt":{"rendered":"<p>Umeblowane wypo\u017cyczalnie w Kerava Czy przenosisz si\u0119 kr\u00f3tkoterminowo na przyk\u0142ad do pracy, hobby lub z innych powod\u00f3w kerawy, ale nie chcesz wynaj\u0105\u0107 pustego mieszkania lub sp\u0119dzi\u0107 czas w drogim hotelu? Wynajmij umeblowane mieszkanie w Kerava i sp\u0119d\u017a czas w Helsinki aglomeracji wygodnie, tanio i bez wysi\u0142ku. Umeblowane mieszkanie jest przytulne, wygodne i \u0142atwe rozwi\u0105zanie, gdy [&hellip;]<\/p>\n","protected":false},"author":3,"featured_media":0,"parent":4386,"menu_order":0,"comment_status":"closed","ping_status":"closed","template":"","meta":{"footnotes":""},"class_list":["post-4284","page","type-page","status-publish","hentry"],"yoast_head":"<!-- This site is optimized with the Yoast SEO plugin v24.9 - https:\/\/yoast.com\/wordpress\/plugins\/seo\/ -->\n<title>Umeblowane wypo\u017cyczalnie w Kerava - Sakarin Citykodit<\/title>\n<meta name=\"robots\" content=\"index, follow, max-snippet:-1, max-image-preview:large, max-video-preview:-1\" \/>\n<link rel=\"canonical\" href=\"https:\/\/www.sakarincitykodit.fi\/pl\/nasza-lokalizacja\/umeblowane-wypozyczalnie-w-kerava\/\" \/>\n<meta property=\"og:locale\" content=\"pl_PL\" \/>\n<meta property=\"og:type\" content=\"article\" \/>\n<meta property=\"og:title\" content=\"Umeblowane wypo\u017cyczalnie w Kerava - Sakarin Citykodit\" \/>\n<meta property=\"og:description\" content=\"Umeblowane wypo\u017cyczalnie w Kerava Czy przenosisz si\u0119 kr\u00f3tkoterminowo na przyk\u0142ad do pracy, hobby lub z innych powod\u00f3w kerawy, ale nie chcesz wynaj\u0105\u0107 pustego mieszkania lub sp\u0119dzi\u0107 czas w drogim hotelu? Wynajmij umeblowane mieszkanie w Kerava i sp\u0119d\u017a czas w Helsinki aglomeracji wygodnie, tanio i bez wysi\u0142ku. Umeblowane mieszkanie jest przytulne, wygodne i \u0142atwe rozwi\u0105zanie, gdy [&hellip;]\" \/>\n<meta property=\"og:url\" content=\"https:\/\/www.sakarincitykodit.fi\/pl\/nasza-lokalizacja\/umeblowane-wypozyczalnie-w-kerava\/\" \/>\n<meta property=\"og:site_name\" content=\"Sakarin Citykodit\" \/>\n<meta property=\"article:modified_time\" content=\"2021-09-15T14:39:15+00:00\" \/>\n<meta name=\"twitter:card\" content=\"summary_large_image\" \/>\n<meta name=\"twitter:label1\" content=\"Szacowany czas czytania\" \/>\n\t<meta name=\"twitter:data1\" content=\"2 minuty\" \/>\n<script type=\"application\/ld+json\" class=\"yoast-schema-graph\">{\"@context\":\"https:\/\/schema.org\",\"@graph\":[{\"@type\":\"WebPage\",\"@id\":\"https:\/\/www.sakarincitykodit.fi\/pl\/nasza-lokalizacja\/umeblowane-wypozyczalnie-w-kerava\/\",\"url\":\"https:\/\/www.sakarincitykodit.fi\/pl\/nasza-lokalizacja\/umeblowane-wypozyczalnie-w-kerava\/\",\"name\":\"Umeblowane wypo\u017cyczalnie w Kerava - Sakarin Citykodit\",\"isPartOf\":{\"@id\":\"https:\/\/www.sakarincitykodit.fi\/pl\/#website\"},\"datePublished\":\"2018-11-05T07:55:32+00:00\",\"dateModified\":\"2021-09-15T14:39:15+00:00\",\"breadcrumb\":{\"@id\":\"https:\/\/www.sakarincitykodit.fi\/pl\/nasza-lokalizacja\/umeblowane-wypozyczalnie-w-kerava\/#breadcrumb\"},\"inLanguage\":\"pl-PL\",\"potentialAction\":[{\"@type\":\"ReadAction\",\"target\":[\"https:\/\/www.sakarincitykodit.fi\/pl\/nasza-lokalizacja\/umeblowane-wypozyczalnie-w-kerava\/\"]}]},{\"@type\":\"BreadcrumbList\",\"@id\":\"https:\/\/www.sakarincitykodit.fi\/pl\/nasza-lokalizacja\/umeblowane-wypozyczalnie-w-kerava\/#breadcrumb\",\"itemListElement\":[{\"@type\":\"ListItem\",\"position\":1,\"name\":\"W: strona g\u0142\u00f3wna\",\"item\":\"https:\/\/www.sakarincitykodit.fi\/pl\/\"},{\"@type\":\"ListItem\",\"position\":2,\"name\":\"Nasza lokalizacja\",\"item\":\"https:\/\/www.sakarincitykodit.fi\/pl\/nasza-lokalizacja\/\"},{\"@type\":\"ListItem\",\"position\":3,\"name\":\"Umeblowane wypo\u017cyczalnie w Kerava\"}]},{\"@type\":\"WebSite\",\"@id\":\"https:\/\/www.sakarincitykodit.fi\/pl\/#website\",\"url\":\"https:\/\/www.sakarincitykodit.fi\/pl\/\",\"name\":\"Sakarin Citykodit\",\"description\":\"Vuokraamme vapaat kalustetut vuokra-asunnot ymp&auml;ri Suomen!\",\"publisher\":{\"@id\":\"https:\/\/www.sakarincitykodit.fi\/pl\/#organization\"},\"potentialAction\":[{\"@type\":\"SearchAction\",\"target\":{\"@type\":\"EntryPoint\",\"urlTemplate\":\"https:\/\/www.sakarincitykodit.fi\/pl\/?s={search_term_string}\"},\"query-input\":{\"@type\":\"PropertyValueSpecification\",\"valueRequired\":true,\"valueName\":\"search_term_string\"}}],\"inLanguage\":\"pl-PL\"},{\"@type\":\"Organization\",\"@id\":\"https:\/\/www.sakarincitykodit.fi\/pl\/#organization\",\"name\":\"Sakarin Citykodit\",\"url\":\"https:\/\/www.sakarincitykodit.fi\/pl\/\",\"logo\":{\"@type\":\"ImageObject\",\"inLanguage\":\"pl-PL\",\"@id\":\"https:\/\/www.sakarincitykodit.fi\/pl\/#\/schema\/logo\/image\/\",\"url\":\"https:\/\/www.sakarincitykodit.fi\/wp-content\/uploads\/sakarin-citykodit-logo-245.png\",\"contentUrl\":\"https:\/\/www.sakarincitykodit.fi\/wp-content\/uploads\/sakarin-citykodit-logo-245.png\",\"width\":245,\"height\":39,\"caption\":\"Sakarin Citykodit\"},\"image\":{\"@id\":\"https:\/\/www.sakarincitykodit.fi\/pl\/#\/schema\/logo\/image\/\"}}]}<\/script>\n<!-- \/ Yoast SEO plugin. -->","yoast_head_json":{"title":"Umeblowane wypo\u017cyczalnie w Kerava - Sakarin Citykodit","robots":{"index":"index","follow":"follow","max-snippet":"max-snippet:-1","max-image-preview":"max-image-preview:large","max-video-preview":"max-video-preview:-1"},"canonical":"https:\/\/www.sakarincitykodit.fi\/pl\/nasza-lokalizacja\/umeblowane-wypozyczalnie-w-kerava\/","og_locale":"pl_PL","og_type":"article","og_title":"Umeblowane wypo\u017cyczalnie w Kerava - Sakarin Citykodit","og_description":"Umeblowane wypo\u017cyczalnie w Kerava Czy przenosisz si\u0119 kr\u00f3tkoterminowo na przyk\u0142ad do pracy, hobby lub z innych powod\u00f3w kerawy, ale nie chcesz wynaj\u0105\u0107 pustego mieszkania lub sp\u0119dzi\u0107 czas w drogim hotelu? Wynajmij umeblowane mieszkanie w Kerava i sp\u0119d\u017a czas w Helsinki aglomeracji wygodnie, tanio i bez wysi\u0142ku. Umeblowane mieszkanie jest przytulne, wygodne i \u0142atwe rozwi\u0105zanie, gdy [&hellip;]","og_url":"https:\/\/www.sakarincitykodit.fi\/pl\/nasza-lokalizacja\/umeblowane-wypozyczalnie-w-kerava\/","og_site_name":"Sakarin Citykodit","article_modified_time":"2021-09-15T14:39:15+00:00","twitter_card":"summary_large_image","twitter_misc":{"Szacowany czas czytania":"2 minuty"},"schema":{"@context":"https:\/\/schema.org","@graph":[{"@type":"WebPage","@id":"https:\/\/www.sakarincitykodit.fi\/pl\/nasza-lokalizacja\/umeblowane-wypozyczalnie-w-kerava\/","url":"https:\/\/www.sakarincitykodit.fi\/pl\/nasza-lokalizacja\/umeblowane-wypozyczalnie-w-kerava\/","name":"Umeblowane wypo\u017cyczalnie w Kerava - Sakarin Citykodit","isPartOf":{"@id":"https:\/\/www.sakarincitykodit.fi\/pl\/#website"},"datePublished":"2018-11-05T07:55:32+00:00","dateModified":"2021-09-15T14:39:15+00:00","breadcrumb":{"@id":"https:\/\/www.sakarincitykodit.fi\/pl\/nasza-lokalizacja\/umeblowane-wypozyczalnie-w-kerava\/#breadcrumb"},"inLanguage":"pl-PL","potentialAction":[{"@type":"ReadAction","target":["https:\/\/www.sakarincitykodit.fi\/pl\/nasza-lokalizacja\/umeblowane-wypozyczalnie-w-kerava\/"]}]},{"@type":"BreadcrumbList","@id":"https:\/\/www.sakarincitykodit.fi\/pl\/nasza-lokalizacja\/umeblowane-wypozyczalnie-w-kerava\/#breadcrumb","itemListElement":[{"@type":"ListItem","position":1,"name":"W: strona g\u0142\u00f3wna","item":"https:\/\/www.sakarincitykodit.fi\/pl\/"},{"@type":"ListItem","position":2,"name":"Nasza lokalizacja","item":"https:\/\/www.sakarincitykodit.fi\/pl\/nasza-lokalizacja\/"},{"@type":"ListItem","position":3,"name":"Umeblowane wypo\u017cyczalnie w Kerava"}]},{"@type":"WebSite","@id":"https:\/\/www.sakarincitykodit.fi\/pl\/#website","url":"https:\/\/www.sakarincitykodit.fi\/pl\/","name":"Sakarin Citykodit","description":"Vuokraamme vapaat kalustetut vuokra-asunnot ymp&auml;ri Suomen!","publisher":{"@id":"https:\/\/www.sakarincitykodit.fi\/pl\/#organization"},"potentialAction":[{"@type":"SearchAction","target":{"@type":"EntryPoint","urlTemplate":"https:\/\/www.sakarincitykodit.fi\/pl\/?s={search_term_string}"},"query-input":{"@type":"PropertyValueSpecification","valueRequired":true,"valueName":"search_term_string"}}],"inLanguage":"pl-PL"},{"@type":"Organization","@id":"https:\/\/www.sakarincitykodit.fi\/pl\/#organization","name":"Sakarin Citykodit","url":"https:\/\/www.sakarincitykodit.fi\/pl\/","logo":{"@type":"ImageObject","inLanguage":"pl-PL","@id":"https:\/\/www.sakarincitykodit.fi\/pl\/#\/schema\/logo\/image\/","url":"https:\/\/www.sakarincitykodit.fi\/wp-content\/uploads\/sakarin-citykodit-logo-245.png","contentUrl":"https:\/\/www.sakarincitykodit.fi\/wp-content\/uploads\/sakarin-citykodit-logo-245.png","width":245,"height":39,"caption":"Sakarin Citykodit"},"image":{"@id":"https:\/\/www.sakarincitykodit.fi\/pl\/#\/schema\/logo\/image\/"}}]}},"_links":{"self":[{"href":"https:\/\/www.sakarincitykodit.fi\/pl\/wp-json\/wp\/v2\/pages\/4284","targetHints":{"allow":["GET"]}}],"collection":[{"href":"https:\/\/www.sakarincitykodit.fi\/pl\/wp-json\/wp\/v2\/pages"}],"about":[{"href":"https:\/\/www.sakarincitykodit.fi\/pl\/wp-json\/wp\/v2\/types\/page"}],"author":[{"embeddable":true,"href":"https:\/\/www.sakarincitykodit.fi\/pl\/wp-json\/wp\/v2\/users\/3"}],"replies":[{"embeddable":true,"href":"https:\/\/www.sakarincitykodit.fi\/pl\/wp-json\/wp\/v2\/comments?post=4284"}],"version-history":[{"count":0,"href":"https:\/\/www.sakarincitykodit.fi\/pl\/wp-json\/wp\/v2\/pages\/4284\/revisions"}],"up":[{"embeddable":true,"href":"https:\/\/www.sakarincitykodit.fi\/pl\/wp-json\/wp\/v2\/pages\/4386"}],"wp:attachment":[{"href":"https:\/\/www.sakarincitykodit.fi\/pl\/wp-json\/wp\/v2\/media?parent=4284"}],"curies":[{"name":"wp","href":"https:\/\/api.w.org\/{rel}","templated":true}]}}