{"id":4254,"date":"2018-11-05T09:50:53","date_gmt":"2018-11-05T07:50:53","guid":{"rendered":"https:\/\/www.sakarincitykodit.fi\/umeblowane-wypozyczalnie-turku\/"},"modified":"2020-11-10T12:05:50","modified_gmt":"2020-11-10T10:05:50","slug":"umeblowane-wypozyczalnie-turku","status":"publish","type":"page","link":"https:\/\/www.sakarincitykodit.fi\/pl\/nasza-lokalizacja\/umeblowane-wypozyczalnie-turku\/","title":{"rendered":"Umeblowane wypo\u017cyczalnie turku"},"content":{"rendered":"\t\t<div data-elementor-type=\"wp-page\" data-elementor-id=\"4254\" class=\"elementor elementor-4254 elementor-1232\">\n\t\t\t\t\t\t<section class=\"elementor-section elementor-top-section elementor-element elementor-element-1e454c91 elementor-section-boxed elementor-section-height-default elementor-section-height-default\" data-id=\"1e454c91\" data-element_type=\"section\">\n\t\t\t\t\t\t<div class=\"elementor-container elementor-column-gap-default\">\n\t\t\t\t\t<div class=\"elementor-column elementor-col-100 elementor-top-column elementor-element elementor-element-bc49f51\" data-id=\"bc49f51\" data-element_type=\"column\">\n\t\t\t<div class=\"elementor-widget-wrap elementor-element-populated\">\n\t\t\t\t\t\t<div class=\"elementor-element elementor-element-643f7727 elementor-widget elementor-widget-text-editor\" data-id=\"643f7727\" data-element_type=\"widget\" data-widget_type=\"text-editor.default\">\n\t\t\t\t<div class=\"elementor-widget-container\">\n\t\t\t\t\t\t\t\t\t<div id=\"pl-1232\" class=\"panel-layout\">\n<div id=\"pg-1232-0\" class=\"panel-grid panel-no-style\" data-style=\"{\"background_display\":\"tile\",\"cell_alignment\":\"flex-start\"}\">\n<div id=\"pgc-1232-0-0\" class=\"panel-grid-cell\" data-weight=\"1\">\n<div id=\"panel-1232-0-0-0\" class=\"so-panel widget widget_sow-editor panel-first-child\" data-index=\"0\" data-style=\"{\"padding\":\"0px 0px 0px 60px\",\"background_image_attachment\":false,\"background_display\":\"tile\"}\">\n<div class=\"panel-widget-style panel-widget-style-for-1232-0-0-0\">\n<div class=\"so-widget-sow-editor so-widget-sow-editor-base\">\n<div class=\"siteorigin-widget-tinymce textwidget\">\n<h2><b>Umeblowane wypo\u017cyczalnie w Turku<\/b><b><br \/>\n<\/b><\/h2>\n<p><span style=\"font-weight: 400;\">Dobrze wyposa\u017cone i funkcjonalne umeblowane apartamenty, kt\u00f3re znajduj\u0105 si\u0119 w centralnych lokalizacjach w Turku, znajdziesz nasz szeroki wyb\u00f3r. Nasze wst\u0119pnie umeblowane apartamenty do wynaj\u0119cia s\u0105 odpowiednie dla pracownik\u00f3w koncertowych, na przyk\u0142ad, lub w inny spos\u00f3b dla os\u00f3b potrzebuj\u0105cych tymczasowego wynajmu. Wysokiej jako\u015bci apartamenty, kt\u00f3re wynajmujemy, nadaj\u0105 si\u0119 r\u00f3wnie\u017c do potrzeb zakwaterowania biznesowego. Go\u015bcie lub ich pracownicy b\u0119d\u0105 mogli korzysta\u0107 z gustownie urz\u0105dzonych apartament\u00f3w, kt\u00f3re s\u0105 wyposa\u017cone we wszystko, czego potrzebujesz. Za w\u0142asnymi drzwiami mo\u017cesz mieszka\u0107 we w\u0142asnym miejscu, a ty mo\u017cesz cieszy\u0107 si\u0119 wysokiej jako\u015bci sprz\u0119tem do normalnego codziennego \u017cycia, takim jak pranie. Jest \u0142atwy do odzyskania w komfortowym otoczeniu w czasie wolnym.<\/span><\/p>\n<h2><b>Wynajmujemy apartamenty umeblowane w Turku na kr\u00f3tki czas<\/b><\/h2>\n<p><span style=\"font-weight: 400;\">Kr\u00f3tkoterminowe mieszkania mog\u0105 by\u0107 potrzebne, na przyk\u0142ad podczas delegowania. Potrzeba mo\u017ce by\u0107 tydzie\u0144 lub kolejny rok &#8211; dzi\u0119ki nam mo\u017cna uzyska\u0107 wygodn\u0105 i wysokiej jako\u015bci baz\u0119 w mi\u0119dzyczasie. W wygodnym tymczasowym d&#8217;o&#8217;, \u0142atwo jest rozkr\u0119ci\u0107 swoje codzienne \u017cycie. Wynajem umeblowanego mieszkania w Turku jest najbardziej bezstresowym rozwi\u0105zaniem. Przeprowadzka do nowego mieszkania nie jest stresuj\u0105c\u0105 przeprowadzk\u0105, tak\u0105 jak pakowanie, przewo\u017cenie towar\u00f3w i przenoszenie um\u00f3w na nowy adres. Powr\u00f3t do sta\u0142ego mieszkania jest tak g\u0142adki w czasie, nie musisz i\u015b\u0107 z tob\u0105, ni\u017c potrzebujesz ubra\u0144 i najwa\u017cniejszych przedmiot\u00f3w osobistych.<\/span><\/p>\n<h2><b>Nasze bezp\u0142atne apartamenty do wynaj\u0119cia mo\u017cna \u0142atwo por\u00f3wna\u0107 online<\/b><\/h2>\n<p><span style=\"font-weight: 400;\">Na naszej stronie internetowej mo\u017cna zobaczy\u0107 wszystkie nasze dost\u0119pne umeblowane apartamenty na wynajem w Turku, i mo\u017cna \u0142atwo por\u00f3wna\u0107 je ze sob\u0105. Kiedy wszystkie mieszkania na wynajem s\u0105 prezentowane w tym samym miejscu, nie jest trudno wybra\u0107 odpowiedni wynajem mieszkania. Je\u015bli znajdziesz mieszkanie o odpowiedniej wielko\u015bci i odpowiada Twoim potrzebom, skontaktuj si\u0119 z nami, aby si\u0119 wprowadzi\u0107. B\u0119dziesz zaskoczony, jak proste i g\u0142adkie mo\u017ce by\u0107 wynaj\u0105\u0107 mieszkanie na kr\u00f3tki czas!<\/span><\/p>\n<h2><b>Nasze umeblowane apartamenty znajduj\u0105 si\u0119 w Turku wzd\u0142u\u017c doskona\u0142ych po\u0142\u0105cze\u0144 komunikacyjnych<\/b><\/h2>\n<p><span style=\"font-weight: 400;\">Nasze umeblowane apartamenty na wynajem w Turku s\u0105 bardzo funkcjonalne i wygodne, a tak\u017ce maj\u0105 pierwszorz\u0119dn\u0105 lokalizacj\u0119. Nasze mieszkanie jest zaprojektowane tak, aby s\u0142u\u017cy\u0107 jak najszerszej bazy klient\u00f3w, jak to mo\u017cliwe i umo\u017cliwi\u0107 im zapewnienie homelike ustawienie dla wszystkich rodzaj\u00f3w mieszka\u0144 tymczasowych! P\u0142acisz czynsz tylko za czas, w kt\u00f3rym mieszkasz w mieszkaniu, podobnie jak w hotelu, ale pod wzgl\u0119dem elastyczno\u015bci, \u0142atwo\u015bci i wielu innych rzeczy, wynajem umeblowanego mieszkania r\u00f3\u017cni si\u0119 od wynajmu hotelu.<\/span><\/p>\n<\/div>\n<\/div>\n<\/div>\n<\/div>\n<div id=\"panel-1232-0-0-1\" class=\"so-panel widget widget_text panel-last-child\" data-index=\"1\" data-style=\"{\"background_image_attachment\":false,\"background_display\":\"tile\"}\">\n<div class=\"textwidget\">\n<h2><b>Odpowiemy na Twoje pytania telefonicznie lub e-mailem<\/b><\/h2>\n<p><span style=\"font-weight: 400;\">Aby zapyta\u0107 wi\u0119cej o wynajem umeblowanych apartament\u00f3w, prosimy o kontakt mailowy varaus@sakarincitykodit.fi lub telefonicznie <a href=\"tel:+358440880567\">+358 44 0880567<\/a>. Pomo\u017cemy Ci we wszystkich twoich mieszkaniach i wymijaj\u0105cych wyzwaniach kosmicznych. Oferujemy r\u00f3wnie\u017c zaawansowane rozwi\u0105zania, aby pomie\u015bci\u0107 wi\u0119ksze zespo\u0142y.<\/span><\/p>\n<\/div>\n<\/div>\n<\/div>\n<\/div>\n<\/div>\n\t\t\t\t\t\t\t\t<\/div>\n\t\t\t\t<\/div>\n\t\t\t\t\t<\/div>\n\t\t<\/div>\n\t\t\t\t\t<\/div>\n\t\t<\/section>\n\t\t\t\t<\/div>\n\t\t","protected":false},"excerpt":{"rendered":"<p>Turku vapaat asunnot Kerrostaloasunto Kaarina keskusta | KT 3h+k 80m2 HETI VAPAA Em\u00e4nn\u00e4nkatu 6 Kaarina Kerrostaloasunto Turku City Center | KT 2h+k+sauna 63m2 | released on 1 August 2020 Umeblowane wypo\u017cyczalnie w Turku Dobrze wyposa\u017cone i funkcjonalne umeblowane apartamenty, kt\u00f3re znajduj\u0105 si\u0119 w centralnych lokalizacjach w Turku, znajdziesz nasz szeroki wyb\u00f3r. Nasze wst\u0119pnie umeblowane apartamenty [&hellip;]<\/p>\n","protected":false},"author":3,"featured_media":0,"parent":4386,"menu_order":0,"comment_status":"closed","ping_status":"closed","template":"","meta":{"footnotes":""},"class_list":["post-4254","page","type-page","status-publish","hentry"],"yoast_head":"<!-- This site is optimized with the Yoast SEO plugin v24.9 - https:\/\/yoast.com\/wordpress\/plugins\/seo\/ -->\n<title>Umeblowane wypo\u017cyczalnie turku - Sakarin Citykodit<\/title>\n<meta name=\"robots\" content=\"index, follow, max-snippet:-1, max-image-preview:large, max-video-preview:-1\" \/>\n<link rel=\"canonical\" href=\"https:\/\/www.sakarincitykodit.fi\/pl\/nasza-lokalizacja\/umeblowane-wypozyczalnie-turku\/\" \/>\n<meta property=\"og:locale\" content=\"pl_PL\" \/>\n<meta property=\"og:type\" content=\"article\" \/>\n<meta property=\"og:title\" content=\"Umeblowane wypo\u017cyczalnie turku - Sakarin Citykodit\" \/>\n<meta property=\"og:description\" content=\"Turku vapaat asunnot Kerrostaloasunto Kaarina keskusta | KT 3h+k 80m2 HETI VAPAA Em\u00e4nn\u00e4nkatu 6 Kaarina Kerrostaloasunto Turku City Center | KT 2h+k+sauna 63m2 | released on 1 August 2020 Umeblowane wypo\u017cyczalnie w Turku Dobrze wyposa\u017cone i funkcjonalne umeblowane apartamenty, kt\u00f3re znajduj\u0105 si\u0119 w centralnych lokalizacjach w Turku, znajdziesz nasz szeroki wyb\u00f3r. Nasze wst\u0119pnie umeblowane apartamenty [&hellip;]\" \/>\n<meta property=\"og:url\" content=\"https:\/\/www.sakarincitykodit.fi\/pl\/nasza-lokalizacja\/umeblowane-wypozyczalnie-turku\/\" \/>\n<meta property=\"og:site_name\" content=\"Sakarin Citykodit\" \/>\n<meta property=\"article:modified_time\" content=\"2020-11-10T10:05:50+00:00\" \/>\n<meta name=\"twitter:card\" content=\"summary_large_image\" \/>\n<meta name=\"twitter:label1\" content=\"Szacowany czas czytania\" \/>\n\t<meta name=\"twitter:data1\" content=\"3 minuty\" \/>\n<script type=\"application\/ld+json\" class=\"yoast-schema-graph\">{\"@context\":\"https:\/\/schema.org\",\"@graph\":[{\"@type\":\"WebPage\",\"@id\":\"https:\/\/www.sakarincitykodit.fi\/pl\/nasza-lokalizacja\/umeblowane-wypozyczalnie-turku\/\",\"url\":\"https:\/\/www.sakarincitykodit.fi\/pl\/nasza-lokalizacja\/umeblowane-wypozyczalnie-turku\/\",\"name\":\"Umeblowane wypo\u017cyczalnie turku - Sakarin Citykodit\",\"isPartOf\":{\"@id\":\"https:\/\/www.sakarincitykodit.fi\/pl\/#website\"},\"datePublished\":\"2018-11-05T07:50:53+00:00\",\"dateModified\":\"2020-11-10T10:05:50+00:00\",\"breadcrumb\":{\"@id\":\"https:\/\/www.sakarincitykodit.fi\/pl\/nasza-lokalizacja\/umeblowane-wypozyczalnie-turku\/#breadcrumb\"},\"inLanguage\":\"pl-PL\",\"potentialAction\":[{\"@type\":\"ReadAction\",\"target\":[\"https:\/\/www.sakarincitykodit.fi\/pl\/nasza-lokalizacja\/umeblowane-wypozyczalnie-turku\/\"]}]},{\"@type\":\"BreadcrumbList\",\"@id\":\"https:\/\/www.sakarincitykodit.fi\/pl\/nasza-lokalizacja\/umeblowane-wypozyczalnie-turku\/#breadcrumb\",\"itemListElement\":[{\"@type\":\"ListItem\",\"position\":1,\"name\":\"W: strona g\u0142\u00f3wna\",\"item\":\"https:\/\/www.sakarincitykodit.fi\/pl\/\"},{\"@type\":\"ListItem\",\"position\":2,\"name\":\"Nasza lokalizacja\",\"item\":\"https:\/\/www.sakarincitykodit.fi\/pl\/nasza-lokalizacja\/\"},{\"@type\":\"ListItem\",\"position\":3,\"name\":\"Umeblowane wypo\u017cyczalnie turku\"}]},{\"@type\":\"WebSite\",\"@id\":\"https:\/\/www.sakarincitykodit.fi\/pl\/#website\",\"url\":\"https:\/\/www.sakarincitykodit.fi\/pl\/\",\"name\":\"Sakarin Citykodit\",\"description\":\"Vuokraamme vapaat kalustetut vuokra-asunnot ymp&auml;ri Suomen!\",\"publisher\":{\"@id\":\"https:\/\/www.sakarincitykodit.fi\/pl\/#organization\"},\"potentialAction\":[{\"@type\":\"SearchAction\",\"target\":{\"@type\":\"EntryPoint\",\"urlTemplate\":\"https:\/\/www.sakarincitykodit.fi\/pl\/?s={search_term_string}\"},\"query-input\":{\"@type\":\"PropertyValueSpecification\",\"valueRequired\":true,\"valueName\":\"search_term_string\"}}],\"inLanguage\":\"pl-PL\"},{\"@type\":\"Organization\",\"@id\":\"https:\/\/www.sakarincitykodit.fi\/pl\/#organization\",\"name\":\"Sakarin Citykodit\",\"url\":\"https:\/\/www.sakarincitykodit.fi\/pl\/\",\"logo\":{\"@type\":\"ImageObject\",\"inLanguage\":\"pl-PL\",\"@id\":\"https:\/\/www.sakarincitykodit.fi\/pl\/#\/schema\/logo\/image\/\",\"url\":\"https:\/\/www.sakarincitykodit.fi\/wp-content\/uploads\/sakarin-citykodit-logo-245.png\",\"contentUrl\":\"https:\/\/www.sakarincitykodit.fi\/wp-content\/uploads\/sakarin-citykodit-logo-245.png\",\"width\":245,\"height\":39,\"caption\":\"Sakarin Citykodit\"},\"image\":{\"@id\":\"https:\/\/www.sakarincitykodit.fi\/pl\/#\/schema\/logo\/image\/\"}}]}<\/script>\n<!-- \/ Yoast SEO plugin. -->","yoast_head_json":{"title":"Umeblowane wypo\u017cyczalnie turku - Sakarin Citykodit","robots":{"index":"index","follow":"follow","max-snippet":"max-snippet:-1","max-image-preview":"max-image-preview:large","max-video-preview":"max-video-preview:-1"},"canonical":"https:\/\/www.sakarincitykodit.fi\/pl\/nasza-lokalizacja\/umeblowane-wypozyczalnie-turku\/","og_locale":"pl_PL","og_type":"article","og_title":"Umeblowane wypo\u017cyczalnie turku - Sakarin Citykodit","og_description":"Turku vapaat asunnot Kerrostaloasunto Kaarina keskusta | KT 3h+k 80m2 HETI VAPAA Em\u00e4nn\u00e4nkatu 6 Kaarina Kerrostaloasunto Turku City Center | KT 2h+k+sauna 63m2 | released on 1 August 2020 Umeblowane wypo\u017cyczalnie w Turku Dobrze wyposa\u017cone i funkcjonalne umeblowane apartamenty, kt\u00f3re znajduj\u0105 si\u0119 w centralnych lokalizacjach w Turku, znajdziesz nasz szeroki wyb\u00f3r. Nasze wst\u0119pnie umeblowane apartamenty [&hellip;]","og_url":"https:\/\/www.sakarincitykodit.fi\/pl\/nasza-lokalizacja\/umeblowane-wypozyczalnie-turku\/","og_site_name":"Sakarin Citykodit","article_modified_time":"2020-11-10T10:05:50+00:00","twitter_card":"summary_large_image","twitter_misc":{"Szacowany czas czytania":"3 minuty"},"schema":{"@context":"https:\/\/schema.org","@graph":[{"@type":"WebPage","@id":"https:\/\/www.sakarincitykodit.fi\/pl\/nasza-lokalizacja\/umeblowane-wypozyczalnie-turku\/","url":"https:\/\/www.sakarincitykodit.fi\/pl\/nasza-lokalizacja\/umeblowane-wypozyczalnie-turku\/","name":"Umeblowane wypo\u017cyczalnie turku - Sakarin Citykodit","isPartOf":{"@id":"https:\/\/www.sakarincitykodit.fi\/pl\/#website"},"datePublished":"2018-11-05T07:50:53+00:00","dateModified":"2020-11-10T10:05:50+00:00","breadcrumb":{"@id":"https:\/\/www.sakarincitykodit.fi\/pl\/nasza-lokalizacja\/umeblowane-wypozyczalnie-turku\/#breadcrumb"},"inLanguage":"pl-PL","potentialAction":[{"@type":"ReadAction","target":["https:\/\/www.sakarincitykodit.fi\/pl\/nasza-lokalizacja\/umeblowane-wypozyczalnie-turku\/"]}]},{"@type":"BreadcrumbList","@id":"https:\/\/www.sakarincitykodit.fi\/pl\/nasza-lokalizacja\/umeblowane-wypozyczalnie-turku\/#breadcrumb","itemListElement":[{"@type":"ListItem","position":1,"name":"W: strona g\u0142\u00f3wna","item":"https:\/\/www.sakarincitykodit.fi\/pl\/"},{"@type":"ListItem","position":2,"name":"Nasza lokalizacja","item":"https:\/\/www.sakarincitykodit.fi\/pl\/nasza-lokalizacja\/"},{"@type":"ListItem","position":3,"name":"Umeblowane wypo\u017cyczalnie turku"}]},{"@type":"WebSite","@id":"https:\/\/www.sakarincitykodit.fi\/pl\/#website","url":"https:\/\/www.sakarincitykodit.fi\/pl\/","name":"Sakarin Citykodit","description":"Vuokraamme vapaat kalustetut vuokra-asunnot ymp&auml;ri Suomen!","publisher":{"@id":"https:\/\/www.sakarincitykodit.fi\/pl\/#organization"},"potentialAction":[{"@type":"SearchAction","target":{"@type":"EntryPoint","urlTemplate":"https:\/\/www.sakarincitykodit.fi\/pl\/?s={search_term_string}"},"query-input":{"@type":"PropertyValueSpecification","valueRequired":true,"valueName":"search_term_string"}}],"inLanguage":"pl-PL"},{"@type":"Organization","@id":"https:\/\/www.sakarincitykodit.fi\/pl\/#organization","name":"Sakarin Citykodit","url":"https:\/\/www.sakarincitykodit.fi\/pl\/","logo":{"@type":"ImageObject","inLanguage":"pl-PL","@id":"https:\/\/www.sakarincitykodit.fi\/pl\/#\/schema\/logo\/image\/","url":"https:\/\/www.sakarincitykodit.fi\/wp-content\/uploads\/sakarin-citykodit-logo-245.png","contentUrl":"https:\/\/www.sakarincitykodit.fi\/wp-content\/uploads\/sakarin-citykodit-logo-245.png","width":245,"height":39,"caption":"Sakarin Citykodit"},"image":{"@id":"https:\/\/www.sakarincitykodit.fi\/pl\/#\/schema\/logo\/image\/"}}]}},"_links":{"self":[{"href":"https:\/\/www.sakarincitykodit.fi\/pl\/wp-json\/wp\/v2\/pages\/4254","targetHints":{"allow":["GET"]}}],"collection":[{"href":"https:\/\/www.sakarincitykodit.fi\/pl\/wp-json\/wp\/v2\/pages"}],"about":[{"href":"https:\/\/www.sakarincitykodit.fi\/pl\/wp-json\/wp\/v2\/types\/page"}],"author":[{"embeddable":true,"href":"https:\/\/www.sakarincitykodit.fi\/pl\/wp-json\/wp\/v2\/users\/3"}],"replies":[{"embeddable":true,"href":"https:\/\/www.sakarincitykodit.fi\/pl\/wp-json\/wp\/v2\/comments?post=4254"}],"version-history":[{"count":0,"href":"https:\/\/www.sakarincitykodit.fi\/pl\/wp-json\/wp\/v2\/pages\/4254\/revisions"}],"up":[{"embeddable":true,"href":"https:\/\/www.sakarincitykodit.fi\/pl\/wp-json\/wp\/v2\/pages\/4386"}],"wp:attachment":[{"href":"https:\/\/www.sakarincitykodit.fi\/pl\/wp-json\/wp\/v2\/media?parent=4254"}],"curies":[{"name":"wp","href":"https:\/\/api.w.org\/{rel}","templated":true}]}}