{"id":4224,"date":"2018-11-05T09:43:53","date_gmt":"2018-11-05T07:43:53","guid":{"rendered":"https:\/\/www.sakarincitykodit.fi\/nasze-umeblowane-apartamenty-w-espoo\/"},"modified":"2020-11-10T12:03:16","modified_gmt":"2020-11-10T10:03:16","slug":"nasze-umeblowane-apartamenty-w-espoo","status":"publish","type":"page","link":"https:\/\/www.sakarincitykodit.fi\/pl\/nasza-lokalizacja\/nasze-umeblowane-apartamenty-w-espoo\/","title":{"rendered":"Nasze umeblowane apartamenty w Espoo"},"content":{"rendered":"\t\t<div data-elementor-type=\"wp-page\" data-elementor-id=\"4224\" class=\"elementor elementor-4224 elementor-1220\">\n\t\t\t\t\t\t<section class=\"elementor-section elementor-top-section elementor-element elementor-element-51fdd094 elementor-section-boxed elementor-section-height-default elementor-section-height-default\" data-id=\"51fdd094\" data-element_type=\"section\">\n\t\t\t\t\t\t<div class=\"elementor-container elementor-column-gap-default\">\n\t\t\t\t\t<div class=\"elementor-column elementor-col-100 elementor-top-column elementor-element elementor-element-79eb92c5\" data-id=\"79eb92c5\" data-element_type=\"column\">\n\t\t\t<div class=\"elementor-widget-wrap elementor-element-populated\">\n\t\t\t\t\t\t<div class=\"elementor-element elementor-element-2ba1b18 elementor-widget elementor-widget-text-editor\" data-id=\"2ba1b18\" data-element_type=\"widget\" data-widget_type=\"text-editor.default\">\n\t\t\t\t<div class=\"elementor-widget-container\">\n\t\t\t\t\t\t\t\t\t<div data-style=\"{\"background_display\":\"tile\",\"cell_alignment\":\"flex-start\"}\">\n<div data-weight=\"1\">\n<div data-index=\"0\" data-style=\"{\"padding\":\"0px 0px 0px 60px\",\"background_image_attachment\":false,\"background_display\":\"tile\"}\">\n<h1>Darmowe umeblowane apartamenty na wynajem w Espoo<\/h1>\n<p>Czy wiesz, \u017ce zakwaterowanie w hotelu nie jest jedynym, a na pewno nie zawsze najlepszym rozwi\u0105zaniem dla \u017cycia na czas okre\u015blony poza domem. Na przyk\u0142ad, je\u015bli twoja praca jest bardzo mobilna lub Twoja firma potrzebuje zakwaterowania dla pracownik\u00f3w w r\u00f3\u017cnych lokalizacjach, zdecydowanie powiniene\u015b rozwa\u017cy\u0107 wynaj\u0119cie umeblowanego mieszkania do wynaj\u0119cia. Kr\u00f3tkoterminowe umeblowane mieszkanie do wynaj\u0119cia jest bardziej elastyczne ni\u017c hotel &#8211; i cz\u0119sto r\u00f3wnie\u017c bardziej przyst\u0119pne. Oferujemy umeblowane apartamenty na wynajem w kilku lokalizacjach w Finlandii.<\/p>\n<h4>Chcesz, \u017ceby\u015bmy zadzwonili do Ciebie o wolnych apartamentach w Espoo? Zostaw oddzwonienie!<\/h4>\n<p><span style=\"color: #000000; font-family: 'Helvetica Neue'; font-size: 12px; background-color: transparent;\">\n<div class=\"wpcf7 no-js\" id=\"wpcf7-f5348-o1\" lang=\"pl-PL\" dir=\"ltr\" data-wpcf7-id=\"5348\">\n<div class=\"screen-reader-response\"><p role=\"status\" aria-live=\"polite\" aria-atomic=\"true\"><\/p> <ul><\/ul><\/div>\n<form action=\"\/pl\/wp-json\/wp\/v2\/pages\/4224#wpcf7-f5348-o1\" method=\"post\" class=\"wpcf7-form init\" aria-label=\"Formularz kontaktowy\" novalidate=\"novalidate\" data-status=\"init\">\n<div style=\"display: none;\">\n<input type=\"hidden\" name=\"_wpcf7\" value=\"5348\" \/>\n<input type=\"hidden\" name=\"_wpcf7_version\" value=\"6.0.6\" \/>\n<input type=\"hidden\" name=\"_wpcf7_locale\" value=\"pl_PL\" \/>\n<input type=\"hidden\" name=\"_wpcf7_unit_tag\" value=\"wpcf7-f5348-o1\" \/>\n<input type=\"hidden\" name=\"_wpcf7_container_post\" value=\"0\" \/>\n<input type=\"hidden\" name=\"_wpcf7_posted_data_hash\" value=\"\" \/>\n<\/div>\n<p><label>Enter your details and our business sales will contact you as soon as possible!<br \/>\n<\/label>\n<\/p>\n<div class=\"contact-us\">\n\t<div class=\"row\">\n\t\t<div class=\"col-xs-12 col-sm-6\">\n\t\t\t<p><span class=\"wpcf7-form-control-wrap\" data-name=\"your-yritys\"><input size=\"40\" maxlength=\"400\" class=\"wpcf7-form-control wpcf7-text wpcf7-validates-as-required form-control\" aria-required=\"true\" aria-invalid=\"false\" placeholder=\"The Company Name\" value=\"\" type=\"text\" name=\"your-yritys\" \/><\/span>\n\t\t\t<\/p>\n\t\t<\/div>\n\t\t<div class=\"col-xs-12 col-sm-6\">\n\t\t\t<p><span class=\"wpcf7-form-control-wrap\" data-name=\"your-tel\"><input size=\"40\" maxlength=\"400\" class=\"wpcf7-form-control wpcf7-tel wpcf7-validates-as-required wpcf7-text wpcf7-validates-as-tel form-control\" aria-required=\"true\" aria-invalid=\"false\" placeholder=\"Phone number\" value=\"\" type=\"tel\" name=\"your-tel\" \/><\/span>\n\t\t\t<\/p>\n\t\t<\/div>\n\t\t<div class=\"col-xs-12 col-sm-12\">\n\t\t\t<p><span class=\"wpcf7-form-control-wrap\" data-name=\"your-email\"><input size=\"40\" maxlength=\"400\" class=\"wpcf7-form-control wpcf7-email wpcf7-validates-as-required wpcf7-text wpcf7-validates-as-email form-control\" aria-required=\"true\" aria-invalid=\"false\" placeholder=\"Email\" value=\"\" type=\"email\" name=\"your-email\" \/><\/span>\n\t\t\t<\/p>\n\t\t<\/div>\n\t<\/div>\n\t<div class=\"clearfix\">\n\t\t<p><input class=\"wpcf7-form-control wpcf7-submit has-spinner btn pull-right btn-theme btn-inverse border-2\" type=\"submit\" value=\"Please contact me!\" \/>\n\t\t<\/p>\n\t<\/div>\n<\/div><div class=\"wpcf7-response-output\" aria-hidden=\"true\"><\/div>\n<\/form>\n<\/div>\n<\/span><\/p>\n<p><span style=\"font-family: Nunito, Arial, sans-serif; font-size: 30px; font-weight: bold; background-color: transparent;\">Wynajmij kr\u00f3tkoterminowe mieszkanie w Espoo<\/span><\/p>\n<p>Kr\u00f3tkoterminowe mieszkanie w Espoo, umeblowane, mo\u017cna wynaj\u0105\u0107 na wakacje. Bardziej bezp\u0142atna i elastyczna forma zakwaterowania pozwala \u017cy\u0107 w podr\u00f3\u017cy. Mo\u017cesz gotowa\u0107, zaprasza\u0107 go\u015bci i uzyska\u0107 wi\u0119cej prywatno\u015bci w swoim wynaj\u0119tym mieszkaniu. Na pewno istnieje alternatywa dla przeprowadzki z rodzin\u0105. Kr\u00f3tkoterminowe umeblowane apartamenty do wynaj\u0119cia mog\u0105 by\u0107 u\u017cywane, na przyk\u0142ad, je\u015bli chcesz spr\u00f3bowa\u0107 mieszka\u0107 w Espoo, ale nie s\u0105 jeszcze ca\u0142kowicie pewni trwa\u0142ej zmiany. Bezp\u0142atne umeblowane apartamenty w Espoo mo\u017cna znale\u017a\u0107 na naszej stronie internetowej.<\/p>\n<h2>Mo\u017cesz znale\u017a\u0107 wszystkie nasze darmowe apartamenty na wynajem na raz<\/h2>\n<p>Korzystanie z wcze\u015bniej umeblowanych mieszka\u0144 na wynajem zosta\u0142o utrudnione przez fakt, \u017ce najemca musi wyszuka\u0107 kilka stron internetowych i us\u0142ugodawc\u00f3w, aby znale\u017a\u0107 odpowiednie mieszkanie. Dokonali\u015bmy wyszukiwania i zmontowali\u015bmy wszystkie bezp\u0142atne umeblowane apartamenty na wynajem w spo\u0142eczno\u015bci na jednym miejscu, zorganizowane wed\u0142ug lokalizacji. Na przyk\u0142ad, espoo&#8217;s free kr\u00f3tkoterminowych umeblowane apartamenty wynajem mo\u017cna znale\u017a\u0107 na naszej stronie internetowej za pomoc\u0105 jednego klikni\u0119cia. R\u00f3wnie \u0142atwo jest wynaj\u0105\u0107 kr\u00f3tkoterminowe mieszkanie za po\u015brednictwem naszej strony internetowej, jak i kupi\u0107 nocleg w hotelu, ale ze zwi\u0119kszon\u0105 elastyczno\u015bci\u0105. Sytuacja mieszka\u0144 na wynajem jest aktualizowana co 24 godziny, dzi\u0119ki czemu mo\u017cna codziennie monitorowa\u0107 sytuacj\u0119 mieszkaniow\u0105 w miejscu docelowym.<\/p>\n<h2>Umeblowane apartamenty dla Twoich potrzeb w po\u0142\u0105czeniu z po\u0142\u0105czeniami komunikacyjnymi espoo<\/h2>\n<p>Rozleg\u0142e po\u0142\u0105czenia komunikacyjne z obszaru metropolitalnego pozwalaj\u0105 na g\u00f3rskie mieszkania kr\u00f3tkoterminowe spoza centrum miasta. Na przyk\u0142ad poci\u0105gi podmiejskie i autobusy kursuj\u0105 bardzo cz\u0119sto mi\u0119dzy Helsinkami a Espoo. Ponadto \u0142atwiej jest znale\u017a\u0107 miejsce poza centrum miasta dla samochodu lub innych \u015brodk\u00f3w transportu. Wynajem umeblowanego mieszkania w Espoo jest naprawd\u0119 tak \u0142atwy, jak zakup noclegu w hotelu, ale gwarantuje znacznie wi\u0119cej wolnego i elastycznego zakwaterowania. Sprawd\u017a wyb\u00f3r mieszka\u0144 espoo na naszej stronie internetowej!<\/p>\n<p>Czy masz jakie\u015b pytania dotycz\u0105ce kr\u00f3tkoterminowego wynajmu mieszkania, czy po prostu chcesz us\u0142ysze\u0107 wi\u0119cej? Skontaktuj si\u0119 z nami, a powiemy Ci, jak \u0142atwo jest wynaj\u0105\u0107 kr\u00f3tkoterminowe umeblowane mieszkanie! Mo\u017cesz skontaktowa\u0107 si\u0119 z nami telefonicznie, e-mailem lub wype\u0142niaj\u0105c poni\u017cszy formularz.<\/p>\n<p class=\"p1\">\n<div class=\"wpcf7 no-js\" id=\"wpcf7-f5341-o2\" lang=\"pl-PL\" dir=\"ltr\" data-wpcf7-id=\"5341\">\n<div class=\"screen-reader-response\"><p role=\"status\" aria-live=\"polite\" aria-atomic=\"true\"><\/p> <ul><\/ul><\/div>\n<form action=\"\/pl\/wp-json\/wp\/v2\/pages\/4224#wpcf7-f5341-o2\" method=\"post\" class=\"wpcf7-form init\" aria-label=\"Formularz kontaktowy\" novalidate=\"novalidate\" data-status=\"init\">\n<div style=\"display: none;\">\n<input type=\"hidden\" name=\"_wpcf7\" value=\"5341\" \/>\n<input type=\"hidden\" name=\"_wpcf7_version\" value=\"6.0.6\" \/>\n<input type=\"hidden\" name=\"_wpcf7_locale\" value=\"pl_PL\" \/>\n<input type=\"hidden\" name=\"_wpcf7_unit_tag\" value=\"wpcf7-f5341-o2\" \/>\n<input type=\"hidden\" name=\"_wpcf7_container_post\" value=\"0\" \/>\n<input type=\"hidden\" name=\"_wpcf7_posted_data_hash\" value=\"\" \/>\n<\/div>\n<div class=\"contact-us\">\n\t<div class=\"row\">\n\t\t<div class=\"col-xs-12 col-sm-6\">\n\t\t\t<p><span class=\"wpcf7-form-control-wrap\" data-name=\"your-name\"><input size=\"40\" maxlength=\"400\" class=\"wpcf7-form-control wpcf7-text wpcf7-validates-as-required form-control\" aria-required=\"true\" aria-invalid=\"false\" placeholder=\"Company name\" value=\"\" type=\"text\" name=\"your-name\" \/><\/span>\n\t\t\t<\/p>\n\t\t<\/div>\n\t\t<div class=\"col-xs-12 col-sm-6\">\n\t\t\t<p><span class=\"wpcf7-form-control-wrap\" data-name=\"your-tel\"><input size=\"40\" maxlength=\"400\" class=\"wpcf7-form-control wpcf7-tel wpcf7-validates-as-required wpcf7-text wpcf7-validates-as-tel form-control\" aria-required=\"true\" aria-invalid=\"false\" placeholder=\"Telephone\" value=\"\" type=\"tel\" name=\"your-tel\" \/><\/span>\n\t\t\t<\/p>\n\t\t<\/div>\n\t\t<div class=\"col-xs-12 col-sm-12\">\n\t\t\t<p><span class=\"wpcf7-form-control-wrap\" data-name=\"your-email\"><input size=\"40\" maxlength=\"400\" class=\"wpcf7-form-control wpcf7-email wpcf7-validates-as-required wpcf7-text wpcf7-validates-as-email form-control\" aria-required=\"true\" aria-invalid=\"false\" placeholder=\"Email\" value=\"\" type=\"email\" name=\"your-email\" \/><\/span>\n\t\t\t<\/p>\n\t\t<\/div>\n\t\t<div class=\"col-xs-12 col-sm-6\">\n\t\t\t<labal>Miasta\n\t\t\t\t<p><span class=\"wpcf7-form-control-wrap\" data-name=\"menu-905\"><select class=\"wpcf7-form-control wpcf7-select wpcf7-validates-as-required\" aria-required=\"true\" aria-invalid=\"false\" name=\"menu-905\"><option value=\"Espoo\">Espoo<\/option><option value=\"Hamina\">Hamina<\/option><option value=\"Helsinki\">Helsinki<\/option><option value=\"Jyv\u00e4skyl\u00e4\">Jyv\u00e4skyl\u00e4<\/option><option value=\"J\u00e4rvenp\u00e4\u00e4\">J\u00e4rvenp\u00e4\u00e4<\/option><option value=\"Kerava\">Kerava<\/option><option value=\"Kuopio\">Kuopio<\/option><option value=\"Oulu\">Oulu<\/option><option value=\"Porvoo\">Porvoo<\/option><option value=\"Tampere\">Tampere<\/option><option value=\"Turku\">Turku<\/option><option value=\"Vaasa\">Vaasa<\/option><option value=\"Vantaa\">Vantaa<\/option><option value=\"Ka\u017ekas dar, kas\">Ka\u017ekas dar, kas<\/option><\/select><\/span>\n\t\t\t\t<\/p>\n\t\t\t<\/labal>\n\t\t<\/div>\n\t\t<div class=\"col-xs-12 col-sm-6\">\n\t\t\t<p><span class=\"wpcf7-form-control-wrap\" data-name=\"your-omakaupunki\"><input size=\"40\" maxlength=\"400\" class=\"wpcf7-form-control wpcf7-text form-control\" aria-invalid=\"false\" placeholder=\"Kitas miestas\" value=\"\" type=\"text\" name=\"your-omakaupunki\" \/><\/span>\n\t\t\t<\/p>\n\t\t<\/div>\n\t\t<div class=\"col-xs-12 col-sm-6\">\n\t\t\t<labal>Godzinie przyjazdu:\n\t\t\t\t<p><span class=\"wpcf7-form-control-wrap\" data-name=\"date-946\"><input class=\"wpcf7-form-control wpcf7-date wpcf7-validates-as-date form-control\" aria-invalid=\"false\" placeholder=\"Godzinie przyjazdu\" value=\"\" type=\"date\" name=\"date-946\" \/><\/span>\n\t\t\t\t<\/p>\n\t\t\t<\/labal>\n\t\t<\/div>\n\t\t<div class=\"col-xs-12 col-sm-6\">\n\t\t\t<labal>Wyjazd:\n\t\t\t\t<p><span class=\"wpcf7-form-control-wrap\" data-name=\"date-706\"><input class=\"wpcf7-form-control wpcf7-date wpcf7-validates-as-date form-control\" aria-invalid=\"false\" placeholder=\"Wyjazd\" value=\"\" type=\"date\" name=\"date-706\" \/><\/span>\n\t\t\t\t<\/p>\n\t\t\t<\/labal>\n\t\t<\/div>\n\t<\/div>\n\t<div>\n\t\t<p><span class=\"wpcf7-form-control-wrap\" data-name=\"your-message\"><textarea cols=\"40\" rows=\"10\" maxlength=\"2000\" class=\"wpcf7-form-control wpcf7-textarea form-control\" aria-invalid=\"false\" placeholder=\"Wiadomo\u015b\u0107\" name=\"your-message\"><\/textarea><\/span>\n\t\t<\/p>\n\t<\/div>\n\t<div class=\"clearfix\">\n\t\t<p><input class=\"wpcf7-form-control wpcf7-submit has-spinner btn pull-right btn-theme btn-inverse border-2\" type=\"submit\" value=\"Wys\u0142a\u0107\" \/>\n\t\t<\/p>\n\t<\/div>\n<\/div><div class=\"wpcf7-response-output\" aria-hidden=\"true\"><\/div>\n<\/form>\n<\/div>\n<\/p>\n<\/div>\n<\/div>\n<\/div>\n\t\t\t\t\t\t\t\t<\/div>\n\t\t\t\t<\/div>\n\t\t\t\t\t<\/div>\n\t\t<\/div>\n\t\t\t\t\t<\/div>\n\t\t<\/section>\n\t\t\t\t<\/div>\n\t\t","protected":false},"excerpt":{"rendered":"<p>Darmowe umeblowane apartamenty na wynajem w Espoo Czy wiesz, \u017ce zakwaterowanie w hotelu nie jest jedynym, a na pewno nie zawsze najlepszym rozwi\u0105zaniem dla \u017cycia na czas okre\u015blony poza domem. Na przyk\u0142ad, je\u015bli twoja praca jest bardzo mobilna lub Twoja firma potrzebuje zakwaterowania dla pracownik\u00f3w w r\u00f3\u017cnych lokalizacjach, zdecydowanie powiniene\u015b rozwa\u017cy\u0107 wynaj\u0119cie umeblowanego mieszkania do [&hellip;]<\/p>\n","protected":false},"author":3,"featured_media":0,"parent":4386,"menu_order":0,"comment_status":"closed","ping_status":"closed","template":"","meta":{"footnotes":""},"class_list":["post-4224","page","type-page","status-publish","hentry"],"yoast_head":"<!-- This site is optimized with the Yoast SEO plugin v24.9 - https:\/\/yoast.com\/wordpress\/plugins\/seo\/ -->\n<title>Nasze umeblowane apartamenty w Espoo - Sakarin Citykodit<\/title>\n<meta name=\"robots\" content=\"index, follow, max-snippet:-1, max-image-preview:large, max-video-preview:-1\" \/>\n<link rel=\"canonical\" href=\"https:\/\/www.sakarincitykodit.fi\/pl\/nasza-lokalizacja\/nasze-umeblowane-apartamenty-w-espoo\/\" \/>\n<meta property=\"og:locale\" content=\"pl_PL\" \/>\n<meta property=\"og:type\" content=\"article\" \/>\n<meta property=\"og:title\" content=\"Nasze umeblowane apartamenty w Espoo - Sakarin Citykodit\" \/>\n<meta property=\"og:description\" content=\"Darmowe umeblowane apartamenty na wynajem w Espoo Czy wiesz, \u017ce zakwaterowanie w hotelu nie jest jedynym, a na pewno nie zawsze najlepszym rozwi\u0105zaniem dla \u017cycia na czas okre\u015blony poza domem. Na przyk\u0142ad, je\u015bli twoja praca jest bardzo mobilna lub Twoja firma potrzebuje zakwaterowania dla pracownik\u00f3w w r\u00f3\u017cnych lokalizacjach, zdecydowanie powiniene\u015b rozwa\u017cy\u0107 wynaj\u0119cie umeblowanego mieszkania do [&hellip;]\" \/>\n<meta property=\"og:url\" content=\"https:\/\/www.sakarincitykodit.fi\/pl\/nasza-lokalizacja\/nasze-umeblowane-apartamenty-w-espoo\/\" \/>\n<meta property=\"og:site_name\" content=\"Sakarin Citykodit\" \/>\n<meta property=\"article:modified_time\" content=\"2020-11-10T10:03:16+00:00\" \/>\n<meta name=\"twitter:card\" content=\"summary_large_image\" \/>\n<meta name=\"twitter:label1\" content=\"Szacowany czas czytania\" \/>\n\t<meta name=\"twitter:data1\" content=\"2 minuty\" \/>\n<script type=\"application\/ld+json\" class=\"yoast-schema-graph\">{\"@context\":\"https:\/\/schema.org\",\"@graph\":[{\"@type\":\"WebPage\",\"@id\":\"https:\/\/www.sakarincitykodit.fi\/pl\/nasza-lokalizacja\/nasze-umeblowane-apartamenty-w-espoo\/\",\"url\":\"https:\/\/www.sakarincitykodit.fi\/pl\/nasza-lokalizacja\/nasze-umeblowane-apartamenty-w-espoo\/\",\"name\":\"Nasze umeblowane apartamenty w Espoo - Sakarin Citykodit\",\"isPartOf\":{\"@id\":\"https:\/\/www.sakarincitykodit.fi\/pl\/#website\"},\"datePublished\":\"2018-11-05T07:43:53+00:00\",\"dateModified\":\"2020-11-10T10:03:16+00:00\",\"breadcrumb\":{\"@id\":\"https:\/\/www.sakarincitykodit.fi\/pl\/nasza-lokalizacja\/nasze-umeblowane-apartamenty-w-espoo\/#breadcrumb\"},\"inLanguage\":\"pl-PL\",\"potentialAction\":[{\"@type\":\"ReadAction\",\"target\":[\"https:\/\/www.sakarincitykodit.fi\/pl\/nasza-lokalizacja\/nasze-umeblowane-apartamenty-w-espoo\/\"]}]},{\"@type\":\"BreadcrumbList\",\"@id\":\"https:\/\/www.sakarincitykodit.fi\/pl\/nasza-lokalizacja\/nasze-umeblowane-apartamenty-w-espoo\/#breadcrumb\",\"itemListElement\":[{\"@type\":\"ListItem\",\"position\":1,\"name\":\"W: strona g\u0142\u00f3wna\",\"item\":\"https:\/\/www.sakarincitykodit.fi\/pl\/\"},{\"@type\":\"ListItem\",\"position\":2,\"name\":\"Nasza lokalizacja\",\"item\":\"https:\/\/www.sakarincitykodit.fi\/pl\/nasza-lokalizacja\/\"},{\"@type\":\"ListItem\",\"position\":3,\"name\":\"Nasze umeblowane apartamenty w Espoo\"}]},{\"@type\":\"WebSite\",\"@id\":\"https:\/\/www.sakarincitykodit.fi\/pl\/#website\",\"url\":\"https:\/\/www.sakarincitykodit.fi\/pl\/\",\"name\":\"Sakarin Citykodit\",\"description\":\"Vuokraamme vapaat kalustetut vuokra-asunnot ymp&auml;ri Suomen!\",\"publisher\":{\"@id\":\"https:\/\/www.sakarincitykodit.fi\/pl\/#organization\"},\"potentialAction\":[{\"@type\":\"SearchAction\",\"target\":{\"@type\":\"EntryPoint\",\"urlTemplate\":\"https:\/\/www.sakarincitykodit.fi\/pl\/?s={search_term_string}\"},\"query-input\":{\"@type\":\"PropertyValueSpecification\",\"valueRequired\":true,\"valueName\":\"search_term_string\"}}],\"inLanguage\":\"pl-PL\"},{\"@type\":\"Organization\",\"@id\":\"https:\/\/www.sakarincitykodit.fi\/pl\/#organization\",\"name\":\"Sakarin Citykodit\",\"url\":\"https:\/\/www.sakarincitykodit.fi\/pl\/\",\"logo\":{\"@type\":\"ImageObject\",\"inLanguage\":\"pl-PL\",\"@id\":\"https:\/\/www.sakarincitykodit.fi\/pl\/#\/schema\/logo\/image\/\",\"url\":\"https:\/\/www.sakarincitykodit.fi\/wp-content\/uploads\/sakarin-citykodit-logo-245.png\",\"contentUrl\":\"https:\/\/www.sakarincitykodit.fi\/wp-content\/uploads\/sakarin-citykodit-logo-245.png\",\"width\":245,\"height\":39,\"caption\":\"Sakarin Citykodit\"},\"image\":{\"@id\":\"https:\/\/www.sakarincitykodit.fi\/pl\/#\/schema\/logo\/image\/\"}}]}<\/script>\n<!-- \/ Yoast SEO plugin. -->","yoast_head_json":{"title":"Nasze umeblowane apartamenty w Espoo - Sakarin Citykodit","robots":{"index":"index","follow":"follow","max-snippet":"max-snippet:-1","max-image-preview":"max-image-preview:large","max-video-preview":"max-video-preview:-1"},"canonical":"https:\/\/www.sakarincitykodit.fi\/pl\/nasza-lokalizacja\/nasze-umeblowane-apartamenty-w-espoo\/","og_locale":"pl_PL","og_type":"article","og_title":"Nasze umeblowane apartamenty w Espoo - Sakarin Citykodit","og_description":"Darmowe umeblowane apartamenty na wynajem w Espoo Czy wiesz, \u017ce zakwaterowanie w hotelu nie jest jedynym, a na pewno nie zawsze najlepszym rozwi\u0105zaniem dla \u017cycia na czas okre\u015blony poza domem. Na przyk\u0142ad, je\u015bli twoja praca jest bardzo mobilna lub Twoja firma potrzebuje zakwaterowania dla pracownik\u00f3w w r\u00f3\u017cnych lokalizacjach, zdecydowanie powiniene\u015b rozwa\u017cy\u0107 wynaj\u0119cie umeblowanego mieszkania do [&hellip;]","og_url":"https:\/\/www.sakarincitykodit.fi\/pl\/nasza-lokalizacja\/nasze-umeblowane-apartamenty-w-espoo\/","og_site_name":"Sakarin Citykodit","article_modified_time":"2020-11-10T10:03:16+00:00","twitter_card":"summary_large_image","twitter_misc":{"Szacowany czas czytania":"2 minuty"},"schema":{"@context":"https:\/\/schema.org","@graph":[{"@type":"WebPage","@id":"https:\/\/www.sakarincitykodit.fi\/pl\/nasza-lokalizacja\/nasze-umeblowane-apartamenty-w-espoo\/","url":"https:\/\/www.sakarincitykodit.fi\/pl\/nasza-lokalizacja\/nasze-umeblowane-apartamenty-w-espoo\/","name":"Nasze umeblowane apartamenty w Espoo - Sakarin Citykodit","isPartOf":{"@id":"https:\/\/www.sakarincitykodit.fi\/pl\/#website"},"datePublished":"2018-11-05T07:43:53+00:00","dateModified":"2020-11-10T10:03:16+00:00","breadcrumb":{"@id":"https:\/\/www.sakarincitykodit.fi\/pl\/nasza-lokalizacja\/nasze-umeblowane-apartamenty-w-espoo\/#breadcrumb"},"inLanguage":"pl-PL","potentialAction":[{"@type":"ReadAction","target":["https:\/\/www.sakarincitykodit.fi\/pl\/nasza-lokalizacja\/nasze-umeblowane-apartamenty-w-espoo\/"]}]},{"@type":"BreadcrumbList","@id":"https:\/\/www.sakarincitykodit.fi\/pl\/nasza-lokalizacja\/nasze-umeblowane-apartamenty-w-espoo\/#breadcrumb","itemListElement":[{"@type":"ListItem","position":1,"name":"W: strona g\u0142\u00f3wna","item":"https:\/\/www.sakarincitykodit.fi\/pl\/"},{"@type":"ListItem","position":2,"name":"Nasza lokalizacja","item":"https:\/\/www.sakarincitykodit.fi\/pl\/nasza-lokalizacja\/"},{"@type":"ListItem","position":3,"name":"Nasze umeblowane apartamenty w Espoo"}]},{"@type":"WebSite","@id":"https:\/\/www.sakarincitykodit.fi\/pl\/#website","url":"https:\/\/www.sakarincitykodit.fi\/pl\/","name":"Sakarin Citykodit","description":"Vuokraamme vapaat kalustetut vuokra-asunnot ymp&auml;ri Suomen!","publisher":{"@id":"https:\/\/www.sakarincitykodit.fi\/pl\/#organization"},"potentialAction":[{"@type":"SearchAction","target":{"@type":"EntryPoint","urlTemplate":"https:\/\/www.sakarincitykodit.fi\/pl\/?s={search_term_string}"},"query-input":{"@type":"PropertyValueSpecification","valueRequired":true,"valueName":"search_term_string"}}],"inLanguage":"pl-PL"},{"@type":"Organization","@id":"https:\/\/www.sakarincitykodit.fi\/pl\/#organization","name":"Sakarin Citykodit","url":"https:\/\/www.sakarincitykodit.fi\/pl\/","logo":{"@type":"ImageObject","inLanguage":"pl-PL","@id":"https:\/\/www.sakarincitykodit.fi\/pl\/#\/schema\/logo\/image\/","url":"https:\/\/www.sakarincitykodit.fi\/wp-content\/uploads\/sakarin-citykodit-logo-245.png","contentUrl":"https:\/\/www.sakarincitykodit.fi\/wp-content\/uploads\/sakarin-citykodit-logo-245.png","width":245,"height":39,"caption":"Sakarin Citykodit"},"image":{"@id":"https:\/\/www.sakarincitykodit.fi\/pl\/#\/schema\/logo\/image\/"}}]}},"_links":{"self":[{"href":"https:\/\/www.sakarincitykodit.fi\/pl\/wp-json\/wp\/v2\/pages\/4224","targetHints":{"allow":["GET"]}}],"collection":[{"href":"https:\/\/www.sakarincitykodit.fi\/pl\/wp-json\/wp\/v2\/pages"}],"about":[{"href":"https:\/\/www.sakarincitykodit.fi\/pl\/wp-json\/wp\/v2\/types\/page"}],"author":[{"embeddable":true,"href":"https:\/\/www.sakarincitykodit.fi\/pl\/wp-json\/wp\/v2\/users\/3"}],"replies":[{"embeddable":true,"href":"https:\/\/www.sakarincitykodit.fi\/pl\/wp-json\/wp\/v2\/comments?post=4224"}],"version-history":[{"count":0,"href":"https:\/\/www.sakarincitykodit.fi\/pl\/wp-json\/wp\/v2\/pages\/4224\/revisions"}],"up":[{"embeddable":true,"href":"https:\/\/www.sakarincitykodit.fi\/pl\/wp-json\/wp\/v2\/pages\/4386"}],"wp:attachment":[{"href":"https:\/\/www.sakarincitykodit.fi\/pl\/wp-json\/wp\/v2\/media?parent=4224"}],"curies":[{"name":"wp","href":"https:\/\/api.w.org\/{rel}","templated":true}]}}