{"id":4207,"date":"2018-11-05T10:01:30","date_gmt":"2018-11-05T08:01:30","guid":{"rendered":"https:\/\/www.sakarincitykodit.fi\/umeblowane-wypozyczalnie-w-hamina\/"},"modified":"2020-10-08T14:01:41","modified_gmt":"2020-10-08T12:01:41","slug":"umeblowane-wypozyczalnie-w-hamina","status":"publish","type":"page","link":"https:\/\/www.sakarincitykodit.fi\/pl\/nasza-lokalizacja\/umeblowane-wypozyczalnie-w-hamina\/","title":{"rendered":"Umeblowane wypo\u017cyczalnie w Hamina"},"content":{"rendered":"\t\t<div data-elementor-type=\"wp-page\" data-elementor-id=\"4207\" class=\"elementor elementor-4207\">\n\t\t\t\t\t\t<section class=\"elementor-section elementor-top-section elementor-element elementor-element-d3b7d03 elementor-section-boxed elementor-section-height-default elementor-section-height-default\" data-id=\"d3b7d03\" data-element_type=\"section\">\n\t\t\t\t\t\t<div class=\"elementor-container elementor-column-gap-default\">\n\t\t\t\t\t<div class=\"elementor-column elementor-col-100 elementor-top-column elementor-element elementor-element-55e20c00\" data-id=\"55e20c00\" data-element_type=\"column\">\n\t\t\t<div class=\"elementor-widget-wrap elementor-element-populated\">\n\t\t\t\t\t\t<div class=\"elementor-element elementor-element-3e685f97 elementor-widget elementor-widget-text-editor\" data-id=\"3e685f97\" data-element_type=\"widget\" data-widget_type=\"text-editor.default\">\n\t\t\t\t<div class=\"elementor-widget-container\">\n\t\t\t\t\t\t\t\t\t<div id=\"pl-1252\" class=\"panel-layout\">\n<div id=\"pg-1252-0\" class=\"panel-grid panel-no-style\" data-style=\"{\">\n<div id=\"pgc-1252-0-0\" class=\"panel-grid-cell\" data-weight=\"1\">\n<div id=\"panel-1252-0-0-0\" class=\"so-panel widget widget_sow-editor panel-first-child panel-last-child\" data-index=\"0\" data-style=\"{\">\n<div class=\"panel-widget-style panel-widget-style-for-1252-0-0-0\">\n<div class=\"so-widget-sow-editor so-widget-sow-editor-base\">\n<div class=\"siteorigin-widget-tinymce textwidget\">\n<h1 style=\"text-align: left;\">Umeblowane wypo\u017cyczalnie w Hamina<\/h1>\n<p style=\"text-align: left;\">Przeprowadzasz si\u0119 do Haminy lub regionu Hamina na nieco kr\u00f3tszy czas, na przyk\u0142ad z powodu pracy lub hobby? <strong>Umeblowane mieszkanie w Hamina<\/strong> to \u015bwietny wyb\u00f3r, zw\u0142aszcza je\u015bli nie chcesz sp\u0119dza\u0107 tego czasu w ciasnym i drogim pokoju hotelowym, ale chcesz poczu\u0107 si\u0119 jak w domu. Za nami znajd\u0105 Si\u0119 odpowiednie umeblowane apartamenty zar\u00f3wno do wynajmu kr\u00f3tko- jak i d\u0142ugoterminowego oraz szeroki zakres potrzeb.<\/p>\n<p>Zostaw nam telefon lub <a href=\"https:\/\/www.sakarincitykodit.fi\/varaus\/\">skontaktuj si\u0119 z nami,<\/a>a my powiemy Ci wi\u0119cej o naszych bezp\u0142atnych umeblowanych apartamentach w Hamina!<\/p>\n<p class=\"p1\">\n<div class=\"wpcf7 no-js\" id=\"wpcf7-f5348-o1\" lang=\"pl-PL\" dir=\"ltr\" data-wpcf7-id=\"5348\">\n<div class=\"screen-reader-response\"><p role=\"status\" aria-live=\"polite\" aria-atomic=\"true\"><\/p> <ul><\/ul><\/div>\n<form action=\"\/pl\/wp-json\/wp\/v2\/pages\/4207#wpcf7-f5348-o1\" method=\"post\" class=\"wpcf7-form init\" aria-label=\"Formularz kontaktowy\" novalidate=\"novalidate\" data-status=\"init\">\n<div style=\"display: none;\">\n<input type=\"hidden\" name=\"_wpcf7\" value=\"5348\" \/>\n<input type=\"hidden\" name=\"_wpcf7_version\" value=\"6.0.6\" \/>\n<input type=\"hidden\" name=\"_wpcf7_locale\" value=\"pl_PL\" \/>\n<input type=\"hidden\" name=\"_wpcf7_unit_tag\" value=\"wpcf7-f5348-o1\" \/>\n<input type=\"hidden\" name=\"_wpcf7_container_post\" value=\"0\" \/>\n<input type=\"hidden\" name=\"_wpcf7_posted_data_hash\" value=\"\" \/>\n<\/div>\n<p><label>Enter your details and our business sales will contact you as soon as possible!<br \/>\n<\/label>\n<\/p>\n<div class=\"contact-us\">\n\t<div class=\"row\">\n\t\t<div class=\"col-xs-12 col-sm-6\">\n\t\t\t<p><span class=\"wpcf7-form-control-wrap\" data-name=\"your-yritys\"><input size=\"40\" maxlength=\"400\" class=\"wpcf7-form-control wpcf7-text wpcf7-validates-as-required form-control\" aria-required=\"true\" aria-invalid=\"false\" placeholder=\"The Company Name\" value=\"\" type=\"text\" name=\"your-yritys\" \/><\/span>\n\t\t\t<\/p>\n\t\t<\/div>\n\t\t<div class=\"col-xs-12 col-sm-6\">\n\t\t\t<p><span class=\"wpcf7-form-control-wrap\" data-name=\"your-tel\"><input size=\"40\" maxlength=\"400\" class=\"wpcf7-form-control wpcf7-tel wpcf7-validates-as-required wpcf7-text wpcf7-validates-as-tel form-control\" aria-required=\"true\" aria-invalid=\"false\" placeholder=\"Phone number\" value=\"\" type=\"tel\" name=\"your-tel\" \/><\/span>\n\t\t\t<\/p>\n\t\t<\/div>\n\t\t<div class=\"col-xs-12 col-sm-12\">\n\t\t\t<p><span class=\"wpcf7-form-control-wrap\" data-name=\"your-email\"><input size=\"40\" maxlength=\"400\" class=\"wpcf7-form-control wpcf7-email wpcf7-validates-as-required wpcf7-text wpcf7-validates-as-email form-control\" aria-required=\"true\" aria-invalid=\"false\" placeholder=\"Email\" value=\"\" type=\"email\" name=\"your-email\" \/><\/span>\n\t\t\t<\/p>\n\t\t<\/div>\n\t<\/div>\n\t<div class=\"clearfix\">\n\t\t<p><input class=\"wpcf7-form-control wpcf7-submit has-spinner btn pull-right btn-theme btn-inverse border-2\" type=\"submit\" value=\"Please contact me!\" \/>\n\t\t<\/p>\n\t<\/div>\n<\/div><div class=\"wpcf7-response-output\" aria-hidden=\"true\"><\/div>\n<\/form>\n<\/div>\n<\/p>\n<h2>Hamina jest per\u0142\u0105 Kymenlaakso<\/h2>\n<p>Jako pi\u0119kne nadmorskie miasto, Hamina z pewno\u015bci\u0105 b\u0119dzie przyjemnym miejscem na podr\u00f3\u017c s\u0142u\u017cbow\u0105 lub dojazdy, na przyk\u0142ad. A wiele wizyt armii maj\u0105 ekscentryczne wspomnienia Haminy, je\u015bli byli kierowani do <a href=\"https:\/\/fi.wikipedia.org\/wiki\/Reserviupseerikoulu\">Szko\u0142y Oficer\u00f3w Rezerwy.<\/a> Podsumowuj\u0105c, Hamina jest doskona\u0142ym miejscem zar\u00f3wno na kr\u00f3tsze, jak i d\u0142u\u017csze wizyty, niezale\u017cnie od przyczyny wizyty.<\/p>\n<h3>Umeblowane mieszkanie lub pok\u00f3j hotelowy?<\/h3>\n<p>Je\u015bli jednak przyje\u017cd\u017casz na pobyt w mie\u015bcie na tygodnie, a nawet miesi\u0105ce, powiniene\u015b rozwa\u017cy\u0107 <a href=\"\/\">wynaj\u0119cie umeblowanego mieszkania zamiast pokoju hotelowego,<\/a> na przyk\u0142ad. W umeblowanym mieszkaniu jeste\u015b dos\u0142ownie w domu i masz do dyspozycji mn\u00f3stwo miejsca i prywatno\u015bci. Dla wielu naszych klient\u00f3w, zw\u0142aszcza prywatno\u015b\u0107 i w\u0142asny spok\u00f3j po dniu roboczym jest wa\u017cn\u0105 rzecz\u0105, kt\u00f3ra jest realizowana w umeblowanym mieszkaniu wynajmu jak w domu. A przecie\u017c mieszkanie do wynaj\u0119cia jest dla Twojego domu podczas pobytu, czy to dwa tygodnie, czy nawet rok.<\/p>\n<\/div>\n<\/div>\n<\/div>\n<\/div>\n<\/div>\n<\/div>\n<\/div>\n\t\t\t\t\t\t\t\t<\/div>\n\t\t\t\t<\/div>\n\t\t\t\t\t<\/div>\n\t\t<\/div>\n\t\t\t\t\t<\/div>\n\t\t<\/section>\n\t\t\t\t<\/div>\n\t\t","protected":false},"excerpt":{"rendered":"<p>Hamina vapaat asunnot Kerrostaloasunto HAMINA Poitsila | KT 3h+k 77m2 | HETI VAPAA Riekontie 10, Hamina Umeblowane wypo\u017cyczalnie w Hamina Przeprowadzasz si\u0119 do Haminy lub regionu Hamina na nieco kr\u00f3tszy czas, na przyk\u0142ad z powodu pracy lub hobby? Umeblowane mieszkanie w Hamina to \u015bwietny wyb\u00f3r, zw\u0142aszcza je\u015bli nie chcesz sp\u0119dza\u0107 tego czasu w ciasnym i [&hellip;]<\/p>\n","protected":false},"author":3,"featured_media":0,"parent":4386,"menu_order":0,"comment_status":"closed","ping_status":"closed","template":"","meta":{"footnotes":""},"class_list":["post-4207","page","type-page","status-publish","hentry"],"yoast_head":"<!-- This site is optimized with the Yoast SEO plugin v24.9 - https:\/\/yoast.com\/wordpress\/plugins\/seo\/ -->\n<title>Umeblowane wypo\u017cyczalnie w Hamina - Sakarin Citykodit<\/title>\n<meta name=\"robots\" content=\"index, follow, max-snippet:-1, max-image-preview:large, max-video-preview:-1\" \/>\n<link rel=\"canonical\" href=\"https:\/\/www.sakarincitykodit.fi\/pl\/nasza-lokalizacja\/umeblowane-wypozyczalnie-w-hamina\/\" \/>\n<meta property=\"og:locale\" content=\"pl_PL\" \/>\n<meta property=\"og:type\" content=\"article\" \/>\n<meta property=\"og:title\" content=\"Umeblowane wypo\u017cyczalnie w Hamina - Sakarin Citykodit\" \/>\n<meta property=\"og:description\" content=\"Hamina vapaat asunnot Kerrostaloasunto HAMINA Poitsila | KT 3h+k 77m2 | HETI VAPAA Riekontie 10, Hamina Umeblowane wypo\u017cyczalnie w Hamina Przeprowadzasz si\u0119 do Haminy lub regionu Hamina na nieco kr\u00f3tszy czas, na przyk\u0142ad z powodu pracy lub hobby? Umeblowane mieszkanie w Hamina to \u015bwietny wyb\u00f3r, zw\u0142aszcza je\u015bli nie chcesz sp\u0119dza\u0107 tego czasu w ciasnym i [&hellip;]\" \/>\n<meta property=\"og:url\" content=\"https:\/\/www.sakarincitykodit.fi\/pl\/nasza-lokalizacja\/umeblowane-wypozyczalnie-w-hamina\/\" \/>\n<meta property=\"og:site_name\" content=\"Sakarin Citykodit\" \/>\n<meta property=\"article:modified_time\" content=\"2020-10-08T12:01:41+00:00\" \/>\n<meta name=\"twitter:card\" content=\"summary_large_image\" \/>\n<meta name=\"twitter:label1\" content=\"Szacowany czas czytania\" \/>\n\t<meta name=\"twitter:data1\" content=\"1 minuta\" \/>\n<script type=\"application\/ld+json\" class=\"yoast-schema-graph\">{\"@context\":\"https:\/\/schema.org\",\"@graph\":[{\"@type\":\"WebPage\",\"@id\":\"https:\/\/www.sakarincitykodit.fi\/pl\/nasza-lokalizacja\/umeblowane-wypozyczalnie-w-hamina\/\",\"url\":\"https:\/\/www.sakarincitykodit.fi\/pl\/nasza-lokalizacja\/umeblowane-wypozyczalnie-w-hamina\/\",\"name\":\"Umeblowane wypo\u017cyczalnie w Hamina - Sakarin Citykodit\",\"isPartOf\":{\"@id\":\"https:\/\/www.sakarincitykodit.fi\/pl\/#website\"},\"datePublished\":\"2018-11-05T08:01:30+00:00\",\"dateModified\":\"2020-10-08T12:01:41+00:00\",\"breadcrumb\":{\"@id\":\"https:\/\/www.sakarincitykodit.fi\/pl\/nasza-lokalizacja\/umeblowane-wypozyczalnie-w-hamina\/#breadcrumb\"},\"inLanguage\":\"pl-PL\",\"potentialAction\":[{\"@type\":\"ReadAction\",\"target\":[\"https:\/\/www.sakarincitykodit.fi\/pl\/nasza-lokalizacja\/umeblowane-wypozyczalnie-w-hamina\/\"]}]},{\"@type\":\"BreadcrumbList\",\"@id\":\"https:\/\/www.sakarincitykodit.fi\/pl\/nasza-lokalizacja\/umeblowane-wypozyczalnie-w-hamina\/#breadcrumb\",\"itemListElement\":[{\"@type\":\"ListItem\",\"position\":1,\"name\":\"W: strona g\u0142\u00f3wna\",\"item\":\"https:\/\/www.sakarincitykodit.fi\/pl\/\"},{\"@type\":\"ListItem\",\"position\":2,\"name\":\"Nasza lokalizacja\",\"item\":\"https:\/\/www.sakarincitykodit.fi\/pl\/nasza-lokalizacja\/\"},{\"@type\":\"ListItem\",\"position\":3,\"name\":\"Umeblowane wypo\u017cyczalnie w Hamina\"}]},{\"@type\":\"WebSite\",\"@id\":\"https:\/\/www.sakarincitykodit.fi\/pl\/#website\",\"url\":\"https:\/\/www.sakarincitykodit.fi\/pl\/\",\"name\":\"Sakarin Citykodit\",\"description\":\"Vuokraamme vapaat kalustetut vuokra-asunnot ymp&auml;ri Suomen!\",\"publisher\":{\"@id\":\"https:\/\/www.sakarincitykodit.fi\/pl\/#organization\"},\"potentialAction\":[{\"@type\":\"SearchAction\",\"target\":{\"@type\":\"EntryPoint\",\"urlTemplate\":\"https:\/\/www.sakarincitykodit.fi\/pl\/?s={search_term_string}\"},\"query-input\":{\"@type\":\"PropertyValueSpecification\",\"valueRequired\":true,\"valueName\":\"search_term_string\"}}],\"inLanguage\":\"pl-PL\"},{\"@type\":\"Organization\",\"@id\":\"https:\/\/www.sakarincitykodit.fi\/pl\/#organization\",\"name\":\"Sakarin Citykodit\",\"url\":\"https:\/\/www.sakarincitykodit.fi\/pl\/\",\"logo\":{\"@type\":\"ImageObject\",\"inLanguage\":\"pl-PL\",\"@id\":\"https:\/\/www.sakarincitykodit.fi\/pl\/#\/schema\/logo\/image\/\",\"url\":\"https:\/\/www.sakarincitykodit.fi\/wp-content\/uploads\/sakarin-citykodit-logo-245.png\",\"contentUrl\":\"https:\/\/www.sakarincitykodit.fi\/wp-content\/uploads\/sakarin-citykodit-logo-245.png\",\"width\":245,\"height\":39,\"caption\":\"Sakarin Citykodit\"},\"image\":{\"@id\":\"https:\/\/www.sakarincitykodit.fi\/pl\/#\/schema\/logo\/image\/\"}}]}<\/script>\n<!-- \/ Yoast SEO plugin. -->","yoast_head_json":{"title":"Umeblowane wypo\u017cyczalnie w Hamina - Sakarin Citykodit","robots":{"index":"index","follow":"follow","max-snippet":"max-snippet:-1","max-image-preview":"max-image-preview:large","max-video-preview":"max-video-preview:-1"},"canonical":"https:\/\/www.sakarincitykodit.fi\/pl\/nasza-lokalizacja\/umeblowane-wypozyczalnie-w-hamina\/","og_locale":"pl_PL","og_type":"article","og_title":"Umeblowane wypo\u017cyczalnie w Hamina - Sakarin Citykodit","og_description":"Hamina vapaat asunnot Kerrostaloasunto HAMINA Poitsila | KT 3h+k 77m2 | HETI VAPAA Riekontie 10, Hamina Umeblowane wypo\u017cyczalnie w Hamina Przeprowadzasz si\u0119 do Haminy lub regionu Hamina na nieco kr\u00f3tszy czas, na przyk\u0142ad z powodu pracy lub hobby? Umeblowane mieszkanie w Hamina to \u015bwietny wyb\u00f3r, zw\u0142aszcza je\u015bli nie chcesz sp\u0119dza\u0107 tego czasu w ciasnym i [&hellip;]","og_url":"https:\/\/www.sakarincitykodit.fi\/pl\/nasza-lokalizacja\/umeblowane-wypozyczalnie-w-hamina\/","og_site_name":"Sakarin Citykodit","article_modified_time":"2020-10-08T12:01:41+00:00","twitter_card":"summary_large_image","twitter_misc":{"Szacowany czas czytania":"1 minuta"},"schema":{"@context":"https:\/\/schema.org","@graph":[{"@type":"WebPage","@id":"https:\/\/www.sakarincitykodit.fi\/pl\/nasza-lokalizacja\/umeblowane-wypozyczalnie-w-hamina\/","url":"https:\/\/www.sakarincitykodit.fi\/pl\/nasza-lokalizacja\/umeblowane-wypozyczalnie-w-hamina\/","name":"Umeblowane wypo\u017cyczalnie w Hamina - Sakarin Citykodit","isPartOf":{"@id":"https:\/\/www.sakarincitykodit.fi\/pl\/#website"},"datePublished":"2018-11-05T08:01:30+00:00","dateModified":"2020-10-08T12:01:41+00:00","breadcrumb":{"@id":"https:\/\/www.sakarincitykodit.fi\/pl\/nasza-lokalizacja\/umeblowane-wypozyczalnie-w-hamina\/#breadcrumb"},"inLanguage":"pl-PL","potentialAction":[{"@type":"ReadAction","target":["https:\/\/www.sakarincitykodit.fi\/pl\/nasza-lokalizacja\/umeblowane-wypozyczalnie-w-hamina\/"]}]},{"@type":"BreadcrumbList","@id":"https:\/\/www.sakarincitykodit.fi\/pl\/nasza-lokalizacja\/umeblowane-wypozyczalnie-w-hamina\/#breadcrumb","itemListElement":[{"@type":"ListItem","position":1,"name":"W: strona g\u0142\u00f3wna","item":"https:\/\/www.sakarincitykodit.fi\/pl\/"},{"@type":"ListItem","position":2,"name":"Nasza lokalizacja","item":"https:\/\/www.sakarincitykodit.fi\/pl\/nasza-lokalizacja\/"},{"@type":"ListItem","position":3,"name":"Umeblowane wypo\u017cyczalnie w Hamina"}]},{"@type":"WebSite","@id":"https:\/\/www.sakarincitykodit.fi\/pl\/#website","url":"https:\/\/www.sakarincitykodit.fi\/pl\/","name":"Sakarin Citykodit","description":"Vuokraamme vapaat kalustetut vuokra-asunnot ymp&auml;ri Suomen!","publisher":{"@id":"https:\/\/www.sakarincitykodit.fi\/pl\/#organization"},"potentialAction":[{"@type":"SearchAction","target":{"@type":"EntryPoint","urlTemplate":"https:\/\/www.sakarincitykodit.fi\/pl\/?s={search_term_string}"},"query-input":{"@type":"PropertyValueSpecification","valueRequired":true,"valueName":"search_term_string"}}],"inLanguage":"pl-PL"},{"@type":"Organization","@id":"https:\/\/www.sakarincitykodit.fi\/pl\/#organization","name":"Sakarin Citykodit","url":"https:\/\/www.sakarincitykodit.fi\/pl\/","logo":{"@type":"ImageObject","inLanguage":"pl-PL","@id":"https:\/\/www.sakarincitykodit.fi\/pl\/#\/schema\/logo\/image\/","url":"https:\/\/www.sakarincitykodit.fi\/wp-content\/uploads\/sakarin-citykodit-logo-245.png","contentUrl":"https:\/\/www.sakarincitykodit.fi\/wp-content\/uploads\/sakarin-citykodit-logo-245.png","width":245,"height":39,"caption":"Sakarin Citykodit"},"image":{"@id":"https:\/\/www.sakarincitykodit.fi\/pl\/#\/schema\/logo\/image\/"}}]}},"_links":{"self":[{"href":"https:\/\/www.sakarincitykodit.fi\/pl\/wp-json\/wp\/v2\/pages\/4207","targetHints":{"allow":["GET"]}}],"collection":[{"href":"https:\/\/www.sakarincitykodit.fi\/pl\/wp-json\/wp\/v2\/pages"}],"about":[{"href":"https:\/\/www.sakarincitykodit.fi\/pl\/wp-json\/wp\/v2\/types\/page"}],"author":[{"embeddable":true,"href":"https:\/\/www.sakarincitykodit.fi\/pl\/wp-json\/wp\/v2\/users\/3"}],"replies":[{"embeddable":true,"href":"https:\/\/www.sakarincitykodit.fi\/pl\/wp-json\/wp\/v2\/comments?post=4207"}],"version-history":[{"count":0,"href":"https:\/\/www.sakarincitykodit.fi\/pl\/wp-json\/wp\/v2\/pages\/4207\/revisions"}],"up":[{"embeddable":true,"href":"https:\/\/www.sakarincitykodit.fi\/pl\/wp-json\/wp\/v2\/pages\/4386"}],"wp:attachment":[{"href":"https:\/\/www.sakarincitykodit.fi\/pl\/wp-json\/wp\/v2\/media?parent=4207"}],"curies":[{"name":"wp","href":"https:\/\/api.w.org\/{rel}","templated":true}]}}