{"id":4177,"date":"2018-11-05T09:46:45","date_gmt":"2018-11-05T07:46:45","guid":{"rendered":"https:\/\/www.sakarincitykodit.fi\/umeblowane-wypozyczalnie-w-vantaa\/"},"modified":"2020-10-08T13:27:18","modified_gmt":"2020-10-08T11:27:18","slug":"umeblowane-wypozyczalnie-w-vantaa","status":"publish","type":"page","link":"https:\/\/www.sakarincitykodit.fi\/pl\/nasza-lokalizacja\/umeblowane-wypozyczalnie-w-vantaa\/","title":{"rendered":"Umeblowane wypo\u017cyczalnie w Vantaa"},"content":{"rendered":"\t\t<div data-elementor-type=\"wp-page\" data-elementor-id=\"4177\" class=\"elementor elementor-4177 elementor-1224\">\n\t\t\t\t\t\t<section class=\"elementor-section elementor-top-section elementor-element elementor-element-36f23770 elementor-section-boxed elementor-section-height-default elementor-section-height-default\" data-id=\"36f23770\" data-element_type=\"section\">\n\t\t\t\t\t\t<div class=\"elementor-container elementor-column-gap-default\">\n\t\t\t\t\t<div class=\"elementor-column elementor-col-100 elementor-top-column elementor-element elementor-element-352b6a1c\" data-id=\"352b6a1c\" data-element_type=\"column\">\n\t\t\t<div class=\"elementor-widget-wrap elementor-element-populated\">\n\t\t\t\t\t\t<div class=\"elementor-element elementor-element-32f1978c elementor-widget elementor-widget-text-editor\" data-id=\"32f1978c\" data-element_type=\"widget\" data-widget_type=\"text-editor.default\">\n\t\t\t\t<div class=\"elementor-widget-container\">\n\t\t\t\t\t\t\t\t\t<div id=\"pl-1224\" class=\"panel-layout\">\n<div id=\"pg-1224-0\" class=\"panel-grid panel-no-style\" data-style=\"{\">\n<div id=\"pgc-1224-0-0\" class=\"panel-grid-cell\" data-weight=\"1\">\n<div id=\"panel-1224-0-0-0\" class=\"so-panel widget widget_sow-editor panel-first-child panel-last-child\" data-index=\"0\" data-style=\"{\">\n<div class=\"panel-widget-style panel-widget-style-for-1224-0-0-0\">\n<div class=\"so-widget-sow-editor so-widget-sow-editor-base\">\n<div class=\"siteorigin-widget-tinymce textwidget\">\n<h2>Darmowe umeblowane wypo\u017cyczalnie w Vantaa<\/h2>\n<p>Czy Twoje \u017cycie porusza si\u0119 z powodu pracy lub hobby? Czy \u015bciany pokoi hotelowych przewracaj\u0105 si\u0119 podczas podr\u00f3\u017cy? Na szcz\u0119\u015bcie dost\u0119pna jest r\u00f3wnie\u017c bardziej elastyczna opcja zakwaterowania. Umeblowane apartamenty do wynaj\u0119cia s\u0105 dost\u0119pne w Vantaa i wok\u00f3\u0142 Finlandii w r\u00f3\u017cnych lokalizacjach &#8211; r\u00f3wnie\u017c na potrzeby kr\u00f3tkoterminowe. Nasze <strong>kr\u00f3tkoterminowe umeblowane apartamenty w Vantaa<\/strong> s\u0142u\u017c\u0105 r\u00f3wnie\u017c jako zakwaterowanie dla wi\u0119cej ni\u017c jednej osoby, a w tym przypadku cz\u0119sto s\u0105 ta\u0144sze ni\u017c ka\u017cdy z naszych w\u0142asnych hoteli. Istnieje szeroki wyb\u00f3r kr\u00f3tkoterminowych i umeblowanych apartament\u00f3w do wynaj\u0119cia zar\u00f3wno dla jednego lub wi\u0119cej os\u00f3b potrzeb zakwaterowania zar\u00f3wno na wycieczki weekendowe i wynajem d\u0142ugoterminowy.<\/p>\n<p>Zostaw nam oddzwonienie!<\/p>\n<p class=\"p1\">\n<div class=\"wpcf7 no-js\" id=\"wpcf7-f5348-o1\" lang=\"pl-PL\" dir=\"ltr\" data-wpcf7-id=\"5348\">\n<div class=\"screen-reader-response\"><p role=\"status\" aria-live=\"polite\" aria-atomic=\"true\"><\/p> <ul><\/ul><\/div>\n<form action=\"\/pl\/wp-json\/wp\/v2\/pages\/4177#wpcf7-f5348-o1\" method=\"post\" class=\"wpcf7-form init\" aria-label=\"Formularz kontaktowy\" novalidate=\"novalidate\" data-status=\"init\">\n<div style=\"display: none;\">\n<input type=\"hidden\" name=\"_wpcf7\" value=\"5348\" \/>\n<input type=\"hidden\" name=\"_wpcf7_version\" value=\"6.0.6\" \/>\n<input type=\"hidden\" name=\"_wpcf7_locale\" value=\"pl_PL\" \/>\n<input type=\"hidden\" name=\"_wpcf7_unit_tag\" value=\"wpcf7-f5348-o1\" \/>\n<input type=\"hidden\" name=\"_wpcf7_container_post\" value=\"0\" \/>\n<input type=\"hidden\" name=\"_wpcf7_posted_data_hash\" value=\"\" \/>\n<\/div>\n<p><label>Enter your details and our business sales will contact you as soon as possible!<br \/>\n<\/label>\n<\/p>\n<div class=\"contact-us\">\n\t<div class=\"row\">\n\t\t<div class=\"col-xs-12 col-sm-6\">\n\t\t\t<p><span class=\"wpcf7-form-control-wrap\" data-name=\"your-yritys\"><input size=\"40\" maxlength=\"400\" class=\"wpcf7-form-control wpcf7-text wpcf7-validates-as-required form-control\" aria-required=\"true\" aria-invalid=\"false\" placeholder=\"The Company Name\" value=\"\" type=\"text\" name=\"your-yritys\" \/><\/span>\n\t\t\t<\/p>\n\t\t<\/div>\n\t\t<div class=\"col-xs-12 col-sm-6\">\n\t\t\t<p><span class=\"wpcf7-form-control-wrap\" data-name=\"your-tel\"><input size=\"40\" maxlength=\"400\" class=\"wpcf7-form-control wpcf7-tel wpcf7-validates-as-required wpcf7-text wpcf7-validates-as-tel form-control\" aria-required=\"true\" aria-invalid=\"false\" placeholder=\"Phone number\" value=\"\" type=\"tel\" name=\"your-tel\" \/><\/span>\n\t\t\t<\/p>\n\t\t<\/div>\n\t\t<div class=\"col-xs-12 col-sm-12\">\n\t\t\t<p><span class=\"wpcf7-form-control-wrap\" data-name=\"your-email\"><input size=\"40\" maxlength=\"400\" class=\"wpcf7-form-control wpcf7-email wpcf7-validates-as-required wpcf7-text wpcf7-validates-as-email form-control\" aria-required=\"true\" aria-invalid=\"false\" placeholder=\"Email\" value=\"\" type=\"email\" name=\"your-email\" \/><\/span>\n\t\t\t<\/p>\n\t\t<\/div>\n\t<\/div>\n\t<div class=\"clearfix\">\n\t\t<p><input class=\"wpcf7-form-control wpcf7-submit has-spinner btn pull-right btn-theme btn-inverse border-2\" type=\"submit\" value=\"Please contact me!\" \/>\n\t\t<\/p>\n\t<\/div>\n<\/div><div class=\"wpcf7-response-output\" aria-hidden=\"true\"><\/div>\n<\/form>\n<\/div>\n<\/p>\n<h2>Wynajmij kr\u00f3tkoterminowe mieszkanie w Vantaa<\/h2>\n<p>Wolisz gotowa\u0107 na w\u0142asn\u0105 prac\u0119 lub wyjazdy wakacyjne? Domowa forma mieszkania dla umeblowanego mieszkania umo\u017cliwia to i wiele innych rzeczy, do kt\u00f3rych hotel nie mo\u017ce si\u0119 zbyt cz\u0119sto przyzwyczai\u0107. Wynajem kr\u00f3tkoterminowego umeblowanego mieszkania na wynajem jest jak zakwaterowanie w hotelu, ale ze zwi\u0119kszon\u0105 elastyczno\u015bci\u0105, przestrzeni\u0105 i swobod\u0105. W trakcie pobytu Go\u015bcie otrzymaj\u0105 klucze do apartamentu oraz ca\u0142ego apartamentu zamiast jednego pokoju. Dokonaj rezerwacji i klucze do umeblowanego apartamentu \u0142atwo i szybko.<\/p>\n<h2>Mo\u017cesz znale\u017a\u0107 wszystkie nasze darmowe apartamenty na wynajem na raz<\/h2>\n<p>Znalezienie kr\u00f3tkoterminowych umeblowanych apartament\u00f3w w dzisiejszych czasach jest znacznie \u0142atwiejsze ni\u017c wcze\u015bniej. W naszym serwisie znajdziesz wszystkie bezp\u0142atne umeblowane wypo\u017cyczalnie w Vantaa i innych lokalizacjach w jednym miejscu naraz. W ten spos\u00f3b przegl\u0105danie r\u00f3\u017cnych dostawc\u00f3w us\u0142ug i stron internetowych nie wymaga czasu. Sytuacja bezp\u0142atnych apartament\u00f3w jest aktualizowana co 24 godziny, wi\u0119c je\u015bli mieszkanie nie zosta\u0142o znalezione ostatni raz, warto sprawdzi\u0107 ponownie, czy odpowiednie mieszkanie by\u0142o ju\u017c dost\u0119pne. Sprawd\u017a sytuacj\u0119 Vantaa, a tak\u017ce reszt\u0119 helsi\u0144skiej metropolii kr\u00f3tkoterminowych umeblowanych mieszka\u0144 na wynajem ju\u017c dzi\u015b.<\/p>\n<h2>Vantaa umeblowane apartamenty z dost\u0119pem do twoich potrzeb<\/h2>\n<p>Rozleg\u0142a sie\u0107 dost\u0119pu do aglomeracji pozwala wynaj\u0105\u0107 kr\u00f3tkoterminowe mieszkanie poza centrum miasta. W ten spos\u00f3b mo\u017cna uzyska\u0107 bardziej spokojne miejsce na wakacje lub prac\u0119. Dobre po\u0142\u0105czenia autobusowe i podmiejskie pozwalaj\u0105 wynaj\u0105\u0107 kr\u00f3tkoterminowe mieszkanie w Vantaa, nawet je\u015bli mo\u017cliwa praca jest na przyk\u0142ad w Helsinkach lub Espoo. Dlaczego nie sp\u0119dzi\u0107 wakacje lub prac\u0119 w ca\u0142ym mieszkaniu zamiast jednego pokoju na nast\u0119pnej podr\u00f3\u017cy?<\/p>\n<h2>Kontakt!<\/h2>\n<p>Czy brzmi to zbyt dobrze, aby mog\u0142o by\u0107 prawdziwe, czy te\u017c masz pytania dotycz\u0105ce wynajmu kr\u00f3tkoterminowego umeblowanego mieszkania? Zach\u0119camy do kontaktu z nami za po\u015brednictwem poczty elektronicznej varaus@sakarincitykodit.fi lub telefonicznie <a href=\"tel:+358440880567\">044 0880567<\/a>, a my z przyjemno\u015bci\u0105 opowiemy Ci wi\u0119cej o naszej us\u0142udze i odpowiemy na wszelkie pytania. Dane kontaktowe mo\u017cna znale\u017a\u0107 na naszej stronie internetowej.<\/p>\n<\/div>\n<\/div>\n<\/div>\n<\/div>\n<\/div>\n<\/div>\n<\/div>\n\t\t\t\t\t\t\t\t<\/div>\n\t\t\t\t<\/div>\n\t\t\t\t\t<\/div>\n\t\t<\/div>\n\t\t\t\t\t<\/div>\n\t\t<\/section>\n\t\t\t\t<\/div>\n\t\t","protected":false},"excerpt":{"rendered":"<p>Vantaa vapaat asunnot Kerrostaloasunto 100 000 000 0 KT 3h+k 78m2 | RIGHT AWAY FREE Darmowe umeblowane wypo\u017cyczalnie w Vantaa Czy Twoje \u017cycie porusza si\u0119 z powodu pracy lub hobby? Czy \u015bciany pokoi hotelowych przewracaj\u0105 si\u0119 podczas podr\u00f3\u017cy? Na szcz\u0119\u015bcie dost\u0119pna jest r\u00f3wnie\u017c bardziej elastyczna opcja zakwaterowania. Umeblowane apartamenty do wynaj\u0119cia s\u0105 dost\u0119pne w Vantaa [&hellip;]<\/p>\n","protected":false},"author":3,"featured_media":0,"parent":4386,"menu_order":0,"comment_status":"closed","ping_status":"closed","template":"","meta":{"footnotes":""},"class_list":["post-4177","page","type-page","status-publish","hentry"],"yoast_head":"<!-- This site is optimized with the Yoast SEO plugin v24.9 - https:\/\/yoast.com\/wordpress\/plugins\/seo\/ -->\n<title>Umeblowane wypo\u017cyczalnie w Vantaa - Sakarin Citykodit<\/title>\n<meta name=\"robots\" content=\"index, follow, max-snippet:-1, max-image-preview:large, max-video-preview:-1\" \/>\n<link rel=\"canonical\" href=\"https:\/\/www.sakarincitykodit.fi\/pl\/nasza-lokalizacja\/umeblowane-wypozyczalnie-w-vantaa\/\" \/>\n<meta property=\"og:locale\" content=\"pl_PL\" \/>\n<meta property=\"og:type\" content=\"article\" \/>\n<meta property=\"og:title\" content=\"Umeblowane wypo\u017cyczalnie w Vantaa - Sakarin Citykodit\" \/>\n<meta property=\"og:description\" content=\"Vantaa vapaat asunnot Kerrostaloasunto 100 000 000 0 KT 3h+k 78m2 | RIGHT AWAY FREE Darmowe umeblowane wypo\u017cyczalnie w Vantaa Czy Twoje \u017cycie porusza si\u0119 z powodu pracy lub hobby? Czy \u015bciany pokoi hotelowych przewracaj\u0105 si\u0119 podczas podr\u00f3\u017cy? Na szcz\u0119\u015bcie dost\u0119pna jest r\u00f3wnie\u017c bardziej elastyczna opcja zakwaterowania. Umeblowane apartamenty do wynaj\u0119cia s\u0105 dost\u0119pne w Vantaa [&hellip;]\" \/>\n<meta property=\"og:url\" content=\"https:\/\/www.sakarincitykodit.fi\/pl\/nasza-lokalizacja\/umeblowane-wypozyczalnie-w-vantaa\/\" \/>\n<meta property=\"og:site_name\" content=\"Sakarin Citykodit\" \/>\n<meta property=\"article:modified_time\" content=\"2020-10-08T11:27:18+00:00\" \/>\n<meta name=\"twitter:card\" content=\"summary_large_image\" \/>\n<meta name=\"twitter:label1\" content=\"Szacowany czas czytania\" \/>\n\t<meta name=\"twitter:data1\" content=\"2 minuty\" \/>\n<script type=\"application\/ld+json\" class=\"yoast-schema-graph\">{\"@context\":\"https:\/\/schema.org\",\"@graph\":[{\"@type\":\"WebPage\",\"@id\":\"https:\/\/www.sakarincitykodit.fi\/pl\/nasza-lokalizacja\/umeblowane-wypozyczalnie-w-vantaa\/\",\"url\":\"https:\/\/www.sakarincitykodit.fi\/pl\/nasza-lokalizacja\/umeblowane-wypozyczalnie-w-vantaa\/\",\"name\":\"Umeblowane wypo\u017cyczalnie w Vantaa - Sakarin Citykodit\",\"isPartOf\":{\"@id\":\"https:\/\/www.sakarincitykodit.fi\/pl\/#website\"},\"datePublished\":\"2018-11-05T07:46:45+00:00\",\"dateModified\":\"2020-10-08T11:27:18+00:00\",\"breadcrumb\":{\"@id\":\"https:\/\/www.sakarincitykodit.fi\/pl\/nasza-lokalizacja\/umeblowane-wypozyczalnie-w-vantaa\/#breadcrumb\"},\"inLanguage\":\"pl-PL\",\"potentialAction\":[{\"@type\":\"ReadAction\",\"target\":[\"https:\/\/www.sakarincitykodit.fi\/pl\/nasza-lokalizacja\/umeblowane-wypozyczalnie-w-vantaa\/\"]}]},{\"@type\":\"BreadcrumbList\",\"@id\":\"https:\/\/www.sakarincitykodit.fi\/pl\/nasza-lokalizacja\/umeblowane-wypozyczalnie-w-vantaa\/#breadcrumb\",\"itemListElement\":[{\"@type\":\"ListItem\",\"position\":1,\"name\":\"W: strona g\u0142\u00f3wna\",\"item\":\"https:\/\/www.sakarincitykodit.fi\/pl\/\"},{\"@type\":\"ListItem\",\"position\":2,\"name\":\"Nasza lokalizacja\",\"item\":\"https:\/\/www.sakarincitykodit.fi\/pl\/nasza-lokalizacja\/\"},{\"@type\":\"ListItem\",\"position\":3,\"name\":\"Umeblowane wypo\u017cyczalnie w Vantaa\"}]},{\"@type\":\"WebSite\",\"@id\":\"https:\/\/www.sakarincitykodit.fi\/pl\/#website\",\"url\":\"https:\/\/www.sakarincitykodit.fi\/pl\/\",\"name\":\"Sakarin Citykodit\",\"description\":\"Vuokraamme vapaat kalustetut vuokra-asunnot ymp&auml;ri Suomen!\",\"publisher\":{\"@id\":\"https:\/\/www.sakarincitykodit.fi\/pl\/#organization\"},\"potentialAction\":[{\"@type\":\"SearchAction\",\"target\":{\"@type\":\"EntryPoint\",\"urlTemplate\":\"https:\/\/www.sakarincitykodit.fi\/pl\/?s={search_term_string}\"},\"query-input\":{\"@type\":\"PropertyValueSpecification\",\"valueRequired\":true,\"valueName\":\"search_term_string\"}}],\"inLanguage\":\"pl-PL\"},{\"@type\":\"Organization\",\"@id\":\"https:\/\/www.sakarincitykodit.fi\/pl\/#organization\",\"name\":\"Sakarin Citykodit\",\"url\":\"https:\/\/www.sakarincitykodit.fi\/pl\/\",\"logo\":{\"@type\":\"ImageObject\",\"inLanguage\":\"pl-PL\",\"@id\":\"https:\/\/www.sakarincitykodit.fi\/pl\/#\/schema\/logo\/image\/\",\"url\":\"https:\/\/www.sakarincitykodit.fi\/wp-content\/uploads\/sakarin-citykodit-logo-245.png\",\"contentUrl\":\"https:\/\/www.sakarincitykodit.fi\/wp-content\/uploads\/sakarin-citykodit-logo-245.png\",\"width\":245,\"height\":39,\"caption\":\"Sakarin Citykodit\"},\"image\":{\"@id\":\"https:\/\/www.sakarincitykodit.fi\/pl\/#\/schema\/logo\/image\/\"}}]}<\/script>\n<!-- \/ Yoast SEO plugin. -->","yoast_head_json":{"title":"Umeblowane wypo\u017cyczalnie w Vantaa - Sakarin Citykodit","robots":{"index":"index","follow":"follow","max-snippet":"max-snippet:-1","max-image-preview":"max-image-preview:large","max-video-preview":"max-video-preview:-1"},"canonical":"https:\/\/www.sakarincitykodit.fi\/pl\/nasza-lokalizacja\/umeblowane-wypozyczalnie-w-vantaa\/","og_locale":"pl_PL","og_type":"article","og_title":"Umeblowane wypo\u017cyczalnie w Vantaa - Sakarin Citykodit","og_description":"Vantaa vapaat asunnot Kerrostaloasunto 100 000 000 0 KT 3h+k 78m2 | RIGHT AWAY FREE Darmowe umeblowane wypo\u017cyczalnie w Vantaa Czy Twoje \u017cycie porusza si\u0119 z powodu pracy lub hobby? Czy \u015bciany pokoi hotelowych przewracaj\u0105 si\u0119 podczas podr\u00f3\u017cy? Na szcz\u0119\u015bcie dost\u0119pna jest r\u00f3wnie\u017c bardziej elastyczna opcja zakwaterowania. Umeblowane apartamenty do wynaj\u0119cia s\u0105 dost\u0119pne w Vantaa [&hellip;]","og_url":"https:\/\/www.sakarincitykodit.fi\/pl\/nasza-lokalizacja\/umeblowane-wypozyczalnie-w-vantaa\/","og_site_name":"Sakarin Citykodit","article_modified_time":"2020-10-08T11:27:18+00:00","twitter_card":"summary_large_image","twitter_misc":{"Szacowany czas czytania":"2 minuty"},"schema":{"@context":"https:\/\/schema.org","@graph":[{"@type":"WebPage","@id":"https:\/\/www.sakarincitykodit.fi\/pl\/nasza-lokalizacja\/umeblowane-wypozyczalnie-w-vantaa\/","url":"https:\/\/www.sakarincitykodit.fi\/pl\/nasza-lokalizacja\/umeblowane-wypozyczalnie-w-vantaa\/","name":"Umeblowane wypo\u017cyczalnie w Vantaa - Sakarin Citykodit","isPartOf":{"@id":"https:\/\/www.sakarincitykodit.fi\/pl\/#website"},"datePublished":"2018-11-05T07:46:45+00:00","dateModified":"2020-10-08T11:27:18+00:00","breadcrumb":{"@id":"https:\/\/www.sakarincitykodit.fi\/pl\/nasza-lokalizacja\/umeblowane-wypozyczalnie-w-vantaa\/#breadcrumb"},"inLanguage":"pl-PL","potentialAction":[{"@type":"ReadAction","target":["https:\/\/www.sakarincitykodit.fi\/pl\/nasza-lokalizacja\/umeblowane-wypozyczalnie-w-vantaa\/"]}]},{"@type":"BreadcrumbList","@id":"https:\/\/www.sakarincitykodit.fi\/pl\/nasza-lokalizacja\/umeblowane-wypozyczalnie-w-vantaa\/#breadcrumb","itemListElement":[{"@type":"ListItem","position":1,"name":"W: strona g\u0142\u00f3wna","item":"https:\/\/www.sakarincitykodit.fi\/pl\/"},{"@type":"ListItem","position":2,"name":"Nasza lokalizacja","item":"https:\/\/www.sakarincitykodit.fi\/pl\/nasza-lokalizacja\/"},{"@type":"ListItem","position":3,"name":"Umeblowane wypo\u017cyczalnie w Vantaa"}]},{"@type":"WebSite","@id":"https:\/\/www.sakarincitykodit.fi\/pl\/#website","url":"https:\/\/www.sakarincitykodit.fi\/pl\/","name":"Sakarin Citykodit","description":"Vuokraamme vapaat kalustetut vuokra-asunnot ymp&auml;ri Suomen!","publisher":{"@id":"https:\/\/www.sakarincitykodit.fi\/pl\/#organization"},"potentialAction":[{"@type":"SearchAction","target":{"@type":"EntryPoint","urlTemplate":"https:\/\/www.sakarincitykodit.fi\/pl\/?s={search_term_string}"},"query-input":{"@type":"PropertyValueSpecification","valueRequired":true,"valueName":"search_term_string"}}],"inLanguage":"pl-PL"},{"@type":"Organization","@id":"https:\/\/www.sakarincitykodit.fi\/pl\/#organization","name":"Sakarin Citykodit","url":"https:\/\/www.sakarincitykodit.fi\/pl\/","logo":{"@type":"ImageObject","inLanguage":"pl-PL","@id":"https:\/\/www.sakarincitykodit.fi\/pl\/#\/schema\/logo\/image\/","url":"https:\/\/www.sakarincitykodit.fi\/wp-content\/uploads\/sakarin-citykodit-logo-245.png","contentUrl":"https:\/\/www.sakarincitykodit.fi\/wp-content\/uploads\/sakarin-citykodit-logo-245.png","width":245,"height":39,"caption":"Sakarin Citykodit"},"image":{"@id":"https:\/\/www.sakarincitykodit.fi\/pl\/#\/schema\/logo\/image\/"}}]}},"_links":{"self":[{"href":"https:\/\/www.sakarincitykodit.fi\/pl\/wp-json\/wp\/v2\/pages\/4177","targetHints":{"allow":["GET"]}}],"collection":[{"href":"https:\/\/www.sakarincitykodit.fi\/pl\/wp-json\/wp\/v2\/pages"}],"about":[{"href":"https:\/\/www.sakarincitykodit.fi\/pl\/wp-json\/wp\/v2\/types\/page"}],"author":[{"embeddable":true,"href":"https:\/\/www.sakarincitykodit.fi\/pl\/wp-json\/wp\/v2\/users\/3"}],"replies":[{"embeddable":true,"href":"https:\/\/www.sakarincitykodit.fi\/pl\/wp-json\/wp\/v2\/comments?post=4177"}],"version-history":[{"count":0,"href":"https:\/\/www.sakarincitykodit.fi\/pl\/wp-json\/wp\/v2\/pages\/4177\/revisions"}],"up":[{"embeddable":true,"href":"https:\/\/www.sakarincitykodit.fi\/pl\/wp-json\/wp\/v2\/pages\/4386"}],"wp:attachment":[{"href":"https:\/\/www.sakarincitykodit.fi\/pl\/wp-json\/wp\/v2\/media?parent=4177"}],"curies":[{"name":"wp","href":"https:\/\/api.w.org\/{rel}","templated":true}]}}