{"id":4437,"date":"2020-07-01T11:56:23","date_gmt":"2020-07-01T09:56:23","guid":{"rendered":"https:\/\/www.sakarincitykodit.fi\/mebelets-noma-helsinkos\/"},"modified":"2021-09-15T16:00:19","modified_gmt":"2021-09-15T14:00:19","slug":"mebelets-noma-helsinkos","status":"publish","type":"page","link":"https:\/\/www.sakarincitykodit.fi\/lv\/musu-atrasanas-vieta\/mebelets-noma-helsinkos\/","title":{"rendered":"M\u0113bel\u0113ts noma Helsinki"},"content":{"rendered":"\t\t<div data-elementor-type=\"wp-page\" data-elementor-id=\"4437\" class=\"elementor elementor-4437 elementor-3525\">\n\t\t\t\t\t\t<section class=\"elementor-section elementor-top-section elementor-element elementor-element-1f5f39a elementor-section-boxed elementor-section-height-default elementor-section-height-default\" data-id=\"1f5f39a\" data-element_type=\"section\">\n\t\t\t\t\t\t<div class=\"elementor-container elementor-column-gap-default\">\n\t\t\t\t\t<div class=\"elementor-column elementor-col-100 elementor-top-column elementor-element elementor-element-2414dfa\" data-id=\"2414dfa\" data-element_type=\"column\">\n\t\t\t<div class=\"elementor-widget-wrap elementor-element-populated\">\n\t\t\t\t\t\t<div class=\"elementor-element elementor-element-ee56a9a elementor-widget elementor-widget-text-editor\" data-id=\"ee56a9a\" data-element_type=\"widget\" data-widget_type=\"text-editor.default\">\n\t\t\t\t<div class=\"elementor-widget-container\">\n\t\t\t\t\t\t\t\t\t<h1>Bezmaksas m\u0113bel\u0113ts \u012bres Helsinki<\/h1>\n<p>Vai j\u016bs vad\u0101t mobilo dz\u012bvi da\u017e\u0101d\u0101s kopien\u0101s, piem\u0113ram, darbam? Jums ne vienm\u0113r ir izmantot viesn\u012bcu izmitin\u0101\u0161anu, bet tur ir ar\u012b elast\u012bg\u0101ka un br\u012bv\u0101ku iesp\u0113ju. M\u0113s pied\u0101v\u0101jam m\u0113bel\u0113tus \u012bres dz\u012bvok\u013cus da\u017e\u0101diem garumiem Helsinkos un daudz\u0101s cit\u0101s viet\u0101s Somij\u0101. M\u0113bel\u0113tie \u012bres dz\u012bvok\u013ci ar\u012b str\u0101d\u0101 uz\u0146\u0113muma vajadz\u012bb\u0101m, kur apme\u0161an\u0101s vietas ir nepiecie\u0161amas vair\u0101k cilv\u0113kiem. No pla\u0161a m\u0113bel\u0113tu dz\u012bvok\u013cu kl\u0101sta j\u016bs atrad\u012bsiet alternat\u012bvu j\u016bsu izmitin\u0101\u0161anas vajadz\u012bb\u0101m.<\/p>\n<h4>Vai v\u0113laties, lai m\u0113s jums piezvan\u012btu par br\u012bvajiem dz\u012bvok\u013ciem Helsinki? Atst\u0101j atzvan\u012b\u0161anu!<\/h4>\n\n<div class=\"wpcf7 no-js\" id=\"wpcf7-f5350-o1\" lang=\"lv-LV\" dir=\"ltr\" data-wpcf7-id=\"5350\">\n<div class=\"screen-reader-response\"><p role=\"status\" aria-live=\"polite\" aria-atomic=\"true\"><\/p> <ul><\/ul><\/div>\n<form action=\"\/lv\/wp-json\/wp\/v2\/pages\/4437#wpcf7-f5350-o1\" method=\"post\" class=\"wpcf7-form init\" aria-label=\"Contact form\" novalidate=\"novalidate\" data-status=\"init\">\n<div style=\"display: none;\">\n<input type=\"hidden\" name=\"_wpcf7\" value=\"5350\" \/>\n<input type=\"hidden\" name=\"_wpcf7_version\" value=\"6.0.6\" \/>\n<input type=\"hidden\" name=\"_wpcf7_locale\" value=\"lv_LV\" \/>\n<input type=\"hidden\" name=\"_wpcf7_unit_tag\" value=\"wpcf7-f5350-o1\" \/>\n<input type=\"hidden\" name=\"_wpcf7_container_post\" value=\"0\" \/>\n<input type=\"hidden\" name=\"_wpcf7_posted_data_hash\" value=\"\" \/>\n<\/div>\n<p><label>Enter your details and our business sales will contact you as soon as possible!<br \/>\n<\/label>\n<\/p>\n<div class=\"contact-us\">\n\t<div class=\"row\">\n\t\t<div class=\"col-xs-12 col-sm-6\">\n\t\t\t<p><span class=\"wpcf7-form-control-wrap\" data-name=\"your-yritys\"><input size=\"40\" maxlength=\"400\" class=\"wpcf7-form-control wpcf7-text wpcf7-validates-as-required form-control\" aria-required=\"true\" aria-invalid=\"false\" placeholder=\"The Company Name\" value=\"\" type=\"text\" name=\"your-yritys\" \/><\/span>\n\t\t\t<\/p>\n\t\t<\/div>\n\t\t<div class=\"col-xs-12 col-sm-6\">\n\t\t\t<p><span class=\"wpcf7-form-control-wrap\" data-name=\"your-tel\"><input size=\"40\" maxlength=\"400\" class=\"wpcf7-form-control wpcf7-tel wpcf7-validates-as-required wpcf7-text wpcf7-validates-as-tel form-control\" aria-required=\"true\" aria-invalid=\"false\" placeholder=\"Phone number\" value=\"\" type=\"tel\" name=\"your-tel\" \/><\/span>\n\t\t\t<\/p>\n\t\t<\/div>\n\t\t<div class=\"col-xs-12 col-sm-12\">\n\t\t\t<p><span class=\"wpcf7-form-control-wrap\" data-name=\"your-email\"><input size=\"40\" maxlength=\"400\" class=\"wpcf7-form-control wpcf7-email wpcf7-validates-as-required wpcf7-text wpcf7-validates-as-email form-control\" aria-required=\"true\" aria-invalid=\"false\" placeholder=\"Email\" value=\"\" type=\"email\" name=\"your-email\" \/><\/span>\n\t\t\t<\/p>\n\t\t<\/div>\n\t<\/div>\n\t<div class=\"clearfix\">\n\t\t<p><input class=\"wpcf7-form-control wpcf7-submit has-spinner btn pull-right btn-theme btn-inverse border-2\" type=\"submit\" value=\"Please contact me!\" \/>\n\t\t<\/p>\n\t<\/div>\n<\/div><div class=\"wpcf7-response-output\" aria-hidden=\"true\"><\/div>\n<\/form>\n<\/div>\n\n<h2>\u012ar\u0113t \u012bstermi\u0146a dz\u012bvokli Helsinki<\/h2>\n<p>M\u0101jas, piem\u0113ram, dz\u012bves veids \u013cauj dar\u012bt daudzas lietas, ka viesn\u012bca bie\u017ei vien nesp\u0113j \u012bstenot. Tas ir iemesls, k\u0101p\u0113c \u012bre \u012bstermi\u0146a m\u0113bel\u0113ts dz\u012bvoklis ir lielisks risin\u0101jums. J\u016bs varat gatavot, uzaicin\u0101t viesus un sa\u0146emt savas atsl\u0113gas uz savu dz\u012bvokli, kam\u0113r j\u016bs dz\u012bvojat sav\u0101 nomas dz\u012bvokl\u012b. \u012astermi\u0146a nomas dz\u012bvoklis ir elast\u012bg\u0101ks risin\u0101jums nek\u0101 viesn\u012bcas uztur\u0113\u0161an\u0101s. Ir ar\u012b iesp\u0113jams p\u0101riet uz \u012bstermi\u0146a dz\u012bvokli ar laul\u0101to vai pat visu \u0123imeni, ja j\u016bs v\u0113laties p\u0101rvietoties, bet nev\u0113laties apmesties past\u0101v\u012bgi jaun\u0101 pils\u0113t\u0101. Just ieg\u016bt atsl\u0113gas un apmesties j\u016bsu iepriek\u0161 m\u0113bel\u0113ts dz\u012bvoklis uz ierobe\u017eotu laiku.<\/p>\n<h2>J\u016bs varat atrast visus m\u016bsu bezmaksas \u012bres dz\u012bvok\u013cus uzreiz<\/h2>\n<p>M\u0113bel\u0113tu \u012bres dz\u012bvok\u013cu mekl\u0113\u0161ana ir daudz apgr\u016btin\u0101ta, ja jums ir p\u0101rl\u016bkot vair\u0101kas t\u012bmek\u013ca vietnes un pakalpojumu sniedz\u0113jus. Lai atvieglotu m\u016bsu pakalpojumu mekl\u0113\u0161anu, j\u016bs atrad\u012bsiet bezmaksas m\u0113bel\u0113tus \u012bres dz\u012bvok\u013cus da\u017e\u0101d\u0101s viet\u0101s vien\u0101 viet\u0101 vienlaic\u012bgi. Uz vietas j\u016bs atrad\u012bsiet visus m\u0113bel\u0113tos \u012bres dz\u012bvok\u013cus, kas ir sadal\u012bti pa viet\u0113jo teritoriju. Bezmaksas dz\u012bvok\u013ci tiek atjaunin\u0101ti ik p\u0113c 24 stund\u0101m, lai j\u016bs var\u0113tu uzraudz\u012bt situ\u0101ciju bezmaksas m\u0101jok\u013cu viet\u0101s katru dienu. Noklik\u0161\u0137iniet uz galam\u0113r\u0137a atra\u0161an\u0101s vietu uz vietas un izp\u0113t\u012bt, ja jums ir bezmaksas m\u0113bel\u0113ts nomas dz\u012bvoklis j\u016bsu izmitin\u0101\u0161anas vajadz\u012bb\u0101m.<\/p>\n<h2>Helsinki m\u0113bel\u0113ts dz\u012bvok\u013ci ar transporta piek\u013cuvi j\u016bsu vajadz\u012bb\u0101m<\/h2>\n<p>Nav gr\u016bti atrast \u012bstermi\u0146a \u012bres dz\u012bvokli Helsinki, kas atrodas net\u0101lu no labi funkcion\u0113jo\u0161iem transporta savienojumiem. Pla\u0161s metro, autobusu un tramvaju t\u012bkls \u013cauj jums iznom\u0101t dz\u012bvokli \u0101rpus pils\u0113tas centra, kur atrodas liel\u0101k\u0101 da\u013ca viesn\u012bcu. M\u0113bel\u0113ta dz\u012bvok\u013ca \u012bre ir tikpat vienk\u0101r\u0161a k\u0101 uztur\u0113\u0161an\u0101s viesn\u012bc\u0101, bet daudz elast\u012bg\u0101ks un br\u012bv\u0101ks risin\u0101jums. Vai jums pat\u012bk \u0161\u012b naktsm\u012btne, bet v\u0113l mazliet \u0161aub\u0101ties?<\/p>\n<h3>Kontaktpersonu!<\/h3>\n<p>Vai jums ir k\u0101di jaut\u0101jumi par \u012bstermi\u0146a \u012bri dz\u012bvokli, vai j\u016bs vienk\u0101r\u0161i v\u0113laties dzird\u0113t vair\u0101k? Sazinieties ar mums, un m\u0113s jums pateiks, cik viegli ir iznom\u0101t \u012bstermi\u0146a m\u0113bel\u0113ts dz\u012bvoklis! J\u016bs varat sazin\u0101ties ar mums pa t\u0101lruni, e-pastu vai aizpildot zem\u0101k eso\u0161o formu.<\/p>\n\n<div class=\"wpcf7 no-js\" id=\"wpcf7-f5334-o2\" lang=\"lv-LV\" dir=\"ltr\" data-wpcf7-id=\"5334\">\n<div class=\"screen-reader-response\"><p role=\"status\" aria-live=\"polite\" aria-atomic=\"true\"><\/p> <ul><\/ul><\/div>\n<form action=\"\/lv\/wp-json\/wp\/v2\/pages\/4437#wpcf7-f5334-o2\" method=\"post\" class=\"wpcf7-form init\" aria-label=\"Contact form\" novalidate=\"novalidate\" data-status=\"init\">\n<div style=\"display: none;\">\n<input type=\"hidden\" name=\"_wpcf7\" value=\"5334\" \/>\n<input type=\"hidden\" name=\"_wpcf7_version\" value=\"6.0.6\" \/>\n<input type=\"hidden\" name=\"_wpcf7_locale\" value=\"lv_LV\" \/>\n<input type=\"hidden\" name=\"_wpcf7_unit_tag\" value=\"wpcf7-f5334-o2\" \/>\n<input type=\"hidden\" name=\"_wpcf7_container_post\" value=\"0\" \/>\n<input type=\"hidden\" name=\"_wpcf7_posted_data_hash\" value=\"\" \/>\n<\/div>\n<div class=\"contact-us\">\n\t<div class=\"row\">\n\t\t<div class=\"col-xs-12 col-sm-6\">\n\t\t\t<p><span class=\"wpcf7-form-control-wrap\" data-name=\"your-name\"><input size=\"40\" maxlength=\"400\" class=\"wpcf7-form-control wpcf7-text wpcf7-validates-as-required form-control\" aria-required=\"true\" aria-invalid=\"false\" placeholder=\"Company name\" value=\"\" type=\"text\" name=\"your-name\" \/><\/span>\n\t\t\t<\/p>\n\t\t<\/div>\n\t\t<div class=\"col-xs-12 col-sm-6\">\n\t\t\t<p><span class=\"wpcf7-form-control-wrap\" data-name=\"your-tel\"><input size=\"40\" maxlength=\"400\" class=\"wpcf7-form-control wpcf7-tel wpcf7-validates-as-required wpcf7-text wpcf7-validates-as-tel form-control\" aria-required=\"true\" aria-invalid=\"false\" placeholder=\"Telephone\" value=\"\" type=\"tel\" name=\"your-tel\" \/><\/span>\n\t\t\t<\/p>\n\t\t<\/div>\n\t\t<div class=\"col-xs-12 col-sm-12\">\n\t\t\t<p><span class=\"wpcf7-form-control-wrap\" data-name=\"your-email\"><input size=\"40\" maxlength=\"400\" class=\"wpcf7-form-control wpcf7-email wpcf7-validates-as-required wpcf7-text wpcf7-validates-as-email form-control\" aria-required=\"true\" aria-invalid=\"false\" placeholder=\"Email\" value=\"\" type=\"email\" name=\"your-email\" \/><\/span>\n\t\t\t<\/p>\n\t\t<\/div>\n\t\t<div class=\"col-xs-12 col-sm-6\">\n\t\t\t<labal>City\n\t\t\t\t<p><span class=\"wpcf7-form-control-wrap\" data-name=\"menu-905\"><select class=\"wpcf7-form-control wpcf7-select wpcf7-validates-as-required\" aria-required=\"true\" aria-invalid=\"false\" name=\"menu-905\"><option value=\"Espoo\">Espoo<\/option><option value=\"Hamina\">Hamina<\/option><option value=\"Helsinki\">Helsinki<\/option><option value=\"Jyv\u00e4skyl\u00e4\">Jyv\u00e4skyl\u00e4<\/option><option value=\"J\u00e4rvenp\u00e4\u00e4\">J\u00e4rvenp\u00e4\u00e4<\/option><option value=\"Kerava\">Kerava<\/option><option value=\"Kuopio\">Kuopio<\/option><option value=\"Oulu\">Oulu<\/option><option value=\"Porvoo\">Porvoo<\/option><option value=\"Tampere\">Tampere<\/option><option value=\"Turku\">Turku<\/option><option value=\"Vaasa\">Vaasa<\/option><option value=\"Vantaa\">Vantaa<\/option><option value=\"Other city\">Other city<\/option><\/select><\/span>\n\t\t\t\t<\/p>\n\t\t\t<\/labal>\n\t\t<\/div>\n\t\t<div class=\"col-xs-12 col-sm-6\">\n\t\t\t<p><span class=\"wpcf7-form-control-wrap\" data-name=\"your-omakaupunki\"><input size=\"40\" maxlength=\"400\" class=\"wpcf7-form-control wpcf7-text form-control\" aria-invalid=\"false\" placeholder=\"Other city\" value=\"\" type=\"text\" name=\"your-omakaupunki\" \/><\/span>\n\t\t\t<\/p>\n\t\t<\/div>\n\t\t<div class=\"col-xs-12 col-sm-6\">\n\t\t\t<labal>Arrival:\n\t\t\t\t<p><span class=\"wpcf7-form-control-wrap\" data-name=\"date-946\"><input class=\"wpcf7-form-control wpcf7-date wpcf7-validates-as-date form-control\" aria-invalid=\"false\" placeholder=\"Arrival\" value=\"\" type=\"date\" name=\"date-946\" \/><\/span>\n\t\t\t\t<\/p>\n\t\t\t<\/labal>\n\t\t<\/div>\n\t\t<div class=\"col-xs-12 col-sm-6\">\n\t\t\t<labal>Departure:\n\t\t\t\t<p><span class=\"wpcf7-form-control-wrap\" data-name=\"date-706\"><input class=\"wpcf7-form-control wpcf7-date wpcf7-validates-as-date form-control\" aria-invalid=\"false\" placeholder=\"Departure\" value=\"\" type=\"date\" name=\"date-706\" \/><\/span>\n\t\t\t\t<\/p>\n\t\t\t<\/labal>\n\t\t<\/div>\n\t<\/div>\n\t<div>\n\t\t<p><span class=\"wpcf7-form-control-wrap\" data-name=\"your-message\"><textarea cols=\"40\" rows=\"10\" maxlength=\"2000\" class=\"wpcf7-form-control wpcf7-textarea form-control\" aria-invalid=\"false\" placeholder=\"Message\" name=\"your-message\"><\/textarea><\/span>\n\t\t<\/p>\n\t<\/div>\n\t<div class=\"clearfix\">\n\t\t<p><input class=\"wpcf7-form-control wpcf7-submit has-spinner btn pull-right btn-theme btn-inverse border-2\" type=\"submit\" value=\"Send\" \/>\n\t\t<\/p>\n\t<\/div>\n<\/div><div class=\"wpcf7-response-output\" aria-hidden=\"true\"><\/div>\n<\/form>\n<\/div>\n\t\t\t\t\t\t\t\t<\/div>\n\t\t\t\t<\/div>\n\t\t\t\t\t<\/div>\n\t\t<\/div>\n\t\t\t\t\t<\/div>\n\t\t<\/section>\n\t\t\t\t<\/div>\n\t\t","protected":false},"excerpt":{"rendered":"<p>Bezmaksas m\u0113bel\u0113ts \u012bres Helsinki Vai j\u016bs vad\u0101t mobilo dz\u012bvi da\u017e\u0101d\u0101s kopien\u0101s, piem\u0113ram, darbam? Jums ne vienm\u0113r ir izmantot viesn\u012bcu izmitin\u0101\u0161anu, bet tur ir ar\u012b elast\u012bg\u0101ka un br\u012bv\u0101ku iesp\u0113ju. M\u0113s pied\u0101v\u0101jam m\u0113bel\u0113tus \u012bres dz\u012bvok\u013cus da\u017e\u0101diem garumiem Helsinkos un daudz\u0101s cit\u0101s viet\u0101s Somij\u0101. M\u0113bel\u0113tie \u012bres dz\u012bvok\u013ci ar\u012b str\u0101d\u0101 uz\u0146\u0113muma vajadz\u012bb\u0101m, kur apme\u0161an\u0101s vietas ir nepiecie\u0161amas vair\u0101k cilv\u0113kiem. [&hellip;]<\/p>\n","protected":false},"author":3,"featured_media":0,"parent":4453,"menu_order":0,"comment_status":"closed","ping_status":"closed","template":"","meta":{"footnotes":""},"class_list":["post-4437","page","type-page","status-publish","hentry"],"yoast_head":"<!-- This site is optimized with the Yoast SEO plugin v24.9 - https:\/\/yoast.com\/wordpress\/plugins\/seo\/ -->\n<title>M\u0113bel\u0113ts noma Helsinki - Sakarin Citykodit<\/title>\n<meta name=\"robots\" content=\"index, follow, max-snippet:-1, max-image-preview:large, max-video-preview:-1\" \/>\n<link rel=\"canonical\" href=\"https:\/\/www.sakarincitykodit.fi\/lv\/musu-atrasanas-vieta\/mebelets-noma-helsinkos\/\" \/>\n<meta property=\"og:locale\" content=\"lv_LV\" \/>\n<meta property=\"og:type\" content=\"article\" \/>\n<meta property=\"og:title\" content=\"M\u0113bel\u0113ts noma Helsinki - Sakarin Citykodit\" \/>\n<meta property=\"og:description\" content=\"Bezmaksas m\u0113bel\u0113ts \u012bres Helsinki Vai j\u016bs vad\u0101t mobilo dz\u012bvi da\u017e\u0101d\u0101s kopien\u0101s, piem\u0113ram, darbam? Jums ne vienm\u0113r ir izmantot viesn\u012bcu izmitin\u0101\u0161anu, bet tur ir ar\u012b elast\u012bg\u0101ka un br\u012bv\u0101ku iesp\u0113ju. M\u0113s pied\u0101v\u0101jam m\u0113bel\u0113tus \u012bres dz\u012bvok\u013cus da\u017e\u0101diem garumiem Helsinkos un daudz\u0101s cit\u0101s viet\u0101s Somij\u0101. M\u0113bel\u0113tie \u012bres dz\u012bvok\u013ci ar\u012b str\u0101d\u0101 uz\u0146\u0113muma vajadz\u012bb\u0101m, kur apme\u0161an\u0101s vietas ir nepiecie\u0161amas vair\u0101k cilv\u0113kiem. [&hellip;]\" \/>\n<meta property=\"og:url\" content=\"https:\/\/www.sakarincitykodit.fi\/lv\/musu-atrasanas-vieta\/mebelets-noma-helsinkos\/\" \/>\n<meta property=\"og:site_name\" content=\"Sakarin Citykodit\" \/>\n<meta property=\"article:modified_time\" content=\"2021-09-15T14:00:19+00:00\" \/>\n<meta name=\"twitter:card\" content=\"summary_large_image\" \/>\n<meta name=\"twitter:label1\" content=\"Est. reading time\" \/>\n\t<meta name=\"twitter:data1\" content=\"2 minutes\" \/>\n<script type=\"application\/ld+json\" class=\"yoast-schema-graph\">{\"@context\":\"https:\/\/schema.org\",\"@graph\":[{\"@type\":\"WebPage\",\"@id\":\"https:\/\/www.sakarincitykodit.fi\/lv\/musu-atrasanas-vieta\/mebelets-noma-helsinkos\/\",\"url\":\"https:\/\/www.sakarincitykodit.fi\/lv\/musu-atrasanas-vieta\/mebelets-noma-helsinkos\/\",\"name\":\"M\u0113bel\u0113ts noma Helsinki - Sakarin Citykodit\",\"isPartOf\":{\"@id\":\"https:\/\/www.sakarincitykodit.fi\/lv\/#website\"},\"datePublished\":\"2020-07-01T09:56:23+00:00\",\"dateModified\":\"2021-09-15T14:00:19+00:00\",\"breadcrumb\":{\"@id\":\"https:\/\/www.sakarincitykodit.fi\/lv\/musu-atrasanas-vieta\/mebelets-noma-helsinkos\/#breadcrumb\"},\"inLanguage\":\"lv-LV\",\"potentialAction\":[{\"@type\":\"ReadAction\",\"target\":[\"https:\/\/www.sakarincitykodit.fi\/lv\/musu-atrasanas-vieta\/mebelets-noma-helsinkos\/\"]}]},{\"@type\":\"BreadcrumbList\",\"@id\":\"https:\/\/www.sakarincitykodit.fi\/lv\/musu-atrasanas-vieta\/mebelets-noma-helsinkos\/#breadcrumb\",\"itemListElement\":[{\"@type\":\"ListItem\",\"position\":1,\"name\":\"M\u0101jas\",\"item\":\"https:\/\/www.sakarincitykodit.fi\/lv\/\"},{\"@type\":\"ListItem\",\"position\":2,\"name\":\"M\u016bsu atra\u0161an\u0101s vieta\",\"item\":\"https:\/\/www.sakarincitykodit.fi\/lv\/musu-atrasanas-vieta\/\"},{\"@type\":\"ListItem\",\"position\":3,\"name\":\"M\u0113bel\u0113ts noma Helsinki\"}]},{\"@type\":\"WebSite\",\"@id\":\"https:\/\/www.sakarincitykodit.fi\/lv\/#website\",\"url\":\"https:\/\/www.sakarincitykodit.fi\/lv\/\",\"name\":\"Sakarin Citykodit\",\"description\":\"Vuokraamme vapaat kalustetut vuokra-asunnot ymp&auml;ri Suomen!\",\"publisher\":{\"@id\":\"https:\/\/www.sakarincitykodit.fi\/lv\/#organization\"},\"potentialAction\":[{\"@type\":\"SearchAction\",\"target\":{\"@type\":\"EntryPoint\",\"urlTemplate\":\"https:\/\/www.sakarincitykodit.fi\/lv\/?s={search_term_string}\"},\"query-input\":{\"@type\":\"PropertyValueSpecification\",\"valueRequired\":true,\"valueName\":\"search_term_string\"}}],\"inLanguage\":\"lv-LV\"},{\"@type\":\"Organization\",\"@id\":\"https:\/\/www.sakarincitykodit.fi\/lv\/#organization\",\"name\":\"Sakarin Citykodit\",\"url\":\"https:\/\/www.sakarincitykodit.fi\/lv\/\",\"logo\":{\"@type\":\"ImageObject\",\"inLanguage\":\"lv-LV\",\"@id\":\"https:\/\/www.sakarincitykodit.fi\/lv\/#\/schema\/logo\/image\/\",\"url\":\"https:\/\/www.sakarincitykodit.fi\/wp-content\/uploads\/sakarin-citykodit-logo-245.png\",\"contentUrl\":\"https:\/\/www.sakarincitykodit.fi\/wp-content\/uploads\/sakarin-citykodit-logo-245.png\",\"width\":245,\"height\":39,\"caption\":\"Sakarin Citykodit\"},\"image\":{\"@id\":\"https:\/\/www.sakarincitykodit.fi\/lv\/#\/schema\/logo\/image\/\"}}]}<\/script>\n<!-- \/ Yoast SEO plugin. -->","yoast_head_json":{"title":"M\u0113bel\u0113ts noma Helsinki - Sakarin Citykodit","robots":{"index":"index","follow":"follow","max-snippet":"max-snippet:-1","max-image-preview":"max-image-preview:large","max-video-preview":"max-video-preview:-1"},"canonical":"https:\/\/www.sakarincitykodit.fi\/lv\/musu-atrasanas-vieta\/mebelets-noma-helsinkos\/","og_locale":"lv_LV","og_type":"article","og_title":"M\u0113bel\u0113ts noma Helsinki - Sakarin Citykodit","og_description":"Bezmaksas m\u0113bel\u0113ts \u012bres Helsinki Vai j\u016bs vad\u0101t mobilo dz\u012bvi da\u017e\u0101d\u0101s kopien\u0101s, piem\u0113ram, darbam? Jums ne vienm\u0113r ir izmantot viesn\u012bcu izmitin\u0101\u0161anu, bet tur ir ar\u012b elast\u012bg\u0101ka un br\u012bv\u0101ku iesp\u0113ju. M\u0113s pied\u0101v\u0101jam m\u0113bel\u0113tus \u012bres dz\u012bvok\u013cus da\u017e\u0101diem garumiem Helsinkos un daudz\u0101s cit\u0101s viet\u0101s Somij\u0101. M\u0113bel\u0113tie \u012bres dz\u012bvok\u013ci ar\u012b str\u0101d\u0101 uz\u0146\u0113muma vajadz\u012bb\u0101m, kur apme\u0161an\u0101s vietas ir nepiecie\u0161amas vair\u0101k cilv\u0113kiem. [&hellip;]","og_url":"https:\/\/www.sakarincitykodit.fi\/lv\/musu-atrasanas-vieta\/mebelets-noma-helsinkos\/","og_site_name":"Sakarin Citykodit","article_modified_time":"2021-09-15T14:00:19+00:00","twitter_card":"summary_large_image","twitter_misc":{"Est. reading time":"2 minutes"},"schema":{"@context":"https:\/\/schema.org","@graph":[{"@type":"WebPage","@id":"https:\/\/www.sakarincitykodit.fi\/lv\/musu-atrasanas-vieta\/mebelets-noma-helsinkos\/","url":"https:\/\/www.sakarincitykodit.fi\/lv\/musu-atrasanas-vieta\/mebelets-noma-helsinkos\/","name":"M\u0113bel\u0113ts noma Helsinki - Sakarin Citykodit","isPartOf":{"@id":"https:\/\/www.sakarincitykodit.fi\/lv\/#website"},"datePublished":"2020-07-01T09:56:23+00:00","dateModified":"2021-09-15T14:00:19+00:00","breadcrumb":{"@id":"https:\/\/www.sakarincitykodit.fi\/lv\/musu-atrasanas-vieta\/mebelets-noma-helsinkos\/#breadcrumb"},"inLanguage":"lv-LV","potentialAction":[{"@type":"ReadAction","target":["https:\/\/www.sakarincitykodit.fi\/lv\/musu-atrasanas-vieta\/mebelets-noma-helsinkos\/"]}]},{"@type":"BreadcrumbList","@id":"https:\/\/www.sakarincitykodit.fi\/lv\/musu-atrasanas-vieta\/mebelets-noma-helsinkos\/#breadcrumb","itemListElement":[{"@type":"ListItem","position":1,"name":"M\u0101jas","item":"https:\/\/www.sakarincitykodit.fi\/lv\/"},{"@type":"ListItem","position":2,"name":"M\u016bsu atra\u0161an\u0101s vieta","item":"https:\/\/www.sakarincitykodit.fi\/lv\/musu-atrasanas-vieta\/"},{"@type":"ListItem","position":3,"name":"M\u0113bel\u0113ts noma Helsinki"}]},{"@type":"WebSite","@id":"https:\/\/www.sakarincitykodit.fi\/lv\/#website","url":"https:\/\/www.sakarincitykodit.fi\/lv\/","name":"Sakarin Citykodit","description":"Vuokraamme vapaat kalustetut vuokra-asunnot ymp&auml;ri Suomen!","publisher":{"@id":"https:\/\/www.sakarincitykodit.fi\/lv\/#organization"},"potentialAction":[{"@type":"SearchAction","target":{"@type":"EntryPoint","urlTemplate":"https:\/\/www.sakarincitykodit.fi\/lv\/?s={search_term_string}"},"query-input":{"@type":"PropertyValueSpecification","valueRequired":true,"valueName":"search_term_string"}}],"inLanguage":"lv-LV"},{"@type":"Organization","@id":"https:\/\/www.sakarincitykodit.fi\/lv\/#organization","name":"Sakarin Citykodit","url":"https:\/\/www.sakarincitykodit.fi\/lv\/","logo":{"@type":"ImageObject","inLanguage":"lv-LV","@id":"https:\/\/www.sakarincitykodit.fi\/lv\/#\/schema\/logo\/image\/","url":"https:\/\/www.sakarincitykodit.fi\/wp-content\/uploads\/sakarin-citykodit-logo-245.png","contentUrl":"https:\/\/www.sakarincitykodit.fi\/wp-content\/uploads\/sakarin-citykodit-logo-245.png","width":245,"height":39,"caption":"Sakarin Citykodit"},"image":{"@id":"https:\/\/www.sakarincitykodit.fi\/lv\/#\/schema\/logo\/image\/"}}]}},"_links":{"self":[{"href":"https:\/\/www.sakarincitykodit.fi\/lv\/wp-json\/wp\/v2\/pages\/4437","targetHints":{"allow":["GET"]}}],"collection":[{"href":"https:\/\/www.sakarincitykodit.fi\/lv\/wp-json\/wp\/v2\/pages"}],"about":[{"href":"https:\/\/www.sakarincitykodit.fi\/lv\/wp-json\/wp\/v2\/types\/page"}],"author":[{"embeddable":true,"href":"https:\/\/www.sakarincitykodit.fi\/lv\/wp-json\/wp\/v2\/users\/3"}],"replies":[{"embeddable":true,"href":"https:\/\/www.sakarincitykodit.fi\/lv\/wp-json\/wp\/v2\/comments?post=4437"}],"version-history":[{"count":0,"href":"https:\/\/www.sakarincitykodit.fi\/lv\/wp-json\/wp\/v2\/pages\/4437\/revisions"}],"up":[{"embeddable":true,"href":"https:\/\/www.sakarincitykodit.fi\/lv\/wp-json\/wp\/v2\/pages\/4453"}],"wp:attachment":[{"href":"https:\/\/www.sakarincitykodit.fi\/lv\/wp-json\/wp\/v2\/media?parent=4437"}],"curies":[{"name":"wp","href":"https:\/\/api.w.org\/{rel}","templated":true}]}}