{"id":4333,"date":"2018-11-05T10:03:15","date_gmt":"2018-11-05T08:03:15","guid":{"rendered":"https:\/\/www.sakarincitykodit.fi\/mebelets-ires-pilseta-kuopio\/"},"modified":"2020-10-08T14:01:24","modified_gmt":"2020-10-08T12:01:24","slug":"mebelets-ires-pilseta-kuopio","status":"publish","type":"page","link":"https:\/\/www.sakarincitykodit.fi\/lv\/musu-atrasanas-vieta\/mebelets-ires-pilseta-kuopio\/","title":{"rendered":"M\u0113bel\u0113ts \u012bres pils\u0113t\u0101 Kuopio"},"content":{"rendered":"\t\t<div data-elementor-type=\"wp-page\" data-elementor-id=\"4333\" class=\"elementor elementor-4333 elementor-1256\">\n\t\t\t\t\t\t<section class=\"elementor-section elementor-top-section elementor-element elementor-element-cbcdd1c elementor-section-boxed elementor-section-height-default elementor-section-height-default\" data-id=\"cbcdd1c\" data-element_type=\"section\">\n\t\t\t\t\t\t<div class=\"elementor-container elementor-column-gap-default\">\n\t\t\t\t\t<div class=\"elementor-column elementor-col-100 elementor-top-column elementor-element elementor-element-76abaca1\" data-id=\"76abaca1\" data-element_type=\"column\">\n\t\t\t<div class=\"elementor-widget-wrap elementor-element-populated\">\n\t\t\t\t\t\t<div class=\"elementor-element elementor-element-4cc9b5c8 elementor-widget elementor-widget-text-editor\" data-id=\"4cc9b5c8\" data-element_type=\"widget\" data-widget_type=\"text-editor.default\">\n\t\t\t\t<div class=\"elementor-widget-container\">\n\t\t\t\t\t\t\t\t\t<div id=\"pl-1256\" class=\"panel-layout\">\n<div id=\"pg-1256-0\" class=\"panel-grid panel-no-style\" data-style=\"{\"background_display\":\"tile\",\"cell_alignment\":\"flex-start\"}\">\n<div id=\"pgc-1256-0-0\" class=\"panel-grid-cell\" data-weight=\"1\">\n<div id=\"panel-1256-0-0-0\" class=\"so-panel widget widget_sow-editor panel-first-child panel-last-child\" data-index=\"0\" data-style=\"{\"padding\":\"0px 0px 0px 60px\",\"background_image_attachment\":false,\"background_display\":\"tile\"}\">\n<div class=\"panel-widget-style panel-widget-style-for-1256-0-0-0\">\n<div class=\"so-widget-sow-editor so-widget-sow-editor-base\">\n<div class=\"siteorigin-widget-tinymce textwidget\">\n<h2><b>M\u0113bel\u0113ts nomas dz\u012bvok\u013ci pils\u0113t\u0101 Kuopio<\/b><b><\/b><\/h2>\n<p><span style=\"font-weight: 400;\">M\u0113bel\u0113tajam \u012bres dz\u012bvoklim ir j\u0101b\u016bt \u0113rtam, funkcion\u0101lam un lab\u0101 viet\u0101. \u0160eit ir pieejami tik labi apr\u012bkoti un augstas kvalit\u0101tes \u012bres dz\u012bvok\u013ci! M\u0113s pied\u0101v\u0101jam funkcion\u0101lus un efekt\u012bvus risin\u0101jumus pagaidu m\u0101jok\u013ciem visiem uz\u0146\u0113mumiem un priv\u0101tiem klientiem Kuopio. P\u0101reja uz m\u016bsu iepriek\u0161 m\u0113bel\u0113tajiem \u012bres dz\u012bvok\u013ciem ir vienk\u0101r\u0161a un nodro\u0161ina m\u0101j\u012bgu vidi, piem\u0113ram, gigau darbiniekiem. &nbsp;Neatkar\u012bgi no pagaidu noma ir tas, kas jums nepiecie\u0161ams, jaut\u0101jiet mums. M\u016bsu augstas kvalit\u0101tes dz\u012bvok\u013ci pied\u0101v\u0101 iesp\u0113ju dz\u012bvot savu, un augstas kvalit\u0101tes m\u0113beles un sadz\u012bves tehnika \u013cauj jums ir norm\u0101la ikdienas dz\u012bve ar savu ve\u013cas mazg\u0101\u0161anas iesp\u0113jas. Ir ar\u012b pat\u012bkami pavad\u012bt br\u012bvo laiku m\u016bsu \u0113rtaj\u0101 vid\u0113.<\/span><\/p>\n<h2><b>M\u0113s iznom\u0101am \u012bstermi\u0146a dz\u012bvok\u013cus Kuopio, kas jau ir m\u0113bel\u0113ti<\/b><\/h2>\n<p><span style=\"font-weight: 400;\">Nepiecie\u0161am\u012bba p\u0113c \u012bstermi\u0146a dz\u012bvoklis var b\u016bt viena ned\u0113\u013ca vai pusotru gadu. Vai jums ir nepiecie\u0161ams dz\u012bvoklis Kuopio \u012bs\u0101ku vai ilg\u0101ku laiku, j\u016bs sa\u0146emsiet funkcion\u0101lu b\u0101zi caur mums. Nicer pagaidu m\u0101j\u0101s, jo viegl\u0101k ir palaist ikdienas dz\u012bvi. M\u0113bel\u0113ta dz\u012bvok\u013ca \u012bre ir viegls un bezstresa risin\u0101jums, \u012bpa\u0161i \u0123imen\u0113m ar b\u0113rniem un citiem aiz\u0146emtiem cilv\u0113kiem. P\u0101reja uz jaunu dz\u012bvokli ir viegli, kad viss ir gatavs. Nav stresa p\u0101rvietojas k\u0101rt\u012bbu, piem\u0113ram, uzskaites lietas un dokumentu k\u0101rto\u0161anu. Atgrie\u017eoties pie past\u0101v\u012bga dz\u012bvok\u013ca, b\u016bs tikpat gluda laik\u0101, un gal\u012bgo t\u012br\u012b\u0161anu var uztic\u0113t m\u016bsu partneru t\u012bklam, ja tas ir nepiecie\u0161ams. Viss, kas jums ir nepiecie\u0161ams, lai iet ar jums ir vissvar\u012bg\u0101kais ap\u0123\u0113rbs un person\u012bg\u0101s lietas!<\/span><\/p>\n<h2><b>Ir viegli sal\u012bdzin\u0101t m\u016bsu bezmaksas \u012bres dz\u012bvok\u013cus<\/b><\/h2>\n<p><span style=\"font-weight: 400;\">M\u016bsu m\u0101jas lap\u0101 pied\u0101v\u0101 visus m\u016bsu pieejamos m\u0113bel\u0113ts nomas dz\u012bvok\u013ci Kuopio, t\u0101p\u0113c nav nepiecie\u0161ams laiks, lai atrastu piem\u0113rotu dz\u012bvokli. Tas ir viegli izv\u0113l\u0113ties no pareiz\u0101 izm\u0113ra un lab\u0101ko atra\u0161an\u0101s vietu jums. Sazinieties ar mums, un praktiskie pas\u0101kumi dr\u012bz tiks veikti, un jums b\u016bs iesp\u0113ja p\u0101rvietoties. M\u0113s esam ieguld\u012bju\u0161i l\u012bdzek\u013cus m\u016bsu pakalpojumu vienm\u0113r\u012bgai darb\u012bbai un elast\u012bbai.<\/span><\/p>\n<h2><b>M\u0113bel\u0113t\u0101 noma atrodas kuopio transporta savienojumos.<\/b><\/h2>\n<p><span style=\"font-weight: 400;\">M\u016bsu dz\u012bvok\u013ci ir izv\u0113l\u0113ti, lai kalpotu p\u0113c iesp\u0113jas plat\u0101ka klientu b\u0101zei. T\u0101p\u0113c tie vienm\u0113r ir savienoti ar labi funkcion\u0113jo\u0161iem transporta savienojumiem un ir labi apr\u012bkoti. Labi izstr\u0101d\u0101tas iek\u0101rtas \u013cauj jums ir m\u0101j\u012bgs un funkcion\u0101ls iestat\u012bjums visu veidu pagaidu dz\u012bves. \u012ares maksa tiek maks\u0101ta tikai par uztur\u0113\u0161an\u0101s laiku, kas ir l\u012bdz\u012bgs viesn\u012bcai, bet m\u0113bel\u0113ta studijas tipa dz\u012bvok\u013ca, vienas gu\u013camistabas vai liel\u0101ka dz\u012bvok\u013ca \u012bre ir daudz elast\u012bg\u0101ka nek\u0101 dz\u012bvo\u0161ana viesn\u012bc\u0101. <\/span><\/p>\n<h2><b>M\u0113s kalpojam pa t\u0101lruni vai e-pastu<\/b><\/h2>\n<p><span style=\"font-weight: 400;\">M\u0113bel\u0113tu \u012bres dz\u012bvok\u013cu noma var rad\u012bt jaut\u0101jumus, t\u0101p\u0113c, l\u016bdzu, sazinieties ar mums pa e-pastu varaus@sakarincitykodit.fi <a href=\"tel:+358440880567\">pa t\u0101lruni +358 44 0880567<\/a>. M\u0113s pal\u012bdz\u0113sim Jums atrast lab\u0101kos apme\u0161an\u0101s risin\u0101jumus Kuopio!<\/span><\/p>\n<\/div>\n<\/div>\n<\/div>\n<\/div>\n<\/div>\n<\/div>\n<\/div>\n\t\t\t\t\t\t\t\t<\/div>\n\t\t\t\t<\/div>\n\t\t\t\t\t<\/div>\n\t\t<\/div>\n\t\t\t\t\t<\/div>\n\t\t<\/section>\n\t\t\t\t<\/div>\n\t\t","protected":false},"excerpt":{"rendered":"<p>M\u0113bel\u0113ts nomas dz\u012bvok\u013ci pils\u0113t\u0101 Kuopio M\u0113bel\u0113tajam \u012bres dz\u012bvoklim ir j\u0101b\u016bt \u0113rtam, funkcion\u0101lam un lab\u0101 viet\u0101. \u0160eit ir pieejami tik labi apr\u012bkoti un augstas kvalit\u0101tes \u012bres dz\u012bvok\u013ci! M\u0113s pied\u0101v\u0101jam funkcion\u0101lus un efekt\u012bvus risin\u0101jumus pagaidu m\u0101jok\u013ciem visiem uz\u0146\u0113mumiem un priv\u0101tiem klientiem Kuopio. P\u0101reja uz m\u016bsu iepriek\u0161 m\u0113bel\u0113tajiem \u012bres dz\u012bvok\u013ciem ir vienk\u0101r\u0161a un nodro\u0161ina m\u0101j\u012bgu vidi, piem\u0113ram, gigau [&hellip;]<\/p>\n","protected":false},"author":3,"featured_media":0,"parent":4453,"menu_order":0,"comment_status":"closed","ping_status":"closed","template":"","meta":{"footnotes":""},"class_list":["post-4333","page","type-page","status-publish","hentry"],"yoast_head":"<!-- This site is optimized with the Yoast SEO plugin v24.9 - https:\/\/yoast.com\/wordpress\/plugins\/seo\/ -->\n<title>M\u0113bel\u0113ts \u012bres pils\u0113t\u0101 Kuopio - Sakarin Citykodit<\/title>\n<meta name=\"robots\" content=\"index, follow, max-snippet:-1, max-image-preview:large, max-video-preview:-1\" \/>\n<link rel=\"canonical\" href=\"https:\/\/www.sakarincitykodit.fi\/lv\/musu-atrasanas-vieta\/mebelets-ires-pilseta-kuopio\/\" \/>\n<meta property=\"og:locale\" content=\"lv_LV\" \/>\n<meta property=\"og:type\" content=\"article\" \/>\n<meta property=\"og:title\" content=\"M\u0113bel\u0113ts \u012bres pils\u0113t\u0101 Kuopio - Sakarin Citykodit\" \/>\n<meta property=\"og:description\" content=\"M\u0113bel\u0113ts nomas dz\u012bvok\u013ci pils\u0113t\u0101 Kuopio M\u0113bel\u0113tajam \u012bres dz\u012bvoklim ir j\u0101b\u016bt \u0113rtam, funkcion\u0101lam un lab\u0101 viet\u0101. \u0160eit ir pieejami tik labi apr\u012bkoti un augstas kvalit\u0101tes \u012bres dz\u012bvok\u013ci! M\u0113s pied\u0101v\u0101jam funkcion\u0101lus un efekt\u012bvus risin\u0101jumus pagaidu m\u0101jok\u013ciem visiem uz\u0146\u0113mumiem un priv\u0101tiem klientiem Kuopio. P\u0101reja uz m\u016bsu iepriek\u0161 m\u0113bel\u0113tajiem \u012bres dz\u012bvok\u013ciem ir vienk\u0101r\u0161a un nodro\u0161ina m\u0101j\u012bgu vidi, piem\u0113ram, gigau [&hellip;]\" \/>\n<meta property=\"og:url\" content=\"https:\/\/www.sakarincitykodit.fi\/lv\/musu-atrasanas-vieta\/mebelets-ires-pilseta-kuopio\/\" \/>\n<meta property=\"og:site_name\" content=\"Sakarin Citykodit\" \/>\n<meta property=\"article:modified_time\" content=\"2020-10-08T12:01:24+00:00\" \/>\n<meta name=\"twitter:card\" content=\"summary_large_image\" \/>\n<meta name=\"twitter:label1\" content=\"Est. reading time\" \/>\n\t<meta name=\"twitter:data1\" content=\"3 minutes\" \/>\n<script type=\"application\/ld+json\" class=\"yoast-schema-graph\">{\"@context\":\"https:\/\/schema.org\",\"@graph\":[{\"@type\":\"WebPage\",\"@id\":\"https:\/\/www.sakarincitykodit.fi\/lv\/musu-atrasanas-vieta\/mebelets-ires-pilseta-kuopio\/\",\"url\":\"https:\/\/www.sakarincitykodit.fi\/lv\/musu-atrasanas-vieta\/mebelets-ires-pilseta-kuopio\/\",\"name\":\"M\u0113bel\u0113ts \u012bres pils\u0113t\u0101 Kuopio - Sakarin Citykodit\",\"isPartOf\":{\"@id\":\"https:\/\/www.sakarincitykodit.fi\/lv\/#website\"},\"datePublished\":\"2018-11-05T08:03:15+00:00\",\"dateModified\":\"2020-10-08T12:01:24+00:00\",\"breadcrumb\":{\"@id\":\"https:\/\/www.sakarincitykodit.fi\/lv\/musu-atrasanas-vieta\/mebelets-ires-pilseta-kuopio\/#breadcrumb\"},\"inLanguage\":\"lv-LV\",\"potentialAction\":[{\"@type\":\"ReadAction\",\"target\":[\"https:\/\/www.sakarincitykodit.fi\/lv\/musu-atrasanas-vieta\/mebelets-ires-pilseta-kuopio\/\"]}]},{\"@type\":\"BreadcrumbList\",\"@id\":\"https:\/\/www.sakarincitykodit.fi\/lv\/musu-atrasanas-vieta\/mebelets-ires-pilseta-kuopio\/#breadcrumb\",\"itemListElement\":[{\"@type\":\"ListItem\",\"position\":1,\"name\":\"M\u0101jas\",\"item\":\"https:\/\/www.sakarincitykodit.fi\/lv\/\"},{\"@type\":\"ListItem\",\"position\":2,\"name\":\"M\u016bsu atra\u0161an\u0101s vieta\",\"item\":\"https:\/\/www.sakarincitykodit.fi\/lv\/musu-atrasanas-vieta\/\"},{\"@type\":\"ListItem\",\"position\":3,\"name\":\"M\u0113bel\u0113ts \u012bres pils\u0113t\u0101 Kuopio\"}]},{\"@type\":\"WebSite\",\"@id\":\"https:\/\/www.sakarincitykodit.fi\/lv\/#website\",\"url\":\"https:\/\/www.sakarincitykodit.fi\/lv\/\",\"name\":\"Sakarin Citykodit\",\"description\":\"Vuokraamme vapaat kalustetut vuokra-asunnot ymp&auml;ri Suomen!\",\"publisher\":{\"@id\":\"https:\/\/www.sakarincitykodit.fi\/lv\/#organization\"},\"potentialAction\":[{\"@type\":\"SearchAction\",\"target\":{\"@type\":\"EntryPoint\",\"urlTemplate\":\"https:\/\/www.sakarincitykodit.fi\/lv\/?s={search_term_string}\"},\"query-input\":{\"@type\":\"PropertyValueSpecification\",\"valueRequired\":true,\"valueName\":\"search_term_string\"}}],\"inLanguage\":\"lv-LV\"},{\"@type\":\"Organization\",\"@id\":\"https:\/\/www.sakarincitykodit.fi\/lv\/#organization\",\"name\":\"Sakarin Citykodit\",\"url\":\"https:\/\/www.sakarincitykodit.fi\/lv\/\",\"logo\":{\"@type\":\"ImageObject\",\"inLanguage\":\"lv-LV\",\"@id\":\"https:\/\/www.sakarincitykodit.fi\/lv\/#\/schema\/logo\/image\/\",\"url\":\"https:\/\/www.sakarincitykodit.fi\/wp-content\/uploads\/sakarin-citykodit-logo-245.png\",\"contentUrl\":\"https:\/\/www.sakarincitykodit.fi\/wp-content\/uploads\/sakarin-citykodit-logo-245.png\",\"width\":245,\"height\":39,\"caption\":\"Sakarin Citykodit\"},\"image\":{\"@id\":\"https:\/\/www.sakarincitykodit.fi\/lv\/#\/schema\/logo\/image\/\"}}]}<\/script>\n<!-- \/ Yoast SEO plugin. -->","yoast_head_json":{"title":"M\u0113bel\u0113ts \u012bres pils\u0113t\u0101 Kuopio - Sakarin Citykodit","robots":{"index":"index","follow":"follow","max-snippet":"max-snippet:-1","max-image-preview":"max-image-preview:large","max-video-preview":"max-video-preview:-1"},"canonical":"https:\/\/www.sakarincitykodit.fi\/lv\/musu-atrasanas-vieta\/mebelets-ires-pilseta-kuopio\/","og_locale":"lv_LV","og_type":"article","og_title":"M\u0113bel\u0113ts \u012bres pils\u0113t\u0101 Kuopio - Sakarin Citykodit","og_description":"M\u0113bel\u0113ts nomas dz\u012bvok\u013ci pils\u0113t\u0101 Kuopio M\u0113bel\u0113tajam \u012bres dz\u012bvoklim ir j\u0101b\u016bt \u0113rtam, funkcion\u0101lam un lab\u0101 viet\u0101. \u0160eit ir pieejami tik labi apr\u012bkoti un augstas kvalit\u0101tes \u012bres dz\u012bvok\u013ci! M\u0113s pied\u0101v\u0101jam funkcion\u0101lus un efekt\u012bvus risin\u0101jumus pagaidu m\u0101jok\u013ciem visiem uz\u0146\u0113mumiem un priv\u0101tiem klientiem Kuopio. P\u0101reja uz m\u016bsu iepriek\u0161 m\u0113bel\u0113tajiem \u012bres dz\u012bvok\u013ciem ir vienk\u0101r\u0161a un nodro\u0161ina m\u0101j\u012bgu vidi, piem\u0113ram, gigau [&hellip;]","og_url":"https:\/\/www.sakarincitykodit.fi\/lv\/musu-atrasanas-vieta\/mebelets-ires-pilseta-kuopio\/","og_site_name":"Sakarin Citykodit","article_modified_time":"2020-10-08T12:01:24+00:00","twitter_card":"summary_large_image","twitter_misc":{"Est. reading time":"3 minutes"},"schema":{"@context":"https:\/\/schema.org","@graph":[{"@type":"WebPage","@id":"https:\/\/www.sakarincitykodit.fi\/lv\/musu-atrasanas-vieta\/mebelets-ires-pilseta-kuopio\/","url":"https:\/\/www.sakarincitykodit.fi\/lv\/musu-atrasanas-vieta\/mebelets-ires-pilseta-kuopio\/","name":"M\u0113bel\u0113ts \u012bres pils\u0113t\u0101 Kuopio - Sakarin Citykodit","isPartOf":{"@id":"https:\/\/www.sakarincitykodit.fi\/lv\/#website"},"datePublished":"2018-11-05T08:03:15+00:00","dateModified":"2020-10-08T12:01:24+00:00","breadcrumb":{"@id":"https:\/\/www.sakarincitykodit.fi\/lv\/musu-atrasanas-vieta\/mebelets-ires-pilseta-kuopio\/#breadcrumb"},"inLanguage":"lv-LV","potentialAction":[{"@type":"ReadAction","target":["https:\/\/www.sakarincitykodit.fi\/lv\/musu-atrasanas-vieta\/mebelets-ires-pilseta-kuopio\/"]}]},{"@type":"BreadcrumbList","@id":"https:\/\/www.sakarincitykodit.fi\/lv\/musu-atrasanas-vieta\/mebelets-ires-pilseta-kuopio\/#breadcrumb","itemListElement":[{"@type":"ListItem","position":1,"name":"M\u0101jas","item":"https:\/\/www.sakarincitykodit.fi\/lv\/"},{"@type":"ListItem","position":2,"name":"M\u016bsu atra\u0161an\u0101s vieta","item":"https:\/\/www.sakarincitykodit.fi\/lv\/musu-atrasanas-vieta\/"},{"@type":"ListItem","position":3,"name":"M\u0113bel\u0113ts \u012bres pils\u0113t\u0101 Kuopio"}]},{"@type":"WebSite","@id":"https:\/\/www.sakarincitykodit.fi\/lv\/#website","url":"https:\/\/www.sakarincitykodit.fi\/lv\/","name":"Sakarin Citykodit","description":"Vuokraamme vapaat kalustetut vuokra-asunnot ymp&auml;ri Suomen!","publisher":{"@id":"https:\/\/www.sakarincitykodit.fi\/lv\/#organization"},"potentialAction":[{"@type":"SearchAction","target":{"@type":"EntryPoint","urlTemplate":"https:\/\/www.sakarincitykodit.fi\/lv\/?s={search_term_string}"},"query-input":{"@type":"PropertyValueSpecification","valueRequired":true,"valueName":"search_term_string"}}],"inLanguage":"lv-LV"},{"@type":"Organization","@id":"https:\/\/www.sakarincitykodit.fi\/lv\/#organization","name":"Sakarin Citykodit","url":"https:\/\/www.sakarincitykodit.fi\/lv\/","logo":{"@type":"ImageObject","inLanguage":"lv-LV","@id":"https:\/\/www.sakarincitykodit.fi\/lv\/#\/schema\/logo\/image\/","url":"https:\/\/www.sakarincitykodit.fi\/wp-content\/uploads\/sakarin-citykodit-logo-245.png","contentUrl":"https:\/\/www.sakarincitykodit.fi\/wp-content\/uploads\/sakarin-citykodit-logo-245.png","width":245,"height":39,"caption":"Sakarin Citykodit"},"image":{"@id":"https:\/\/www.sakarincitykodit.fi\/lv\/#\/schema\/logo\/image\/"}}]}},"_links":{"self":[{"href":"https:\/\/www.sakarincitykodit.fi\/lv\/wp-json\/wp\/v2\/pages\/4333","targetHints":{"allow":["GET"]}}],"collection":[{"href":"https:\/\/www.sakarincitykodit.fi\/lv\/wp-json\/wp\/v2\/pages"}],"about":[{"href":"https:\/\/www.sakarincitykodit.fi\/lv\/wp-json\/wp\/v2\/types\/page"}],"author":[{"embeddable":true,"href":"https:\/\/www.sakarincitykodit.fi\/lv\/wp-json\/wp\/v2\/users\/3"}],"replies":[{"embeddable":true,"href":"https:\/\/www.sakarincitykodit.fi\/lv\/wp-json\/wp\/v2\/comments?post=4333"}],"version-history":[{"count":0,"href":"https:\/\/www.sakarincitykodit.fi\/lv\/wp-json\/wp\/v2\/pages\/4333\/revisions"}],"up":[{"embeddable":true,"href":"https:\/\/www.sakarincitykodit.fi\/lv\/wp-json\/wp\/v2\/pages\/4453"}],"wp:attachment":[{"href":"https:\/\/www.sakarincitykodit.fi\/lv\/wp-json\/wp\/v2\/media?parent=4333"}],"curies":[{"name":"wp","href":"https:\/\/api.w.org\/{rel}","templated":true}]}}