{"id":4318,"date":"2018-11-05T10:01:30","date_gmt":"2018-11-05T08:01:30","guid":{"rendered":"https:\/\/www.sakarincitykodit.fi\/mebelets-nomas-vietu-pilseta-hamina\/"},"modified":"2021-09-15T14:05:33","modified_gmt":"2021-09-15T12:05:33","slug":"mebelets-nomas-vietu-pilseta-hamina","status":"publish","type":"page","link":"https:\/\/www.sakarincitykodit.fi\/lv\/musu-atrasanas-vieta\/mebelets-nomas-vietu-pilseta-hamina\/","title":{"rendered":"M\u0113bel\u0113ts nomas vietu pils\u0113t\u0101 Hamina"},"content":{"rendered":"\t\t<div data-elementor-type=\"wp-page\" data-elementor-id=\"4318\" class=\"elementor elementor-4318\">\n\t\t\t\t\t\t<section class=\"elementor-section elementor-top-section elementor-element elementor-element-d3b7d03 elementor-section-boxed elementor-section-height-default elementor-section-height-default\" data-id=\"d3b7d03\" data-element_type=\"section\">\n\t\t\t\t\t\t<div class=\"elementor-container elementor-column-gap-default\">\n\t\t\t\t\t<div class=\"elementor-column elementor-col-100 elementor-top-column elementor-element elementor-element-55e20c00\" data-id=\"55e20c00\" data-element_type=\"column\">\n\t\t\t<div class=\"elementor-widget-wrap elementor-element-populated\">\n\t\t\t\t\t\t<div class=\"elementor-element elementor-element-3e685f97 elementor-widget elementor-widget-text-editor\" data-id=\"3e685f97\" data-element_type=\"widget\" data-widget_type=\"text-editor.default\">\n\t\t\t\t<div class=\"elementor-widget-container\">\n\t\t\t\t\t\t\t\t\t<div id=\"pl-1252\" class=\"panel-layout\">\n<div id=\"pg-1252-0\" class=\"panel-grid panel-no-style\" data-style=\"{\">\n<div id=\"pgc-1252-0-0\" class=\"panel-grid-cell\" data-weight=\"1\">\n<div id=\"panel-1252-0-0-0\" class=\"so-panel widget widget_sow-editor panel-first-child panel-last-child\" data-index=\"0\" data-style=\"{\">\n<div class=\"panel-widget-style panel-widget-style-for-1252-0-0-0\">\n<div class=\"so-widget-sow-editor so-widget-sow-editor-base\">\n<div class=\"siteorigin-widget-tinymce textwidget\">\n<h1 style=\"text-align: left;\">M\u0113bel\u0113ts nomas vietu pils\u0113t\u0101 Hamina<\/h1>\n<p style=\"text-align: left;\">Vai j\u016bs p\u0101rce\u013caties uz Hamina vai Hamina re\u0123ion\u0101 nedaudz \u012bs\u0101ku laiku, piem\u0113ram, sakar\u0101 ar darbu vai hobijiem? <strong>M\u0113bel\u0113ts dz\u012bvoklis Hamina ir<\/strong> lieliska izv\u0113le, it \u012bpa\u0161i, ja j\u016bs nev\u0113laties pavad\u012bt \u0161o laiku krampjos un d\u0101rga viesn\u012bcas istab\u0101, bet v\u0113laties justies savas m\u0101jas. Caur mums j\u016bs atrad\u012bsiet piem\u0113rotus m\u0113bel\u0113tus dz\u012bvok\u013cus gan \u012bstermi\u0146a, gan ilgtermi\u0146a nomai un pla\u0161u vajadz\u012bbu kl\u0101stu.<\/p>\n<p>Atst\u0101jiet mums zvanu vai <a href=\"https:\/\/www.sakarincitykodit.fi\/varaus\/\">sazinieties ar mums,<\/a>un m\u0113s jums past\u0101st\u012bsim vair\u0101k par m\u016bsu bezmaksas m\u0113bel\u0113tajiem \u012bres dz\u012bvok\u013ciem Hamina!<\/p>\n<p class=\"p1\">\n<div class=\"wpcf7 no-js\" id=\"wpcf7-f5350-o1\" lang=\"lv-LV\" dir=\"ltr\" data-wpcf7-id=\"5350\">\n<div class=\"screen-reader-response\"><p role=\"status\" aria-live=\"polite\" aria-atomic=\"true\"><\/p> <ul><\/ul><\/div>\n<form action=\"\/lv\/wp-json\/wp\/v2\/pages\/4318#wpcf7-f5350-o1\" method=\"post\" class=\"wpcf7-form init\" aria-label=\"Contact form\" novalidate=\"novalidate\" data-status=\"init\">\n<div style=\"display: none;\">\n<input type=\"hidden\" name=\"_wpcf7\" value=\"5350\" \/>\n<input type=\"hidden\" name=\"_wpcf7_version\" value=\"6.0.6\" \/>\n<input type=\"hidden\" name=\"_wpcf7_locale\" value=\"lv_LV\" \/>\n<input type=\"hidden\" name=\"_wpcf7_unit_tag\" value=\"wpcf7-f5350-o1\" \/>\n<input type=\"hidden\" name=\"_wpcf7_container_post\" value=\"0\" \/>\n<input type=\"hidden\" name=\"_wpcf7_posted_data_hash\" value=\"\" \/>\n<\/div>\n<p><label>Enter your details and our business sales will contact you as soon as possible!<br \/>\n<\/label>\n<\/p>\n<div class=\"contact-us\">\n\t<div class=\"row\">\n\t\t<div class=\"col-xs-12 col-sm-6\">\n\t\t\t<p><span class=\"wpcf7-form-control-wrap\" data-name=\"your-yritys\"><input size=\"40\" maxlength=\"400\" class=\"wpcf7-form-control wpcf7-text wpcf7-validates-as-required form-control\" aria-required=\"true\" aria-invalid=\"false\" placeholder=\"The Company Name\" value=\"\" type=\"text\" name=\"your-yritys\" \/><\/span>\n\t\t\t<\/p>\n\t\t<\/div>\n\t\t<div class=\"col-xs-12 col-sm-6\">\n\t\t\t<p><span class=\"wpcf7-form-control-wrap\" data-name=\"your-tel\"><input size=\"40\" maxlength=\"400\" class=\"wpcf7-form-control wpcf7-tel wpcf7-validates-as-required wpcf7-text wpcf7-validates-as-tel form-control\" aria-required=\"true\" aria-invalid=\"false\" placeholder=\"Phone number\" value=\"\" type=\"tel\" name=\"your-tel\" \/><\/span>\n\t\t\t<\/p>\n\t\t<\/div>\n\t\t<div class=\"col-xs-12 col-sm-12\">\n\t\t\t<p><span class=\"wpcf7-form-control-wrap\" data-name=\"your-email\"><input size=\"40\" maxlength=\"400\" class=\"wpcf7-form-control wpcf7-email wpcf7-validates-as-required wpcf7-text wpcf7-validates-as-email form-control\" aria-required=\"true\" aria-invalid=\"false\" placeholder=\"Email\" value=\"\" type=\"email\" name=\"your-email\" \/><\/span>\n\t\t\t<\/p>\n\t\t<\/div>\n\t<\/div>\n\t<div class=\"clearfix\">\n\t\t<p><input class=\"wpcf7-form-control wpcf7-submit has-spinner btn pull-right btn-theme btn-inverse border-2\" type=\"submit\" value=\"Please contact me!\" \/>\n\t\t<\/p>\n\t<\/div>\n<\/div><div class=\"wpcf7-response-output\" aria-hidden=\"true\"><\/div>\n<\/form>\n<\/div>\n<\/p>\n<h2>Hamina ir Kymenlaakso p\u0113rle<\/h2>\n<p>K\u0101 skaista piej\u016bras pils\u0113ta, Hamina ir p\u0101rliecin\u0101ts, ka ir pat\u012bkama vieta biznesa braucienu vai p\u0101rvietoties, piem\u0113ram. Un daudzi no armijas viz\u012btes ir ekscentrisks atmi\u0146as par Hamina, ja vi\u0146i dev\u0101s <a href=\"https:\/\/fi.wikipedia.org\/wiki\/Reserviupseerikoulu\">uz Rezerves virsnieks skol\u0101.<\/a> Viss, Hamina ir lielisks galam\u0113r\u0137is gan \u012bs\u0101ku un gar\u0101ku apmekl\u0113jumu, neatkar\u012bgi no iemesla viz\u012bti.<\/p>\n<h3>M\u0113bel\u0113ts noma dz\u012bvoklis vai viesn\u012bcas istab\u0101?<\/h3>\n<p>Tom\u0113r, ja j\u016bs n\u0101kt palikt pils\u0113t\u0101 ned\u0113\u013cas vai pat m\u0113ne\u0161us, jums vajadz\u0113tu apsv\u0113rt <a href=\"\/\">\u012bri m\u0113bel\u0113tu dz\u012bvokli,<\/a> nevis viesn\u012bcas istab\u0101, piem\u0113ram. M\u0113bel\u0113ts dz\u012bvoklis, jums ir burtiski m\u0101j\u0101s un ir daudz vietas un priv\u0101tumu j\u016bsu r\u012bc\u012bb\u0101. Daudziem m\u016bsu klientiem, jo \u012bpa\u0161i priv\u0101tumu un m\u016bsu pa\u0161u mieru p\u0113c darba dienas ir svar\u012bga lieta, kas tiek realiz\u0113ta m\u0113bel\u0113ts nomas dz\u012bvoklis k\u0101 m\u0101j\u0101s. Un galu gal\u0101, nomas dz\u012bvoklis ir j\u016bsu m\u0101j\u0101s j\u016bsu uztur\u0113\u0161an\u0101s laik\u0101, vai tas b\u016btu divas ned\u0113\u013cas vai pat gad\u0101.<\/p>\n<\/div>\n<\/div>\n<\/div>\n<\/div>\n<\/div>\n<\/div>\n<\/div>\t\t\t\t\t\t\t\t<\/div>\n\t\t\t\t<\/div>\n\t\t\t\t\t<\/div>\n\t\t<\/div>\n\t\t\t\t\t<\/div>\n\t\t<\/section>\n\t\t\t\t<\/div>\n\t\t","protected":false},"excerpt":{"rendered":"<p>Hamina vapaat asunnot Daudzdz\u012bvok\u013cu \u0113ka Hamina Poitsila Riekontie 10 Hamina M\u0113bel\u0113ts nomas vietu pils\u0113t\u0101 Hamina Vai j\u016bs p\u0101rce\u013caties uz Hamina vai Hamina re\u0123ion\u0101 nedaudz \u012bs\u0101ku laiku, piem\u0113ram, sakar\u0101 ar darbu vai hobijiem? M\u0113bel\u0113ts dz\u012bvoklis Hamina ir lieliska izv\u0113le, it \u012bpa\u0161i, ja j\u016bs nev\u0113laties pavad\u012bt \u0161o laiku krampjos un d\u0101rga viesn\u012bcas istab\u0101, bet v\u0113laties justies savas [&hellip;]<\/p>\n","protected":false},"author":3,"featured_media":0,"parent":4453,"menu_order":0,"comment_status":"closed","ping_status":"closed","template":"","meta":{"footnotes":""},"class_list":["post-4318","page","type-page","status-publish","hentry"],"yoast_head":"<!-- This site is optimized with the Yoast SEO plugin v24.9 - https:\/\/yoast.com\/wordpress\/plugins\/seo\/ -->\n<title>M\u0113bel\u0113ts nomas vietu pils\u0113t\u0101 Hamina - Sakarin Citykodit<\/title>\n<meta name=\"robots\" content=\"index, follow, max-snippet:-1, max-image-preview:large, max-video-preview:-1\" \/>\n<link rel=\"canonical\" href=\"https:\/\/www.sakarincitykodit.fi\/lv\/musu-atrasanas-vieta\/mebelets-nomas-vietu-pilseta-hamina\/\" \/>\n<meta property=\"og:locale\" content=\"lv_LV\" \/>\n<meta property=\"og:type\" content=\"article\" \/>\n<meta property=\"og:title\" content=\"M\u0113bel\u0113ts nomas vietu pils\u0113t\u0101 Hamina - Sakarin Citykodit\" \/>\n<meta property=\"og:description\" content=\"Hamina vapaat asunnot Daudzdz\u012bvok\u013cu \u0113ka Hamina Poitsila Riekontie 10 Hamina M\u0113bel\u0113ts nomas vietu pils\u0113t\u0101 Hamina Vai j\u016bs p\u0101rce\u013caties uz Hamina vai Hamina re\u0123ion\u0101 nedaudz \u012bs\u0101ku laiku, piem\u0113ram, sakar\u0101 ar darbu vai hobijiem? M\u0113bel\u0113ts dz\u012bvoklis Hamina ir lieliska izv\u0113le, it \u012bpa\u0161i, ja j\u016bs nev\u0113laties pavad\u012bt \u0161o laiku krampjos un d\u0101rga viesn\u012bcas istab\u0101, bet v\u0113laties justies savas [&hellip;]\" \/>\n<meta property=\"og:url\" content=\"https:\/\/www.sakarincitykodit.fi\/lv\/musu-atrasanas-vieta\/mebelets-nomas-vietu-pilseta-hamina\/\" \/>\n<meta property=\"og:site_name\" content=\"Sakarin Citykodit\" \/>\n<meta property=\"article:modified_time\" content=\"2021-09-15T12:05:33+00:00\" \/>\n<meta name=\"twitter:card\" content=\"summary_large_image\" \/>\n<meta name=\"twitter:label1\" content=\"Est. reading time\" \/>\n\t<meta name=\"twitter:data1\" content=\"2 minutes\" \/>\n<script type=\"application\/ld+json\" class=\"yoast-schema-graph\">{\"@context\":\"https:\/\/schema.org\",\"@graph\":[{\"@type\":\"WebPage\",\"@id\":\"https:\/\/www.sakarincitykodit.fi\/lv\/musu-atrasanas-vieta\/mebelets-nomas-vietu-pilseta-hamina\/\",\"url\":\"https:\/\/www.sakarincitykodit.fi\/lv\/musu-atrasanas-vieta\/mebelets-nomas-vietu-pilseta-hamina\/\",\"name\":\"M\u0113bel\u0113ts nomas vietu pils\u0113t\u0101 Hamina - Sakarin Citykodit\",\"isPartOf\":{\"@id\":\"https:\/\/www.sakarincitykodit.fi\/lv\/#website\"},\"datePublished\":\"2018-11-05T08:01:30+00:00\",\"dateModified\":\"2021-09-15T12:05:33+00:00\",\"breadcrumb\":{\"@id\":\"https:\/\/www.sakarincitykodit.fi\/lv\/musu-atrasanas-vieta\/mebelets-nomas-vietu-pilseta-hamina\/#breadcrumb\"},\"inLanguage\":\"lv-LV\",\"potentialAction\":[{\"@type\":\"ReadAction\",\"target\":[\"https:\/\/www.sakarincitykodit.fi\/lv\/musu-atrasanas-vieta\/mebelets-nomas-vietu-pilseta-hamina\/\"]}]},{\"@type\":\"BreadcrumbList\",\"@id\":\"https:\/\/www.sakarincitykodit.fi\/lv\/musu-atrasanas-vieta\/mebelets-nomas-vietu-pilseta-hamina\/#breadcrumb\",\"itemListElement\":[{\"@type\":\"ListItem\",\"position\":1,\"name\":\"M\u0101jas\",\"item\":\"https:\/\/www.sakarincitykodit.fi\/lv\/\"},{\"@type\":\"ListItem\",\"position\":2,\"name\":\"M\u016bsu atra\u0161an\u0101s vieta\",\"item\":\"https:\/\/www.sakarincitykodit.fi\/lv\/musu-atrasanas-vieta\/\"},{\"@type\":\"ListItem\",\"position\":3,\"name\":\"M\u0113bel\u0113ts nomas vietu pils\u0113t\u0101 Hamina\"}]},{\"@type\":\"WebSite\",\"@id\":\"https:\/\/www.sakarincitykodit.fi\/lv\/#website\",\"url\":\"https:\/\/www.sakarincitykodit.fi\/lv\/\",\"name\":\"Sakarin Citykodit\",\"description\":\"Vuokraamme vapaat kalustetut vuokra-asunnot ymp&auml;ri Suomen!\",\"publisher\":{\"@id\":\"https:\/\/www.sakarincitykodit.fi\/lv\/#organization\"},\"potentialAction\":[{\"@type\":\"SearchAction\",\"target\":{\"@type\":\"EntryPoint\",\"urlTemplate\":\"https:\/\/www.sakarincitykodit.fi\/lv\/?s={search_term_string}\"},\"query-input\":{\"@type\":\"PropertyValueSpecification\",\"valueRequired\":true,\"valueName\":\"search_term_string\"}}],\"inLanguage\":\"lv-LV\"},{\"@type\":\"Organization\",\"@id\":\"https:\/\/www.sakarincitykodit.fi\/lv\/#organization\",\"name\":\"Sakarin Citykodit\",\"url\":\"https:\/\/www.sakarincitykodit.fi\/lv\/\",\"logo\":{\"@type\":\"ImageObject\",\"inLanguage\":\"lv-LV\",\"@id\":\"https:\/\/www.sakarincitykodit.fi\/lv\/#\/schema\/logo\/image\/\",\"url\":\"https:\/\/www.sakarincitykodit.fi\/wp-content\/uploads\/sakarin-citykodit-logo-245.png\",\"contentUrl\":\"https:\/\/www.sakarincitykodit.fi\/wp-content\/uploads\/sakarin-citykodit-logo-245.png\",\"width\":245,\"height\":39,\"caption\":\"Sakarin Citykodit\"},\"image\":{\"@id\":\"https:\/\/www.sakarincitykodit.fi\/lv\/#\/schema\/logo\/image\/\"}}]}<\/script>\n<!-- \/ Yoast SEO plugin. -->","yoast_head_json":{"title":"M\u0113bel\u0113ts nomas vietu pils\u0113t\u0101 Hamina - Sakarin Citykodit","robots":{"index":"index","follow":"follow","max-snippet":"max-snippet:-1","max-image-preview":"max-image-preview:large","max-video-preview":"max-video-preview:-1"},"canonical":"https:\/\/www.sakarincitykodit.fi\/lv\/musu-atrasanas-vieta\/mebelets-nomas-vietu-pilseta-hamina\/","og_locale":"lv_LV","og_type":"article","og_title":"M\u0113bel\u0113ts nomas vietu pils\u0113t\u0101 Hamina - Sakarin Citykodit","og_description":"Hamina vapaat asunnot Daudzdz\u012bvok\u013cu \u0113ka Hamina Poitsila Riekontie 10 Hamina M\u0113bel\u0113ts nomas vietu pils\u0113t\u0101 Hamina Vai j\u016bs p\u0101rce\u013caties uz Hamina vai Hamina re\u0123ion\u0101 nedaudz \u012bs\u0101ku laiku, piem\u0113ram, sakar\u0101 ar darbu vai hobijiem? M\u0113bel\u0113ts dz\u012bvoklis Hamina ir lieliska izv\u0113le, it \u012bpa\u0161i, ja j\u016bs nev\u0113laties pavad\u012bt \u0161o laiku krampjos un d\u0101rga viesn\u012bcas istab\u0101, bet v\u0113laties justies savas [&hellip;]","og_url":"https:\/\/www.sakarincitykodit.fi\/lv\/musu-atrasanas-vieta\/mebelets-nomas-vietu-pilseta-hamina\/","og_site_name":"Sakarin Citykodit","article_modified_time":"2021-09-15T12:05:33+00:00","twitter_card":"summary_large_image","twitter_misc":{"Est. reading time":"2 minutes"},"schema":{"@context":"https:\/\/schema.org","@graph":[{"@type":"WebPage","@id":"https:\/\/www.sakarincitykodit.fi\/lv\/musu-atrasanas-vieta\/mebelets-nomas-vietu-pilseta-hamina\/","url":"https:\/\/www.sakarincitykodit.fi\/lv\/musu-atrasanas-vieta\/mebelets-nomas-vietu-pilseta-hamina\/","name":"M\u0113bel\u0113ts nomas vietu pils\u0113t\u0101 Hamina - Sakarin Citykodit","isPartOf":{"@id":"https:\/\/www.sakarincitykodit.fi\/lv\/#website"},"datePublished":"2018-11-05T08:01:30+00:00","dateModified":"2021-09-15T12:05:33+00:00","breadcrumb":{"@id":"https:\/\/www.sakarincitykodit.fi\/lv\/musu-atrasanas-vieta\/mebelets-nomas-vietu-pilseta-hamina\/#breadcrumb"},"inLanguage":"lv-LV","potentialAction":[{"@type":"ReadAction","target":["https:\/\/www.sakarincitykodit.fi\/lv\/musu-atrasanas-vieta\/mebelets-nomas-vietu-pilseta-hamina\/"]}]},{"@type":"BreadcrumbList","@id":"https:\/\/www.sakarincitykodit.fi\/lv\/musu-atrasanas-vieta\/mebelets-nomas-vietu-pilseta-hamina\/#breadcrumb","itemListElement":[{"@type":"ListItem","position":1,"name":"M\u0101jas","item":"https:\/\/www.sakarincitykodit.fi\/lv\/"},{"@type":"ListItem","position":2,"name":"M\u016bsu atra\u0161an\u0101s vieta","item":"https:\/\/www.sakarincitykodit.fi\/lv\/musu-atrasanas-vieta\/"},{"@type":"ListItem","position":3,"name":"M\u0113bel\u0113ts nomas vietu pils\u0113t\u0101 Hamina"}]},{"@type":"WebSite","@id":"https:\/\/www.sakarincitykodit.fi\/lv\/#website","url":"https:\/\/www.sakarincitykodit.fi\/lv\/","name":"Sakarin Citykodit","description":"Vuokraamme vapaat kalustetut vuokra-asunnot ymp&auml;ri Suomen!","publisher":{"@id":"https:\/\/www.sakarincitykodit.fi\/lv\/#organization"},"potentialAction":[{"@type":"SearchAction","target":{"@type":"EntryPoint","urlTemplate":"https:\/\/www.sakarincitykodit.fi\/lv\/?s={search_term_string}"},"query-input":{"@type":"PropertyValueSpecification","valueRequired":true,"valueName":"search_term_string"}}],"inLanguage":"lv-LV"},{"@type":"Organization","@id":"https:\/\/www.sakarincitykodit.fi\/lv\/#organization","name":"Sakarin Citykodit","url":"https:\/\/www.sakarincitykodit.fi\/lv\/","logo":{"@type":"ImageObject","inLanguage":"lv-LV","@id":"https:\/\/www.sakarincitykodit.fi\/lv\/#\/schema\/logo\/image\/","url":"https:\/\/www.sakarincitykodit.fi\/wp-content\/uploads\/sakarin-citykodit-logo-245.png","contentUrl":"https:\/\/www.sakarincitykodit.fi\/wp-content\/uploads\/sakarin-citykodit-logo-245.png","width":245,"height":39,"caption":"Sakarin Citykodit"},"image":{"@id":"https:\/\/www.sakarincitykodit.fi\/lv\/#\/schema\/logo\/image\/"}}]}},"_links":{"self":[{"href":"https:\/\/www.sakarincitykodit.fi\/lv\/wp-json\/wp\/v2\/pages\/4318","targetHints":{"allow":["GET"]}}],"collection":[{"href":"https:\/\/www.sakarincitykodit.fi\/lv\/wp-json\/wp\/v2\/pages"}],"about":[{"href":"https:\/\/www.sakarincitykodit.fi\/lv\/wp-json\/wp\/v2\/types\/page"}],"author":[{"embeddable":true,"href":"https:\/\/www.sakarincitykodit.fi\/lv\/wp-json\/wp\/v2\/users\/3"}],"replies":[{"embeddable":true,"href":"https:\/\/www.sakarincitykodit.fi\/lv\/wp-json\/wp\/v2\/comments?post=4318"}],"version-history":[{"count":0,"href":"https:\/\/www.sakarincitykodit.fi\/lv\/wp-json\/wp\/v2\/pages\/4318\/revisions"}],"up":[{"embeddable":true,"href":"https:\/\/www.sakarincitykodit.fi\/lv\/wp-json\/wp\/v2\/pages\/4453"}],"wp:attachment":[{"href":"https:\/\/www.sakarincitykodit.fi\/lv\/wp-json\/wp\/v2\/media?parent=4318"}],"curies":[{"name":"wp","href":"https:\/\/api.w.org\/{rel}","templated":true}]}}