{"id":4304,"date":"2018-11-05T09:59:37","date_gmt":"2018-11-05T07:59:37","guid":{"rendered":"https:\/\/www.sakarincitykodit.fi\/mebelets-ires-brivdienu-mak-iesa\/"},"modified":"2021-09-01T14:57:25","modified_gmt":"2021-09-01T12:57:25","slug":"mebelets-ires-brivdienu-mak-iesa","status":"publish","type":"page","link":"https:\/\/www.sakarincitykodit.fi\/lv\/musu-atrasanas-vieta\/mebelets-ires-brivdienu-mak-iesa\/","title":{"rendered":"M\u0113bel\u0113ts \u012bres br\u012bvdienu m\u0101k Vaasa"},"content":{"rendered":"\t\t<div data-elementor-type=\"wp-page\" data-elementor-id=\"4304\" class=\"elementor elementor-4304 elementor-1248\">\n\t\t\t\t\t\t<section class=\"elementor-section elementor-top-section elementor-element elementor-element-4636e2f2 elementor-section-boxed elementor-section-height-default elementor-section-height-default\" data-id=\"4636e2f2\" data-element_type=\"section\">\n\t\t\t\t\t\t<div class=\"elementor-container elementor-column-gap-default\">\n\t\t\t\t\t<div class=\"elementor-column elementor-col-100 elementor-top-column elementor-element elementor-element-3837a221\" data-id=\"3837a221\" data-element_type=\"column\">\n\t\t\t<div class=\"elementor-widget-wrap elementor-element-populated\">\n\t\t\t\t\t\t<div class=\"elementor-element elementor-element-4608fd7d elementor-widget elementor-widget-text-editor\" data-id=\"4608fd7d\" data-element_type=\"widget\" data-widget_type=\"text-editor.default\">\n\t\t\t\t<div class=\"elementor-widget-container\">\n\t\t\t\t\t\t\t\t\t<div id=\"pl-1248\" class=\"panel-layout\"><div id=\"pg-1248-0\" class=\"panel-grid panel-no-style\" data-style=\"{\"><div id=\"pgc-1248-0-0\" class=\"panel-grid-cell\" data-weight=\"1\"><div id=\"panel-1248-0-0-1\" class=\"so-panel widget widget_sow-editor panel-last-child\" data-index=\"1\" data-style=\"{\"><div class=\"panel-widget-style panel-widget-style-for-1248-0-0-1\"><div class=\"so-widget-sow-editor so-widget-sow-editor-base\"><div class=\"siteorigin-widget-tinymce textwidget\"><h2><b>M\u0113be\u013cu \u012bres \u012bres Vaasa<\/b><b><\/b><\/h2><p><span style=\"font-weight: 400;\">Kad j\u016bs mekl\u0113jat iepriek\u0161 m\u0113bel\u0113tu \u012bres dz\u012bvokli V\u0101s\u0101, j\u016bs atrad\u012bsiet labi apr\u012bkotus \u012bres dz\u012bvok\u013cus m\u016bsu pla\u0161aj\u0101 \u012bres dz\u012bvok\u013cu kl\u0101st\u0101, kas atrodas centr\u0101l\u0101s viet\u0101s. M\u016bsu augstas kvalit\u0101tes dz\u012bvok\u013ci ir piem\u0113roti, lai gig darbiniekiem, vai \u0123imen\u0113m, kas ir izb\u0113gu\u0161i renov\u0101cijas vai \u016bdens boj\u0101jumus, piem\u0113ram. Starp iepriek\u0161 m\u0113bel\u0113taj\u0101m naktsm\u012btn\u0113m un liel\u0101kiem dz\u012bvok\u013ciem atrodas pagaidu m\u0101jas, kas atbilst j\u016bsu vajadz\u012bb\u0101m. Biznesa izmitin\u0101\u0161anas probl\u0113mas tiek atrisin\u0101tas ar\u012b sazinoties ar mums. M\u0113bel\u0113ts nomas dz\u012bvok\u013ci ir daudz priek\u0161roc\u012bbu. Kad visas ier\u012bces un m\u0113beles jau ir dz\u012bvokl\u012b, darbs, studijas un citu ikdienas dz\u012bvi nekav\u0113joties notiek, un \u0113rt\u0101 vid\u0113 ir viegli atp\u016bsties br\u012bv\u0101 laika pavad\u012b\u0161anas laik\u0101.<\/span><\/p><h2><b>M\u0113s kalpojam \u012brniekam \u012bstermi\u0146a dz\u012bvoklis Vaasa<\/b><\/h2><p><span style=\"font-weight: 400;\">\u012astermi\u0146a dz\u012bvok\u013ci Vaasa var b\u016bt nepiecie\u0161ami, piem\u0113ram, ned\u0113\u013cu ilgam darbam vai p\u0101ris renov\u0101cijas m\u0113nesi. Nor\u012bko\u0161anu var dot jums Vaasa par visu gadu, vai uz ilg\u0101ku laiku. Viegl\u0101kais veids, k\u0101 p\u0101riet uz jaunu dz\u012bvokli, ir tad, kad jums nav iepakot un veikt p\u0101rvietojas kastes. M\u0113s pied\u0101v\u0101jam iepriek\u0161 m\u0113bel\u0113tu dz\u012bvokli, uz kuru j\u016bs p\u0101rce\u013caties bez stresa pas\u0101kumiem, kas parasti ietver m\u0101jok\u013cu apmai\u0146u. Kad ir pien\u0101cis laiks atgriezties uz past\u0101v\u012bgu dz\u012bvesvietu, jums nav j\u0101uztraucas par to, cik m\u0113ne\u0161us jums bija pazi\u0146ojums periods, vai to, k\u0101 veikt ve\u013cas ma\u0161\u012bnu un garderobi, lai j\u016bsu p\u0101rvietojas kravas automa\u0161\u012bnu. <\/span><\/p><h2><b>M\u016bsu bezmaksas \u012bres dz\u012bvok\u013ci ir viegli pieejami <\/b><\/h2><p><span style=\"font-weight: 400;\">J\u016bs varat sal\u012bdzin\u0101t visus m\u016bsu pieejamos dz\u012bvok\u013cus Vaasa m\u016bsu m\u0101jas lap\u0101. Tas ir vienk\u0101r\u0161i, ja jums nav l\u0113kt uz citu t\u012bmek\u013ca vietni, bet visi dz\u012bvok\u013ci ir iesniegti taj\u0101 pa\u0161\u0101 uzticamo pakalpojumu sniedz\u0113ja m\u0101jas lap\u0101. J\u016bs varat redz\u0113t bez gr\u016bt\u012bb\u0101m lielumu \u012bres dz\u012bvok\u013ci V\u0101sa taj\u0101 br\u012bd\u012b. Kad atrodat dz\u012bvokli net\u0101lu no savas jaun\u0101s darba vietas vai dz\u012bvokli, kas vislab\u0101k atbilst j\u016bsu \u0123imenes vajadz\u012bb\u0101m, l\u016bdzu, sazinieties ar mums. M\u0113s esam padar\u012bju\u0161i \u012bstermi\u0146a nomas viegli un gludu!<\/span><\/p><h2><b>M\u016bsu m\u0113bel\u0113tie dz\u012bvok\u013ci Vaasa atrodas lielisk\u0101 transporta satiksmi<\/b><\/h2><p><span style=\"font-weight: 400;\">M\u016bsu \u012bres dz\u012bvok\u013ci Vaasa ir izv\u0113l\u0113ti t\u0101, ka tie ir ne tikai \u013coti funkcion\u0101li un \u0113rti, bet ar\u012b lieliska atra\u0161an\u0101s vieta. Tas ir veids, k\u0101 m\u0113s kalpojam vispla\u0161\u0101ko iesp\u0113jamo klientu b\u0101zi, par kuru m\u0113s \u013caujam homelike iestat\u012bjumu visu veidu \u012bstermi\u0146a dz\u012bves! T\u0101pat k\u0101 viesn\u012bc\u0101, j\u016bs maks\u0101jat tikai par dz\u012bvokl\u012b pavad\u012bto laiku, bet m\u0113bel\u0113ta \u012bres dz\u012bvok\u013ca \u012bre at\u0161\u0137iras no uztur\u0113\u0161an\u0101s daudzos aspektos.<\/span><\/p><h2><b>Uzziniet vair\u0101k sav\u0101 t\u0101lrun\u012b vai e-past\u0101<\/b><\/h2><p><span style=\"font-weight: 400;\"><br \/><\/span><span style=\"font-weight: 400;\">Vai jums ir k\u0101di jaut\u0101jumi? L\u016bdzu, sazinieties ar mums pa e-pastu varaus@sakarincitykodit.fi vai pa t\u0101lruni +358 44 0880567, un m\u0113s jums past\u0101st\u012bsim vair\u0101k par rentabilit\u0101ti, nom\u0101jot m\u0113bel\u0113tus \u012bres dz\u012bvok\u013cus un nomas elast\u012bbu.<\/span><\/p><\/div><\/div><\/div><\/div><\/div><\/div><\/div>\t\t\t\t\t\t\t\t<\/div>\n\t\t\t\t<\/div>\n\t\t\t\t\t<\/div>\n\t\t<\/div>\n\t\t\t\t\t<\/div>\n\t\t<\/section>\n\t\t\t\t<\/div>\n\t\t","protected":false},"excerpt":{"rendered":"<p>M\u0113be\u013cu \u012bres \u012bres Vaasa Kad j\u016bs mekl\u0113jat iepriek\u0161 m\u0113bel\u0113tu \u012bres dz\u012bvokli V\u0101s\u0101, j\u016bs atrad\u012bsiet labi apr\u012bkotus \u012bres dz\u012bvok\u013cus m\u016bsu pla\u0161aj\u0101 \u012bres dz\u012bvok\u013cu kl\u0101st\u0101, kas atrodas centr\u0101l\u0101s viet\u0101s. M\u016bsu augstas kvalit\u0101tes dz\u012bvok\u013ci ir piem\u0113roti, lai gig darbiniekiem, vai \u0123imen\u0113m, kas ir izb\u0113gu\u0161i renov\u0101cijas vai \u016bdens boj\u0101jumus, piem\u0113ram. Starp iepriek\u0161 m\u0113bel\u0113taj\u0101m naktsm\u012btn\u0113m un liel\u0101kiem dz\u012bvok\u013ciem atrodas pagaidu [&hellip;]<\/p>\n","protected":false},"author":3,"featured_media":0,"parent":4453,"menu_order":0,"comment_status":"closed","ping_status":"closed","template":"","meta":{"footnotes":""},"class_list":["post-4304","page","type-page","status-publish","hentry"],"yoast_head":"<!-- This site is optimized with the Yoast SEO plugin v24.9 - https:\/\/yoast.com\/wordpress\/plugins\/seo\/ -->\n<title>M\u0113bel\u0113ts \u012bres br\u012bvdienu m\u0101k Vaasa - Sakarin Citykodit<\/title>\n<meta name=\"robots\" content=\"index, follow, max-snippet:-1, max-image-preview:large, max-video-preview:-1\" \/>\n<link rel=\"canonical\" href=\"https:\/\/www.sakarincitykodit.fi\/lv\/musu-atrasanas-vieta\/mebelets-ires-brivdienu-mak-iesa\/\" \/>\n<meta property=\"og:locale\" content=\"lv_LV\" \/>\n<meta property=\"og:type\" content=\"article\" \/>\n<meta property=\"og:title\" content=\"M\u0113bel\u0113ts \u012bres br\u012bvdienu m\u0101k Vaasa - Sakarin Citykodit\" \/>\n<meta property=\"og:description\" content=\"M\u0113be\u013cu \u012bres \u012bres Vaasa Kad j\u016bs mekl\u0113jat iepriek\u0161 m\u0113bel\u0113tu \u012bres dz\u012bvokli V\u0101s\u0101, j\u016bs atrad\u012bsiet labi apr\u012bkotus \u012bres dz\u012bvok\u013cus m\u016bsu pla\u0161aj\u0101 \u012bres dz\u012bvok\u013cu kl\u0101st\u0101, kas atrodas centr\u0101l\u0101s viet\u0101s. M\u016bsu augstas kvalit\u0101tes dz\u012bvok\u013ci ir piem\u0113roti, lai gig darbiniekiem, vai \u0123imen\u0113m, kas ir izb\u0113gu\u0161i renov\u0101cijas vai \u016bdens boj\u0101jumus, piem\u0113ram. Starp iepriek\u0161 m\u0113bel\u0113taj\u0101m naktsm\u012btn\u0113m un liel\u0101kiem dz\u012bvok\u013ciem atrodas pagaidu [&hellip;]\" \/>\n<meta property=\"og:url\" content=\"https:\/\/www.sakarincitykodit.fi\/lv\/musu-atrasanas-vieta\/mebelets-ires-brivdienu-mak-iesa\/\" \/>\n<meta property=\"og:site_name\" content=\"Sakarin Citykodit\" \/>\n<meta property=\"article:modified_time\" content=\"2021-09-01T12:57:25+00:00\" \/>\n<meta name=\"twitter:card\" content=\"summary_large_image\" \/>\n<meta name=\"twitter:label1\" content=\"Est. reading time\" \/>\n\t<meta name=\"twitter:data1\" content=\"2 minutes\" \/>\n<script type=\"application\/ld+json\" class=\"yoast-schema-graph\">{\"@context\":\"https:\/\/schema.org\",\"@graph\":[{\"@type\":\"WebPage\",\"@id\":\"https:\/\/www.sakarincitykodit.fi\/lv\/musu-atrasanas-vieta\/mebelets-ires-brivdienu-mak-iesa\/\",\"url\":\"https:\/\/www.sakarincitykodit.fi\/lv\/musu-atrasanas-vieta\/mebelets-ires-brivdienu-mak-iesa\/\",\"name\":\"M\u0113bel\u0113ts \u012bres br\u012bvdienu m\u0101k Vaasa - Sakarin Citykodit\",\"isPartOf\":{\"@id\":\"https:\/\/www.sakarincitykodit.fi\/lv\/#website\"},\"datePublished\":\"2018-11-05T07:59:37+00:00\",\"dateModified\":\"2021-09-01T12:57:25+00:00\",\"breadcrumb\":{\"@id\":\"https:\/\/www.sakarincitykodit.fi\/lv\/musu-atrasanas-vieta\/mebelets-ires-brivdienu-mak-iesa\/#breadcrumb\"},\"inLanguage\":\"lv-LV\",\"potentialAction\":[{\"@type\":\"ReadAction\",\"target\":[\"https:\/\/www.sakarincitykodit.fi\/lv\/musu-atrasanas-vieta\/mebelets-ires-brivdienu-mak-iesa\/\"]}]},{\"@type\":\"BreadcrumbList\",\"@id\":\"https:\/\/www.sakarincitykodit.fi\/lv\/musu-atrasanas-vieta\/mebelets-ires-brivdienu-mak-iesa\/#breadcrumb\",\"itemListElement\":[{\"@type\":\"ListItem\",\"position\":1,\"name\":\"M\u0101jas\",\"item\":\"https:\/\/www.sakarincitykodit.fi\/lv\/\"},{\"@type\":\"ListItem\",\"position\":2,\"name\":\"M\u016bsu atra\u0161an\u0101s vieta\",\"item\":\"https:\/\/www.sakarincitykodit.fi\/lv\/musu-atrasanas-vieta\/\"},{\"@type\":\"ListItem\",\"position\":3,\"name\":\"M\u0113bel\u0113ts \u012bres br\u012bvdienu m\u0101k Vaasa\"}]},{\"@type\":\"WebSite\",\"@id\":\"https:\/\/www.sakarincitykodit.fi\/lv\/#website\",\"url\":\"https:\/\/www.sakarincitykodit.fi\/lv\/\",\"name\":\"Sakarin Citykodit\",\"description\":\"Vuokraamme vapaat kalustetut vuokra-asunnot ymp&auml;ri Suomen!\",\"publisher\":{\"@id\":\"https:\/\/www.sakarincitykodit.fi\/lv\/#organization\"},\"potentialAction\":[{\"@type\":\"SearchAction\",\"target\":{\"@type\":\"EntryPoint\",\"urlTemplate\":\"https:\/\/www.sakarincitykodit.fi\/lv\/?s={search_term_string}\"},\"query-input\":{\"@type\":\"PropertyValueSpecification\",\"valueRequired\":true,\"valueName\":\"search_term_string\"}}],\"inLanguage\":\"lv-LV\"},{\"@type\":\"Organization\",\"@id\":\"https:\/\/www.sakarincitykodit.fi\/lv\/#organization\",\"name\":\"Sakarin Citykodit\",\"url\":\"https:\/\/www.sakarincitykodit.fi\/lv\/\",\"logo\":{\"@type\":\"ImageObject\",\"inLanguage\":\"lv-LV\",\"@id\":\"https:\/\/www.sakarincitykodit.fi\/lv\/#\/schema\/logo\/image\/\",\"url\":\"https:\/\/www.sakarincitykodit.fi\/wp-content\/uploads\/sakarin-citykodit-logo-245.png\",\"contentUrl\":\"https:\/\/www.sakarincitykodit.fi\/wp-content\/uploads\/sakarin-citykodit-logo-245.png\",\"width\":245,\"height\":39,\"caption\":\"Sakarin Citykodit\"},\"image\":{\"@id\":\"https:\/\/www.sakarincitykodit.fi\/lv\/#\/schema\/logo\/image\/\"}}]}<\/script>\n<!-- \/ Yoast SEO plugin. -->","yoast_head_json":{"title":"M\u0113bel\u0113ts \u012bres br\u012bvdienu m\u0101k Vaasa - Sakarin Citykodit","robots":{"index":"index","follow":"follow","max-snippet":"max-snippet:-1","max-image-preview":"max-image-preview:large","max-video-preview":"max-video-preview:-1"},"canonical":"https:\/\/www.sakarincitykodit.fi\/lv\/musu-atrasanas-vieta\/mebelets-ires-brivdienu-mak-iesa\/","og_locale":"lv_LV","og_type":"article","og_title":"M\u0113bel\u0113ts \u012bres br\u012bvdienu m\u0101k Vaasa - Sakarin Citykodit","og_description":"M\u0113be\u013cu \u012bres \u012bres Vaasa Kad j\u016bs mekl\u0113jat iepriek\u0161 m\u0113bel\u0113tu \u012bres dz\u012bvokli V\u0101s\u0101, j\u016bs atrad\u012bsiet labi apr\u012bkotus \u012bres dz\u012bvok\u013cus m\u016bsu pla\u0161aj\u0101 \u012bres dz\u012bvok\u013cu kl\u0101st\u0101, kas atrodas centr\u0101l\u0101s viet\u0101s. M\u016bsu augstas kvalit\u0101tes dz\u012bvok\u013ci ir piem\u0113roti, lai gig darbiniekiem, vai \u0123imen\u0113m, kas ir izb\u0113gu\u0161i renov\u0101cijas vai \u016bdens boj\u0101jumus, piem\u0113ram. Starp iepriek\u0161 m\u0113bel\u0113taj\u0101m naktsm\u012btn\u0113m un liel\u0101kiem dz\u012bvok\u013ciem atrodas pagaidu [&hellip;]","og_url":"https:\/\/www.sakarincitykodit.fi\/lv\/musu-atrasanas-vieta\/mebelets-ires-brivdienu-mak-iesa\/","og_site_name":"Sakarin Citykodit","article_modified_time":"2021-09-01T12:57:25+00:00","twitter_card":"summary_large_image","twitter_misc":{"Est. reading time":"2 minutes"},"schema":{"@context":"https:\/\/schema.org","@graph":[{"@type":"WebPage","@id":"https:\/\/www.sakarincitykodit.fi\/lv\/musu-atrasanas-vieta\/mebelets-ires-brivdienu-mak-iesa\/","url":"https:\/\/www.sakarincitykodit.fi\/lv\/musu-atrasanas-vieta\/mebelets-ires-brivdienu-mak-iesa\/","name":"M\u0113bel\u0113ts \u012bres br\u012bvdienu m\u0101k Vaasa - Sakarin Citykodit","isPartOf":{"@id":"https:\/\/www.sakarincitykodit.fi\/lv\/#website"},"datePublished":"2018-11-05T07:59:37+00:00","dateModified":"2021-09-01T12:57:25+00:00","breadcrumb":{"@id":"https:\/\/www.sakarincitykodit.fi\/lv\/musu-atrasanas-vieta\/mebelets-ires-brivdienu-mak-iesa\/#breadcrumb"},"inLanguage":"lv-LV","potentialAction":[{"@type":"ReadAction","target":["https:\/\/www.sakarincitykodit.fi\/lv\/musu-atrasanas-vieta\/mebelets-ires-brivdienu-mak-iesa\/"]}]},{"@type":"BreadcrumbList","@id":"https:\/\/www.sakarincitykodit.fi\/lv\/musu-atrasanas-vieta\/mebelets-ires-brivdienu-mak-iesa\/#breadcrumb","itemListElement":[{"@type":"ListItem","position":1,"name":"M\u0101jas","item":"https:\/\/www.sakarincitykodit.fi\/lv\/"},{"@type":"ListItem","position":2,"name":"M\u016bsu atra\u0161an\u0101s vieta","item":"https:\/\/www.sakarincitykodit.fi\/lv\/musu-atrasanas-vieta\/"},{"@type":"ListItem","position":3,"name":"M\u0113bel\u0113ts \u012bres br\u012bvdienu m\u0101k Vaasa"}]},{"@type":"WebSite","@id":"https:\/\/www.sakarincitykodit.fi\/lv\/#website","url":"https:\/\/www.sakarincitykodit.fi\/lv\/","name":"Sakarin Citykodit","description":"Vuokraamme vapaat kalustetut vuokra-asunnot ymp&auml;ri Suomen!","publisher":{"@id":"https:\/\/www.sakarincitykodit.fi\/lv\/#organization"},"potentialAction":[{"@type":"SearchAction","target":{"@type":"EntryPoint","urlTemplate":"https:\/\/www.sakarincitykodit.fi\/lv\/?s={search_term_string}"},"query-input":{"@type":"PropertyValueSpecification","valueRequired":true,"valueName":"search_term_string"}}],"inLanguage":"lv-LV"},{"@type":"Organization","@id":"https:\/\/www.sakarincitykodit.fi\/lv\/#organization","name":"Sakarin Citykodit","url":"https:\/\/www.sakarincitykodit.fi\/lv\/","logo":{"@type":"ImageObject","inLanguage":"lv-LV","@id":"https:\/\/www.sakarincitykodit.fi\/lv\/#\/schema\/logo\/image\/","url":"https:\/\/www.sakarincitykodit.fi\/wp-content\/uploads\/sakarin-citykodit-logo-245.png","contentUrl":"https:\/\/www.sakarincitykodit.fi\/wp-content\/uploads\/sakarin-citykodit-logo-245.png","width":245,"height":39,"caption":"Sakarin Citykodit"},"image":{"@id":"https:\/\/www.sakarincitykodit.fi\/lv\/#\/schema\/logo\/image\/"}}]}},"_links":{"self":[{"href":"https:\/\/www.sakarincitykodit.fi\/lv\/wp-json\/wp\/v2\/pages\/4304","targetHints":{"allow":["GET"]}}],"collection":[{"href":"https:\/\/www.sakarincitykodit.fi\/lv\/wp-json\/wp\/v2\/pages"}],"about":[{"href":"https:\/\/www.sakarincitykodit.fi\/lv\/wp-json\/wp\/v2\/types\/page"}],"author":[{"embeddable":true,"href":"https:\/\/www.sakarincitykodit.fi\/lv\/wp-json\/wp\/v2\/users\/3"}],"replies":[{"embeddable":true,"href":"https:\/\/www.sakarincitykodit.fi\/lv\/wp-json\/wp\/v2\/comments?post=4304"}],"version-history":[{"count":0,"href":"https:\/\/www.sakarincitykodit.fi\/lv\/wp-json\/wp\/v2\/pages\/4304\/revisions"}],"up":[{"embeddable":true,"href":"https:\/\/www.sakarincitykodit.fi\/lv\/wp-json\/wp\/v2\/pages\/4453"}],"wp:attachment":[{"href":"https:\/\/www.sakarincitykodit.fi\/lv\/wp-json\/wp\/v2\/media?parent=4304"}],"curies":[{"name":"wp","href":"https:\/\/api.w.org\/{rel}","templated":true}]}}