{"id":4292,"date":"2018-11-05T09:57:46","date_gmt":"2018-11-05T07:57:46","guid":{"rendered":"https:\/\/www.sakarincitykodit.fi\/mebelets-noma-oulu\/"},"modified":"2020-10-08T13:29:13","modified_gmt":"2020-10-08T11:29:13","slug":"mebelets-noma-oulu","status":"publish","type":"page","link":"https:\/\/www.sakarincitykodit.fi\/lv\/musu-atrasanas-vieta\/mebelets-noma-oulu\/","title":{"rendered":"M\u0113bel\u0113ts noma Oulu"},"content":{"rendered":"\t\t<div data-elementor-type=\"wp-page\" data-elementor-id=\"4292\" class=\"elementor elementor-4292 elementor-1244\">\n\t\t\t\t\t\t<section class=\"elementor-section elementor-top-section elementor-element elementor-element-14a7a205 elementor-section-boxed elementor-section-height-default elementor-section-height-default\" data-id=\"14a7a205\" data-element_type=\"section\">\n\t\t\t\t\t\t<div class=\"elementor-container elementor-column-gap-default\">\n\t\t\t\t\t<div class=\"elementor-column elementor-col-100 elementor-top-column elementor-element elementor-element-4bd3fc6e\" data-id=\"4bd3fc6e\" data-element_type=\"column\">\n\t\t\t<div class=\"elementor-widget-wrap elementor-element-populated\">\n\t\t\t\t\t\t<div class=\"elementor-element elementor-element-1d6be843 elementor-widget elementor-widget-text-editor\" data-id=\"1d6be843\" data-element_type=\"widget\" data-widget_type=\"text-editor.default\">\n\t\t\t\t<div class=\"elementor-widget-container\">\n\t\t\t\t\t\t\t\t\t<div id=\"pl-1244\" class=\"panel-layout\">\n<div id=\"pg-1244-0\" class=\"panel-grid panel-no-style\" data-style=\"{\"background_display\":\"tile\",\"cell_alignment\":\"flex-start\"}\">\n<div id=\"pgc-1244-0-0\" class=\"panel-grid-cell\" data-weight=\"1\">\n<div id=\"panel-1244-0-0-0\" class=\"so-panel widget widget_sow-editor panel-first-child panel-last-child\" data-index=\"0\" data-style=\"{\"padding\":\"0px 0px 0px 60px\",\"background_image_attachment\":false,\"background_display\":\"tile\"}\">\n<div class=\"panel-widget-style panel-widget-style-for-1244-0-0-0\">\n<div class=\"so-widget-sow-editor so-widget-sow-editor-base\">\n<div class=\"siteorigin-widget-tinymce textwidget\">\n<h2><b>Iznom\u0101 m\u0113bel\u0113tu \u012bres dz\u012bvokli Oulu<\/b><b><\/b><\/h2>\n<p><span style=\"font-weight: 400;\">Labs iepriek\u0161 m\u0113bel\u0113ts \u012bres dz\u012bvoklis ir viens, kas ir labi atrodas ir \u0113rti un kas ir piev\u0113rsta uzman\u012bba. Mums ir pieejami \u0161\u0101di labi apr\u012bkoti un funkcion\u0101li \u012bres dz\u012bvok\u013ci Oulu! M\u0113s pied\u0101v\u0101jam efekt\u012bvus risin\u0101jumus visu korporat\u012bvo un priv\u0101to klientu pagaidu izmitin\u0101\u0161anas vajadz\u012bb\u0101m, bet m\u016bsu dz\u012bvok\u013ci ir tik \u0113rti, ka tie ilgs ilg\u0101k. Tas ir viegli main\u012bt iepriek\u0161 m\u0113bel\u0113tu nomas dz\u012bvok\u013ciem un var viegli piek\u013c\u016bt no norm\u0101las ikdienas dz\u012bves. Ja v\u0113laties, ve\u013cas mazg\u0101tavas pakalpojumu un t\u012br\u012b\u0161anu var uztic\u0113t m\u016bsu partneru t\u012bkl\u0101, kur j\u016bs varat atrast ar\u012b pal\u012bdz\u012bbu automa\u0161\u012bnas nom\u0101. <\/span><\/p>\n<h2><b>M\u016bsu \u012bstermi\u0146a \u012bres dz\u012bvok\u013ci Oulu jau ir m\u0113bel\u0113ti<\/b><\/h2>\n<p><span style=\"font-weight: 400;\">Nepiecie\u0161am\u012bba \u012br\u0113t \u012bstermi\u0146a dz\u012bvoklis var b\u016bt viena ned\u0113\u013ca, bet tas var ar\u012b veikt pusotru gadu. Pa to laiku j\u016bs sa\u0146emsiet funkcion\u0101lu, \u0113rtu un pieejamu b\u0101zi no mums. \u012ar\u0113jot m\u0113bel\u0113ts dz\u012bvoklis ir labs l\u0113mums, jo p\u0101rvad\u0101 preces no vec\u0101s m\u0101jas vai picking viss, kas jums ir nepiecie\u0161ams, lai iztuk\u0161ot tuk\u0161u dz\u012bvokli ir d\u0101rga, stresa un laikietilp\u012bga. P\u0101riejot uz gaum\u012bgi iek\u0101rtotu un labi apr\u012bkotu dz\u012bvokli Oulu, ir viegli. Lai kur j\u016bs \u0146emtu savus uzdevumus Somij\u0101, j\u016bs atrad\u012bsiet lab\u0101kos risin\u0101jumus pagaidu m\u0101joklim no mums.<\/span><\/p>\n<h2><b>M\u016bsu bezmaksas \u012bres dz\u012bvok\u013ci ir viegli sal\u012bdzin\u0101t m\u016bsu m\u0101jas lap\u0101<\/b><\/h2>\n<p><span style=\"font-weight: 400;\">M\u016bsu m\u0101jas lap\u0101 m\u0113s pied\u0101v\u0101jam visus m\u016bsu m\u0113bel\u0113tos \u012bres dz\u012bvok\u013cus Oulu, kas pa\u0161laik ir bez maksas j\u016bsu vai j\u016bsu uz\u0146\u0113muma vajadz\u012bb\u0101m. Dz\u012bvoklis ir pareizais izm\u0113rs, tad j\u016bs varat izv\u0113l\u0113ties dz\u012bvokli, kas vislab\u0101k atbilst citiem krit\u0113rijiem. J\u016bs esat p\u0101rvietots, pirms j\u016bs to zin\u0101t, jo visi praktiskie pas\u0101kumi tiek apstr\u0101d\u0101ti \u0101tri. J\u016bs atrad\u012bsiet, ka m\u0113s esam ieguld\u012bju\u0161i vienm\u0113r\u012bgu darb\u012bbu un elast\u012bbu m\u016bsu pakalpojumiem, kas ir da\u013ca no lieliskas klientu pieredzi.<\/span><\/p>\n<h2><b>M\u016bsu m\u0113bel\u0113tie \u012bres dz\u012bvok\u013ci atrodas transporta savienojumos Oulu<\/b><\/h2>\n<p><span style=\"font-weight: 400;\">T\u0101 k\u0101 m\u016bsu dz\u012bvok\u013ciem ir j\u0101kalpo p\u0113c iesp\u0113jas plat\u0101kam klientu b\u0101zei, tie tiek ieg\u0101d\u0101ti labi funkcion\u0113jo\u0161os transporta savienojumos un ir m\u0113bel\u0113ti un apr\u012bkoti visefekt\u012bv\u0101kaj\u0101 veid\u0101. M\u0113s \u013caujam jums vai j\u016bsu komandai nodro\u0161in\u0101t funkcion\u0101lu sist\u0113mu visiem pagaidu dz\u012bvo Oulu. \u012ares maksa tiek maks\u0101ta t\u0101pat k\u0101 viesn\u012bc\u0101, t.i., tikai par t\u0101m dien\u0101m, kad dz\u012bvojat dz\u012bvokl\u012b, bet pret\u0113j\u0101 gad\u012bjum\u0101 m\u0113bel\u0113t\u0101 dz\u012bvok\u013ca pagaidu \u012bre ir daudz elast\u012bg\u0101ka un bez maksas.<\/span><\/p>\n<h2><b>Lai sa\u0146emtu atbildes uz saviem jaut\u0101jumiem, sazinieties ar<\/b><\/h2>\n<p><span style=\"font-weight: 400;\">Varb\u016bt j\u016bs \u012br\u0113jot m\u0113bel\u0113tu \u012bres dz\u012bvokli pirmo reizi, vai ar\u012b j\u016bs v\u0113l\u0113tos noskaidrot par kaut ko citu, kas saist\u012bts ar \u012bri? L\u016bdzu, sazinieties ar mums pa evaraus@sakarincitykodit.fi pa <a href=\"tel:+358440880567\">e-pastu vai pa t\u0101lruni 044 0880567,<\/a>un m\u0113s atbild\u0113sim uz J\u016bsu jaut\u0101jumiem.<\/span><\/p>\n<\/div>\n<\/div>\n<\/div>\n<\/div>\n<\/div>\n<\/div>\n<\/div>\n\t\t\t\t\t\t\t\t<\/div>\n\t\t\t\t<\/div>\n\t\t\t\t\t<\/div>\n\t\t<\/div>\n\t\t\t\t\t<\/div>\n\t\t<\/section>\n\t\t\t\t<\/div>\n\t\t","protected":false},"excerpt":{"rendered":"<p>Iznom\u0101 m\u0113bel\u0113tu \u012bres dz\u012bvokli Oulu Labs iepriek\u0161 m\u0113bel\u0113ts \u012bres dz\u012bvoklis ir viens, kas ir labi atrodas ir \u0113rti un kas ir piev\u0113rsta uzman\u012bba. Mums ir pieejami \u0161\u0101di labi apr\u012bkoti un funkcion\u0101li \u012bres dz\u012bvok\u013ci Oulu! M\u0113s pied\u0101v\u0101jam efekt\u012bvus risin\u0101jumus visu korporat\u012bvo un priv\u0101to klientu pagaidu izmitin\u0101\u0161anas vajadz\u012bb\u0101m, bet m\u016bsu dz\u012bvok\u013ci ir tik \u0113rti, ka tie ilgs [&hellip;]<\/p>\n","protected":false},"author":3,"featured_media":0,"parent":4453,"menu_order":0,"comment_status":"closed","ping_status":"closed","template":"","meta":{"footnotes":""},"class_list":["post-4292","page","type-page","status-publish","hentry"],"yoast_head":"<!-- This site is optimized with the Yoast SEO plugin v24.9 - https:\/\/yoast.com\/wordpress\/plugins\/seo\/ -->\n<title>M\u0113bel\u0113ts noma Oulu - Sakarin Citykodit<\/title>\n<meta name=\"robots\" content=\"index, follow, max-snippet:-1, max-image-preview:large, max-video-preview:-1\" \/>\n<link rel=\"canonical\" href=\"https:\/\/www.sakarincitykodit.fi\/lv\/musu-atrasanas-vieta\/mebelets-noma-oulu\/\" \/>\n<meta property=\"og:locale\" content=\"lv_LV\" \/>\n<meta property=\"og:type\" content=\"article\" \/>\n<meta property=\"og:title\" content=\"M\u0113bel\u0113ts noma Oulu - Sakarin Citykodit\" \/>\n<meta property=\"og:description\" content=\"Iznom\u0101 m\u0113bel\u0113tu \u012bres dz\u012bvokli Oulu Labs iepriek\u0161 m\u0113bel\u0113ts \u012bres dz\u012bvoklis ir viens, kas ir labi atrodas ir \u0113rti un kas ir piev\u0113rsta uzman\u012bba. Mums ir pieejami \u0161\u0101di labi apr\u012bkoti un funkcion\u0101li \u012bres dz\u012bvok\u013ci Oulu! M\u0113s pied\u0101v\u0101jam efekt\u012bvus risin\u0101jumus visu korporat\u012bvo un priv\u0101to klientu pagaidu izmitin\u0101\u0161anas vajadz\u012bb\u0101m, bet m\u016bsu dz\u012bvok\u013ci ir tik \u0113rti, ka tie ilgs [&hellip;]\" \/>\n<meta property=\"og:url\" content=\"https:\/\/www.sakarincitykodit.fi\/lv\/musu-atrasanas-vieta\/mebelets-noma-oulu\/\" \/>\n<meta property=\"og:site_name\" content=\"Sakarin Citykodit\" \/>\n<meta property=\"article:modified_time\" content=\"2020-10-08T11:29:13+00:00\" \/>\n<meta name=\"twitter:card\" content=\"summary_large_image\" \/>\n<meta name=\"twitter:label1\" content=\"Est. reading time\" \/>\n\t<meta name=\"twitter:data1\" content=\"3 minutes\" \/>\n<script type=\"application\/ld+json\" class=\"yoast-schema-graph\">{\"@context\":\"https:\/\/schema.org\",\"@graph\":[{\"@type\":\"WebPage\",\"@id\":\"https:\/\/www.sakarincitykodit.fi\/lv\/musu-atrasanas-vieta\/mebelets-noma-oulu\/\",\"url\":\"https:\/\/www.sakarincitykodit.fi\/lv\/musu-atrasanas-vieta\/mebelets-noma-oulu\/\",\"name\":\"M\u0113bel\u0113ts noma Oulu - Sakarin Citykodit\",\"isPartOf\":{\"@id\":\"https:\/\/www.sakarincitykodit.fi\/lv\/#website\"},\"datePublished\":\"2018-11-05T07:57:46+00:00\",\"dateModified\":\"2020-10-08T11:29:13+00:00\",\"breadcrumb\":{\"@id\":\"https:\/\/www.sakarincitykodit.fi\/lv\/musu-atrasanas-vieta\/mebelets-noma-oulu\/#breadcrumb\"},\"inLanguage\":\"lv-LV\",\"potentialAction\":[{\"@type\":\"ReadAction\",\"target\":[\"https:\/\/www.sakarincitykodit.fi\/lv\/musu-atrasanas-vieta\/mebelets-noma-oulu\/\"]}]},{\"@type\":\"BreadcrumbList\",\"@id\":\"https:\/\/www.sakarincitykodit.fi\/lv\/musu-atrasanas-vieta\/mebelets-noma-oulu\/#breadcrumb\",\"itemListElement\":[{\"@type\":\"ListItem\",\"position\":1,\"name\":\"M\u0101jas\",\"item\":\"https:\/\/www.sakarincitykodit.fi\/lv\/\"},{\"@type\":\"ListItem\",\"position\":2,\"name\":\"M\u016bsu atra\u0161an\u0101s vieta\",\"item\":\"https:\/\/www.sakarincitykodit.fi\/lv\/musu-atrasanas-vieta\/\"},{\"@type\":\"ListItem\",\"position\":3,\"name\":\"M\u0113bel\u0113ts noma Oulu\"}]},{\"@type\":\"WebSite\",\"@id\":\"https:\/\/www.sakarincitykodit.fi\/lv\/#website\",\"url\":\"https:\/\/www.sakarincitykodit.fi\/lv\/\",\"name\":\"Sakarin Citykodit\",\"description\":\"Vuokraamme vapaat kalustetut vuokra-asunnot ymp&auml;ri Suomen!\",\"publisher\":{\"@id\":\"https:\/\/www.sakarincitykodit.fi\/lv\/#organization\"},\"potentialAction\":[{\"@type\":\"SearchAction\",\"target\":{\"@type\":\"EntryPoint\",\"urlTemplate\":\"https:\/\/www.sakarincitykodit.fi\/lv\/?s={search_term_string}\"},\"query-input\":{\"@type\":\"PropertyValueSpecification\",\"valueRequired\":true,\"valueName\":\"search_term_string\"}}],\"inLanguage\":\"lv-LV\"},{\"@type\":\"Organization\",\"@id\":\"https:\/\/www.sakarincitykodit.fi\/lv\/#organization\",\"name\":\"Sakarin Citykodit\",\"url\":\"https:\/\/www.sakarincitykodit.fi\/lv\/\",\"logo\":{\"@type\":\"ImageObject\",\"inLanguage\":\"lv-LV\",\"@id\":\"https:\/\/www.sakarincitykodit.fi\/lv\/#\/schema\/logo\/image\/\",\"url\":\"https:\/\/www.sakarincitykodit.fi\/wp-content\/uploads\/sakarin-citykodit-logo-245.png\",\"contentUrl\":\"https:\/\/www.sakarincitykodit.fi\/wp-content\/uploads\/sakarin-citykodit-logo-245.png\",\"width\":245,\"height\":39,\"caption\":\"Sakarin Citykodit\"},\"image\":{\"@id\":\"https:\/\/www.sakarincitykodit.fi\/lv\/#\/schema\/logo\/image\/\"}}]}<\/script>\n<!-- \/ Yoast SEO plugin. -->","yoast_head_json":{"title":"M\u0113bel\u0113ts noma Oulu - Sakarin Citykodit","robots":{"index":"index","follow":"follow","max-snippet":"max-snippet:-1","max-image-preview":"max-image-preview:large","max-video-preview":"max-video-preview:-1"},"canonical":"https:\/\/www.sakarincitykodit.fi\/lv\/musu-atrasanas-vieta\/mebelets-noma-oulu\/","og_locale":"lv_LV","og_type":"article","og_title":"M\u0113bel\u0113ts noma Oulu - Sakarin Citykodit","og_description":"Iznom\u0101 m\u0113bel\u0113tu \u012bres dz\u012bvokli Oulu Labs iepriek\u0161 m\u0113bel\u0113ts \u012bres dz\u012bvoklis ir viens, kas ir labi atrodas ir \u0113rti un kas ir piev\u0113rsta uzman\u012bba. Mums ir pieejami \u0161\u0101di labi apr\u012bkoti un funkcion\u0101li \u012bres dz\u012bvok\u013ci Oulu! M\u0113s pied\u0101v\u0101jam efekt\u012bvus risin\u0101jumus visu korporat\u012bvo un priv\u0101to klientu pagaidu izmitin\u0101\u0161anas vajadz\u012bb\u0101m, bet m\u016bsu dz\u012bvok\u013ci ir tik \u0113rti, ka tie ilgs [&hellip;]","og_url":"https:\/\/www.sakarincitykodit.fi\/lv\/musu-atrasanas-vieta\/mebelets-noma-oulu\/","og_site_name":"Sakarin Citykodit","article_modified_time":"2020-10-08T11:29:13+00:00","twitter_card":"summary_large_image","twitter_misc":{"Est. reading time":"3 minutes"},"schema":{"@context":"https:\/\/schema.org","@graph":[{"@type":"WebPage","@id":"https:\/\/www.sakarincitykodit.fi\/lv\/musu-atrasanas-vieta\/mebelets-noma-oulu\/","url":"https:\/\/www.sakarincitykodit.fi\/lv\/musu-atrasanas-vieta\/mebelets-noma-oulu\/","name":"M\u0113bel\u0113ts noma Oulu - Sakarin Citykodit","isPartOf":{"@id":"https:\/\/www.sakarincitykodit.fi\/lv\/#website"},"datePublished":"2018-11-05T07:57:46+00:00","dateModified":"2020-10-08T11:29:13+00:00","breadcrumb":{"@id":"https:\/\/www.sakarincitykodit.fi\/lv\/musu-atrasanas-vieta\/mebelets-noma-oulu\/#breadcrumb"},"inLanguage":"lv-LV","potentialAction":[{"@type":"ReadAction","target":["https:\/\/www.sakarincitykodit.fi\/lv\/musu-atrasanas-vieta\/mebelets-noma-oulu\/"]}]},{"@type":"BreadcrumbList","@id":"https:\/\/www.sakarincitykodit.fi\/lv\/musu-atrasanas-vieta\/mebelets-noma-oulu\/#breadcrumb","itemListElement":[{"@type":"ListItem","position":1,"name":"M\u0101jas","item":"https:\/\/www.sakarincitykodit.fi\/lv\/"},{"@type":"ListItem","position":2,"name":"M\u016bsu atra\u0161an\u0101s vieta","item":"https:\/\/www.sakarincitykodit.fi\/lv\/musu-atrasanas-vieta\/"},{"@type":"ListItem","position":3,"name":"M\u0113bel\u0113ts noma Oulu"}]},{"@type":"WebSite","@id":"https:\/\/www.sakarincitykodit.fi\/lv\/#website","url":"https:\/\/www.sakarincitykodit.fi\/lv\/","name":"Sakarin Citykodit","description":"Vuokraamme vapaat kalustetut vuokra-asunnot ymp&auml;ri Suomen!","publisher":{"@id":"https:\/\/www.sakarincitykodit.fi\/lv\/#organization"},"potentialAction":[{"@type":"SearchAction","target":{"@type":"EntryPoint","urlTemplate":"https:\/\/www.sakarincitykodit.fi\/lv\/?s={search_term_string}"},"query-input":{"@type":"PropertyValueSpecification","valueRequired":true,"valueName":"search_term_string"}}],"inLanguage":"lv-LV"},{"@type":"Organization","@id":"https:\/\/www.sakarincitykodit.fi\/lv\/#organization","name":"Sakarin Citykodit","url":"https:\/\/www.sakarincitykodit.fi\/lv\/","logo":{"@type":"ImageObject","inLanguage":"lv-LV","@id":"https:\/\/www.sakarincitykodit.fi\/lv\/#\/schema\/logo\/image\/","url":"https:\/\/www.sakarincitykodit.fi\/wp-content\/uploads\/sakarin-citykodit-logo-245.png","contentUrl":"https:\/\/www.sakarincitykodit.fi\/wp-content\/uploads\/sakarin-citykodit-logo-245.png","width":245,"height":39,"caption":"Sakarin Citykodit"},"image":{"@id":"https:\/\/www.sakarincitykodit.fi\/lv\/#\/schema\/logo\/image\/"}}]}},"_links":{"self":[{"href":"https:\/\/www.sakarincitykodit.fi\/lv\/wp-json\/wp\/v2\/pages\/4292","targetHints":{"allow":["GET"]}}],"collection":[{"href":"https:\/\/www.sakarincitykodit.fi\/lv\/wp-json\/wp\/v2\/pages"}],"about":[{"href":"https:\/\/www.sakarincitykodit.fi\/lv\/wp-json\/wp\/v2\/types\/page"}],"author":[{"embeddable":true,"href":"https:\/\/www.sakarincitykodit.fi\/lv\/wp-json\/wp\/v2\/users\/3"}],"replies":[{"embeddable":true,"href":"https:\/\/www.sakarincitykodit.fi\/lv\/wp-json\/wp\/v2\/comments?post=4292"}],"version-history":[{"count":0,"href":"https:\/\/www.sakarincitykodit.fi\/lv\/wp-json\/wp\/v2\/pages\/4292\/revisions"}],"up":[{"embeddable":true,"href":"https:\/\/www.sakarincitykodit.fi\/lv\/wp-json\/wp\/v2\/pages\/4453"}],"wp:attachment":[{"href":"https:\/\/www.sakarincitykodit.fi\/lv\/wp-json\/wp\/v2\/media?parent=4292"}],"curies":[{"name":"wp","href":"https:\/\/api.w.org\/{rel}","templated":true}]}}