{"id":4280,"date":"2018-11-05T09:55:32","date_gmt":"2018-11-05T07:55:32","guid":{"rendered":"https:\/\/www.sakarincitykodit.fi\/mebelets-nomas-vietu-pilseta-keravalla\/"},"modified":"2021-09-01T14:48:47","modified_gmt":"2021-09-01T12:48:47","slug":"mebelets-nomas-vietu-pilseta-keravalla","status":"publish","type":"page","link":"https:\/\/www.sakarincitykodit.fi\/lv\/musu-atrasanas-vieta\/mebelets-nomas-vietu-pilseta-keravalla\/","title":{"rendered":"M\u0113bel\u0113ts nomas vietu pils\u0113t\u0101 Kerava"},"content":{"rendered":"\t\t<div data-elementor-type=\"wp-page\" data-elementor-id=\"4280\" class=\"elementor elementor-4280 elementor-1240\">\n\t\t\t\t\t\t<section class=\"elementor-section elementor-top-section elementor-element elementor-element-54754928 elementor-section-boxed elementor-section-height-default elementor-section-height-default\" data-id=\"54754928\" data-element_type=\"section\">\n\t\t\t\t\t\t<div class=\"elementor-container elementor-column-gap-default\">\n\t\t\t\t\t<div class=\"elementor-column elementor-col-100 elementor-top-column elementor-element elementor-element-16cc5b6a\" data-id=\"16cc5b6a\" data-element_type=\"column\">\n\t\t\t<div class=\"elementor-widget-wrap elementor-element-populated\">\n\t\t\t\t\t\t<div class=\"elementor-element elementor-element-13b61d52 elementor-widget elementor-widget-text-editor\" data-id=\"13b61d52\" data-element_type=\"widget\" data-widget_type=\"text-editor.default\">\n\t\t\t\t<div class=\"elementor-widget-container\">\n\t\t\t\t\t\t\t\t\t<div id=\"pl-1240\" class=\"panel-layout\">\n<div id=\"pg-1240-0\" class=\"panel-grid panel-no-style\" data-style=\"{\">\n<div id=\"pgc-1240-0-0\" class=\"panel-grid-cell\" data-weight=\"1\">\n<div id=\"panel-1240-0-0-0\" class=\"so-panel widget widget_sow-editor panel-first-child panel-last-child\" data-index=\"0\" data-style=\"{\">\n<div class=\"panel-widget-style panel-widget-style-for-1240-0-0-0\">\n<div class=\"so-widget-sow-editor so-widget-sow-editor-base\">\n<div class=\"siteorigin-widget-tinymce textwidget\">\n<h1 style=\"text-align: left;\">M\u0113bel\u0113ts nomas vietu pils\u0113t\u0101 Kerava<\/h1>\n<p style=\"text-align: left;\">Vai j\u016bs p\u0101rvietojat \u012bstermi\u0146a, piem\u0113ram, darbu, va\u013caspriekus vai citus Kerava iemeslus, bet nev\u0113laties iznom\u0101t tuk\u0161u dz\u012bvokli vai pavad\u012bt laiku d\u0101rg\u0101 viesn\u012bc\u0101? \u012ar\u0113t m\u0113bel\u0113tu dz\u012bvokli Kerava un pavad\u012bt savu laiku Helsinki metropoles teritorij\u0101 \u0113rti, l\u0113ti un bez piep\u016bles. M\u0113bel\u0113ts dz\u012bvoklis ir m\u0101j\u012bgs, \u0113rts un viegls risin\u0101jums, ja jums ir nepiecie\u0161ams pagaidu izmitin\u0101\u0161anu nedaudz ilg\u0101k.<\/p>\n<p style=\"text-align: left;\">Atst\u0101jiet mums remarku vai <a href=\"https:\/\/www.sakarincitykodit.fi\/varaus\/\">sazinieties ar mums,<\/a>un m\u0113s b\u016bsim priec\u012bgi jums past\u0101st\u012bt vair\u0101k par m\u016bsu dz\u012bvok\u013ciem!<\/p>\n\n<div class=\"wpcf7 no-js\" id=\"wpcf7-f5350-o1\" lang=\"lv-LV\" dir=\"ltr\" data-wpcf7-id=\"5350\">\n<div class=\"screen-reader-response\"><p role=\"status\" aria-live=\"polite\" aria-atomic=\"true\"><\/p> <ul><\/ul><\/div>\n<form action=\"\/lv\/wp-json\/wp\/v2\/pages\/4280#wpcf7-f5350-o1\" method=\"post\" class=\"wpcf7-form init\" aria-label=\"Contact form\" novalidate=\"novalidate\" data-status=\"init\">\n<div style=\"display: none;\">\n<input type=\"hidden\" name=\"_wpcf7\" value=\"5350\" \/>\n<input type=\"hidden\" name=\"_wpcf7_version\" value=\"6.0.6\" \/>\n<input type=\"hidden\" name=\"_wpcf7_locale\" value=\"lv_LV\" \/>\n<input type=\"hidden\" name=\"_wpcf7_unit_tag\" value=\"wpcf7-f5350-o1\" \/>\n<input type=\"hidden\" name=\"_wpcf7_container_post\" value=\"0\" \/>\n<input type=\"hidden\" name=\"_wpcf7_posted_data_hash\" value=\"\" \/>\n<\/div>\n<p><label>Enter your details and our business sales will contact you as soon as possible!<br \/>\n<\/label>\n<\/p>\n<div class=\"contact-us\">\n\t<div class=\"row\">\n\t\t<div class=\"col-xs-12 col-sm-6\">\n\t\t\t<p><span class=\"wpcf7-form-control-wrap\" data-name=\"your-yritys\"><input size=\"40\" maxlength=\"400\" class=\"wpcf7-form-control wpcf7-text wpcf7-validates-as-required form-control\" aria-required=\"true\" aria-invalid=\"false\" placeholder=\"The Company Name\" value=\"\" type=\"text\" name=\"your-yritys\" \/><\/span>\n\t\t\t<\/p>\n\t\t<\/div>\n\t\t<div class=\"col-xs-12 col-sm-6\">\n\t\t\t<p><span class=\"wpcf7-form-control-wrap\" data-name=\"your-tel\"><input size=\"40\" maxlength=\"400\" class=\"wpcf7-form-control wpcf7-tel wpcf7-validates-as-required wpcf7-text wpcf7-validates-as-tel form-control\" aria-required=\"true\" aria-invalid=\"false\" placeholder=\"Phone number\" value=\"\" type=\"tel\" name=\"your-tel\" \/><\/span>\n\t\t\t<\/p>\n\t\t<\/div>\n\t\t<div class=\"col-xs-12 col-sm-12\">\n\t\t\t<p><span class=\"wpcf7-form-control-wrap\" data-name=\"your-email\"><input size=\"40\" maxlength=\"400\" class=\"wpcf7-form-control wpcf7-email wpcf7-validates-as-required wpcf7-text wpcf7-validates-as-email form-control\" aria-required=\"true\" aria-invalid=\"false\" placeholder=\"Email\" value=\"\" type=\"email\" name=\"your-email\" \/><\/span>\n\t\t\t<\/p>\n\t\t<\/div>\n\t<\/div>\n\t<div class=\"clearfix\">\n\t\t<p><input class=\"wpcf7-form-control wpcf7-submit has-spinner btn pull-right btn-theme btn-inverse border-2\" type=\"submit\" value=\"Please contact me!\" \/>\n\t\t<\/p>\n\t<\/div>\n<\/div><div class=\"wpcf7-response-output\" aria-hidden=\"true\"><\/div>\n<\/form>\n<\/div>\n\n<h2 style=\"text-align: left;\">Kerava, It\u0101lija<\/h2>\n<p>Kerava ir lieliska vieta, lai persona, kas ierodas str\u0101d\u0101t Helsinki metropole. Cenu l\u012bmenis ir l\u0113t\u0101ks nek\u0101, piem\u0113ram, Helsinki, transporta savienojumi ir labi un Kerava ir \u0113rti atrodas \u0101rpus galvaspils\u0113tas gr\u016bst\u012b\u0161an\u0101s un burzmas. T\u0101tad, ja jums ir nepiecie\u0161ams m\u0113bel\u0113ts nomas dz\u012bvoklis Helsinki metropoles teritorij\u0101, bet nev\u0113laties b\u016bt Helsinkos vai Espoo, Kerava ir laba iesp\u0113ja jums!<\/p>\n<p>M\u0113s pied\u0101v\u0101jam jums \u0101tru un augstas kvalit\u0101tes servisu, jo m\u0113s zin\u0101m, cik aiz\u0146emts atrast dz\u012bvokli var b\u016bt. T\u0101p\u0113c nav \u0161aubu, sazinieties ar mums, ja jums ir nepiecie\u0161ama <a href=\"\/\">pal\u012bdz\u012bba, lai atrastu m\u0113bel\u0113tu dz\u012bvokli!<\/a><\/p>\n<h3>K\u0101p\u0113c m\u0113bel\u0113ts \u012bres dz\u012bvoklis?<\/h3>\n<p>M\u0113bel\u0113ts nomas dz\u012bvoklis ir \u013coti labs un vienk\u0101r\u0161s risin\u0101jums, jo \u012bpa\u0161i, ja jums ir sabiedr\u012bb\u0101 da\u017eas ned\u0113\u013cas vai m\u0113ne\u0161us. Jums nav j\u0101uztraucas par m\u0113bel\u0113m, bet j\u016bs joproj\u0101m sa\u0146emsiet ties\u012bbas m\u0101j\u0101s, nevis dreed viesn\u012bcas istab\u0101. M\u0113bel\u0113ts dz\u012bvoklis var b\u016bt ar\u012b daudz l\u0113t\u0101ks variants, it \u012bpa\u0161i, ja j\u016bs pavad\u012bt ilg\u0101ku laiku sabiedr\u012bb\u0101. Jums ir ar\u012b daudz vair\u0101k vietas un priv\u0101tumu, kad j\u016bs izv\u0113laties r\u016bp\u0113ties par m\u0113bel\u0113tu dz\u012bvokli vai, teiksim, AirBnB dz\u012bvoklis \u012br\u0113 jums.<\/p>\n<\/div>\n<\/div>\n<\/div>\n<\/div>\n<\/div>\n<\/div>\n<\/div>\t\t\t\t\t\t\t\t<\/div>\n\t\t\t\t<\/div>\n\t\t\t\t\t<\/div>\n\t\t<\/div>\n\t\t\t\t\t<\/div>\n\t\t<\/section>\n\t\t\t\t<\/div>\n\t\t","protected":false},"excerpt":{"rendered":"<p>M\u0113bel\u0113ts nomas vietu pils\u0113t\u0101 Kerava Vai j\u016bs p\u0101rvietojat \u012bstermi\u0146a, piem\u0113ram, darbu, va\u013caspriekus vai citus Kerava iemeslus, bet nev\u0113laties iznom\u0101t tuk\u0161u dz\u012bvokli vai pavad\u012bt laiku d\u0101rg\u0101 viesn\u012bc\u0101? \u012ar\u0113t m\u0113bel\u0113tu dz\u012bvokli Kerava un pavad\u012bt savu laiku Helsinki metropoles teritorij\u0101 \u0113rti, l\u0113ti un bez piep\u016bles. M\u0113bel\u0113ts dz\u012bvoklis ir m\u0101j\u012bgs, \u0113rts un viegls risin\u0101jums, ja jums ir nepiecie\u0161ams pagaidu [&hellip;]<\/p>\n","protected":false},"author":3,"featured_media":0,"parent":4453,"menu_order":0,"comment_status":"closed","ping_status":"closed","template":"","meta":{"footnotes":""},"class_list":["post-4280","page","type-page","status-publish","hentry"],"yoast_head":"<!-- This site is optimized with the Yoast SEO plugin v24.9 - https:\/\/yoast.com\/wordpress\/plugins\/seo\/ -->\n<title>M\u0113bel\u0113ts nomas vietu pils\u0113t\u0101 Kerava - Sakarin Citykodit<\/title>\n<meta name=\"robots\" content=\"index, follow, max-snippet:-1, max-image-preview:large, max-video-preview:-1\" \/>\n<link rel=\"canonical\" href=\"https:\/\/www.sakarincitykodit.fi\/lv\/musu-atrasanas-vieta\/mebelets-nomas-vietu-pilseta-keravalla\/\" \/>\n<meta property=\"og:locale\" content=\"lv_LV\" \/>\n<meta property=\"og:type\" content=\"article\" \/>\n<meta property=\"og:title\" content=\"M\u0113bel\u0113ts nomas vietu pils\u0113t\u0101 Kerava - Sakarin Citykodit\" \/>\n<meta property=\"og:description\" content=\"M\u0113bel\u0113ts nomas vietu pils\u0113t\u0101 Kerava Vai j\u016bs p\u0101rvietojat \u012bstermi\u0146a, piem\u0113ram, darbu, va\u013caspriekus vai citus Kerava iemeslus, bet nev\u0113laties iznom\u0101t tuk\u0161u dz\u012bvokli vai pavad\u012bt laiku d\u0101rg\u0101 viesn\u012bc\u0101? \u012ar\u0113t m\u0113bel\u0113tu dz\u012bvokli Kerava un pavad\u012bt savu laiku Helsinki metropoles teritorij\u0101 \u0113rti, l\u0113ti un bez piep\u016bles. M\u0113bel\u0113ts dz\u012bvoklis ir m\u0101j\u012bgs, \u0113rts un viegls risin\u0101jums, ja jums ir nepiecie\u0161ams pagaidu [&hellip;]\" \/>\n<meta property=\"og:url\" content=\"https:\/\/www.sakarincitykodit.fi\/lv\/musu-atrasanas-vieta\/mebelets-nomas-vietu-pilseta-keravalla\/\" \/>\n<meta property=\"og:site_name\" content=\"Sakarin Citykodit\" \/>\n<meta property=\"article:modified_time\" content=\"2021-09-01T12:48:47+00:00\" \/>\n<meta name=\"twitter:card\" content=\"summary_large_image\" \/>\n<meta name=\"twitter:label1\" content=\"Est. reading time\" \/>\n\t<meta name=\"twitter:data1\" content=\"2 minutes\" \/>\n<script type=\"application\/ld+json\" class=\"yoast-schema-graph\">{\"@context\":\"https:\/\/schema.org\",\"@graph\":[{\"@type\":\"WebPage\",\"@id\":\"https:\/\/www.sakarincitykodit.fi\/lv\/musu-atrasanas-vieta\/mebelets-nomas-vietu-pilseta-keravalla\/\",\"url\":\"https:\/\/www.sakarincitykodit.fi\/lv\/musu-atrasanas-vieta\/mebelets-nomas-vietu-pilseta-keravalla\/\",\"name\":\"M\u0113bel\u0113ts nomas vietu pils\u0113t\u0101 Kerava - Sakarin Citykodit\",\"isPartOf\":{\"@id\":\"https:\/\/www.sakarincitykodit.fi\/lv\/#website\"},\"datePublished\":\"2018-11-05T07:55:32+00:00\",\"dateModified\":\"2021-09-01T12:48:47+00:00\",\"breadcrumb\":{\"@id\":\"https:\/\/www.sakarincitykodit.fi\/lv\/musu-atrasanas-vieta\/mebelets-nomas-vietu-pilseta-keravalla\/#breadcrumb\"},\"inLanguage\":\"lv-LV\",\"potentialAction\":[{\"@type\":\"ReadAction\",\"target\":[\"https:\/\/www.sakarincitykodit.fi\/lv\/musu-atrasanas-vieta\/mebelets-nomas-vietu-pilseta-keravalla\/\"]}]},{\"@type\":\"BreadcrumbList\",\"@id\":\"https:\/\/www.sakarincitykodit.fi\/lv\/musu-atrasanas-vieta\/mebelets-nomas-vietu-pilseta-keravalla\/#breadcrumb\",\"itemListElement\":[{\"@type\":\"ListItem\",\"position\":1,\"name\":\"M\u0101jas\",\"item\":\"https:\/\/www.sakarincitykodit.fi\/lv\/\"},{\"@type\":\"ListItem\",\"position\":2,\"name\":\"M\u016bsu atra\u0161an\u0101s vieta\",\"item\":\"https:\/\/www.sakarincitykodit.fi\/lv\/musu-atrasanas-vieta\/\"},{\"@type\":\"ListItem\",\"position\":3,\"name\":\"M\u0113bel\u0113ts nomas vietu pils\u0113t\u0101 Kerava\"}]},{\"@type\":\"WebSite\",\"@id\":\"https:\/\/www.sakarincitykodit.fi\/lv\/#website\",\"url\":\"https:\/\/www.sakarincitykodit.fi\/lv\/\",\"name\":\"Sakarin Citykodit\",\"description\":\"Vuokraamme vapaat kalustetut vuokra-asunnot ymp&auml;ri Suomen!\",\"publisher\":{\"@id\":\"https:\/\/www.sakarincitykodit.fi\/lv\/#organization\"},\"potentialAction\":[{\"@type\":\"SearchAction\",\"target\":{\"@type\":\"EntryPoint\",\"urlTemplate\":\"https:\/\/www.sakarincitykodit.fi\/lv\/?s={search_term_string}\"},\"query-input\":{\"@type\":\"PropertyValueSpecification\",\"valueRequired\":true,\"valueName\":\"search_term_string\"}}],\"inLanguage\":\"lv-LV\"},{\"@type\":\"Organization\",\"@id\":\"https:\/\/www.sakarincitykodit.fi\/lv\/#organization\",\"name\":\"Sakarin Citykodit\",\"url\":\"https:\/\/www.sakarincitykodit.fi\/lv\/\",\"logo\":{\"@type\":\"ImageObject\",\"inLanguage\":\"lv-LV\",\"@id\":\"https:\/\/www.sakarincitykodit.fi\/lv\/#\/schema\/logo\/image\/\",\"url\":\"https:\/\/www.sakarincitykodit.fi\/wp-content\/uploads\/sakarin-citykodit-logo-245.png\",\"contentUrl\":\"https:\/\/www.sakarincitykodit.fi\/wp-content\/uploads\/sakarin-citykodit-logo-245.png\",\"width\":245,\"height\":39,\"caption\":\"Sakarin Citykodit\"},\"image\":{\"@id\":\"https:\/\/www.sakarincitykodit.fi\/lv\/#\/schema\/logo\/image\/\"}}]}<\/script>\n<!-- \/ Yoast SEO plugin. -->","yoast_head_json":{"title":"M\u0113bel\u0113ts nomas vietu pils\u0113t\u0101 Kerava - Sakarin Citykodit","robots":{"index":"index","follow":"follow","max-snippet":"max-snippet:-1","max-image-preview":"max-image-preview:large","max-video-preview":"max-video-preview:-1"},"canonical":"https:\/\/www.sakarincitykodit.fi\/lv\/musu-atrasanas-vieta\/mebelets-nomas-vietu-pilseta-keravalla\/","og_locale":"lv_LV","og_type":"article","og_title":"M\u0113bel\u0113ts nomas vietu pils\u0113t\u0101 Kerava - Sakarin Citykodit","og_description":"M\u0113bel\u0113ts nomas vietu pils\u0113t\u0101 Kerava Vai j\u016bs p\u0101rvietojat \u012bstermi\u0146a, piem\u0113ram, darbu, va\u013caspriekus vai citus Kerava iemeslus, bet nev\u0113laties iznom\u0101t tuk\u0161u dz\u012bvokli vai pavad\u012bt laiku d\u0101rg\u0101 viesn\u012bc\u0101? \u012ar\u0113t m\u0113bel\u0113tu dz\u012bvokli Kerava un pavad\u012bt savu laiku Helsinki metropoles teritorij\u0101 \u0113rti, l\u0113ti un bez piep\u016bles. M\u0113bel\u0113ts dz\u012bvoklis ir m\u0101j\u012bgs, \u0113rts un viegls risin\u0101jums, ja jums ir nepiecie\u0161ams pagaidu [&hellip;]","og_url":"https:\/\/www.sakarincitykodit.fi\/lv\/musu-atrasanas-vieta\/mebelets-nomas-vietu-pilseta-keravalla\/","og_site_name":"Sakarin Citykodit","article_modified_time":"2021-09-01T12:48:47+00:00","twitter_card":"summary_large_image","twitter_misc":{"Est. reading time":"2 minutes"},"schema":{"@context":"https:\/\/schema.org","@graph":[{"@type":"WebPage","@id":"https:\/\/www.sakarincitykodit.fi\/lv\/musu-atrasanas-vieta\/mebelets-nomas-vietu-pilseta-keravalla\/","url":"https:\/\/www.sakarincitykodit.fi\/lv\/musu-atrasanas-vieta\/mebelets-nomas-vietu-pilseta-keravalla\/","name":"M\u0113bel\u0113ts nomas vietu pils\u0113t\u0101 Kerava - Sakarin Citykodit","isPartOf":{"@id":"https:\/\/www.sakarincitykodit.fi\/lv\/#website"},"datePublished":"2018-11-05T07:55:32+00:00","dateModified":"2021-09-01T12:48:47+00:00","breadcrumb":{"@id":"https:\/\/www.sakarincitykodit.fi\/lv\/musu-atrasanas-vieta\/mebelets-nomas-vietu-pilseta-keravalla\/#breadcrumb"},"inLanguage":"lv-LV","potentialAction":[{"@type":"ReadAction","target":["https:\/\/www.sakarincitykodit.fi\/lv\/musu-atrasanas-vieta\/mebelets-nomas-vietu-pilseta-keravalla\/"]}]},{"@type":"BreadcrumbList","@id":"https:\/\/www.sakarincitykodit.fi\/lv\/musu-atrasanas-vieta\/mebelets-nomas-vietu-pilseta-keravalla\/#breadcrumb","itemListElement":[{"@type":"ListItem","position":1,"name":"M\u0101jas","item":"https:\/\/www.sakarincitykodit.fi\/lv\/"},{"@type":"ListItem","position":2,"name":"M\u016bsu atra\u0161an\u0101s vieta","item":"https:\/\/www.sakarincitykodit.fi\/lv\/musu-atrasanas-vieta\/"},{"@type":"ListItem","position":3,"name":"M\u0113bel\u0113ts nomas vietu pils\u0113t\u0101 Kerava"}]},{"@type":"WebSite","@id":"https:\/\/www.sakarincitykodit.fi\/lv\/#website","url":"https:\/\/www.sakarincitykodit.fi\/lv\/","name":"Sakarin Citykodit","description":"Vuokraamme vapaat kalustetut vuokra-asunnot ymp&auml;ri Suomen!","publisher":{"@id":"https:\/\/www.sakarincitykodit.fi\/lv\/#organization"},"potentialAction":[{"@type":"SearchAction","target":{"@type":"EntryPoint","urlTemplate":"https:\/\/www.sakarincitykodit.fi\/lv\/?s={search_term_string}"},"query-input":{"@type":"PropertyValueSpecification","valueRequired":true,"valueName":"search_term_string"}}],"inLanguage":"lv-LV"},{"@type":"Organization","@id":"https:\/\/www.sakarincitykodit.fi\/lv\/#organization","name":"Sakarin Citykodit","url":"https:\/\/www.sakarincitykodit.fi\/lv\/","logo":{"@type":"ImageObject","inLanguage":"lv-LV","@id":"https:\/\/www.sakarincitykodit.fi\/lv\/#\/schema\/logo\/image\/","url":"https:\/\/www.sakarincitykodit.fi\/wp-content\/uploads\/sakarin-citykodit-logo-245.png","contentUrl":"https:\/\/www.sakarincitykodit.fi\/wp-content\/uploads\/sakarin-citykodit-logo-245.png","width":245,"height":39,"caption":"Sakarin Citykodit"},"image":{"@id":"https:\/\/www.sakarincitykodit.fi\/lv\/#\/schema\/logo\/image\/"}}]}},"_links":{"self":[{"href":"https:\/\/www.sakarincitykodit.fi\/lv\/wp-json\/wp\/v2\/pages\/4280","targetHints":{"allow":["GET"]}}],"collection":[{"href":"https:\/\/www.sakarincitykodit.fi\/lv\/wp-json\/wp\/v2\/pages"}],"about":[{"href":"https:\/\/www.sakarincitykodit.fi\/lv\/wp-json\/wp\/v2\/types\/page"}],"author":[{"embeddable":true,"href":"https:\/\/www.sakarincitykodit.fi\/lv\/wp-json\/wp\/v2\/users\/3"}],"replies":[{"embeddable":true,"href":"https:\/\/www.sakarincitykodit.fi\/lv\/wp-json\/wp\/v2\/comments?post=4280"}],"version-history":[{"count":0,"href":"https:\/\/www.sakarincitykodit.fi\/lv\/wp-json\/wp\/v2\/pages\/4280\/revisions"}],"up":[{"embeddable":true,"href":"https:\/\/www.sakarincitykodit.fi\/lv\/wp-json\/wp\/v2\/pages\/4453"}],"wp:attachment":[{"href":"https:\/\/www.sakarincitykodit.fi\/lv\/wp-json\/wp\/v2\/media?parent=4280"}],"curies":[{"name":"wp","href":"https:\/\/api.w.org\/{rel}","templated":true}]}}