{"id":4266,"date":"2018-11-05T09:53:20","date_gmt":"2018-11-05T07:53:20","guid":{"rendered":"https:\/\/www.sakarincitykodit.fi\/mebelets-ires-automasinu-noma-jarvenpaa\/"},"modified":"2020-11-10T12:07:42","modified_gmt":"2020-11-10T10:07:42","slug":"mebelets-ires-automasinu-noma-jarvenpaa","status":"publish","type":"page","link":"https:\/\/www.sakarincitykodit.fi\/lv\/musu-atrasanas-vieta\/mebelets-ires-automasinu-noma-jarvenpaa\/","title":{"rendered":"M\u0113bel\u0113ts \u012bres automa\u0161\u012bnu noma J\u00e4rvenp\u00e4\u00e4"},"content":{"rendered":"\t\t<div data-elementor-type=\"wp-page\" data-elementor-id=\"4266\" class=\"elementor elementor-4266 elementor-1236\">\n\t\t\t\t\t\t<section class=\"elementor-section elementor-top-section elementor-element elementor-element-1c2794bf elementor-section-boxed elementor-section-height-default elementor-section-height-default\" data-id=\"1c2794bf\" data-element_type=\"section\">\n\t\t\t\t\t\t<div class=\"elementor-container elementor-column-gap-default\">\n\t\t\t\t\t<div class=\"elementor-column elementor-col-100 elementor-top-column elementor-element elementor-element-67b6c886\" data-id=\"67b6c886\" data-element_type=\"column\">\n\t\t\t<div class=\"elementor-widget-wrap elementor-element-populated\">\n\t\t\t\t\t\t<div class=\"elementor-element elementor-element-1ac42de elementor-widget elementor-widget-apus_element_realestate_properties\" data-id=\"1ac42de\" data-element_type=\"widget\" data-settings=\"{&quot;columns&quot;:&quot;2&quot;,&quot;slides_to_scroll&quot;:1}\" data-widget_type=\"apus_element_realestate_properties.default\">\n\t\t\t\t<div class=\"elementor-widget-container\">\n\t\t\t\t\t            <div class=\"widget-properties carousel item-grid-v4 \">\n                                    <div class=\"top-info-widget flex-middle\">\n                        <div class=\"info-left\">\n                                                            <h2 class=\"title\">J\u00e4rvenp\u00e4\u00e4 vapaat asunnot<\/h2>\n                                                                                <\/div>\n                                            <\/div>\n                                <div class=\"widget-content\">\n                                            <div class=\"slick-carousel\"\n                            data-items=\"2\"\n                            data-smallmedium=\"2\"\n                            data-extrasmall=\"1\"\n\n                            data-slidestoscroll=\"1\"\n                            data-slidestoscroll_smallmedium=\"1\"\n                            data-slidestoscroll_extrasmall=\"1\"\n\n                            data-pagination=\"false\" data-nav=\"true\" data-rows=\"1\" data-infinite=\"false\" data-autoplay=\"true\">\n                                                            <div class=\"item\">\n                                    \n\n<article class=\"map-item property-grid-v4 property-item post-5151 property type-property status-publish has-post-thumbnail hentry property_type-kerrostaloasunto-lv property_location-jarvenpaa-lv property_amenity-erillinen-wc-lv property_amenity-ruuanlaitto-ja-ruokailuvalineet-lv property_amenity-kahvinkeitin-lv property_amenity-uuni-lv property_amenity-jaakaappi-lv property_amenity-mikro-lv property_amenity-pakastin-lv property_amenity-astianpesukone-lv property_amenity-kylpyhuone-lv property_amenity-pyykinpesukone-lv property_amenity-pesutupa-lv\" data-latitude=\"60.475901\" data-longitude=\"25.072765713297407\" data-img=\"https:\/\/www.sakarincitykodit.fi\/wp-content\/uploads\/jarvenpaa-kalustetut-vuokra-asunnot-sakarin-citykodit_3-850x550.jpg\">\n    <div class=\"top-info\">\n        <div class=\"property-thumbnail-wrapper flex-middle justify-content-center\">\n                <div class=\"image-thumbnail\">\r\n        <a class=\"property-image\" href=\"https:\/\/www.sakarincitykodit.fi\/lv\/vuokra-asunto\/jervenpe-luti-80m2_2\/\">\r\n        \t<div class=\"image-wrapper\"><img fetchpriority=\"high\" decoding=\"async\" width=\"850\" height=\"550\" src=\"data:image\/svg+xml;charset=utf-8,%3Csvg xmlns%3D&#039;http%3A%2F%2Fwww.w3.org%2F2000%2Fsvg&#039; viewBox%3D&#039;0 0 850 550&#039;%2F%3E\" class=\"attachment-homeo-property-grid size-homeo-property-grid unveil-image\" alt=\"\" data-src=\"https:\/\/www.sakarincitykodit.fi\/wp-content\/uploads\/jarvenpaa-kalustetut-vuokra-asunnot-sakarin-citykodit_3-850x550.jpg\" \/><\/div>        <\/a>\r\n    <\/div>\r\n                            <div class=\"bottom-label flex-middle\">\n                                <div class=\"ali-right\">\n                                    <\/div>\n            <\/div>\n        <\/div>\n\n        <div class=\"property-information\">\n            <div class=\"property-type\">\r\n\t\t\t\t\t\t\t<div class=\"property-type with-no-title\">\r\n\t\t\t\t\t\t            \t<a class=\"type-property\" href=\"https:\/\/www.sakarincitykodit.fi\/lv\/property-type\/kerrostaloasunto-lv\/\" style=\"\">Daudzdz\u012bvok\u013cu \u0113ka<\/a>\t\t        \t\t    \t<\/div>\r\n\t    <\/div>\n            <h2 class=\"property-title\"><a href=\"https:\/\/www.sakarincitykodit.fi\/lv\/vuokra-asunto\/jervenpe-luti-80m2_2\/\" rel=\"bookmark\">Jervenp\u0113 L\u016bti | 80m2<\/a><\/h2>            <div class=\"property-location with-icon\"><i class=\"flaticon-maps-and-flags\"><\/i> <a href=\"\/\/maps.google.com\/maps?q=M%C3%A4kikatu+2+J%C3%A4rvenp%C3%A4%C3%A4&#038;zoom=14&#038;size=512x512&#038;maptype=roadmap&#038;sensor=false\" target=\"_blank\">M\u00e4kikatu 2 J\u00e4rvenp\u00e4\u00e4<\/a><\/div>\n                    <\/div>\n    <\/div>\n<\/article><!-- #post-## -->\n\n                                <\/div>\n                                                    <\/div>\n                                                        <\/div>\n            <\/div>\n            \t\t\t\t<\/div>\n\t\t\t\t<\/div>\n\t\t\t\t<div class=\"elementor-element elementor-element-5b201687 elementor-widget elementor-widget-text-editor\" data-id=\"5b201687\" data-element_type=\"widget\" data-widget_type=\"text-editor.default\">\n\t\t\t\t<div class=\"elementor-widget-container\">\n\t\t\t\t\t\t\t\t\t<div id=\"pl-1236\" class=\"panel-layout\">\n<div id=\"pg-1236-0\" class=\"panel-grid panel-no-style\" data-style=\"{\">\n<div id=\"pgc-1236-0-0\" class=\"panel-grid-cell\" data-weight=\"1\">\n<div id=\"panel-1236-0-0-0\" class=\"so-panel widget widget_sow-editor panel-first-child panel-last-child\" data-index=\"0\" data-style=\"{\">\n<div class=\"panel-widget-style panel-widget-style-for-1236-0-0-0\">\n<div class=\"so-widget-sow-editor so-widget-sow-editor-base\">\n<div class=\"siteorigin-widget-tinymce textwidget\">\n<h1 style=\"text-align: left;\">M\u0113bel\u0113ts \u012bres automa\u0161\u012bnu noma J\u00e4rvenp\u00e4\u00e4<\/h1>\n<p style=\"text-align: left;\">Vai j\u016bs zin\u0101t darbu Jervenp\u0113, vai jums ir nepiecie\u0161ama pagaidu m\u0101ja, piem\u0113ram, renov\u0101cijas laik\u0101, vai ar\u012b jums ir nepiecie\u0161ams nomas dz\u012bvoklis Jervenp\u0113 k\u0101da cita iemesla d\u0113\u013c? Mums ir pla\u0161a m\u0113bel\u0113tu dz\u012bvok\u013cu izv\u0113le J\u00e4rvenp\u0113 \u013coti pla\u0161\u0101m vajadz\u012bb\u0101m, atkar\u012bb\u0101 no dz\u012bvok\u013ca lieluma un nomas perioda. M\u016bsu maz\u0101 organiz\u0101cija \u013cauj \u013coti \u0101tri rea\u0123\u0113t pat vissteidzam\u0101kaj\u0101s situ\u0101cij\u0101s, kad ir nepiecie\u0161ams m\u0113bel\u0113ts dz\u012bvoklis \u0101tri.<\/p>\n<p style=\"text-align: left;\"><a href=\"https:\/\/www.sakarincitykodit.fi\/varaus\/\">Sazinieties ar<\/a> mums, lai uzzin\u0101tu vair\u0101k par m\u016bsu vakanc\u012bgais dz\u012bvok\u013ci! J\u016bs varat ar\u012b atst\u0101t atzvan\u012b\u0161anas piepras\u012bjumu zem, un m\u0113s ar jums sazin\u0101simies, cik \u0101tri vien iesp\u0113jams &#8211; ja j\u016bs reti v\u0113laties gaid\u012bt.<\/p>\n<p class=\"p1\">\n<div class=\"wpcf7 no-js\" id=\"wpcf7-f5350-o1\" lang=\"lv-LV\" dir=\"ltr\" data-wpcf7-id=\"5350\">\n<div class=\"screen-reader-response\"><p role=\"status\" aria-live=\"polite\" aria-atomic=\"true\"><\/p> <ul><\/ul><\/div>\n<form action=\"\/lv\/wp-json\/wp\/v2\/pages\/4266#wpcf7-f5350-o1\" method=\"post\" class=\"wpcf7-form init\" aria-label=\"Contact form\" novalidate=\"novalidate\" data-status=\"init\">\n<div style=\"display: none;\">\n<input type=\"hidden\" name=\"_wpcf7\" value=\"5350\" \/>\n<input type=\"hidden\" name=\"_wpcf7_version\" value=\"6.0.6\" \/>\n<input type=\"hidden\" name=\"_wpcf7_locale\" value=\"lv_LV\" \/>\n<input type=\"hidden\" name=\"_wpcf7_unit_tag\" value=\"wpcf7-f5350-o1\" \/>\n<input type=\"hidden\" name=\"_wpcf7_container_post\" value=\"0\" \/>\n<input type=\"hidden\" name=\"_wpcf7_posted_data_hash\" value=\"\" \/>\n<\/div>\n<p><label>Enter your details and our business sales will contact you as soon as possible!<br \/>\n<\/label>\n<\/p>\n<div class=\"contact-us\">\n\t<div class=\"row\">\n\t\t<div class=\"col-xs-12 col-sm-6\">\n\t\t\t<p><span class=\"wpcf7-form-control-wrap\" data-name=\"your-yritys\"><input size=\"40\" maxlength=\"400\" class=\"wpcf7-form-control wpcf7-text wpcf7-validates-as-required form-control\" aria-required=\"true\" aria-invalid=\"false\" placeholder=\"The Company Name\" value=\"\" type=\"text\" name=\"your-yritys\" \/><\/span>\n\t\t\t<\/p>\n\t\t<\/div>\n\t\t<div class=\"col-xs-12 col-sm-6\">\n\t\t\t<p><span class=\"wpcf7-form-control-wrap\" data-name=\"your-tel\"><input size=\"40\" maxlength=\"400\" class=\"wpcf7-form-control wpcf7-tel wpcf7-validates-as-required wpcf7-text wpcf7-validates-as-tel form-control\" aria-required=\"true\" aria-invalid=\"false\" placeholder=\"Phone number\" value=\"\" type=\"tel\" name=\"your-tel\" \/><\/span>\n\t\t\t<\/p>\n\t\t<\/div>\n\t\t<div class=\"col-xs-12 col-sm-12\">\n\t\t\t<p><span class=\"wpcf7-form-control-wrap\" data-name=\"your-email\"><input size=\"40\" maxlength=\"400\" class=\"wpcf7-form-control wpcf7-email wpcf7-validates-as-required wpcf7-text wpcf7-validates-as-email form-control\" aria-required=\"true\" aria-invalid=\"false\" placeholder=\"Email\" value=\"\" type=\"email\" name=\"your-email\" \/><\/span>\n\t\t\t<\/p>\n\t\t<\/div>\n\t<\/div>\n\t<div class=\"clearfix\">\n\t\t<p><input class=\"wpcf7-form-control wpcf7-submit has-spinner btn pull-right btn-theme btn-inverse border-2\" type=\"submit\" value=\"Please contact me!\" \/>\n\t\t<\/p>\n\t<\/div>\n<\/div><div class=\"wpcf7-response-output\" aria-hidden=\"true\"><\/div>\n<\/form>\n<\/div>\n<\/p>\n<h3>Vai jums ir \u0161\u012b naktsm\u012btne, bet kas ir l\u012bdz\u012bga&#8230;<\/h3>\n<p>Viesn\u012bcas var b\u016bt diezgan d\u0101rgas, k\u0101 ar\u012b dr\u016bmas iesp\u0113jas ilgtermi\u0146a izmitin\u0101\u0161anai. Da\u017eas naktis noteikti iet \u0113rti viesn\u012bc\u0101, bet, kad runa ir par ned\u0113\u013c\u0101m vai pat m\u0113ne\u0161iem, m\u0113bel\u0113ts nomas dz\u012bvoklis ir daudz jauk\u0101k variants. Jums re\u0101lu pagaidu m\u0101jas, kas ar\u012b j\u016btas m\u0101j\u012bgs un ne tikai \u0101rk\u0101rtas risin\u0101jumu. M\u0113s r\u016bp\u0113jamies par m\u016bsu m\u0113bel\u0113tajiem dz\u012bvok\u013ciem un v\u0113lamies p\u0101rliecin\u0101ties, ka jums pat\u012bk j\u016bsu dz\u012bvoklis, k\u0101 ar\u012b iesp\u0113jams.<\/p>\n<h3>No Jervenp\u0113 str\u0101d\u0101t Helsinku metropol\u0113<\/h3>\n<p>Vai j\u016bs n\u0101kat uz darbu Helsinku metropoles teritorij\u0101 vai Somijas dienvidos, bet j\u016bs nev\u0113laties dz\u012bvot espoo vai Helsinkos? J\u00e4rvenp\u00e4\u00e4 ir ar\u012b lieliska iesp\u0113ja uz ilg\u0101ku laiku, piem\u0113ram, nor\u012bko\u0161anai. No J\u00e4rvenp\u00e4\u00e4 j\u016bs varat nok\u013c\u016bt Helsinku centr\u0101 vai cit\u0101s apk\u0101rt\u0113j\u0101s teritorij\u0101s ar tie\u0161u satiksmes vilcienu, un j\u016bs varat viegli nok\u013c\u016bt darb\u0101 pie pie\u013caujama biznesa brauciena. Apartamenti J\u00e4rvenp\u00e4\u00e4 ir l\u0113t\u0101ki nek\u0101 Helsinku metropole, un j\u016bs varat atrast lielisku alternat\u012bvu m\u016bsu <a href=\"\/\">m\u0113bel\u0113tajos dz\u012bvok\u013cos!<\/a><\/p>\n<\/div>\n<\/div>\n<\/div>\n<\/div>\n<\/div>\n<\/div>\n<\/div>\n\t\t\t\t\t\t\t\t<\/div>\n\t\t\t\t<\/div>\n\t\t\t\t\t<\/div>\n\t\t<\/div>\n\t\t\t\t\t<\/div>\n\t\t<\/section>\n\t\t\t\t<\/div>\n\t\t","protected":false},"excerpt":{"rendered":"<p>J\u00e4rvenp\u00e4\u00e4 vapaat asunnot Rivitalo J\u00e4rvenp\u00e4\u00e4 Peltola | RT 3h+k 78m2 | HETI VAPAA Humalakuja 1 A, 04410 J\u00e4rvenp\u00e4\u00e4 Kerrostaloasunto J\u00e4rvenp\u00e4\u00e4 keskusta | KT 3h+k 78m2 | HETI VAPAA Kartanonpolku 31, 04410 J\u00e4rvenp\u00e4\u00e4 Kerrostaloasunto J\u00e4rvenp\u00e4\u00e4 keskusta | KT 3h+k 78m2 | HETI VAPAA Kartanonpolku 31, 04410 J\u00e4rvenp\u00e4\u00e4 M\u0113bel\u0113ts \u012bres automa\u0161\u012bnu noma J\u00e4rvenp\u00e4\u00e4 Vai j\u016bs zin\u0101t darbu [&hellip;]<\/p>\n","protected":false},"author":3,"featured_media":0,"parent":4453,"menu_order":0,"comment_status":"closed","ping_status":"closed","template":"","meta":{"footnotes":""},"class_list":["post-4266","page","type-page","status-publish","hentry"],"yoast_head":"<!-- This site is optimized with the Yoast SEO plugin v24.9 - https:\/\/yoast.com\/wordpress\/plugins\/seo\/ -->\n<title>M\u0113bel\u0113ts \u012bres automa\u0161\u012bnu noma J\u00e4rvenp\u00e4\u00e4 - Sakarin Citykodit<\/title>\n<meta name=\"robots\" content=\"index, follow, max-snippet:-1, max-image-preview:large, max-video-preview:-1\" \/>\n<link rel=\"canonical\" href=\"https:\/\/www.sakarincitykodit.fi\/lv\/musu-atrasanas-vieta\/mebelets-ires-automasinu-noma-jarvenpaa\/\" \/>\n<meta property=\"og:locale\" content=\"lv_LV\" \/>\n<meta property=\"og:type\" content=\"article\" \/>\n<meta property=\"og:title\" content=\"M\u0113bel\u0113ts \u012bres automa\u0161\u012bnu noma J\u00e4rvenp\u00e4\u00e4 - Sakarin Citykodit\" \/>\n<meta property=\"og:description\" content=\"J\u00e4rvenp\u00e4\u00e4 vapaat asunnot Rivitalo J\u00e4rvenp\u00e4\u00e4 Peltola | RT 3h+k 78m2 | HETI VAPAA Humalakuja 1 A, 04410 J\u00e4rvenp\u00e4\u00e4 Kerrostaloasunto J\u00e4rvenp\u00e4\u00e4 keskusta | KT 3h+k 78m2 | HETI VAPAA Kartanonpolku 31, 04410 J\u00e4rvenp\u00e4\u00e4 Kerrostaloasunto J\u00e4rvenp\u00e4\u00e4 keskusta | KT 3h+k 78m2 | HETI VAPAA Kartanonpolku 31, 04410 J\u00e4rvenp\u00e4\u00e4 M\u0113bel\u0113ts \u012bres automa\u0161\u012bnu noma J\u00e4rvenp\u00e4\u00e4 Vai j\u016bs zin\u0101t darbu [&hellip;]\" \/>\n<meta property=\"og:url\" content=\"https:\/\/www.sakarincitykodit.fi\/lv\/musu-atrasanas-vieta\/mebelets-ires-automasinu-noma-jarvenpaa\/\" \/>\n<meta property=\"og:site_name\" content=\"Sakarin Citykodit\" \/>\n<meta property=\"article:modified_time\" content=\"2020-11-10T10:07:42+00:00\" \/>\n<meta name=\"twitter:card\" content=\"summary_large_image\" \/>\n<meta name=\"twitter:label1\" content=\"Est. reading time\" \/>\n\t<meta name=\"twitter:data1\" content=\"2 minutes\" \/>\n<script type=\"application\/ld+json\" class=\"yoast-schema-graph\">{\"@context\":\"https:\/\/schema.org\",\"@graph\":[{\"@type\":\"WebPage\",\"@id\":\"https:\/\/www.sakarincitykodit.fi\/lv\/musu-atrasanas-vieta\/mebelets-ires-automasinu-noma-jarvenpaa\/\",\"url\":\"https:\/\/www.sakarincitykodit.fi\/lv\/musu-atrasanas-vieta\/mebelets-ires-automasinu-noma-jarvenpaa\/\",\"name\":\"M\u0113bel\u0113ts \u012bres automa\u0161\u012bnu noma J\u00e4rvenp\u00e4\u00e4 - Sakarin Citykodit\",\"isPartOf\":{\"@id\":\"https:\/\/www.sakarincitykodit.fi\/lv\/#website\"},\"datePublished\":\"2018-11-05T07:53:20+00:00\",\"dateModified\":\"2020-11-10T10:07:42+00:00\",\"breadcrumb\":{\"@id\":\"https:\/\/www.sakarincitykodit.fi\/lv\/musu-atrasanas-vieta\/mebelets-ires-automasinu-noma-jarvenpaa\/#breadcrumb\"},\"inLanguage\":\"lv-LV\",\"potentialAction\":[{\"@type\":\"ReadAction\",\"target\":[\"https:\/\/www.sakarincitykodit.fi\/lv\/musu-atrasanas-vieta\/mebelets-ires-automasinu-noma-jarvenpaa\/\"]}]},{\"@type\":\"BreadcrumbList\",\"@id\":\"https:\/\/www.sakarincitykodit.fi\/lv\/musu-atrasanas-vieta\/mebelets-ires-automasinu-noma-jarvenpaa\/#breadcrumb\",\"itemListElement\":[{\"@type\":\"ListItem\",\"position\":1,\"name\":\"M\u0101jas\",\"item\":\"https:\/\/www.sakarincitykodit.fi\/lv\/\"},{\"@type\":\"ListItem\",\"position\":2,\"name\":\"M\u016bsu atra\u0161an\u0101s vieta\",\"item\":\"https:\/\/www.sakarincitykodit.fi\/lv\/musu-atrasanas-vieta\/\"},{\"@type\":\"ListItem\",\"position\":3,\"name\":\"M\u0113bel\u0113ts \u012bres automa\u0161\u012bnu noma J\u00e4rvenp\u00e4\u00e4\"}]},{\"@type\":\"WebSite\",\"@id\":\"https:\/\/www.sakarincitykodit.fi\/lv\/#website\",\"url\":\"https:\/\/www.sakarincitykodit.fi\/lv\/\",\"name\":\"Sakarin Citykodit\",\"description\":\"Vuokraamme vapaat kalustetut vuokra-asunnot ymp&auml;ri Suomen!\",\"publisher\":{\"@id\":\"https:\/\/www.sakarincitykodit.fi\/lv\/#organization\"},\"potentialAction\":[{\"@type\":\"SearchAction\",\"target\":{\"@type\":\"EntryPoint\",\"urlTemplate\":\"https:\/\/www.sakarincitykodit.fi\/lv\/?s={search_term_string}\"},\"query-input\":{\"@type\":\"PropertyValueSpecification\",\"valueRequired\":true,\"valueName\":\"search_term_string\"}}],\"inLanguage\":\"lv-LV\"},{\"@type\":\"Organization\",\"@id\":\"https:\/\/www.sakarincitykodit.fi\/lv\/#organization\",\"name\":\"Sakarin Citykodit\",\"url\":\"https:\/\/www.sakarincitykodit.fi\/lv\/\",\"logo\":{\"@type\":\"ImageObject\",\"inLanguage\":\"lv-LV\",\"@id\":\"https:\/\/www.sakarincitykodit.fi\/lv\/#\/schema\/logo\/image\/\",\"url\":\"https:\/\/www.sakarincitykodit.fi\/wp-content\/uploads\/sakarin-citykodit-logo-245.png\",\"contentUrl\":\"https:\/\/www.sakarincitykodit.fi\/wp-content\/uploads\/sakarin-citykodit-logo-245.png\",\"width\":245,\"height\":39,\"caption\":\"Sakarin Citykodit\"},\"image\":{\"@id\":\"https:\/\/www.sakarincitykodit.fi\/lv\/#\/schema\/logo\/image\/\"}}]}<\/script>\n<!-- \/ Yoast SEO plugin. -->","yoast_head_json":{"title":"M\u0113bel\u0113ts \u012bres automa\u0161\u012bnu noma J\u00e4rvenp\u00e4\u00e4 - Sakarin Citykodit","robots":{"index":"index","follow":"follow","max-snippet":"max-snippet:-1","max-image-preview":"max-image-preview:large","max-video-preview":"max-video-preview:-1"},"canonical":"https:\/\/www.sakarincitykodit.fi\/lv\/musu-atrasanas-vieta\/mebelets-ires-automasinu-noma-jarvenpaa\/","og_locale":"lv_LV","og_type":"article","og_title":"M\u0113bel\u0113ts \u012bres automa\u0161\u012bnu noma J\u00e4rvenp\u00e4\u00e4 - Sakarin Citykodit","og_description":"J\u00e4rvenp\u00e4\u00e4 vapaat asunnot Rivitalo J\u00e4rvenp\u00e4\u00e4 Peltola | RT 3h+k 78m2 | HETI VAPAA Humalakuja 1 A, 04410 J\u00e4rvenp\u00e4\u00e4 Kerrostaloasunto J\u00e4rvenp\u00e4\u00e4 keskusta | KT 3h+k 78m2 | HETI VAPAA Kartanonpolku 31, 04410 J\u00e4rvenp\u00e4\u00e4 Kerrostaloasunto J\u00e4rvenp\u00e4\u00e4 keskusta | KT 3h+k 78m2 | HETI VAPAA Kartanonpolku 31, 04410 J\u00e4rvenp\u00e4\u00e4 M\u0113bel\u0113ts \u012bres automa\u0161\u012bnu noma J\u00e4rvenp\u00e4\u00e4 Vai j\u016bs zin\u0101t darbu [&hellip;]","og_url":"https:\/\/www.sakarincitykodit.fi\/lv\/musu-atrasanas-vieta\/mebelets-ires-automasinu-noma-jarvenpaa\/","og_site_name":"Sakarin Citykodit","article_modified_time":"2020-11-10T10:07:42+00:00","twitter_card":"summary_large_image","twitter_misc":{"Est. reading time":"2 minutes"},"schema":{"@context":"https:\/\/schema.org","@graph":[{"@type":"WebPage","@id":"https:\/\/www.sakarincitykodit.fi\/lv\/musu-atrasanas-vieta\/mebelets-ires-automasinu-noma-jarvenpaa\/","url":"https:\/\/www.sakarincitykodit.fi\/lv\/musu-atrasanas-vieta\/mebelets-ires-automasinu-noma-jarvenpaa\/","name":"M\u0113bel\u0113ts \u012bres automa\u0161\u012bnu noma J\u00e4rvenp\u00e4\u00e4 - Sakarin Citykodit","isPartOf":{"@id":"https:\/\/www.sakarincitykodit.fi\/lv\/#website"},"datePublished":"2018-11-05T07:53:20+00:00","dateModified":"2020-11-10T10:07:42+00:00","breadcrumb":{"@id":"https:\/\/www.sakarincitykodit.fi\/lv\/musu-atrasanas-vieta\/mebelets-ires-automasinu-noma-jarvenpaa\/#breadcrumb"},"inLanguage":"lv-LV","potentialAction":[{"@type":"ReadAction","target":["https:\/\/www.sakarincitykodit.fi\/lv\/musu-atrasanas-vieta\/mebelets-ires-automasinu-noma-jarvenpaa\/"]}]},{"@type":"BreadcrumbList","@id":"https:\/\/www.sakarincitykodit.fi\/lv\/musu-atrasanas-vieta\/mebelets-ires-automasinu-noma-jarvenpaa\/#breadcrumb","itemListElement":[{"@type":"ListItem","position":1,"name":"M\u0101jas","item":"https:\/\/www.sakarincitykodit.fi\/lv\/"},{"@type":"ListItem","position":2,"name":"M\u016bsu atra\u0161an\u0101s vieta","item":"https:\/\/www.sakarincitykodit.fi\/lv\/musu-atrasanas-vieta\/"},{"@type":"ListItem","position":3,"name":"M\u0113bel\u0113ts \u012bres automa\u0161\u012bnu noma J\u00e4rvenp\u00e4\u00e4"}]},{"@type":"WebSite","@id":"https:\/\/www.sakarincitykodit.fi\/lv\/#website","url":"https:\/\/www.sakarincitykodit.fi\/lv\/","name":"Sakarin Citykodit","description":"Vuokraamme vapaat kalustetut vuokra-asunnot ymp&auml;ri Suomen!","publisher":{"@id":"https:\/\/www.sakarincitykodit.fi\/lv\/#organization"},"potentialAction":[{"@type":"SearchAction","target":{"@type":"EntryPoint","urlTemplate":"https:\/\/www.sakarincitykodit.fi\/lv\/?s={search_term_string}"},"query-input":{"@type":"PropertyValueSpecification","valueRequired":true,"valueName":"search_term_string"}}],"inLanguage":"lv-LV"},{"@type":"Organization","@id":"https:\/\/www.sakarincitykodit.fi\/lv\/#organization","name":"Sakarin Citykodit","url":"https:\/\/www.sakarincitykodit.fi\/lv\/","logo":{"@type":"ImageObject","inLanguage":"lv-LV","@id":"https:\/\/www.sakarincitykodit.fi\/lv\/#\/schema\/logo\/image\/","url":"https:\/\/www.sakarincitykodit.fi\/wp-content\/uploads\/sakarin-citykodit-logo-245.png","contentUrl":"https:\/\/www.sakarincitykodit.fi\/wp-content\/uploads\/sakarin-citykodit-logo-245.png","width":245,"height":39,"caption":"Sakarin Citykodit"},"image":{"@id":"https:\/\/www.sakarincitykodit.fi\/lv\/#\/schema\/logo\/image\/"}}]}},"_links":{"self":[{"href":"https:\/\/www.sakarincitykodit.fi\/lv\/wp-json\/wp\/v2\/pages\/4266","targetHints":{"allow":["GET"]}}],"collection":[{"href":"https:\/\/www.sakarincitykodit.fi\/lv\/wp-json\/wp\/v2\/pages"}],"about":[{"href":"https:\/\/www.sakarincitykodit.fi\/lv\/wp-json\/wp\/v2\/types\/page"}],"author":[{"embeddable":true,"href":"https:\/\/www.sakarincitykodit.fi\/lv\/wp-json\/wp\/v2\/users\/3"}],"replies":[{"embeddable":true,"href":"https:\/\/www.sakarincitykodit.fi\/lv\/wp-json\/wp\/v2\/comments?post=4266"}],"version-history":[{"count":0,"href":"https:\/\/www.sakarincitykodit.fi\/lv\/wp-json\/wp\/v2\/pages\/4266\/revisions"}],"up":[{"embeddable":true,"href":"https:\/\/www.sakarincitykodit.fi\/lv\/wp-json\/wp\/v2\/pages\/4453"}],"wp:attachment":[{"href":"https:\/\/www.sakarincitykodit.fi\/lv\/wp-json\/wp\/v2\/media?parent=4266"}],"curies":[{"name":"wp","href":"https:\/\/api.w.org\/{rel}","templated":true}]}}