{"id":4250,"date":"2018-11-05T09:50:53","date_gmt":"2018-11-05T07:50:53","guid":{"rendered":"https:\/\/www.sakarincitykodit.fi\/mebelets-nomas-turku\/"},"modified":"2020-11-10T12:05:19","modified_gmt":"2020-11-10T10:05:19","slug":"mebelets-nomas-turku","status":"publish","type":"page","link":"https:\/\/www.sakarincitykodit.fi\/lv\/musu-atrasanas-vieta\/mebelets-nomas-turku\/","title":{"rendered":"M\u0113bel\u0113ts nomas turku"},"content":{"rendered":"\t\t<div data-elementor-type=\"wp-page\" data-elementor-id=\"4250\" class=\"elementor elementor-4250 elementor-1232\">\n\t\t\t\t\t\t<section class=\"elementor-section elementor-top-section elementor-element elementor-element-1e454c91 elementor-section-boxed elementor-section-height-default elementor-section-height-default\" data-id=\"1e454c91\" data-element_type=\"section\">\n\t\t\t\t\t\t<div class=\"elementor-container elementor-column-gap-default\">\n\t\t\t\t\t<div class=\"elementor-column elementor-col-100 elementor-top-column elementor-element elementor-element-bc49f51\" data-id=\"bc49f51\" data-element_type=\"column\">\n\t\t\t<div class=\"elementor-widget-wrap elementor-element-populated\">\n\t\t\t\t\t\t<div class=\"elementor-element elementor-element-643f7727 elementor-widget elementor-widget-text-editor\" data-id=\"643f7727\" data-element_type=\"widget\" data-widget_type=\"text-editor.default\">\n\t\t\t\t<div class=\"elementor-widget-container\">\n\t\t\t\t\t\t\t\t\t<div id=\"pl-1232\" class=\"panel-layout\">\n<div id=\"pg-1232-0\" class=\"panel-grid panel-no-style\" data-style=\"{\"background_display\":\"tile\",\"cell_alignment\":\"flex-start\"}\">\n<div id=\"pgc-1232-0-0\" class=\"panel-grid-cell\" data-weight=\"1\">\n<div id=\"panel-1232-0-0-0\" class=\"so-panel widget widget_sow-editor panel-first-child\" data-index=\"0\" data-style=\"{\"padding\":\"0px 0px 0px 60px\",\"background_image_attachment\":false,\"background_display\":\"tile\"}\">\n<div class=\"panel-widget-style panel-widget-style-for-1232-0-0-0\">\n<div class=\"so-widget-sow-editor so-widget-sow-editor-base\">\n<div class=\"siteorigin-widget-tinymce textwidget\">\n<h2><b>M\u0113bel\u0113ts \u012bres turku<\/b><b><br \/>\n<\/b><\/h2>\n<p><span style=\"font-weight: 400;\">Labi apr\u012bkoti un funkcion\u0101li m\u0113bel\u0113ti \u012bres dz\u012bvok\u013ci, kas atrodas Turku centr\u0101laj\u0101s viet\u0101s, j\u016bs atrad\u012bsiet m\u016bsu pla\u0161o izv\u0113li. M\u016bsu iepriek\u0161 m\u0113bel\u0113tie \u012bres dz\u012bvok\u013ci ir piem\u0113roti, piem\u0113ram, gigdarbiek\u0161iem, vai cit\u0101di cilv\u0113kiem, kam nepiecie\u0161ama pagaidu noma. M\u016bsu iznom\u0101tie augstas kvalit\u0101tes dz\u012bvok\u013ci ir piem\u0113roti ar\u012b biznesa izmitin\u0101\u0161anas vajadz\u012bb\u0101m. Viesi vai vi\u0146u pa\u0161u darbinieki var baud\u012bt gaum\u012bgi iek\u0101rtotus dz\u012bvok\u013cus, kas ir apr\u012bkoti ar visu nepiecie\u0161amo. Aiz savas durv\u012bm j\u016bs varat dz\u012bvot sav\u0101, un j\u016bs varat baud\u012bt augstas kvalit\u0101tes apr\u012bkojumu norm\u0101lai ikdienas dz\u012bvei, piem\u0113ram, ve\u013cas mazg\u0101tavai. Br\u012bvaj\u0101 laik\u0101 ir viegli atg\u016bties \u0113rt\u0101 vid\u0113.<\/span><\/p>\n<h2><b>M\u0113s iznom\u0101am turku iem\u012bt\u0146us uz neilgu laiku<\/b><\/h2>\n<p><span style=\"font-weight: 400;\">Var b\u016bt vajadz\u012bgi \u012bstermi\u0146a m\u0101jok\u013ci, piem\u0113ram, nor\u012bkojuma laik\u0101. Nepiecie\u0161am\u012bba var b\u016bt ned\u0113\u013ca vai cits gads \u2013 caur mums j\u016bs varat ieg\u016bt \u0113rtu un augstas kvalit\u0101tes b\u0101zi pa to laiku. Ar \u0113rtu pagaidu d&#8217;o &#8216;, tas ir viegli spin savu ikdienas dz\u012bvi. Iznom\u0101jot m\u0113bel\u0113tu dz\u012bvokli Turku ir visvair\u0101k stresa-free risin\u0101jums. P\u0101rcel\u0161an\u0101s uz jaunu dz\u012bvokli ir bez stresa p\u0101rvietojas k\u0101rt\u012bbu, piem\u0113ram, iepakojuma, kas p\u0101rvad\u0101 preces un nododot l\u012bgumus uz jaunu adresi. Atgrie\u017eoties pie past\u0101v\u012bga dz\u012bvok\u013ca ir tik gluda laik\u0101, jums nav nepiecie\u0161ams iet ar jums, nek\u0101 jums ir nepiecie\u0161ams ap\u0123\u0113rbs un svar\u012bg\u0101kajiem personas priek\u0161metus.<\/span><\/p>\n<h2><b>M\u016bsu bezmaksas \u012bres dz\u012bvok\u013ci ir viegli sal\u012bdzin\u0101mi tie\u0161saist\u0113<\/b><\/h2>\n<p><span style=\"font-weight: 400;\">M\u016bsu m\u0101jas lap\u0101 j\u016bs varat redz\u0113t visus m\u016bsu pieejamos m\u0113bel\u0113tos \u012bres dz\u012bvok\u013cus Turku, un tos var viegli sal\u012bdzin\u0101t sav\u0101 starp\u0101. Kad visi \u012bres dz\u012bvok\u013ci tiek prezent\u0113ti vien\u0101 un taj\u0101 pa\u0161\u0101 viet\u0101, nav gr\u016bti izv\u0113l\u0113ties piem\u0113rotu \u012bres dz\u012bvokli. Kad j\u016bs atrad\u012bsiet dz\u012bvokli pareiz\u0101 izm\u0113ra un atbilst j\u016bsu vajadz\u012bb\u0101m, l\u016bdzu, sazinieties ar mums, lai p\u0101rvietotos. J\u016bs b\u016bsiet p\u0101rsteigti, cik vienk\u0101r\u0161i un gludi tas var b\u016bt iznom\u0101t dz\u012bvokli uz \u012bsu laiku!<\/span><\/p>\n<h2><b>M\u016bsu m\u0113bel\u0113tie dz\u012bvok\u013ci atrodas Turku pie lieliskas transporta satiksmes<\/b><\/h2>\n<p><span style=\"font-weight: 400;\">M\u016bsu m\u0113bel\u0113tie \u012bres dz\u012bvok\u013ci Turku ir \u013coti funkcion\u0101li un \u0113rti, un tie ir ar\u012b pirm\u0101s klases atra\u0161an\u0101s vieta. M\u016bsu dz\u012bvoklis ir paredz\u0113ts, lai kalpotu p\u0113c iesp\u0113jas pla\u0161\u0101ku klientu b\u0101zi un, lai t\u0101s var\u0113tu nodro\u0161in\u0101t homelike iestat\u012bjumu visu pagaidu m\u0101jok\u013cu veidu! J\u016bs maks\u0101jat tikai par to laiku, kad dz\u012bvojat dz\u012bvokl\u012b, t\u0101pat k\u0101 viesn\u012bc\u0101, bet attiec\u012bb\u0101 uz elast\u012bbu, vieglumu un daudz\u0101m cit\u0101m liet\u0101m, m\u0113bel\u0113ta dz\u012bvok\u013ca \u012bre at\u0161\u0137iras no viesn\u012bcas \u012bres.<\/span><\/p>\n<\/div>\n<\/div>\n<\/div>\n<\/div>\n<div id=\"panel-1232-0-0-1\" class=\"so-panel widget widget_text panel-last-child\" data-index=\"1\" data-style=\"{\"background_image_attachment\":false,\"background_display\":\"tile\"}\">\n<div class=\"textwidget\">\n<h2><b>M\u0113s atbild\u0113sim uz j\u016bsu jaut\u0101jumiem pa t\u0101lruni vai e-pastu<\/b><\/h2>\n<p><span style=\"font-weight: 400;\">Lai uzzin\u0101tu vair\u0101k par m\u0113bel\u0113tu \u012bres dz\u012bvok\u013cu \u012bri, l\u016bdzu, sazinieties ar mums pa e-pastu varaus@sakarincitykodit.fi <a href=\"tel:+358440880567\">t\u0101lruni +358 44 0880567<\/a>. M\u0113s pal\u012bdz\u0113sim jums ar visiem j\u016bsu izmitin\u0101\u0161anas un izvair\u012bgs kosmosa probl\u0113mas. M\u0113s pied\u0101v\u0101jam ar\u012b jaud\u012bgus risin\u0101jumus, lai piel\u0101gotos liel\u0101k\u0101m komand\u0101m.<\/span><\/p>\n<\/div>\n<\/div>\n<\/div>\n<\/div>\n<\/div>\n\t\t\t\t\t\t\t\t<\/div>\n\t\t\t\t<\/div>\n\t\t\t\t\t<\/div>\n\t\t<\/div>\n\t\t\t\t\t<\/div>\n\t\t<\/section>\n\t\t\t\t<\/div>\n\t\t","protected":false},"excerpt":{"rendered":"<p>Turku vapaat asunnot Kerrostaloasunto Kaarina keskusta | KT 3h+k 80m2 HETI VAPAA Em\u00e4nn\u00e4nkatu 6 Kaarina Kerrostaloasunto Turku City Center | KT 2h+k+sauna 63m2 | released on 1 August 2020 M\u0113bel\u0113ts \u012bres turku Labi apr\u012bkoti un funkcion\u0101li m\u0113bel\u0113ti \u012bres dz\u012bvok\u013ci, kas atrodas Turku centr\u0101laj\u0101s viet\u0101s, j\u016bs atrad\u012bsiet m\u016bsu pla\u0161o izv\u0113li. M\u016bsu iepriek\u0161 m\u0113bel\u0113tie \u012bres dz\u012bvok\u013ci ir [&hellip;]<\/p>\n","protected":false},"author":3,"featured_media":0,"parent":4453,"menu_order":0,"comment_status":"closed","ping_status":"closed","template":"","meta":{"footnotes":""},"class_list":["post-4250","page","type-page","status-publish","hentry"],"yoast_head":"<!-- This site is optimized with the Yoast SEO plugin v24.9 - https:\/\/yoast.com\/wordpress\/plugins\/seo\/ -->\n<title>M\u0113bel\u0113ts nomas turku - Sakarin Citykodit<\/title>\n<meta name=\"robots\" content=\"index, follow, max-snippet:-1, max-image-preview:large, max-video-preview:-1\" \/>\n<link rel=\"canonical\" href=\"https:\/\/www.sakarincitykodit.fi\/lv\/musu-atrasanas-vieta\/mebelets-nomas-turku\/\" \/>\n<meta property=\"og:locale\" content=\"lv_LV\" \/>\n<meta property=\"og:type\" content=\"article\" \/>\n<meta property=\"og:title\" content=\"M\u0113bel\u0113ts nomas turku - Sakarin Citykodit\" \/>\n<meta property=\"og:description\" content=\"Turku vapaat asunnot Kerrostaloasunto Kaarina keskusta | KT 3h+k 80m2 HETI VAPAA Em\u00e4nn\u00e4nkatu 6 Kaarina Kerrostaloasunto Turku City Center | KT 2h+k+sauna 63m2 | released on 1 August 2020 M\u0113bel\u0113ts \u012bres turku Labi apr\u012bkoti un funkcion\u0101li m\u0113bel\u0113ti \u012bres dz\u012bvok\u013ci, kas atrodas Turku centr\u0101laj\u0101s viet\u0101s, j\u016bs atrad\u012bsiet m\u016bsu pla\u0161o izv\u0113li. M\u016bsu iepriek\u0161 m\u0113bel\u0113tie \u012bres dz\u012bvok\u013ci ir [&hellip;]\" \/>\n<meta property=\"og:url\" content=\"https:\/\/www.sakarincitykodit.fi\/lv\/musu-atrasanas-vieta\/mebelets-nomas-turku\/\" \/>\n<meta property=\"og:site_name\" content=\"Sakarin Citykodit\" \/>\n<meta property=\"article:modified_time\" content=\"2020-11-10T10:05:19+00:00\" \/>\n<meta name=\"twitter:card\" content=\"summary_large_image\" \/>\n<meta name=\"twitter:label1\" content=\"Est. reading time\" \/>\n\t<meta name=\"twitter:data1\" content=\"3 minutes\" \/>\n<script type=\"application\/ld+json\" class=\"yoast-schema-graph\">{\"@context\":\"https:\/\/schema.org\",\"@graph\":[{\"@type\":\"WebPage\",\"@id\":\"https:\/\/www.sakarincitykodit.fi\/lv\/musu-atrasanas-vieta\/mebelets-nomas-turku\/\",\"url\":\"https:\/\/www.sakarincitykodit.fi\/lv\/musu-atrasanas-vieta\/mebelets-nomas-turku\/\",\"name\":\"M\u0113bel\u0113ts nomas turku - Sakarin Citykodit\",\"isPartOf\":{\"@id\":\"https:\/\/www.sakarincitykodit.fi\/lv\/#website\"},\"datePublished\":\"2018-11-05T07:50:53+00:00\",\"dateModified\":\"2020-11-10T10:05:19+00:00\",\"breadcrumb\":{\"@id\":\"https:\/\/www.sakarincitykodit.fi\/lv\/musu-atrasanas-vieta\/mebelets-nomas-turku\/#breadcrumb\"},\"inLanguage\":\"lv-LV\",\"potentialAction\":[{\"@type\":\"ReadAction\",\"target\":[\"https:\/\/www.sakarincitykodit.fi\/lv\/musu-atrasanas-vieta\/mebelets-nomas-turku\/\"]}]},{\"@type\":\"BreadcrumbList\",\"@id\":\"https:\/\/www.sakarincitykodit.fi\/lv\/musu-atrasanas-vieta\/mebelets-nomas-turku\/#breadcrumb\",\"itemListElement\":[{\"@type\":\"ListItem\",\"position\":1,\"name\":\"M\u0101jas\",\"item\":\"https:\/\/www.sakarincitykodit.fi\/lv\/\"},{\"@type\":\"ListItem\",\"position\":2,\"name\":\"M\u016bsu atra\u0161an\u0101s vieta\",\"item\":\"https:\/\/www.sakarincitykodit.fi\/lv\/musu-atrasanas-vieta\/\"},{\"@type\":\"ListItem\",\"position\":3,\"name\":\"M\u0113bel\u0113ts nomas turku\"}]},{\"@type\":\"WebSite\",\"@id\":\"https:\/\/www.sakarincitykodit.fi\/lv\/#website\",\"url\":\"https:\/\/www.sakarincitykodit.fi\/lv\/\",\"name\":\"Sakarin Citykodit\",\"description\":\"Vuokraamme vapaat kalustetut vuokra-asunnot ymp&auml;ri Suomen!\",\"publisher\":{\"@id\":\"https:\/\/www.sakarincitykodit.fi\/lv\/#organization\"},\"potentialAction\":[{\"@type\":\"SearchAction\",\"target\":{\"@type\":\"EntryPoint\",\"urlTemplate\":\"https:\/\/www.sakarincitykodit.fi\/lv\/?s={search_term_string}\"},\"query-input\":{\"@type\":\"PropertyValueSpecification\",\"valueRequired\":true,\"valueName\":\"search_term_string\"}}],\"inLanguage\":\"lv-LV\"},{\"@type\":\"Organization\",\"@id\":\"https:\/\/www.sakarincitykodit.fi\/lv\/#organization\",\"name\":\"Sakarin Citykodit\",\"url\":\"https:\/\/www.sakarincitykodit.fi\/lv\/\",\"logo\":{\"@type\":\"ImageObject\",\"inLanguage\":\"lv-LV\",\"@id\":\"https:\/\/www.sakarincitykodit.fi\/lv\/#\/schema\/logo\/image\/\",\"url\":\"https:\/\/www.sakarincitykodit.fi\/wp-content\/uploads\/sakarin-citykodit-logo-245.png\",\"contentUrl\":\"https:\/\/www.sakarincitykodit.fi\/wp-content\/uploads\/sakarin-citykodit-logo-245.png\",\"width\":245,\"height\":39,\"caption\":\"Sakarin Citykodit\"},\"image\":{\"@id\":\"https:\/\/www.sakarincitykodit.fi\/lv\/#\/schema\/logo\/image\/\"}}]}<\/script>\n<!-- \/ Yoast SEO plugin. -->","yoast_head_json":{"title":"M\u0113bel\u0113ts nomas turku - Sakarin Citykodit","robots":{"index":"index","follow":"follow","max-snippet":"max-snippet:-1","max-image-preview":"max-image-preview:large","max-video-preview":"max-video-preview:-1"},"canonical":"https:\/\/www.sakarincitykodit.fi\/lv\/musu-atrasanas-vieta\/mebelets-nomas-turku\/","og_locale":"lv_LV","og_type":"article","og_title":"M\u0113bel\u0113ts nomas turku - Sakarin Citykodit","og_description":"Turku vapaat asunnot Kerrostaloasunto Kaarina keskusta | KT 3h+k 80m2 HETI VAPAA Em\u00e4nn\u00e4nkatu 6 Kaarina Kerrostaloasunto Turku City Center | KT 2h+k+sauna 63m2 | released on 1 August 2020 M\u0113bel\u0113ts \u012bres turku Labi apr\u012bkoti un funkcion\u0101li m\u0113bel\u0113ti \u012bres dz\u012bvok\u013ci, kas atrodas Turku centr\u0101laj\u0101s viet\u0101s, j\u016bs atrad\u012bsiet m\u016bsu pla\u0161o izv\u0113li. M\u016bsu iepriek\u0161 m\u0113bel\u0113tie \u012bres dz\u012bvok\u013ci ir [&hellip;]","og_url":"https:\/\/www.sakarincitykodit.fi\/lv\/musu-atrasanas-vieta\/mebelets-nomas-turku\/","og_site_name":"Sakarin Citykodit","article_modified_time":"2020-11-10T10:05:19+00:00","twitter_card":"summary_large_image","twitter_misc":{"Est. reading time":"3 minutes"},"schema":{"@context":"https:\/\/schema.org","@graph":[{"@type":"WebPage","@id":"https:\/\/www.sakarincitykodit.fi\/lv\/musu-atrasanas-vieta\/mebelets-nomas-turku\/","url":"https:\/\/www.sakarincitykodit.fi\/lv\/musu-atrasanas-vieta\/mebelets-nomas-turku\/","name":"M\u0113bel\u0113ts nomas turku - Sakarin Citykodit","isPartOf":{"@id":"https:\/\/www.sakarincitykodit.fi\/lv\/#website"},"datePublished":"2018-11-05T07:50:53+00:00","dateModified":"2020-11-10T10:05:19+00:00","breadcrumb":{"@id":"https:\/\/www.sakarincitykodit.fi\/lv\/musu-atrasanas-vieta\/mebelets-nomas-turku\/#breadcrumb"},"inLanguage":"lv-LV","potentialAction":[{"@type":"ReadAction","target":["https:\/\/www.sakarincitykodit.fi\/lv\/musu-atrasanas-vieta\/mebelets-nomas-turku\/"]}]},{"@type":"BreadcrumbList","@id":"https:\/\/www.sakarincitykodit.fi\/lv\/musu-atrasanas-vieta\/mebelets-nomas-turku\/#breadcrumb","itemListElement":[{"@type":"ListItem","position":1,"name":"M\u0101jas","item":"https:\/\/www.sakarincitykodit.fi\/lv\/"},{"@type":"ListItem","position":2,"name":"M\u016bsu atra\u0161an\u0101s vieta","item":"https:\/\/www.sakarincitykodit.fi\/lv\/musu-atrasanas-vieta\/"},{"@type":"ListItem","position":3,"name":"M\u0113bel\u0113ts nomas turku"}]},{"@type":"WebSite","@id":"https:\/\/www.sakarincitykodit.fi\/lv\/#website","url":"https:\/\/www.sakarincitykodit.fi\/lv\/","name":"Sakarin Citykodit","description":"Vuokraamme vapaat kalustetut vuokra-asunnot ymp&auml;ri Suomen!","publisher":{"@id":"https:\/\/www.sakarincitykodit.fi\/lv\/#organization"},"potentialAction":[{"@type":"SearchAction","target":{"@type":"EntryPoint","urlTemplate":"https:\/\/www.sakarincitykodit.fi\/lv\/?s={search_term_string}"},"query-input":{"@type":"PropertyValueSpecification","valueRequired":true,"valueName":"search_term_string"}}],"inLanguage":"lv-LV"},{"@type":"Organization","@id":"https:\/\/www.sakarincitykodit.fi\/lv\/#organization","name":"Sakarin Citykodit","url":"https:\/\/www.sakarincitykodit.fi\/lv\/","logo":{"@type":"ImageObject","inLanguage":"lv-LV","@id":"https:\/\/www.sakarincitykodit.fi\/lv\/#\/schema\/logo\/image\/","url":"https:\/\/www.sakarincitykodit.fi\/wp-content\/uploads\/sakarin-citykodit-logo-245.png","contentUrl":"https:\/\/www.sakarincitykodit.fi\/wp-content\/uploads\/sakarin-citykodit-logo-245.png","width":245,"height":39,"caption":"Sakarin Citykodit"},"image":{"@id":"https:\/\/www.sakarincitykodit.fi\/lv\/#\/schema\/logo\/image\/"}}]}},"_links":{"self":[{"href":"https:\/\/www.sakarincitykodit.fi\/lv\/wp-json\/wp\/v2\/pages\/4250","targetHints":{"allow":["GET"]}}],"collection":[{"href":"https:\/\/www.sakarincitykodit.fi\/lv\/wp-json\/wp\/v2\/pages"}],"about":[{"href":"https:\/\/www.sakarincitykodit.fi\/lv\/wp-json\/wp\/v2\/types\/page"}],"author":[{"embeddable":true,"href":"https:\/\/www.sakarincitykodit.fi\/lv\/wp-json\/wp\/v2\/users\/3"}],"replies":[{"embeddable":true,"href":"https:\/\/www.sakarincitykodit.fi\/lv\/wp-json\/wp\/v2\/comments?post=4250"}],"version-history":[{"count":0,"href":"https:\/\/www.sakarincitykodit.fi\/lv\/wp-json\/wp\/v2\/pages\/4250\/revisions"}],"up":[{"embeddable":true,"href":"https:\/\/www.sakarincitykodit.fi\/lv\/wp-json\/wp\/v2\/pages\/4453"}],"wp:attachment":[{"href":"https:\/\/www.sakarincitykodit.fi\/lv\/wp-json\/wp\/v2\/media?parent=4250"}],"curies":[{"name":"wp","href":"https:\/\/api.w.org\/{rel}","templated":true}]}}