{"id":4197,"date":"2018-11-05T09:48:59","date_gmt":"2018-11-05T07:48:59","guid":{"rendered":"https:\/\/www.sakarincitykodit.fi\/mebelets-nomas-tampere\/"},"modified":"2020-11-10T12:14:37","modified_gmt":"2020-11-10T10:14:37","slug":"mebelets-nomas-tampere","status":"publish","type":"page","link":"https:\/\/www.sakarincitykodit.fi\/lv\/musu-atrasanas-vieta\/mebelets-nomas-tampere\/","title":{"rendered":"M\u0113bel\u0113ts nomas Tampere"},"content":{"rendered":"\t\t<div data-elementor-type=\"wp-page\" data-elementor-id=\"4197\" class=\"elementor elementor-4197 elementor-1228\">\n\t\t\t\t\t\t<section class=\"elementor-section elementor-top-section elementor-element elementor-element-139bdf25 elementor-section-boxed elementor-section-height-default elementor-section-height-default\" data-id=\"139bdf25\" data-element_type=\"section\">\n\t\t\t\t\t\t<div class=\"elementor-container elementor-column-gap-default\">\n\t\t\t\t\t<div class=\"elementor-column elementor-col-100 elementor-top-column elementor-element elementor-element-1c61de8\" data-id=\"1c61de8\" data-element_type=\"column\">\n\t\t\t<div class=\"elementor-widget-wrap elementor-element-populated\">\n\t\t\t\t\t\t<div class=\"elementor-element elementor-element-26b1e51f elementor-widget elementor-widget-text-editor\" data-id=\"26b1e51f\" data-element_type=\"widget\" data-widget_type=\"text-editor.default\">\n\t\t\t\t<div class=\"elementor-widget-container\">\n\t\t\t\t\t\t\t\t\t<div id=\"pl-1228\" class=\"panel-layout\">\n<div id=\"pg-1228-0\" class=\"panel-grid panel-no-style\" data-style=\"{\">\n<div id=\"pgc-1228-0-0\" class=\"panel-grid-cell\" data-weight=\"1\">\n<div id=\"panel-1228-0-0-0\" class=\"so-panel widget widget_sow-editor panel-first-child panel-last-child\" data-index=\"0\" data-style=\"{\">\n<div class=\"panel-widget-style panel-widget-style-for-1228-0-0-0\">\n<div class=\"so-widget-sow-editor so-widget-sow-editor-base\">\n<div class=\"siteorigin-widget-tinymce textwidget\">\n<h1>Bezmaksas m\u0113bel\u0113ts \u012bres Tampere<\/h1>\n<p>Vai j\u016bs pavad\u0101t da\u017e\u0101da ilguma laiku vair\u0101k\u0101s viet\u0101s, piem\u0113ram, darb\u0101? Vai varb\u016bt j\u016bsu uz\u0146\u0113mumam ir gig l\u012bdz\u012bgu darbu vis\u0101 Somij\u0101, lai j\u016bsu uz\u0146\u0113mumam ir nepiecie\u0161ams naktis j\u016bsu darbiniekiem? Viesn\u012bca izmitin\u0101\u0161ana ir ne tikai viens, un, protams, ne vienm\u0113r ir lab\u0101kais risin\u0101jums \u0161\u0101d\u0101m vajadz\u012bb\u0101m. M\u0113bel\u0113ta dz\u012bvok\u013ca priek\u0161roc\u012bbas var ietvert atra\u0161an\u0101s vietu, priv\u0101tumu, lieto\u0161anas \u0113rtumu un cenu. M\u0113s pied\u0101v\u0101jam pla\u0161u m\u0113bel\u0113tu \u012bres dz\u012bvok\u013cu kl\u0101stu da\u017e\u0101diem izmitin\u0101\u0161anas veidiem.<\/p>\n<h4>Vai v\u0113laties, lai m\u0113s jums piezvan\u012btu par br\u012bvajiem dz\u012bvok\u013ciem Tamper\u0113? Atst\u0101j atzvan\u012b\u0161anu!<\/h4>\n\n<div class=\"wpcf7 no-js\" id=\"wpcf7-f5350-o1\" lang=\"lv-LV\" dir=\"ltr\" data-wpcf7-id=\"5350\">\n<div class=\"screen-reader-response\"><p role=\"status\" aria-live=\"polite\" aria-atomic=\"true\"><\/p> <ul><\/ul><\/div>\n<form action=\"\/lv\/wp-json\/wp\/v2\/pages\/4197#wpcf7-f5350-o1\" method=\"post\" class=\"wpcf7-form init\" aria-label=\"Contact form\" novalidate=\"novalidate\" data-status=\"init\">\n<div style=\"display: none;\">\n<input type=\"hidden\" name=\"_wpcf7\" value=\"5350\" \/>\n<input type=\"hidden\" name=\"_wpcf7_version\" value=\"6.0.6\" \/>\n<input type=\"hidden\" name=\"_wpcf7_locale\" value=\"lv_LV\" \/>\n<input type=\"hidden\" name=\"_wpcf7_unit_tag\" value=\"wpcf7-f5350-o1\" \/>\n<input type=\"hidden\" name=\"_wpcf7_container_post\" value=\"0\" \/>\n<input type=\"hidden\" name=\"_wpcf7_posted_data_hash\" value=\"\" \/>\n<\/div>\n<p><label>Enter your details and our business sales will contact you as soon as possible!<br \/>\n<\/label>\n<\/p>\n<div class=\"contact-us\">\n\t<div class=\"row\">\n\t\t<div class=\"col-xs-12 col-sm-6\">\n\t\t\t<p><span class=\"wpcf7-form-control-wrap\" data-name=\"your-yritys\"><input size=\"40\" maxlength=\"400\" class=\"wpcf7-form-control wpcf7-text wpcf7-validates-as-required form-control\" aria-required=\"true\" aria-invalid=\"false\" placeholder=\"The Company Name\" value=\"\" type=\"text\" name=\"your-yritys\" \/><\/span>\n\t\t\t<\/p>\n\t\t<\/div>\n\t\t<div class=\"col-xs-12 col-sm-6\">\n\t\t\t<p><span class=\"wpcf7-form-control-wrap\" data-name=\"your-tel\"><input size=\"40\" maxlength=\"400\" class=\"wpcf7-form-control wpcf7-tel wpcf7-validates-as-required wpcf7-text wpcf7-validates-as-tel form-control\" aria-required=\"true\" aria-invalid=\"false\" placeholder=\"Phone number\" value=\"\" type=\"tel\" name=\"your-tel\" \/><\/span>\n\t\t\t<\/p>\n\t\t<\/div>\n\t\t<div class=\"col-xs-12 col-sm-12\">\n\t\t\t<p><span class=\"wpcf7-form-control-wrap\" data-name=\"your-email\"><input size=\"40\" maxlength=\"400\" class=\"wpcf7-form-control wpcf7-email wpcf7-validates-as-required wpcf7-text wpcf7-validates-as-email form-control\" aria-required=\"true\" aria-invalid=\"false\" placeholder=\"Email\" value=\"\" type=\"email\" name=\"your-email\" \/><\/span>\n\t\t\t<\/p>\n\t\t<\/div>\n\t<\/div>\n\t<div class=\"clearfix\">\n\t\t<p><input class=\"wpcf7-form-control wpcf7-submit has-spinner btn pull-right btn-theme btn-inverse border-2\" type=\"submit\" value=\"Please contact me!\" \/>\n\t\t<\/p>\n\t<\/div>\n<\/div><div class=\"wpcf7-response-output\" aria-hidden=\"true\"><\/div>\n<\/form>\n<\/div>\n\n<h2>\u012ar\u0113t \u012bstermi\u0146a dz\u012bvokli Tamper\u0113<\/h2>\n<p>Viesi var nom\u0101t \u012bstermi\u0146a dz\u012bvokli Tamper\u0113 ar m\u0113bel\u0113m vasaras br\u012bvdien\u0101m. M\u0101j\u0101s gatavots dz\u012bves veids \u013cauj jums dar\u012bt daudzas lietas, ko j\u016bs bie\u017ei vien nevar paveikt viesn\u012bc\u0101, piem\u0113ram, cooking, vair\u0101k priv\u0101tuma, aicinot viesus un da\u017ereiz pat sav\u0101 pagalm\u0101 un apr\u016bpi. Ir iesp\u0113jams p\u0101riet uz \u012bstermi\u0146a dz\u012bvokli ar visu \u0123imeni, ja, lai gan viens no vec\u0101kiem ir noteikta laika darba attiec\u012bbas ar vietu, bet \u0123imene nev\u0113las p\u0101rvietoties past\u0101v\u012bgi. Ja j\u016bs v\u0113laties p\u0101rcelties uz Tampere uz ierobe\u017eotu laiku, apskat\u012bt ar\u012b pied\u0101v\u0101jumu m\u0113bel\u0113ts \u012bres dz\u012bvok\u013ciem.<\/p>\n<h2>J\u016bs varat atrast visus m\u016bsu bezmaksas \u012bres dz\u012bvok\u013cus uzreiz<\/h2>\n<p>M\u0113bel\u0113tu \u012bres dz\u012bvok\u013cu mekl\u0113\u0161ana ir iev\u0113rojami atvieglota, ja bezmaksas m\u0101jok\u013ci tiek atrasti vien\u0101 viet\u0101 uzreiz, un jums nav j\u0101t\u0113r\u0113 laiks daudziem pakalpojumu sniedz\u0113jiem. Tas ir veids, sakarincitykodit.fi darbojas. Tur, bezmaksas m\u0113bel\u0113ts nomas dz\u012bvok\u013ci ir uzskait\u012bti ar vietu vair\u0101k\u0101s viet\u0101s ap Somiju. Bezmaksas dz\u012bvok\u013ci tiek atjaunin\u0101ti ik p\u0113c 24 stund\u0101m, lai j\u016bs var\u0113tu uzraudz\u012bt m\u0113bel\u0113tu \u012bres dz\u012bvok\u013cu situ\u0101ciju da\u017e\u0101d\u0101s viet\u0101s katru dienu. Vienk\u0101r\u0161i noklik\u0161\u0137iniet uz galam\u0113r\u0137a atra\u0161an\u0101s vietu uz vietas un uzzin\u0101t, kur\u0161 dz\u012bvoklis b\u016btu piem\u0113rots jums vislab\u0101k.<\/p>\n<h3>M\u0113bel\u0113ts dz\u012bvok\u013ci j\u016bsu vajadz\u012bb\u0101m ar Tampere transports<\/h3>\n<p>\u012astermi\u0146a \u012bres dz\u012bvok\u013ci ir atrodami Tamper\u0113, \u013coti tuvu transporta savienojumiem. Ne vienm\u0113r var b\u016bt v\u0113lams dz\u012bvot pils\u0113tas centr\u0101, kur atrodas liel\u0101k\u0101 da\u013ca viesn\u012bcu, kur, piem\u0113ram, autobusa piesl\u0113guma beig\u0101s ir paredz\u0113ts m\u0113bel\u0113ts \u012bres dz\u012bvoklis. Iznom\u0101jot m\u0113bel\u0113tu dz\u012bvokli ir tikpat viegli k\u0101 ieg\u0101d\u0101ties viesn\u012bcu nakt\u012b, bet ar liel\u0101ku elast\u012bbu un br\u012bv\u012bbu. \u012astermi\u0146a nomas attiec\u012bb\u0101s jums nav j\u0101b\u016bt saist\u012btam ar vienu istabu, bet jums b\u016bs piek\u013cuve visam dz\u012bvoklim.<\/p>\n<h3>Kontaktpersonu!<\/h3>\n<p>Vai jums ir k\u0101di jaut\u0101jumi par \u012bstermi\u0146a \u012bri dz\u012bvokli, vai j\u016bs vienk\u0101r\u0161i v\u0113laties dzird\u0113t vair\u0101k? Sazinieties ar mums, un m\u0113s jums pateiks, cik viegli ir iznom\u0101t \u012bstermi\u0146a m\u0113bel\u0113ts dz\u012bvoklis! J\u016bs varat sazin\u0101ties ar mums pa t\u0101lruni, e-pastu vai aizpildot zem\u0101k eso\u0161o formu.<\/p>\n\n<div class=\"wpcf7 no-js\" id=\"wpcf7-f5334-o2\" lang=\"lv-LV\" dir=\"ltr\" data-wpcf7-id=\"5334\">\n<div class=\"screen-reader-response\"><p role=\"status\" aria-live=\"polite\" aria-atomic=\"true\"><\/p> <ul><\/ul><\/div>\n<form action=\"\/lv\/wp-json\/wp\/v2\/pages\/4197#wpcf7-f5334-o2\" method=\"post\" class=\"wpcf7-form init\" aria-label=\"Contact form\" novalidate=\"novalidate\" data-status=\"init\">\n<div style=\"display: none;\">\n<input type=\"hidden\" name=\"_wpcf7\" value=\"5334\" \/>\n<input type=\"hidden\" name=\"_wpcf7_version\" value=\"6.0.6\" \/>\n<input type=\"hidden\" name=\"_wpcf7_locale\" value=\"lv_LV\" \/>\n<input type=\"hidden\" name=\"_wpcf7_unit_tag\" value=\"wpcf7-f5334-o2\" \/>\n<input type=\"hidden\" name=\"_wpcf7_container_post\" value=\"0\" \/>\n<input type=\"hidden\" name=\"_wpcf7_posted_data_hash\" value=\"\" \/>\n<\/div>\n<div class=\"contact-us\">\n\t<div class=\"row\">\n\t\t<div class=\"col-xs-12 col-sm-6\">\n\t\t\t<p><span class=\"wpcf7-form-control-wrap\" data-name=\"your-name\"><input size=\"40\" maxlength=\"400\" class=\"wpcf7-form-control wpcf7-text wpcf7-validates-as-required form-control\" aria-required=\"true\" aria-invalid=\"false\" placeholder=\"Company name\" value=\"\" type=\"text\" name=\"your-name\" \/><\/span>\n\t\t\t<\/p>\n\t\t<\/div>\n\t\t<div class=\"col-xs-12 col-sm-6\">\n\t\t\t<p><span class=\"wpcf7-form-control-wrap\" data-name=\"your-tel\"><input size=\"40\" maxlength=\"400\" class=\"wpcf7-form-control wpcf7-tel wpcf7-validates-as-required wpcf7-text wpcf7-validates-as-tel form-control\" aria-required=\"true\" aria-invalid=\"false\" placeholder=\"Telephone\" value=\"\" type=\"tel\" name=\"your-tel\" \/><\/span>\n\t\t\t<\/p>\n\t\t<\/div>\n\t\t<div class=\"col-xs-12 col-sm-12\">\n\t\t\t<p><span class=\"wpcf7-form-control-wrap\" data-name=\"your-email\"><input size=\"40\" maxlength=\"400\" class=\"wpcf7-form-control wpcf7-email wpcf7-validates-as-required wpcf7-text wpcf7-validates-as-email form-control\" aria-required=\"true\" aria-invalid=\"false\" placeholder=\"Email\" value=\"\" type=\"email\" name=\"your-email\" \/><\/span>\n\t\t\t<\/p>\n\t\t<\/div>\n\t\t<div class=\"col-xs-12 col-sm-6\">\n\t\t\t<labal>City\n\t\t\t\t<p><span class=\"wpcf7-form-control-wrap\" data-name=\"menu-905\"><select class=\"wpcf7-form-control wpcf7-select wpcf7-validates-as-required\" aria-required=\"true\" aria-invalid=\"false\" name=\"menu-905\"><option value=\"Espoo\">Espoo<\/option><option value=\"Hamina\">Hamina<\/option><option value=\"Helsinki\">Helsinki<\/option><option value=\"Jyv\u00e4skyl\u00e4\">Jyv\u00e4skyl\u00e4<\/option><option value=\"J\u00e4rvenp\u00e4\u00e4\">J\u00e4rvenp\u00e4\u00e4<\/option><option value=\"Kerava\">Kerava<\/option><option value=\"Kuopio\">Kuopio<\/option><option value=\"Oulu\">Oulu<\/option><option value=\"Porvoo\">Porvoo<\/option><option value=\"Tampere\">Tampere<\/option><option value=\"Turku\">Turku<\/option><option value=\"Vaasa\">Vaasa<\/option><option value=\"Vantaa\">Vantaa<\/option><option value=\"Other city\">Other city<\/option><\/select><\/span>\n\t\t\t\t<\/p>\n\t\t\t<\/labal>\n\t\t<\/div>\n\t\t<div class=\"col-xs-12 col-sm-6\">\n\t\t\t<p><span class=\"wpcf7-form-control-wrap\" data-name=\"your-omakaupunki\"><input size=\"40\" maxlength=\"400\" class=\"wpcf7-form-control wpcf7-text form-control\" aria-invalid=\"false\" placeholder=\"Other city\" value=\"\" type=\"text\" name=\"your-omakaupunki\" \/><\/span>\n\t\t\t<\/p>\n\t\t<\/div>\n\t\t<div class=\"col-xs-12 col-sm-6\">\n\t\t\t<labal>Arrival:\n\t\t\t\t<p><span class=\"wpcf7-form-control-wrap\" data-name=\"date-946\"><input class=\"wpcf7-form-control wpcf7-date wpcf7-validates-as-date form-control\" aria-invalid=\"false\" placeholder=\"Arrival\" value=\"\" type=\"date\" name=\"date-946\" \/><\/span>\n\t\t\t\t<\/p>\n\t\t\t<\/labal>\n\t\t<\/div>\n\t\t<div class=\"col-xs-12 col-sm-6\">\n\t\t\t<labal>Departure:\n\t\t\t\t<p><span class=\"wpcf7-form-control-wrap\" data-name=\"date-706\"><input class=\"wpcf7-form-control wpcf7-date wpcf7-validates-as-date form-control\" aria-invalid=\"false\" placeholder=\"Departure\" value=\"\" type=\"date\" name=\"date-706\" \/><\/span>\n\t\t\t\t<\/p>\n\t\t\t<\/labal>\n\t\t<\/div>\n\t<\/div>\n\t<div>\n\t\t<p><span class=\"wpcf7-form-control-wrap\" data-name=\"your-message\"><textarea cols=\"40\" rows=\"10\" maxlength=\"2000\" class=\"wpcf7-form-control wpcf7-textarea form-control\" aria-invalid=\"false\" placeholder=\"Message\" name=\"your-message\"><\/textarea><\/span>\n\t\t<\/p>\n\t<\/div>\n\t<div class=\"clearfix\">\n\t\t<p><input class=\"wpcf7-form-control wpcf7-submit has-spinner btn pull-right btn-theme btn-inverse border-2\" type=\"submit\" value=\"Send\" \/>\n\t\t<\/p>\n\t<\/div>\n<\/div><div class=\"wpcf7-response-output\" aria-hidden=\"true\"><\/div>\n<\/form>\n<\/div>\n\n<\/div>\n<\/div>\n<\/div>\n<\/div>\n<\/div>\n<\/div>\n<\/div>\n\t\t\t\t\t\t\t\t<\/div>\n\t\t\t\t<\/div>\n\t\t\t\t\t<\/div>\n\t\t<\/div>\n\t\t\t\t\t<\/div>\n\t\t<\/section>\n\t\t\t\t<\/div>\n\t\t","protected":false},"excerpt":{"rendered":"<p>Tampere vapaat asunnot Kerrostaloasunto TAMPERE Hervanta | KT 3h+k 78m2 | HETI VAPAA Muroleenkatu 14, Tampere, Hervanta Bezmaksas m\u0113bel\u0113ts \u012bres Tampere Vai j\u016bs pavad\u0101t da\u017e\u0101da ilguma laiku vair\u0101k\u0101s viet\u0101s, piem\u0113ram, darb\u0101? Vai varb\u016bt j\u016bsu uz\u0146\u0113mumam ir gig l\u012bdz\u012bgu darbu vis\u0101 Somij\u0101, lai j\u016bsu uz\u0146\u0113mumam ir nepiecie\u0161ams naktis j\u016bsu darbiniekiem? Viesn\u012bca izmitin\u0101\u0161ana ir ne tikai viens, [&hellip;]<\/p>\n","protected":false},"author":3,"featured_media":0,"parent":4453,"menu_order":0,"comment_status":"closed","ping_status":"closed","template":"","meta":{"footnotes":""},"class_list":["post-4197","page","type-page","status-publish","hentry"],"yoast_head":"<!-- This site is optimized with the Yoast SEO plugin v24.9 - https:\/\/yoast.com\/wordpress\/plugins\/seo\/ -->\n<title>M\u0113bel\u0113ts nomas Tampere - Sakarin Citykodit<\/title>\n<meta name=\"robots\" content=\"index, follow, max-snippet:-1, max-image-preview:large, max-video-preview:-1\" \/>\n<link rel=\"canonical\" href=\"https:\/\/www.sakarincitykodit.fi\/lv\/musu-atrasanas-vieta\/mebelets-nomas-tampere\/\" \/>\n<meta property=\"og:locale\" content=\"lv_LV\" \/>\n<meta property=\"og:type\" content=\"article\" \/>\n<meta property=\"og:title\" content=\"M\u0113bel\u0113ts nomas Tampere - Sakarin Citykodit\" \/>\n<meta property=\"og:description\" content=\"Tampere vapaat asunnot Kerrostaloasunto TAMPERE Hervanta | KT 3h+k 78m2 | HETI VAPAA Muroleenkatu 14, Tampere, Hervanta Bezmaksas m\u0113bel\u0113ts \u012bres Tampere Vai j\u016bs pavad\u0101t da\u017e\u0101da ilguma laiku vair\u0101k\u0101s viet\u0101s, piem\u0113ram, darb\u0101? Vai varb\u016bt j\u016bsu uz\u0146\u0113mumam ir gig l\u012bdz\u012bgu darbu vis\u0101 Somij\u0101, lai j\u016bsu uz\u0146\u0113mumam ir nepiecie\u0161ams naktis j\u016bsu darbiniekiem? Viesn\u012bca izmitin\u0101\u0161ana ir ne tikai viens, [&hellip;]\" \/>\n<meta property=\"og:url\" content=\"https:\/\/www.sakarincitykodit.fi\/lv\/musu-atrasanas-vieta\/mebelets-nomas-tampere\/\" \/>\n<meta property=\"og:site_name\" content=\"Sakarin Citykodit\" \/>\n<meta property=\"article:modified_time\" content=\"2020-11-10T10:14:37+00:00\" \/>\n<meta name=\"twitter:card\" content=\"summary_large_image\" \/>\n<meta name=\"twitter:label1\" content=\"Est. reading time\" \/>\n\t<meta name=\"twitter:data1\" content=\"3 minutes\" \/>\n<script type=\"application\/ld+json\" class=\"yoast-schema-graph\">{\"@context\":\"https:\/\/schema.org\",\"@graph\":[{\"@type\":\"WebPage\",\"@id\":\"https:\/\/www.sakarincitykodit.fi\/lv\/musu-atrasanas-vieta\/mebelets-nomas-tampere\/\",\"url\":\"https:\/\/www.sakarincitykodit.fi\/lv\/musu-atrasanas-vieta\/mebelets-nomas-tampere\/\",\"name\":\"M\u0113bel\u0113ts nomas Tampere - Sakarin Citykodit\",\"isPartOf\":{\"@id\":\"https:\/\/www.sakarincitykodit.fi\/lv\/#website\"},\"datePublished\":\"2018-11-05T07:48:59+00:00\",\"dateModified\":\"2020-11-10T10:14:37+00:00\",\"breadcrumb\":{\"@id\":\"https:\/\/www.sakarincitykodit.fi\/lv\/musu-atrasanas-vieta\/mebelets-nomas-tampere\/#breadcrumb\"},\"inLanguage\":\"lv-LV\",\"potentialAction\":[{\"@type\":\"ReadAction\",\"target\":[\"https:\/\/www.sakarincitykodit.fi\/lv\/musu-atrasanas-vieta\/mebelets-nomas-tampere\/\"]}]},{\"@type\":\"BreadcrumbList\",\"@id\":\"https:\/\/www.sakarincitykodit.fi\/lv\/musu-atrasanas-vieta\/mebelets-nomas-tampere\/#breadcrumb\",\"itemListElement\":[{\"@type\":\"ListItem\",\"position\":1,\"name\":\"M\u0101jas\",\"item\":\"https:\/\/www.sakarincitykodit.fi\/lv\/\"},{\"@type\":\"ListItem\",\"position\":2,\"name\":\"M\u016bsu atra\u0161an\u0101s vieta\",\"item\":\"https:\/\/www.sakarincitykodit.fi\/lv\/musu-atrasanas-vieta\/\"},{\"@type\":\"ListItem\",\"position\":3,\"name\":\"M\u0113bel\u0113ts nomas Tampere\"}]},{\"@type\":\"WebSite\",\"@id\":\"https:\/\/www.sakarincitykodit.fi\/lv\/#website\",\"url\":\"https:\/\/www.sakarincitykodit.fi\/lv\/\",\"name\":\"Sakarin Citykodit\",\"description\":\"Vuokraamme vapaat kalustetut vuokra-asunnot ymp&auml;ri Suomen!\",\"publisher\":{\"@id\":\"https:\/\/www.sakarincitykodit.fi\/lv\/#organization\"},\"potentialAction\":[{\"@type\":\"SearchAction\",\"target\":{\"@type\":\"EntryPoint\",\"urlTemplate\":\"https:\/\/www.sakarincitykodit.fi\/lv\/?s={search_term_string}\"},\"query-input\":{\"@type\":\"PropertyValueSpecification\",\"valueRequired\":true,\"valueName\":\"search_term_string\"}}],\"inLanguage\":\"lv-LV\"},{\"@type\":\"Organization\",\"@id\":\"https:\/\/www.sakarincitykodit.fi\/lv\/#organization\",\"name\":\"Sakarin Citykodit\",\"url\":\"https:\/\/www.sakarincitykodit.fi\/lv\/\",\"logo\":{\"@type\":\"ImageObject\",\"inLanguage\":\"lv-LV\",\"@id\":\"https:\/\/www.sakarincitykodit.fi\/lv\/#\/schema\/logo\/image\/\",\"url\":\"https:\/\/www.sakarincitykodit.fi\/wp-content\/uploads\/sakarin-citykodit-logo-245.png\",\"contentUrl\":\"https:\/\/www.sakarincitykodit.fi\/wp-content\/uploads\/sakarin-citykodit-logo-245.png\",\"width\":245,\"height\":39,\"caption\":\"Sakarin Citykodit\"},\"image\":{\"@id\":\"https:\/\/www.sakarincitykodit.fi\/lv\/#\/schema\/logo\/image\/\"}}]}<\/script>\n<!-- \/ Yoast SEO plugin. -->","yoast_head_json":{"title":"M\u0113bel\u0113ts nomas Tampere - Sakarin Citykodit","robots":{"index":"index","follow":"follow","max-snippet":"max-snippet:-1","max-image-preview":"max-image-preview:large","max-video-preview":"max-video-preview:-1"},"canonical":"https:\/\/www.sakarincitykodit.fi\/lv\/musu-atrasanas-vieta\/mebelets-nomas-tampere\/","og_locale":"lv_LV","og_type":"article","og_title":"M\u0113bel\u0113ts nomas Tampere - Sakarin Citykodit","og_description":"Tampere vapaat asunnot Kerrostaloasunto TAMPERE Hervanta | KT 3h+k 78m2 | HETI VAPAA Muroleenkatu 14, Tampere, Hervanta Bezmaksas m\u0113bel\u0113ts \u012bres Tampere Vai j\u016bs pavad\u0101t da\u017e\u0101da ilguma laiku vair\u0101k\u0101s viet\u0101s, piem\u0113ram, darb\u0101? Vai varb\u016bt j\u016bsu uz\u0146\u0113mumam ir gig l\u012bdz\u012bgu darbu vis\u0101 Somij\u0101, lai j\u016bsu uz\u0146\u0113mumam ir nepiecie\u0161ams naktis j\u016bsu darbiniekiem? Viesn\u012bca izmitin\u0101\u0161ana ir ne tikai viens, [&hellip;]","og_url":"https:\/\/www.sakarincitykodit.fi\/lv\/musu-atrasanas-vieta\/mebelets-nomas-tampere\/","og_site_name":"Sakarin Citykodit","article_modified_time":"2020-11-10T10:14:37+00:00","twitter_card":"summary_large_image","twitter_misc":{"Est. reading time":"3 minutes"},"schema":{"@context":"https:\/\/schema.org","@graph":[{"@type":"WebPage","@id":"https:\/\/www.sakarincitykodit.fi\/lv\/musu-atrasanas-vieta\/mebelets-nomas-tampere\/","url":"https:\/\/www.sakarincitykodit.fi\/lv\/musu-atrasanas-vieta\/mebelets-nomas-tampere\/","name":"M\u0113bel\u0113ts nomas Tampere - Sakarin Citykodit","isPartOf":{"@id":"https:\/\/www.sakarincitykodit.fi\/lv\/#website"},"datePublished":"2018-11-05T07:48:59+00:00","dateModified":"2020-11-10T10:14:37+00:00","breadcrumb":{"@id":"https:\/\/www.sakarincitykodit.fi\/lv\/musu-atrasanas-vieta\/mebelets-nomas-tampere\/#breadcrumb"},"inLanguage":"lv-LV","potentialAction":[{"@type":"ReadAction","target":["https:\/\/www.sakarincitykodit.fi\/lv\/musu-atrasanas-vieta\/mebelets-nomas-tampere\/"]}]},{"@type":"BreadcrumbList","@id":"https:\/\/www.sakarincitykodit.fi\/lv\/musu-atrasanas-vieta\/mebelets-nomas-tampere\/#breadcrumb","itemListElement":[{"@type":"ListItem","position":1,"name":"M\u0101jas","item":"https:\/\/www.sakarincitykodit.fi\/lv\/"},{"@type":"ListItem","position":2,"name":"M\u016bsu atra\u0161an\u0101s vieta","item":"https:\/\/www.sakarincitykodit.fi\/lv\/musu-atrasanas-vieta\/"},{"@type":"ListItem","position":3,"name":"M\u0113bel\u0113ts nomas Tampere"}]},{"@type":"WebSite","@id":"https:\/\/www.sakarincitykodit.fi\/lv\/#website","url":"https:\/\/www.sakarincitykodit.fi\/lv\/","name":"Sakarin Citykodit","description":"Vuokraamme vapaat kalustetut vuokra-asunnot ymp&auml;ri Suomen!","publisher":{"@id":"https:\/\/www.sakarincitykodit.fi\/lv\/#organization"},"potentialAction":[{"@type":"SearchAction","target":{"@type":"EntryPoint","urlTemplate":"https:\/\/www.sakarincitykodit.fi\/lv\/?s={search_term_string}"},"query-input":{"@type":"PropertyValueSpecification","valueRequired":true,"valueName":"search_term_string"}}],"inLanguage":"lv-LV"},{"@type":"Organization","@id":"https:\/\/www.sakarincitykodit.fi\/lv\/#organization","name":"Sakarin Citykodit","url":"https:\/\/www.sakarincitykodit.fi\/lv\/","logo":{"@type":"ImageObject","inLanguage":"lv-LV","@id":"https:\/\/www.sakarincitykodit.fi\/lv\/#\/schema\/logo\/image\/","url":"https:\/\/www.sakarincitykodit.fi\/wp-content\/uploads\/sakarin-citykodit-logo-245.png","contentUrl":"https:\/\/www.sakarincitykodit.fi\/wp-content\/uploads\/sakarin-citykodit-logo-245.png","width":245,"height":39,"caption":"Sakarin Citykodit"},"image":{"@id":"https:\/\/www.sakarincitykodit.fi\/lv\/#\/schema\/logo\/image\/"}}]}},"_links":{"self":[{"href":"https:\/\/www.sakarincitykodit.fi\/lv\/wp-json\/wp\/v2\/pages\/4197","targetHints":{"allow":["GET"]}}],"collection":[{"href":"https:\/\/www.sakarincitykodit.fi\/lv\/wp-json\/wp\/v2\/pages"}],"about":[{"href":"https:\/\/www.sakarincitykodit.fi\/lv\/wp-json\/wp\/v2\/types\/page"}],"author":[{"embeddable":true,"href":"https:\/\/www.sakarincitykodit.fi\/lv\/wp-json\/wp\/v2\/users\/3"}],"replies":[{"embeddable":true,"href":"https:\/\/www.sakarincitykodit.fi\/lv\/wp-json\/wp\/v2\/comments?post=4197"}],"version-history":[{"count":0,"href":"https:\/\/www.sakarincitykodit.fi\/lv\/wp-json\/wp\/v2\/pages\/4197\/revisions"}],"up":[{"embeddable":true,"href":"https:\/\/www.sakarincitykodit.fi\/lv\/wp-json\/wp\/v2\/pages\/4453"}],"wp:attachment":[{"href":"https:\/\/www.sakarincitykodit.fi\/lv\/wp-json\/wp\/v2\/media?parent=4197"}],"curies":[{"name":"wp","href":"https:\/\/api.w.org\/{rel}","templated":true}]}}