{"id":4175,"date":"2018-11-05T09:46:45","date_gmt":"2018-11-05T07:46:45","guid":{"rendered":"https:\/\/www.sakarincitykodit.fi\/mebelets-noma-vanta\/"},"modified":"2021-09-15T16:29:48","modified_gmt":"2021-09-15T14:29:48","slug":"mebelets-noma-vanta","status":"publish","type":"page","link":"https:\/\/www.sakarincitykodit.fi\/lv\/musu-atrasanas-vieta\/mebelets-noma-vanta\/","title":{"rendered":"M\u0113bel\u0113ts noma Vantaa"},"content":{"rendered":"\t\t<div data-elementor-type=\"wp-page\" data-elementor-id=\"4175\" class=\"elementor elementor-4175 elementor-1224\">\n\t\t\t\t\t\t<section class=\"elementor-section elementor-top-section elementor-element elementor-element-36f23770 elementor-section-boxed elementor-section-height-default elementor-section-height-default\" data-id=\"36f23770\" data-element_type=\"section\">\n\t\t\t\t\t\t<div class=\"elementor-container elementor-column-gap-default\">\n\t\t\t\t\t<div class=\"elementor-column elementor-col-100 elementor-top-column elementor-element elementor-element-352b6a1c\" data-id=\"352b6a1c\" data-element_type=\"column\">\n\t\t\t<div class=\"elementor-widget-wrap elementor-element-populated\">\n\t\t\t\t\t\t<div class=\"elementor-element elementor-element-5bce881 elementor-widget elementor-widget-apus_element_realestate_properties\" data-id=\"5bce881\" data-element_type=\"widget\" data-settings=\"{&quot;columns&quot;:&quot;2&quot;,&quot;slides_to_scroll&quot;:1}\" data-widget_type=\"apus_element_realestate_properties.default\">\n\t\t\t\t<div class=\"elementor-widget-container\">\n\t\t\t\t\t            <div class=\"widget-properties carousel item-grid-v4 \">\n                                    <div class=\"top-info-widget flex-middle\">\n                        <div class=\"info-left\">\n                                                            <h2 class=\"title\">Vantaa vapaat asunnot<\/h2>\n                                                                                <\/div>\n                                            <\/div>\n                                <div class=\"widget-content\">\n                                            <div class=\"slick-carousel\"\n                            data-items=\"2\"\n                            data-smallmedium=\"2\"\n                            data-extrasmall=\"1\"\n\n                            data-slidestoscroll=\"1\"\n                            data-slidestoscroll_smallmedium=\"1\"\n                            data-slidestoscroll_extrasmall=\"1\"\n\n                            data-pagination=\"false\" data-nav=\"true\" data-rows=\"1\" data-infinite=\"false\" data-autoplay=\"true\">\n                                                            <div class=\"item\">\n                                    \n\n<article class=\"map-item property-grid-v4 property-item post-14914 property type-property status-publish has-post-thumbnail hentry property_type-kerrostaloasunto-lv property_location-vantaa-lv property_amenity-erillinen-wc-lv property_amenity-ruuanlaitto-ja-ruokailuvalineet-lv property_amenity-kahvinkeitin-lv property_amenity-uuni-lv property_amenity-jaakaappi-lv property_amenity-mikro-lv property_amenity-liesi-lv property_amenity-pakastin-lv property_amenity-sauna-lv property_amenity-televisio-lv property_amenity-astianpesukone-lv property_amenity-kylpyhuone-lv property_amenity-pyykinpesukone-lv property_amenity-pesutupa-lv\" data-latitude=\"60.3444784\" data-longitude=\"25.06554434570638\" data-img=\"https:\/\/www.sakarincitykodit.fi\/wp-content\/uploads\/20240308_142141-850x550.jpg\">\n    <div class=\"top-info\">\n        <div class=\"property-thumbnail-wrapper flex-middle justify-content-center\">\n                <div class=\"image-thumbnail\">\r\n        <a class=\"property-image\" href=\"https:\/\/www.sakarincitykodit.fi\/lv\/vuokra-asunto\/vantaa-korso-78m2-2\/\">\r\n        \t<div class=\"image-wrapper\"><img fetchpriority=\"high\" decoding=\"async\" width=\"850\" height=\"550\" src=\"data:image\/svg+xml;charset=utf-8,%3Csvg xmlns%3D&#039;http%3A%2F%2Fwww.w3.org%2F2000%2Fsvg&#039; viewBox%3D&#039;0 0 850 550&#039;%2F%3E\" class=\"attachment-homeo-property-grid size-homeo-property-grid unveil-image\" alt=\"Kalustettu asunto Vantaa\" data-src=\"https:\/\/www.sakarincitykodit.fi\/wp-content\/uploads\/20240308_142141-850x550.jpg\" \/><\/div>        <\/a>\r\n    <\/div>\r\n                            <div class=\"bottom-label flex-middle\">\n                                <div class=\"ali-right\">\n                                    <\/div>\n            <\/div>\n        <\/div>\n\n        <div class=\"property-information\">\n            <div class=\"property-type\">\r\n\t\t\t\t\t\t\t<div class=\"property-type with-no-title\">\r\n\t\t\t\t\t\t            \t<a class=\"type-property\" href=\"https:\/\/www.sakarincitykodit.fi\/lv\/property-type\/kerrostaloasunto-lv\/\" style=\"\">Daudzdz\u012bvok\u013cu \u0113ka<\/a>\t\t        \t\t    \t<\/div>\r\n\t    <\/div>\n            <h2 class=\"property-title\"><a href=\"https:\/\/www.sakarincitykodit.fi\/lv\/vuokra-asunto\/vantaa-korso-78m2-2\/\" rel=\"bookmark\">VANTAA Korso 78m2<\/a><\/h2>            <div class=\"property-location with-icon\"><i class=\"flaticon-maps-and-flags\"><\/i> <a href=\"\/\/maps.google.com\/maps?q=Kulotie+2%2C+01450+Vantaa&#038;zoom=14&#038;size=512x512&#038;maptype=roadmap&#038;sensor=false\" target=\"_blank\">Kulotie 2, 01450 Vantaa<\/a><\/div>\n                    <\/div>\n    <\/div>\n<\/article><!-- #post-## -->\n\n                                <\/div>\n                                                    <\/div>\n                                                        <\/div>\n            <\/div>\n            \t\t\t\t<\/div>\n\t\t\t\t<\/div>\n\t\t\t\t<div class=\"elementor-element elementor-element-32f1978c elementor-widget elementor-widget-text-editor\" data-id=\"32f1978c\" data-element_type=\"widget\" data-widget_type=\"text-editor.default\">\n\t\t\t\t<div class=\"elementor-widget-container\">\n\t\t\t\t\t\t\t\t\t<div id=\"pl-1224\" class=\"panel-layout\">\n<div id=\"pg-1224-0\" class=\"panel-grid panel-no-style\" data-style=\"{\">\n<div id=\"pgc-1224-0-0\" class=\"panel-grid-cell\" data-weight=\"1\">\n<div id=\"panel-1224-0-0-0\" class=\"so-panel widget widget_sow-editor panel-first-child panel-last-child\" data-index=\"0\" data-style=\"{\">\n<div class=\"panel-widget-style panel-widget-style-for-1224-0-0-0\">\n<div class=\"so-widget-sow-editor so-widget-sow-editor-base\">\n<div class=\"siteorigin-widget-tinymce textwidget\">\n<h2>Bezmaksas m\u0113bel\u0113ts \u012bres Vantaa<\/h2>\n<p>Vai j\u016bsu dz\u012bve p\u0101rvietojas darba vai hobiju d\u0113\u013c? Vai viesn\u012bcas numuru sienas nokr\u012bt uz j\u016bsu ce\u013cojumiem? Par laimi, ir pieejams ar\u012b elast\u012bg\u0101ks izmitin\u0101\u0161anas variants. M\u0113bel\u0113ti \u012bres dz\u012bvok\u013ci ir pieejami Vantaa un ap Somiju da\u017e\u0101d\u0101s viet\u0101s \u2013 ar\u012b \u012bstermi\u0146a vajadz\u012bb\u0101m. M\u016bsu m\u0113bel\u0113tie <strong>\u012bstermi\u0146a dz\u012bvok\u013ci Vantaa&nbsp;<\/strong>kalpo ar\u012b k\u0101 izmitin\u0101\u0161ana vair\u0101k nek\u0101 vienai personai, un \u0161aj\u0101 gad\u012bjum\u0101 vi\u0146i bie\u017ei vien sa\u0146em l\u0113t\u0101k nek\u0101 katra no m\u016bsu pa\u0161u viesn\u012bc\u0101m. Ir pla\u0161s \u012bstermi\u0146a un m\u0113bel\u0113ts \u012bres dz\u012bvok\u013ci gan vienu vai vair\u0101k cilv\u0113ku izmitin\u0101\u0161anas vajadz\u012bb\u0101m gan ned\u0113\u013cas nogales braucieniem un ilgtermi\u0146a noma.<\/p>\n<p>Atst\u0101jiet mums atzvan\u012b\u0161anu!<\/p>\n<p class=\"p1\">\n<div class=\"wpcf7 no-js\" id=\"wpcf7-f5350-o1\" lang=\"lv-LV\" dir=\"ltr\" data-wpcf7-id=\"5350\">\n<div class=\"screen-reader-response\"><p role=\"status\" aria-live=\"polite\" aria-atomic=\"true\"><\/p> <ul><\/ul><\/div>\n<form action=\"\/lv\/wp-json\/wp\/v2\/pages\/4175#wpcf7-f5350-o1\" method=\"post\" class=\"wpcf7-form init\" aria-label=\"Contact form\" novalidate=\"novalidate\" data-status=\"init\">\n<div style=\"display: none;\">\n<input type=\"hidden\" name=\"_wpcf7\" value=\"5350\" \/>\n<input type=\"hidden\" name=\"_wpcf7_version\" value=\"6.0.6\" \/>\n<input type=\"hidden\" name=\"_wpcf7_locale\" value=\"lv_LV\" \/>\n<input type=\"hidden\" name=\"_wpcf7_unit_tag\" value=\"wpcf7-f5350-o1\" \/>\n<input type=\"hidden\" name=\"_wpcf7_container_post\" value=\"0\" \/>\n<input type=\"hidden\" name=\"_wpcf7_posted_data_hash\" value=\"\" \/>\n<\/div>\n<p><label>Enter your details and our business sales will contact you as soon as possible!<br \/>\n<\/label>\n<\/p>\n<div class=\"contact-us\">\n\t<div class=\"row\">\n\t\t<div class=\"col-xs-12 col-sm-6\">\n\t\t\t<p><span class=\"wpcf7-form-control-wrap\" data-name=\"your-yritys\"><input size=\"40\" maxlength=\"400\" class=\"wpcf7-form-control wpcf7-text wpcf7-validates-as-required form-control\" aria-required=\"true\" aria-invalid=\"false\" placeholder=\"The Company Name\" value=\"\" type=\"text\" name=\"your-yritys\" \/><\/span>\n\t\t\t<\/p>\n\t\t<\/div>\n\t\t<div class=\"col-xs-12 col-sm-6\">\n\t\t\t<p><span class=\"wpcf7-form-control-wrap\" data-name=\"your-tel\"><input size=\"40\" maxlength=\"400\" class=\"wpcf7-form-control wpcf7-tel wpcf7-validates-as-required wpcf7-text wpcf7-validates-as-tel form-control\" aria-required=\"true\" aria-invalid=\"false\" placeholder=\"Phone number\" value=\"\" type=\"tel\" name=\"your-tel\" \/><\/span>\n\t\t\t<\/p>\n\t\t<\/div>\n\t\t<div class=\"col-xs-12 col-sm-12\">\n\t\t\t<p><span class=\"wpcf7-form-control-wrap\" data-name=\"your-email\"><input size=\"40\" maxlength=\"400\" class=\"wpcf7-form-control wpcf7-email wpcf7-validates-as-required wpcf7-text wpcf7-validates-as-email form-control\" aria-required=\"true\" aria-invalid=\"false\" placeholder=\"Email\" value=\"\" type=\"email\" name=\"your-email\" \/><\/span>\n\t\t\t<\/p>\n\t\t<\/div>\n\t<\/div>\n\t<div class=\"clearfix\">\n\t\t<p><input class=\"wpcf7-form-control wpcf7-submit has-spinner btn pull-right btn-theme btn-inverse border-2\" type=\"submit\" value=\"Please contact me!\" \/>\n\t\t<\/p>\n\t<\/div>\n<\/div><div class=\"wpcf7-response-output\" aria-hidden=\"true\"><\/div>\n<\/form>\n<\/div>\n<\/p>\n<h2>\u012ar\u0113t \u012bstermi\u0146a dz\u012bvokli Vantaa<\/h2>\n<p>Vai j\u016bs dr\u012bz\u0101k pav\u0101rs par savu darbu vai br\u012bvdienu braucieniem? M\u0101j\u012bgs veids m\u0101jok\u013cu m\u0113bel\u0113ts dz\u012bvoklis \u013cauj to dar\u012bt, un daudzas citas lietas, ka viesn\u012bca nevar pierast \u013coti bie\u017ei. \u012astermi\u0146a m\u0113bel\u0113ta \u012bres dz\u012bvok\u013ca \u012bre ir k\u0101 izmitin\u0101\u0161ana viesn\u012bc\u0101, bet ar liel\u0101ku elast\u012bbu, telpu un br\u012bv\u012bbu. J\u016bs sa\u0146emsiet savas atsl\u0113gas j\u016bsu nomas dz\u012bvoklim j\u016bsu uztur\u0113\u0161an\u0101s laik\u0101 un izmantot visu dz\u012bvokli, nevis vienu istabu. Veiciet rezerv\u0101ciju un viegli un \u0101tri sa\u0146emiet atsl\u0113gas uz m\u0113bel\u0113to dz\u012bvokli.<\/p>\n<h2>J\u016bs varat atrast visus m\u016bsu bezmaksas \u012bres dz\u012bvok\u013cus uzreiz<\/h2>\n<p>Atrast \u012bstermi\u0146a m\u0113bel\u0113ts dz\u012bvok\u013ci m\u016bsdien\u0101s ir daudz viegl\u0101k nek\u0101 iepriek\u0161. M\u016bsu servis\u0101 j\u016bs atrad\u012bsiet visas bezmaksas m\u0113bel\u0113ts \u012bres vant\u0101 un cit\u0101s viet\u0101s vienuviet uzreiz. T\u0101d\u0113j\u0101di nav nepiecie\u0161ams laiks, lai p\u0101rl\u016bkotu da\u017e\u0101dus pakalpojumu sniedz\u0113jus un t\u012bmek\u013ca vietnes. Br\u012bvo dz\u012bvok\u013cu situ\u0101cija tiek atjaunin\u0101ta ik p\u0113c 24 stund\u0101m, t\u0101d\u0113\u013c, ja dz\u012bvoklis p\u0113d\u0113jo reizi netika atrasts, ir v\u0113rts v\u0113lreiz p\u0101rbaud\u012bt, vai tagad ir pieejams piem\u0113rots dz\u012bvoklis. P\u0101rbaudiet situ\u0101ciju Vantaa, k\u0101 ar\u012b p\u0101r\u0113j\u0101s Helsinki metropoles teritorijas \u012bstermi\u0146a m\u0113bel\u0113ts \u012bres dz\u012bvok\u013ci \u0161odien.<\/p>\n<h2>Vantaa m\u0113bel\u0113ts dz\u012bvok\u013ci ar transporta piek\u013cuvi j\u016bsu vajadz\u012bb\u0101m<\/h2>\n<p>Metropoles teritorijas pla\u0161ais piek\u013cuves t\u012bkls \u013cauj jums iznom\u0101t \u012bstermi\u0146a dz\u012bvokli \u0101rpus pils\u0113tas centra. T\u0101d\u0101 veid\u0101 j\u016bs varat ieg\u016bt mier\u012bg\u0101ku vietu j\u016bsu br\u012bvdienas vai darbu. Laba autobusu un komut\u0101l\u0101 vilcienu satiksme \u013cauj jums iznom\u0101t \u012bstermi\u0146a dz\u012bvokli Vant\u0101, pat ja iesp\u0113jamais darbs ir, piem\u0113ram, Helsinki vai Espoo. K\u0101p\u0113c ne pavad\u012bt br\u012bvdienas vai darbu vis\u0101 dz\u012bvokl\u012b, nevis vien\u0101 telp\u0101 par savu n\u0101kamo ce\u013cojumu?<\/p>\n<h2>Kontaktpersonu!<\/h2>\n<p>Vai tas izklaus\u0101s p\u0101r\u0101k labi, lai b\u016btu paties\u012bba, vai jums ir jaut\u0101jumi par \u012bri \u012bstermi\u0146a m\u0113bel\u0113ts nomas dz\u012bvoklis? M\u0113s aicin\u0101m j\u016bs sazin\u0101ties ar mums vai nu pa e-pastu varaus@sakarincitykodit.fi vai <a href=\"tel:+358440880567\">pa t\u0101lruni 044 0880567<\/a>, un m\u0113s b\u016bsim priec\u012bgi jums past\u0101st\u012bt vair\u0101k par m\u016bsu pakalpojumu un atbild\u0113t uz visiem jaut\u0101jumiem, jums var b\u016bt. Kontaktinform\u0101cija ir atrodama m\u016bsu m\u0101jas lap\u0101<\/p>\n<\/div>\n<\/div>\n<\/div>\n<\/div>\n<\/div>\n<\/div>\n<\/div>\t\t\t\t\t\t\t\t<\/div>\n\t\t\t\t<\/div>\n\t\t\t\t\t<\/div>\n\t\t<\/div>\n\t\t\t\t\t<\/div>\n\t\t<\/section>\n\t\t\t\t<\/div>\n\t\t","protected":false},"excerpt":{"rendered":"<p>Bezmaksas m\u0113bel\u0113ts \u012bres Vantaa Vai j\u016bsu dz\u012bve p\u0101rvietojas darba vai hobiju d\u0113\u013c? Vai viesn\u012bcas numuru sienas nokr\u012bt uz j\u016bsu ce\u013cojumiem? Par laimi, ir pieejams ar\u012b elast\u012bg\u0101ks izmitin\u0101\u0161anas variants. M\u0113bel\u0113ti \u012bres dz\u012bvok\u013ci ir pieejami Vantaa un ap Somiju da\u017e\u0101d\u0101s viet\u0101s \u2013 ar\u012b \u012bstermi\u0146a vajadz\u012bb\u0101m. M\u016bsu m\u0113bel\u0113tie \u012bstermi\u0146a dz\u012bvok\u013ci Vantaa&nbsp;kalpo ar\u012b k\u0101 izmitin\u0101\u0161ana vair\u0101k nek\u0101 vienai personai, [&hellip;]<\/p>\n","protected":false},"author":3,"featured_media":0,"parent":4453,"menu_order":0,"comment_status":"closed","ping_status":"closed","template":"","meta":{"footnotes":""},"class_list":["post-4175","page","type-page","status-publish","hentry"],"yoast_head":"<!-- This site is optimized with the Yoast SEO plugin v24.9 - https:\/\/yoast.com\/wordpress\/plugins\/seo\/ -->\n<title>M\u0113bel\u0113ts noma Vantaa - Sakarin Citykodit<\/title>\n<meta name=\"robots\" content=\"index, follow, max-snippet:-1, max-image-preview:large, max-video-preview:-1\" \/>\n<link rel=\"canonical\" href=\"https:\/\/www.sakarincitykodit.fi\/lv\/musu-atrasanas-vieta\/mebelets-noma-vanta\/\" \/>\n<meta property=\"og:locale\" content=\"lv_LV\" \/>\n<meta property=\"og:type\" content=\"article\" \/>\n<meta property=\"og:title\" content=\"M\u0113bel\u0113ts noma Vantaa - Sakarin Citykodit\" \/>\n<meta property=\"og:description\" content=\"Bezmaksas m\u0113bel\u0113ts \u012bres Vantaa Vai j\u016bsu dz\u012bve p\u0101rvietojas darba vai hobiju d\u0113\u013c? Vai viesn\u012bcas numuru sienas nokr\u012bt uz j\u016bsu ce\u013cojumiem? Par laimi, ir pieejams ar\u012b elast\u012bg\u0101ks izmitin\u0101\u0161anas variants. M\u0113bel\u0113ti \u012bres dz\u012bvok\u013ci ir pieejami Vantaa un ap Somiju da\u017e\u0101d\u0101s viet\u0101s \u2013 ar\u012b \u012bstermi\u0146a vajadz\u012bb\u0101m. M\u016bsu m\u0113bel\u0113tie \u012bstermi\u0146a dz\u012bvok\u013ci Vantaa&nbsp;kalpo ar\u012b k\u0101 izmitin\u0101\u0161ana vair\u0101k nek\u0101 vienai personai, [&hellip;]\" \/>\n<meta property=\"og:url\" content=\"https:\/\/www.sakarincitykodit.fi\/lv\/musu-atrasanas-vieta\/mebelets-noma-vanta\/\" \/>\n<meta property=\"og:site_name\" content=\"Sakarin Citykodit\" \/>\n<meta property=\"article:modified_time\" content=\"2021-09-15T14:29:48+00:00\" \/>\n<meta name=\"twitter:card\" content=\"summary_large_image\" \/>\n<meta name=\"twitter:label1\" content=\"Est. reading time\" \/>\n\t<meta name=\"twitter:data1\" content=\"2 minutes\" \/>\n<script type=\"application\/ld+json\" class=\"yoast-schema-graph\">{\"@context\":\"https:\/\/schema.org\",\"@graph\":[{\"@type\":\"WebPage\",\"@id\":\"https:\/\/www.sakarincitykodit.fi\/lv\/musu-atrasanas-vieta\/mebelets-noma-vanta\/\",\"url\":\"https:\/\/www.sakarincitykodit.fi\/lv\/musu-atrasanas-vieta\/mebelets-noma-vanta\/\",\"name\":\"M\u0113bel\u0113ts noma Vantaa - Sakarin Citykodit\",\"isPartOf\":{\"@id\":\"https:\/\/www.sakarincitykodit.fi\/lv\/#website\"},\"datePublished\":\"2018-11-05T07:46:45+00:00\",\"dateModified\":\"2021-09-15T14:29:48+00:00\",\"breadcrumb\":{\"@id\":\"https:\/\/www.sakarincitykodit.fi\/lv\/musu-atrasanas-vieta\/mebelets-noma-vanta\/#breadcrumb\"},\"inLanguage\":\"lv-LV\",\"potentialAction\":[{\"@type\":\"ReadAction\",\"target\":[\"https:\/\/www.sakarincitykodit.fi\/lv\/musu-atrasanas-vieta\/mebelets-noma-vanta\/\"]}]},{\"@type\":\"BreadcrumbList\",\"@id\":\"https:\/\/www.sakarincitykodit.fi\/lv\/musu-atrasanas-vieta\/mebelets-noma-vanta\/#breadcrumb\",\"itemListElement\":[{\"@type\":\"ListItem\",\"position\":1,\"name\":\"M\u0101jas\",\"item\":\"https:\/\/www.sakarincitykodit.fi\/lv\/\"},{\"@type\":\"ListItem\",\"position\":2,\"name\":\"M\u016bsu atra\u0161an\u0101s vieta\",\"item\":\"https:\/\/www.sakarincitykodit.fi\/lv\/musu-atrasanas-vieta\/\"},{\"@type\":\"ListItem\",\"position\":3,\"name\":\"M\u0113bel\u0113ts noma Vantaa\"}]},{\"@type\":\"WebSite\",\"@id\":\"https:\/\/www.sakarincitykodit.fi\/lv\/#website\",\"url\":\"https:\/\/www.sakarincitykodit.fi\/lv\/\",\"name\":\"Sakarin Citykodit\",\"description\":\"Vuokraamme vapaat kalustetut vuokra-asunnot ymp&auml;ri Suomen!\",\"publisher\":{\"@id\":\"https:\/\/www.sakarincitykodit.fi\/lv\/#organization\"},\"potentialAction\":[{\"@type\":\"SearchAction\",\"target\":{\"@type\":\"EntryPoint\",\"urlTemplate\":\"https:\/\/www.sakarincitykodit.fi\/lv\/?s={search_term_string}\"},\"query-input\":{\"@type\":\"PropertyValueSpecification\",\"valueRequired\":true,\"valueName\":\"search_term_string\"}}],\"inLanguage\":\"lv-LV\"},{\"@type\":\"Organization\",\"@id\":\"https:\/\/www.sakarincitykodit.fi\/lv\/#organization\",\"name\":\"Sakarin Citykodit\",\"url\":\"https:\/\/www.sakarincitykodit.fi\/lv\/\",\"logo\":{\"@type\":\"ImageObject\",\"inLanguage\":\"lv-LV\",\"@id\":\"https:\/\/www.sakarincitykodit.fi\/lv\/#\/schema\/logo\/image\/\",\"url\":\"https:\/\/www.sakarincitykodit.fi\/wp-content\/uploads\/sakarin-citykodit-logo-245.png\",\"contentUrl\":\"https:\/\/www.sakarincitykodit.fi\/wp-content\/uploads\/sakarin-citykodit-logo-245.png\",\"width\":245,\"height\":39,\"caption\":\"Sakarin Citykodit\"},\"image\":{\"@id\":\"https:\/\/www.sakarincitykodit.fi\/lv\/#\/schema\/logo\/image\/\"}}]}<\/script>\n<!-- \/ Yoast SEO plugin. -->","yoast_head_json":{"title":"M\u0113bel\u0113ts noma Vantaa - Sakarin Citykodit","robots":{"index":"index","follow":"follow","max-snippet":"max-snippet:-1","max-image-preview":"max-image-preview:large","max-video-preview":"max-video-preview:-1"},"canonical":"https:\/\/www.sakarincitykodit.fi\/lv\/musu-atrasanas-vieta\/mebelets-noma-vanta\/","og_locale":"lv_LV","og_type":"article","og_title":"M\u0113bel\u0113ts noma Vantaa - Sakarin Citykodit","og_description":"Bezmaksas m\u0113bel\u0113ts \u012bres Vantaa Vai j\u016bsu dz\u012bve p\u0101rvietojas darba vai hobiju d\u0113\u013c? Vai viesn\u012bcas numuru sienas nokr\u012bt uz j\u016bsu ce\u013cojumiem? Par laimi, ir pieejams ar\u012b elast\u012bg\u0101ks izmitin\u0101\u0161anas variants. M\u0113bel\u0113ti \u012bres dz\u012bvok\u013ci ir pieejami Vantaa un ap Somiju da\u017e\u0101d\u0101s viet\u0101s \u2013 ar\u012b \u012bstermi\u0146a vajadz\u012bb\u0101m. M\u016bsu m\u0113bel\u0113tie \u012bstermi\u0146a dz\u012bvok\u013ci Vantaa&nbsp;kalpo ar\u012b k\u0101 izmitin\u0101\u0161ana vair\u0101k nek\u0101 vienai personai, [&hellip;]","og_url":"https:\/\/www.sakarincitykodit.fi\/lv\/musu-atrasanas-vieta\/mebelets-noma-vanta\/","og_site_name":"Sakarin Citykodit","article_modified_time":"2021-09-15T14:29:48+00:00","twitter_card":"summary_large_image","twitter_misc":{"Est. reading time":"2 minutes"},"schema":{"@context":"https:\/\/schema.org","@graph":[{"@type":"WebPage","@id":"https:\/\/www.sakarincitykodit.fi\/lv\/musu-atrasanas-vieta\/mebelets-noma-vanta\/","url":"https:\/\/www.sakarincitykodit.fi\/lv\/musu-atrasanas-vieta\/mebelets-noma-vanta\/","name":"M\u0113bel\u0113ts noma Vantaa - Sakarin Citykodit","isPartOf":{"@id":"https:\/\/www.sakarincitykodit.fi\/lv\/#website"},"datePublished":"2018-11-05T07:46:45+00:00","dateModified":"2021-09-15T14:29:48+00:00","breadcrumb":{"@id":"https:\/\/www.sakarincitykodit.fi\/lv\/musu-atrasanas-vieta\/mebelets-noma-vanta\/#breadcrumb"},"inLanguage":"lv-LV","potentialAction":[{"@type":"ReadAction","target":["https:\/\/www.sakarincitykodit.fi\/lv\/musu-atrasanas-vieta\/mebelets-noma-vanta\/"]}]},{"@type":"BreadcrumbList","@id":"https:\/\/www.sakarincitykodit.fi\/lv\/musu-atrasanas-vieta\/mebelets-noma-vanta\/#breadcrumb","itemListElement":[{"@type":"ListItem","position":1,"name":"M\u0101jas","item":"https:\/\/www.sakarincitykodit.fi\/lv\/"},{"@type":"ListItem","position":2,"name":"M\u016bsu atra\u0161an\u0101s vieta","item":"https:\/\/www.sakarincitykodit.fi\/lv\/musu-atrasanas-vieta\/"},{"@type":"ListItem","position":3,"name":"M\u0113bel\u0113ts noma Vantaa"}]},{"@type":"WebSite","@id":"https:\/\/www.sakarincitykodit.fi\/lv\/#website","url":"https:\/\/www.sakarincitykodit.fi\/lv\/","name":"Sakarin Citykodit","description":"Vuokraamme vapaat kalustetut vuokra-asunnot ymp&auml;ri Suomen!","publisher":{"@id":"https:\/\/www.sakarincitykodit.fi\/lv\/#organization"},"potentialAction":[{"@type":"SearchAction","target":{"@type":"EntryPoint","urlTemplate":"https:\/\/www.sakarincitykodit.fi\/lv\/?s={search_term_string}"},"query-input":{"@type":"PropertyValueSpecification","valueRequired":true,"valueName":"search_term_string"}}],"inLanguage":"lv-LV"},{"@type":"Organization","@id":"https:\/\/www.sakarincitykodit.fi\/lv\/#organization","name":"Sakarin Citykodit","url":"https:\/\/www.sakarincitykodit.fi\/lv\/","logo":{"@type":"ImageObject","inLanguage":"lv-LV","@id":"https:\/\/www.sakarincitykodit.fi\/lv\/#\/schema\/logo\/image\/","url":"https:\/\/www.sakarincitykodit.fi\/wp-content\/uploads\/sakarin-citykodit-logo-245.png","contentUrl":"https:\/\/www.sakarincitykodit.fi\/wp-content\/uploads\/sakarin-citykodit-logo-245.png","width":245,"height":39,"caption":"Sakarin Citykodit"},"image":{"@id":"https:\/\/www.sakarincitykodit.fi\/lv\/#\/schema\/logo\/image\/"}}]}},"_links":{"self":[{"href":"https:\/\/www.sakarincitykodit.fi\/lv\/wp-json\/wp\/v2\/pages\/4175","targetHints":{"allow":["GET"]}}],"collection":[{"href":"https:\/\/www.sakarincitykodit.fi\/lv\/wp-json\/wp\/v2\/pages"}],"about":[{"href":"https:\/\/www.sakarincitykodit.fi\/lv\/wp-json\/wp\/v2\/types\/page"}],"author":[{"embeddable":true,"href":"https:\/\/www.sakarincitykodit.fi\/lv\/wp-json\/wp\/v2\/users\/3"}],"replies":[{"embeddable":true,"href":"https:\/\/www.sakarincitykodit.fi\/lv\/wp-json\/wp\/v2\/comments?post=4175"}],"version-history":[{"count":0,"href":"https:\/\/www.sakarincitykodit.fi\/lv\/wp-json\/wp\/v2\/pages\/4175\/revisions"}],"up":[{"embeddable":true,"href":"https:\/\/www.sakarincitykodit.fi\/lv\/wp-json\/wp\/v2\/pages\/4453"}],"wp:attachment":[{"href":"https:\/\/www.sakarincitykodit.fi\/lv\/wp-json\/wp\/v2\/media?parent=4175"}],"curies":[{"name":"wp","href":"https:\/\/api.w.org\/{rel}","templated":true}]}}