{"id":4119,"date":"2020-02-26T09:28:32","date_gmt":"2020-02-26T07:28:32","guid":{"rendered":"https:\/\/www.sakarincitykodit.fi\/uznemums\/"},"modified":"2020-11-10T11:45:50","modified_gmt":"2020-11-10T09:45:50","slug":"uznemums","status":"publish","type":"page","link":"https:\/\/www.sakarincitykodit.fi\/lv\/uznemums\/","title":{"rendered":"Uz\u0146\u0113mums"},"content":{"rendered":"\t\t<div data-elementor-type=\"wp-page\" data-elementor-id=\"4119\" class=\"elementor elementor-4119 elementor-37\">\n\t\t\t\t\t\t<section class=\"elementor-section elementor-top-section elementor-element elementor-element-28a5a67 elementor-section-stretched elementor-section-boxed elementor-section-height-default elementor-section-height-default\" data-id=\"28a5a67\" data-element_type=\"section\" data-settings=\"{&quot;stretch_section&quot;:&quot;section-stretched&quot;}\">\n\t\t\t\t\t\t<div class=\"elementor-container elementor-column-gap-extended\">\n\t\t\t\t\t<div class=\"elementor-column elementor-col-100 elementor-top-column elementor-element elementor-element-139804a\" data-id=\"139804a\" data-element_type=\"column\">\n\t\t\t<div class=\"elementor-widget-wrap elementor-element-populated\">\n\t\t\t\t\t\t<div class=\"elementor-element elementor-element-79425f9 elementor-widget elementor-widget-heading\" data-id=\"79425f9\" data-element_type=\"widget\" data-widget_type=\"heading.default\">\n\t\t\t\t<div class=\"elementor-widget-container\">\n\t\t\t\t\t<h2 class=\"elementor-heading-title elementor-size-default\"><span style=\"text-align: start; white-space: normal;\">Sakarin Citykodit Oy <\/span><\/h2>\t\t\t\t<\/div>\n\t\t\t\t<\/div>\n\t\t\t\t\t<\/div>\n\t\t<\/div>\n\t\t\t\t\t<\/div>\n\t\t<\/section>\n\t\t\t\t<section class=\"elementor-section elementor-top-section elementor-element elementor-element-9a24bd4 elementor-section-stretched elementor-section-boxed elementor-section-height-default elementor-section-height-default\" data-id=\"9a24bd4\" data-element_type=\"section\" data-settings=\"{&quot;stretch_section&quot;:&quot;section-stretched&quot;}\">\n\t\t\t\t\t\t<div class=\"elementor-container elementor-column-gap-extended\">\n\t\t\t\t\t<div class=\"elementor-column elementor-col-50 elementor-top-column elementor-element elementor-element-d8105d7\" data-id=\"d8105d7\" data-element_type=\"column\">\n\t\t\t<div class=\"elementor-widget-wrap elementor-element-populated\">\n\t\t\t\t\t\t<div class=\"elementor-element elementor-element-5abbbaf elementor-widget elementor-widget-text-editor\" data-id=\"5abbbaf\" data-element_type=\"widget\" data-widget_type=\"text-editor.default\">\n\t\t\t\t<div class=\"elementor-widget-container\">\n\t\t\t\t\t\t\t\t\t<p>M\u0113bel\u0113tie \u012bres dz\u012bvok\u013ci ir vienk\u0101r\u0161a un efekt\u012bva alternat\u012bva, lai uztur\u0113tos j\u016bsu uz\u0146\u0113muma darbiniekiem. J\u016bs varat sa\u0146emt dz\u012bvokli tikai ned\u0113\u013cu vai gadu. Viss ir gatavs dz\u012bvokl\u012b. Pabeigti un dz\u012bvot!<\/p>\n<p>M\u016bsu nomas uz\u0146\u0113mums ir s\u0101cies 2012. gad\u0101, un Sakarin Citykodit Oy darbojas vis\u0101 Somij\u0101 kop\u0161 2017. gada.<\/p>\n<p>Izmantojot uzticamu partneru t\u012bklu, \u012brnieki var sa\u0146emt \u0161\u0101dus pakalpojumus tie\u0161i no pakalpojumu sniedz\u0113jiem:<\/p>\n<ul>\n<li>Gultas ve\u013ca<\/li>\n<li>Pesulapalvelut Pesulapalvelut<\/li>\n<li>starpposma un gal\u012bg\u0101 t\u012br\u012b\u0161ana<\/li>\n<li>auto noma<\/li>\n<li>Transporta<\/li>\n<\/ul>\n<p>M\u0113s darbojamies liel\u0101kaj\u0101s Somijas pils\u0113t\u0101s. M\u0113s varam organiz\u0113t dz\u012bvok\u013cus caur m\u016bsu partneriem diezgan \u0101tri cit\u0101s pils\u0113t\u0101s. L\u016bdzu, sazinieties ar mums!<\/p>\n\t\t\t\t\t\t\t\t<\/div>\n\t\t\t\t<\/div>\n\t\t\t\t\t<\/div>\n\t\t<\/div>\n\t\t\t\t<div class=\"elementor-column elementor-col-50 elementor-top-column elementor-element elementor-element-53cf895\" data-id=\"53cf895\" data-element_type=\"column\">\n\t\t\t<div class=\"elementor-widget-wrap elementor-element-populated\">\n\t\t\t\t\t\t<div class=\"elementor-element elementor-element-078a976 elementor-widget elementor-widget-heading\" data-id=\"078a976\" data-element_type=\"widget\" data-widget_type=\"heading.default\">\n\t\t\t\t<div class=\"elementor-widget-container\">\n\t\t\t\t\t<h2 class=\"elementor-heading-title elementor-size-default\">Kontaktpersonas<\/h2>\t\t\t\t<\/div>\n\t\t\t\t<\/div>\n\t\t\t\t<div class=\"elementor-element elementor-element-31f7a4d elementor-widget elementor-widget-text-editor\" data-id=\"31f7a4d\" data-element_type=\"widget\" data-widget_type=\"text-editor.default\">\n\t\t\t\t<div class=\"elementor-widget-container\">\n\t\t\t\t\t\t\t\t\t<p><strong>Sakarin Citykodit <br \/> Oy Sakarin Citykodit Oy<\/strong> P.O. Box 3 P.O. Box 3 <br \/>04501 Kellokoski &#8211; Vikip\u0113dija<\/p>\n<p>E-pasts: rezerv\u0113\u0161ana (at) sakarincitykodit.fi<br \/>Parastais t\u0101lrunis: +358 (0) 44 0880567<br \/>Uz\u0146\u0113muma ID: 2846014-8<\/p>\n\t\t\t\t\t\t\t\t<\/div>\n\t\t\t\t<\/div>\n\t\t\t\t\t<\/div>\n\t\t<\/div>\n\t\t\t\t\t<\/div>\n\t\t<\/section>\n\t\t\t\t<section class=\"elementor-section elementor-top-section elementor-element elementor-element-075562c elementor-section-stretched elementor-section-content-middle elementor-section-boxed elementor-section-height-default elementor-section-height-default\" data-id=\"075562c\" data-element_type=\"section\" data-settings=\"{&quot;stretch_section&quot;:&quot;section-stretched&quot;,&quot;background_background&quot;:&quot;classic&quot;}\">\n\t\t\t\t\t\t<div class=\"elementor-container elementor-column-gap-extended\">\n\t\t\t\t\t<div class=\"elementor-column elementor-col-50 elementor-top-column elementor-element elementor-element-57961ab\" data-id=\"57961ab\" data-element_type=\"column\">\n\t\t\t<div class=\"elementor-widget-wrap elementor-element-populated\">\n\t\t\t\t\t\t<div class=\"elementor-element elementor-element-2a47cad elementor-widget elementor-widget-heading\" data-id=\"2a47cad\" data-element_type=\"widget\" data-widget_type=\"heading.default\">\n\t\t\t\t<div class=\"elementor-widget-container\">\n\t\t\t\t\t<h2 class=\"elementor-heading-title elementor-size-default\">M\u0101jok\u013cu investoriem<\/h2>\t\t\t\t<\/div>\n\t\t\t\t<\/div>\n\t\t\t\t<div class=\"elementor-element elementor-element-f1f4a34 elementor-widget elementor-widget-heading\" data-id=\"f1f4a34\" data-element_type=\"widget\" data-widget_type=\"heading.default\">\n\t\t\t\t<div class=\"elementor-widget-container\">\n\t\t\t\t\t<div class=\"elementor-heading-title elementor-size-default\">Vai j\u016bs v\u0113l\u0113tos iznom\u0101t savu \u012bpa\u0161umu bez j\u0101maks\u0101 komisijas?\n\n\n\n<\/div>\t\t\t\t<\/div>\n\t\t\t\t<\/div>\n\t\t\t\t\t<\/div>\n\t\t<\/div>\n\t\t\t\t<div class=\"elementor-column elementor-col-50 elementor-top-column elementor-element elementor-element-366474d\" data-id=\"366474d\" data-element_type=\"column\">\n\t\t\t<div class=\"elementor-widget-wrap elementor-element-populated\">\n\t\t\t\t\t\t<div class=\"elementor-element elementor-element-2100ba1 elementor-align-right elementor-mobile-align-left elementor-widget elementor-widget-button\" data-id=\"2100ba1\" data-element_type=\"widget\" data-widget_type=\"button.default\">\n\t\t\t\t<div class=\"elementor-widget-container\">\n\t\t\t\t\t\t\t\t\t<div class=\"elementor-button-wrapper\">\n\t\t\t\t\t<a class=\"elementor-button elementor-button-link elementor-size-md\" href=\"\/lv\/majoklu-investoriem\/\">\n\t\t\t\t\t\t<span class=\"elementor-button-content-wrapper\">\n\t\t\t\t\t\t\t\t\t<span class=\"elementor-button-text\">Aizpildiet veidlapu<\/span>\n\t\t\t\t\t<\/span>\n\t\t\t\t\t<\/a>\n\t\t\t\t<\/div>\n\t\t\t\t\t\t\t\t<\/div>\n\t\t\t\t<\/div>\n\t\t\t\t\t<\/div>\n\t\t<\/div>\n\t\t\t\t\t<\/div>\n\t\t<\/section>\n\t\t\t\t<\/div>\n\t\t","protected":false},"excerpt":{"rendered":"<p>Sakarin Citykodit Oy M\u0113bel\u0113tie \u012bres dz\u012bvok\u013ci ir vienk\u0101r\u0161a un efekt\u012bva alternat\u012bva, lai uztur\u0113tos j\u016bsu uz\u0146\u0113muma darbiniekiem. J\u016bs varat sa\u0146emt dz\u012bvokli tikai ned\u0113\u013cu vai gadu. Viss ir gatavs dz\u012bvokl\u012b. Pabeigti un dz\u012bvot! M\u016bsu nomas uz\u0146\u0113mums ir s\u0101cies 2012. gad\u0101, un Sakarin Citykodit Oy darbojas vis\u0101 Somij\u0101 kop\u0161 2017. gada. Izmantojot uzticamu partneru t\u012bklu, \u012brnieki var sa\u0146emt [&hellip;]<\/p>\n","protected":false},"author":3,"featured_media":0,"parent":0,"menu_order":0,"comment_status":"closed","ping_status":"closed","template":"","meta":{"footnotes":""},"class_list":["post-4119","page","type-page","status-publish","hentry"],"yoast_head":"<!-- This site is optimized with the Yoast SEO plugin v24.9 - https:\/\/yoast.com\/wordpress\/plugins\/seo\/ -->\n<title>Uz\u0146\u0113mums - Sakarin Citykodit<\/title>\n<meta name=\"robots\" content=\"index, follow, max-snippet:-1, max-image-preview:large, max-video-preview:-1\" \/>\n<link rel=\"canonical\" href=\"https:\/\/www.sakarincitykodit.fi\/lv\/uznemums\/\" \/>\n<meta property=\"og:locale\" content=\"lv_LV\" \/>\n<meta property=\"og:type\" content=\"article\" \/>\n<meta property=\"og:title\" content=\"Uz\u0146\u0113mums - Sakarin Citykodit\" \/>\n<meta property=\"og:description\" content=\"Sakarin Citykodit Oy M\u0113bel\u0113tie \u012bres dz\u012bvok\u013ci ir vienk\u0101r\u0161a un efekt\u012bva alternat\u012bva, lai uztur\u0113tos j\u016bsu uz\u0146\u0113muma darbiniekiem. J\u016bs varat sa\u0146emt dz\u012bvokli tikai ned\u0113\u013cu vai gadu. Viss ir gatavs dz\u012bvokl\u012b. Pabeigti un dz\u012bvot! M\u016bsu nomas uz\u0146\u0113mums ir s\u0101cies 2012. gad\u0101, un Sakarin Citykodit Oy darbojas vis\u0101 Somij\u0101 kop\u0161 2017. gada. Izmantojot uzticamu partneru t\u012bklu, \u012brnieki var sa\u0146emt [&hellip;]\" \/>\n<meta property=\"og:url\" content=\"https:\/\/www.sakarincitykodit.fi\/lv\/uznemums\/\" \/>\n<meta property=\"og:site_name\" content=\"Sakarin Citykodit\" \/>\n<meta property=\"article:modified_time\" content=\"2020-11-10T09:45:50+00:00\" \/>\n<meta name=\"twitter:card\" content=\"summary_large_image\" \/>\n<meta name=\"twitter:label1\" content=\"Est. reading time\" \/>\n\t<meta name=\"twitter:data1\" content=\"1 minute\" \/>\n<script type=\"application\/ld+json\" class=\"yoast-schema-graph\">{\"@context\":\"https:\/\/schema.org\",\"@graph\":[{\"@type\":\"WebPage\",\"@id\":\"https:\/\/www.sakarincitykodit.fi\/lv\/uznemums\/\",\"url\":\"https:\/\/www.sakarincitykodit.fi\/lv\/uznemums\/\",\"name\":\"Uz\u0146\u0113mums - Sakarin Citykodit\",\"isPartOf\":{\"@id\":\"https:\/\/www.sakarincitykodit.fi\/lv\/#website\"},\"datePublished\":\"2020-02-26T07:28:32+00:00\",\"dateModified\":\"2020-11-10T09:45:50+00:00\",\"breadcrumb\":{\"@id\":\"https:\/\/www.sakarincitykodit.fi\/lv\/uznemums\/#breadcrumb\"},\"inLanguage\":\"lv-LV\",\"potentialAction\":[{\"@type\":\"ReadAction\",\"target\":[\"https:\/\/www.sakarincitykodit.fi\/lv\/uznemums\/\"]}]},{\"@type\":\"BreadcrumbList\",\"@id\":\"https:\/\/www.sakarincitykodit.fi\/lv\/uznemums\/#breadcrumb\",\"itemListElement\":[{\"@type\":\"ListItem\",\"position\":1,\"name\":\"M\u0101jas\",\"item\":\"https:\/\/www.sakarincitykodit.fi\/lv\/\"},{\"@type\":\"ListItem\",\"position\":2,\"name\":\"Uz\u0146\u0113mums\"}]},{\"@type\":\"WebSite\",\"@id\":\"https:\/\/www.sakarincitykodit.fi\/lv\/#website\",\"url\":\"https:\/\/www.sakarincitykodit.fi\/lv\/\",\"name\":\"Sakarin Citykodit\",\"description\":\"Vuokraamme vapaat kalustetut vuokra-asunnot ymp&auml;ri Suomen!\",\"publisher\":{\"@id\":\"https:\/\/www.sakarincitykodit.fi\/lv\/#organization\"},\"potentialAction\":[{\"@type\":\"SearchAction\",\"target\":{\"@type\":\"EntryPoint\",\"urlTemplate\":\"https:\/\/www.sakarincitykodit.fi\/lv\/?s={search_term_string}\"},\"query-input\":{\"@type\":\"PropertyValueSpecification\",\"valueRequired\":true,\"valueName\":\"search_term_string\"}}],\"inLanguage\":\"lv-LV\"},{\"@type\":\"Organization\",\"@id\":\"https:\/\/www.sakarincitykodit.fi\/lv\/#organization\",\"name\":\"Sakarin Citykodit\",\"url\":\"https:\/\/www.sakarincitykodit.fi\/lv\/\",\"logo\":{\"@type\":\"ImageObject\",\"inLanguage\":\"lv-LV\",\"@id\":\"https:\/\/www.sakarincitykodit.fi\/lv\/#\/schema\/logo\/image\/\",\"url\":\"https:\/\/www.sakarincitykodit.fi\/wp-content\/uploads\/sakarin-citykodit-logo-245.png\",\"contentUrl\":\"https:\/\/www.sakarincitykodit.fi\/wp-content\/uploads\/sakarin-citykodit-logo-245.png\",\"width\":245,\"height\":39,\"caption\":\"Sakarin Citykodit\"},\"image\":{\"@id\":\"https:\/\/www.sakarincitykodit.fi\/lv\/#\/schema\/logo\/image\/\"}}]}<\/script>\n<!-- \/ Yoast SEO plugin. -->","yoast_head_json":{"title":"Uz\u0146\u0113mums - Sakarin Citykodit","robots":{"index":"index","follow":"follow","max-snippet":"max-snippet:-1","max-image-preview":"max-image-preview:large","max-video-preview":"max-video-preview:-1"},"canonical":"https:\/\/www.sakarincitykodit.fi\/lv\/uznemums\/","og_locale":"lv_LV","og_type":"article","og_title":"Uz\u0146\u0113mums - Sakarin Citykodit","og_description":"Sakarin Citykodit Oy M\u0113bel\u0113tie \u012bres dz\u012bvok\u013ci ir vienk\u0101r\u0161a un efekt\u012bva alternat\u012bva, lai uztur\u0113tos j\u016bsu uz\u0146\u0113muma darbiniekiem. J\u016bs varat sa\u0146emt dz\u012bvokli tikai ned\u0113\u013cu vai gadu. Viss ir gatavs dz\u012bvokl\u012b. Pabeigti un dz\u012bvot! M\u016bsu nomas uz\u0146\u0113mums ir s\u0101cies 2012. gad\u0101, un Sakarin Citykodit Oy darbojas vis\u0101 Somij\u0101 kop\u0161 2017. gada. Izmantojot uzticamu partneru t\u012bklu, \u012brnieki var sa\u0146emt [&hellip;]","og_url":"https:\/\/www.sakarincitykodit.fi\/lv\/uznemums\/","og_site_name":"Sakarin Citykodit","article_modified_time":"2020-11-10T09:45:50+00:00","twitter_card":"summary_large_image","twitter_misc":{"Est. reading time":"1 minute"},"schema":{"@context":"https:\/\/schema.org","@graph":[{"@type":"WebPage","@id":"https:\/\/www.sakarincitykodit.fi\/lv\/uznemums\/","url":"https:\/\/www.sakarincitykodit.fi\/lv\/uznemums\/","name":"Uz\u0146\u0113mums - Sakarin Citykodit","isPartOf":{"@id":"https:\/\/www.sakarincitykodit.fi\/lv\/#website"},"datePublished":"2020-02-26T07:28:32+00:00","dateModified":"2020-11-10T09:45:50+00:00","breadcrumb":{"@id":"https:\/\/www.sakarincitykodit.fi\/lv\/uznemums\/#breadcrumb"},"inLanguage":"lv-LV","potentialAction":[{"@type":"ReadAction","target":["https:\/\/www.sakarincitykodit.fi\/lv\/uznemums\/"]}]},{"@type":"BreadcrumbList","@id":"https:\/\/www.sakarincitykodit.fi\/lv\/uznemums\/#breadcrumb","itemListElement":[{"@type":"ListItem","position":1,"name":"M\u0101jas","item":"https:\/\/www.sakarincitykodit.fi\/lv\/"},{"@type":"ListItem","position":2,"name":"Uz\u0146\u0113mums"}]},{"@type":"WebSite","@id":"https:\/\/www.sakarincitykodit.fi\/lv\/#website","url":"https:\/\/www.sakarincitykodit.fi\/lv\/","name":"Sakarin Citykodit","description":"Vuokraamme vapaat kalustetut vuokra-asunnot ymp&auml;ri Suomen!","publisher":{"@id":"https:\/\/www.sakarincitykodit.fi\/lv\/#organization"},"potentialAction":[{"@type":"SearchAction","target":{"@type":"EntryPoint","urlTemplate":"https:\/\/www.sakarincitykodit.fi\/lv\/?s={search_term_string}"},"query-input":{"@type":"PropertyValueSpecification","valueRequired":true,"valueName":"search_term_string"}}],"inLanguage":"lv-LV"},{"@type":"Organization","@id":"https:\/\/www.sakarincitykodit.fi\/lv\/#organization","name":"Sakarin Citykodit","url":"https:\/\/www.sakarincitykodit.fi\/lv\/","logo":{"@type":"ImageObject","inLanguage":"lv-LV","@id":"https:\/\/www.sakarincitykodit.fi\/lv\/#\/schema\/logo\/image\/","url":"https:\/\/www.sakarincitykodit.fi\/wp-content\/uploads\/sakarin-citykodit-logo-245.png","contentUrl":"https:\/\/www.sakarincitykodit.fi\/wp-content\/uploads\/sakarin-citykodit-logo-245.png","width":245,"height":39,"caption":"Sakarin Citykodit"},"image":{"@id":"https:\/\/www.sakarincitykodit.fi\/lv\/#\/schema\/logo\/image\/"}}]}},"_links":{"self":[{"href":"https:\/\/www.sakarincitykodit.fi\/lv\/wp-json\/wp\/v2\/pages\/4119","targetHints":{"allow":["GET"]}}],"collection":[{"href":"https:\/\/www.sakarincitykodit.fi\/lv\/wp-json\/wp\/v2\/pages"}],"about":[{"href":"https:\/\/www.sakarincitykodit.fi\/lv\/wp-json\/wp\/v2\/types\/page"}],"author":[{"embeddable":true,"href":"https:\/\/www.sakarincitykodit.fi\/lv\/wp-json\/wp\/v2\/users\/3"}],"replies":[{"embeddable":true,"href":"https:\/\/www.sakarincitykodit.fi\/lv\/wp-json\/wp\/v2\/comments?post=4119"}],"version-history":[{"count":0,"href":"https:\/\/www.sakarincitykodit.fi\/lv\/wp-json\/wp\/v2\/pages\/4119\/revisions"}],"wp:attachment":[{"href":"https:\/\/www.sakarincitykodit.fi\/lv\/wp-json\/wp\/v2\/media?parent=4119"}],"curies":[{"name":"wp","href":"https:\/\/api.w.org\/{rel}","templated":true}]}}