{"id":11313,"date":"2021-07-22T15:12:08","date_gmt":"2021-07-22T13:12:08","guid":{"rendered":"https:\/\/www.sakarincitykodit.fi\/?page_id=11313"},"modified":"2021-08-24T13:00:49","modified_gmt":"2021-08-24T11:00:49","slug":"mebeleti-dzivokli-pilseta-raisio","status":"publish","type":"page","link":"https:\/\/www.sakarincitykodit.fi\/lv\/musu-atrasanas-vieta\/mebeleti-dzivokli-pilseta-raisio\/","title":{"rendered":"M\u0113bel\u0113ti dz\u012bvok\u013ci Pils\u0113t\u0101 Raisio"},"content":{"rendered":"\t\t<div data-elementor-type=\"wp-page\" data-elementor-id=\"11313\" class=\"elementor elementor-11313 elementor-11307\">\n\t\t\t\t\t\t<section class=\"elementor-section elementor-top-section elementor-element elementor-element-51fdd094 elementor-section-boxed elementor-section-height-default elementor-section-height-default\" data-id=\"51fdd094\" data-element_type=\"section\">\n\t\t\t\t\t\t<div class=\"elementor-container elementor-column-gap-default\">\n\t\t\t\t\t<div class=\"elementor-column elementor-col-100 elementor-top-column elementor-element elementor-element-79eb92c5\" data-id=\"79eb92c5\" data-element_type=\"column\">\n\t\t\t<div class=\"elementor-widget-wrap elementor-element-populated\">\n\t\t\t\t\t\t<div class=\"elementor-element elementor-element-2ba1b18 elementor-widget elementor-widget-text-editor\" data-id=\"2ba1b18\" data-element_type=\"widget\" data-widget_type=\"text-editor.default\">\n\t\t\t\t<div class=\"elementor-widget-container\">\n\t\t\t\t\t\t\t\t\t<div data-style=\"{\">\n<div data-weight=\"1\">\n<div data-index=\"0\" data-style=\"{\">\n<h1>Pieejama m\u0113bel\u0113ta noma Pils\u0113t\u0101 Raisio<\/h1>\n<p>Vai j\u016bs zin\u0101t, ka viesn\u012bcu izmitin\u0101\u0161ana nav vien\u012bg\u0101, un, protams, ne vienm\u0113r ir lab\u0101kais risin\u0101jums noteikta laika dz\u012bvo \u0101rpus m\u0101j\u0101m. Piem\u0113ram, ja j\u016bsu darbs ir \u013coti mobils vai j\u016bsu uz\u0146\u0113mumam ir nepiecie\u0161ama izmitin\u0101\u0161ana j\u016bsu darbiniekiem da\u017e\u0101d\u0101s viet\u0101s, jums noteikti vajadz\u0113tu apsv\u0113rt m\u0113bel\u0113ta \u012bres dz\u012bvok\u013ca \u012bri. \u012astermi\u0146a m\u0113bel\u0113ts \u012bres dz\u012bvoklis ir elast\u012bg\u0101ks nek\u0101 viesn\u012bca &#8211; un bie\u017ei vien ar\u012b vair\u0101k pieejamu. Pied\u0101v\u0101jam m\u0113bel\u0113tus \u012bres dz\u012bvok\u013cus vair\u0101k\u0101s Somijas viet\u0101s.<\/p>\n<h4>J\u016bs v\u0113laties, lai m\u0113s jums piezvan\u012btu no bezmaksas dz\u012bvok\u013ciem Raisio? Atst\u0101j atzvan\u012b\u0161anu!<\/h4>\n<p><span style=\"color: #000000; font-family: 'Helvetica Neue'; font-size: 12px; background-color: transparent;\">\n<div class=\"wpcf7 no-js\" id=\"wpcf7-f5350-o1\" lang=\"lv-LV\" dir=\"ltr\" data-wpcf7-id=\"5350\">\n<div class=\"screen-reader-response\"><p role=\"status\" aria-live=\"polite\" aria-atomic=\"true\"><\/p> <ul><\/ul><\/div>\n<form action=\"\/lv\/wp-json\/wp\/v2\/pages\/11313#wpcf7-f5350-o1\" method=\"post\" class=\"wpcf7-form init\" aria-label=\"Contact form\" novalidate=\"novalidate\" data-status=\"init\">\n<div style=\"display: none;\">\n<input type=\"hidden\" name=\"_wpcf7\" value=\"5350\" \/>\n<input type=\"hidden\" name=\"_wpcf7_version\" value=\"6.0.6\" \/>\n<input type=\"hidden\" name=\"_wpcf7_locale\" value=\"lv_LV\" \/>\n<input type=\"hidden\" name=\"_wpcf7_unit_tag\" value=\"wpcf7-f5350-o1\" \/>\n<input type=\"hidden\" name=\"_wpcf7_container_post\" value=\"0\" \/>\n<input type=\"hidden\" name=\"_wpcf7_posted_data_hash\" value=\"\" \/>\n<\/div>\n<p><label>Enter your details and our business sales will contact you as soon as possible!<br \/>\n<\/label>\n<\/p>\n<div class=\"contact-us\">\n\t<div class=\"row\">\n\t\t<div class=\"col-xs-12 col-sm-6\">\n\t\t\t<p><span class=\"wpcf7-form-control-wrap\" data-name=\"your-yritys\"><input size=\"40\" maxlength=\"400\" class=\"wpcf7-form-control wpcf7-text wpcf7-validates-as-required form-control\" aria-required=\"true\" aria-invalid=\"false\" placeholder=\"The Company Name\" value=\"\" type=\"text\" name=\"your-yritys\" \/><\/span>\n\t\t\t<\/p>\n\t\t<\/div>\n\t\t<div class=\"col-xs-12 col-sm-6\">\n\t\t\t<p><span class=\"wpcf7-form-control-wrap\" data-name=\"your-tel\"><input size=\"40\" maxlength=\"400\" class=\"wpcf7-form-control wpcf7-tel wpcf7-validates-as-required wpcf7-text wpcf7-validates-as-tel form-control\" aria-required=\"true\" aria-invalid=\"false\" placeholder=\"Phone number\" value=\"\" type=\"tel\" name=\"your-tel\" \/><\/span>\n\t\t\t<\/p>\n\t\t<\/div>\n\t\t<div class=\"col-xs-12 col-sm-12\">\n\t\t\t<p><span class=\"wpcf7-form-control-wrap\" data-name=\"your-email\"><input size=\"40\" maxlength=\"400\" class=\"wpcf7-form-control wpcf7-email wpcf7-validates-as-required wpcf7-text wpcf7-validates-as-email form-control\" aria-required=\"true\" aria-invalid=\"false\" placeholder=\"Email\" value=\"\" type=\"email\" name=\"your-email\" \/><\/span>\n\t\t\t<\/p>\n\t\t<\/div>\n\t<\/div>\n\t<div class=\"clearfix\">\n\t\t<p><input class=\"wpcf7-form-control wpcf7-submit has-spinner btn pull-right btn-theme btn-inverse border-2\" type=\"submit\" value=\"Please contact me!\" \/>\n\t\t<\/p>\n\t<\/div>\n<\/div><div class=\"wpcf7-response-output\" aria-hidden=\"true\"><\/div>\n<\/form>\n<\/div>\n<\/span><\/p>\n<p><span style=\"font-family: Nunito, Arial, sans-serif; font-size: 30px; font-weight: bold; background-color: transparent;\">Iz\u012br\u0113 \u012bstermi\u0146a dz\u012bvokli Raisio<\/span><\/p>\n<p>J\u016bs varat \u012br\u0113t \u012bstermi\u0146a dz\u012bvokli Raisio uz br\u012bvdienu laiku. Br\u012bv\u0101ka un elast\u012bg\u0101ka izmitin\u0101\u0161anas forma \u013cauj jums dz\u012bvot, esot ce\u013c\u0101. J\u016bs varat gatavot, uzaicin\u0101t viesus un ieg\u016bt vair\u0101k priv\u0101tuma j\u016bsu nomas dz\u012bvokl\u012b. Ir noteikti alternat\u012bva p\u0101rvietojas kop\u0101 ar \u0123imeni. Var izmantot \u012bstermi\u0146a m\u0113bel\u0113tu \u012bres dz\u012bvokli, piem\u0113ram, ja v\u0113laties izm\u0113\u0123in\u0101t dz\u012bvi Raisio, bet j\u016bs v\u0113l neesat piln\u012bgi p\u0101rliecin\u0101ts par past\u0101v\u012bg\u0101m izmai\u0146\u0101m. Raisio bezmaksas m\u0113bel\u0113tie \u012bres dz\u012bvok\u013ci ir atrodami m\u016bsu m\u0101jas lap\u0101.<\/p>\n<h2>J\u016bs varat atrast visus m\u016bsu bezmaksas \u012bres dz\u012bvok\u013cus uzreiz!<\/h2>\n<p><strong style=\"font-family: Nunito, Arial, sans-serif; font-size: 30px;\"><span style=\"font-family: Nunito, Helvetica, Arial, sans-serif; font-size: 14px;\">Vai jums ir k\u0101di jaut\u0101jumi par \u012bstermi\u0146a \u012bri dz\u012bvokli, vai j\u016bs vienk\u0101r\u0161i v\u0113laties dzird\u0113t vair\u0101k? Sazinieties ar mums, un m\u0113s jums pateiks, cik viegli ir iznom\u0101t \u012bstermi\u0146a m\u0113bel\u0113ts dz\u012bvoklis! J\u016bs varat sazin\u0101ties ar mums pa t\u0101lruni, e-pastu vai aizpildot zem\u0101k eso\u0161o formu.<\/span><\/strong><\/p>\n<p class=\"p1\">\n<div class=\"wpcf7 no-js\" id=\"wpcf7-f5334-o2\" lang=\"lv-LV\" dir=\"ltr\" data-wpcf7-id=\"5334\">\n<div class=\"screen-reader-response\"><p role=\"status\" aria-live=\"polite\" aria-atomic=\"true\"><\/p> <ul><\/ul><\/div>\n<form action=\"\/lv\/wp-json\/wp\/v2\/pages\/11313#wpcf7-f5334-o2\" method=\"post\" class=\"wpcf7-form init\" aria-label=\"Contact form\" novalidate=\"novalidate\" data-status=\"init\">\n<div style=\"display: none;\">\n<input type=\"hidden\" name=\"_wpcf7\" value=\"5334\" \/>\n<input type=\"hidden\" name=\"_wpcf7_version\" value=\"6.0.6\" \/>\n<input type=\"hidden\" name=\"_wpcf7_locale\" value=\"lv_LV\" \/>\n<input type=\"hidden\" name=\"_wpcf7_unit_tag\" value=\"wpcf7-f5334-o2\" \/>\n<input type=\"hidden\" name=\"_wpcf7_container_post\" value=\"0\" \/>\n<input type=\"hidden\" name=\"_wpcf7_posted_data_hash\" value=\"\" \/>\n<\/div>\n<div class=\"contact-us\">\n\t<div class=\"row\">\n\t\t<div class=\"col-xs-12 col-sm-6\">\n\t\t\t<p><span class=\"wpcf7-form-control-wrap\" data-name=\"your-name\"><input size=\"40\" maxlength=\"400\" class=\"wpcf7-form-control wpcf7-text wpcf7-validates-as-required form-control\" aria-required=\"true\" aria-invalid=\"false\" placeholder=\"Company name\" value=\"\" type=\"text\" name=\"your-name\" \/><\/span>\n\t\t\t<\/p>\n\t\t<\/div>\n\t\t<div class=\"col-xs-12 col-sm-6\">\n\t\t\t<p><span class=\"wpcf7-form-control-wrap\" data-name=\"your-tel\"><input size=\"40\" maxlength=\"400\" class=\"wpcf7-form-control wpcf7-tel wpcf7-validates-as-required wpcf7-text wpcf7-validates-as-tel form-control\" aria-required=\"true\" aria-invalid=\"false\" placeholder=\"Telephone\" value=\"\" type=\"tel\" name=\"your-tel\" \/><\/span>\n\t\t\t<\/p>\n\t\t<\/div>\n\t\t<div class=\"col-xs-12 col-sm-12\">\n\t\t\t<p><span class=\"wpcf7-form-control-wrap\" data-name=\"your-email\"><input size=\"40\" maxlength=\"400\" class=\"wpcf7-form-control wpcf7-email wpcf7-validates-as-required wpcf7-text wpcf7-validates-as-email form-control\" aria-required=\"true\" aria-invalid=\"false\" placeholder=\"Email\" value=\"\" type=\"email\" name=\"your-email\" \/><\/span>\n\t\t\t<\/p>\n\t\t<\/div>\n\t\t<div class=\"col-xs-12 col-sm-6\">\n\t\t\t<labal>City\n\t\t\t\t<p><span class=\"wpcf7-form-control-wrap\" data-name=\"menu-905\"><select class=\"wpcf7-form-control wpcf7-select wpcf7-validates-as-required\" aria-required=\"true\" aria-invalid=\"false\" name=\"menu-905\"><option value=\"Espoo\">Espoo<\/option><option value=\"Hamina\">Hamina<\/option><option value=\"Helsinki\">Helsinki<\/option><option value=\"Jyv\u00e4skyl\u00e4\">Jyv\u00e4skyl\u00e4<\/option><option value=\"J\u00e4rvenp\u00e4\u00e4\">J\u00e4rvenp\u00e4\u00e4<\/option><option value=\"Kerava\">Kerava<\/option><option value=\"Kuopio\">Kuopio<\/option><option value=\"Oulu\">Oulu<\/option><option value=\"Porvoo\">Porvoo<\/option><option value=\"Tampere\">Tampere<\/option><option value=\"Turku\">Turku<\/option><option value=\"Vaasa\">Vaasa<\/option><option value=\"Vantaa\">Vantaa<\/option><option value=\"Other city\">Other city<\/option><\/select><\/span>\n\t\t\t\t<\/p>\n\t\t\t<\/labal>\n\t\t<\/div>\n\t\t<div class=\"col-xs-12 col-sm-6\">\n\t\t\t<p><span class=\"wpcf7-form-control-wrap\" data-name=\"your-omakaupunki\"><input size=\"40\" maxlength=\"400\" class=\"wpcf7-form-control wpcf7-text form-control\" aria-invalid=\"false\" placeholder=\"Other city\" value=\"\" type=\"text\" name=\"your-omakaupunki\" \/><\/span>\n\t\t\t<\/p>\n\t\t<\/div>\n\t\t<div class=\"col-xs-12 col-sm-6\">\n\t\t\t<labal>Arrival:\n\t\t\t\t<p><span class=\"wpcf7-form-control-wrap\" data-name=\"date-946\"><input class=\"wpcf7-form-control wpcf7-date wpcf7-validates-as-date form-control\" aria-invalid=\"false\" placeholder=\"Arrival\" value=\"\" type=\"date\" name=\"date-946\" \/><\/span>\n\t\t\t\t<\/p>\n\t\t\t<\/labal>\n\t\t<\/div>\n\t\t<div class=\"col-xs-12 col-sm-6\">\n\t\t\t<labal>Departure:\n\t\t\t\t<p><span class=\"wpcf7-form-control-wrap\" data-name=\"date-706\"><input class=\"wpcf7-form-control wpcf7-date wpcf7-validates-as-date form-control\" aria-invalid=\"false\" placeholder=\"Departure\" value=\"\" type=\"date\" name=\"date-706\" \/><\/span>\n\t\t\t\t<\/p>\n\t\t\t<\/labal>\n\t\t<\/div>\n\t<\/div>\n\t<div>\n\t\t<p><span class=\"wpcf7-form-control-wrap\" data-name=\"your-message\"><textarea cols=\"40\" rows=\"10\" maxlength=\"2000\" class=\"wpcf7-form-control wpcf7-textarea form-control\" aria-invalid=\"false\" placeholder=\"Message\" name=\"your-message\"><\/textarea><\/span>\n\t\t<\/p>\n\t<\/div>\n\t<div class=\"clearfix\">\n\t\t<p><input class=\"wpcf7-form-control wpcf7-submit has-spinner btn pull-right btn-theme btn-inverse border-2\" type=\"submit\" value=\"Send\" \/>\n\t\t<\/p>\n\t<\/div>\n<\/div><div class=\"wpcf7-response-output\" aria-hidden=\"true\"><\/div>\n<\/form>\n<\/div>\n<\/p>\n<\/div>\n<\/div>\n<\/div>\n\t\t\t\t\t\t\t\t<\/div>\n\t\t\t\t<\/div>\n\t\t\t\t\t<\/div>\n\t\t<\/div>\n\t\t\t\t\t<\/div>\n\t\t<\/section>\n\t\t\t\t<\/div>\n\t\t","protected":false},"excerpt":{"rendered":"<p>Pieejama m\u0113bel\u0113ta noma Pils\u0113t\u0101 Raisio Vai j\u016bs zin\u0101t, ka viesn\u012bcu izmitin\u0101\u0161ana nav vien\u012bg\u0101, un, protams, ne vienm\u0113r ir lab\u0101kais risin\u0101jums noteikta laika dz\u012bvo \u0101rpus m\u0101j\u0101m. Piem\u0113ram, ja j\u016bsu darbs ir \u013coti mobils vai j\u016bsu uz\u0146\u0113mumam ir nepiecie\u0161ama izmitin\u0101\u0161ana j\u016bsu darbiniekiem da\u017e\u0101d\u0101s viet\u0101s, jums noteikti vajadz\u0113tu apsv\u0113rt m\u0113bel\u0113ta \u012bres dz\u012bvok\u013ca \u012bri. \u012astermi\u0146a m\u0113bel\u0113ts \u012bres dz\u012bvoklis ir [&hellip;]<\/p>\n","protected":false},"author":3,"featured_media":0,"parent":4453,"menu_order":0,"comment_status":"closed","ping_status":"closed","template":"","meta":{"footnotes":""},"class_list":["post-11313","page","type-page","status-publish","hentry"],"yoast_head":"<!-- This site is optimized with the Yoast SEO plugin v24.9 - https:\/\/yoast.com\/wordpress\/plugins\/seo\/ -->\n<title>M\u0113bel\u0113ti dz\u012bvok\u013ci Pils\u0113t\u0101 Raisio - Sakarin Citykodit<\/title>\n<meta name=\"robots\" content=\"index, follow, max-snippet:-1, max-image-preview:large, max-video-preview:-1\" \/>\n<link rel=\"canonical\" href=\"https:\/\/www.sakarincitykodit.fi\/lv\/musu-atrasanas-vieta\/mebeleti-dzivokli-pilseta-raisio\/\" \/>\n<meta property=\"og:locale\" content=\"lv_LV\" \/>\n<meta property=\"og:type\" content=\"article\" \/>\n<meta property=\"og:title\" content=\"M\u0113bel\u0113ti dz\u012bvok\u013ci Pils\u0113t\u0101 Raisio - Sakarin Citykodit\" \/>\n<meta property=\"og:description\" content=\"Pieejama m\u0113bel\u0113ta noma Pils\u0113t\u0101 Raisio Vai j\u016bs zin\u0101t, ka viesn\u012bcu izmitin\u0101\u0161ana nav vien\u012bg\u0101, un, protams, ne vienm\u0113r ir lab\u0101kais risin\u0101jums noteikta laika dz\u012bvo \u0101rpus m\u0101j\u0101m. Piem\u0113ram, ja j\u016bsu darbs ir \u013coti mobils vai j\u016bsu uz\u0146\u0113mumam ir nepiecie\u0161ama izmitin\u0101\u0161ana j\u016bsu darbiniekiem da\u017e\u0101d\u0101s viet\u0101s, jums noteikti vajadz\u0113tu apsv\u0113rt m\u0113bel\u0113ta \u012bres dz\u012bvok\u013ca \u012bri. \u012astermi\u0146a m\u0113bel\u0113ts \u012bres dz\u012bvoklis ir [&hellip;]\" \/>\n<meta property=\"og:url\" content=\"https:\/\/www.sakarincitykodit.fi\/lv\/musu-atrasanas-vieta\/mebeleti-dzivokli-pilseta-raisio\/\" \/>\n<meta property=\"og:site_name\" content=\"Sakarin Citykodit\" \/>\n<meta property=\"article:modified_time\" content=\"2021-08-24T11:00:49+00:00\" \/>\n<meta name=\"twitter:card\" content=\"summary_large_image\" \/>\n<meta name=\"twitter:label1\" content=\"Est. reading time\" \/>\n\t<meta name=\"twitter:data1\" content=\"2 minutes\" \/>\n<script type=\"application\/ld+json\" class=\"yoast-schema-graph\">{\"@context\":\"https:\/\/schema.org\",\"@graph\":[{\"@type\":\"WebPage\",\"@id\":\"https:\/\/www.sakarincitykodit.fi\/lv\/musu-atrasanas-vieta\/mebeleti-dzivokli-pilseta-raisio\/\",\"url\":\"https:\/\/www.sakarincitykodit.fi\/lv\/musu-atrasanas-vieta\/mebeleti-dzivokli-pilseta-raisio\/\",\"name\":\"M\u0113bel\u0113ti dz\u012bvok\u013ci Pils\u0113t\u0101 Raisio - Sakarin Citykodit\",\"isPartOf\":{\"@id\":\"https:\/\/www.sakarincitykodit.fi\/lv\/#website\"},\"datePublished\":\"2021-07-22T13:12:08+00:00\",\"dateModified\":\"2021-08-24T11:00:49+00:00\",\"breadcrumb\":{\"@id\":\"https:\/\/www.sakarincitykodit.fi\/lv\/musu-atrasanas-vieta\/mebeleti-dzivokli-pilseta-raisio\/#breadcrumb\"},\"inLanguage\":\"lv-LV\",\"potentialAction\":[{\"@type\":\"ReadAction\",\"target\":[\"https:\/\/www.sakarincitykodit.fi\/lv\/musu-atrasanas-vieta\/mebeleti-dzivokli-pilseta-raisio\/\"]}]},{\"@type\":\"BreadcrumbList\",\"@id\":\"https:\/\/www.sakarincitykodit.fi\/lv\/musu-atrasanas-vieta\/mebeleti-dzivokli-pilseta-raisio\/#breadcrumb\",\"itemListElement\":[{\"@type\":\"ListItem\",\"position\":1,\"name\":\"M\u0101jas\",\"item\":\"https:\/\/www.sakarincitykodit.fi\/lv\/\"},{\"@type\":\"ListItem\",\"position\":2,\"name\":\"M\u016bsu atra\u0161an\u0101s vieta\",\"item\":\"https:\/\/www.sakarincitykodit.fi\/lv\/musu-atrasanas-vieta\/\"},{\"@type\":\"ListItem\",\"position\":3,\"name\":\"M\u0113bel\u0113ti dz\u012bvok\u013ci Pils\u0113t\u0101 Raisio\"}]},{\"@type\":\"WebSite\",\"@id\":\"https:\/\/www.sakarincitykodit.fi\/lv\/#website\",\"url\":\"https:\/\/www.sakarincitykodit.fi\/lv\/\",\"name\":\"Sakarin Citykodit\",\"description\":\"Vuokraamme vapaat kalustetut vuokra-asunnot ymp&auml;ri Suomen!\",\"publisher\":{\"@id\":\"https:\/\/www.sakarincitykodit.fi\/lv\/#organization\"},\"potentialAction\":[{\"@type\":\"SearchAction\",\"target\":{\"@type\":\"EntryPoint\",\"urlTemplate\":\"https:\/\/www.sakarincitykodit.fi\/lv\/?s={search_term_string}\"},\"query-input\":{\"@type\":\"PropertyValueSpecification\",\"valueRequired\":true,\"valueName\":\"search_term_string\"}}],\"inLanguage\":\"lv-LV\"},{\"@type\":\"Organization\",\"@id\":\"https:\/\/www.sakarincitykodit.fi\/lv\/#organization\",\"name\":\"Sakarin Citykodit\",\"url\":\"https:\/\/www.sakarincitykodit.fi\/lv\/\",\"logo\":{\"@type\":\"ImageObject\",\"inLanguage\":\"lv-LV\",\"@id\":\"https:\/\/www.sakarincitykodit.fi\/lv\/#\/schema\/logo\/image\/\",\"url\":\"https:\/\/www.sakarincitykodit.fi\/wp-content\/uploads\/sakarin-citykodit-logo-245.png\",\"contentUrl\":\"https:\/\/www.sakarincitykodit.fi\/wp-content\/uploads\/sakarin-citykodit-logo-245.png\",\"width\":245,\"height\":39,\"caption\":\"Sakarin Citykodit\"},\"image\":{\"@id\":\"https:\/\/www.sakarincitykodit.fi\/lv\/#\/schema\/logo\/image\/\"}}]}<\/script>\n<!-- \/ Yoast SEO plugin. -->","yoast_head_json":{"title":"M\u0113bel\u0113ti dz\u012bvok\u013ci Pils\u0113t\u0101 Raisio - Sakarin Citykodit","robots":{"index":"index","follow":"follow","max-snippet":"max-snippet:-1","max-image-preview":"max-image-preview:large","max-video-preview":"max-video-preview:-1"},"canonical":"https:\/\/www.sakarincitykodit.fi\/lv\/musu-atrasanas-vieta\/mebeleti-dzivokli-pilseta-raisio\/","og_locale":"lv_LV","og_type":"article","og_title":"M\u0113bel\u0113ti dz\u012bvok\u013ci Pils\u0113t\u0101 Raisio - Sakarin Citykodit","og_description":"Pieejama m\u0113bel\u0113ta noma Pils\u0113t\u0101 Raisio Vai j\u016bs zin\u0101t, ka viesn\u012bcu izmitin\u0101\u0161ana nav vien\u012bg\u0101, un, protams, ne vienm\u0113r ir lab\u0101kais risin\u0101jums noteikta laika dz\u012bvo \u0101rpus m\u0101j\u0101m. Piem\u0113ram, ja j\u016bsu darbs ir \u013coti mobils vai j\u016bsu uz\u0146\u0113mumam ir nepiecie\u0161ama izmitin\u0101\u0161ana j\u016bsu darbiniekiem da\u017e\u0101d\u0101s viet\u0101s, jums noteikti vajadz\u0113tu apsv\u0113rt m\u0113bel\u0113ta \u012bres dz\u012bvok\u013ca \u012bri. \u012astermi\u0146a m\u0113bel\u0113ts \u012bres dz\u012bvoklis ir [&hellip;]","og_url":"https:\/\/www.sakarincitykodit.fi\/lv\/musu-atrasanas-vieta\/mebeleti-dzivokli-pilseta-raisio\/","og_site_name":"Sakarin Citykodit","article_modified_time":"2021-08-24T11:00:49+00:00","twitter_card":"summary_large_image","twitter_misc":{"Est. reading time":"2 minutes"},"schema":{"@context":"https:\/\/schema.org","@graph":[{"@type":"WebPage","@id":"https:\/\/www.sakarincitykodit.fi\/lv\/musu-atrasanas-vieta\/mebeleti-dzivokli-pilseta-raisio\/","url":"https:\/\/www.sakarincitykodit.fi\/lv\/musu-atrasanas-vieta\/mebeleti-dzivokli-pilseta-raisio\/","name":"M\u0113bel\u0113ti dz\u012bvok\u013ci Pils\u0113t\u0101 Raisio - Sakarin Citykodit","isPartOf":{"@id":"https:\/\/www.sakarincitykodit.fi\/lv\/#website"},"datePublished":"2021-07-22T13:12:08+00:00","dateModified":"2021-08-24T11:00:49+00:00","breadcrumb":{"@id":"https:\/\/www.sakarincitykodit.fi\/lv\/musu-atrasanas-vieta\/mebeleti-dzivokli-pilseta-raisio\/#breadcrumb"},"inLanguage":"lv-LV","potentialAction":[{"@type":"ReadAction","target":["https:\/\/www.sakarincitykodit.fi\/lv\/musu-atrasanas-vieta\/mebeleti-dzivokli-pilseta-raisio\/"]}]},{"@type":"BreadcrumbList","@id":"https:\/\/www.sakarincitykodit.fi\/lv\/musu-atrasanas-vieta\/mebeleti-dzivokli-pilseta-raisio\/#breadcrumb","itemListElement":[{"@type":"ListItem","position":1,"name":"M\u0101jas","item":"https:\/\/www.sakarincitykodit.fi\/lv\/"},{"@type":"ListItem","position":2,"name":"M\u016bsu atra\u0161an\u0101s vieta","item":"https:\/\/www.sakarincitykodit.fi\/lv\/musu-atrasanas-vieta\/"},{"@type":"ListItem","position":3,"name":"M\u0113bel\u0113ti dz\u012bvok\u013ci Pils\u0113t\u0101 Raisio"}]},{"@type":"WebSite","@id":"https:\/\/www.sakarincitykodit.fi\/lv\/#website","url":"https:\/\/www.sakarincitykodit.fi\/lv\/","name":"Sakarin Citykodit","description":"Vuokraamme vapaat kalustetut vuokra-asunnot ymp&auml;ri Suomen!","publisher":{"@id":"https:\/\/www.sakarincitykodit.fi\/lv\/#organization"},"potentialAction":[{"@type":"SearchAction","target":{"@type":"EntryPoint","urlTemplate":"https:\/\/www.sakarincitykodit.fi\/lv\/?s={search_term_string}"},"query-input":{"@type":"PropertyValueSpecification","valueRequired":true,"valueName":"search_term_string"}}],"inLanguage":"lv-LV"},{"@type":"Organization","@id":"https:\/\/www.sakarincitykodit.fi\/lv\/#organization","name":"Sakarin Citykodit","url":"https:\/\/www.sakarincitykodit.fi\/lv\/","logo":{"@type":"ImageObject","inLanguage":"lv-LV","@id":"https:\/\/www.sakarincitykodit.fi\/lv\/#\/schema\/logo\/image\/","url":"https:\/\/www.sakarincitykodit.fi\/wp-content\/uploads\/sakarin-citykodit-logo-245.png","contentUrl":"https:\/\/www.sakarincitykodit.fi\/wp-content\/uploads\/sakarin-citykodit-logo-245.png","width":245,"height":39,"caption":"Sakarin Citykodit"},"image":{"@id":"https:\/\/www.sakarincitykodit.fi\/lv\/#\/schema\/logo\/image\/"}}]}},"_links":{"self":[{"href":"https:\/\/www.sakarincitykodit.fi\/lv\/wp-json\/wp\/v2\/pages\/11313","targetHints":{"allow":["GET"]}}],"collection":[{"href":"https:\/\/www.sakarincitykodit.fi\/lv\/wp-json\/wp\/v2\/pages"}],"about":[{"href":"https:\/\/www.sakarincitykodit.fi\/lv\/wp-json\/wp\/v2\/types\/page"}],"author":[{"embeddable":true,"href":"https:\/\/www.sakarincitykodit.fi\/lv\/wp-json\/wp\/v2\/users\/3"}],"replies":[{"embeddable":true,"href":"https:\/\/www.sakarincitykodit.fi\/lv\/wp-json\/wp\/v2\/comments?post=11313"}],"version-history":[{"count":0,"href":"https:\/\/www.sakarincitykodit.fi\/lv\/wp-json\/wp\/v2\/pages\/11313\/revisions"}],"up":[{"embeddable":true,"href":"https:\/\/www.sakarincitykodit.fi\/lv\/wp-json\/wp\/v2\/pages\/4453"}],"wp:attachment":[{"href":"https:\/\/www.sakarincitykodit.fi\/lv\/wp-json\/wp\/v2\/media?parent=11313"}],"curies":[{"name":"wp","href":"https:\/\/api.w.org\/{rel}","templated":true}]}}