{"id":4439,"date":"2020-07-01T11:56:23","date_gmt":"2020-07-01T09:56:23","guid":{"rendered":"https:\/\/www.sakarincitykodit.fi\/musu-vieta\/su-baldais-apstatyta-nuoma-helsinkyje\/"},"modified":"2021-09-15T16:18:45","modified_gmt":"2021-09-15T14:18:45","slug":"su-baldais-apstatyta-nuoma-helsinki","status":"publish","type":"page","link":"https:\/\/www.sakarincitykodit.fi\/lt\/musu-vieta\/su-baldais-apstatyta-nuoma-helsinki\/","title":{"rendered":"Su baldais apstatyta nuoma Helsinki"},"content":{"rendered":"\t\t<div data-elementor-type=\"wp-page\" data-elementor-id=\"4439\" class=\"elementor elementor-4439 elementor-3525\">\n\t\t\t\t\t\t<section class=\"elementor-section elementor-top-section elementor-element elementor-element-1f5f39a elementor-section-boxed elementor-section-height-default elementor-section-height-default\" data-id=\"1f5f39a\" data-element_type=\"section\">\n\t\t\t\t\t\t<div class=\"elementor-container elementor-column-gap-default\">\n\t\t\t\t\t<div class=\"elementor-column elementor-col-100 elementor-top-column elementor-element elementor-element-2414dfa\" data-id=\"2414dfa\" data-element_type=\"column\">\n\t\t\t<div class=\"elementor-widget-wrap elementor-element-populated\">\n\t\t\t\t\t\t<div class=\"elementor-element elementor-element-ee56a9a elementor-widget elementor-widget-text-editor\" data-id=\"ee56a9a\" data-element_type=\"widget\" data-widget_type=\"text-editor.default\">\n\t\t\t\t<div class=\"elementor-widget-container\">\n\t\t\t\t\t\t\t\t\t<h1>Nemokama baldais nuoma Helsinki<\/h1>\n<p>Ar j\u016bs vedate mobil\u0173j\u012f gyvenim\u0105 \u012fvairiose bendruomen\u0117se, pavyzd\u017eiui, darbe? J\u016bs ne visada turite kreiptis \u012f apgyvendinim\u0105 vie\u0161butyje, bet taip pat yra lankstesnis ir laisvesnis variantas. Mes si\u016blome baldais apstatytus nuomojamus apartamentus skirtingiems ilgiams Helsinki ir daugelyje kit\u0173 Suomijos viet\u0173. Baldais apstatyti nuomojami apartamentai taip pat atitinka \u012fmon\u0117s poreikius, kur apgyvendinimas reikalingas daugiau \u017emoni\u0173. I\u0161 \u012fvairi\u0173 apstatyt\u0173 apartament\u0173 rasite alternatyv\u0105 j\u016bs\u0173 apgyvendinimo poreikiams.<\/p>\n<h4>Ar norite, kad mes jums paskambintume apie laisvus butus Helsinki? Palikite atgalin\u012f skambut\u012f!<\/h4>\n\n<div class=\"wpcf7 no-js\" id=\"wpcf7-f5349-o1\" lang=\"lt-LT\" dir=\"ltr\" data-wpcf7-id=\"5349\">\n<div class=\"screen-reader-response\"><p role=\"status\" aria-live=\"polite\" aria-atomic=\"true\"><\/p> <ul><\/ul><\/div>\n<form action=\"\/lt\/wp-json\/wp\/v2\/pages\/4439#wpcf7-f5349-o1\" method=\"post\" class=\"wpcf7-form init\" aria-label=\"Kontakt\u0173 forma\" novalidate=\"novalidate\" data-status=\"init\">\n<div style=\"display: none;\">\n<input type=\"hidden\" name=\"_wpcf7\" value=\"5349\" \/>\n<input type=\"hidden\" name=\"_wpcf7_version\" value=\"6.0.6\" \/>\n<input type=\"hidden\" name=\"_wpcf7_locale\" value=\"lt_LT\" \/>\n<input type=\"hidden\" name=\"_wpcf7_unit_tag\" value=\"wpcf7-f5349-o1\" \/>\n<input type=\"hidden\" name=\"_wpcf7_container_post\" value=\"0\" \/>\n<input type=\"hidden\" name=\"_wpcf7_posted_data_hash\" value=\"\" \/>\n<\/div>\n<p><label>Enter your details and our business sales will contact you as soon as possible!<br \/>\n<\/label>\n<\/p>\n<div class=\"contact-us\">\n\t<div class=\"row\">\n\t\t<div class=\"col-xs-12 col-sm-6\">\n\t\t\t<p><span class=\"wpcf7-form-control-wrap\" data-name=\"your-yritys\"><input size=\"40\" maxlength=\"400\" class=\"wpcf7-form-control wpcf7-text wpcf7-validates-as-required form-control\" aria-required=\"true\" aria-invalid=\"false\" placeholder=\"The Company Name\" value=\"\" type=\"text\" name=\"your-yritys\" \/><\/span>\n\t\t\t<\/p>\n\t\t<\/div>\n\t\t<div class=\"col-xs-12 col-sm-6\">\n\t\t\t<p><span class=\"wpcf7-form-control-wrap\" data-name=\"your-tel\"><input size=\"40\" maxlength=\"400\" class=\"wpcf7-form-control wpcf7-tel wpcf7-validates-as-required wpcf7-text wpcf7-validates-as-tel form-control\" aria-required=\"true\" aria-invalid=\"false\" placeholder=\"Phone number\" value=\"\" type=\"tel\" name=\"your-tel\" \/><\/span>\n\t\t\t<\/p>\n\t\t<\/div>\n\t\t<div class=\"col-xs-12 col-sm-12\">\n\t\t\t<p><span class=\"wpcf7-form-control-wrap\" data-name=\"your-email\"><input size=\"40\" maxlength=\"400\" class=\"wpcf7-form-control wpcf7-email wpcf7-validates-as-required wpcf7-text wpcf7-validates-as-email form-control\" aria-required=\"true\" aria-invalid=\"false\" placeholder=\"Email\" value=\"\" type=\"email\" name=\"your-email\" \/><\/span>\n\t\t\t<\/p>\n\t\t<\/div>\n\t<\/div>\n\t<div class=\"clearfix\">\n\t\t<p><input class=\"wpcf7-form-control wpcf7-submit has-spinner btn pull-right btn-theme btn-inverse border-2\" type=\"submit\" value=\"Please contact me!\" \/>\n\t\t<\/p>\n\t<\/div>\n<\/div><div class=\"wpcf7-response-output\" aria-hidden=\"true\"><\/div>\n<\/form>\n<\/div>\n\n<h2>Trumpalaik\u0117s buto nuoma Helsinki<\/h2>\n<p>Nam\u0173 formos gyvenimo leid\u017eia daryti daug dalyk\u0173, kad vie\u0161butis da\u017enai negali \u012fgyvendinti. \u0160tai kod\u0117l trumpalaikio baldais buto nuoma yra puikus sprendimas. J\u016bs galite vir\u0117jas, pakviesti sve\u010dius ir gauti savo raktus \u012f savo but\u0105, o j\u016bs gyvenate savo nuomojam\u0173 but\u0173. Trumpalaikiai nuomojami apartamentai yra lankstesnis pasirinkimas nei vie\u0161bu\u010dio vie\u0161nag\u0117. Taip pat galima pereiti \u012f trumpalaik\u012f but\u0105 su sutuoktiniu ar net visa \u0161eima, jei norite persikelti, bet nenorite nuolat \u012fsikurti naujame mieste. Tiesiog gaukite raktus ir \u012fsikurti savo i\u0161 anksto \u012frengtuose apartamentuose ribot\u0105 laik\u0105.<\/p>\n<h2>Visus m\u016bs\u0173 nemokamus nuomojamus apartamentus galite rasti vienu metu<\/h2>\n<p>U\u017e apstatyt\u0173 nuomojam\u0173 but\u0173 paie\u0161ka yra sunku daug, jei turite nar\u0161yti kelet\u0105 svetaini\u0173 ir paslaug\u0173 teik\u0117j\u0173. Kad b\u016bt\u0173 lengviau ie\u0161koti m\u016bs\u0173 paslaug\u0173, tuo pa\u010diu metu rasite nemokamus nuomojamus apartamentus skirtingose vietose vienoje vietoje. Svetain\u0117je rasite visus apstatytus nuomojamus apartamentus, suskirstytus pagal apylinkes. Nemokami apartamentai atnaujinami kas 24 valandas, tod\u0117l kiekvien\u0105 dien\u0105 galite steb\u0117ti nemokamo b\u016bsto situacij\u0105 vietov\u0117se. Spauskite ant paskirties viet\u0105 svetain\u0117je ir i\u0161tirti, jei turite nemokam\u0105 baldais nuoma butas j\u016bs\u0173 apgyvendinimo poreikius.<\/p>\n<h2>Helsinki baldais butai su transporto prieig\u0105 prie j\u016bs\u0173 poreiki\u0173<\/h2>\n<p>Tai n\u0117ra sunku rasti trumpalaik\u012f nuomos but\u0105 Helsinkyje netoli gerai veikian\u010di\u0173 transporto jung\u010di\u0173. Platus metro, autobus\u0173 ir tramvaj\u0173 tinklas leid\u017eia i\u0161sinuomoti but\u0105 u\u017e miesto centro, kuriame yra dauguma vie\u0161bu\u010di\u0173. I\u0161sinuomoti baldais but\u0105 yra taip pat paprasta, kaip apsistoti vie\u0161butyje, bet daug lankstesnis ir laisvesnis sprendimas. Patinka \u0161is variantas, bet dar neapsisprend\u0117te?<\/p>\n<h3>Kontakto!<\/h3>\n<p>Ar turite klausim\u0173 apie trumpalaik\u012f buto nuom\u0105, ar tiesiog norite i\u0161girsti daugiau? Susisiekite su mumis ir mes jums pasakysime, kaip lengva i\u0161sinuomoti trumpalaik\u012f baldais but\u0105! Su mumis galite susisiekti telefonu, el. pa\u0161tu arba u\u017epildydami \u017eemiau esan\u010di\u0105 form\u0105.<\/p>\n\n<div class=\"wpcf7 no-js\" id=\"wpcf7-f5342-o2\" lang=\"lt-LT\" dir=\"ltr\" data-wpcf7-id=\"5342\">\n<div class=\"screen-reader-response\"><p role=\"status\" aria-live=\"polite\" aria-atomic=\"true\"><\/p> <ul><\/ul><\/div>\n<form action=\"\/lt\/wp-json\/wp\/v2\/pages\/4439#wpcf7-f5342-o2\" method=\"post\" class=\"wpcf7-form init\" aria-label=\"Kontakt\u0173 forma\" novalidate=\"novalidate\" data-status=\"init\">\n<div style=\"display: none;\">\n<input type=\"hidden\" name=\"_wpcf7\" value=\"5342\" \/>\n<input type=\"hidden\" name=\"_wpcf7_version\" value=\"6.0.6\" \/>\n<input type=\"hidden\" name=\"_wpcf7_locale\" value=\"lt_LT\" \/>\n<input type=\"hidden\" name=\"_wpcf7_unit_tag\" value=\"wpcf7-f5342-o2\" \/>\n<input type=\"hidden\" name=\"_wpcf7_container_post\" value=\"0\" \/>\n<input type=\"hidden\" name=\"_wpcf7_posted_data_hash\" value=\"\" \/>\n<\/div>\n<div class=\"contact-us\">\n\t<div class=\"row\">\n\t\t<div class=\"col-xs-12 col-sm-6\">\n\t\t\t<p><span class=\"wpcf7-form-control-wrap\" data-name=\"your-name\"><input size=\"40\" maxlength=\"400\" class=\"wpcf7-form-control wpcf7-text wpcf7-validates-as-required form-control\" aria-required=\"true\" aria-invalid=\"false\" placeholder=\"\u012emon\u0117s pavadinimas\" value=\"\" type=\"text\" name=\"your-name\" \/><\/span>\n\t\t\t<\/p>\n\t\t<\/div>\n\t\t<div class=\"col-xs-12 col-sm-6\">\n\t\t\t<p><span class=\"wpcf7-form-control-wrap\" data-name=\"your-tel\"><input size=\"40\" maxlength=\"400\" class=\"wpcf7-form-control wpcf7-tel wpcf7-validates-as-required wpcf7-text wpcf7-validates-as-tel form-control\" aria-required=\"true\" aria-invalid=\"false\" placeholder=\"Tel\" value=\"\" type=\"tel\" name=\"your-tel\" \/><\/span>\n\t\t\t<\/p>\n\t\t<\/div>\n\t\t<div class=\"col-xs-12 col-sm-12\">\n\t\t\t<p><span class=\"wpcf7-form-control-wrap\" data-name=\"your-email\"><input size=\"40\" maxlength=\"400\" class=\"wpcf7-form-control wpcf7-email wpcf7-validates-as-required wpcf7-text wpcf7-validates-as-email form-control\" aria-required=\"true\" aria-invalid=\"false\" placeholder=\"Email\" value=\"\" type=\"email\" name=\"your-email\" \/><\/span>\n\t\t\t<\/p>\n\t\t<\/div>\n\t\t<div class=\"col-xs-12 col-sm-6\">\n\t\t\t<labal>Miesto\n\t\t\t\t<p><span class=\"wpcf7-form-control-wrap\" data-name=\"menu-905\"><select class=\"wpcf7-form-control wpcf7-select wpcf7-validates-as-required\" aria-required=\"true\" aria-invalid=\"false\" name=\"menu-905\"><option value=\"Espoo\">Espoo<\/option><option value=\"Hamina\">Hamina<\/option><option value=\"Helsinki\">Helsinki<\/option><option value=\"Jyv\u00e4skyl\u00e4\">Jyv\u00e4skyl\u00e4<\/option><option value=\"J\u00e4rvenp\u00e4\u00e4\">J\u00e4rvenp\u00e4\u00e4<\/option><option value=\"Kerava\">Kerava<\/option><option value=\"Kuopio\">Kuopio<\/option><option value=\"Oulu\">Oulu<\/option><option value=\"Porvoo\">Porvoo<\/option><option value=\"Tampere\">Tampere<\/option><option value=\"Turku\">Turku<\/option><option value=\"Vaasa\">Vaasa<\/option><option value=\"Vantaa\">Vantaa<\/option><option value=\"Ka\u017ekas dar, kas\">Ka\u017ekas dar, kas<\/option><\/select><\/span>\n\t\t\t\t<\/p>\n\t\t\t<\/labal>\n\t\t<\/div>\n\t\t<div class=\"col-xs-12 col-sm-6\">\n\t\t\t<p><span class=\"wpcf7-form-control-wrap\" data-name=\"your-omakaupunki\"><input size=\"40\" maxlength=\"400\" class=\"wpcf7-form-control wpcf7-text form-control\" aria-invalid=\"false\" placeholder=\"Kitas miestas\" value=\"\" type=\"text\" name=\"your-omakaupunki\" \/><\/span>\n\t\t\t<\/p>\n\t\t<\/div>\n\t\t<div class=\"col-xs-12 col-sm-6\">\n\t\t\t<labal>Atvykimo:\n\t\t\t\t<p><span class=\"wpcf7-form-control-wrap\" data-name=\"date-946\"><input class=\"wpcf7-form-control wpcf7-date wpcf7-validates-as-date form-control\" aria-invalid=\"false\" placeholder=\"Atvykimo\" value=\"\" type=\"date\" name=\"date-946\" \/><\/span>\n\t\t\t\t<\/p>\n\t\t\t<\/labal>\n\t\t<\/div>\n\t\t<div class=\"col-xs-12 col-sm-6\">\n\t\t\t<labal>I\u0161vykimo:\n\t\t\t\t<p><span class=\"wpcf7-form-control-wrap\" data-name=\"date-706\"><input class=\"wpcf7-form-control wpcf7-date wpcf7-validates-as-date form-control\" aria-invalid=\"false\" placeholder=\"I\u0161vykimo data\" value=\"\" type=\"date\" name=\"date-706\" \/><\/span>\n\t\t\t\t<\/p>\n\t\t\t<\/labal>\n\t\t<\/div>\n\t<\/div>\n\t<div>\n\t\t<p><span class=\"wpcf7-form-control-wrap\" data-name=\"your-message\"><textarea cols=\"40\" rows=\"10\" maxlength=\"2000\" class=\"wpcf7-form-control wpcf7-textarea form-control\" aria-invalid=\"false\" placeholder=\"Message\" name=\"your-message\"><\/textarea><\/span>\n\t\t<\/p>\n\t<\/div>\n\t<div class=\"clearfix\">\n\t\t<p><input class=\"wpcf7-form-control wpcf7-submit has-spinner btn pull-right btn-theme btn-inverse border-2\" type=\"submit\" value=\"si\u0173sti\" \/>\n\t\t<\/p>\n\t<\/div>\n<\/div><div class=\"wpcf7-response-output\" aria-hidden=\"true\"><\/div>\n<\/form>\n<\/div>\n\t\t\t\t\t\t\t\t<\/div>\n\t\t\t\t<\/div>\n\t\t\t\t\t<\/div>\n\t\t<\/div>\n\t\t\t\t\t<\/div>\n\t\t<\/section>\n\t\t\t\t<\/div>\n\t\t","protected":false},"excerpt":{"rendered":"<p>Nemokama baldais nuoma Helsinki Ar j\u016bs vedate mobil\u0173j\u012f gyvenim\u0105 \u012fvairiose bendruomen\u0117se, pavyzd\u017eiui, darbe? J\u016bs ne visada turite kreiptis \u012f apgyvendinim\u0105 vie\u0161butyje, bet taip pat yra lankstesnis ir laisvesnis variantas. Mes si\u016blome baldais apstatytus nuomojamus apartamentus skirtingiems ilgiams Helsinki ir daugelyje kit\u0173 Suomijos viet\u0173. Baldais apstatyti nuomojami apartamentai taip pat atitinka \u012fmon\u0117s poreikius, kur apgyvendinimas reikalingas [&hellip;]<\/p>\n","protected":false},"author":3,"featured_media":0,"parent":4379,"menu_order":0,"comment_status":"closed","ping_status":"closed","template":"","meta":{"footnotes":""},"class_list":["post-4439","page","type-page","status-publish","hentry"],"yoast_head":"<!-- This site is optimized with the Yoast SEO plugin v24.9 - https:\/\/yoast.com\/wordpress\/plugins\/seo\/ -->\n<title>Su baldais apstatyta nuoma Helsinki - Sakarin Citykodit<\/title>\n<meta name=\"robots\" content=\"index, follow, max-snippet:-1, max-image-preview:large, max-video-preview:-1\" \/>\n<link rel=\"canonical\" href=\"https:\/\/www.sakarincitykodit.fi\/lt\/musu-vieta\/su-baldais-apstatyta-nuoma-helsinki\/\" \/>\n<meta property=\"og:locale\" content=\"lt_LT\" \/>\n<meta property=\"og:type\" content=\"article\" \/>\n<meta property=\"og:title\" content=\"Su baldais apstatyta nuoma Helsinki - Sakarin Citykodit\" \/>\n<meta property=\"og:description\" content=\"Nemokama baldais nuoma Helsinki Ar j\u016bs vedate mobil\u0173j\u012f gyvenim\u0105 \u012fvairiose bendruomen\u0117se, pavyzd\u017eiui, darbe? J\u016bs ne visada turite kreiptis \u012f apgyvendinim\u0105 vie\u0161butyje, bet taip pat yra lankstesnis ir laisvesnis variantas. Mes si\u016blome baldais apstatytus nuomojamus apartamentus skirtingiems ilgiams Helsinki ir daugelyje kit\u0173 Suomijos viet\u0173. Baldais apstatyti nuomojami apartamentai taip pat atitinka \u012fmon\u0117s poreikius, kur apgyvendinimas reikalingas [&hellip;]\" \/>\n<meta property=\"og:url\" content=\"https:\/\/www.sakarincitykodit.fi\/lt\/musu-vieta\/su-baldais-apstatyta-nuoma-helsinki\/\" \/>\n<meta property=\"og:site_name\" content=\"Sakarin Citykodit\" \/>\n<meta property=\"article:modified_time\" content=\"2021-09-15T14:18:45+00:00\" \/>\n<meta name=\"twitter:card\" content=\"summary_large_image\" \/>\n<meta name=\"twitter:label1\" content=\"Est. reading time\" \/>\n\t<meta name=\"twitter:data1\" content=\"2 minut\u0117s\" \/>\n<script type=\"application\/ld+json\" class=\"yoast-schema-graph\">{\"@context\":\"https:\/\/schema.org\",\"@graph\":[{\"@type\":\"WebPage\",\"@id\":\"https:\/\/www.sakarincitykodit.fi\/lt\/musu-vieta\/su-baldais-apstatyta-nuoma-helsinki\/\",\"url\":\"https:\/\/www.sakarincitykodit.fi\/lt\/musu-vieta\/su-baldais-apstatyta-nuoma-helsinki\/\",\"name\":\"Su baldais apstatyta nuoma Helsinki - Sakarin Citykodit\",\"isPartOf\":{\"@id\":\"https:\/\/www.sakarincitykodit.fi\/lt\/#website\"},\"datePublished\":\"2020-07-01T09:56:23+00:00\",\"dateModified\":\"2021-09-15T14:18:45+00:00\",\"breadcrumb\":{\"@id\":\"https:\/\/www.sakarincitykodit.fi\/lt\/musu-vieta\/su-baldais-apstatyta-nuoma-helsinki\/#breadcrumb\"},\"inLanguage\":\"lt-LT\",\"potentialAction\":[{\"@type\":\"ReadAction\",\"target\":[\"https:\/\/www.sakarincitykodit.fi\/lt\/musu-vieta\/su-baldais-apstatyta-nuoma-helsinki\/\"]}]},{\"@type\":\"BreadcrumbList\",\"@id\":\"https:\/\/www.sakarincitykodit.fi\/lt\/musu-vieta\/su-baldais-apstatyta-nuoma-helsinki\/#breadcrumb\",\"itemListElement\":[{\"@type\":\"ListItem\",\"position\":1,\"name\":\"Nam\u0173\",\"item\":\"https:\/\/www.sakarincitykodit.fi\/lt\/\"},{\"@type\":\"ListItem\",\"position\":2,\"name\":\"M\u016bs\u0173 vieta\",\"item\":\"https:\/\/www.sakarincitykodit.fi\/lt\/musu-vieta\/\"},{\"@type\":\"ListItem\",\"position\":3,\"name\":\"Su baldais apstatyta nuoma Helsinki\"}]},{\"@type\":\"WebSite\",\"@id\":\"https:\/\/www.sakarincitykodit.fi\/lt\/#website\",\"url\":\"https:\/\/www.sakarincitykodit.fi\/lt\/\",\"name\":\"Sakarin Citykodit\",\"description\":\"Vuokraamme vapaat kalustetut vuokra-asunnot ymp&auml;ri Suomen!\",\"publisher\":{\"@id\":\"https:\/\/www.sakarincitykodit.fi\/lt\/#organization\"},\"potentialAction\":[{\"@type\":\"SearchAction\",\"target\":{\"@type\":\"EntryPoint\",\"urlTemplate\":\"https:\/\/www.sakarincitykodit.fi\/lt\/?s={search_term_string}\"},\"query-input\":{\"@type\":\"PropertyValueSpecification\",\"valueRequired\":true,\"valueName\":\"search_term_string\"}}],\"inLanguage\":\"lt-LT\"},{\"@type\":\"Organization\",\"@id\":\"https:\/\/www.sakarincitykodit.fi\/lt\/#organization\",\"name\":\"Sakarin Citykodit\",\"url\":\"https:\/\/www.sakarincitykodit.fi\/lt\/\",\"logo\":{\"@type\":\"ImageObject\",\"inLanguage\":\"lt-LT\",\"@id\":\"https:\/\/www.sakarincitykodit.fi\/lt\/#\/schema\/logo\/image\/\",\"url\":\"https:\/\/www.sakarincitykodit.fi\/wp-content\/uploads\/sakarin-citykodit-logo-245.png\",\"contentUrl\":\"https:\/\/www.sakarincitykodit.fi\/wp-content\/uploads\/sakarin-citykodit-logo-245.png\",\"width\":245,\"height\":39,\"caption\":\"Sakarin Citykodit\"},\"image\":{\"@id\":\"https:\/\/www.sakarincitykodit.fi\/lt\/#\/schema\/logo\/image\/\"}}]}<\/script>\n<!-- \/ Yoast SEO plugin. -->","yoast_head_json":{"title":"Su baldais apstatyta nuoma Helsinki - Sakarin Citykodit","robots":{"index":"index","follow":"follow","max-snippet":"max-snippet:-1","max-image-preview":"max-image-preview:large","max-video-preview":"max-video-preview:-1"},"canonical":"https:\/\/www.sakarincitykodit.fi\/lt\/musu-vieta\/su-baldais-apstatyta-nuoma-helsinki\/","og_locale":"lt_LT","og_type":"article","og_title":"Su baldais apstatyta nuoma Helsinki - Sakarin Citykodit","og_description":"Nemokama baldais nuoma Helsinki Ar j\u016bs vedate mobil\u0173j\u012f gyvenim\u0105 \u012fvairiose bendruomen\u0117se, pavyzd\u017eiui, darbe? J\u016bs ne visada turite kreiptis \u012f apgyvendinim\u0105 vie\u0161butyje, bet taip pat yra lankstesnis ir laisvesnis variantas. Mes si\u016blome baldais apstatytus nuomojamus apartamentus skirtingiems ilgiams Helsinki ir daugelyje kit\u0173 Suomijos viet\u0173. Baldais apstatyti nuomojami apartamentai taip pat atitinka \u012fmon\u0117s poreikius, kur apgyvendinimas reikalingas [&hellip;]","og_url":"https:\/\/www.sakarincitykodit.fi\/lt\/musu-vieta\/su-baldais-apstatyta-nuoma-helsinki\/","og_site_name":"Sakarin Citykodit","article_modified_time":"2021-09-15T14:18:45+00:00","twitter_card":"summary_large_image","twitter_misc":{"Est. reading time":"2 minut\u0117s"},"schema":{"@context":"https:\/\/schema.org","@graph":[{"@type":"WebPage","@id":"https:\/\/www.sakarincitykodit.fi\/lt\/musu-vieta\/su-baldais-apstatyta-nuoma-helsinki\/","url":"https:\/\/www.sakarincitykodit.fi\/lt\/musu-vieta\/su-baldais-apstatyta-nuoma-helsinki\/","name":"Su baldais apstatyta nuoma Helsinki - Sakarin Citykodit","isPartOf":{"@id":"https:\/\/www.sakarincitykodit.fi\/lt\/#website"},"datePublished":"2020-07-01T09:56:23+00:00","dateModified":"2021-09-15T14:18:45+00:00","breadcrumb":{"@id":"https:\/\/www.sakarincitykodit.fi\/lt\/musu-vieta\/su-baldais-apstatyta-nuoma-helsinki\/#breadcrumb"},"inLanguage":"lt-LT","potentialAction":[{"@type":"ReadAction","target":["https:\/\/www.sakarincitykodit.fi\/lt\/musu-vieta\/su-baldais-apstatyta-nuoma-helsinki\/"]}]},{"@type":"BreadcrumbList","@id":"https:\/\/www.sakarincitykodit.fi\/lt\/musu-vieta\/su-baldais-apstatyta-nuoma-helsinki\/#breadcrumb","itemListElement":[{"@type":"ListItem","position":1,"name":"Nam\u0173","item":"https:\/\/www.sakarincitykodit.fi\/lt\/"},{"@type":"ListItem","position":2,"name":"M\u016bs\u0173 vieta","item":"https:\/\/www.sakarincitykodit.fi\/lt\/musu-vieta\/"},{"@type":"ListItem","position":3,"name":"Su baldais apstatyta nuoma Helsinki"}]},{"@type":"WebSite","@id":"https:\/\/www.sakarincitykodit.fi\/lt\/#website","url":"https:\/\/www.sakarincitykodit.fi\/lt\/","name":"Sakarin Citykodit","description":"Vuokraamme vapaat kalustetut vuokra-asunnot ymp&auml;ri Suomen!","publisher":{"@id":"https:\/\/www.sakarincitykodit.fi\/lt\/#organization"},"potentialAction":[{"@type":"SearchAction","target":{"@type":"EntryPoint","urlTemplate":"https:\/\/www.sakarincitykodit.fi\/lt\/?s={search_term_string}"},"query-input":{"@type":"PropertyValueSpecification","valueRequired":true,"valueName":"search_term_string"}}],"inLanguage":"lt-LT"},{"@type":"Organization","@id":"https:\/\/www.sakarincitykodit.fi\/lt\/#organization","name":"Sakarin Citykodit","url":"https:\/\/www.sakarincitykodit.fi\/lt\/","logo":{"@type":"ImageObject","inLanguage":"lt-LT","@id":"https:\/\/www.sakarincitykodit.fi\/lt\/#\/schema\/logo\/image\/","url":"https:\/\/www.sakarincitykodit.fi\/wp-content\/uploads\/sakarin-citykodit-logo-245.png","contentUrl":"https:\/\/www.sakarincitykodit.fi\/wp-content\/uploads\/sakarin-citykodit-logo-245.png","width":245,"height":39,"caption":"Sakarin Citykodit"},"image":{"@id":"https:\/\/www.sakarincitykodit.fi\/lt\/#\/schema\/logo\/image\/"}}]}},"_links":{"self":[{"href":"https:\/\/www.sakarincitykodit.fi\/lt\/wp-json\/wp\/v2\/pages\/4439","targetHints":{"allow":["GET"]}}],"collection":[{"href":"https:\/\/www.sakarincitykodit.fi\/lt\/wp-json\/wp\/v2\/pages"}],"about":[{"href":"https:\/\/www.sakarincitykodit.fi\/lt\/wp-json\/wp\/v2\/types\/page"}],"author":[{"embeddable":true,"href":"https:\/\/www.sakarincitykodit.fi\/lt\/wp-json\/wp\/v2\/users\/3"}],"replies":[{"embeddable":true,"href":"https:\/\/www.sakarincitykodit.fi\/lt\/wp-json\/wp\/v2\/comments?post=4439"}],"version-history":[{"count":0,"href":"https:\/\/www.sakarincitykodit.fi\/lt\/wp-json\/wp\/v2\/pages\/4439\/revisions"}],"up":[{"embeddable":true,"href":"https:\/\/www.sakarincitykodit.fi\/lt\/wp-json\/wp\/v2\/pages\/4379"}],"wp:attachment":[{"href":"https:\/\/www.sakarincitykodit.fi\/lt\/wp-json\/wp\/v2\/media?parent=4439"}],"curies":[{"name":"wp","href":"https:\/\/api.w.org\/{rel}","templated":true}]}}