{"id":4331,"date":"2018-11-05T10:03:15","date_gmt":"2018-11-05T08:03:15","guid":{"rendered":"https:\/\/www.sakarincitykodit.fi\/baldais-apstatyti-bustai-mieste-kuopijas\/"},"modified":"2021-09-01T14:27:11","modified_gmt":"2021-09-01T12:27:11","slug":"baldais-apstatyti-bustai-mieste-kuopijas","status":"publish","type":"page","link":"https:\/\/www.sakarincitykodit.fi\/lt\/musu-vieta\/baldais-apstatyti-bustai-mieste-kuopijas\/","title":{"rendered":"Baldais apstatyti b\u016bstai mieste Kuopio"},"content":{"rendered":"\t\t<div data-elementor-type=\"wp-page\" data-elementor-id=\"4331\" class=\"elementor elementor-4331 elementor-1256\">\n\t\t\t\t\t\t<section class=\"elementor-section elementor-top-section elementor-element elementor-element-cbcdd1c elementor-section-boxed elementor-section-height-default elementor-section-height-default\" data-id=\"cbcdd1c\" data-element_type=\"section\">\n\t\t\t\t\t\t<div class=\"elementor-container elementor-column-gap-default\">\n\t\t\t\t\t<div class=\"elementor-column elementor-col-100 elementor-top-column elementor-element elementor-element-76abaca1\" data-id=\"76abaca1\" data-element_type=\"column\">\n\t\t\t<div class=\"elementor-widget-wrap elementor-element-populated\">\n\t\t\t\t\t\t<div class=\"elementor-element elementor-element-4cc9b5c8 elementor-widget elementor-widget-text-editor\" data-id=\"4cc9b5c8\" data-element_type=\"widget\" data-widget_type=\"text-editor.default\">\n\t\t\t\t<div class=\"elementor-widget-container\">\n\t\t\t\t\t\t\t\t\t<div id=\"pl-1256\" class=\"panel-layout\">\n<div id=\"pg-1256-0\" class=\"panel-grid panel-no-style\" data-style=\"{\" background_display\":\"tile\",\"cell_alignment\":\"flex-start\"}\"=\"\">\n<div id=\"pgc-1256-0-0\" class=\"panel-grid-cell\" data-weight=\"1\">\n<div id=\"panel-1256-0-0-0\" class=\"so-panel widget widget_sow-editor panel-first-child panel-last-child\" data-index=\"0\" data-style=\"{\" padding\":\"0px=\"\" 0px=\"\" 60px\",\"background_image_attachment\":false,\"background_display\":\"tile\"}\"=\"\">\n<div class=\"panel-widget-style panel-widget-style-for-1256-0-0-0\">\n<div class=\"so-widget-sow-editor so-widget-sow-editor-base\">\n<div class=\"siteorigin-widget-tinymce textwidget\">\n<h2><b>Su baldais apstatytais b\u016bstais mieste Kuopio<\/b><b><\/b><\/h2>\n<p><span style=\"font-weight: 400;\">\u012erengti nuomojami apartamentai turi b\u016bti patog\u016bs, funkcional\u016bs ir geroje vietoje. Tokie gerai \u012frengti ir auk\u0161tos kokyb\u0117s nuomojami apartamentai yra \u010dia! Mes si\u016blome funkcionalius ir efektyvius sprendimus laikinam b\u016bstui visoms \u012fmon\u0117ms ir privatiems klientams Kuopio. Persik\u0117limas \u012f m\u016bs\u0173 i\u0161 anksto \u012frengtus nuomojamus apartamentus yra lengvas ir suteikia jauki\u0105 aplink\u0105, pavyzd\u017eiui, koncert\u0173 darbuotojams. &nbsp;Kad ir kokios laikinos nuomos yra tai, ko jums reikia, paklauskite m\u016bs\u0173. M\u016bs\u0173 auk\u0161tos kokyb\u0117s apartamentai si\u016blo galimyb\u0119 gyventi savo, o auk\u0161tos kokyb\u0117s baldai ir buitin\u0117 technika leid\u017eia jums tur\u0117ti normal\u0173 kasdien\u012f gyvenim\u0105 su skalbykla. Taip pat malonu praleisti laisvalaik\u012f m\u016bs\u0173 patogioje aplinkoje.<\/span><\/p>\n<h2><b>Mes nuomojame trumpalaikius apartamentus Kuopio, kurie jau \u012frengti<\/b><\/h2>\n<p><span style=\"font-weight: 400;\">Trumpalaikio buto poreikis gali b\u016bti viena savait\u0117 arba pusantr\u0173 met\u0173. Nesvarbu, ar jums reikia kuopija buto trumpesniam ar ilgesniam, \u0161iuo metu gausite funkcin\u0119 baz\u0119 per mus. Kuo gra\u017eiau laikini namai, tuo lengviau paleisti kasdien\u012f gyvenim\u0105. I\u0161sinuomoti baldais but\u0105 yra paprastas ir be streso sprendimas, ypa\u010d \u0161eimoms su vaikais ir kitais u\u017eimtas \u017emoni\u0173. Pereiti \u012f nauj\u0105 but\u0105 yra lengva, kai viskas yra paruo\u0161ta. Nr stres\u0105 judantys susitarimai, pavyzd\u017eiui, ve\u017ean\u010di\u0173 dalyk\u0173 ir dokument\u0173. Gr\u012f\u017etant prie nuolatinio buto bus lygiai taip pat skland\u017eiai laiku, ir galutinis valymas gali b\u016bti perduotas \u012f m\u016bs\u0173 partneri\u0173 tinkl\u0105, jei pageidaujama. Viskas ko jums reikia eiti su jumis yra svarbiausias drabu\u017eiai ir asmeniniai daiktai!<\/span><\/p>\n<h2><b>Lengva palyginti m\u016bs\u0173 nemokam\u0105 nuomojam\u0105 but\u0105<\/b><\/h2>\n<p><span style=\"font-weight: 400;\">M\u016bs\u0173 svetain\u0117 pristato visus m\u016bs\u0173 turimus apstatytus nuomojamus apartamentus Kuopio, tod\u0117l nereikia laiko rasti tinkam\u0105 but\u0105. Tai lengva pasirinkti i\u0161 tinkamo dyd\u017eio ir geriausia vieta jums. Susisiekite su mumis ir netrukus bus imtasi praktini\u0173 priemoni\u0173, ir j\u016bs gal\u0117site jud\u0117ti. Mes investavome \u012f skland\u0173 paslaug\u0173 veikim\u0105 ir lankstum\u0105.<\/span><\/p>\n<h2><b>Baldais apstatytos nuomos yra ant transporto jung\u010di\u0173 Kuopio<\/b><\/h2>\n<p><span style=\"font-weight: 400;\">M\u016bs\u0173 butai buvo atrinkti tarnauti kaip platus klient\u0173 baz\u0119, kaip \u012fmanoma. Taigi jie visada yra prijungti prie gerai veikian\u010di\u0173 transporto jung\u010di\u0173 ir yra gerai \u012frengti. Gerai suprojektuoti \u012frenginiai leid\u017eia jums tur\u0117ti jauki\u0105 ir funkcin\u0119 aplink\u0105 vis\u0173 r\u016b\u0161i\u0173 laikinam gyvenimui. Nuoma mokama tik u\u017e gyvenimo laikotarp\u012f, kuris yra pana\u0161us \u012f vie\u0161but\u012f, ta\u010diau i\u0161sinuomoti apstatyt\u0105 studijos but\u0105, vieno miegamojo ar didesnius apartamentus yra daug lankstesnis nei gyvenimas vie\u0161butyje. <\/span><\/p>\n<h2><b>Mes teikiame telefonu arba elektroniniu pa\u0161tu<\/b><\/h2>\n<p><span style=\"font-weight: 400;\">Nuoma baldais nuoma butai gali kelti klausim\u0173, tod\u0117l pra\u0161ome susisiekti su mumis elektroniniu pa\u0161tu varaus@sakarincitykodit.fi arba telefonu <a href=\"tel:+358440880567\">+358 44 0880567<\/a>. Mes pad\u0117sime Jums rasti geriausius apgyvendinimo sprendimus Kuopio!<\/span><\/p>\n<\/div>\n<\/div>\n<\/div>\n<\/div>\n<\/div>\n<\/div>\n<\/div>\t\t\t\t\t\t\t\t<\/div>\n\t\t\t\t<\/div>\n\t\t\t\t\t<\/div>\n\t\t<\/div>\n\t\t\t\t\t<\/div>\n\t\t<\/section>\n\t\t\t\t<\/div>\n\t\t","protected":false},"excerpt":{"rendered":"<p>Su baldais apstatytais b\u016bstais mieste Kuopio \u012erengti nuomojami apartamentai turi b\u016bti patog\u016bs, funkcional\u016bs ir geroje vietoje. Tokie gerai \u012frengti ir auk\u0161tos kokyb\u0117s nuomojami apartamentai yra \u010dia! Mes si\u016blome funkcionalius ir efektyvius sprendimus laikinam b\u016bstui visoms \u012fmon\u0117ms ir privatiems klientams Kuopio. Persik\u0117limas \u012f m\u016bs\u0173 i\u0161 anksto \u012frengtus nuomojamus apartamentus yra lengvas ir suteikia jauki\u0105 aplink\u0105, pavyzd\u017eiui, [&hellip;]<\/p>\n","protected":false},"author":3,"featured_media":0,"parent":4379,"menu_order":0,"comment_status":"closed","ping_status":"closed","template":"","meta":{"footnotes":""},"class_list":["post-4331","page","type-page","status-publish","hentry"],"yoast_head":"<!-- This site is optimized with the Yoast SEO plugin v24.9 - https:\/\/yoast.com\/wordpress\/plugins\/seo\/ -->\n<title>Baldais apstatyti b\u016bstai mieste Kuopio - Sakarin Citykodit<\/title>\n<meta name=\"robots\" content=\"index, follow, max-snippet:-1, max-image-preview:large, max-video-preview:-1\" \/>\n<link rel=\"canonical\" href=\"https:\/\/www.sakarincitykodit.fi\/lt\/musu-vieta\/baldais-apstatyti-bustai-mieste-kuopijas\/\" \/>\n<meta property=\"og:locale\" content=\"lt_LT\" \/>\n<meta property=\"og:type\" content=\"article\" \/>\n<meta property=\"og:title\" content=\"Baldais apstatyti b\u016bstai mieste Kuopio - Sakarin Citykodit\" \/>\n<meta property=\"og:description\" content=\"Su baldais apstatytais b\u016bstais mieste Kuopio \u012erengti nuomojami apartamentai turi b\u016bti patog\u016bs, funkcional\u016bs ir geroje vietoje. Tokie gerai \u012frengti ir auk\u0161tos kokyb\u0117s nuomojami apartamentai yra \u010dia! Mes si\u016blome funkcionalius ir efektyvius sprendimus laikinam b\u016bstui visoms \u012fmon\u0117ms ir privatiems klientams Kuopio. Persik\u0117limas \u012f m\u016bs\u0173 i\u0161 anksto \u012frengtus nuomojamus apartamentus yra lengvas ir suteikia jauki\u0105 aplink\u0105, pavyzd\u017eiui, [&hellip;]\" \/>\n<meta property=\"og:url\" content=\"https:\/\/www.sakarincitykodit.fi\/lt\/musu-vieta\/baldais-apstatyti-bustai-mieste-kuopijas\/\" \/>\n<meta property=\"og:site_name\" content=\"Sakarin Citykodit\" \/>\n<meta property=\"article:modified_time\" content=\"2021-09-01T12:27:11+00:00\" \/>\n<meta name=\"twitter:card\" content=\"summary_large_image\" \/>\n<meta name=\"twitter:label1\" content=\"Est. reading time\" \/>\n\t<meta name=\"twitter:data1\" content=\"2 minut\u0117s\" \/>\n<script type=\"application\/ld+json\" class=\"yoast-schema-graph\">{\"@context\":\"https:\/\/schema.org\",\"@graph\":[{\"@type\":\"WebPage\",\"@id\":\"https:\/\/www.sakarincitykodit.fi\/lt\/musu-vieta\/baldais-apstatyti-bustai-mieste-kuopijas\/\",\"url\":\"https:\/\/www.sakarincitykodit.fi\/lt\/musu-vieta\/baldais-apstatyti-bustai-mieste-kuopijas\/\",\"name\":\"Baldais apstatyti b\u016bstai mieste Kuopio - Sakarin Citykodit\",\"isPartOf\":{\"@id\":\"https:\/\/www.sakarincitykodit.fi\/lt\/#website\"},\"datePublished\":\"2018-11-05T08:03:15+00:00\",\"dateModified\":\"2021-09-01T12:27:11+00:00\",\"breadcrumb\":{\"@id\":\"https:\/\/www.sakarincitykodit.fi\/lt\/musu-vieta\/baldais-apstatyti-bustai-mieste-kuopijas\/#breadcrumb\"},\"inLanguage\":\"lt-LT\",\"potentialAction\":[{\"@type\":\"ReadAction\",\"target\":[\"https:\/\/www.sakarincitykodit.fi\/lt\/musu-vieta\/baldais-apstatyti-bustai-mieste-kuopijas\/\"]}]},{\"@type\":\"BreadcrumbList\",\"@id\":\"https:\/\/www.sakarincitykodit.fi\/lt\/musu-vieta\/baldais-apstatyti-bustai-mieste-kuopijas\/#breadcrumb\",\"itemListElement\":[{\"@type\":\"ListItem\",\"position\":1,\"name\":\"Nam\u0173\",\"item\":\"https:\/\/www.sakarincitykodit.fi\/lt\/\"},{\"@type\":\"ListItem\",\"position\":2,\"name\":\"M\u016bs\u0173 vieta\",\"item\":\"https:\/\/www.sakarincitykodit.fi\/lt\/musu-vieta\/\"},{\"@type\":\"ListItem\",\"position\":3,\"name\":\"Baldais apstatyti b\u016bstai mieste Kuopio\"}]},{\"@type\":\"WebSite\",\"@id\":\"https:\/\/www.sakarincitykodit.fi\/lt\/#website\",\"url\":\"https:\/\/www.sakarincitykodit.fi\/lt\/\",\"name\":\"Sakarin Citykodit\",\"description\":\"Vuokraamme vapaat kalustetut vuokra-asunnot ymp&auml;ri Suomen!\",\"publisher\":{\"@id\":\"https:\/\/www.sakarincitykodit.fi\/lt\/#organization\"},\"potentialAction\":[{\"@type\":\"SearchAction\",\"target\":{\"@type\":\"EntryPoint\",\"urlTemplate\":\"https:\/\/www.sakarincitykodit.fi\/lt\/?s={search_term_string}\"},\"query-input\":{\"@type\":\"PropertyValueSpecification\",\"valueRequired\":true,\"valueName\":\"search_term_string\"}}],\"inLanguage\":\"lt-LT\"},{\"@type\":\"Organization\",\"@id\":\"https:\/\/www.sakarincitykodit.fi\/lt\/#organization\",\"name\":\"Sakarin Citykodit\",\"url\":\"https:\/\/www.sakarincitykodit.fi\/lt\/\",\"logo\":{\"@type\":\"ImageObject\",\"inLanguage\":\"lt-LT\",\"@id\":\"https:\/\/www.sakarincitykodit.fi\/lt\/#\/schema\/logo\/image\/\",\"url\":\"https:\/\/www.sakarincitykodit.fi\/wp-content\/uploads\/sakarin-citykodit-logo-245.png\",\"contentUrl\":\"https:\/\/www.sakarincitykodit.fi\/wp-content\/uploads\/sakarin-citykodit-logo-245.png\",\"width\":245,\"height\":39,\"caption\":\"Sakarin Citykodit\"},\"image\":{\"@id\":\"https:\/\/www.sakarincitykodit.fi\/lt\/#\/schema\/logo\/image\/\"}}]}<\/script>\n<!-- \/ Yoast SEO plugin. -->","yoast_head_json":{"title":"Baldais apstatyti b\u016bstai mieste Kuopio - Sakarin Citykodit","robots":{"index":"index","follow":"follow","max-snippet":"max-snippet:-1","max-image-preview":"max-image-preview:large","max-video-preview":"max-video-preview:-1"},"canonical":"https:\/\/www.sakarincitykodit.fi\/lt\/musu-vieta\/baldais-apstatyti-bustai-mieste-kuopijas\/","og_locale":"lt_LT","og_type":"article","og_title":"Baldais apstatyti b\u016bstai mieste Kuopio - Sakarin Citykodit","og_description":"Su baldais apstatytais b\u016bstais mieste Kuopio \u012erengti nuomojami apartamentai turi b\u016bti patog\u016bs, funkcional\u016bs ir geroje vietoje. Tokie gerai \u012frengti ir auk\u0161tos kokyb\u0117s nuomojami apartamentai yra \u010dia! Mes si\u016blome funkcionalius ir efektyvius sprendimus laikinam b\u016bstui visoms \u012fmon\u0117ms ir privatiems klientams Kuopio. Persik\u0117limas \u012f m\u016bs\u0173 i\u0161 anksto \u012frengtus nuomojamus apartamentus yra lengvas ir suteikia jauki\u0105 aplink\u0105, pavyzd\u017eiui, [&hellip;]","og_url":"https:\/\/www.sakarincitykodit.fi\/lt\/musu-vieta\/baldais-apstatyti-bustai-mieste-kuopijas\/","og_site_name":"Sakarin Citykodit","article_modified_time":"2021-09-01T12:27:11+00:00","twitter_card":"summary_large_image","twitter_misc":{"Est. reading time":"2 minut\u0117s"},"schema":{"@context":"https:\/\/schema.org","@graph":[{"@type":"WebPage","@id":"https:\/\/www.sakarincitykodit.fi\/lt\/musu-vieta\/baldais-apstatyti-bustai-mieste-kuopijas\/","url":"https:\/\/www.sakarincitykodit.fi\/lt\/musu-vieta\/baldais-apstatyti-bustai-mieste-kuopijas\/","name":"Baldais apstatyti b\u016bstai mieste Kuopio - Sakarin Citykodit","isPartOf":{"@id":"https:\/\/www.sakarincitykodit.fi\/lt\/#website"},"datePublished":"2018-11-05T08:03:15+00:00","dateModified":"2021-09-01T12:27:11+00:00","breadcrumb":{"@id":"https:\/\/www.sakarincitykodit.fi\/lt\/musu-vieta\/baldais-apstatyti-bustai-mieste-kuopijas\/#breadcrumb"},"inLanguage":"lt-LT","potentialAction":[{"@type":"ReadAction","target":["https:\/\/www.sakarincitykodit.fi\/lt\/musu-vieta\/baldais-apstatyti-bustai-mieste-kuopijas\/"]}]},{"@type":"BreadcrumbList","@id":"https:\/\/www.sakarincitykodit.fi\/lt\/musu-vieta\/baldais-apstatyti-bustai-mieste-kuopijas\/#breadcrumb","itemListElement":[{"@type":"ListItem","position":1,"name":"Nam\u0173","item":"https:\/\/www.sakarincitykodit.fi\/lt\/"},{"@type":"ListItem","position":2,"name":"M\u016bs\u0173 vieta","item":"https:\/\/www.sakarincitykodit.fi\/lt\/musu-vieta\/"},{"@type":"ListItem","position":3,"name":"Baldais apstatyti b\u016bstai mieste Kuopio"}]},{"@type":"WebSite","@id":"https:\/\/www.sakarincitykodit.fi\/lt\/#website","url":"https:\/\/www.sakarincitykodit.fi\/lt\/","name":"Sakarin Citykodit","description":"Vuokraamme vapaat kalustetut vuokra-asunnot ymp&auml;ri Suomen!","publisher":{"@id":"https:\/\/www.sakarincitykodit.fi\/lt\/#organization"},"potentialAction":[{"@type":"SearchAction","target":{"@type":"EntryPoint","urlTemplate":"https:\/\/www.sakarincitykodit.fi\/lt\/?s={search_term_string}"},"query-input":{"@type":"PropertyValueSpecification","valueRequired":true,"valueName":"search_term_string"}}],"inLanguage":"lt-LT"},{"@type":"Organization","@id":"https:\/\/www.sakarincitykodit.fi\/lt\/#organization","name":"Sakarin Citykodit","url":"https:\/\/www.sakarincitykodit.fi\/lt\/","logo":{"@type":"ImageObject","inLanguage":"lt-LT","@id":"https:\/\/www.sakarincitykodit.fi\/lt\/#\/schema\/logo\/image\/","url":"https:\/\/www.sakarincitykodit.fi\/wp-content\/uploads\/sakarin-citykodit-logo-245.png","contentUrl":"https:\/\/www.sakarincitykodit.fi\/wp-content\/uploads\/sakarin-citykodit-logo-245.png","width":245,"height":39,"caption":"Sakarin Citykodit"},"image":{"@id":"https:\/\/www.sakarincitykodit.fi\/lt\/#\/schema\/logo\/image\/"}}]}},"_links":{"self":[{"href":"https:\/\/www.sakarincitykodit.fi\/lt\/wp-json\/wp\/v2\/pages\/4331","targetHints":{"allow":["GET"]}}],"collection":[{"href":"https:\/\/www.sakarincitykodit.fi\/lt\/wp-json\/wp\/v2\/pages"}],"about":[{"href":"https:\/\/www.sakarincitykodit.fi\/lt\/wp-json\/wp\/v2\/types\/page"}],"author":[{"embeddable":true,"href":"https:\/\/www.sakarincitykodit.fi\/lt\/wp-json\/wp\/v2\/users\/3"}],"replies":[{"embeddable":true,"href":"https:\/\/www.sakarincitykodit.fi\/lt\/wp-json\/wp\/v2\/comments?post=4331"}],"version-history":[{"count":0,"href":"https:\/\/www.sakarincitykodit.fi\/lt\/wp-json\/wp\/v2\/pages\/4331\/revisions"}],"up":[{"embeddable":true,"href":"https:\/\/www.sakarincitykodit.fi\/lt\/wp-json\/wp\/v2\/pages\/4379"}],"wp:attachment":[{"href":"https:\/\/www.sakarincitykodit.fi\/lt\/wp-json\/wp\/v2\/media?parent=4331"}],"curies":[{"name":"wp","href":"https:\/\/api.w.org\/{rel}","templated":true}]}}