{"id":4329,"date":"2020-06-28T02:15:26","date_gmt":"2020-06-28T00:15:26","guid":{"rendered":"https:\/\/www.sakarincitykodit.fi\/apartamentai-mieste-furnishedas\/"},"modified":"2020-10-08T14:23:38","modified_gmt":"2020-10-08T12:23:38","slug":"apartamentai-mieste-furnishedas","status":"publish","type":"page","link":"https:\/\/www.sakarincitykodit.fi\/lt\/apartamentai-mieste-furnishedas\/","title":{"rendered":"Apartamentai mieste Furnishedas"},"content":{"rendered":"\t\t<div data-elementor-type=\"wp-page\" data-elementor-id=\"4329\" class=\"elementor elementor-4329 elementor-2360\">\n\t\t\t\t\t\t<section class=\"elementor-section elementor-top-section elementor-element elementor-element-412d37a elementor-section-boxed elementor-section-height-default elementor-section-height-default\" data-id=\"412d37a\" data-element_type=\"section\">\n\t\t\t\t\t\t<div class=\"elementor-container elementor-column-gap-default\">\n\t\t\t\t\t<div class=\"elementor-column elementor-col-100 elementor-top-column elementor-element elementor-element-66265a9\" data-id=\"66265a9\" data-element_type=\"column\">\n\t\t\t<div class=\"elementor-widget-wrap elementor-element-populated\">\n\t\t\t\t\t\t<div class=\"elementor-element elementor-element-02aa2e4 elementor-widget elementor-widget-heading\" data-id=\"02aa2e4\" data-element_type=\"widget\" data-widget_type=\"heading.default\">\n\t\t\t\t<div class=\"elementor-widget-container\">\n\t\t\t\t\t<h2 class=\"elementor-heading-title elementor-size-default\">Laisvi apartamentai<\/h2>\t\t\t\t<\/div>\n\t\t\t\t<\/div>\n\t\t\t\t\t<\/div>\n\t\t<\/div>\n\t\t\t\t\t<\/div>\n\t\t<\/section>\n\t\t\t\t<section class=\"elementor-section elementor-top-section elementor-element elementor-element-95a22b2 elementor-section-boxed elementor-section-height-default elementor-section-height-default\" data-id=\"95a22b2\" data-element_type=\"section\">\n\t\t\t\t\t\t<div class=\"elementor-container elementor-column-gap-no\">\n\t\t\t\t\t<div class=\"elementor-column elementor-col-100 elementor-top-column elementor-element elementor-element-3000fa1\" data-id=\"3000fa1\" data-element_type=\"column\">\n\t\t\t<div class=\"elementor-widget-wrap elementor-element-populated\">\n\t\t\t\t\t\t<div class=\"elementor-element elementor-element-33f4a2a elementor-widget elementor-widget-text-editor\" data-id=\"33f4a2a\" data-element_type=\"widget\" data-widget_type=\"text-editor.default\">\n\t\t\t\t<div class=\"elementor-widget-container\">\n\t\t\t\t\t\t\t\t\t<p>Sakarin Citykodit Oy nuoma ir apstatyti apartamentai aplink Suomij\u0105 pagal klient\u0173 poreikius. \u0160iame puslapyje rasite apartamentus, kurie netrukus bus i\u0161leisti.<\/p>\n<p>Jei laisv\u0173 but\u0173 n\u0117ra tinkamos vietos, pasir\u016bpinsime, kad j\u016bs pateikite tinkam\u0105 b\u016bst\u0105. Buto nuoma priklauso nuo u\u017esakymo trukm\u0117s ir pasirinkto buto.<\/p>\n\t\t\t\t\t\t\t\t<\/div>\n\t\t\t\t<\/div>\n\t\t\t\t<div class=\"elementor-element elementor-element-087f1f6 elementor-widget elementor-widget-text-editor\" data-id=\"087f1f6\" data-element_type=\"widget\" data-widget_type=\"text-editor.default\">\n\t\t\t\t<div class=\"elementor-widget-container\">\n\t\t\t\t\t\t\t\t\t<div class=\"properties-listing-wrapper main-items-wrapper\" data-display_mode=\"list\">\n\t<div class=\"properties-ordering-wrapper\">\n<div class=\"results-count\">\n\tShowing all 3 results<\/div><div class=\"properties-ordering\">\n\t<form class=\"properties-ordering\" method=\"get\" action=\"https:\/\/www.sakarincitykodit.fi\/lt\/apartamentai-mieste-furnishedas\/\">\n\t\t<div class=\"label\">Sort by:<\/div>\n\t\t<select name=\"filter-orderby\" class=\"orderby\" data-placeholder=\"Sort by\">\n\t\t\t\t\t\t\t<option value=\"menu_order\"  selected='selected'>Default<\/option>\n\t\t\t\t\t\t\t<option value=\"newest\" >Newest<\/option>\n\t\t\t\t\t\t\t<option value=\"oldest\" >Oldest<\/option>\n\t\t\t\t\t\t\t<option value=\"price-lowest\" >Lowest Price<\/option>\n\t\t\t\t\t\t\t<option value=\"price-highest\" >Highest Price<\/option>\n\t\t\t\t\t\t\t<option value=\"random\" >Random<\/option>\n\t\t\t\t\t<\/select>\n\t\t<input type=\"hidden\" name=\"paged\" value=\"1\" \/>\n\t\t\t<\/form>\n<\/div><\/div>\n\n\t\t\t\t\t<div class=\"properties-wrapper items-wrapper clearfix\">\n\t\t\t\t\t\t\t\t\t\t\t\t\n<article class=\"map-item property-list property-item post-16444 property type-property status-publish has-post-thumbnail hentry property_type-kerrostaloasunto-lt property_location-rauma-lt property_amenity-astianpesukone-lt property_amenity-kahvinkeitin-lt property_amenity-mikro-lt property_amenity-uuni-lt property_amenity-pakastin-lt property_amenity-jaakaappi-lt property_amenity-pyykinpesukone-lt property_amenity-televisio-lt property_amenity-ruuanlaitto-ja-ruokailuvalineet-lt property_amenity-liesi-lt property_amenity-kylpyhuone-lt\" data-latitude=\"61.1358178\" data-longitude=\"21.4943699\" data-img=\"https:\/\/www.sakarincitykodit.fi\/wp-content\/uploads\/20230927_183019-850x550.jpg\">\n    <div class=\"flex\">\n\n        <div class=\"left-inner flex-middle justify-content-center\">\n            <div class=\"property-thumbnail-wrapper\">\n                \n                    <div class=\"image-thumbnail\">\r\n        <a class=\"property-image\" href=\"https:\/\/www.sakarincitykodit.fi\/lt\/vuokra-asunto\/rauma-kb-3hk-78m2-4\/\">\r\n        \t<div class=\"image-wrapper\"><img fetchpriority=\"high\" decoding=\"async\" width=\"260\" height=\"240\" src=\"data:image\/svg+xml;charset=utf-8,%3Csvg xmlns%3D&#039;http%3A%2F%2Fwww.w3.org%2F2000%2Fsvg&#039; viewBox%3D&#039;0 0 260 240&#039;%2F%3E\" class=\"attachment-homeo-property-list size-homeo-property-list unveil-image\" alt=\"Kalustettu asunto Rauma\" data-src=\"https:\/\/www.sakarincitykodit.fi\/wp-content\/uploads\/20230927_183019-260x240.jpg\" \/><\/div>        <\/a>\r\n    <\/div>\r\n                    \n                <div class=\"bottom-label\">\n                                    <\/div>\n            <\/div>\n        <\/div>\n\n        <div class=\"right-inner flex-middle\">\n            <div class=\"inner\">\n                <div class=\"property-information\">\n                    <div class=\"property-information-top flex-middle\">\n                                                <div class=\"ali-right\">\n                                                    <\/div>\n                    <\/div>\n                    <div class=\"hidden-xs\">\n                        <div class=\"property-type\">\r\n\t\t\t\t\t\t\t<div class=\"property-type with-no-title\">\r\n\t\t\t\t\t\t            \t<a class=\"type-property\" href=\"https:\/\/www.sakarincitykodit.fi\/lt\/property-type\/kerrostaloasunto-lt\/\" style=\"\">Apartament\u0173 pastatas<\/a>\t\t        \t\t    \t<\/div>\r\n\t    <\/div>                    <\/div>\n                    <h2 class=\"property-title\"><a href=\"https:\/\/www.sakarincitykodit.fi\/lt\/vuokra-asunto\/rauma-kb-3hk-78m2-4\/\" rel=\"bookmark\">RAUMA | KB 3h+k 78m2<\/a><\/h2>                    <div class=\"property-location with-icon\"><i class=\"flaticon-maps-and-flags\"><\/i> <a href=\"\/\/maps.google.com\/maps?q=Kaivopuistontie+4+Rauma&#038;zoom=14&#038;size=512x512&#038;maptype=roadmap&#038;sensor=false\" target=\"_blank\">Kaivopuistontie 4 Rauma<\/a><\/div>\n                    \n                <\/div>\n                                    <div class=\"property-metas-bottom flex-middle hidden-xs\">\n                        <div class=\"avatar-wrapper flex-middle\">\r\n            \t\t\t\t\t\t<div class=\"avatar-img\">\r\n\t\t\t\t\t\t\t\t\t\t\t\t\t<img decoding=\"async\" src=\"https:\/\/www.sakarincitykodit.fi\/wp-content\/uploads\/sakarin-citykodit-ikon-75i.png\" width=\"80\" height=\"80\" class=\"avatar wp-user-avatar wp-user-avatar photo avatar-default\" \/>\t\t\t\t\t\t\t\t\t\t\t<\/div>\r\n\t\t\t\t\t\t\t\t<div class=\"name-author\">\r\n\t\t\t\t\t                \t\tSakarin Citykodit                \t                <\/div>\r\n\t        <\/div>                        <div class=\"ali-right\">\n                            <div class=\"property-postdate\">3 savait\u0117s ago<\/div>                        <\/div>\n                    <\/div>\n                            <\/div>\n        <\/div>\n    <\/div>\n    \n<\/article><!-- #post-## -->\n\n\t\t\t\t\t\t\t\t\t\n<article class=\"map-item property-list property-item post-5152 property type-property status-publish has-post-thumbnail hentry property_type-kerrostaloasunto-lt property_location-jarvenpaa-lt property_amenity-erillinen-wc-lt property_amenity-astianpesukone-lt property_amenity-kahvinkeitin-lt property_amenity-mikro-lt property_amenity-uuni-lt property_amenity-pakastin-lt property_amenity-jaakaappi-lt property_amenity-pesutupa-lt property_amenity-pyykinpesukone-lt property_amenity-ruuanlaitto-ja-ruokailuvalineet-lt property_amenity-kylpyhuone-lt\" data-latitude=\"60.475901\" data-longitude=\"25.072765713297407\" data-img=\"https:\/\/www.sakarincitykodit.fi\/wp-content\/uploads\/jarvenpaa-kalustetut-vuokra-asunnot-sakarin-citykodit_3-850x550.jpg\">\n    <div class=\"flex\">\n\n        <div class=\"left-inner flex-middle justify-content-center\">\n            <div class=\"property-thumbnail-wrapper\">\n                \n                    <div class=\"image-thumbnail\">\r\n        <a class=\"property-image\" href=\"https:\/\/www.sakarincitykodit.fi\/lt\/vuokra-asunto\/jarvenpaa-loutti-jarvenpaa-loutti-kt-3hk-80m2_2\/\">\r\n        \t<div class=\"image-wrapper\"><img decoding=\"async\" width=\"260\" height=\"240\" src=\"data:image\/svg+xml;charset=utf-8,%3Csvg xmlns%3D&#039;http%3A%2F%2Fwww.w3.org%2F2000%2Fsvg&#039; viewBox%3D&#039;0 0 260 240&#039;%2F%3E\" class=\"attachment-homeo-property-list size-homeo-property-list unveil-image\" alt=\"\" data-src=\"https:\/\/www.sakarincitykodit.fi\/wp-content\/uploads\/jarvenpaa-kalustetut-vuokra-asunnot-sakarin-citykodit_3-260x240.jpg\" \/><\/div>        <\/a>\r\n    <\/div>\r\n                    \n                <div class=\"bottom-label\">\n                                    <\/div>\n            <\/div>\n        <\/div>\n\n        <div class=\"right-inner flex-middle\">\n            <div class=\"inner\">\n                <div class=\"property-information\">\n                    <div class=\"property-information-top flex-middle\">\n                                                <div class=\"ali-right\">\n                                                    <\/div>\n                    <\/div>\n                    <div class=\"hidden-xs\">\n                        <div class=\"property-type\">\r\n\t\t\t\t\t\t\t<div class=\"property-type with-no-title\">\r\n\t\t\t\t\t\t            \t<a class=\"type-property\" href=\"https:\/\/www.sakarincitykodit.fi\/lt\/property-type\/kerrostaloasunto-lt\/\" style=\"\">Apartament\u0173 pastatas<\/a>\t\t        \t\t    \t<\/div>\r\n\t    <\/div>                    <\/div>\n                    <h2 class=\"property-title\"><a href=\"https:\/\/www.sakarincitykodit.fi\/lt\/vuokra-asunto\/jarvenpaa-loutti-jarvenpaa-loutti-kt-3hk-80m2_2\/\" rel=\"bookmark\">J\u00e4rvenp\u00e4\u00e4 Loutti ( J\u00e4rvenp\u00e4\u00e4 Loutti ) | KT 3h+k 80m2<\/a><\/h2>                    <div class=\"property-location with-icon\"><i class=\"flaticon-maps-and-flags\"><\/i> <a href=\"\/\/maps.google.com\/maps?q=M%C3%A4kikatu+2+J%C3%A4rvenp%C3%A4%C3%A4&#038;zoom=14&#038;size=512x512&#038;maptype=roadmap&#038;sensor=false\" target=\"_blank\">M\u00e4kikatu 2 J\u00e4rvenp\u00e4\u00e4<\/a><\/div>\n                    \n                <\/div>\n                                    <div class=\"property-metas-bottom flex-middle hidden-xs\">\n                        <div class=\"avatar-wrapper flex-middle\">\r\n            \t\t\t\t\t\t<div class=\"avatar-img\">\r\n\t\t\t\t\t\t\t\t\t\t\t\t\t<img decoding=\"async\" src=\"https:\/\/www.sakarincitykodit.fi\/wp-content\/uploads\/sakarin-citykodit-ikon-75i.png\" width=\"80\" height=\"80\" class=\"avatar wp-user-avatar wp-user-avatar photo avatar-default\" \/>\t\t\t\t\t\t\t\t\t\t\t<\/div>\r\n\t\t\t\t\t\t\t\t<div class=\"name-author\">\r\n\t\t\t\t\t                \t\tSakarin Citykodit                \t                <\/div>\r\n\t        <\/div>                        <div class=\"ali-right\">\n                            <div class=\"property-postdate\">3 m\u0117nesiai ago<\/div>                        <\/div>\n                    <\/div>\n                            <\/div>\n        <\/div>\n    <\/div>\n    \n<\/article><!-- #post-## -->\n\n\t\t\t\t\t\t\t\t\t\n<article class=\"map-item property-list property-item post-4933 property type-property status-publish has-post-thumbnail hentry property_type-rivitalo-lt property_location-jarvenpaa-lt property_amenity-erillinen-wc-lt property_amenity-astianpesukone-lt property_amenity-kahvinkeitin-lt property_amenity-kodinhoitohuone-lt property_amenity-mikro-lt property_amenity-uuni-lt property_amenity-taloyhtiossa-sauna-lt property_amenity-pakastin-lt property_amenity-jaakaappi-lt property_amenity-sauna-lt property_amenity-pesutupa-lt property_amenity-televisio-lt property_amenity-ruuanlaitto-ja-ruokailuvalineet-lt property_amenity-liesi-lt property_amenity-kylpyhuone-lt\" data-latitude=\"\" data-longitude=\"\" data-img=\"https:\/\/www.sakarincitykodit.fi\/wp-content\/uploads\/20241222_104418-850x550.jpg\">\n    <div class=\"flex\">\n\n        <div class=\"left-inner flex-middle justify-content-center\">\n            <div class=\"property-thumbnail-wrapper\">\n                \n                    <div class=\"image-thumbnail\">\r\n        <a class=\"property-image\" href=\"https:\/\/www.sakarincitykodit.fi\/lt\/vuokra-asunto\/jarvenpaa-peltola-rt-3hks-78m2-isleistas-2020-m-rugpjucio-2-d\/\">\r\n        \t<div class=\"image-wrapper\"><img loading=\"lazy\" decoding=\"async\" width=\"260\" height=\"240\" src=\"data:image\/svg+xml;charset=utf-8,%3Csvg xmlns%3D&#039;http%3A%2F%2Fwww.w3.org%2F2000%2Fsvg&#039; viewBox%3D&#039;0 0 260 240&#039;%2F%3E\" class=\"attachment-homeo-property-list size-homeo-property-list unveil-image\" alt=\"\" data-src=\"https:\/\/www.sakarincitykodit.fi\/wp-content\/uploads\/20241222_104418-260x240.jpg\" \/><\/div>        <\/a>\r\n    <\/div>\r\n                    \n                <div class=\"bottom-label\">\n                                    <\/div>\n            <\/div>\n        <\/div>\n\n        <div class=\"right-inner flex-middle\">\n            <div class=\"inner\">\n                <div class=\"property-information\">\n                    <div class=\"property-information-top flex-middle\">\n                                                <div class=\"ali-right\">\n                                                    <\/div>\n                    <\/div>\n                    <div class=\"hidden-xs\">\n                        <div class=\"property-type\">\r\n\t\t\t\t\t\t\t<div class=\"property-type with-no-title\">\r\n\t\t\t\t\t\t            \t<a class=\"type-property\" href=\"https:\/\/www.sakarincitykodit.fi\/lt\/property-type\/rivitalo-lt\/\" style=\"\">Townhouse<\/a>\t\t        \t\t    \t<\/div>\r\n\t    <\/div>                    <\/div>\n                    <h2 class=\"property-title\"><a href=\"https:\/\/www.sakarincitykodit.fi\/lt\/vuokra-asunto\/jarvenpaa-peltola-rt-3hks-78m2-isleistas-2020-m-rugpjucio-2-d\/\" rel=\"bookmark\">J\u00e4rvenp\u00e4\u00e4 Peltola<\/a><\/h2>                    \n                    \n                <\/div>\n                                    <div class=\"property-metas-bottom flex-middle hidden-xs\">\n                        <div class=\"avatar-wrapper flex-middle\">\r\n            \t\t\t\t\t\t<div class=\"avatar-img\">\r\n\t\t\t\t\t\t\t\t\t\t\t\t\t<img decoding=\"async\" src=\"https:\/\/www.sakarincitykodit.fi\/wp-content\/uploads\/sakarin-citykodit-ikon-75i.png\" width=\"80\" height=\"80\" class=\"avatar wp-user-avatar wp-user-avatar photo avatar-default\" \/>\t\t\t\t\t\t\t\t\t\t\t<\/div>\r\n\t\t\t\t\t\t\t\t<div class=\"name-author\">\r\n\t\t\t\t\t                \t\tSakarin Citykodit                \t                <\/div>\r\n\t        <\/div>                        <div class=\"ali-right\">\n                            <div class=\"property-postdate\">5 m\u0117nesiai ago<\/div>                        <\/div>\n                    <\/div>\n                            <\/div>\n        <\/div>\n    <\/div>\n    \n<\/article><!-- #post-## -->\n\n\t\t\t\t\t\t\t\t\t<\/div>\n\n\t\t\n\t\n\t<\/div>\n<div class=\"properties-pagination-wrapper main-pagination-wrapper\">\n\t<\/div>\n\n\t\t\t\t\t\t\t\t<\/div>\n\t\t\t\t<\/div>\n\t\t\t\t\t<\/div>\n\t\t<\/div>\n\t\t\t\t\t<\/div>\n\t\t<\/section>\n\t\t\t\t<\/div>\n\t\t","protected":false},"excerpt":{"rendered":"<p>Laisvi apartamentai Sakarin Citykodit Oy nuoma ir apstatyti apartamentai aplink Suomij\u0105 pagal klient\u0173 poreikius. \u0160iame puslapyje rasite apartamentus, kurie netrukus bus i\u0161leisti. Jei laisv\u0173 but\u0173 n\u0117ra tinkamos vietos, pasir\u016bpinsime, kad j\u016bs pateikite tinkam\u0105 b\u016bst\u0105. Buto nuoma priklauso nuo u\u017esakymo trukm\u0117s ir pasirinkto buto.<\/p>\n","protected":false},"author":3,"featured_media":0,"parent":0,"menu_order":0,"comment_status":"closed","ping_status":"closed","template":"page-properties.php","meta":{"footnotes":""},"class_list":["post-4329","page","type-page","status-publish","hentry"],"yoast_head":"<!-- This site is optimized with the Yoast SEO plugin v24.9 - https:\/\/yoast.com\/wordpress\/plugins\/seo\/ -->\n<title>Apartamentai mieste Furnishedas - Sakarin Citykodit<\/title>\n<meta name=\"robots\" content=\"index, follow, max-snippet:-1, max-image-preview:large, max-video-preview:-1\" \/>\n<link rel=\"canonical\" href=\"https:\/\/www.sakarincitykodit.fi\/lt\/apartamentai-mieste-furnishedas\/\" \/>\n<meta property=\"og:locale\" content=\"lt_LT\" \/>\n<meta property=\"og:type\" content=\"article\" \/>\n<meta property=\"og:title\" content=\"Apartamentai mieste Furnishedas - Sakarin Citykodit\" \/>\n<meta property=\"og:description\" content=\"Laisvi apartamentai Sakarin Citykodit Oy nuoma ir apstatyti apartamentai aplink Suomij\u0105 pagal klient\u0173 poreikius. \u0160iame puslapyje rasite apartamentus, kurie netrukus bus i\u0161leisti. Jei laisv\u0173 but\u0173 n\u0117ra tinkamos vietos, pasir\u016bpinsime, kad j\u016bs pateikite tinkam\u0105 b\u016bst\u0105. Buto nuoma priklauso nuo u\u017esakymo trukm\u0117s ir pasirinkto buto.\" \/>\n<meta property=\"og:url\" content=\"https:\/\/www.sakarincitykodit.fi\/lt\/apartamentai-mieste-furnishedas\/\" \/>\n<meta property=\"og:site_name\" content=\"Sakarin Citykodit\" \/>\n<meta property=\"article:modified_time\" content=\"2020-10-08T12:23:38+00:00\" \/>\n<meta name=\"twitter:card\" content=\"summary_large_image\" \/>\n<script type=\"application\/ld+json\" class=\"yoast-schema-graph\">{\"@context\":\"https:\/\/schema.org\",\"@graph\":[{\"@type\":\"WebPage\",\"@id\":\"https:\/\/www.sakarincitykodit.fi\/lt\/apartamentai-mieste-furnishedas\/\",\"url\":\"https:\/\/www.sakarincitykodit.fi\/lt\/apartamentai-mieste-furnishedas\/\",\"name\":\"Apartamentai mieste Furnishedas - Sakarin Citykodit\",\"isPartOf\":{\"@id\":\"https:\/\/www.sakarincitykodit.fi\/lt\/#website\"},\"datePublished\":\"2020-06-28T00:15:26+00:00\",\"dateModified\":\"2020-10-08T12:23:38+00:00\",\"breadcrumb\":{\"@id\":\"https:\/\/www.sakarincitykodit.fi\/lt\/apartamentai-mieste-furnishedas\/#breadcrumb\"},\"inLanguage\":\"lt-LT\",\"potentialAction\":[{\"@type\":\"ReadAction\",\"target\":[\"https:\/\/www.sakarincitykodit.fi\/lt\/apartamentai-mieste-furnishedas\/\"]}]},{\"@type\":\"BreadcrumbList\",\"@id\":\"https:\/\/www.sakarincitykodit.fi\/lt\/apartamentai-mieste-furnishedas\/#breadcrumb\",\"itemListElement\":[{\"@type\":\"ListItem\",\"position\":1,\"name\":\"Nam\u0173\",\"item\":\"https:\/\/www.sakarincitykodit.fi\/lt\/\"},{\"@type\":\"ListItem\",\"position\":2,\"name\":\"Apartamentai mieste Furnishedas\"}]},{\"@type\":\"WebSite\",\"@id\":\"https:\/\/www.sakarincitykodit.fi\/lt\/#website\",\"url\":\"https:\/\/www.sakarincitykodit.fi\/lt\/\",\"name\":\"Sakarin Citykodit\",\"description\":\"Vuokraamme vapaat kalustetut vuokra-asunnot ymp&auml;ri Suomen!\",\"publisher\":{\"@id\":\"https:\/\/www.sakarincitykodit.fi\/lt\/#organization\"},\"potentialAction\":[{\"@type\":\"SearchAction\",\"target\":{\"@type\":\"EntryPoint\",\"urlTemplate\":\"https:\/\/www.sakarincitykodit.fi\/lt\/?s={search_term_string}\"},\"query-input\":{\"@type\":\"PropertyValueSpecification\",\"valueRequired\":true,\"valueName\":\"search_term_string\"}}],\"inLanguage\":\"lt-LT\"},{\"@type\":\"Organization\",\"@id\":\"https:\/\/www.sakarincitykodit.fi\/lt\/#organization\",\"name\":\"Sakarin Citykodit\",\"url\":\"https:\/\/www.sakarincitykodit.fi\/lt\/\",\"logo\":{\"@type\":\"ImageObject\",\"inLanguage\":\"lt-LT\",\"@id\":\"https:\/\/www.sakarincitykodit.fi\/lt\/#\/schema\/logo\/image\/\",\"url\":\"https:\/\/www.sakarincitykodit.fi\/wp-content\/uploads\/sakarin-citykodit-logo-245.png\",\"contentUrl\":\"https:\/\/www.sakarincitykodit.fi\/wp-content\/uploads\/sakarin-citykodit-logo-245.png\",\"width\":245,\"height\":39,\"caption\":\"Sakarin Citykodit\"},\"image\":{\"@id\":\"https:\/\/www.sakarincitykodit.fi\/lt\/#\/schema\/logo\/image\/\"}}]}<\/script>\n<!-- \/ Yoast SEO plugin. -->","yoast_head_json":{"title":"Apartamentai mieste Furnishedas - Sakarin Citykodit","robots":{"index":"index","follow":"follow","max-snippet":"max-snippet:-1","max-image-preview":"max-image-preview:large","max-video-preview":"max-video-preview:-1"},"canonical":"https:\/\/www.sakarincitykodit.fi\/lt\/apartamentai-mieste-furnishedas\/","og_locale":"lt_LT","og_type":"article","og_title":"Apartamentai mieste Furnishedas - Sakarin Citykodit","og_description":"Laisvi apartamentai Sakarin Citykodit Oy nuoma ir apstatyti apartamentai aplink Suomij\u0105 pagal klient\u0173 poreikius. \u0160iame puslapyje rasite apartamentus, kurie netrukus bus i\u0161leisti. Jei laisv\u0173 but\u0173 n\u0117ra tinkamos vietos, pasir\u016bpinsime, kad j\u016bs pateikite tinkam\u0105 b\u016bst\u0105. Buto nuoma priklauso nuo u\u017esakymo trukm\u0117s ir pasirinkto buto.","og_url":"https:\/\/www.sakarincitykodit.fi\/lt\/apartamentai-mieste-furnishedas\/","og_site_name":"Sakarin Citykodit","article_modified_time":"2020-10-08T12:23:38+00:00","twitter_card":"summary_large_image","schema":{"@context":"https:\/\/schema.org","@graph":[{"@type":"WebPage","@id":"https:\/\/www.sakarincitykodit.fi\/lt\/apartamentai-mieste-furnishedas\/","url":"https:\/\/www.sakarincitykodit.fi\/lt\/apartamentai-mieste-furnishedas\/","name":"Apartamentai mieste Furnishedas - Sakarin Citykodit","isPartOf":{"@id":"https:\/\/www.sakarincitykodit.fi\/lt\/#website"},"datePublished":"2020-06-28T00:15:26+00:00","dateModified":"2020-10-08T12:23:38+00:00","breadcrumb":{"@id":"https:\/\/www.sakarincitykodit.fi\/lt\/apartamentai-mieste-furnishedas\/#breadcrumb"},"inLanguage":"lt-LT","potentialAction":[{"@type":"ReadAction","target":["https:\/\/www.sakarincitykodit.fi\/lt\/apartamentai-mieste-furnishedas\/"]}]},{"@type":"BreadcrumbList","@id":"https:\/\/www.sakarincitykodit.fi\/lt\/apartamentai-mieste-furnishedas\/#breadcrumb","itemListElement":[{"@type":"ListItem","position":1,"name":"Nam\u0173","item":"https:\/\/www.sakarincitykodit.fi\/lt\/"},{"@type":"ListItem","position":2,"name":"Apartamentai mieste Furnishedas"}]},{"@type":"WebSite","@id":"https:\/\/www.sakarincitykodit.fi\/lt\/#website","url":"https:\/\/www.sakarincitykodit.fi\/lt\/","name":"Sakarin Citykodit","description":"Vuokraamme vapaat kalustetut vuokra-asunnot ymp&auml;ri Suomen!","publisher":{"@id":"https:\/\/www.sakarincitykodit.fi\/lt\/#organization"},"potentialAction":[{"@type":"SearchAction","target":{"@type":"EntryPoint","urlTemplate":"https:\/\/www.sakarincitykodit.fi\/lt\/?s={search_term_string}"},"query-input":{"@type":"PropertyValueSpecification","valueRequired":true,"valueName":"search_term_string"}}],"inLanguage":"lt-LT"},{"@type":"Organization","@id":"https:\/\/www.sakarincitykodit.fi\/lt\/#organization","name":"Sakarin Citykodit","url":"https:\/\/www.sakarincitykodit.fi\/lt\/","logo":{"@type":"ImageObject","inLanguage":"lt-LT","@id":"https:\/\/www.sakarincitykodit.fi\/lt\/#\/schema\/logo\/image\/","url":"https:\/\/www.sakarincitykodit.fi\/wp-content\/uploads\/sakarin-citykodit-logo-245.png","contentUrl":"https:\/\/www.sakarincitykodit.fi\/wp-content\/uploads\/sakarin-citykodit-logo-245.png","width":245,"height":39,"caption":"Sakarin Citykodit"},"image":{"@id":"https:\/\/www.sakarincitykodit.fi\/lt\/#\/schema\/logo\/image\/"}}]}},"_links":{"self":[{"href":"https:\/\/www.sakarincitykodit.fi\/lt\/wp-json\/wp\/v2\/pages\/4329","targetHints":{"allow":["GET"]}}],"collection":[{"href":"https:\/\/www.sakarincitykodit.fi\/lt\/wp-json\/wp\/v2\/pages"}],"about":[{"href":"https:\/\/www.sakarincitykodit.fi\/lt\/wp-json\/wp\/v2\/types\/page"}],"author":[{"embeddable":true,"href":"https:\/\/www.sakarincitykodit.fi\/lt\/wp-json\/wp\/v2\/users\/3"}],"replies":[{"embeddable":true,"href":"https:\/\/www.sakarincitykodit.fi\/lt\/wp-json\/wp\/v2\/comments?post=4329"}],"version-history":[{"count":0,"href":"https:\/\/www.sakarincitykodit.fi\/lt\/wp-json\/wp\/v2\/pages\/4329\/revisions"}],"wp:attachment":[{"href":"https:\/\/www.sakarincitykodit.fi\/lt\/wp-json\/wp\/v2\/media?parent=4329"}],"curies":[{"name":"wp","href":"https:\/\/api.w.org\/{rel}","templated":true}]}}