{"id":4320,"date":"2018-11-05T10:01:30","date_gmt":"2018-11-05T08:01:30","guid":{"rendered":"https:\/\/www.sakarincitykodit.fi\/su-baldais-apstatyta-nuoma-mieste-hamina\/"},"modified":"2020-10-08T14:02:32","modified_gmt":"2020-10-08T12:02:32","slug":"su-baldais-apstatyta-nuoma-mieste-hamina","status":"publish","type":"page","link":"https:\/\/www.sakarincitykodit.fi\/lt\/musu-vieta\/su-baldais-apstatyta-nuoma-mieste-hamina\/","title":{"rendered":"Su baldais apstatyta nuoma mieste Hamina"},"content":{"rendered":"\t\t<div data-elementor-type=\"wp-page\" data-elementor-id=\"4320\" class=\"elementor elementor-4320\">\n\t\t\t\t\t\t<section class=\"elementor-section elementor-top-section elementor-element elementor-element-d3b7d03 elementor-section-boxed elementor-section-height-default elementor-section-height-default\" data-id=\"d3b7d03\" data-element_type=\"section\">\n\t\t\t\t\t\t<div class=\"elementor-container elementor-column-gap-default\">\n\t\t\t\t\t<div class=\"elementor-column elementor-col-100 elementor-top-column elementor-element elementor-element-55e20c00\" data-id=\"55e20c00\" data-element_type=\"column\">\n\t\t\t<div class=\"elementor-widget-wrap elementor-element-populated\">\n\t\t\t\t\t\t<div class=\"elementor-element elementor-element-3e685f97 elementor-widget elementor-widget-text-editor\" data-id=\"3e685f97\" data-element_type=\"widget\" data-widget_type=\"text-editor.default\">\n\t\t\t\t<div class=\"elementor-widget-container\">\n\t\t\t\t\t\t\t\t\t<div id=\"pl-1252\" class=\"panel-layout\">\n<div id=\"pg-1252-0\" class=\"panel-grid panel-no-style\" data-style=\"{\">\n<div id=\"pgc-1252-0-0\" class=\"panel-grid-cell\" data-weight=\"1\">\n<div id=\"panel-1252-0-0-0\" class=\"so-panel widget widget_sow-editor panel-first-child panel-last-child\" data-index=\"0\" data-style=\"{\">\n<div class=\"panel-widget-style panel-widget-style-for-1252-0-0-0\">\n<div class=\"so-widget-sow-editor so-widget-sow-editor-base\">\n<div class=\"siteorigin-widget-tinymce textwidget\">\n<h1 style=\"text-align: left;\">Su baldais apstatyta nuoma mieste Hamina<\/h1>\n<p style=\"text-align: left;\">Ar j\u016bs persikeliate \u012f Hamina ar Haminos region\u0105 \u0161iek tiek trumpesn\u012f laik\u0105, pavyzd\u017eiui, d\u0117l darbo ar pom\u0117gi\u0173? <strong>\u012erengtas butas Hamina<\/strong> yra puikus pasirinkimas, ypa\u010d jei nenorite praleisti t\u0105 laik\u0105 ank\u0161tame ir brangiame vie\u0161bu\u010dio kambaryje, bet norite pajusti savo namus. Per mus rasite tinkamus apstatytus apartamentus tiek trumpalaikei, tiek ilgalaikei nuomai bei \u012fvairiems poreikiams.<\/p>\n<p>Palikite mums paskambinti arba <a href=\"https:\/\/www.sakarincitykodit.fi\/varaus\/\">susisiekti su mumis<\/a>ir mes jums pasakysime daugiau apie m\u016bs\u0173 nemokam\u0105 \u012frengt\u0105 nuomojam\u0105 but\u0105 Hamina!<\/p>\n<p class=\"p1\">\n<div class=\"wpcf7 no-js\" id=\"wpcf7-f5349-o1\" lang=\"lt-LT\" dir=\"ltr\" data-wpcf7-id=\"5349\">\n<div class=\"screen-reader-response\"><p role=\"status\" aria-live=\"polite\" aria-atomic=\"true\"><\/p> <ul><\/ul><\/div>\n<form action=\"\/lt\/wp-json\/wp\/v2\/pages\/4320#wpcf7-f5349-o1\" method=\"post\" class=\"wpcf7-form init\" aria-label=\"Kontakt\u0173 forma\" novalidate=\"novalidate\" data-status=\"init\">\n<div style=\"display: none;\">\n<input type=\"hidden\" name=\"_wpcf7\" value=\"5349\" \/>\n<input type=\"hidden\" name=\"_wpcf7_version\" value=\"6.0.6\" \/>\n<input type=\"hidden\" name=\"_wpcf7_locale\" value=\"lt_LT\" \/>\n<input type=\"hidden\" name=\"_wpcf7_unit_tag\" value=\"wpcf7-f5349-o1\" \/>\n<input type=\"hidden\" name=\"_wpcf7_container_post\" value=\"0\" \/>\n<input type=\"hidden\" name=\"_wpcf7_posted_data_hash\" value=\"\" \/>\n<\/div>\n<p><label>Enter your details and our business sales will contact you as soon as possible!<br \/>\n<\/label>\n<\/p>\n<div class=\"contact-us\">\n\t<div class=\"row\">\n\t\t<div class=\"col-xs-12 col-sm-6\">\n\t\t\t<p><span class=\"wpcf7-form-control-wrap\" data-name=\"your-yritys\"><input size=\"40\" maxlength=\"400\" class=\"wpcf7-form-control wpcf7-text wpcf7-validates-as-required form-control\" aria-required=\"true\" aria-invalid=\"false\" placeholder=\"The Company Name\" value=\"\" type=\"text\" name=\"your-yritys\" \/><\/span>\n\t\t\t<\/p>\n\t\t<\/div>\n\t\t<div class=\"col-xs-12 col-sm-6\">\n\t\t\t<p><span class=\"wpcf7-form-control-wrap\" data-name=\"your-tel\"><input size=\"40\" maxlength=\"400\" class=\"wpcf7-form-control wpcf7-tel wpcf7-validates-as-required wpcf7-text wpcf7-validates-as-tel form-control\" aria-required=\"true\" aria-invalid=\"false\" placeholder=\"Phone number\" value=\"\" type=\"tel\" name=\"your-tel\" \/><\/span>\n\t\t\t<\/p>\n\t\t<\/div>\n\t\t<div class=\"col-xs-12 col-sm-12\">\n\t\t\t<p><span class=\"wpcf7-form-control-wrap\" data-name=\"your-email\"><input size=\"40\" maxlength=\"400\" class=\"wpcf7-form-control wpcf7-email wpcf7-validates-as-required wpcf7-text wpcf7-validates-as-email form-control\" aria-required=\"true\" aria-invalid=\"false\" placeholder=\"Email\" value=\"\" type=\"email\" name=\"your-email\" \/><\/span>\n\t\t\t<\/p>\n\t\t<\/div>\n\t<\/div>\n\t<div class=\"clearfix\">\n\t\t<p><input class=\"wpcf7-form-control wpcf7-submit has-spinner btn pull-right btn-theme btn-inverse border-2\" type=\"submit\" value=\"Please contact me!\" \/>\n\t\t<\/p>\n\t<\/div>\n<\/div><div class=\"wpcf7-response-output\" aria-hidden=\"true\"><\/div>\n<\/form>\n<\/div>\n<\/p>\n<h2>Hamina yra Kymenlaakso perlas<\/h2>\n<p>Kaip gra\u017eus paj\u016brio miestas, Hamina tikrai bus maloni vieta verslo kelionei ar, pavyzd\u017eiui, kelionei \u012f darb\u0105. Ir daugelis kariuomen\u0117s vizitai ekscentri\u0161kas prisiminimai Hamina, jei jie buvo nukreipti <a href=\"https:\/\/fi.wikipedia.org\/wiki\/Reserviupseerikoulu\">\u012f rezervo pareig\u016bno mokykloje.<\/a> Apskritai, Hamina yra puiki vieta tiek trumpesniems, tiek ilgesniems apsilankymams, nepriklausomai nuo apsilankymo prie\u017easties.<\/p>\n<h3>Baldais nuoma butas ar vie\u0161bu\u010dio kambarys?<\/h3>\n<p>Ta\u010diau, jei atvykstate apsistoti mieste savaites ar net m\u0117nesius, tur\u0117tum\u0117te apsvarstyti galimyb\u0119 <a href=\"\/\">i\u0161sinuomoti \u012frengt\u0105 but\u0105, o ne,<\/a> pavyzd\u017eiui, vie\u0161bu\u010dio kambar\u012f. Baldais apstatytuose apartamentuose j\u016bs tiesiog namuose ir turite daug vietos bei privatum\u0105 savo \u017einioje. Daugeliui m\u016bs\u0173 klient\u0173, ypa\u010d privatumo ir savo taikos po darbo dienos yra svarbus dalykas, kuris yra realizuotas \u012frengtas nuomojamas butas kaip namuose. Ir gal\u0173 gale, nuomojamas butas yra j\u016bs\u0173 namuose j\u016bs\u0173 vie\u0161nag\u0117s metu, nesvarbu, ar tai b\u016bt\u0173 dvi savait\u0117s ar net metai.<\/p>\n<\/div>\n<\/div>\n<\/div>\n<\/div>\n<\/div>\n<\/div>\n<\/div>\n\t\t\t\t\t\t\t\t<\/div>\n\t\t\t\t<\/div>\n\t\t\t\t\t<\/div>\n\t\t<\/div>\n\t\t\t\t\t<\/div>\n\t\t<\/section>\n\t\t\t\t<\/div>\n\t\t","protected":false},"excerpt":{"rendered":"<p>Hamina vapaat asunnot Kerrostaloasunto HAMINA Poitsila | KT 3h+k 77m2 | HETI VAPAA Riekontie 10, Hamina Su baldais apstatyta nuoma mieste Hamina Ar j\u016bs persikeliate \u012f Hamina ar Haminos region\u0105 \u0161iek tiek trumpesn\u012f laik\u0105, pavyzd\u017eiui, d\u0117l darbo ar pom\u0117gi\u0173? \u012erengtas butas Hamina yra puikus pasirinkimas, ypa\u010d jei nenorite praleisti t\u0105 laik\u0105 ank\u0161tame ir brangiame vie\u0161bu\u010dio [&hellip;]<\/p>\n","protected":false},"author":3,"featured_media":0,"parent":4379,"menu_order":0,"comment_status":"closed","ping_status":"closed","template":"","meta":{"footnotes":""},"class_list":["post-4320","page","type-page","status-publish","hentry"],"yoast_head":"<!-- This site is optimized with the Yoast SEO plugin v24.9 - https:\/\/yoast.com\/wordpress\/plugins\/seo\/ -->\n<title>Su baldais apstatyta nuoma mieste Hamina - Sakarin Citykodit<\/title>\n<meta name=\"robots\" content=\"index, follow, max-snippet:-1, max-image-preview:large, max-video-preview:-1\" \/>\n<link rel=\"canonical\" href=\"https:\/\/www.sakarincitykodit.fi\/lt\/musu-vieta\/su-baldais-apstatyta-nuoma-mieste-hamina\/\" \/>\n<meta property=\"og:locale\" content=\"lt_LT\" \/>\n<meta property=\"og:type\" content=\"article\" \/>\n<meta property=\"og:title\" content=\"Su baldais apstatyta nuoma mieste Hamina - Sakarin Citykodit\" \/>\n<meta property=\"og:description\" content=\"Hamina vapaat asunnot Kerrostaloasunto HAMINA Poitsila | KT 3h+k 77m2 | HETI VAPAA Riekontie 10, Hamina Su baldais apstatyta nuoma mieste Hamina Ar j\u016bs persikeliate \u012f Hamina ar Haminos region\u0105 \u0161iek tiek trumpesn\u012f laik\u0105, pavyzd\u017eiui, d\u0117l darbo ar pom\u0117gi\u0173? \u012erengtas butas Hamina yra puikus pasirinkimas, ypa\u010d jei nenorite praleisti t\u0105 laik\u0105 ank\u0161tame ir brangiame vie\u0161bu\u010dio [&hellip;]\" \/>\n<meta property=\"og:url\" content=\"https:\/\/www.sakarincitykodit.fi\/lt\/musu-vieta\/su-baldais-apstatyta-nuoma-mieste-hamina\/\" \/>\n<meta property=\"og:site_name\" content=\"Sakarin Citykodit\" \/>\n<meta property=\"article:modified_time\" content=\"2020-10-08T12:02:32+00:00\" \/>\n<meta name=\"twitter:card\" content=\"summary_large_image\" \/>\n<meta name=\"twitter:label1\" content=\"Est. reading time\" \/>\n\t<meta name=\"twitter:data1\" content=\"1 minut\u0117\" \/>\n<script type=\"application\/ld+json\" class=\"yoast-schema-graph\">{\"@context\":\"https:\/\/schema.org\",\"@graph\":[{\"@type\":\"WebPage\",\"@id\":\"https:\/\/www.sakarincitykodit.fi\/lt\/musu-vieta\/su-baldais-apstatyta-nuoma-mieste-hamina\/\",\"url\":\"https:\/\/www.sakarincitykodit.fi\/lt\/musu-vieta\/su-baldais-apstatyta-nuoma-mieste-hamina\/\",\"name\":\"Su baldais apstatyta nuoma mieste Hamina - Sakarin Citykodit\",\"isPartOf\":{\"@id\":\"https:\/\/www.sakarincitykodit.fi\/lt\/#website\"},\"datePublished\":\"2018-11-05T08:01:30+00:00\",\"dateModified\":\"2020-10-08T12:02:32+00:00\",\"breadcrumb\":{\"@id\":\"https:\/\/www.sakarincitykodit.fi\/lt\/musu-vieta\/su-baldais-apstatyta-nuoma-mieste-hamina\/#breadcrumb\"},\"inLanguage\":\"lt-LT\",\"potentialAction\":[{\"@type\":\"ReadAction\",\"target\":[\"https:\/\/www.sakarincitykodit.fi\/lt\/musu-vieta\/su-baldais-apstatyta-nuoma-mieste-hamina\/\"]}]},{\"@type\":\"BreadcrumbList\",\"@id\":\"https:\/\/www.sakarincitykodit.fi\/lt\/musu-vieta\/su-baldais-apstatyta-nuoma-mieste-hamina\/#breadcrumb\",\"itemListElement\":[{\"@type\":\"ListItem\",\"position\":1,\"name\":\"Nam\u0173\",\"item\":\"https:\/\/www.sakarincitykodit.fi\/lt\/\"},{\"@type\":\"ListItem\",\"position\":2,\"name\":\"M\u016bs\u0173 vieta\",\"item\":\"https:\/\/www.sakarincitykodit.fi\/lt\/musu-vieta\/\"},{\"@type\":\"ListItem\",\"position\":3,\"name\":\"Su baldais apstatyta nuoma mieste Hamina\"}]},{\"@type\":\"WebSite\",\"@id\":\"https:\/\/www.sakarincitykodit.fi\/lt\/#website\",\"url\":\"https:\/\/www.sakarincitykodit.fi\/lt\/\",\"name\":\"Sakarin Citykodit\",\"description\":\"Vuokraamme vapaat kalustetut vuokra-asunnot ymp&auml;ri Suomen!\",\"publisher\":{\"@id\":\"https:\/\/www.sakarincitykodit.fi\/lt\/#organization\"},\"potentialAction\":[{\"@type\":\"SearchAction\",\"target\":{\"@type\":\"EntryPoint\",\"urlTemplate\":\"https:\/\/www.sakarincitykodit.fi\/lt\/?s={search_term_string}\"},\"query-input\":{\"@type\":\"PropertyValueSpecification\",\"valueRequired\":true,\"valueName\":\"search_term_string\"}}],\"inLanguage\":\"lt-LT\"},{\"@type\":\"Organization\",\"@id\":\"https:\/\/www.sakarincitykodit.fi\/lt\/#organization\",\"name\":\"Sakarin Citykodit\",\"url\":\"https:\/\/www.sakarincitykodit.fi\/lt\/\",\"logo\":{\"@type\":\"ImageObject\",\"inLanguage\":\"lt-LT\",\"@id\":\"https:\/\/www.sakarincitykodit.fi\/lt\/#\/schema\/logo\/image\/\",\"url\":\"https:\/\/www.sakarincitykodit.fi\/wp-content\/uploads\/sakarin-citykodit-logo-245.png\",\"contentUrl\":\"https:\/\/www.sakarincitykodit.fi\/wp-content\/uploads\/sakarin-citykodit-logo-245.png\",\"width\":245,\"height\":39,\"caption\":\"Sakarin Citykodit\"},\"image\":{\"@id\":\"https:\/\/www.sakarincitykodit.fi\/lt\/#\/schema\/logo\/image\/\"}}]}<\/script>\n<!-- \/ Yoast SEO plugin. -->","yoast_head_json":{"title":"Su baldais apstatyta nuoma mieste Hamina - Sakarin Citykodit","robots":{"index":"index","follow":"follow","max-snippet":"max-snippet:-1","max-image-preview":"max-image-preview:large","max-video-preview":"max-video-preview:-1"},"canonical":"https:\/\/www.sakarincitykodit.fi\/lt\/musu-vieta\/su-baldais-apstatyta-nuoma-mieste-hamina\/","og_locale":"lt_LT","og_type":"article","og_title":"Su baldais apstatyta nuoma mieste Hamina - Sakarin Citykodit","og_description":"Hamina vapaat asunnot Kerrostaloasunto HAMINA Poitsila | KT 3h+k 77m2 | HETI VAPAA Riekontie 10, Hamina Su baldais apstatyta nuoma mieste Hamina Ar j\u016bs persikeliate \u012f Hamina ar Haminos region\u0105 \u0161iek tiek trumpesn\u012f laik\u0105, pavyzd\u017eiui, d\u0117l darbo ar pom\u0117gi\u0173? \u012erengtas butas Hamina yra puikus pasirinkimas, ypa\u010d jei nenorite praleisti t\u0105 laik\u0105 ank\u0161tame ir brangiame vie\u0161bu\u010dio [&hellip;]","og_url":"https:\/\/www.sakarincitykodit.fi\/lt\/musu-vieta\/su-baldais-apstatyta-nuoma-mieste-hamina\/","og_site_name":"Sakarin Citykodit","article_modified_time":"2020-10-08T12:02:32+00:00","twitter_card":"summary_large_image","twitter_misc":{"Est. reading time":"1 minut\u0117"},"schema":{"@context":"https:\/\/schema.org","@graph":[{"@type":"WebPage","@id":"https:\/\/www.sakarincitykodit.fi\/lt\/musu-vieta\/su-baldais-apstatyta-nuoma-mieste-hamina\/","url":"https:\/\/www.sakarincitykodit.fi\/lt\/musu-vieta\/su-baldais-apstatyta-nuoma-mieste-hamina\/","name":"Su baldais apstatyta nuoma mieste Hamina - Sakarin Citykodit","isPartOf":{"@id":"https:\/\/www.sakarincitykodit.fi\/lt\/#website"},"datePublished":"2018-11-05T08:01:30+00:00","dateModified":"2020-10-08T12:02:32+00:00","breadcrumb":{"@id":"https:\/\/www.sakarincitykodit.fi\/lt\/musu-vieta\/su-baldais-apstatyta-nuoma-mieste-hamina\/#breadcrumb"},"inLanguage":"lt-LT","potentialAction":[{"@type":"ReadAction","target":["https:\/\/www.sakarincitykodit.fi\/lt\/musu-vieta\/su-baldais-apstatyta-nuoma-mieste-hamina\/"]}]},{"@type":"BreadcrumbList","@id":"https:\/\/www.sakarincitykodit.fi\/lt\/musu-vieta\/su-baldais-apstatyta-nuoma-mieste-hamina\/#breadcrumb","itemListElement":[{"@type":"ListItem","position":1,"name":"Nam\u0173","item":"https:\/\/www.sakarincitykodit.fi\/lt\/"},{"@type":"ListItem","position":2,"name":"M\u016bs\u0173 vieta","item":"https:\/\/www.sakarincitykodit.fi\/lt\/musu-vieta\/"},{"@type":"ListItem","position":3,"name":"Su baldais apstatyta nuoma mieste Hamina"}]},{"@type":"WebSite","@id":"https:\/\/www.sakarincitykodit.fi\/lt\/#website","url":"https:\/\/www.sakarincitykodit.fi\/lt\/","name":"Sakarin Citykodit","description":"Vuokraamme vapaat kalustetut vuokra-asunnot ymp&auml;ri Suomen!","publisher":{"@id":"https:\/\/www.sakarincitykodit.fi\/lt\/#organization"},"potentialAction":[{"@type":"SearchAction","target":{"@type":"EntryPoint","urlTemplate":"https:\/\/www.sakarincitykodit.fi\/lt\/?s={search_term_string}"},"query-input":{"@type":"PropertyValueSpecification","valueRequired":true,"valueName":"search_term_string"}}],"inLanguage":"lt-LT"},{"@type":"Organization","@id":"https:\/\/www.sakarincitykodit.fi\/lt\/#organization","name":"Sakarin Citykodit","url":"https:\/\/www.sakarincitykodit.fi\/lt\/","logo":{"@type":"ImageObject","inLanguage":"lt-LT","@id":"https:\/\/www.sakarincitykodit.fi\/lt\/#\/schema\/logo\/image\/","url":"https:\/\/www.sakarincitykodit.fi\/wp-content\/uploads\/sakarin-citykodit-logo-245.png","contentUrl":"https:\/\/www.sakarincitykodit.fi\/wp-content\/uploads\/sakarin-citykodit-logo-245.png","width":245,"height":39,"caption":"Sakarin Citykodit"},"image":{"@id":"https:\/\/www.sakarincitykodit.fi\/lt\/#\/schema\/logo\/image\/"}}]}},"_links":{"self":[{"href":"https:\/\/www.sakarincitykodit.fi\/lt\/wp-json\/wp\/v2\/pages\/4320","targetHints":{"allow":["GET"]}}],"collection":[{"href":"https:\/\/www.sakarincitykodit.fi\/lt\/wp-json\/wp\/v2\/pages"}],"about":[{"href":"https:\/\/www.sakarincitykodit.fi\/lt\/wp-json\/wp\/v2\/types\/page"}],"author":[{"embeddable":true,"href":"https:\/\/www.sakarincitykodit.fi\/lt\/wp-json\/wp\/v2\/users\/3"}],"replies":[{"embeddable":true,"href":"https:\/\/www.sakarincitykodit.fi\/lt\/wp-json\/wp\/v2\/comments?post=4320"}],"version-history":[{"count":0,"href":"https:\/\/www.sakarincitykodit.fi\/lt\/wp-json\/wp\/v2\/pages\/4320\/revisions"}],"up":[{"embeddable":true,"href":"https:\/\/www.sakarincitykodit.fi\/lt\/wp-json\/wp\/v2\/pages\/4379"}],"wp:attachment":[{"href":"https:\/\/www.sakarincitykodit.fi\/lt\/wp-json\/wp\/v2\/media?parent=4320"}],"curies":[{"name":"wp","href":"https:\/\/api.w.org\/{rel}","templated":true}]}}