{"id":4306,"date":"2018-11-05T09:59:37","date_gmt":"2018-11-05T07:59:37","guid":{"rendered":"https:\/\/www.sakarincitykodit.fi\/pateikiami-bustai-vasoje\/"},"modified":"2021-09-01T14:39:36","modified_gmt":"2021-09-01T12:39:36","slug":"pateikiami-bustai-vasoje","status":"publish","type":"page","link":"https:\/\/www.sakarincitykodit.fi\/lt\/musu-vieta\/pateikiami-bustai-vasoje\/","title":{"rendered":"Pateikiami b\u016bstai Vaasa"},"content":{"rendered":"\t\t<div data-elementor-type=\"wp-page\" data-elementor-id=\"4306\" class=\"elementor elementor-4306 elementor-1248\">\n\t\t\t\t\t\t<section class=\"elementor-section elementor-top-section elementor-element elementor-element-4636e2f2 elementor-section-boxed elementor-section-height-default elementor-section-height-default\" data-id=\"4636e2f2\" data-element_type=\"section\">\n\t\t\t\t\t\t<div class=\"elementor-container elementor-column-gap-default\">\n\t\t\t\t\t<div class=\"elementor-column elementor-col-100 elementor-top-column elementor-element elementor-element-3837a221\" data-id=\"3837a221\" data-element_type=\"column\">\n\t\t\t<div class=\"elementor-widget-wrap elementor-element-populated\">\n\t\t\t\t\t\t<div class=\"elementor-element elementor-element-4608fd7d elementor-widget elementor-widget-text-editor\" data-id=\"4608fd7d\" data-element_type=\"widget\" data-widget_type=\"text-editor.default\">\n\t\t\t\t<div class=\"elementor-widget-container\">\n\t\t\t\t\t\t\t\t\t<div id=\"pl-1248\" class=\"panel-layout\">\n<div id=\"pg-1248-0\" class=\"panel-grid panel-no-style\" data-style=\"{\">\n<div id=\"pgc-1248-0-0\" class=\"panel-grid-cell\" data-weight=\"1\">\n<div id=\"panel-1248-0-0-1\" class=\"so-panel widget widget_sow-editor panel-last-child\" data-index=\"1\" data-style=\"{\">\n<div class=\"panel-widget-style panel-widget-style-for-1248-0-0-1\">\n<div class=\"so-widget-sow-editor so-widget-sow-editor-base\">\n<div class=\"siteorigin-widget-tinymce textwidget\">\n<h2><b>Bald\u0173 nuoma Vaasa<\/b><b><\/b><\/h2>\n<p><span style=\"font-weight: 400;\">Kai j\u016bs ie\u0161kote i\u0161 anksto \u012frengti nuoma butas Vaasa, j\u016bs rasite gerai \u012frengt\u0173 nuomos apartamentai m\u016bs\u0173 plat\u0173 nuomos apartamentai, kurie yra centrin\u0117je vietoje. M\u016bs\u0173 auk\u0161tos kokyb\u0117s apartamentai tinka gig darbuotojams arba \u0161eimoms, kurios pab\u0117go i\u0161 renovacijos ar vandens \u017ealos, pavyzd\u017eiui. Tarp i\u0161 anksto \u012frengt\u0173 numeri\u0173 ir didesni\u0173 apartament\u0173 rasite laikinus namus, atitinkan\u010dius j\u016bs\u0173 poreikius. Verslo apgyvendinimo i\u0161\u0161\u016bkiai taip pat sprend\u017eiami susisiekus su mumis. Baldais apstatyti nuomojami apartamentai turi daug privalum\u0173. Kai visi prietaisai ir baldai jau yra bute, darbas, studijavimas ir kitas kasdienis gyvenimas i\u0161 karto vyksta, o patogioje aplinkoje lengva atsipalaiduoti laisvalaikiu.<\/span><\/p>\n<h2><b>Mes aptarnaujame trumpalaikio buto Valos nuominink\u0105<\/b><\/h2>\n<p><span style=\"font-weight: 400;\">Trumpalaikiai apartamentai Vaasa gali b\u016bti reikalingi, pavyzd\u017eiui, savait\u0117s trukm\u0117s darbui ar por\u0105 m\u0117nesi\u0173 renovacijai. Registravimas gali atne\u0161ti jus \u012f Vas\u0105 u\u017e visus metus arba ilgesn\u012f laik\u0105. Lengviausias b\u016bdas pereiti \u012f nauj\u0105 but\u0105 yra tada, kai jums nereikia pakuoti ir ne\u0161iotis judan\u010dius langelius. Mes si\u016blome i\u0161 anksto \u012frengt\u0105 but\u0105, \u012f kur\u012f persikeliate be stresini\u0173 susitarim\u0173, kurie paprastai apima gyvenam\u0173j\u0173 patalp\u0173 mainus. Kai at\u0117jo laikas gr\u012f\u017eti \u012f nuolatin\u0119 gyvenam\u0105j\u0105 viet\u0105, jums nereikia nerimauti, kiek m\u0117nesi\u0173 tur\u0117jote \u012fsp\u0117jimo laikotarp\u012f arba kaip atlikti skalbimo ma\u0161in\u0105 ir drabu\u017ei\u0173 spinta \u012f savo judant\u012f sunkve\u017eim\u012f. <\/span><\/p>\n<h2><b>M\u016bs\u0173 nemokami nuomojami apartamentai yra lengvai prieinami <\/b><\/h2>\n<p><span style=\"font-weight: 400;\">J\u016bs galite palyginti visus m\u016bs\u0173 turimus apartamentus Vaasa m\u016bs\u0173 svetain\u0117je. Tai lengva, kai jums nereikia \u0161okin\u0117ti \u012f kit\u0105 svetain\u0119, ta\u010diau visi apartamentai pateikiami toje pa\u010dioje patikimoje teik\u0117jo svetain\u0117je. J\u016bs galite pamatyti be sunkum\u0173 nuomos but\u0173 dyd\u012f Vaasa tuo metu. Rad\u0119 but\u0105 netoli naujos darbo vietos arba but\u0105, kuris geriausiai atitinka j\u016bs\u0173 \u0161eimos poreikius, susisiekite su mumis. Mes padar\u0117me trumpalaik\u0119 nuom\u0105 lengva ir sklandi!<\/span><\/p>\n<h2><b>M\u016bs\u0173 baldais apstatyti apartamentai Vaasa yra puik\u016bs transporto ry\u0161iais<\/b><\/h2>\n<p><span style=\"font-weight: 400;\">M\u016bs\u0173 nuomojami apartamentai Vaasa buvo pasirinkti taip, kad jie b\u016bt\u0173 ne tik labai funkcional\u016bs ir patog\u016bs, bet ir turi puiki\u0105 viet\u0105. Tai, kaip mes tarnauti kuo platesn\u0119 klient\u0173 baz\u0119, d\u0117l kuri\u0173 mes leid\u017eiame nam\u0173 nustatymas vis\u0173 trumpalaiki\u0173 gyvenimo r\u016b\u0161i\u0173! Kaip ir vie\u0161butyje, j\u016bs mokate tik u\u017e bute praleist\u0105 laik\u0105, ta\u010diau apstatyto nuomojamo buto nuoma skiriasi nuo buvimo daugeliu at\u017evilgi\u0173.<\/span><\/p>\n<h2><b>Su\u017einokite daugiau telefone arba el. lai\u0161ke<\/b><\/h2>\n<p><span style=\"font-weight: 400;\"><br><\/span><span style=\"font-weight: 400;\">Ar turite klausim\u0173? Pra\u0161ome susisiekti su mumis elektroniniu pa\u0161tu varaus@sakarincitykodit.fi arba telefonu +358 44 0880567 ir mes jums pasakysime daugiau apie nuomos apstatyt\u0173 nuomojam\u0173 but\u0173 pelningum\u0105 ir nuomos lankstum\u0105.<\/span><\/p>\n<\/div>\n<\/div>\n<\/div>\n<\/div>\n<\/div>\n<\/div>\n<\/div>\t\t\t\t\t\t\t\t<\/div>\n\t\t\t\t<\/div>\n\t\t\t\t\t<\/div>\n\t\t<\/div>\n\t\t\t\t\t<\/div>\n\t\t<\/section>\n\t\t\t\t<\/div>\n\t\t","protected":false},"excerpt":{"rendered":"<p>Bald\u0173 nuoma Vaasa Kai j\u016bs ie\u0161kote i\u0161 anksto \u012frengti nuoma butas Vaasa, j\u016bs rasite gerai \u012frengt\u0173 nuomos apartamentai m\u016bs\u0173 plat\u0173 nuomos apartamentai, kurie yra centrin\u0117je vietoje. M\u016bs\u0173 auk\u0161tos kokyb\u0117s apartamentai tinka gig darbuotojams arba \u0161eimoms, kurios pab\u0117go i\u0161 renovacijos ar vandens \u017ealos, pavyzd\u017eiui. Tarp i\u0161 anksto \u012frengt\u0173 numeri\u0173 ir didesni\u0173 apartament\u0173 rasite laikinus namus, atitinkan\u010dius [&hellip;]<\/p>\n","protected":false},"author":3,"featured_media":0,"parent":4379,"menu_order":0,"comment_status":"closed","ping_status":"closed","template":"","meta":{"footnotes":""},"class_list":["post-4306","page","type-page","status-publish","hentry"],"yoast_head":"<!-- This site is optimized with the Yoast SEO plugin v24.9 - https:\/\/yoast.com\/wordpress\/plugins\/seo\/ -->\n<title>Pateikiami b\u016bstai Vaasa - Sakarin Citykodit<\/title>\n<meta name=\"robots\" content=\"index, follow, max-snippet:-1, max-image-preview:large, max-video-preview:-1\" \/>\n<link rel=\"canonical\" href=\"https:\/\/www.sakarincitykodit.fi\/lt\/musu-vieta\/pateikiami-bustai-vasoje\/\" \/>\n<meta property=\"og:locale\" content=\"lt_LT\" \/>\n<meta property=\"og:type\" content=\"article\" \/>\n<meta property=\"og:title\" content=\"Pateikiami b\u016bstai Vaasa - Sakarin Citykodit\" \/>\n<meta property=\"og:description\" content=\"Bald\u0173 nuoma Vaasa Kai j\u016bs ie\u0161kote i\u0161 anksto \u012frengti nuoma butas Vaasa, j\u016bs rasite gerai \u012frengt\u0173 nuomos apartamentai m\u016bs\u0173 plat\u0173 nuomos apartamentai, kurie yra centrin\u0117je vietoje. M\u016bs\u0173 auk\u0161tos kokyb\u0117s apartamentai tinka gig darbuotojams arba \u0161eimoms, kurios pab\u0117go i\u0161 renovacijos ar vandens \u017ealos, pavyzd\u017eiui. Tarp i\u0161 anksto \u012frengt\u0173 numeri\u0173 ir didesni\u0173 apartament\u0173 rasite laikinus namus, atitinkan\u010dius [&hellip;]\" \/>\n<meta property=\"og:url\" content=\"https:\/\/www.sakarincitykodit.fi\/lt\/musu-vieta\/pateikiami-bustai-vasoje\/\" \/>\n<meta property=\"og:site_name\" content=\"Sakarin Citykodit\" \/>\n<meta property=\"article:modified_time\" content=\"2021-09-01T12:39:36+00:00\" \/>\n<meta name=\"twitter:card\" content=\"summary_large_image\" \/>\n<meta name=\"twitter:label1\" content=\"Est. reading time\" \/>\n\t<meta name=\"twitter:data1\" content=\"2 minut\u0117s\" \/>\n<script type=\"application\/ld+json\" class=\"yoast-schema-graph\">{\"@context\":\"https:\/\/schema.org\",\"@graph\":[{\"@type\":\"WebPage\",\"@id\":\"https:\/\/www.sakarincitykodit.fi\/lt\/musu-vieta\/pateikiami-bustai-vasoje\/\",\"url\":\"https:\/\/www.sakarincitykodit.fi\/lt\/musu-vieta\/pateikiami-bustai-vasoje\/\",\"name\":\"Pateikiami b\u016bstai Vaasa - Sakarin Citykodit\",\"isPartOf\":{\"@id\":\"https:\/\/www.sakarincitykodit.fi\/lt\/#website\"},\"datePublished\":\"2018-11-05T07:59:37+00:00\",\"dateModified\":\"2021-09-01T12:39:36+00:00\",\"breadcrumb\":{\"@id\":\"https:\/\/www.sakarincitykodit.fi\/lt\/musu-vieta\/pateikiami-bustai-vasoje\/#breadcrumb\"},\"inLanguage\":\"lt-LT\",\"potentialAction\":[{\"@type\":\"ReadAction\",\"target\":[\"https:\/\/www.sakarincitykodit.fi\/lt\/musu-vieta\/pateikiami-bustai-vasoje\/\"]}]},{\"@type\":\"BreadcrumbList\",\"@id\":\"https:\/\/www.sakarincitykodit.fi\/lt\/musu-vieta\/pateikiami-bustai-vasoje\/#breadcrumb\",\"itemListElement\":[{\"@type\":\"ListItem\",\"position\":1,\"name\":\"Nam\u0173\",\"item\":\"https:\/\/www.sakarincitykodit.fi\/lt\/\"},{\"@type\":\"ListItem\",\"position\":2,\"name\":\"M\u016bs\u0173 vieta\",\"item\":\"https:\/\/www.sakarincitykodit.fi\/lt\/musu-vieta\/\"},{\"@type\":\"ListItem\",\"position\":3,\"name\":\"Pateikiami b\u016bstai Vaasa\"}]},{\"@type\":\"WebSite\",\"@id\":\"https:\/\/www.sakarincitykodit.fi\/lt\/#website\",\"url\":\"https:\/\/www.sakarincitykodit.fi\/lt\/\",\"name\":\"Sakarin Citykodit\",\"description\":\"Vuokraamme vapaat kalustetut vuokra-asunnot ymp&auml;ri Suomen!\",\"publisher\":{\"@id\":\"https:\/\/www.sakarincitykodit.fi\/lt\/#organization\"},\"potentialAction\":[{\"@type\":\"SearchAction\",\"target\":{\"@type\":\"EntryPoint\",\"urlTemplate\":\"https:\/\/www.sakarincitykodit.fi\/lt\/?s={search_term_string}\"},\"query-input\":{\"@type\":\"PropertyValueSpecification\",\"valueRequired\":true,\"valueName\":\"search_term_string\"}}],\"inLanguage\":\"lt-LT\"},{\"@type\":\"Organization\",\"@id\":\"https:\/\/www.sakarincitykodit.fi\/lt\/#organization\",\"name\":\"Sakarin Citykodit\",\"url\":\"https:\/\/www.sakarincitykodit.fi\/lt\/\",\"logo\":{\"@type\":\"ImageObject\",\"inLanguage\":\"lt-LT\",\"@id\":\"https:\/\/www.sakarincitykodit.fi\/lt\/#\/schema\/logo\/image\/\",\"url\":\"https:\/\/www.sakarincitykodit.fi\/wp-content\/uploads\/sakarin-citykodit-logo-245.png\",\"contentUrl\":\"https:\/\/www.sakarincitykodit.fi\/wp-content\/uploads\/sakarin-citykodit-logo-245.png\",\"width\":245,\"height\":39,\"caption\":\"Sakarin Citykodit\"},\"image\":{\"@id\":\"https:\/\/www.sakarincitykodit.fi\/lt\/#\/schema\/logo\/image\/\"}}]}<\/script>\n<!-- \/ Yoast SEO plugin. -->","yoast_head_json":{"title":"Pateikiami b\u016bstai Vaasa - Sakarin Citykodit","robots":{"index":"index","follow":"follow","max-snippet":"max-snippet:-1","max-image-preview":"max-image-preview:large","max-video-preview":"max-video-preview:-1"},"canonical":"https:\/\/www.sakarincitykodit.fi\/lt\/musu-vieta\/pateikiami-bustai-vasoje\/","og_locale":"lt_LT","og_type":"article","og_title":"Pateikiami b\u016bstai Vaasa - Sakarin Citykodit","og_description":"Bald\u0173 nuoma Vaasa Kai j\u016bs ie\u0161kote i\u0161 anksto \u012frengti nuoma butas Vaasa, j\u016bs rasite gerai \u012frengt\u0173 nuomos apartamentai m\u016bs\u0173 plat\u0173 nuomos apartamentai, kurie yra centrin\u0117je vietoje. M\u016bs\u0173 auk\u0161tos kokyb\u0117s apartamentai tinka gig darbuotojams arba \u0161eimoms, kurios pab\u0117go i\u0161 renovacijos ar vandens \u017ealos, pavyzd\u017eiui. Tarp i\u0161 anksto \u012frengt\u0173 numeri\u0173 ir didesni\u0173 apartament\u0173 rasite laikinus namus, atitinkan\u010dius [&hellip;]","og_url":"https:\/\/www.sakarincitykodit.fi\/lt\/musu-vieta\/pateikiami-bustai-vasoje\/","og_site_name":"Sakarin Citykodit","article_modified_time":"2021-09-01T12:39:36+00:00","twitter_card":"summary_large_image","twitter_misc":{"Est. reading time":"2 minut\u0117s"},"schema":{"@context":"https:\/\/schema.org","@graph":[{"@type":"WebPage","@id":"https:\/\/www.sakarincitykodit.fi\/lt\/musu-vieta\/pateikiami-bustai-vasoje\/","url":"https:\/\/www.sakarincitykodit.fi\/lt\/musu-vieta\/pateikiami-bustai-vasoje\/","name":"Pateikiami b\u016bstai Vaasa - Sakarin Citykodit","isPartOf":{"@id":"https:\/\/www.sakarincitykodit.fi\/lt\/#website"},"datePublished":"2018-11-05T07:59:37+00:00","dateModified":"2021-09-01T12:39:36+00:00","breadcrumb":{"@id":"https:\/\/www.sakarincitykodit.fi\/lt\/musu-vieta\/pateikiami-bustai-vasoje\/#breadcrumb"},"inLanguage":"lt-LT","potentialAction":[{"@type":"ReadAction","target":["https:\/\/www.sakarincitykodit.fi\/lt\/musu-vieta\/pateikiami-bustai-vasoje\/"]}]},{"@type":"BreadcrumbList","@id":"https:\/\/www.sakarincitykodit.fi\/lt\/musu-vieta\/pateikiami-bustai-vasoje\/#breadcrumb","itemListElement":[{"@type":"ListItem","position":1,"name":"Nam\u0173","item":"https:\/\/www.sakarincitykodit.fi\/lt\/"},{"@type":"ListItem","position":2,"name":"M\u016bs\u0173 vieta","item":"https:\/\/www.sakarincitykodit.fi\/lt\/musu-vieta\/"},{"@type":"ListItem","position":3,"name":"Pateikiami b\u016bstai Vaasa"}]},{"@type":"WebSite","@id":"https:\/\/www.sakarincitykodit.fi\/lt\/#website","url":"https:\/\/www.sakarincitykodit.fi\/lt\/","name":"Sakarin Citykodit","description":"Vuokraamme vapaat kalustetut vuokra-asunnot ymp&auml;ri Suomen!","publisher":{"@id":"https:\/\/www.sakarincitykodit.fi\/lt\/#organization"},"potentialAction":[{"@type":"SearchAction","target":{"@type":"EntryPoint","urlTemplate":"https:\/\/www.sakarincitykodit.fi\/lt\/?s={search_term_string}"},"query-input":{"@type":"PropertyValueSpecification","valueRequired":true,"valueName":"search_term_string"}}],"inLanguage":"lt-LT"},{"@type":"Organization","@id":"https:\/\/www.sakarincitykodit.fi\/lt\/#organization","name":"Sakarin Citykodit","url":"https:\/\/www.sakarincitykodit.fi\/lt\/","logo":{"@type":"ImageObject","inLanguage":"lt-LT","@id":"https:\/\/www.sakarincitykodit.fi\/lt\/#\/schema\/logo\/image\/","url":"https:\/\/www.sakarincitykodit.fi\/wp-content\/uploads\/sakarin-citykodit-logo-245.png","contentUrl":"https:\/\/www.sakarincitykodit.fi\/wp-content\/uploads\/sakarin-citykodit-logo-245.png","width":245,"height":39,"caption":"Sakarin Citykodit"},"image":{"@id":"https:\/\/www.sakarincitykodit.fi\/lt\/#\/schema\/logo\/image\/"}}]}},"_links":{"self":[{"href":"https:\/\/www.sakarincitykodit.fi\/lt\/wp-json\/wp\/v2\/pages\/4306","targetHints":{"allow":["GET"]}}],"collection":[{"href":"https:\/\/www.sakarincitykodit.fi\/lt\/wp-json\/wp\/v2\/pages"}],"about":[{"href":"https:\/\/www.sakarincitykodit.fi\/lt\/wp-json\/wp\/v2\/types\/page"}],"author":[{"embeddable":true,"href":"https:\/\/www.sakarincitykodit.fi\/lt\/wp-json\/wp\/v2\/users\/3"}],"replies":[{"embeddable":true,"href":"https:\/\/www.sakarincitykodit.fi\/lt\/wp-json\/wp\/v2\/comments?post=4306"}],"version-history":[{"count":0,"href":"https:\/\/www.sakarincitykodit.fi\/lt\/wp-json\/wp\/v2\/pages\/4306\/revisions"}],"up":[{"embeddable":true,"href":"https:\/\/www.sakarincitykodit.fi\/lt\/wp-json\/wp\/v2\/pages\/4379"}],"wp:attachment":[{"href":"https:\/\/www.sakarincitykodit.fi\/lt\/wp-json\/wp\/v2\/media?parent=4306"}],"curies":[{"name":"wp","href":"https:\/\/api.w.org\/{rel}","templated":true}]}}