{"id":4293,"date":"2018-11-05T09:57:46","date_gmt":"2018-11-05T07:57:46","guid":{"rendered":"https:\/\/www.sakarincitykodit.fi\/su-baldais-apstatyta-nuoma-mieste-oulu\/"},"modified":"2020-10-08T13:29:13","modified_gmt":"2020-10-08T11:29:13","slug":"su-baldais-apstatyta-nuoma-mieste-oulu","status":"publish","type":"page","link":"https:\/\/www.sakarincitykodit.fi\/lt\/musu-vieta\/su-baldais-apstatyta-nuoma-mieste-oulu\/","title":{"rendered":"Su baldais apstatyta nuoma mieste Oulu"},"content":{"rendered":"\t\t<div data-elementor-type=\"wp-page\" data-elementor-id=\"4293\" class=\"elementor elementor-4293 elementor-1244\">\n\t\t\t\t\t\t<section class=\"elementor-section elementor-top-section elementor-element elementor-element-14a7a205 elementor-section-boxed elementor-section-height-default elementor-section-height-default\" data-id=\"14a7a205\" data-element_type=\"section\">\n\t\t\t\t\t\t<div class=\"elementor-container elementor-column-gap-default\">\n\t\t\t\t\t<div class=\"elementor-column elementor-col-100 elementor-top-column elementor-element elementor-element-4bd3fc6e\" data-id=\"4bd3fc6e\" data-element_type=\"column\">\n\t\t\t<div class=\"elementor-widget-wrap elementor-element-populated\">\n\t\t\t\t\t\t<div class=\"elementor-element elementor-element-1d6be843 elementor-widget elementor-widget-text-editor\" data-id=\"1d6be843\" data-element_type=\"widget\" data-widget_type=\"text-editor.default\">\n\t\t\t\t<div class=\"elementor-widget-container\">\n\t\t\t\t\t\t\t\t\t<div id=\"pl-1244\" class=\"panel-layout\">\n<div id=\"pg-1244-0\" class=\"panel-grid panel-no-style\" data-style=\"{\"background_display\":\"tile\",\"cell_alignment\":\"flex-start\"}\">\n<div id=\"pgc-1244-0-0\" class=\"panel-grid-cell\" data-weight=\"1\">\n<div id=\"panel-1244-0-0-0\" class=\"so-panel widget widget_sow-editor panel-first-child panel-last-child\" data-index=\"0\" data-style=\"{\"padding\":\"0px 0px 0px 60px\",\"background_image_attachment\":false,\"background_display\":\"tile\"}\">\n<div class=\"panel-widget-style panel-widget-style-for-1244-0-0-0\">\n<div class=\"so-widget-sow-editor so-widget-sow-editor-base\">\n<div class=\"siteorigin-widget-tinymce textwidget\">\n<h2><b>I\u0161sinuomokite baldais apstatyt\u0105 nuomojam\u0105 but\u0105 Oulu<\/b><b><\/b><\/h2>\n<p><span style=\"font-weight: 400;\">Geras i\u0161 anksto \u012frengtas nuoma butas yra vienas, kad yra gerai \u012fsik\u016br\u0119s yra patogus ir kuris buvo atkreiptas d\u0117mesys \u012f. Tokie gerai \u012frengti ir funkcional\u016bs nuomojami apartamentai Oulu randami mums! Mes si\u016blome efektyvius sprendimus laikiniems vis\u0173 \u012fmoni\u0173 ir priva\u010di\u0173 klient\u0173 apgyvendinimo poreikiams, ta\u010diau m\u016bs\u0173 apartamentai yra tokie patog\u016bs, kad jie truks ilgiau. Tai lengva pakeisti i\u0161 anksto \u012frengtus nuomojamus apartamentus ir lengvai pasiekiami i\u0161 \u012fprasto kasdienio gyvenimo. Jei norite, skalbimo paslaugos ir valymas gali b\u016bti perduotas m\u016bs\u0173 partneri\u0173 tinklui, kur taip pat galite rasti pagalbos i\u0161sinuomoti automobil\u012f. <\/span><\/p>\n<h2><b>M\u016bs\u0173 nuomojami apartamentai mieste Oulu jau \u012frengti<\/b><\/h2>\n<p><span style=\"font-weight: 400;\">Poreikis i\u0161sinuomoti trumpalaik\u012f but\u0105 gali b\u016bti viena savait\u0117, ta\u010diau tai taip pat gali u\u017etrukti pusantr\u0173 met\u0173. Tuo tarpu j\u016bs gausite i\u0161 m\u016bs\u0173 funkcionali\u0105, patogi\u0105 ir prieinam\u0105 baz\u0119. I\u0161sinuomoti baldais butas yra geras sprendimas, nes ve\u017eti prekes i\u0161 sen\u0173 nam\u0173 ar pasirinkti visk\u0105, ko jums reikia i\u0161tu\u0161tinti tu\u0161\u010di\u0105 but\u0105 yra brangus, stres\u0105 ir daug laiko. Pereiti prie skoningai dekoruoti ir gerai \u012frengti apartamentai Oulu yra lengva. Kad ir kur imstum\u0117t\u0117s savo u\u017eduotis Suomijoje, i\u0161 m\u016bs\u0173 rasite geriausius sprendimus d\u0117l laikino b\u016bsto.<\/span><\/p>\n<h2><b>M\u016bs\u0173 nemokama nuoma apartamentai yra lengvai lyginami m\u016bs\u0173 svetain\u0117je<\/b><\/h2>\n<p><span style=\"font-weight: 400;\">M\u016bs\u0173 svetain\u0117je mes pristatome visus m\u016bs\u0173 baldais nuomos butus Oulu, kurie \u0161iuo metu yra nemokami j\u016bs\u0173 ar j\u016bs\u0173 \u012fmon\u0117s poreikiams. Butas yra tinkamo dyd\u017eio, tada galite pasirinkti but\u0105, kuris geriausiai atitinka kitus kriterijus. J\u016bs persik\u0117l\u0117 prie\u0161 j\u012f \u017einote, kaip visi praktiniai susitarimai yra tvarkomi greitai. J\u016bs pasteb\u0117site, kad mes investavome \u012f skland\u0173 m\u016bs\u0173 paslaug\u0173 veikim\u0105 ir lankstum\u0105, kaip puikios klient\u0173 patirties dal\u012f.<\/span><\/p>\n<h2><b>M\u016bs\u0173 baldais apstatyti nuomojami apartamentai yra Oulu mieste.<\/b><\/h2>\n<p><span style=\"font-weight: 400;\">Kadangi m\u016bs\u0173 butai turi tarnauti kuo daugiau plataus klient\u0173 baz\u0119, jie yra perkamos kartu gerai veikian\u010di\u0173 transporto jung\u010di\u0173 ir yra \u012frengti ir \u012frengti efektyviausiu b\u016bdu. Mes leid\u017eiame jums ar J\u016bs\u0173 komandai suteikti funkcin\u0119 sistem\u0105 visiems laikiniems gyvenantiems Oulu. Nuoma mokama kaip vie\u0161butyje, t. Y. tik tomis dienomis, kai gyvenate bute, ta\u010diau prie\u0161ingu atveju laikinas apstatyto buto nuoma yra daug lankstesn\u0117 ir nemokama.<\/span><\/p>\n<h2><b>Nor\u0117dami gauti atsakymus \u012f savo klausimus, kreipkit\u0117s \u012f<\/b><\/h2>\n<p><span style=\"font-weight: 400;\">Gal j\u016bs i\u0161sinuomoti baldais nuoma butas pirm\u0105 kart\u0105, ar nor\u0117tum\u0117te paklausti apie k\u0105 nors kita, susijusi\u0173 su nuoma? Pra\u0161ome susisiekti su mumis elektroniniu pa\u0161tu varaus@sakarincitykodit.fi arba telefonu <a href=\"tel:+358440880567\">044 0880567<\/a>ir mes atsakysime \u012f J\u016bs\u0173 klausimus.<\/span><\/p>\n<\/div>\n<\/div>\n<\/div>\n<\/div>\n<\/div>\n<\/div>\n<\/div>\n\t\t\t\t\t\t\t\t<\/div>\n\t\t\t\t<\/div>\n\t\t\t\t\t<\/div>\n\t\t<\/div>\n\t\t\t\t\t<\/div>\n\t\t<\/section>\n\t\t\t\t<\/div>\n\t\t","protected":false},"excerpt":{"rendered":"<p>I\u0161sinuomokite baldais apstatyt\u0105 nuomojam\u0105 but\u0105 Oulu Geras i\u0161 anksto \u012frengtas nuoma butas yra vienas, kad yra gerai \u012fsik\u016br\u0119s yra patogus ir kuris buvo atkreiptas d\u0117mesys \u012f. Tokie gerai \u012frengti ir funkcional\u016bs nuomojami apartamentai Oulu randami mums! Mes si\u016blome efektyvius sprendimus laikiniems vis\u0173 \u012fmoni\u0173 ir priva\u010di\u0173 klient\u0173 apgyvendinimo poreikiams, ta\u010diau m\u016bs\u0173 apartamentai yra tokie patog\u016bs, kad [&hellip;]<\/p>\n","protected":false},"author":3,"featured_media":0,"parent":4379,"menu_order":0,"comment_status":"closed","ping_status":"closed","template":"","meta":{"footnotes":""},"class_list":["post-4293","page","type-page","status-publish","hentry"],"yoast_head":"<!-- This site is optimized with the Yoast SEO plugin v24.9 - https:\/\/yoast.com\/wordpress\/plugins\/seo\/ -->\n<title>Su baldais apstatyta nuoma mieste Oulu - Sakarin Citykodit<\/title>\n<meta name=\"robots\" content=\"index, follow, max-snippet:-1, max-image-preview:large, max-video-preview:-1\" \/>\n<link rel=\"canonical\" href=\"https:\/\/www.sakarincitykodit.fi\/lt\/musu-vieta\/su-baldais-apstatyta-nuoma-mieste-oulu\/\" \/>\n<meta property=\"og:locale\" content=\"lt_LT\" \/>\n<meta property=\"og:type\" content=\"article\" \/>\n<meta property=\"og:title\" content=\"Su baldais apstatyta nuoma mieste Oulu - Sakarin Citykodit\" \/>\n<meta property=\"og:description\" content=\"I\u0161sinuomokite baldais apstatyt\u0105 nuomojam\u0105 but\u0105 Oulu Geras i\u0161 anksto \u012frengtas nuoma butas yra vienas, kad yra gerai \u012fsik\u016br\u0119s yra patogus ir kuris buvo atkreiptas d\u0117mesys \u012f. Tokie gerai \u012frengti ir funkcional\u016bs nuomojami apartamentai Oulu randami mums! Mes si\u016blome efektyvius sprendimus laikiniems vis\u0173 \u012fmoni\u0173 ir priva\u010di\u0173 klient\u0173 apgyvendinimo poreikiams, ta\u010diau m\u016bs\u0173 apartamentai yra tokie patog\u016bs, kad [&hellip;]\" \/>\n<meta property=\"og:url\" content=\"https:\/\/www.sakarincitykodit.fi\/lt\/musu-vieta\/su-baldais-apstatyta-nuoma-mieste-oulu\/\" \/>\n<meta property=\"og:site_name\" content=\"Sakarin Citykodit\" \/>\n<meta property=\"article:modified_time\" content=\"2020-10-08T11:29:13+00:00\" \/>\n<meta name=\"twitter:card\" content=\"summary_large_image\" \/>\n<meta name=\"twitter:label1\" content=\"Est. reading time\" \/>\n\t<meta name=\"twitter:data1\" content=\"2 minut\u0117s\" \/>\n<script type=\"application\/ld+json\" class=\"yoast-schema-graph\">{\"@context\":\"https:\/\/schema.org\",\"@graph\":[{\"@type\":\"WebPage\",\"@id\":\"https:\/\/www.sakarincitykodit.fi\/lt\/musu-vieta\/su-baldais-apstatyta-nuoma-mieste-oulu\/\",\"url\":\"https:\/\/www.sakarincitykodit.fi\/lt\/musu-vieta\/su-baldais-apstatyta-nuoma-mieste-oulu\/\",\"name\":\"Su baldais apstatyta nuoma mieste Oulu - Sakarin Citykodit\",\"isPartOf\":{\"@id\":\"https:\/\/www.sakarincitykodit.fi\/lt\/#website\"},\"datePublished\":\"2018-11-05T07:57:46+00:00\",\"dateModified\":\"2020-10-08T11:29:13+00:00\",\"breadcrumb\":{\"@id\":\"https:\/\/www.sakarincitykodit.fi\/lt\/musu-vieta\/su-baldais-apstatyta-nuoma-mieste-oulu\/#breadcrumb\"},\"inLanguage\":\"lt-LT\",\"potentialAction\":[{\"@type\":\"ReadAction\",\"target\":[\"https:\/\/www.sakarincitykodit.fi\/lt\/musu-vieta\/su-baldais-apstatyta-nuoma-mieste-oulu\/\"]}]},{\"@type\":\"BreadcrumbList\",\"@id\":\"https:\/\/www.sakarincitykodit.fi\/lt\/musu-vieta\/su-baldais-apstatyta-nuoma-mieste-oulu\/#breadcrumb\",\"itemListElement\":[{\"@type\":\"ListItem\",\"position\":1,\"name\":\"Nam\u0173\",\"item\":\"https:\/\/www.sakarincitykodit.fi\/lt\/\"},{\"@type\":\"ListItem\",\"position\":2,\"name\":\"M\u016bs\u0173 vieta\",\"item\":\"https:\/\/www.sakarincitykodit.fi\/lt\/musu-vieta\/\"},{\"@type\":\"ListItem\",\"position\":3,\"name\":\"Su baldais apstatyta nuoma mieste Oulu\"}]},{\"@type\":\"WebSite\",\"@id\":\"https:\/\/www.sakarincitykodit.fi\/lt\/#website\",\"url\":\"https:\/\/www.sakarincitykodit.fi\/lt\/\",\"name\":\"Sakarin Citykodit\",\"description\":\"Vuokraamme vapaat kalustetut vuokra-asunnot ymp&auml;ri Suomen!\",\"publisher\":{\"@id\":\"https:\/\/www.sakarincitykodit.fi\/lt\/#organization\"},\"potentialAction\":[{\"@type\":\"SearchAction\",\"target\":{\"@type\":\"EntryPoint\",\"urlTemplate\":\"https:\/\/www.sakarincitykodit.fi\/lt\/?s={search_term_string}\"},\"query-input\":{\"@type\":\"PropertyValueSpecification\",\"valueRequired\":true,\"valueName\":\"search_term_string\"}}],\"inLanguage\":\"lt-LT\"},{\"@type\":\"Organization\",\"@id\":\"https:\/\/www.sakarincitykodit.fi\/lt\/#organization\",\"name\":\"Sakarin Citykodit\",\"url\":\"https:\/\/www.sakarincitykodit.fi\/lt\/\",\"logo\":{\"@type\":\"ImageObject\",\"inLanguage\":\"lt-LT\",\"@id\":\"https:\/\/www.sakarincitykodit.fi\/lt\/#\/schema\/logo\/image\/\",\"url\":\"https:\/\/www.sakarincitykodit.fi\/wp-content\/uploads\/sakarin-citykodit-logo-245.png\",\"contentUrl\":\"https:\/\/www.sakarincitykodit.fi\/wp-content\/uploads\/sakarin-citykodit-logo-245.png\",\"width\":245,\"height\":39,\"caption\":\"Sakarin Citykodit\"},\"image\":{\"@id\":\"https:\/\/www.sakarincitykodit.fi\/lt\/#\/schema\/logo\/image\/\"}}]}<\/script>\n<!-- \/ Yoast SEO plugin. -->","yoast_head_json":{"title":"Su baldais apstatyta nuoma mieste Oulu - Sakarin Citykodit","robots":{"index":"index","follow":"follow","max-snippet":"max-snippet:-1","max-image-preview":"max-image-preview:large","max-video-preview":"max-video-preview:-1"},"canonical":"https:\/\/www.sakarincitykodit.fi\/lt\/musu-vieta\/su-baldais-apstatyta-nuoma-mieste-oulu\/","og_locale":"lt_LT","og_type":"article","og_title":"Su baldais apstatyta nuoma mieste Oulu - Sakarin Citykodit","og_description":"I\u0161sinuomokite baldais apstatyt\u0105 nuomojam\u0105 but\u0105 Oulu Geras i\u0161 anksto \u012frengtas nuoma butas yra vienas, kad yra gerai \u012fsik\u016br\u0119s yra patogus ir kuris buvo atkreiptas d\u0117mesys \u012f. Tokie gerai \u012frengti ir funkcional\u016bs nuomojami apartamentai Oulu randami mums! Mes si\u016blome efektyvius sprendimus laikiniems vis\u0173 \u012fmoni\u0173 ir priva\u010di\u0173 klient\u0173 apgyvendinimo poreikiams, ta\u010diau m\u016bs\u0173 apartamentai yra tokie patog\u016bs, kad [&hellip;]","og_url":"https:\/\/www.sakarincitykodit.fi\/lt\/musu-vieta\/su-baldais-apstatyta-nuoma-mieste-oulu\/","og_site_name":"Sakarin Citykodit","article_modified_time":"2020-10-08T11:29:13+00:00","twitter_card":"summary_large_image","twitter_misc":{"Est. reading time":"2 minut\u0117s"},"schema":{"@context":"https:\/\/schema.org","@graph":[{"@type":"WebPage","@id":"https:\/\/www.sakarincitykodit.fi\/lt\/musu-vieta\/su-baldais-apstatyta-nuoma-mieste-oulu\/","url":"https:\/\/www.sakarincitykodit.fi\/lt\/musu-vieta\/su-baldais-apstatyta-nuoma-mieste-oulu\/","name":"Su baldais apstatyta nuoma mieste Oulu - Sakarin Citykodit","isPartOf":{"@id":"https:\/\/www.sakarincitykodit.fi\/lt\/#website"},"datePublished":"2018-11-05T07:57:46+00:00","dateModified":"2020-10-08T11:29:13+00:00","breadcrumb":{"@id":"https:\/\/www.sakarincitykodit.fi\/lt\/musu-vieta\/su-baldais-apstatyta-nuoma-mieste-oulu\/#breadcrumb"},"inLanguage":"lt-LT","potentialAction":[{"@type":"ReadAction","target":["https:\/\/www.sakarincitykodit.fi\/lt\/musu-vieta\/su-baldais-apstatyta-nuoma-mieste-oulu\/"]}]},{"@type":"BreadcrumbList","@id":"https:\/\/www.sakarincitykodit.fi\/lt\/musu-vieta\/su-baldais-apstatyta-nuoma-mieste-oulu\/#breadcrumb","itemListElement":[{"@type":"ListItem","position":1,"name":"Nam\u0173","item":"https:\/\/www.sakarincitykodit.fi\/lt\/"},{"@type":"ListItem","position":2,"name":"M\u016bs\u0173 vieta","item":"https:\/\/www.sakarincitykodit.fi\/lt\/musu-vieta\/"},{"@type":"ListItem","position":3,"name":"Su baldais apstatyta nuoma mieste Oulu"}]},{"@type":"WebSite","@id":"https:\/\/www.sakarincitykodit.fi\/lt\/#website","url":"https:\/\/www.sakarincitykodit.fi\/lt\/","name":"Sakarin Citykodit","description":"Vuokraamme vapaat kalustetut vuokra-asunnot ymp&auml;ri Suomen!","publisher":{"@id":"https:\/\/www.sakarincitykodit.fi\/lt\/#organization"},"potentialAction":[{"@type":"SearchAction","target":{"@type":"EntryPoint","urlTemplate":"https:\/\/www.sakarincitykodit.fi\/lt\/?s={search_term_string}"},"query-input":{"@type":"PropertyValueSpecification","valueRequired":true,"valueName":"search_term_string"}}],"inLanguage":"lt-LT"},{"@type":"Organization","@id":"https:\/\/www.sakarincitykodit.fi\/lt\/#organization","name":"Sakarin Citykodit","url":"https:\/\/www.sakarincitykodit.fi\/lt\/","logo":{"@type":"ImageObject","inLanguage":"lt-LT","@id":"https:\/\/www.sakarincitykodit.fi\/lt\/#\/schema\/logo\/image\/","url":"https:\/\/www.sakarincitykodit.fi\/wp-content\/uploads\/sakarin-citykodit-logo-245.png","contentUrl":"https:\/\/www.sakarincitykodit.fi\/wp-content\/uploads\/sakarin-citykodit-logo-245.png","width":245,"height":39,"caption":"Sakarin Citykodit"},"image":{"@id":"https:\/\/www.sakarincitykodit.fi\/lt\/#\/schema\/logo\/image\/"}}]}},"_links":{"self":[{"href":"https:\/\/www.sakarincitykodit.fi\/lt\/wp-json\/wp\/v2\/pages\/4293","targetHints":{"allow":["GET"]}}],"collection":[{"href":"https:\/\/www.sakarincitykodit.fi\/lt\/wp-json\/wp\/v2\/pages"}],"about":[{"href":"https:\/\/www.sakarincitykodit.fi\/lt\/wp-json\/wp\/v2\/types\/page"}],"author":[{"embeddable":true,"href":"https:\/\/www.sakarincitykodit.fi\/lt\/wp-json\/wp\/v2\/users\/3"}],"replies":[{"embeddable":true,"href":"https:\/\/www.sakarincitykodit.fi\/lt\/wp-json\/wp\/v2\/comments?post=4293"}],"version-history":[{"count":0,"href":"https:\/\/www.sakarincitykodit.fi\/lt\/wp-json\/wp\/v2\/pages\/4293\/revisions"}],"up":[{"embeddable":true,"href":"https:\/\/www.sakarincitykodit.fi\/lt\/wp-json\/wp\/v2\/pages\/4379"}],"wp:attachment":[{"href":"https:\/\/www.sakarincitykodit.fi\/lt\/wp-json\/wp\/v2\/media?parent=4293"}],"curies":[{"name":"wp","href":"https:\/\/api.w.org\/{rel}","templated":true}]}}