{"id":4282,"date":"2018-11-05T09:55:32","date_gmt":"2018-11-05T07:55:32","guid":{"rendered":"https:\/\/www.sakarincitykodit.fi\/su-baldais-apstatyta-nuoma-mieste-keravalla\/"},"modified":"2021-09-01T14:41:47","modified_gmt":"2021-09-01T12:41:47","slug":"su-baldais-apstatyta-nuoma-mieste-keravalla","status":"publish","type":"page","link":"https:\/\/www.sakarincitykodit.fi\/lt\/musu-vieta\/su-baldais-apstatyta-nuoma-mieste-keravalla\/","title":{"rendered":"Su baldais apstatyta nuoma mieste Kerava"},"content":{"rendered":"\t\t<div data-elementor-type=\"wp-page\" data-elementor-id=\"4282\" class=\"elementor elementor-4282 elementor-1240\">\n\t\t\t\t\t\t<section class=\"elementor-section elementor-top-section elementor-element elementor-element-54754928 elementor-section-boxed elementor-section-height-default elementor-section-height-default\" data-id=\"54754928\" data-element_type=\"section\">\n\t\t\t\t\t\t<div class=\"elementor-container elementor-column-gap-default\">\n\t\t\t\t\t<div class=\"elementor-column elementor-col-100 elementor-top-column elementor-element elementor-element-16cc5b6a\" data-id=\"16cc5b6a\" data-element_type=\"column\">\n\t\t\t<div class=\"elementor-widget-wrap elementor-element-populated\">\n\t\t\t\t\t\t<div class=\"elementor-element elementor-element-13b61d52 elementor-widget elementor-widget-text-editor\" data-id=\"13b61d52\" data-element_type=\"widget\" data-widget_type=\"text-editor.default\">\n\t\t\t\t<div class=\"elementor-widget-container\">\n\t\t\t\t\t\t\t\t\t<div id=\"pl-1240\" class=\"panel-layout\">\n<div id=\"pg-1240-0\" class=\"panel-grid panel-no-style\" data-style=\"{\">\n<div id=\"pgc-1240-0-0\" class=\"panel-grid-cell\" data-weight=\"1\">\n<div id=\"panel-1240-0-0-0\" class=\"so-panel widget widget_sow-editor panel-first-child panel-last-child\" data-index=\"0\" data-style=\"{\">\n<div class=\"panel-widget-style panel-widget-style-for-1240-0-0-0\">\n<div class=\"so-widget-sow-editor so-widget-sow-editor-base\">\n<div class=\"siteorigin-widget-tinymce textwidget\">\n<h1 style=\"text-align: left;\">Su baldais apstatyta nuoma mieste Kerava<\/h1>\n<p style=\"text-align: left;\">Ar perkeliate trumpalaik\u012f, pavyzd\u017eiui, darb\u0105, pom\u0117gius ar kitas Keravos prie\u017eastis, bet nenorite i\u0161sinuomoti tu\u0161\u010dio buto ar praleisti laik\u0105 brangiame vie\u0161butyje? I\u0161sinuomokite baldais apstatyt\u0105 but\u0105 Kerava mieste ir patogiai, pigiai ir be vargo praleiskite laik\u0105 Helsinki metropolin\u0117je zonoje. Baldais apstatytas butas yra jaukus, patogus ir paprastas sprendimas, kai jums reikia laikino apgyvendinimo \u0161iek tiek ilgiau.<\/p>\n<p style=\"text-align: left;\">Palikite mums call-out arba <a href=\"https:\/\/www.sakarincitykodit.fi\/varaus\/\">susisiekite su mumis<\/a>ir mes mielai jums papasakoti daugiau apie m\u016bs\u0173 apartamentai!<\/p>\n\n<div class=\"wpcf7 no-js\" id=\"wpcf7-f5349-o1\" lang=\"lt-LT\" dir=\"ltr\" data-wpcf7-id=\"5349\">\n<div class=\"screen-reader-response\"><p role=\"status\" aria-live=\"polite\" aria-atomic=\"true\"><\/p> <ul><\/ul><\/div>\n<form action=\"\/lt\/wp-json\/wp\/v2\/pages\/4282#wpcf7-f5349-o1\" method=\"post\" class=\"wpcf7-form init\" aria-label=\"Kontakt\u0173 forma\" novalidate=\"novalidate\" data-status=\"init\">\n<div style=\"display: none;\">\n<input type=\"hidden\" name=\"_wpcf7\" value=\"5349\" \/>\n<input type=\"hidden\" name=\"_wpcf7_version\" value=\"6.0.6\" \/>\n<input type=\"hidden\" name=\"_wpcf7_locale\" value=\"lt_LT\" \/>\n<input type=\"hidden\" name=\"_wpcf7_unit_tag\" value=\"wpcf7-f5349-o1\" \/>\n<input type=\"hidden\" name=\"_wpcf7_container_post\" value=\"0\" \/>\n<input type=\"hidden\" name=\"_wpcf7_posted_data_hash\" value=\"\" \/>\n<\/div>\n<p><label>Enter your details and our business sales will contact you as soon as possible!<br \/>\n<\/label>\n<\/p>\n<div class=\"contact-us\">\n\t<div class=\"row\">\n\t\t<div class=\"col-xs-12 col-sm-6\">\n\t\t\t<p><span class=\"wpcf7-form-control-wrap\" data-name=\"your-yritys\"><input size=\"40\" maxlength=\"400\" class=\"wpcf7-form-control wpcf7-text wpcf7-validates-as-required form-control\" aria-required=\"true\" aria-invalid=\"false\" placeholder=\"The Company Name\" value=\"\" type=\"text\" name=\"your-yritys\" \/><\/span>\n\t\t\t<\/p>\n\t\t<\/div>\n\t\t<div class=\"col-xs-12 col-sm-6\">\n\t\t\t<p><span class=\"wpcf7-form-control-wrap\" data-name=\"your-tel\"><input size=\"40\" maxlength=\"400\" class=\"wpcf7-form-control wpcf7-tel wpcf7-validates-as-required wpcf7-text wpcf7-validates-as-tel form-control\" aria-required=\"true\" aria-invalid=\"false\" placeholder=\"Phone number\" value=\"\" type=\"tel\" name=\"your-tel\" \/><\/span>\n\t\t\t<\/p>\n\t\t<\/div>\n\t\t<div class=\"col-xs-12 col-sm-12\">\n\t\t\t<p><span class=\"wpcf7-form-control-wrap\" data-name=\"your-email\"><input size=\"40\" maxlength=\"400\" class=\"wpcf7-form-control wpcf7-email wpcf7-validates-as-required wpcf7-text wpcf7-validates-as-email form-control\" aria-required=\"true\" aria-invalid=\"false\" placeholder=\"Email\" value=\"\" type=\"email\" name=\"your-email\" \/><\/span>\n\t\t\t<\/p>\n\t\t<\/div>\n\t<\/div>\n\t<div class=\"clearfix\">\n\t\t<p><input class=\"wpcf7-form-control wpcf7-submit has-spinner btn pull-right btn-theme btn-inverse border-2\" type=\"submit\" value=\"Please contact me!\" \/>\n\t\t<\/p>\n\t<\/div>\n<\/div><div class=\"wpcf7-response-output\" aria-hidden=\"true\"><\/div>\n<\/form>\n<\/div>\n\n<h2 style=\"text-align: left;\">Kerava, Netoli miesto Kerava<\/h2>\n<p>Kerava yra puiki vieta asmeniui, atvykstan\u010diam \u012f darb\u0105 Helsinki metropolin\u0117je zonoje. Kain\u0173 lygis yra pigesnis nei, pavyzd\u017eiui, Helsinki, transporto jungtys yra geros, o Kerava yra patogiai \u012fsik\u016brusi u\u017e sostin\u0117s \u0161urmulio ir \u0161urmulio. Taigi, jei jums reikia baldais nuoma butas Helsinki metropolin\u0117s zonos, bet nenori b\u016bti Helsinki ar Espoo, Kerava yra geras pasirinkimas jums!<\/p>\n<p>Mes teikiame Jums greit\u0105 ir auk\u0161tos kokyb\u0117s paslaugas, nes mes \u017einome, kaip u\u017eimtas rasti but\u0105 gali b\u016bti. Taigi nereikia abejoti susisiekti su mumis, jei jums reikia pagalbos ie\u0161kant <a href=\"\/\">baldais butas!<\/a><\/p>\n<h3>Kod\u0117l baldais apstatytas nuomojamas butas?<\/h3>\n<p>Baldais nuoma butas yra labai geras ir paprastas pasirinkimas, ypa\u010d jei esate bendruomen\u0117s kelet\u0105 savai\u010di\u0173 ar m\u0117nesi\u0173. Jums nereikia jaudintis d\u0117l bald\u0173, bet j\u016bs vis dar gaunate tinkamus namus, o ne sudreed vie\u0161bu\u010dio kambar\u012f. Baldais butas taip pat gali b\u016bti daug pigesnis variantas, ypa\u010d jei j\u016bs praleid\u017eiate ilgiau bendruomen\u0117je. J\u016bs taip pat turite daug daugiau vietos ir privatumo, kai j\u016bs nuspr\u0119site r\u016bpintis baldais butas arba, tarkim, AirBnB butas nuomojamas jums.<\/p>\n<\/div>\n<\/div>\n<\/div>\n<\/div>\n<\/div>\n<\/div>\n<\/div>\t\t\t\t\t\t\t\t<\/div>\n\t\t\t\t<\/div>\n\t\t\t\t\t<\/div>\n\t\t<\/div>\n\t\t\t\t\t<\/div>\n\t\t<\/section>\n\t\t\t\t<\/div>\n\t\t","protected":false},"excerpt":{"rendered":"<p>Su baldais apstatyta nuoma mieste Kerava Ar perkeliate trumpalaik\u012f, pavyzd\u017eiui, darb\u0105, pom\u0117gius ar kitas Keravos prie\u017eastis, bet nenorite i\u0161sinuomoti tu\u0161\u010dio buto ar praleisti laik\u0105 brangiame vie\u0161butyje? I\u0161sinuomokite baldais apstatyt\u0105 but\u0105 Kerava mieste ir patogiai, pigiai ir be vargo praleiskite laik\u0105 Helsinki metropolin\u0117je zonoje. Baldais apstatytas butas yra jaukus, patogus ir paprastas sprendimas, kai jums reikia [&hellip;]<\/p>\n","protected":false},"author":3,"featured_media":0,"parent":4379,"menu_order":0,"comment_status":"closed","ping_status":"closed","template":"","meta":{"footnotes":""},"class_list":["post-4282","page","type-page","status-publish","hentry"],"yoast_head":"<!-- This site is optimized with the Yoast SEO plugin v24.9 - https:\/\/yoast.com\/wordpress\/plugins\/seo\/ -->\n<title>Su baldais apstatyta nuoma mieste Kerava - Sakarin Citykodit<\/title>\n<meta name=\"robots\" content=\"index, follow, max-snippet:-1, max-image-preview:large, max-video-preview:-1\" \/>\n<link rel=\"canonical\" href=\"https:\/\/www.sakarincitykodit.fi\/lt\/musu-vieta\/su-baldais-apstatyta-nuoma-mieste-keravalla\/\" \/>\n<meta property=\"og:locale\" content=\"lt_LT\" \/>\n<meta property=\"og:type\" content=\"article\" \/>\n<meta property=\"og:title\" content=\"Su baldais apstatyta nuoma mieste Kerava - Sakarin Citykodit\" \/>\n<meta property=\"og:description\" content=\"Su baldais apstatyta nuoma mieste Kerava Ar perkeliate trumpalaik\u012f, pavyzd\u017eiui, darb\u0105, pom\u0117gius ar kitas Keravos prie\u017eastis, bet nenorite i\u0161sinuomoti tu\u0161\u010dio buto ar praleisti laik\u0105 brangiame vie\u0161butyje? I\u0161sinuomokite baldais apstatyt\u0105 but\u0105 Kerava mieste ir patogiai, pigiai ir be vargo praleiskite laik\u0105 Helsinki metropolin\u0117je zonoje. Baldais apstatytas butas yra jaukus, patogus ir paprastas sprendimas, kai jums reikia [&hellip;]\" \/>\n<meta property=\"og:url\" content=\"https:\/\/www.sakarincitykodit.fi\/lt\/musu-vieta\/su-baldais-apstatyta-nuoma-mieste-keravalla\/\" \/>\n<meta property=\"og:site_name\" content=\"Sakarin Citykodit\" \/>\n<meta property=\"article:modified_time\" content=\"2021-09-01T12:41:47+00:00\" \/>\n<meta name=\"twitter:card\" content=\"summary_large_image\" \/>\n<meta name=\"twitter:label1\" content=\"Est. reading time\" \/>\n\t<meta name=\"twitter:data1\" content=\"2 minut\u0117s\" \/>\n<script type=\"application\/ld+json\" class=\"yoast-schema-graph\">{\"@context\":\"https:\/\/schema.org\",\"@graph\":[{\"@type\":\"WebPage\",\"@id\":\"https:\/\/www.sakarincitykodit.fi\/lt\/musu-vieta\/su-baldais-apstatyta-nuoma-mieste-keravalla\/\",\"url\":\"https:\/\/www.sakarincitykodit.fi\/lt\/musu-vieta\/su-baldais-apstatyta-nuoma-mieste-keravalla\/\",\"name\":\"Su baldais apstatyta nuoma mieste Kerava - Sakarin Citykodit\",\"isPartOf\":{\"@id\":\"https:\/\/www.sakarincitykodit.fi\/lt\/#website\"},\"datePublished\":\"2018-11-05T07:55:32+00:00\",\"dateModified\":\"2021-09-01T12:41:47+00:00\",\"breadcrumb\":{\"@id\":\"https:\/\/www.sakarincitykodit.fi\/lt\/musu-vieta\/su-baldais-apstatyta-nuoma-mieste-keravalla\/#breadcrumb\"},\"inLanguage\":\"lt-LT\",\"potentialAction\":[{\"@type\":\"ReadAction\",\"target\":[\"https:\/\/www.sakarincitykodit.fi\/lt\/musu-vieta\/su-baldais-apstatyta-nuoma-mieste-keravalla\/\"]}]},{\"@type\":\"BreadcrumbList\",\"@id\":\"https:\/\/www.sakarincitykodit.fi\/lt\/musu-vieta\/su-baldais-apstatyta-nuoma-mieste-keravalla\/#breadcrumb\",\"itemListElement\":[{\"@type\":\"ListItem\",\"position\":1,\"name\":\"Nam\u0173\",\"item\":\"https:\/\/www.sakarincitykodit.fi\/lt\/\"},{\"@type\":\"ListItem\",\"position\":2,\"name\":\"M\u016bs\u0173 vieta\",\"item\":\"https:\/\/www.sakarincitykodit.fi\/lt\/musu-vieta\/\"},{\"@type\":\"ListItem\",\"position\":3,\"name\":\"Su baldais apstatyta nuoma mieste Kerava\"}]},{\"@type\":\"WebSite\",\"@id\":\"https:\/\/www.sakarincitykodit.fi\/lt\/#website\",\"url\":\"https:\/\/www.sakarincitykodit.fi\/lt\/\",\"name\":\"Sakarin Citykodit\",\"description\":\"Vuokraamme vapaat kalustetut vuokra-asunnot ymp&auml;ri Suomen!\",\"publisher\":{\"@id\":\"https:\/\/www.sakarincitykodit.fi\/lt\/#organization\"},\"potentialAction\":[{\"@type\":\"SearchAction\",\"target\":{\"@type\":\"EntryPoint\",\"urlTemplate\":\"https:\/\/www.sakarincitykodit.fi\/lt\/?s={search_term_string}\"},\"query-input\":{\"@type\":\"PropertyValueSpecification\",\"valueRequired\":true,\"valueName\":\"search_term_string\"}}],\"inLanguage\":\"lt-LT\"},{\"@type\":\"Organization\",\"@id\":\"https:\/\/www.sakarincitykodit.fi\/lt\/#organization\",\"name\":\"Sakarin Citykodit\",\"url\":\"https:\/\/www.sakarincitykodit.fi\/lt\/\",\"logo\":{\"@type\":\"ImageObject\",\"inLanguage\":\"lt-LT\",\"@id\":\"https:\/\/www.sakarincitykodit.fi\/lt\/#\/schema\/logo\/image\/\",\"url\":\"https:\/\/www.sakarincitykodit.fi\/wp-content\/uploads\/sakarin-citykodit-logo-245.png\",\"contentUrl\":\"https:\/\/www.sakarincitykodit.fi\/wp-content\/uploads\/sakarin-citykodit-logo-245.png\",\"width\":245,\"height\":39,\"caption\":\"Sakarin Citykodit\"},\"image\":{\"@id\":\"https:\/\/www.sakarincitykodit.fi\/lt\/#\/schema\/logo\/image\/\"}}]}<\/script>\n<!-- \/ Yoast SEO plugin. -->","yoast_head_json":{"title":"Su baldais apstatyta nuoma mieste Kerava - Sakarin Citykodit","robots":{"index":"index","follow":"follow","max-snippet":"max-snippet:-1","max-image-preview":"max-image-preview:large","max-video-preview":"max-video-preview:-1"},"canonical":"https:\/\/www.sakarincitykodit.fi\/lt\/musu-vieta\/su-baldais-apstatyta-nuoma-mieste-keravalla\/","og_locale":"lt_LT","og_type":"article","og_title":"Su baldais apstatyta nuoma mieste Kerava - Sakarin Citykodit","og_description":"Su baldais apstatyta nuoma mieste Kerava Ar perkeliate trumpalaik\u012f, pavyzd\u017eiui, darb\u0105, pom\u0117gius ar kitas Keravos prie\u017eastis, bet nenorite i\u0161sinuomoti tu\u0161\u010dio buto ar praleisti laik\u0105 brangiame vie\u0161butyje? I\u0161sinuomokite baldais apstatyt\u0105 but\u0105 Kerava mieste ir patogiai, pigiai ir be vargo praleiskite laik\u0105 Helsinki metropolin\u0117je zonoje. Baldais apstatytas butas yra jaukus, patogus ir paprastas sprendimas, kai jums reikia [&hellip;]","og_url":"https:\/\/www.sakarincitykodit.fi\/lt\/musu-vieta\/su-baldais-apstatyta-nuoma-mieste-keravalla\/","og_site_name":"Sakarin Citykodit","article_modified_time":"2021-09-01T12:41:47+00:00","twitter_card":"summary_large_image","twitter_misc":{"Est. reading time":"2 minut\u0117s"},"schema":{"@context":"https:\/\/schema.org","@graph":[{"@type":"WebPage","@id":"https:\/\/www.sakarincitykodit.fi\/lt\/musu-vieta\/su-baldais-apstatyta-nuoma-mieste-keravalla\/","url":"https:\/\/www.sakarincitykodit.fi\/lt\/musu-vieta\/su-baldais-apstatyta-nuoma-mieste-keravalla\/","name":"Su baldais apstatyta nuoma mieste Kerava - Sakarin Citykodit","isPartOf":{"@id":"https:\/\/www.sakarincitykodit.fi\/lt\/#website"},"datePublished":"2018-11-05T07:55:32+00:00","dateModified":"2021-09-01T12:41:47+00:00","breadcrumb":{"@id":"https:\/\/www.sakarincitykodit.fi\/lt\/musu-vieta\/su-baldais-apstatyta-nuoma-mieste-keravalla\/#breadcrumb"},"inLanguage":"lt-LT","potentialAction":[{"@type":"ReadAction","target":["https:\/\/www.sakarincitykodit.fi\/lt\/musu-vieta\/su-baldais-apstatyta-nuoma-mieste-keravalla\/"]}]},{"@type":"BreadcrumbList","@id":"https:\/\/www.sakarincitykodit.fi\/lt\/musu-vieta\/su-baldais-apstatyta-nuoma-mieste-keravalla\/#breadcrumb","itemListElement":[{"@type":"ListItem","position":1,"name":"Nam\u0173","item":"https:\/\/www.sakarincitykodit.fi\/lt\/"},{"@type":"ListItem","position":2,"name":"M\u016bs\u0173 vieta","item":"https:\/\/www.sakarincitykodit.fi\/lt\/musu-vieta\/"},{"@type":"ListItem","position":3,"name":"Su baldais apstatyta nuoma mieste Kerava"}]},{"@type":"WebSite","@id":"https:\/\/www.sakarincitykodit.fi\/lt\/#website","url":"https:\/\/www.sakarincitykodit.fi\/lt\/","name":"Sakarin Citykodit","description":"Vuokraamme vapaat kalustetut vuokra-asunnot ymp&auml;ri Suomen!","publisher":{"@id":"https:\/\/www.sakarincitykodit.fi\/lt\/#organization"},"potentialAction":[{"@type":"SearchAction","target":{"@type":"EntryPoint","urlTemplate":"https:\/\/www.sakarincitykodit.fi\/lt\/?s={search_term_string}"},"query-input":{"@type":"PropertyValueSpecification","valueRequired":true,"valueName":"search_term_string"}}],"inLanguage":"lt-LT"},{"@type":"Organization","@id":"https:\/\/www.sakarincitykodit.fi\/lt\/#organization","name":"Sakarin Citykodit","url":"https:\/\/www.sakarincitykodit.fi\/lt\/","logo":{"@type":"ImageObject","inLanguage":"lt-LT","@id":"https:\/\/www.sakarincitykodit.fi\/lt\/#\/schema\/logo\/image\/","url":"https:\/\/www.sakarincitykodit.fi\/wp-content\/uploads\/sakarin-citykodit-logo-245.png","contentUrl":"https:\/\/www.sakarincitykodit.fi\/wp-content\/uploads\/sakarin-citykodit-logo-245.png","width":245,"height":39,"caption":"Sakarin Citykodit"},"image":{"@id":"https:\/\/www.sakarincitykodit.fi\/lt\/#\/schema\/logo\/image\/"}}]}},"_links":{"self":[{"href":"https:\/\/www.sakarincitykodit.fi\/lt\/wp-json\/wp\/v2\/pages\/4282","targetHints":{"allow":["GET"]}}],"collection":[{"href":"https:\/\/www.sakarincitykodit.fi\/lt\/wp-json\/wp\/v2\/pages"}],"about":[{"href":"https:\/\/www.sakarincitykodit.fi\/lt\/wp-json\/wp\/v2\/types\/page"}],"author":[{"embeddable":true,"href":"https:\/\/www.sakarincitykodit.fi\/lt\/wp-json\/wp\/v2\/users\/3"}],"replies":[{"embeddable":true,"href":"https:\/\/www.sakarincitykodit.fi\/lt\/wp-json\/wp\/v2\/comments?post=4282"}],"version-history":[{"count":0,"href":"https:\/\/www.sakarincitykodit.fi\/lt\/wp-json\/wp\/v2\/pages\/4282\/revisions"}],"up":[{"embeddable":true,"href":"https:\/\/www.sakarincitykodit.fi\/lt\/wp-json\/wp\/v2\/pages\/4379"}],"wp:attachment":[{"href":"https:\/\/www.sakarincitykodit.fi\/lt\/wp-json\/wp\/v2\/media?parent=4282"}],"curies":[{"name":"wp","href":"https:\/\/api.w.org\/{rel}","templated":true}]}}