{"id":4252,"date":"2018-11-05T09:50:53","date_gmt":"2018-11-05T07:50:53","guid":{"rendered":"https:\/\/www.sakarincitykodit.fi\/baldais-apstatytas-nuoma-turku\/"},"modified":"2021-09-01T14:36:51","modified_gmt":"2021-09-01T12:36:51","slug":"baldais-apstatytas-nuoma-turku","status":"publish","type":"page","link":"https:\/\/www.sakarincitykodit.fi\/lt\/musu-vieta\/baldais-apstatytas-nuoma-turku\/","title":{"rendered":"Baldais apstatytas nuoma Turku"},"content":{"rendered":"\t\t<div data-elementor-type=\"wp-page\" data-elementor-id=\"4252\" class=\"elementor elementor-4252 elementor-1232\">\n\t\t\t\t\t\t<section class=\"elementor-section elementor-top-section elementor-element elementor-element-1e454c91 elementor-section-boxed elementor-section-height-default elementor-section-height-default\" data-id=\"1e454c91\" data-element_type=\"section\">\n\t\t\t\t\t\t<div class=\"elementor-container elementor-column-gap-default\">\n\t\t\t\t\t<div class=\"elementor-column elementor-col-100 elementor-top-column elementor-element elementor-element-bc49f51\" data-id=\"bc49f51\" data-element_type=\"column\">\n\t\t\t<div class=\"elementor-widget-wrap elementor-element-populated\">\n\t\t\t\t\t\t<div class=\"elementor-element elementor-element-643f7727 elementor-widget elementor-widget-text-editor\" data-id=\"643f7727\" data-element_type=\"widget\" data-widget_type=\"text-editor.default\">\n\t\t\t\t<div class=\"elementor-widget-container\">\n\t\t\t\t\t\t\t\t\t<div id=\"pl-1232\" class=\"panel-layout\">\n<div id=\"pg-1232-0\" class=\"panel-grid panel-no-style\" data-style=\"{\"background_display\":\"tile\",\"cell_alignment\":\"flex-start\"}\">\n<div id=\"pgc-1232-0-0\" class=\"panel-grid-cell\" data-weight=\"1\">\n<div id=\"panel-1232-0-0-0\" class=\"so-panel widget widget_sow-editor panel-first-child\" data-index=\"0\" data-style=\"{\"padding\":\"0px 0px 0px 60px\",\"background_image_attachment\":false,\"background_display\":\"tile\"}\">\n<div class=\"panel-widget-style panel-widget-style-for-1232-0-0-0\">\n<div class=\"so-widget-sow-editor so-widget-sow-editor-base\">\n<div class=\"siteorigin-widget-tinymce textwidget\">\n<h2><b>Baldais apstatyti b\u016bstai Turku<\/b><b><br \/>\n<\/b><\/h2>\n<p><span style=\"font-weight: 400;\">Gerai \u012frengti ir funkcional\u016bs baldais apstatyti nuomojami apartamentai, \u012fsik\u016br\u0119 centrin\u0117je Turku vietoje, rasite plat\u0173 m\u016bs\u0173 pasirinkim\u0105. M\u016bs\u0173 i\u0161 anksto \u012frengti nuomojami apartamentai tinka koncert\u0173 darbuotojams, pavyzd\u017eiui, ar kitaip \u017emon\u0117ms, kuriems reikia laikinos nuomos. Auk\u0161tos kokyb\u0117s butai, kuriuos nuomojame, taip pat tinka verslo b\u016bsto poreikiams. Sve\u010diai ar j\u0173 darbuotojai gal\u0117s m\u0117gautis skoningai dekoruotais apartamentais, kuriose yra viskas, ko jums reikia. U\u017e savo dur\u0173 galite gyventi savo, ir j\u016bs galite m\u0117gautis auk\u0161tos kokyb\u0117s \u012franga normaliam kasdieniam gyvenimui, pavyzd\u017eiui, skalbimo. Laisvalaikiu lengva atsigauti patogioje aplinkoje.<\/span><\/p>\n<h2><b>Mes nuomojame butus, \u012frengtus Turku trumpam<\/b><\/h2>\n<p><span style=\"font-weight: 400;\">Trumpalaiki\u0173 b\u016bst\u0173 gali prireikti, pavyzd\u017eiui, komandiruot\u0117s metu. Poreikis gali b\u016bti savait\u0117 ar kiti metai \u2013 per mus tuo tarpu galite gauti patogi\u0105 ir auk\u0161tos kokyb\u0117s baz\u0119. Patogioje laikinoje &#8222;d&#8217;o&#8221;, tai lengva nugara savo kasdieniame gyvenime. I\u0161sinuomoti baldais but\u0105 Turku yra labiausiai be streso sprendimas. Persik\u0117limas \u012f nauj\u0105 but\u0105 be stresin\u0117s judan\u010di\u0173 priemoni\u0173, pvz., pakavimo, preki\u0173 ve\u017eimo ir sutar\u010di\u0173 perk\u0117limo nauju adresu. Gr\u012f\u017etant prie nuolatinio buto yra taip skland\u017eiai laiko, jums nereikia eiti su jumis, nei jums reikia drabu\u017ei\u0173 ir svarbiausi\u0173 asmenini\u0173 daikt\u0173.<\/span><\/p>\n<h2><b>M\u016bs\u0173 nemokama nuoma butai yra lengvai palyginami internete<\/b><\/h2>\n<p><span style=\"font-weight: 400;\">M\u016bs\u0173 svetain\u0117je galite pamatyti visus m\u016bs\u0173 turimus apstatytus nuomojamus apartamentus Turku ir lengvai juos palyginti. Kai visi nuomojami apartamentai pateikiami toje pa\u010dioje vietoje, sunku pasirinkti tinkam\u0105 nuomojam\u0105 but\u0105. Rad\u0119 tinkamo dyd\u017eio but\u0105 ir atitinkant\u012f j\u016bs\u0173 poreikius, susisiekite su mumis, kad gal\u0117tum\u0117te jud\u0117ti. J\u016bs b\u016bsite nustebinti, kaip paprasta ir skland\u017eiai ji gali b\u016bti i\u0161sinuomoti but\u0105 per trump\u0105 laik\u0105!<\/span><\/p>\n<h2><b>M\u016bs\u0173 baldais butai yra Turku palei puikias transporto jungtis<\/b><\/h2>\n<p><span style=\"font-weight: 400;\">M\u016bs\u0173 baldais apstatyti nuomojami apartamentai Turku yra labai funkcional\u016bs ir patog\u016bs, jie taip pat yra pirmos klas\u0117s vietoje. M\u016bs\u0173 butas yra skirtas tarnauti kuo daugiau plataus klient\u0173 baz\u0119, kaip \u012fmanoma ir kad jie gal\u0117t\u0173 teikti nam\u0173 nustatymas vis\u0173 r\u016b\u0161i\u0173 laikino b\u016bsto! J\u016bs mokate tik nuom\u0105 u\u017e laik\u0105, kur\u012f gyvenate bute, kaip ir vie\u0161butyje, ta\u010diau lankstumo, paprastumo ir daugelio kit\u0173 dalyk\u0173 po\u017ei\u016briu, apstatytas baldais apstatytas butas skiriasi nuo vie\u0161bu\u010dio nuomos.<\/span><\/p>\n<\/div>\n<\/div>\n<\/div>\n<\/div>\n<div id=\"panel-1232-0-0-1\" class=\"so-panel widget widget_text panel-last-child\" data-index=\"1\" data-style=\"{\"background_image_attachment\":false,\"background_display\":\"tile\"}\">\n<div class=\"textwidget\">\n<h2><b>Mes atsakysime \u012f J\u016bs\u0173 klausimus telefonu arba elektroniniu pa\u0161tu<\/b><\/h2>\n<p><span style=\"font-weight: 400;\">Nor\u0117dami su\u017einoti daugiau apie i\u0161sinuomoti apstatytus nuomojamus apartamentus, susisiekite su mumis el. pa\u0161tu varaus@sakarincitykodit.fi arba telefonu <a href=\"tel:+358440880567\">+358 44 0880567<\/a>. Mes pad\u0117sime Jums su visais j\u016bs\u0173 apgyvendinimo ir i\u0161sisukin\u0117ti erdv\u0117s i\u0161\u0161\u016bkius. Mes taip pat teikiame jums galingus sprendimus, kad tilpt\u0173 didesnes komandas.<\/span><\/p>\n<\/div>\n<\/div>\n<\/div>\n<\/div>\n<\/div>\n\t\t\t\t\t\t\t\t<\/div>\n\t\t\t\t<\/div>\n\t\t\t\t\t<\/div>\n\t\t<\/div>\n\t\t\t\t\t<\/div>\n\t\t<\/section>\n\t\t\t\t<\/div>\n\t\t","protected":false},"excerpt":{"rendered":"<p>Turku vapaat asunnot Kerrostaloasunto Kaarina keskusta | KT 3h+k 80m2 HETI VAPAA Em\u00e4nn\u00e4nkatu 6 Kaarina Kerrostaloasunto Turku City Center | KT 2h+k+sauna 63m2 | released on 1 August 2020 Baldais apstatyti b\u016bstai Turku Gerai \u012frengti ir funkcional\u016bs baldais apstatyti nuomojami apartamentai, \u012fsik\u016br\u0119 centrin\u0117je Turku vietoje, rasite plat\u0173 m\u016bs\u0173 pasirinkim\u0105. M\u016bs\u0173 i\u0161 anksto \u012frengti nuomojami apartamentai [&hellip;]<\/p>\n","protected":false},"author":3,"featured_media":0,"parent":4379,"menu_order":0,"comment_status":"closed","ping_status":"closed","template":"","meta":{"footnotes":""},"class_list":["post-4252","page","type-page","status-publish","hentry"],"yoast_head":"<!-- This site is optimized with the Yoast SEO plugin v24.9 - https:\/\/yoast.com\/wordpress\/plugins\/seo\/ -->\n<title>Baldais apstatytas nuoma Turku - Sakarin Citykodit<\/title>\n<meta name=\"robots\" content=\"index, follow, max-snippet:-1, max-image-preview:large, max-video-preview:-1\" \/>\n<link rel=\"canonical\" href=\"https:\/\/www.sakarincitykodit.fi\/lt\/musu-vieta\/baldais-apstatytas-nuoma-turku\/\" \/>\n<meta property=\"og:locale\" content=\"lt_LT\" \/>\n<meta property=\"og:type\" content=\"article\" \/>\n<meta property=\"og:title\" content=\"Baldais apstatytas nuoma Turku - Sakarin Citykodit\" \/>\n<meta property=\"og:description\" content=\"Turku vapaat asunnot Kerrostaloasunto Kaarina keskusta | KT 3h+k 80m2 HETI VAPAA Em\u00e4nn\u00e4nkatu 6 Kaarina Kerrostaloasunto Turku City Center | KT 2h+k+sauna 63m2 | released on 1 August 2020 Baldais apstatyti b\u016bstai Turku Gerai \u012frengti ir funkcional\u016bs baldais apstatyti nuomojami apartamentai, \u012fsik\u016br\u0119 centrin\u0117je Turku vietoje, rasite plat\u0173 m\u016bs\u0173 pasirinkim\u0105. M\u016bs\u0173 i\u0161 anksto \u012frengti nuomojami apartamentai [&hellip;]\" \/>\n<meta property=\"og:url\" content=\"https:\/\/www.sakarincitykodit.fi\/lt\/musu-vieta\/baldais-apstatytas-nuoma-turku\/\" \/>\n<meta property=\"og:site_name\" content=\"Sakarin Citykodit\" \/>\n<meta property=\"article:modified_time\" content=\"2021-09-01T12:36:51+00:00\" \/>\n<meta name=\"twitter:card\" content=\"summary_large_image\" \/>\n<meta name=\"twitter:label1\" content=\"Est. reading time\" \/>\n\t<meta name=\"twitter:data1\" content=\"3 minut\u0117s\" \/>\n<script type=\"application\/ld+json\" class=\"yoast-schema-graph\">{\"@context\":\"https:\/\/schema.org\",\"@graph\":[{\"@type\":\"WebPage\",\"@id\":\"https:\/\/www.sakarincitykodit.fi\/lt\/musu-vieta\/baldais-apstatytas-nuoma-turku\/\",\"url\":\"https:\/\/www.sakarincitykodit.fi\/lt\/musu-vieta\/baldais-apstatytas-nuoma-turku\/\",\"name\":\"Baldais apstatytas nuoma Turku - Sakarin Citykodit\",\"isPartOf\":{\"@id\":\"https:\/\/www.sakarincitykodit.fi\/lt\/#website\"},\"datePublished\":\"2018-11-05T07:50:53+00:00\",\"dateModified\":\"2021-09-01T12:36:51+00:00\",\"breadcrumb\":{\"@id\":\"https:\/\/www.sakarincitykodit.fi\/lt\/musu-vieta\/baldais-apstatytas-nuoma-turku\/#breadcrumb\"},\"inLanguage\":\"lt-LT\",\"potentialAction\":[{\"@type\":\"ReadAction\",\"target\":[\"https:\/\/www.sakarincitykodit.fi\/lt\/musu-vieta\/baldais-apstatytas-nuoma-turku\/\"]}]},{\"@type\":\"BreadcrumbList\",\"@id\":\"https:\/\/www.sakarincitykodit.fi\/lt\/musu-vieta\/baldais-apstatytas-nuoma-turku\/#breadcrumb\",\"itemListElement\":[{\"@type\":\"ListItem\",\"position\":1,\"name\":\"Nam\u0173\",\"item\":\"https:\/\/www.sakarincitykodit.fi\/lt\/\"},{\"@type\":\"ListItem\",\"position\":2,\"name\":\"M\u016bs\u0173 vieta\",\"item\":\"https:\/\/www.sakarincitykodit.fi\/lt\/musu-vieta\/\"},{\"@type\":\"ListItem\",\"position\":3,\"name\":\"Baldais apstatytas nuoma Turku\"}]},{\"@type\":\"WebSite\",\"@id\":\"https:\/\/www.sakarincitykodit.fi\/lt\/#website\",\"url\":\"https:\/\/www.sakarincitykodit.fi\/lt\/\",\"name\":\"Sakarin Citykodit\",\"description\":\"Vuokraamme vapaat kalustetut vuokra-asunnot ymp&auml;ri Suomen!\",\"publisher\":{\"@id\":\"https:\/\/www.sakarincitykodit.fi\/lt\/#organization\"},\"potentialAction\":[{\"@type\":\"SearchAction\",\"target\":{\"@type\":\"EntryPoint\",\"urlTemplate\":\"https:\/\/www.sakarincitykodit.fi\/lt\/?s={search_term_string}\"},\"query-input\":{\"@type\":\"PropertyValueSpecification\",\"valueRequired\":true,\"valueName\":\"search_term_string\"}}],\"inLanguage\":\"lt-LT\"},{\"@type\":\"Organization\",\"@id\":\"https:\/\/www.sakarincitykodit.fi\/lt\/#organization\",\"name\":\"Sakarin Citykodit\",\"url\":\"https:\/\/www.sakarincitykodit.fi\/lt\/\",\"logo\":{\"@type\":\"ImageObject\",\"inLanguage\":\"lt-LT\",\"@id\":\"https:\/\/www.sakarincitykodit.fi\/lt\/#\/schema\/logo\/image\/\",\"url\":\"https:\/\/www.sakarincitykodit.fi\/wp-content\/uploads\/sakarin-citykodit-logo-245.png\",\"contentUrl\":\"https:\/\/www.sakarincitykodit.fi\/wp-content\/uploads\/sakarin-citykodit-logo-245.png\",\"width\":245,\"height\":39,\"caption\":\"Sakarin Citykodit\"},\"image\":{\"@id\":\"https:\/\/www.sakarincitykodit.fi\/lt\/#\/schema\/logo\/image\/\"}}]}<\/script>\n<!-- \/ Yoast SEO plugin. -->","yoast_head_json":{"title":"Baldais apstatytas nuoma Turku - Sakarin Citykodit","robots":{"index":"index","follow":"follow","max-snippet":"max-snippet:-1","max-image-preview":"max-image-preview:large","max-video-preview":"max-video-preview:-1"},"canonical":"https:\/\/www.sakarincitykodit.fi\/lt\/musu-vieta\/baldais-apstatytas-nuoma-turku\/","og_locale":"lt_LT","og_type":"article","og_title":"Baldais apstatytas nuoma Turku - Sakarin Citykodit","og_description":"Turku vapaat asunnot Kerrostaloasunto Kaarina keskusta | KT 3h+k 80m2 HETI VAPAA Em\u00e4nn\u00e4nkatu 6 Kaarina Kerrostaloasunto Turku City Center | KT 2h+k+sauna 63m2 | released on 1 August 2020 Baldais apstatyti b\u016bstai Turku Gerai \u012frengti ir funkcional\u016bs baldais apstatyti nuomojami apartamentai, \u012fsik\u016br\u0119 centrin\u0117je Turku vietoje, rasite plat\u0173 m\u016bs\u0173 pasirinkim\u0105. M\u016bs\u0173 i\u0161 anksto \u012frengti nuomojami apartamentai [&hellip;]","og_url":"https:\/\/www.sakarincitykodit.fi\/lt\/musu-vieta\/baldais-apstatytas-nuoma-turku\/","og_site_name":"Sakarin Citykodit","article_modified_time":"2021-09-01T12:36:51+00:00","twitter_card":"summary_large_image","twitter_misc":{"Est. reading time":"3 minut\u0117s"},"schema":{"@context":"https:\/\/schema.org","@graph":[{"@type":"WebPage","@id":"https:\/\/www.sakarincitykodit.fi\/lt\/musu-vieta\/baldais-apstatytas-nuoma-turku\/","url":"https:\/\/www.sakarincitykodit.fi\/lt\/musu-vieta\/baldais-apstatytas-nuoma-turku\/","name":"Baldais apstatytas nuoma Turku - Sakarin Citykodit","isPartOf":{"@id":"https:\/\/www.sakarincitykodit.fi\/lt\/#website"},"datePublished":"2018-11-05T07:50:53+00:00","dateModified":"2021-09-01T12:36:51+00:00","breadcrumb":{"@id":"https:\/\/www.sakarincitykodit.fi\/lt\/musu-vieta\/baldais-apstatytas-nuoma-turku\/#breadcrumb"},"inLanguage":"lt-LT","potentialAction":[{"@type":"ReadAction","target":["https:\/\/www.sakarincitykodit.fi\/lt\/musu-vieta\/baldais-apstatytas-nuoma-turku\/"]}]},{"@type":"BreadcrumbList","@id":"https:\/\/www.sakarincitykodit.fi\/lt\/musu-vieta\/baldais-apstatytas-nuoma-turku\/#breadcrumb","itemListElement":[{"@type":"ListItem","position":1,"name":"Nam\u0173","item":"https:\/\/www.sakarincitykodit.fi\/lt\/"},{"@type":"ListItem","position":2,"name":"M\u016bs\u0173 vieta","item":"https:\/\/www.sakarincitykodit.fi\/lt\/musu-vieta\/"},{"@type":"ListItem","position":3,"name":"Baldais apstatytas nuoma Turku"}]},{"@type":"WebSite","@id":"https:\/\/www.sakarincitykodit.fi\/lt\/#website","url":"https:\/\/www.sakarincitykodit.fi\/lt\/","name":"Sakarin Citykodit","description":"Vuokraamme vapaat kalustetut vuokra-asunnot ymp&auml;ri Suomen!","publisher":{"@id":"https:\/\/www.sakarincitykodit.fi\/lt\/#organization"},"potentialAction":[{"@type":"SearchAction","target":{"@type":"EntryPoint","urlTemplate":"https:\/\/www.sakarincitykodit.fi\/lt\/?s={search_term_string}"},"query-input":{"@type":"PropertyValueSpecification","valueRequired":true,"valueName":"search_term_string"}}],"inLanguage":"lt-LT"},{"@type":"Organization","@id":"https:\/\/www.sakarincitykodit.fi\/lt\/#organization","name":"Sakarin Citykodit","url":"https:\/\/www.sakarincitykodit.fi\/lt\/","logo":{"@type":"ImageObject","inLanguage":"lt-LT","@id":"https:\/\/www.sakarincitykodit.fi\/lt\/#\/schema\/logo\/image\/","url":"https:\/\/www.sakarincitykodit.fi\/wp-content\/uploads\/sakarin-citykodit-logo-245.png","contentUrl":"https:\/\/www.sakarincitykodit.fi\/wp-content\/uploads\/sakarin-citykodit-logo-245.png","width":245,"height":39,"caption":"Sakarin Citykodit"},"image":{"@id":"https:\/\/www.sakarincitykodit.fi\/lt\/#\/schema\/logo\/image\/"}}]}},"_links":{"self":[{"href":"https:\/\/www.sakarincitykodit.fi\/lt\/wp-json\/wp\/v2\/pages\/4252","targetHints":{"allow":["GET"]}}],"collection":[{"href":"https:\/\/www.sakarincitykodit.fi\/lt\/wp-json\/wp\/v2\/pages"}],"about":[{"href":"https:\/\/www.sakarincitykodit.fi\/lt\/wp-json\/wp\/v2\/types\/page"}],"author":[{"embeddable":true,"href":"https:\/\/www.sakarincitykodit.fi\/lt\/wp-json\/wp\/v2\/users\/3"}],"replies":[{"embeddable":true,"href":"https:\/\/www.sakarincitykodit.fi\/lt\/wp-json\/wp\/v2\/comments?post=4252"}],"version-history":[{"count":0,"href":"https:\/\/www.sakarincitykodit.fi\/lt\/wp-json\/wp\/v2\/pages\/4252\/revisions"}],"up":[{"embeddable":true,"href":"https:\/\/www.sakarincitykodit.fi\/lt\/wp-json\/wp\/v2\/pages\/4379"}],"wp:attachment":[{"href":"https:\/\/www.sakarincitykodit.fi\/lt\/wp-json\/wp\/v2\/media?parent=4252"}],"curies":[{"name":"wp","href":"https:\/\/api.w.org\/{rel}","templated":true}]}}