{"id":4236,"date":"2018-11-05T09:48:59","date_gmt":"2018-11-05T07:48:59","guid":{"rendered":"https:\/\/www.sakarincitykodit.fi\/pateikti-nuoma-mieste-tampere\/"},"modified":"2021-09-15T16:25:33","modified_gmt":"2021-09-15T14:25:33","slug":"pateikti-nuoma-mieste-tampere","status":"publish","type":"page","link":"https:\/\/www.sakarincitykodit.fi\/lt\/musu-vieta\/pateikti-nuoma-mieste-tampere\/","title":{"rendered":"Pateikti nuoma mieste Tampere"},"content":{"rendered":"\t\t<div data-elementor-type=\"wp-page\" data-elementor-id=\"4236\" class=\"elementor elementor-4236 elementor-1228\">\n\t\t\t\t\t\t<section class=\"elementor-section elementor-top-section elementor-element elementor-element-139bdf25 elementor-section-boxed elementor-section-height-default elementor-section-height-default\" data-id=\"139bdf25\" data-element_type=\"section\">\n\t\t\t\t\t\t<div class=\"elementor-container elementor-column-gap-default\">\n\t\t\t\t\t<div class=\"elementor-column elementor-col-100 elementor-top-column elementor-element elementor-element-1c61de8\" data-id=\"1c61de8\" data-element_type=\"column\">\n\t\t\t<div class=\"elementor-widget-wrap elementor-element-populated\">\n\t\t\t\t\t\t<div class=\"elementor-element elementor-element-26b1e51f elementor-widget elementor-widget-text-editor\" data-id=\"26b1e51f\" data-element_type=\"widget\" data-widget_type=\"text-editor.default\">\n\t\t\t\t<div class=\"elementor-widget-container\">\n\t\t\t\t\t\t\t\t\t<div id=\"pl-1228\" class=\"panel-layout\">\n<div id=\"pg-1228-0\" class=\"panel-grid panel-no-style\" data-style=\"{\">\n<div id=\"pgc-1228-0-0\" class=\"panel-grid-cell\" data-weight=\"1\">\n<div id=\"panel-1228-0-0-0\" class=\"so-panel widget widget_sow-editor panel-first-child panel-last-child\" data-index=\"0\" data-style=\"{\">\n<div class=\"panel-widget-style panel-widget-style-for-1228-0-0-0\">\n<div class=\"so-widget-sow-editor so-widget-sow-editor-base\">\n<div class=\"siteorigin-widget-tinymce textwidget\">\n<h1>Nemokama baldais nuoma Tampere<\/h1>\n<p>Ar praleid\u017eiate skirting\u0105 laiko trukm\u0119 keliose vietose, pavyzd\u017eiui, darbe? O gal j\u016bs\u0173 \u012fmon\u0117 turi koncert\u0173 darbo viet\u0173 visoje Suomijoje, tod\u0117l j\u016bs\u0173 \u012fmonei reikia nakt\u0173 j\u016bs\u0173 darbuotojams? Apgyvendinimas vie\u0161butyje n\u0117ra vienintelis ir tikrai ne visada geriausias pasirinkimas tokiems poreikiams. Baldais apstatyt\u0173 apartament\u0173 privalumai gali b\u016bti vieta, privatumas, naudojimo paprastumas ir kaina. Mes si\u016blome plat\u0173 apstatyt\u0173 nuomojam\u0173 but\u0173 asortiment\u0105 skirtingiems apgyvendinimo ilgiams.<\/p>\n<h4>Ar norite, kad mes jums paskambintume apie laisvus apartamentus Tampere? Palikite atgalin\u012f skambut\u012f!<\/h4>\n\n<div class=\"wpcf7 no-js\" id=\"wpcf7-f5349-o1\" lang=\"lt-LT\" dir=\"ltr\" data-wpcf7-id=\"5349\">\n<div class=\"screen-reader-response\"><p role=\"status\" aria-live=\"polite\" aria-atomic=\"true\"><\/p> <ul><\/ul><\/div>\n<form action=\"\/lt\/wp-json\/wp\/v2\/pages\/4236#wpcf7-f5349-o1\" method=\"post\" class=\"wpcf7-form init\" aria-label=\"Kontakt\u0173 forma\" novalidate=\"novalidate\" data-status=\"init\">\n<div style=\"display: none;\">\n<input type=\"hidden\" name=\"_wpcf7\" value=\"5349\" \/>\n<input type=\"hidden\" name=\"_wpcf7_version\" value=\"6.0.6\" \/>\n<input type=\"hidden\" name=\"_wpcf7_locale\" value=\"lt_LT\" \/>\n<input type=\"hidden\" name=\"_wpcf7_unit_tag\" value=\"wpcf7-f5349-o1\" \/>\n<input type=\"hidden\" name=\"_wpcf7_container_post\" value=\"0\" \/>\n<input type=\"hidden\" name=\"_wpcf7_posted_data_hash\" value=\"\" \/>\n<\/div>\n<p><label>Enter your details and our business sales will contact you as soon as possible!<br \/>\n<\/label>\n<\/p>\n<div class=\"contact-us\">\n\t<div class=\"row\">\n\t\t<div class=\"col-xs-12 col-sm-6\">\n\t\t\t<p><span class=\"wpcf7-form-control-wrap\" data-name=\"your-yritys\"><input size=\"40\" maxlength=\"400\" class=\"wpcf7-form-control wpcf7-text wpcf7-validates-as-required form-control\" aria-required=\"true\" aria-invalid=\"false\" placeholder=\"The Company Name\" value=\"\" type=\"text\" name=\"your-yritys\" \/><\/span>\n\t\t\t<\/p>\n\t\t<\/div>\n\t\t<div class=\"col-xs-12 col-sm-6\">\n\t\t\t<p><span class=\"wpcf7-form-control-wrap\" data-name=\"your-tel\"><input size=\"40\" maxlength=\"400\" class=\"wpcf7-form-control wpcf7-tel wpcf7-validates-as-required wpcf7-text wpcf7-validates-as-tel form-control\" aria-required=\"true\" aria-invalid=\"false\" placeholder=\"Phone number\" value=\"\" type=\"tel\" name=\"your-tel\" \/><\/span>\n\t\t\t<\/p>\n\t\t<\/div>\n\t\t<div class=\"col-xs-12 col-sm-12\">\n\t\t\t<p><span class=\"wpcf7-form-control-wrap\" data-name=\"your-email\"><input size=\"40\" maxlength=\"400\" class=\"wpcf7-form-control wpcf7-email wpcf7-validates-as-required wpcf7-text wpcf7-validates-as-email form-control\" aria-required=\"true\" aria-invalid=\"false\" placeholder=\"Email\" value=\"\" type=\"email\" name=\"your-email\" \/><\/span>\n\t\t\t<\/p>\n\t\t<\/div>\n\t<\/div>\n\t<div class=\"clearfix\">\n\t\t<p><input class=\"wpcf7-form-control wpcf7-submit has-spinner btn pull-right btn-theme btn-inverse border-2\" type=\"submit\" value=\"Please contact me!\" \/>\n\t\t<\/p>\n\t<\/div>\n<\/div><div class=\"wpcf7-response-output\" aria-hidden=\"true\"><\/div>\n<\/form>\n<\/div>\n\n<h2>Trumpalaik\u0117s buto nuoma Tampere<\/h2>\n<p>Galite i\u0161sinuomoti trumpalaik\u012f but\u0105 Tampere su baldais vasaros atostogoms. Nam\u0173 gyvenimo forma leid\u017eia jums padaryti daug dalyk\u0173, kuri\u0173 da\u017enai negalite atlikti vie\u0161butyje, pavyzd\u017eiui, maisto ruo\u0161imui, didesniam privatumui, sve\u010di\u0173 kvietimui, o kartais net ir savo kieme ir prie\u017ei\u016brai. Galima persikelti \u012f trumpalaik\u012f but\u0105 su visa \u0161eima, jei, nors vienas i\u0161 t\u0117v\u0173 turi terminuotus darbo santykius su vietove, ta\u010diau \u0161eima nenori jud\u0117ti visam laikui. Jei norite pereiti prie Tampere ribot\u0105 laik\u0105, taip pat pa\u017evelkite \u012f apstatyt\u0173 nuomojam\u0173 but\u0173 pasi\u016blym\u0105.<\/p>\n<h2>Visus m\u016bs\u0173 nemokamus nuomojamus apartamentus galite rasti vienu metu<\/h2>\n<p>Apstatyt\u0173 nuomojam\u0173 but\u0173 paie\u0161ka yra labai palengvinta, jei nemokami b\u016bstai yra vienoje vietoje vienu metu, ir j\u016bs neturite gai\u0161ti laiko daugeliui paslaug\u0173 teik\u0117j\u0173. Taip sakarincitykodit.fi veikia. \u010cia, nemokamai apstatyti nuomojami apartamentai yra i\u0161vardyti pagal vietoves keliose vietose aplink Suomij\u0105. Nemokami apartamentai atnaujinami kas 24 valandas, tod\u0117l kiekvien\u0105 dien\u0105 galite steb\u0117ti \u012frengt\u0173 nuomojam\u0173 apartament\u0173 situacij\u0105 skirtingose vietose. Tiesiog paspauskite ant paskirties viet\u0105 svetain\u0117je ir su\u017einoti, kuris butas tikt\u0173 jums geriausiai.<\/p>\n<h3>\u012erengti apartamentai j\u016bs\u0173 poreikiams su Tampere transportu<\/h3>\n<p>Apartamentai nuomojami nuom\u0105 Tampere, labai arti transporto jung\u010di\u0173. Ne visada gali b\u016bti geriau gyventi miesto \u0161irdyje, kur yra dauguma vie\u0161bu\u010di\u0173, kur \u012frengtas nuomojamas butas, pavyzd\u017eiui, autobuso ry\u0161io pabaigoje yra puikus sprendimas. I\u0161sinuomoti baldais but\u0105 yra taip pat paprasta, kaip pirkti vie\u0161bu\u010dio nakt\u012f, bet su didesniu lankstumu ir laisve. Trumpalaiki\u0173 nuomos santyki\u0173 metu jums nereikia b\u016bti susietai su vienu kambariu, bet tur\u0117site prieig\u0105 prie viso buto.<\/p>\n<h3>Kontakto!<\/h3>\n<p>Ar turite klausim\u0173 apie trumpalaik\u012f buto nuom\u0105, ar tiesiog norite i\u0161girsti daugiau? Susisiekite su mumis ir mes jums pasakysime, kaip lengva i\u0161sinuomoti trumpalaik\u012f baldais but\u0105! Su mumis galite susisiekti telefonu, el. pa\u0161tu arba u\u017epildydami \u017eemiau esan\u010di\u0105 form\u0105.<\/p>\n\n<div class=\"wpcf7 no-js\" id=\"wpcf7-f5342-o2\" lang=\"lt-LT\" dir=\"ltr\" data-wpcf7-id=\"5342\">\n<div class=\"screen-reader-response\"><p role=\"status\" aria-live=\"polite\" aria-atomic=\"true\"><\/p> <ul><\/ul><\/div>\n<form action=\"\/lt\/wp-json\/wp\/v2\/pages\/4236#wpcf7-f5342-o2\" method=\"post\" class=\"wpcf7-form init\" aria-label=\"Kontakt\u0173 forma\" novalidate=\"novalidate\" data-status=\"init\">\n<div style=\"display: none;\">\n<input type=\"hidden\" name=\"_wpcf7\" value=\"5342\" \/>\n<input type=\"hidden\" name=\"_wpcf7_version\" value=\"6.0.6\" \/>\n<input type=\"hidden\" name=\"_wpcf7_locale\" value=\"lt_LT\" \/>\n<input type=\"hidden\" name=\"_wpcf7_unit_tag\" value=\"wpcf7-f5342-o2\" \/>\n<input type=\"hidden\" name=\"_wpcf7_container_post\" value=\"0\" \/>\n<input type=\"hidden\" name=\"_wpcf7_posted_data_hash\" value=\"\" \/>\n<\/div>\n<div class=\"contact-us\">\n\t<div class=\"row\">\n\t\t<div class=\"col-xs-12 col-sm-6\">\n\t\t\t<p><span class=\"wpcf7-form-control-wrap\" data-name=\"your-name\"><input size=\"40\" maxlength=\"400\" class=\"wpcf7-form-control wpcf7-text wpcf7-validates-as-required form-control\" aria-required=\"true\" aria-invalid=\"false\" placeholder=\"\u012emon\u0117s pavadinimas\" value=\"\" type=\"text\" name=\"your-name\" \/><\/span>\n\t\t\t<\/p>\n\t\t<\/div>\n\t\t<div class=\"col-xs-12 col-sm-6\">\n\t\t\t<p><span class=\"wpcf7-form-control-wrap\" data-name=\"your-tel\"><input size=\"40\" maxlength=\"400\" class=\"wpcf7-form-control wpcf7-tel wpcf7-validates-as-required wpcf7-text wpcf7-validates-as-tel form-control\" aria-required=\"true\" aria-invalid=\"false\" placeholder=\"Tel\" value=\"\" type=\"tel\" name=\"your-tel\" \/><\/span>\n\t\t\t<\/p>\n\t\t<\/div>\n\t\t<div class=\"col-xs-12 col-sm-12\">\n\t\t\t<p><span class=\"wpcf7-form-control-wrap\" data-name=\"your-email\"><input size=\"40\" maxlength=\"400\" class=\"wpcf7-form-control wpcf7-email wpcf7-validates-as-required wpcf7-text wpcf7-validates-as-email form-control\" aria-required=\"true\" aria-invalid=\"false\" placeholder=\"Email\" value=\"\" type=\"email\" name=\"your-email\" \/><\/span>\n\t\t\t<\/p>\n\t\t<\/div>\n\t\t<div class=\"col-xs-12 col-sm-6\">\n\t\t\t<labal>Miesto\n\t\t\t\t<p><span class=\"wpcf7-form-control-wrap\" data-name=\"menu-905\"><select class=\"wpcf7-form-control wpcf7-select wpcf7-validates-as-required\" aria-required=\"true\" aria-invalid=\"false\" name=\"menu-905\"><option value=\"Espoo\">Espoo<\/option><option value=\"Hamina\">Hamina<\/option><option value=\"Helsinki\">Helsinki<\/option><option value=\"Jyv\u00e4skyl\u00e4\">Jyv\u00e4skyl\u00e4<\/option><option value=\"J\u00e4rvenp\u00e4\u00e4\">J\u00e4rvenp\u00e4\u00e4<\/option><option value=\"Kerava\">Kerava<\/option><option value=\"Kuopio\">Kuopio<\/option><option value=\"Oulu\">Oulu<\/option><option value=\"Porvoo\">Porvoo<\/option><option value=\"Tampere\">Tampere<\/option><option value=\"Turku\">Turku<\/option><option value=\"Vaasa\">Vaasa<\/option><option value=\"Vantaa\">Vantaa<\/option><option value=\"Ka\u017ekas dar, kas\">Ka\u017ekas dar, kas<\/option><\/select><\/span>\n\t\t\t\t<\/p>\n\t\t\t<\/labal>\n\t\t<\/div>\n\t\t<div class=\"col-xs-12 col-sm-6\">\n\t\t\t<p><span class=\"wpcf7-form-control-wrap\" data-name=\"your-omakaupunki\"><input size=\"40\" maxlength=\"400\" class=\"wpcf7-form-control wpcf7-text form-control\" aria-invalid=\"false\" placeholder=\"Kitas miestas\" value=\"\" type=\"text\" name=\"your-omakaupunki\" \/><\/span>\n\t\t\t<\/p>\n\t\t<\/div>\n\t\t<div class=\"col-xs-12 col-sm-6\">\n\t\t\t<labal>Atvykimo:\n\t\t\t\t<p><span class=\"wpcf7-form-control-wrap\" data-name=\"date-946\"><input class=\"wpcf7-form-control wpcf7-date wpcf7-validates-as-date form-control\" aria-invalid=\"false\" placeholder=\"Atvykimo\" value=\"\" type=\"date\" name=\"date-946\" \/><\/span>\n\t\t\t\t<\/p>\n\t\t\t<\/labal>\n\t\t<\/div>\n\t\t<div class=\"col-xs-12 col-sm-6\">\n\t\t\t<labal>I\u0161vykimo:\n\t\t\t\t<p><span class=\"wpcf7-form-control-wrap\" data-name=\"date-706\"><input class=\"wpcf7-form-control wpcf7-date wpcf7-validates-as-date form-control\" aria-invalid=\"false\" placeholder=\"I\u0161vykimo data\" value=\"\" type=\"date\" name=\"date-706\" \/><\/span>\n\t\t\t\t<\/p>\n\t\t\t<\/labal>\n\t\t<\/div>\n\t<\/div>\n\t<div>\n\t\t<p><span class=\"wpcf7-form-control-wrap\" data-name=\"your-message\"><textarea cols=\"40\" rows=\"10\" maxlength=\"2000\" class=\"wpcf7-form-control wpcf7-textarea form-control\" aria-invalid=\"false\" placeholder=\"Message\" name=\"your-message\"><\/textarea><\/span>\n\t\t<\/p>\n\t<\/div>\n\t<div class=\"clearfix\">\n\t\t<p><input class=\"wpcf7-form-control wpcf7-submit has-spinner btn pull-right btn-theme btn-inverse border-2\" type=\"submit\" value=\"si\u0173sti\" \/>\n\t\t<\/p>\n\t<\/div>\n<\/div><div class=\"wpcf7-response-output\" aria-hidden=\"true\"><\/div>\n<\/form>\n<\/div>\n\n<\/div>\n<\/div>\n<\/div>\n<\/div>\n<\/div>\n<\/div>\n<\/div>\t\t\t\t\t\t\t\t<\/div>\n\t\t\t\t<\/div>\n\t\t\t\t\t<\/div>\n\t\t<\/div>\n\t\t\t\t\t<\/div>\n\t\t<\/section>\n\t\t\t\t<\/div>\n\t\t","protected":false},"excerpt":{"rendered":"<p>Nemokama baldais nuoma Tampere Ar praleid\u017eiate skirting\u0105 laiko trukm\u0119 keliose vietose, pavyzd\u017eiui, darbe? O gal j\u016bs\u0173 \u012fmon\u0117 turi koncert\u0173 darbo viet\u0173 visoje Suomijoje, tod\u0117l j\u016bs\u0173 \u012fmonei reikia nakt\u0173 j\u016bs\u0173 darbuotojams? Apgyvendinimas vie\u0161butyje n\u0117ra vienintelis ir tikrai ne visada geriausias pasirinkimas tokiems poreikiams. Baldais apstatyt\u0173 apartament\u0173 privalumai gali b\u016bti vieta, privatumas, naudojimo paprastumas ir kaina. Mes [&hellip;]<\/p>\n","protected":false},"author":3,"featured_media":0,"parent":4379,"menu_order":0,"comment_status":"closed","ping_status":"closed","template":"","meta":{"footnotes":""},"class_list":["post-4236","page","type-page","status-publish","hentry"],"yoast_head":"<!-- This site is optimized with the Yoast SEO plugin v24.9 - https:\/\/yoast.com\/wordpress\/plugins\/seo\/ -->\n<title>Pateikti nuoma mieste Tampere - Sakarin Citykodit<\/title>\n<meta name=\"robots\" content=\"index, follow, max-snippet:-1, max-image-preview:large, max-video-preview:-1\" \/>\n<link rel=\"canonical\" href=\"https:\/\/www.sakarincitykodit.fi\/lt\/musu-vieta\/pateikti-nuoma-mieste-tampere\/\" \/>\n<meta property=\"og:locale\" content=\"lt_LT\" \/>\n<meta property=\"og:type\" content=\"article\" \/>\n<meta property=\"og:title\" content=\"Pateikti nuoma mieste Tampere - Sakarin Citykodit\" \/>\n<meta property=\"og:description\" content=\"Nemokama baldais nuoma Tampere Ar praleid\u017eiate skirting\u0105 laiko trukm\u0119 keliose vietose, pavyzd\u017eiui, darbe? O gal j\u016bs\u0173 \u012fmon\u0117 turi koncert\u0173 darbo viet\u0173 visoje Suomijoje, tod\u0117l j\u016bs\u0173 \u012fmonei reikia nakt\u0173 j\u016bs\u0173 darbuotojams? Apgyvendinimas vie\u0161butyje n\u0117ra vienintelis ir tikrai ne visada geriausias pasirinkimas tokiems poreikiams. Baldais apstatyt\u0173 apartament\u0173 privalumai gali b\u016bti vieta, privatumas, naudojimo paprastumas ir kaina. Mes [&hellip;]\" \/>\n<meta property=\"og:url\" content=\"https:\/\/www.sakarincitykodit.fi\/lt\/musu-vieta\/pateikti-nuoma-mieste-tampere\/\" \/>\n<meta property=\"og:site_name\" content=\"Sakarin Citykodit\" \/>\n<meta property=\"article:modified_time\" content=\"2021-09-15T14:25:33+00:00\" \/>\n<meta name=\"twitter:card\" content=\"summary_large_image\" \/>\n<meta name=\"twitter:label1\" content=\"Est. reading time\" \/>\n\t<meta name=\"twitter:data1\" content=\"2 minut\u0117s\" \/>\n<script type=\"application\/ld+json\" class=\"yoast-schema-graph\">{\"@context\":\"https:\/\/schema.org\",\"@graph\":[{\"@type\":\"WebPage\",\"@id\":\"https:\/\/www.sakarincitykodit.fi\/lt\/musu-vieta\/pateikti-nuoma-mieste-tampere\/\",\"url\":\"https:\/\/www.sakarincitykodit.fi\/lt\/musu-vieta\/pateikti-nuoma-mieste-tampere\/\",\"name\":\"Pateikti nuoma mieste Tampere - Sakarin Citykodit\",\"isPartOf\":{\"@id\":\"https:\/\/www.sakarincitykodit.fi\/lt\/#website\"},\"datePublished\":\"2018-11-05T07:48:59+00:00\",\"dateModified\":\"2021-09-15T14:25:33+00:00\",\"breadcrumb\":{\"@id\":\"https:\/\/www.sakarincitykodit.fi\/lt\/musu-vieta\/pateikti-nuoma-mieste-tampere\/#breadcrumb\"},\"inLanguage\":\"lt-LT\",\"potentialAction\":[{\"@type\":\"ReadAction\",\"target\":[\"https:\/\/www.sakarincitykodit.fi\/lt\/musu-vieta\/pateikti-nuoma-mieste-tampere\/\"]}]},{\"@type\":\"BreadcrumbList\",\"@id\":\"https:\/\/www.sakarincitykodit.fi\/lt\/musu-vieta\/pateikti-nuoma-mieste-tampere\/#breadcrumb\",\"itemListElement\":[{\"@type\":\"ListItem\",\"position\":1,\"name\":\"Nam\u0173\",\"item\":\"https:\/\/www.sakarincitykodit.fi\/lt\/\"},{\"@type\":\"ListItem\",\"position\":2,\"name\":\"M\u016bs\u0173 vieta\",\"item\":\"https:\/\/www.sakarincitykodit.fi\/lt\/musu-vieta\/\"},{\"@type\":\"ListItem\",\"position\":3,\"name\":\"Pateikti nuoma mieste Tampere\"}]},{\"@type\":\"WebSite\",\"@id\":\"https:\/\/www.sakarincitykodit.fi\/lt\/#website\",\"url\":\"https:\/\/www.sakarincitykodit.fi\/lt\/\",\"name\":\"Sakarin Citykodit\",\"description\":\"Vuokraamme vapaat kalustetut vuokra-asunnot ymp&auml;ri Suomen!\",\"publisher\":{\"@id\":\"https:\/\/www.sakarincitykodit.fi\/lt\/#organization\"},\"potentialAction\":[{\"@type\":\"SearchAction\",\"target\":{\"@type\":\"EntryPoint\",\"urlTemplate\":\"https:\/\/www.sakarincitykodit.fi\/lt\/?s={search_term_string}\"},\"query-input\":{\"@type\":\"PropertyValueSpecification\",\"valueRequired\":true,\"valueName\":\"search_term_string\"}}],\"inLanguage\":\"lt-LT\"},{\"@type\":\"Organization\",\"@id\":\"https:\/\/www.sakarincitykodit.fi\/lt\/#organization\",\"name\":\"Sakarin Citykodit\",\"url\":\"https:\/\/www.sakarincitykodit.fi\/lt\/\",\"logo\":{\"@type\":\"ImageObject\",\"inLanguage\":\"lt-LT\",\"@id\":\"https:\/\/www.sakarincitykodit.fi\/lt\/#\/schema\/logo\/image\/\",\"url\":\"https:\/\/www.sakarincitykodit.fi\/wp-content\/uploads\/sakarin-citykodit-logo-245.png\",\"contentUrl\":\"https:\/\/www.sakarincitykodit.fi\/wp-content\/uploads\/sakarin-citykodit-logo-245.png\",\"width\":245,\"height\":39,\"caption\":\"Sakarin Citykodit\"},\"image\":{\"@id\":\"https:\/\/www.sakarincitykodit.fi\/lt\/#\/schema\/logo\/image\/\"}}]}<\/script>\n<!-- \/ Yoast SEO plugin. -->","yoast_head_json":{"title":"Pateikti nuoma mieste Tampere - Sakarin Citykodit","robots":{"index":"index","follow":"follow","max-snippet":"max-snippet:-1","max-image-preview":"max-image-preview:large","max-video-preview":"max-video-preview:-1"},"canonical":"https:\/\/www.sakarincitykodit.fi\/lt\/musu-vieta\/pateikti-nuoma-mieste-tampere\/","og_locale":"lt_LT","og_type":"article","og_title":"Pateikti nuoma mieste Tampere - Sakarin Citykodit","og_description":"Nemokama baldais nuoma Tampere Ar praleid\u017eiate skirting\u0105 laiko trukm\u0119 keliose vietose, pavyzd\u017eiui, darbe? O gal j\u016bs\u0173 \u012fmon\u0117 turi koncert\u0173 darbo viet\u0173 visoje Suomijoje, tod\u0117l j\u016bs\u0173 \u012fmonei reikia nakt\u0173 j\u016bs\u0173 darbuotojams? Apgyvendinimas vie\u0161butyje n\u0117ra vienintelis ir tikrai ne visada geriausias pasirinkimas tokiems poreikiams. Baldais apstatyt\u0173 apartament\u0173 privalumai gali b\u016bti vieta, privatumas, naudojimo paprastumas ir kaina. Mes [&hellip;]","og_url":"https:\/\/www.sakarincitykodit.fi\/lt\/musu-vieta\/pateikti-nuoma-mieste-tampere\/","og_site_name":"Sakarin Citykodit","article_modified_time":"2021-09-15T14:25:33+00:00","twitter_card":"summary_large_image","twitter_misc":{"Est. reading time":"2 minut\u0117s"},"schema":{"@context":"https:\/\/schema.org","@graph":[{"@type":"WebPage","@id":"https:\/\/www.sakarincitykodit.fi\/lt\/musu-vieta\/pateikti-nuoma-mieste-tampere\/","url":"https:\/\/www.sakarincitykodit.fi\/lt\/musu-vieta\/pateikti-nuoma-mieste-tampere\/","name":"Pateikti nuoma mieste Tampere - Sakarin Citykodit","isPartOf":{"@id":"https:\/\/www.sakarincitykodit.fi\/lt\/#website"},"datePublished":"2018-11-05T07:48:59+00:00","dateModified":"2021-09-15T14:25:33+00:00","breadcrumb":{"@id":"https:\/\/www.sakarincitykodit.fi\/lt\/musu-vieta\/pateikti-nuoma-mieste-tampere\/#breadcrumb"},"inLanguage":"lt-LT","potentialAction":[{"@type":"ReadAction","target":["https:\/\/www.sakarincitykodit.fi\/lt\/musu-vieta\/pateikti-nuoma-mieste-tampere\/"]}]},{"@type":"BreadcrumbList","@id":"https:\/\/www.sakarincitykodit.fi\/lt\/musu-vieta\/pateikti-nuoma-mieste-tampere\/#breadcrumb","itemListElement":[{"@type":"ListItem","position":1,"name":"Nam\u0173","item":"https:\/\/www.sakarincitykodit.fi\/lt\/"},{"@type":"ListItem","position":2,"name":"M\u016bs\u0173 vieta","item":"https:\/\/www.sakarincitykodit.fi\/lt\/musu-vieta\/"},{"@type":"ListItem","position":3,"name":"Pateikti nuoma mieste Tampere"}]},{"@type":"WebSite","@id":"https:\/\/www.sakarincitykodit.fi\/lt\/#website","url":"https:\/\/www.sakarincitykodit.fi\/lt\/","name":"Sakarin Citykodit","description":"Vuokraamme vapaat kalustetut vuokra-asunnot ymp&auml;ri Suomen!","publisher":{"@id":"https:\/\/www.sakarincitykodit.fi\/lt\/#organization"},"potentialAction":[{"@type":"SearchAction","target":{"@type":"EntryPoint","urlTemplate":"https:\/\/www.sakarincitykodit.fi\/lt\/?s={search_term_string}"},"query-input":{"@type":"PropertyValueSpecification","valueRequired":true,"valueName":"search_term_string"}}],"inLanguage":"lt-LT"},{"@type":"Organization","@id":"https:\/\/www.sakarincitykodit.fi\/lt\/#organization","name":"Sakarin Citykodit","url":"https:\/\/www.sakarincitykodit.fi\/lt\/","logo":{"@type":"ImageObject","inLanguage":"lt-LT","@id":"https:\/\/www.sakarincitykodit.fi\/lt\/#\/schema\/logo\/image\/","url":"https:\/\/www.sakarincitykodit.fi\/wp-content\/uploads\/sakarin-citykodit-logo-245.png","contentUrl":"https:\/\/www.sakarincitykodit.fi\/wp-content\/uploads\/sakarin-citykodit-logo-245.png","width":245,"height":39,"caption":"Sakarin Citykodit"},"image":{"@id":"https:\/\/www.sakarincitykodit.fi\/lt\/#\/schema\/logo\/image\/"}}]}},"_links":{"self":[{"href":"https:\/\/www.sakarincitykodit.fi\/lt\/wp-json\/wp\/v2\/pages\/4236","targetHints":{"allow":["GET"]}}],"collection":[{"href":"https:\/\/www.sakarincitykodit.fi\/lt\/wp-json\/wp\/v2\/pages"}],"about":[{"href":"https:\/\/www.sakarincitykodit.fi\/lt\/wp-json\/wp\/v2\/types\/page"}],"author":[{"embeddable":true,"href":"https:\/\/www.sakarincitykodit.fi\/lt\/wp-json\/wp\/v2\/users\/3"}],"replies":[{"embeddable":true,"href":"https:\/\/www.sakarincitykodit.fi\/lt\/wp-json\/wp\/v2\/comments?post=4236"}],"version-history":[{"count":0,"href":"https:\/\/www.sakarincitykodit.fi\/lt\/wp-json\/wp\/v2\/pages\/4236\/revisions"}],"up":[{"embeddable":true,"href":"https:\/\/www.sakarincitykodit.fi\/lt\/wp-json\/wp\/v2\/pages\/4379"}],"wp:attachment":[{"href":"https:\/\/www.sakarincitykodit.fi\/lt\/wp-json\/wp\/v2\/media?parent=4236"}],"curies":[{"name":"wp","href":"https:\/\/api.w.org\/{rel}","templated":true}]}}