{"id":4222,"date":"2018-11-05T09:43:53","date_gmt":"2018-11-05T07:43:53","guid":{"rendered":"https:\/\/www.sakarincitykodit.fi\/musu-apartamentai-espe\/"},"modified":"2021-09-15T16:10:23","modified_gmt":"2021-09-15T14:10:23","slug":"musu-apartamentai-espoo","status":"publish","type":"page","link":"https:\/\/www.sakarincitykodit.fi\/lt\/musu-vieta\/musu-apartamentai-espoo\/","title":{"rendered":"M\u016bs\u0173 apartamentai Espoo"},"content":{"rendered":"\t\t<div data-elementor-type=\"wp-page\" data-elementor-id=\"4222\" class=\"elementor elementor-4222 elementor-1220\">\n\t\t\t\t\t\t<section class=\"elementor-section elementor-top-section elementor-element elementor-element-51fdd094 elementor-section-boxed elementor-section-height-default elementor-section-height-default\" data-id=\"51fdd094\" data-element_type=\"section\">\n\t\t\t\t\t\t<div class=\"elementor-container elementor-column-gap-default\">\n\t\t\t\t\t<div class=\"elementor-column elementor-col-100 elementor-top-column elementor-element elementor-element-79eb92c5\" data-id=\"79eb92c5\" data-element_type=\"column\">\n\t\t\t<div class=\"elementor-widget-wrap elementor-element-populated\">\n\t\t\t\t\t\t<div class=\"elementor-element elementor-element-2ba1b18 elementor-widget elementor-widget-text-editor\" data-id=\"2ba1b18\" data-element_type=\"widget\" data-widget_type=\"text-editor.default\">\n\t\t\t\t<div class=\"elementor-widget-container\">\n\t\t\t\t\t\t\t\t\t<div data-style=\"{\" background_display\":\"tile\",\"cell_alignment\":\"flex-start\"}\"=\"\">\n<div data-weight=\"1\">\n<div data-index=\"0\" data-style=\"{\" padding\":\"0px=\"\" 0px=\"\" 60px\",\"background_image_attachment\":false,\"background_display\":\"tile\"}\"=\"\">\n<h1>Nemokama baldais nuoma apartamentai Espoo<\/h1>\n<p>Ar \u017einojote, kad apgyvendinimas vie\u0161butyje n\u0117ra vienintelis, ir tikrai ne visada geriausias variantas terminuotam gyvenimui u\u017e nam\u0173 rib\u0173. Pavyzd\u017eiui, jei j\u016bs\u0173 darbas yra labai mobilus arba j\u016bs\u0173 \u012fmonei reikia apgyvendinimo j\u016bs\u0173 darbuotojams skirtingose vietose, j\u016bs tikrai tur\u0117tum\u0117te apsvarstyti galimyb\u0119 i\u0161sinuomoti apstatyt\u0105 nuomojam\u0105 but\u0105. Trumpalaikiai baldais apstatyti nuomojami apartamentai yra lankstesni nei vie\u0161butis , o da\u017enai ir labiau prieinamos. Mes si\u016blome apstatytus nuomojamus apartamentus keliose Suomijos vietose.<\/p>\n<h4>Ar norite, kad mes jums paskambintume \u012f laisvus apartamentus Espoo? Palikite atgalin\u012f skambut\u012f!<\/h4>\n<p><span style=\"color: #000000; font-family: 'Helvetica Neue'; font-size: 12px; background-color: transparent;\">\n<div class=\"wpcf7 no-js\" id=\"wpcf7-f5349-o1\" lang=\"lt-LT\" dir=\"ltr\" data-wpcf7-id=\"5349\">\n<div class=\"screen-reader-response\"><p role=\"status\" aria-live=\"polite\" aria-atomic=\"true\"><\/p> <ul><\/ul><\/div>\n<form action=\"\/lt\/wp-json\/wp\/v2\/pages\/4222#wpcf7-f5349-o1\" method=\"post\" class=\"wpcf7-form init\" aria-label=\"Kontakt\u0173 forma\" novalidate=\"novalidate\" data-status=\"init\">\n<div style=\"display: none;\">\n<input type=\"hidden\" name=\"_wpcf7\" value=\"5349\" \/>\n<input type=\"hidden\" name=\"_wpcf7_version\" value=\"6.0.6\" \/>\n<input type=\"hidden\" name=\"_wpcf7_locale\" value=\"lt_LT\" \/>\n<input type=\"hidden\" name=\"_wpcf7_unit_tag\" value=\"wpcf7-f5349-o1\" \/>\n<input type=\"hidden\" name=\"_wpcf7_container_post\" value=\"0\" \/>\n<input type=\"hidden\" name=\"_wpcf7_posted_data_hash\" value=\"\" \/>\n<\/div>\n<p><label>Enter your details and our business sales will contact you as soon as possible!<br \/>\n<\/label>\n<\/p>\n<div class=\"contact-us\">\n\t<div class=\"row\">\n\t\t<div class=\"col-xs-12 col-sm-6\">\n\t\t\t<p><span class=\"wpcf7-form-control-wrap\" data-name=\"your-yritys\"><input size=\"40\" maxlength=\"400\" class=\"wpcf7-form-control wpcf7-text wpcf7-validates-as-required form-control\" aria-required=\"true\" aria-invalid=\"false\" placeholder=\"The Company Name\" value=\"\" type=\"text\" name=\"your-yritys\" \/><\/span>\n\t\t\t<\/p>\n\t\t<\/div>\n\t\t<div class=\"col-xs-12 col-sm-6\">\n\t\t\t<p><span class=\"wpcf7-form-control-wrap\" data-name=\"your-tel\"><input size=\"40\" maxlength=\"400\" class=\"wpcf7-form-control wpcf7-tel wpcf7-validates-as-required wpcf7-text wpcf7-validates-as-tel form-control\" aria-required=\"true\" aria-invalid=\"false\" placeholder=\"Phone number\" value=\"\" type=\"tel\" name=\"your-tel\" \/><\/span>\n\t\t\t<\/p>\n\t\t<\/div>\n\t\t<div class=\"col-xs-12 col-sm-12\">\n\t\t\t<p><span class=\"wpcf7-form-control-wrap\" data-name=\"your-email\"><input size=\"40\" maxlength=\"400\" class=\"wpcf7-form-control wpcf7-email wpcf7-validates-as-required wpcf7-text wpcf7-validates-as-email form-control\" aria-required=\"true\" aria-invalid=\"false\" placeholder=\"Email\" value=\"\" type=\"email\" name=\"your-email\" \/><\/span>\n\t\t\t<\/p>\n\t\t<\/div>\n\t<\/div>\n\t<div class=\"clearfix\">\n\t\t<p><input class=\"wpcf7-form-control wpcf7-submit has-spinner btn pull-right btn-theme btn-inverse border-2\" type=\"submit\" value=\"Please contact me!\" \/>\n\t\t<\/p>\n\t<\/div>\n<\/div><div class=\"wpcf7-response-output\" aria-hidden=\"true\"><\/div>\n<\/form>\n<\/div>\n<\/span><\/p>\n<p><span style=\"font-family: Nunito, Arial, sans-serif; font-size: 30px; font-weight: bold; background-color: transparent;\">Trumpalaik\u0117s buto nuoma Espoo<\/span><\/p>\n<p>Trumpalaikius apartamentus Espoo, baldais, galima i\u0161sinuomoti atostog\u0173. Daugiau nemokama ir lanksti forma apgyvendinimo leid\u017eia jums gyventi kelyje. J\u016bs galite vir\u0117jas, pakviesti sve\u010dius ir gauti daugiau privatumo j\u016bs\u0173 nuoma butas. Yra tikrai alternatyva jud\u0117ti su savo \u0161eima. Trumpalaikiai baldais nuomojami butai gali b\u016bti naudojami, pavyzd\u017eiui, jei norite pabandyti gyventi Espoo, bet dar n\u0117ra visi\u0161kai tikri d\u0117l nuolatini\u0173 poky\u010di\u0173. Espoo nemokamai \u012frengtus nuomojamus apartamentus rasite m\u016bs\u0173 svetain\u0117je.<\/p>\n<h2>Visus m\u016bs\u0173 nemokamus nuomojamus apartamentus galite rasti vienu metu<\/h2>\n<p>Anks\u010diau \u012frengt\u0173 nuomojam\u0173 but\u0173 naudojimui trukd\u0117 tai, kad nuomininkas turi ie\u0161koti keli\u0173 interneto svetaini\u0173 ir paslaug\u0173 teik\u0117j\u0173, kad rast\u0173 tinkam\u0105 but\u0105. Mes padar\u0117me paie\u0161k\u0105 ir surinkome visus nemokamus apstatytus nuomojamus apartamentus bendruomen\u0117je vienoje vietoje, organizuotoje vietoje. Pavyzd\u017eiui, espoo nemokam\u0105 trumpalaik\u012f baldais nuoma butai galima rasti m\u016bs\u0173 svetain\u0117je vienu paspaudimu away. Tai taip pat lengva i\u0161sinuomoti trumpalaik\u012f but\u0105 per m\u016bs\u0173 svetain\u0119, nes ji yra pirkti vie\u0161bu\u010dio nakt\u012f, bet su didesniu lankstumu. Nuomojam\u0173 but\u0173 situacija atnaujinama kas 24 valandas, tod\u0117l kasdien galite steb\u0117ti b\u016bsto situacij\u0105 paskirties vietoje.<\/p>\n<h2>\u012erengti apartamentai j\u016bs\u0173 poreikiams, susij\u0119 su Espoo transporto jungtimis<\/h2>\n<p>Didmies\u010di\u0173 zonos platus susisiekimas transporto stoteli\u0173 leid\u017eia \u012f kalnus trumpalaiki\u0173 b\u016bst\u0173 i\u0161 u\u017e miesto centro rib\u0173. Pavyzd\u017eiui, priemiestiniai traukiniai ir autobusai va\u017eiuoja labai da\u017enai tarp Helsinkio ir Espoo. Be to, lengviau rasti viet\u0105 u\u017e miesto centro u\u017e automobilio ar kit\u0173 transporto priemoni\u0173. I\u0161sinuomoti baldais but\u0105 Espoo yra tikrai taip paprasta, kaip pirkti vie\u0161bu\u010dio nakt\u012f, ta\u010diau ji garantuoja daug daugiau laisvo ir lankstesnio apgyvendinimo. Check out espoo b\u016bsto pasirinkimas m\u016bs\u0173 svetain\u0117je!<\/p>\n<p>Ar turite klausim\u0173 apie trumpalaik\u012f buto nuom\u0105, ar tiesiog norite i\u0161girsti daugiau? Susisiekite su mumis ir mes jums pasakysime, kaip lengva i\u0161sinuomoti trumpalaik\u012f baldais but\u0105! Su mumis galite susisiekti telefonu, el. pa\u0161tu arba u\u017epildydami \u017eemiau esan\u010di\u0105 form\u0105.<\/p>\n<p class=\"p1\">\n<div class=\"wpcf7 no-js\" id=\"wpcf7-f5342-o2\" lang=\"lt-LT\" dir=\"ltr\" data-wpcf7-id=\"5342\">\n<div class=\"screen-reader-response\"><p role=\"status\" aria-live=\"polite\" aria-atomic=\"true\"><\/p> <ul><\/ul><\/div>\n<form action=\"\/lt\/wp-json\/wp\/v2\/pages\/4222#wpcf7-f5342-o2\" method=\"post\" class=\"wpcf7-form init\" aria-label=\"Kontakt\u0173 forma\" novalidate=\"novalidate\" data-status=\"init\">\n<div style=\"display: none;\">\n<input type=\"hidden\" name=\"_wpcf7\" value=\"5342\" \/>\n<input type=\"hidden\" name=\"_wpcf7_version\" value=\"6.0.6\" \/>\n<input type=\"hidden\" name=\"_wpcf7_locale\" value=\"lt_LT\" \/>\n<input type=\"hidden\" name=\"_wpcf7_unit_tag\" value=\"wpcf7-f5342-o2\" \/>\n<input type=\"hidden\" name=\"_wpcf7_container_post\" value=\"0\" \/>\n<input type=\"hidden\" name=\"_wpcf7_posted_data_hash\" value=\"\" \/>\n<\/div>\n<div class=\"contact-us\">\n\t<div class=\"row\">\n\t\t<div class=\"col-xs-12 col-sm-6\">\n\t\t\t<p><span class=\"wpcf7-form-control-wrap\" data-name=\"your-name\"><input size=\"40\" maxlength=\"400\" class=\"wpcf7-form-control wpcf7-text wpcf7-validates-as-required form-control\" aria-required=\"true\" aria-invalid=\"false\" placeholder=\"\u012emon\u0117s pavadinimas\" value=\"\" type=\"text\" name=\"your-name\" \/><\/span>\n\t\t\t<\/p>\n\t\t<\/div>\n\t\t<div class=\"col-xs-12 col-sm-6\">\n\t\t\t<p><span class=\"wpcf7-form-control-wrap\" data-name=\"your-tel\"><input size=\"40\" maxlength=\"400\" class=\"wpcf7-form-control wpcf7-tel wpcf7-validates-as-required wpcf7-text wpcf7-validates-as-tel form-control\" aria-required=\"true\" aria-invalid=\"false\" placeholder=\"Tel\" value=\"\" type=\"tel\" name=\"your-tel\" \/><\/span>\n\t\t\t<\/p>\n\t\t<\/div>\n\t\t<div class=\"col-xs-12 col-sm-12\">\n\t\t\t<p><span class=\"wpcf7-form-control-wrap\" data-name=\"your-email\"><input size=\"40\" maxlength=\"400\" class=\"wpcf7-form-control wpcf7-email wpcf7-validates-as-required wpcf7-text wpcf7-validates-as-email form-control\" aria-required=\"true\" aria-invalid=\"false\" placeholder=\"Email\" value=\"\" type=\"email\" name=\"your-email\" \/><\/span>\n\t\t\t<\/p>\n\t\t<\/div>\n\t\t<div class=\"col-xs-12 col-sm-6\">\n\t\t\t<labal>Miesto\n\t\t\t\t<p><span class=\"wpcf7-form-control-wrap\" data-name=\"menu-905\"><select class=\"wpcf7-form-control wpcf7-select wpcf7-validates-as-required\" aria-required=\"true\" aria-invalid=\"false\" name=\"menu-905\"><option value=\"Espoo\">Espoo<\/option><option value=\"Hamina\">Hamina<\/option><option value=\"Helsinki\">Helsinki<\/option><option value=\"Jyv\u00e4skyl\u00e4\">Jyv\u00e4skyl\u00e4<\/option><option value=\"J\u00e4rvenp\u00e4\u00e4\">J\u00e4rvenp\u00e4\u00e4<\/option><option value=\"Kerava\">Kerava<\/option><option value=\"Kuopio\">Kuopio<\/option><option value=\"Oulu\">Oulu<\/option><option value=\"Porvoo\">Porvoo<\/option><option value=\"Tampere\">Tampere<\/option><option value=\"Turku\">Turku<\/option><option value=\"Vaasa\">Vaasa<\/option><option value=\"Vantaa\">Vantaa<\/option><option value=\"Ka\u017ekas dar, kas\">Ka\u017ekas dar, kas<\/option><\/select><\/span>\n\t\t\t\t<\/p>\n\t\t\t<\/labal>\n\t\t<\/div>\n\t\t<div class=\"col-xs-12 col-sm-6\">\n\t\t\t<p><span class=\"wpcf7-form-control-wrap\" data-name=\"your-omakaupunki\"><input size=\"40\" maxlength=\"400\" class=\"wpcf7-form-control wpcf7-text form-control\" aria-invalid=\"false\" placeholder=\"Kitas miestas\" value=\"\" type=\"text\" name=\"your-omakaupunki\" \/><\/span>\n\t\t\t<\/p>\n\t\t<\/div>\n\t\t<div class=\"col-xs-12 col-sm-6\">\n\t\t\t<labal>Atvykimo:\n\t\t\t\t<p><span class=\"wpcf7-form-control-wrap\" data-name=\"date-946\"><input class=\"wpcf7-form-control wpcf7-date wpcf7-validates-as-date form-control\" aria-invalid=\"false\" placeholder=\"Atvykimo\" value=\"\" type=\"date\" name=\"date-946\" \/><\/span>\n\t\t\t\t<\/p>\n\t\t\t<\/labal>\n\t\t<\/div>\n\t\t<div class=\"col-xs-12 col-sm-6\">\n\t\t\t<labal>I\u0161vykimo:\n\t\t\t\t<p><span class=\"wpcf7-form-control-wrap\" data-name=\"date-706\"><input class=\"wpcf7-form-control wpcf7-date wpcf7-validates-as-date form-control\" aria-invalid=\"false\" placeholder=\"I\u0161vykimo data\" value=\"\" type=\"date\" name=\"date-706\" \/><\/span>\n\t\t\t\t<\/p>\n\t\t\t<\/labal>\n\t\t<\/div>\n\t<\/div>\n\t<div>\n\t\t<p><span class=\"wpcf7-form-control-wrap\" data-name=\"your-message\"><textarea cols=\"40\" rows=\"10\" maxlength=\"2000\" class=\"wpcf7-form-control wpcf7-textarea form-control\" aria-invalid=\"false\" placeholder=\"Message\" name=\"your-message\"><\/textarea><\/span>\n\t\t<\/p>\n\t<\/div>\n\t<div class=\"clearfix\">\n\t\t<p><input class=\"wpcf7-form-control wpcf7-submit has-spinner btn pull-right btn-theme btn-inverse border-2\" type=\"submit\" value=\"si\u0173sti\" \/>\n\t\t<\/p>\n\t<\/div>\n<\/div><div class=\"wpcf7-response-output\" aria-hidden=\"true\"><\/div>\n<\/form>\n<\/div>\n<\/p>\n<\/div>\n<\/div>\n<\/div>\t\t\t\t\t\t\t\t<\/div>\n\t\t\t\t<\/div>\n\t\t\t\t\t<\/div>\n\t\t<\/div>\n\t\t\t\t\t<\/div>\n\t\t<\/section>\n\t\t\t\t<\/div>\n\t\t","protected":false},"excerpt":{"rendered":"<p>Nemokama baldais nuoma apartamentai Espoo Ar \u017einojote, kad apgyvendinimas vie\u0161butyje n\u0117ra vienintelis, ir tikrai ne visada geriausias variantas terminuotam gyvenimui u\u017e nam\u0173 rib\u0173. Pavyzd\u017eiui, jei j\u016bs\u0173 darbas yra labai mobilus arba j\u016bs\u0173 \u012fmonei reikia apgyvendinimo j\u016bs\u0173 darbuotojams skirtingose vietose, j\u016bs tikrai tur\u0117tum\u0117te apsvarstyti galimyb\u0119 i\u0161sinuomoti apstatyt\u0105 nuomojam\u0105 but\u0105. Trumpalaikiai baldais apstatyti nuomojami apartamentai yra lankstesni [&hellip;]<\/p>\n","protected":false},"author":3,"featured_media":0,"parent":4379,"menu_order":0,"comment_status":"closed","ping_status":"closed","template":"","meta":{"footnotes":""},"class_list":["post-4222","page","type-page","status-publish","hentry"],"yoast_head":"<!-- This site is optimized with the Yoast SEO plugin v24.9 - https:\/\/yoast.com\/wordpress\/plugins\/seo\/ -->\n<title>M\u016bs\u0173 apartamentai Espoo - Sakarin Citykodit<\/title>\n<meta name=\"robots\" content=\"index, follow, max-snippet:-1, max-image-preview:large, max-video-preview:-1\" \/>\n<link rel=\"canonical\" href=\"https:\/\/www.sakarincitykodit.fi\/lt\/musu-vieta\/musu-apartamentai-espoo\/\" \/>\n<meta property=\"og:locale\" content=\"lt_LT\" \/>\n<meta property=\"og:type\" content=\"article\" \/>\n<meta property=\"og:title\" content=\"M\u016bs\u0173 apartamentai Espoo - Sakarin Citykodit\" \/>\n<meta property=\"og:description\" content=\"Nemokama baldais nuoma apartamentai Espoo Ar \u017einojote, kad apgyvendinimas vie\u0161butyje n\u0117ra vienintelis, ir tikrai ne visada geriausias variantas terminuotam gyvenimui u\u017e nam\u0173 rib\u0173. Pavyzd\u017eiui, jei j\u016bs\u0173 darbas yra labai mobilus arba j\u016bs\u0173 \u012fmonei reikia apgyvendinimo j\u016bs\u0173 darbuotojams skirtingose vietose, j\u016bs tikrai tur\u0117tum\u0117te apsvarstyti galimyb\u0119 i\u0161sinuomoti apstatyt\u0105 nuomojam\u0105 but\u0105. Trumpalaikiai baldais apstatyti nuomojami apartamentai yra lankstesni [&hellip;]\" \/>\n<meta property=\"og:url\" content=\"https:\/\/www.sakarincitykodit.fi\/lt\/musu-vieta\/musu-apartamentai-espoo\/\" \/>\n<meta property=\"og:site_name\" content=\"Sakarin Citykodit\" \/>\n<meta property=\"article:modified_time\" content=\"2021-09-15T14:10:23+00:00\" \/>\n<meta name=\"twitter:card\" content=\"summary_large_image\" \/>\n<meta name=\"twitter:label1\" content=\"Est. reading time\" \/>\n\t<meta name=\"twitter:data1\" content=\"2 minut\u0117s\" \/>\n<script type=\"application\/ld+json\" class=\"yoast-schema-graph\">{\"@context\":\"https:\/\/schema.org\",\"@graph\":[{\"@type\":\"WebPage\",\"@id\":\"https:\/\/www.sakarincitykodit.fi\/lt\/musu-vieta\/musu-apartamentai-espoo\/\",\"url\":\"https:\/\/www.sakarincitykodit.fi\/lt\/musu-vieta\/musu-apartamentai-espoo\/\",\"name\":\"M\u016bs\u0173 apartamentai Espoo - Sakarin Citykodit\",\"isPartOf\":{\"@id\":\"https:\/\/www.sakarincitykodit.fi\/lt\/#website\"},\"datePublished\":\"2018-11-05T07:43:53+00:00\",\"dateModified\":\"2021-09-15T14:10:23+00:00\",\"breadcrumb\":{\"@id\":\"https:\/\/www.sakarincitykodit.fi\/lt\/musu-vieta\/musu-apartamentai-espoo\/#breadcrumb\"},\"inLanguage\":\"lt-LT\",\"potentialAction\":[{\"@type\":\"ReadAction\",\"target\":[\"https:\/\/www.sakarincitykodit.fi\/lt\/musu-vieta\/musu-apartamentai-espoo\/\"]}]},{\"@type\":\"BreadcrumbList\",\"@id\":\"https:\/\/www.sakarincitykodit.fi\/lt\/musu-vieta\/musu-apartamentai-espoo\/#breadcrumb\",\"itemListElement\":[{\"@type\":\"ListItem\",\"position\":1,\"name\":\"Nam\u0173\",\"item\":\"https:\/\/www.sakarincitykodit.fi\/lt\/\"},{\"@type\":\"ListItem\",\"position\":2,\"name\":\"M\u016bs\u0173 vieta\",\"item\":\"https:\/\/www.sakarincitykodit.fi\/lt\/musu-vieta\/\"},{\"@type\":\"ListItem\",\"position\":3,\"name\":\"M\u016bs\u0173 apartamentai Espoo\"}]},{\"@type\":\"WebSite\",\"@id\":\"https:\/\/www.sakarincitykodit.fi\/lt\/#website\",\"url\":\"https:\/\/www.sakarincitykodit.fi\/lt\/\",\"name\":\"Sakarin Citykodit\",\"description\":\"Vuokraamme vapaat kalustetut vuokra-asunnot ymp&auml;ri Suomen!\",\"publisher\":{\"@id\":\"https:\/\/www.sakarincitykodit.fi\/lt\/#organization\"},\"potentialAction\":[{\"@type\":\"SearchAction\",\"target\":{\"@type\":\"EntryPoint\",\"urlTemplate\":\"https:\/\/www.sakarincitykodit.fi\/lt\/?s={search_term_string}\"},\"query-input\":{\"@type\":\"PropertyValueSpecification\",\"valueRequired\":true,\"valueName\":\"search_term_string\"}}],\"inLanguage\":\"lt-LT\"},{\"@type\":\"Organization\",\"@id\":\"https:\/\/www.sakarincitykodit.fi\/lt\/#organization\",\"name\":\"Sakarin Citykodit\",\"url\":\"https:\/\/www.sakarincitykodit.fi\/lt\/\",\"logo\":{\"@type\":\"ImageObject\",\"inLanguage\":\"lt-LT\",\"@id\":\"https:\/\/www.sakarincitykodit.fi\/lt\/#\/schema\/logo\/image\/\",\"url\":\"https:\/\/www.sakarincitykodit.fi\/wp-content\/uploads\/sakarin-citykodit-logo-245.png\",\"contentUrl\":\"https:\/\/www.sakarincitykodit.fi\/wp-content\/uploads\/sakarin-citykodit-logo-245.png\",\"width\":245,\"height\":39,\"caption\":\"Sakarin Citykodit\"},\"image\":{\"@id\":\"https:\/\/www.sakarincitykodit.fi\/lt\/#\/schema\/logo\/image\/\"}}]}<\/script>\n<!-- \/ Yoast SEO plugin. -->","yoast_head_json":{"title":"M\u016bs\u0173 apartamentai Espoo - Sakarin Citykodit","robots":{"index":"index","follow":"follow","max-snippet":"max-snippet:-1","max-image-preview":"max-image-preview:large","max-video-preview":"max-video-preview:-1"},"canonical":"https:\/\/www.sakarincitykodit.fi\/lt\/musu-vieta\/musu-apartamentai-espoo\/","og_locale":"lt_LT","og_type":"article","og_title":"M\u016bs\u0173 apartamentai Espoo - Sakarin Citykodit","og_description":"Nemokama baldais nuoma apartamentai Espoo Ar \u017einojote, kad apgyvendinimas vie\u0161butyje n\u0117ra vienintelis, ir tikrai ne visada geriausias variantas terminuotam gyvenimui u\u017e nam\u0173 rib\u0173. Pavyzd\u017eiui, jei j\u016bs\u0173 darbas yra labai mobilus arba j\u016bs\u0173 \u012fmonei reikia apgyvendinimo j\u016bs\u0173 darbuotojams skirtingose vietose, j\u016bs tikrai tur\u0117tum\u0117te apsvarstyti galimyb\u0119 i\u0161sinuomoti apstatyt\u0105 nuomojam\u0105 but\u0105. Trumpalaikiai baldais apstatyti nuomojami apartamentai yra lankstesni [&hellip;]","og_url":"https:\/\/www.sakarincitykodit.fi\/lt\/musu-vieta\/musu-apartamentai-espoo\/","og_site_name":"Sakarin Citykodit","article_modified_time":"2021-09-15T14:10:23+00:00","twitter_card":"summary_large_image","twitter_misc":{"Est. reading time":"2 minut\u0117s"},"schema":{"@context":"https:\/\/schema.org","@graph":[{"@type":"WebPage","@id":"https:\/\/www.sakarincitykodit.fi\/lt\/musu-vieta\/musu-apartamentai-espoo\/","url":"https:\/\/www.sakarincitykodit.fi\/lt\/musu-vieta\/musu-apartamentai-espoo\/","name":"M\u016bs\u0173 apartamentai Espoo - Sakarin Citykodit","isPartOf":{"@id":"https:\/\/www.sakarincitykodit.fi\/lt\/#website"},"datePublished":"2018-11-05T07:43:53+00:00","dateModified":"2021-09-15T14:10:23+00:00","breadcrumb":{"@id":"https:\/\/www.sakarincitykodit.fi\/lt\/musu-vieta\/musu-apartamentai-espoo\/#breadcrumb"},"inLanguage":"lt-LT","potentialAction":[{"@type":"ReadAction","target":["https:\/\/www.sakarincitykodit.fi\/lt\/musu-vieta\/musu-apartamentai-espoo\/"]}]},{"@type":"BreadcrumbList","@id":"https:\/\/www.sakarincitykodit.fi\/lt\/musu-vieta\/musu-apartamentai-espoo\/#breadcrumb","itemListElement":[{"@type":"ListItem","position":1,"name":"Nam\u0173","item":"https:\/\/www.sakarincitykodit.fi\/lt\/"},{"@type":"ListItem","position":2,"name":"M\u016bs\u0173 vieta","item":"https:\/\/www.sakarincitykodit.fi\/lt\/musu-vieta\/"},{"@type":"ListItem","position":3,"name":"M\u016bs\u0173 apartamentai Espoo"}]},{"@type":"WebSite","@id":"https:\/\/www.sakarincitykodit.fi\/lt\/#website","url":"https:\/\/www.sakarincitykodit.fi\/lt\/","name":"Sakarin Citykodit","description":"Vuokraamme vapaat kalustetut vuokra-asunnot ymp&auml;ri Suomen!","publisher":{"@id":"https:\/\/www.sakarincitykodit.fi\/lt\/#organization"},"potentialAction":[{"@type":"SearchAction","target":{"@type":"EntryPoint","urlTemplate":"https:\/\/www.sakarincitykodit.fi\/lt\/?s={search_term_string}"},"query-input":{"@type":"PropertyValueSpecification","valueRequired":true,"valueName":"search_term_string"}}],"inLanguage":"lt-LT"},{"@type":"Organization","@id":"https:\/\/www.sakarincitykodit.fi\/lt\/#organization","name":"Sakarin Citykodit","url":"https:\/\/www.sakarincitykodit.fi\/lt\/","logo":{"@type":"ImageObject","inLanguage":"lt-LT","@id":"https:\/\/www.sakarincitykodit.fi\/lt\/#\/schema\/logo\/image\/","url":"https:\/\/www.sakarincitykodit.fi\/wp-content\/uploads\/sakarin-citykodit-logo-245.png","contentUrl":"https:\/\/www.sakarincitykodit.fi\/wp-content\/uploads\/sakarin-citykodit-logo-245.png","width":245,"height":39,"caption":"Sakarin Citykodit"},"image":{"@id":"https:\/\/www.sakarincitykodit.fi\/lt\/#\/schema\/logo\/image\/"}}]}},"_links":{"self":[{"href":"https:\/\/www.sakarincitykodit.fi\/lt\/wp-json\/wp\/v2\/pages\/4222","targetHints":{"allow":["GET"]}}],"collection":[{"href":"https:\/\/www.sakarincitykodit.fi\/lt\/wp-json\/wp\/v2\/pages"}],"about":[{"href":"https:\/\/www.sakarincitykodit.fi\/lt\/wp-json\/wp\/v2\/types\/page"}],"author":[{"embeddable":true,"href":"https:\/\/www.sakarincitykodit.fi\/lt\/wp-json\/wp\/v2\/users\/3"}],"replies":[{"embeddable":true,"href":"https:\/\/www.sakarincitykodit.fi\/lt\/wp-json\/wp\/v2\/comments?post=4222"}],"version-history":[{"count":0,"href":"https:\/\/www.sakarincitykodit.fi\/lt\/wp-json\/wp\/v2\/pages\/4222\/revisions"}],"up":[{"embeddable":true,"href":"https:\/\/www.sakarincitykodit.fi\/lt\/wp-json\/wp\/v2\/pages\/4379"}],"wp:attachment":[{"href":"https:\/\/www.sakarincitykodit.fi\/lt\/wp-json\/wp\/v2\/media?parent=4222"}],"curies":[{"name":"wp","href":"https:\/\/api.w.org\/{rel}","templated":true}]}}