{"id":4169,"date":"2018-11-05T09:46:45","date_gmt":"2018-11-05T07:46:45","guid":{"rendered":"https:\/\/www.sakarincitykodit.fi\/su-baldais-apstatyta-nuoma-vantoje\/"},"modified":"2021-09-01T14:36:16","modified_gmt":"2021-09-01T12:36:16","slug":"su-baldais-apstatyta-nuoma-vantoje","status":"publish","type":"page","link":"https:\/\/www.sakarincitykodit.fi\/lt\/musu-vieta\/su-baldais-apstatyta-nuoma-vantoje\/","title":{"rendered":"Su baldais apstatyta nuoma Vantaa"},"content":{"rendered":"\t\t<div data-elementor-type=\"wp-page\" data-elementor-id=\"4169\" class=\"elementor elementor-4169 elementor-1224\">\n\t\t\t\t\t\t<section class=\"elementor-section elementor-top-section elementor-element elementor-element-36f23770 elementor-section-boxed elementor-section-height-default elementor-section-height-default\" data-id=\"36f23770\" data-element_type=\"section\">\n\t\t\t\t\t\t<div class=\"elementor-container elementor-column-gap-default\">\n\t\t\t\t\t<div class=\"elementor-column elementor-col-100 elementor-top-column elementor-element elementor-element-352b6a1c\" data-id=\"352b6a1c\" data-element_type=\"column\">\n\t\t\t<div class=\"elementor-widget-wrap elementor-element-populated\">\n\t\t\t\t\t\t<div class=\"elementor-element elementor-element-32f1978c elementor-widget elementor-widget-text-editor\" data-id=\"32f1978c\" data-element_type=\"widget\" data-widget_type=\"text-editor.default\">\n\t\t\t\t<div class=\"elementor-widget-container\">\n\t\t\t\t\t\t\t\t\t<div id=\"pl-1224\" class=\"panel-layout\">\n<div id=\"pg-1224-0\" class=\"panel-grid panel-no-style\" data-style=\"{\">\n<div id=\"pgc-1224-0-0\" class=\"panel-grid-cell\" data-weight=\"1\">\n<div id=\"panel-1224-0-0-0\" class=\"so-panel widget widget_sow-editor panel-first-child panel-last-child\" data-index=\"0\" data-style=\"{\">\n<div class=\"panel-widget-style panel-widget-style-for-1224-0-0-0\">\n<div class=\"so-widget-sow-editor so-widget-sow-editor-base\">\n<div class=\"siteorigin-widget-tinymce textwidget\">\n<h2>Nemokama baldais nuoma Vantaa<\/h2>\n<p>Ar j\u016bs\u0173 gyvenimas juda d\u0117l darbo ar pom\u0117gi\u0173? Ar vie\u0161bu\u010dio kambari\u0173 sienos patenka \u012f j\u016bs\u0173 keliones? Laimei, taip pat yra lankstesnis apgyvendinimas variantas. Baldais apstatyti nuomojami apartamentai yra vantoje ir aplink Suomij\u0105 skirtingose vietose \u2013 taip pat trumpalaikiams poreikiams. M\u016bs\u0173 trumpalaikiai <strong>baldais butai Vantaa<\/strong>&nbsp;taip pat tarnauja kaip apgyvendinimas daugiau nei vienam asmeniui, ir \u0161iuo atveju jie da\u017enai tampa pigesni nei kiekvienas i\u0161 m\u016bs\u0173 vie\u0161bu\u010di\u0173. Yra daug trumpalaiki\u0173 ir apstatyt\u0173 nuomos but\u0173 tiek vieno ar daugiau \u017emoni\u0173 apgyvendinimo poreikius tiek savaitgalio kelion\u0117ms, tiek ilgalaikei nuomai.<\/p>\n<p>Palikite mums atgalin\u012f skambut\u012f!<\/p>\n<p class=\"p1\">\n<div class=\"wpcf7 no-js\" id=\"wpcf7-f5349-o1\" lang=\"lt-LT\" dir=\"ltr\" data-wpcf7-id=\"5349\">\n<div class=\"screen-reader-response\"><p role=\"status\" aria-live=\"polite\" aria-atomic=\"true\"><\/p> <ul><\/ul><\/div>\n<form action=\"\/lt\/wp-json\/wp\/v2\/pages\/4169#wpcf7-f5349-o1\" method=\"post\" class=\"wpcf7-form init\" aria-label=\"Kontakt\u0173 forma\" novalidate=\"novalidate\" data-status=\"init\">\n<div style=\"display: none;\">\n<input type=\"hidden\" name=\"_wpcf7\" value=\"5349\" \/>\n<input type=\"hidden\" name=\"_wpcf7_version\" value=\"6.0.6\" \/>\n<input type=\"hidden\" name=\"_wpcf7_locale\" value=\"lt_LT\" \/>\n<input type=\"hidden\" name=\"_wpcf7_unit_tag\" value=\"wpcf7-f5349-o1\" \/>\n<input type=\"hidden\" name=\"_wpcf7_container_post\" value=\"0\" \/>\n<input type=\"hidden\" name=\"_wpcf7_posted_data_hash\" value=\"\" \/>\n<\/div>\n<p><label>Enter your details and our business sales will contact you as soon as possible!<br \/>\n<\/label>\n<\/p>\n<div class=\"contact-us\">\n\t<div class=\"row\">\n\t\t<div class=\"col-xs-12 col-sm-6\">\n\t\t\t<p><span class=\"wpcf7-form-control-wrap\" data-name=\"your-yritys\"><input size=\"40\" maxlength=\"400\" class=\"wpcf7-form-control wpcf7-text wpcf7-validates-as-required form-control\" aria-required=\"true\" aria-invalid=\"false\" placeholder=\"The Company Name\" value=\"\" type=\"text\" name=\"your-yritys\" \/><\/span>\n\t\t\t<\/p>\n\t\t<\/div>\n\t\t<div class=\"col-xs-12 col-sm-6\">\n\t\t\t<p><span class=\"wpcf7-form-control-wrap\" data-name=\"your-tel\"><input size=\"40\" maxlength=\"400\" class=\"wpcf7-form-control wpcf7-tel wpcf7-validates-as-required wpcf7-text wpcf7-validates-as-tel form-control\" aria-required=\"true\" aria-invalid=\"false\" placeholder=\"Phone number\" value=\"\" type=\"tel\" name=\"your-tel\" \/><\/span>\n\t\t\t<\/p>\n\t\t<\/div>\n\t\t<div class=\"col-xs-12 col-sm-12\">\n\t\t\t<p><span class=\"wpcf7-form-control-wrap\" data-name=\"your-email\"><input size=\"40\" maxlength=\"400\" class=\"wpcf7-form-control wpcf7-email wpcf7-validates-as-required wpcf7-text wpcf7-validates-as-email form-control\" aria-required=\"true\" aria-invalid=\"false\" placeholder=\"Email\" value=\"\" type=\"email\" name=\"your-email\" \/><\/span>\n\t\t\t<\/p>\n\t\t<\/div>\n\t<\/div>\n\t<div class=\"clearfix\">\n\t\t<p><input class=\"wpcf7-form-control wpcf7-submit has-spinner btn pull-right btn-theme btn-inverse border-2\" type=\"submit\" value=\"Please contact me!\" \/>\n\t\t<\/p>\n\t<\/div>\n<\/div><div class=\"wpcf7-response-output\" aria-hidden=\"true\"><\/div>\n<\/form>\n<\/div>\n<\/p>\n<h2>Trumpalaik\u0117s buto nuoma Vantaa<\/h2>\n<p>Ar nor\u0117tum\u0117te gaminti savo darb\u0105 ar atostogas? Jauki b\u016bsto forma baldais apstatytam butui leid\u017eia tai padaryti ir daug kit\u0173 dalyk\u0173, kuri\u0173 vie\u0161butis negali priprasti labai da\u017enai. I\u0161sinuomoti trumpalaikius baldais nuoma butas yra tarsi vie\u0161bu\u010dio apgyvendinimo, bet su didesniu lankstumu, erdv\u0117s ir laisv\u0117s. Vie\u0161nag\u0117s metu gausite raktus nuomojamiems butams ir visame bute, o ne viename kambaryje. Rezervuokite ir lengvai ir greitai pateksite \u012f savo baldais apstatytus apartamentus.<\/p>\n<h2>Visus m\u016bs\u0173 nemokamus nuomojamus apartamentus galite rasti vienu metu<\/h2>\n<p>Rasti trumpalaikius baldais butus \u0161iandien yra daug lengviau nei anks\u010diau. M\u016bs\u0173 paslaugoje rasite visus nemokamus apstatytus nuomos b\u016bstus Vantoje ir kitose vietose vienoje vietoje vienu metu. Tokiu b\u016bdu nereikia laiko nar\u0161yti \u012fvairi\u0173 paslaug\u0173 teik\u0117j\u0173 ir svetaini\u0173. Nemokam\u0173 apartament\u0173 pad\u0117tis atnaujinama kas 24 valandas, tod\u0117l, jei apartamentai nebuvo rasti paskutin\u012f kart\u0105, verta dar kart\u0105 patikrinti, ar dabar yra tinkamas butas. Patikrinkite Vantaa pad\u0117t\u012f, taip pat helsinkio metropolin\u0117s zonos trumpalaiki\u0173 apstatyt\u0173 nuomos but\u0173 poilsio \u0161iandien.<\/p>\n<h2>Vantaa baldais apstatyti apartamentai su transportu, kuris turi prieig\u0105 prie j\u016bs\u0173 poreiki\u0173<\/h2>\n<p>Platus metropolin\u0117s zonos prieigos tinklas leid\u017eia i\u0161sinuomoti trumpalaik\u012f but\u0105 u\u017e miesto centro rib\u0173. Tokiu b\u016bdu j\u016bs galite gauti ramesn\u0119 viet\u0105 savo atostog\u0173 ar darbo. Geras autobus\u0173 ir priemiestini\u0173 traukini\u0173 jungtys leid\u017eia jums i\u0161sinuomoti trumpalaik\u012f but\u0105 Vantaa, net jei galimas darbas yra Helsinki arba Espoo, pavyzd\u017eiui. Kod\u0117l gi ne praleisti atostogas ar darb\u0105 visame bute, o ne vien\u0105 kambar\u012f \u012f kit\u0105 kelion\u0119?<\/p>\n<h2>Kontakto!<\/h2>\n<p>Ar tai skamba per gerai, kad b\u016bt\u0173 tiesa, ar turite klausim\u0173 apie i\u0161sinuomoti trumpalaikio baldais nuoma butas? Rekomenduojame susisiekti su mumis el. pa\u0161tu varaus@sakarincitykodit.fi arba telefonu <a href=\"tel:+358440880567\">044 0880567<\/a>, ir mes mielai jums pasakysime daugiau apie m\u016bs\u0173 paslaugas ir atsakysime \u012f visus jums i\u0161kilusius klausimus. Kontaktin\u0119 informacij\u0105 galima rasti m\u016bs\u0173 svetain\u0117je.<\/p>\n<\/div>\n<\/div>\n<\/div>\n<\/div>\n<\/div>\n<\/div>\n<\/div>\t\t\t\t\t\t\t\t<\/div>\n\t\t\t\t<\/div>\n\t\t\t\t\t<\/div>\n\t\t<\/div>\n\t\t\t\t\t<\/div>\n\t\t<\/section>\n\t\t\t\t<\/div>\n\t\t","protected":false},"excerpt":{"rendered":"<p>Vantaa vapaat asunnot Apartament\u0173 pastatas VANTAA Tikkurila | KT 3h+k Hernetie 4 Vantaa Nemokama baldais nuoma Vantaa Ar j\u016bs\u0173 gyvenimas juda d\u0117l darbo ar pom\u0117gi\u0173? Ar vie\u0161bu\u010dio kambari\u0173 sienos patenka \u012f j\u016bs\u0173 keliones? Laimei, taip pat yra lankstesnis apgyvendinimas variantas. Baldais apstatyti nuomojami apartamentai yra vantoje ir aplink Suomij\u0105 skirtingose vietose \u2013 taip pat trumpalaikiams [&hellip;]<\/p>\n","protected":false},"author":3,"featured_media":0,"parent":4379,"menu_order":0,"comment_status":"closed","ping_status":"closed","template":"","meta":{"footnotes":""},"class_list":["post-4169","page","type-page","status-publish","hentry"],"yoast_head":"<!-- This site is optimized with the Yoast SEO plugin v24.9 - https:\/\/yoast.com\/wordpress\/plugins\/seo\/ -->\n<title>Su baldais apstatyta nuoma Vantaa - Sakarin Citykodit<\/title>\n<meta name=\"robots\" content=\"index, follow, max-snippet:-1, max-image-preview:large, max-video-preview:-1\" \/>\n<link rel=\"canonical\" href=\"https:\/\/www.sakarincitykodit.fi\/lt\/musu-vieta\/su-baldais-apstatyta-nuoma-vantoje\/\" \/>\n<meta property=\"og:locale\" content=\"lt_LT\" \/>\n<meta property=\"og:type\" content=\"article\" \/>\n<meta property=\"og:title\" content=\"Su baldais apstatyta nuoma Vantaa - Sakarin Citykodit\" \/>\n<meta property=\"og:description\" content=\"Vantaa vapaat asunnot Apartament\u0173 pastatas VANTAA Tikkurila | KT 3h+k Hernetie 4 Vantaa Nemokama baldais nuoma Vantaa Ar j\u016bs\u0173 gyvenimas juda d\u0117l darbo ar pom\u0117gi\u0173? Ar vie\u0161bu\u010dio kambari\u0173 sienos patenka \u012f j\u016bs\u0173 keliones? Laimei, taip pat yra lankstesnis apgyvendinimas variantas. Baldais apstatyti nuomojami apartamentai yra vantoje ir aplink Suomij\u0105 skirtingose vietose \u2013 taip pat trumpalaikiams [&hellip;]\" \/>\n<meta property=\"og:url\" content=\"https:\/\/www.sakarincitykodit.fi\/lt\/musu-vieta\/su-baldais-apstatyta-nuoma-vantoje\/\" \/>\n<meta property=\"og:site_name\" content=\"Sakarin Citykodit\" \/>\n<meta property=\"article:modified_time\" content=\"2021-09-01T12:36:16+00:00\" \/>\n<meta name=\"twitter:card\" content=\"summary_large_image\" \/>\n<meta name=\"twitter:label1\" content=\"Est. reading time\" \/>\n\t<meta name=\"twitter:data1\" content=\"2 minut\u0117s\" \/>\n<script type=\"application\/ld+json\" class=\"yoast-schema-graph\">{\"@context\":\"https:\/\/schema.org\",\"@graph\":[{\"@type\":\"WebPage\",\"@id\":\"https:\/\/www.sakarincitykodit.fi\/lt\/musu-vieta\/su-baldais-apstatyta-nuoma-vantoje\/\",\"url\":\"https:\/\/www.sakarincitykodit.fi\/lt\/musu-vieta\/su-baldais-apstatyta-nuoma-vantoje\/\",\"name\":\"Su baldais apstatyta nuoma Vantaa - Sakarin Citykodit\",\"isPartOf\":{\"@id\":\"https:\/\/www.sakarincitykodit.fi\/lt\/#website\"},\"datePublished\":\"2018-11-05T07:46:45+00:00\",\"dateModified\":\"2021-09-01T12:36:16+00:00\",\"breadcrumb\":{\"@id\":\"https:\/\/www.sakarincitykodit.fi\/lt\/musu-vieta\/su-baldais-apstatyta-nuoma-vantoje\/#breadcrumb\"},\"inLanguage\":\"lt-LT\",\"potentialAction\":[{\"@type\":\"ReadAction\",\"target\":[\"https:\/\/www.sakarincitykodit.fi\/lt\/musu-vieta\/su-baldais-apstatyta-nuoma-vantoje\/\"]}]},{\"@type\":\"BreadcrumbList\",\"@id\":\"https:\/\/www.sakarincitykodit.fi\/lt\/musu-vieta\/su-baldais-apstatyta-nuoma-vantoje\/#breadcrumb\",\"itemListElement\":[{\"@type\":\"ListItem\",\"position\":1,\"name\":\"Nam\u0173\",\"item\":\"https:\/\/www.sakarincitykodit.fi\/lt\/\"},{\"@type\":\"ListItem\",\"position\":2,\"name\":\"M\u016bs\u0173 vieta\",\"item\":\"https:\/\/www.sakarincitykodit.fi\/lt\/musu-vieta\/\"},{\"@type\":\"ListItem\",\"position\":3,\"name\":\"Su baldais apstatyta nuoma Vantaa\"}]},{\"@type\":\"WebSite\",\"@id\":\"https:\/\/www.sakarincitykodit.fi\/lt\/#website\",\"url\":\"https:\/\/www.sakarincitykodit.fi\/lt\/\",\"name\":\"Sakarin Citykodit\",\"description\":\"Vuokraamme vapaat kalustetut vuokra-asunnot ymp&auml;ri Suomen!\",\"publisher\":{\"@id\":\"https:\/\/www.sakarincitykodit.fi\/lt\/#organization\"},\"potentialAction\":[{\"@type\":\"SearchAction\",\"target\":{\"@type\":\"EntryPoint\",\"urlTemplate\":\"https:\/\/www.sakarincitykodit.fi\/lt\/?s={search_term_string}\"},\"query-input\":{\"@type\":\"PropertyValueSpecification\",\"valueRequired\":true,\"valueName\":\"search_term_string\"}}],\"inLanguage\":\"lt-LT\"},{\"@type\":\"Organization\",\"@id\":\"https:\/\/www.sakarincitykodit.fi\/lt\/#organization\",\"name\":\"Sakarin Citykodit\",\"url\":\"https:\/\/www.sakarincitykodit.fi\/lt\/\",\"logo\":{\"@type\":\"ImageObject\",\"inLanguage\":\"lt-LT\",\"@id\":\"https:\/\/www.sakarincitykodit.fi\/lt\/#\/schema\/logo\/image\/\",\"url\":\"https:\/\/www.sakarincitykodit.fi\/wp-content\/uploads\/sakarin-citykodit-logo-245.png\",\"contentUrl\":\"https:\/\/www.sakarincitykodit.fi\/wp-content\/uploads\/sakarin-citykodit-logo-245.png\",\"width\":245,\"height\":39,\"caption\":\"Sakarin Citykodit\"},\"image\":{\"@id\":\"https:\/\/www.sakarincitykodit.fi\/lt\/#\/schema\/logo\/image\/\"}}]}<\/script>\n<!-- \/ Yoast SEO plugin. -->","yoast_head_json":{"title":"Su baldais apstatyta nuoma Vantaa - Sakarin Citykodit","robots":{"index":"index","follow":"follow","max-snippet":"max-snippet:-1","max-image-preview":"max-image-preview:large","max-video-preview":"max-video-preview:-1"},"canonical":"https:\/\/www.sakarincitykodit.fi\/lt\/musu-vieta\/su-baldais-apstatyta-nuoma-vantoje\/","og_locale":"lt_LT","og_type":"article","og_title":"Su baldais apstatyta nuoma Vantaa - Sakarin Citykodit","og_description":"Vantaa vapaat asunnot Apartament\u0173 pastatas VANTAA Tikkurila | KT 3h+k Hernetie 4 Vantaa Nemokama baldais nuoma Vantaa Ar j\u016bs\u0173 gyvenimas juda d\u0117l darbo ar pom\u0117gi\u0173? Ar vie\u0161bu\u010dio kambari\u0173 sienos patenka \u012f j\u016bs\u0173 keliones? Laimei, taip pat yra lankstesnis apgyvendinimas variantas. Baldais apstatyti nuomojami apartamentai yra vantoje ir aplink Suomij\u0105 skirtingose vietose \u2013 taip pat trumpalaikiams [&hellip;]","og_url":"https:\/\/www.sakarincitykodit.fi\/lt\/musu-vieta\/su-baldais-apstatyta-nuoma-vantoje\/","og_site_name":"Sakarin Citykodit","article_modified_time":"2021-09-01T12:36:16+00:00","twitter_card":"summary_large_image","twitter_misc":{"Est. reading time":"2 minut\u0117s"},"schema":{"@context":"https:\/\/schema.org","@graph":[{"@type":"WebPage","@id":"https:\/\/www.sakarincitykodit.fi\/lt\/musu-vieta\/su-baldais-apstatyta-nuoma-vantoje\/","url":"https:\/\/www.sakarincitykodit.fi\/lt\/musu-vieta\/su-baldais-apstatyta-nuoma-vantoje\/","name":"Su baldais apstatyta nuoma Vantaa - Sakarin Citykodit","isPartOf":{"@id":"https:\/\/www.sakarincitykodit.fi\/lt\/#website"},"datePublished":"2018-11-05T07:46:45+00:00","dateModified":"2021-09-01T12:36:16+00:00","breadcrumb":{"@id":"https:\/\/www.sakarincitykodit.fi\/lt\/musu-vieta\/su-baldais-apstatyta-nuoma-vantoje\/#breadcrumb"},"inLanguage":"lt-LT","potentialAction":[{"@type":"ReadAction","target":["https:\/\/www.sakarincitykodit.fi\/lt\/musu-vieta\/su-baldais-apstatyta-nuoma-vantoje\/"]}]},{"@type":"BreadcrumbList","@id":"https:\/\/www.sakarincitykodit.fi\/lt\/musu-vieta\/su-baldais-apstatyta-nuoma-vantoje\/#breadcrumb","itemListElement":[{"@type":"ListItem","position":1,"name":"Nam\u0173","item":"https:\/\/www.sakarincitykodit.fi\/lt\/"},{"@type":"ListItem","position":2,"name":"M\u016bs\u0173 vieta","item":"https:\/\/www.sakarincitykodit.fi\/lt\/musu-vieta\/"},{"@type":"ListItem","position":3,"name":"Su baldais apstatyta nuoma Vantaa"}]},{"@type":"WebSite","@id":"https:\/\/www.sakarincitykodit.fi\/lt\/#website","url":"https:\/\/www.sakarincitykodit.fi\/lt\/","name":"Sakarin Citykodit","description":"Vuokraamme vapaat kalustetut vuokra-asunnot ymp&auml;ri Suomen!","publisher":{"@id":"https:\/\/www.sakarincitykodit.fi\/lt\/#organization"},"potentialAction":[{"@type":"SearchAction","target":{"@type":"EntryPoint","urlTemplate":"https:\/\/www.sakarincitykodit.fi\/lt\/?s={search_term_string}"},"query-input":{"@type":"PropertyValueSpecification","valueRequired":true,"valueName":"search_term_string"}}],"inLanguage":"lt-LT"},{"@type":"Organization","@id":"https:\/\/www.sakarincitykodit.fi\/lt\/#organization","name":"Sakarin Citykodit","url":"https:\/\/www.sakarincitykodit.fi\/lt\/","logo":{"@type":"ImageObject","inLanguage":"lt-LT","@id":"https:\/\/www.sakarincitykodit.fi\/lt\/#\/schema\/logo\/image\/","url":"https:\/\/www.sakarincitykodit.fi\/wp-content\/uploads\/sakarin-citykodit-logo-245.png","contentUrl":"https:\/\/www.sakarincitykodit.fi\/wp-content\/uploads\/sakarin-citykodit-logo-245.png","width":245,"height":39,"caption":"Sakarin Citykodit"},"image":{"@id":"https:\/\/www.sakarincitykodit.fi\/lt\/#\/schema\/logo\/image\/"}}]}},"_links":{"self":[{"href":"https:\/\/www.sakarincitykodit.fi\/lt\/wp-json\/wp\/v2\/pages\/4169","targetHints":{"allow":["GET"]}}],"collection":[{"href":"https:\/\/www.sakarincitykodit.fi\/lt\/wp-json\/wp\/v2\/pages"}],"about":[{"href":"https:\/\/www.sakarincitykodit.fi\/lt\/wp-json\/wp\/v2\/types\/page"}],"author":[{"embeddable":true,"href":"https:\/\/www.sakarincitykodit.fi\/lt\/wp-json\/wp\/v2\/users\/3"}],"replies":[{"embeddable":true,"href":"https:\/\/www.sakarincitykodit.fi\/lt\/wp-json\/wp\/v2\/comments?post=4169"}],"version-history":[{"count":0,"href":"https:\/\/www.sakarincitykodit.fi\/lt\/wp-json\/wp\/v2\/pages\/4169\/revisions"}],"up":[{"embeddable":true,"href":"https:\/\/www.sakarincitykodit.fi\/lt\/wp-json\/wp\/v2\/pages\/4379"}],"wp:attachment":[{"href":"https:\/\/www.sakarincitykodit.fi\/lt\/wp-json\/wp\/v2\/media?parent=4169"}],"curies":[{"name":"wp","href":"https:\/\/api.w.org\/{rel}","templated":true}]}}