{"id":4431,"date":"2020-07-01T11:56:23","date_gmt":"2020-07-01T09:56:23","guid":{"rendered":"https:\/\/www.sakarincitykodit.fi\/mobleeritud-puhkemajutused-helsingis\/"},"modified":"2020-11-10T12:11:15","modified_gmt":"2020-11-10T10:11:15","slug":"mobleeritud-puhkemajutused-helsingis","status":"publish","type":"page","link":"https:\/\/www.sakarincitykodit.fi\/et\/meie-asukoht\/mobleeritud-puhkemajutused-helsingis\/","title":{"rendered":"M\u00f6bleeritud puhkemajutused Helsingis"},"content":{"rendered":"\t\t<div data-elementor-type=\"wp-page\" data-elementor-id=\"4431\" class=\"elementor elementor-4431 elementor-3525\">\n\t\t\t\t\t\t<section class=\"elementor-section elementor-top-section elementor-element elementor-element-1f5f39a elementor-section-boxed elementor-section-height-default elementor-section-height-default\" data-id=\"1f5f39a\" data-element_type=\"section\">\n\t\t\t\t\t\t<div class=\"elementor-container elementor-column-gap-default\">\n\t\t\t\t\t<div class=\"elementor-column elementor-col-100 elementor-top-column elementor-element elementor-element-2414dfa\" data-id=\"2414dfa\" data-element_type=\"column\">\n\t\t\t<div class=\"elementor-widget-wrap elementor-element-populated\">\n\t\t\t\t\t\t<div class=\"elementor-element elementor-element-ee56a9a elementor-widget elementor-widget-text-editor\" data-id=\"ee56a9a\" data-element_type=\"widget\" data-widget_type=\"text-editor.default\">\n\t\t\t\t<div class=\"elementor-widget-container\">\n\t\t\t\t\t\t\t\t\t<h1>Tasuta m\u00f6bleeritud \u00fc\u00fcrid Helsingis<\/h1>\n<p>Kas te juhite mobiilset elu erinevates kogukondades, n\u00e4iteks t\u00f6\u00f6 ks? Teil ei ole alati vaja kasutada hotelli majutus, kuid seal on ka paindlikum ja vabam v\u00f5imalus. Pakume erineva pikkusega m\u00f6bleeritud rendikortereid Helsingis ja paljudes teistes Soomes asuvates paikades. M\u00f6bleeritud \u00fc\u00fcrikorterid t\u00f6\u00f6tavad ka ettev\u00f5tte vajaduste rahuldamiseks, kus majutust on vaja rohkematele inimestele. Paljudest m\u00f6bleeritud apartementidest leiate alternatiivi oma majutuse vajadustele.<\/p>\n<h4>Kas sa tahad, et me helistaksime teile helsingi vabade korterite p\u00e4rast? J\u00e4tke tagasihelistamine!<\/h4>\n\n<div class=\"wpcf7 no-js\" id=\"wpcf7-f5345-o1\" lang=\"et\" dir=\"ltr\" data-wpcf7-id=\"5345\">\n<div class=\"screen-reader-response\"><p role=\"status\" aria-live=\"polite\" aria-atomic=\"true\"><\/p> <ul><\/ul><\/div>\n<form action=\"\/et\/wp-json\/wp\/v2\/pages\/4431#wpcf7-f5345-o1\" method=\"post\" class=\"wpcf7-form init\" aria-label=\"Contact form\" novalidate=\"novalidate\" data-status=\"init\">\n<div style=\"display: none;\">\n<input type=\"hidden\" name=\"_wpcf7\" value=\"5345\" \/>\n<input type=\"hidden\" name=\"_wpcf7_version\" value=\"6.0.6\" \/>\n<input type=\"hidden\" name=\"_wpcf7_locale\" value=\"et\" \/>\n<input type=\"hidden\" name=\"_wpcf7_unit_tag\" value=\"wpcf7-f5345-o1\" \/>\n<input type=\"hidden\" name=\"_wpcf7_container_post\" value=\"0\" \/>\n<input type=\"hidden\" name=\"_wpcf7_posted_data_hash\" value=\"\" \/>\n<\/div>\n<p><label>Enter your details and our business sales will contact you as soon as possible!<br \/>\n<\/label>\n<\/p>\n<div class=\"contact-us\">\n\t<div class=\"row\">\n\t\t<div class=\"col-xs-12 col-sm-6\">\n\t\t\t<p><span class=\"wpcf7-form-control-wrap\" data-name=\"your-yritys\"><input size=\"40\" maxlength=\"400\" class=\"wpcf7-form-control wpcf7-text wpcf7-validates-as-required form-control\" aria-required=\"true\" aria-invalid=\"false\" placeholder=\"The Company Name\" value=\"\" type=\"text\" name=\"your-yritys\" \/><\/span>\n\t\t\t<\/p>\n\t\t<\/div>\n\t\t<div class=\"col-xs-12 col-sm-6\">\n\t\t\t<p><span class=\"wpcf7-form-control-wrap\" data-name=\"your-tel\"><input size=\"40\" maxlength=\"400\" class=\"wpcf7-form-control wpcf7-tel wpcf7-validates-as-required wpcf7-text wpcf7-validates-as-tel form-control\" aria-required=\"true\" aria-invalid=\"false\" placeholder=\"Phone number\" value=\"\" type=\"tel\" name=\"your-tel\" \/><\/span>\n\t\t\t<\/p>\n\t\t<\/div>\n\t\t<div class=\"col-xs-12 col-sm-12\">\n\t\t\t<p><span class=\"wpcf7-form-control-wrap\" data-name=\"your-email\"><input size=\"40\" maxlength=\"400\" class=\"wpcf7-form-control wpcf7-email wpcf7-validates-as-required wpcf7-text wpcf7-validates-as-email form-control\" aria-required=\"true\" aria-invalid=\"false\" placeholder=\"Email\" value=\"\" type=\"email\" name=\"your-email\" \/><\/span>\n\t\t\t<\/p>\n\t\t<\/div>\n\t<\/div>\n\t<div class=\"clearfix\">\n\t\t<p><input class=\"wpcf7-form-control wpcf7-submit has-spinner btn pull-right btn-theme btn-inverse border-2\" type=\"submit\" value=\"Please contact me!\" \/>\n\t\t<\/p>\n\t<\/div>\n<\/div><div class=\"wpcf7-response-output\" aria-hidden=\"true\"><\/div>\n<\/form>\n<\/div>\n\n<h2>L\u00fchiajalise korteri rentimine Helsingis<\/h2>\n<p>Kodune eluviis v\u00f5imaldab teha palju asju, mida hotell sageli ei suuda rakendada. Seet\u00f5ttu on hea lahendus l\u00fchiajalise m\u00f6bleeritud korteri rentimine. K\u00fclalised saavad valmistada, k\u00fclalisi kutsuda ja \u00fc\u00fcrikorteris elades oma korteri v\u00f5tmed saada. L\u00fchiajaline \u00fc\u00fcrikorter on paindlikum kui hotelli peatumine. Samuti on v\u00f5imalik kolida l\u00fchiajaline korter abikaasa v\u00f5i isegi kogu pere, kui soovite liikuda, kuid ei taha elama alaliselt uude linna. Lihtsalt saada v\u00f5tmed ja lahendada oma eelnevalt sisustatud korter piiratud aja jooksul.<\/p>\n<h2>K\u00f5ik meie tasuta \u00fc\u00fcrikorterid leiate kohe<\/h2>\n<p>M\u00f6bleeritud \u00fc\u00fcrikorterite otsimine on raskendatud palju, kui teil on sirvida mitmeid veebisaite ja teenusepakkujaid. Meie teenuse otsingu h\u00f5lbustamiseks leiate tasuta m\u00f6bleeritud \u00fc\u00fcrikorterid erinevates kohtades \u00fches kohas samal ajal. Kohapeal on k\u00f5ik m\u00f6bleeritud \u00fc\u00fcrikorterid, mis on jaotatud kohalike ks k\u00fclastajate poolt. Tasuta apartemente uuendatakse iga 24 tunni j\u00e4rel, nii et saate j\u00e4lgida iga p\u00e4ev tasuta eluruumide olukorda. Kliki sihtkoha asukohta kohapeal ja uurida, kas teil on tasuta m\u00f6bleeritud \u00fc\u00fcrikorter oma majutuse vajadustele.<\/p>\n<h2>Helsingi sisustatud korterid, kus on juurdep\u00e4\u00e4s transpordile ja vajadustele<\/h2>\n<p>Helsingis ei ole raske leida l\u00fchiajalist \u00fc\u00fcrikorterit, mis on l\u00e4hedal h\u00e4sti toimivatele transpordi\u00fchendustele. Ulatuslik metroo-, bussi- ja trammiv\u00f5rk v\u00f5imaldab teil rentida korteri v\u00e4ljaspool kesklinna, kus asub enamik hotelle. M\u00f6bleeritud korteri rentimine on sama lihtne kui hotellis viibimine, kuid palju paindlikum ja vabam lahendus. Me kontrollime kogu arvustuste ja ameerika, standardses ei, aga siin viibimise eest enam majutusasutusi, kui ta on siin.<\/p>\n<h3>Kontakt!<\/h3>\n<p>Kas teil on k\u00fcsimusi korteri l\u00fchiajalise rentimise kohta v\u00f5i tahad sa lihtsalt rohkem kuulda? V\u00f5tke meiega \u00fchendust ja me \u00fctleme teile, kui lihtne on rentida l\u00fchiajaline m\u00f6bleeritud korter! Meiega saate \u00fchendust v\u00f5tta kas telefoni, e-posti v\u00f5i t\u00e4ites alloleva vormi.<\/p>\n\n<div class=\"wpcf7 no-js\" id=\"wpcf7-f5336-o2\" lang=\"et\" dir=\"ltr\" data-wpcf7-id=\"5336\">\n<div class=\"screen-reader-response\"><p role=\"status\" aria-live=\"polite\" aria-atomic=\"true\"><\/p> <ul><\/ul><\/div>\n<form action=\"\/et\/wp-json\/wp\/v2\/pages\/4431#wpcf7-f5336-o2\" method=\"post\" class=\"wpcf7-form init\" aria-label=\"Contact form\" novalidate=\"novalidate\" data-status=\"init\">\n<div style=\"display: none;\">\n<input type=\"hidden\" name=\"_wpcf7\" value=\"5336\" \/>\n<input type=\"hidden\" name=\"_wpcf7_version\" value=\"6.0.6\" \/>\n<input type=\"hidden\" name=\"_wpcf7_locale\" value=\"et\" \/>\n<input type=\"hidden\" name=\"_wpcf7_unit_tag\" value=\"wpcf7-f5336-o2\" \/>\n<input type=\"hidden\" name=\"_wpcf7_container_post\" value=\"0\" \/>\n<input type=\"hidden\" name=\"_wpcf7_posted_data_hash\" value=\"\" \/>\n<\/div>\n<div class=\"contact-us\">\n\t<div class=\"row\">\n\t\t<div class=\"col-xs-12 col-sm-6\">\n\t\t\t<p><span class=\"wpcf7-form-control-wrap\" data-name=\"your-name\"><input size=\"40\" maxlength=\"400\" class=\"wpcf7-form-control wpcf7-text wpcf7-validates-as-required form-control\" aria-required=\"true\" aria-invalid=\"false\" placeholder=\"Company name\" value=\"\" type=\"text\" name=\"your-name\" \/><\/span>\n\t\t\t<\/p>\n\t\t<\/div>\n\t\t<div class=\"col-xs-12 col-sm-6\">\n\t\t\t<p><span class=\"wpcf7-form-control-wrap\" data-name=\"your-tel\"><input size=\"40\" maxlength=\"400\" class=\"wpcf7-form-control wpcf7-tel wpcf7-validates-as-required wpcf7-text wpcf7-validates-as-tel form-control\" aria-required=\"true\" aria-invalid=\"false\" placeholder=\"Telephone\" value=\"\" type=\"tel\" name=\"your-tel\" \/><\/span>\n\t\t\t<\/p>\n\t\t<\/div>\n\t\t<div class=\"col-xs-12 col-sm-12\">\n\t\t\t<p><span class=\"wpcf7-form-control-wrap\" data-name=\"your-email\"><input size=\"40\" maxlength=\"400\" class=\"wpcf7-form-control wpcf7-email wpcf7-validates-as-required wpcf7-text wpcf7-validates-as-email form-control\" aria-required=\"true\" aria-invalid=\"false\" placeholder=\"Email\" value=\"\" type=\"email\" name=\"your-email\" \/><\/span>\n\t\t\t<\/p>\n\t\t<\/div>\n\t\t<div class=\"col-xs-12 col-sm-6\">\n\t\t\t<labal>City\n\t\t\t\t<p><span class=\"wpcf7-form-control-wrap\" data-name=\"menu-905\"><select class=\"wpcf7-form-control wpcf7-select wpcf7-validates-as-required\" aria-required=\"true\" aria-invalid=\"false\" name=\"menu-905\"><option value=\"Espoo\">Espoo<\/option><option value=\"Hamina\">Hamina<\/option><option value=\"Helsinki\">Helsinki<\/option><option value=\"Jyv\u00e4skyl\u00e4\">Jyv\u00e4skyl\u00e4<\/option><option value=\"J\u00e4rvenp\u00e4\u00e4\">J\u00e4rvenp\u00e4\u00e4<\/option><option value=\"Kerava\">Kerava<\/option><option value=\"Kuopio\">Kuopio<\/option><option value=\"Oulu\">Oulu<\/option><option value=\"Porvoo\">Porvoo<\/option><option value=\"Tampere\">Tampere<\/option><option value=\"Turku\">Turku<\/option><option value=\"Vaasa\">Vaasa<\/option><option value=\"Vantaa\">Vantaa<\/option><option value=\"Other city\">Other city<\/option><\/select><\/span>\n\t\t\t\t<\/p>\n\t\t\t<\/labal>\n\t\t<\/div>\n\t\t<div class=\"col-xs-12 col-sm-6\">\n\t\t\t<p><span class=\"wpcf7-form-control-wrap\" data-name=\"your-omakaupunki\"><input size=\"40\" maxlength=\"400\" class=\"wpcf7-form-control wpcf7-text form-control\" aria-invalid=\"false\" placeholder=\"Other city\" value=\"\" type=\"text\" name=\"your-omakaupunki\" \/><\/span>\n\t\t\t<\/p>\n\t\t<\/div>\n\t\t<div class=\"col-xs-12 col-sm-6\">\n\t\t\t<labal>Arrival:\n\t\t\t\t<p><span class=\"wpcf7-form-control-wrap\" data-name=\"date-946\"><input class=\"wpcf7-form-control wpcf7-date wpcf7-validates-as-date form-control\" aria-invalid=\"false\" placeholder=\"Arrival\" value=\"\" type=\"date\" name=\"date-946\" \/><\/span>\n\t\t\t\t<\/p>\n\t\t\t<\/labal>\n\t\t<\/div>\n\t\t<div class=\"col-xs-12 col-sm-6\">\n\t\t\t<labal>Departure:\n\t\t\t\t<p><span class=\"wpcf7-form-control-wrap\" data-name=\"date-706\"><input class=\"wpcf7-form-control wpcf7-date wpcf7-validates-as-date form-control\" aria-invalid=\"false\" placeholder=\"Departure\" value=\"\" type=\"date\" name=\"date-706\" \/><\/span>\n\t\t\t\t<\/p>\n\t\t\t<\/labal>\n\t\t<\/div>\n\t<\/div>\n\t<div>\n\t\t<p><span class=\"wpcf7-form-control-wrap\" data-name=\"your-message\"><textarea cols=\"40\" rows=\"10\" maxlength=\"2000\" class=\"wpcf7-form-control wpcf7-textarea form-control\" aria-invalid=\"false\" placeholder=\"Message\" name=\"your-message\"><\/textarea><\/span>\n\t\t<\/p>\n\t<\/div>\n\t<div class=\"clearfix\">\n\t\t<p><input class=\"wpcf7-form-control wpcf7-submit has-spinner btn pull-right btn-theme btn-inverse border-2\" type=\"submit\" value=\"Send\" \/>\n\t\t<\/p>\n\t<\/div>\n<\/div><div class=\"wpcf7-response-output\" aria-hidden=\"true\"><\/div>\n<\/form>\n<\/div>\n\n\t\t\t\t\t\t\t\t<\/div>\n\t\t\t\t<\/div>\n\t\t\t\t\t<\/div>\n\t\t<\/div>\n\t\t\t\t\t<\/div>\n\t\t<\/section>\n\t\t\t\t<\/div>\n\t\t","protected":false},"excerpt":{"rendered":"<p>Tasuta m\u00f6bleeritud \u00fc\u00fcrid Helsingis Kas te juhite mobiilset elu erinevates kogukondades, n\u00e4iteks t\u00f6\u00f6 ks? Teil ei ole alati vaja kasutada hotelli majutus, kuid seal on ka paindlikum ja vabam v\u00f5imalus. Pakume erineva pikkusega m\u00f6bleeritud rendikortereid Helsingis ja paljudes teistes Soomes asuvates paikades. M\u00f6bleeritud \u00fc\u00fcrikorterid t\u00f6\u00f6tavad ka ettev\u00f5tte vajaduste rahuldamiseks, kus majutust on vaja rohkematele inimestele. [&hellip;]<\/p>\n","protected":false},"author":3,"featured_media":0,"parent":4447,"menu_order":0,"comment_status":"closed","ping_status":"closed","template":"","meta":{"footnotes":""},"class_list":["post-4431","page","type-page","status-publish","hentry"],"yoast_head":"<!-- This site is optimized with the Yoast SEO plugin v24.9 - https:\/\/yoast.com\/wordpress\/plugins\/seo\/ -->\n<title>M\u00f6bleeritud puhkemajutused Helsingis - Sakarin Citykodit<\/title>\n<meta name=\"robots\" content=\"index, follow, max-snippet:-1, max-image-preview:large, max-video-preview:-1\" \/>\n<link rel=\"canonical\" href=\"https:\/\/www.sakarincitykodit.fi\/et\/meie-asukoht\/mobleeritud-puhkemajutused-helsingis\/\" \/>\n<meta property=\"og:locale\" content=\"et_EE\" \/>\n<meta property=\"og:type\" content=\"article\" \/>\n<meta property=\"og:title\" content=\"M\u00f6bleeritud puhkemajutused Helsingis - Sakarin Citykodit\" \/>\n<meta property=\"og:description\" content=\"Tasuta m\u00f6bleeritud \u00fc\u00fcrid Helsingis Kas te juhite mobiilset elu erinevates kogukondades, n\u00e4iteks t\u00f6\u00f6 ks? Teil ei ole alati vaja kasutada hotelli majutus, kuid seal on ka paindlikum ja vabam v\u00f5imalus. Pakume erineva pikkusega m\u00f6bleeritud rendikortereid Helsingis ja paljudes teistes Soomes asuvates paikades. M\u00f6bleeritud \u00fc\u00fcrikorterid t\u00f6\u00f6tavad ka ettev\u00f5tte vajaduste rahuldamiseks, kus majutust on vaja rohkematele inimestele. [&hellip;]\" \/>\n<meta property=\"og:url\" content=\"https:\/\/www.sakarincitykodit.fi\/et\/meie-asukoht\/mobleeritud-puhkemajutused-helsingis\/\" \/>\n<meta property=\"og:site_name\" content=\"Sakarin Citykodit\" \/>\n<meta property=\"article:modified_time\" content=\"2020-11-10T10:11:15+00:00\" \/>\n<meta name=\"twitter:card\" content=\"summary_large_image\" \/>\n<meta name=\"twitter:label1\" content=\"Est. reading time\" \/>\n\t<meta name=\"twitter:data1\" content=\"2 minutit\" \/>\n<script type=\"application\/ld+json\" class=\"yoast-schema-graph\">{\"@context\":\"https:\/\/schema.org\",\"@graph\":[{\"@type\":\"WebPage\",\"@id\":\"https:\/\/www.sakarincitykodit.fi\/et\/meie-asukoht\/mobleeritud-puhkemajutused-helsingis\/\",\"url\":\"https:\/\/www.sakarincitykodit.fi\/et\/meie-asukoht\/mobleeritud-puhkemajutused-helsingis\/\",\"name\":\"M\u00f6bleeritud puhkemajutused Helsingis - Sakarin Citykodit\",\"isPartOf\":{\"@id\":\"https:\/\/www.sakarincitykodit.fi\/et\/#website\"},\"datePublished\":\"2020-07-01T09:56:23+00:00\",\"dateModified\":\"2020-11-10T10:11:15+00:00\",\"breadcrumb\":{\"@id\":\"https:\/\/www.sakarincitykodit.fi\/et\/meie-asukoht\/mobleeritud-puhkemajutused-helsingis\/#breadcrumb\"},\"inLanguage\":\"et\",\"potentialAction\":[{\"@type\":\"ReadAction\",\"target\":[\"https:\/\/www.sakarincitykodit.fi\/et\/meie-asukoht\/mobleeritud-puhkemajutused-helsingis\/\"]}]},{\"@type\":\"BreadcrumbList\",\"@id\":\"https:\/\/www.sakarincitykodit.fi\/et\/meie-asukoht\/mobleeritud-puhkemajutused-helsingis\/#breadcrumb\",\"itemListElement\":[{\"@type\":\"ListItem\",\"position\":1,\"name\":\"Kodu\",\"item\":\"https:\/\/www.sakarincitykodit.fi\/et\/\"},{\"@type\":\"ListItem\",\"position\":2,\"name\":\"Meie asukoht\",\"item\":\"https:\/\/www.sakarincitykodit.fi\/et\/meie-asukoht\/\"},{\"@type\":\"ListItem\",\"position\":3,\"name\":\"M\u00f6bleeritud puhkemajutused Helsingis\"}]},{\"@type\":\"WebSite\",\"@id\":\"https:\/\/www.sakarincitykodit.fi\/et\/#website\",\"url\":\"https:\/\/www.sakarincitykodit.fi\/et\/\",\"name\":\"Sakarin Citykodit\",\"description\":\"Vuokraamme vapaat kalustetut vuokra-asunnot ymp&auml;ri Suomen!\",\"publisher\":{\"@id\":\"https:\/\/www.sakarincitykodit.fi\/et\/#organization\"},\"potentialAction\":[{\"@type\":\"SearchAction\",\"target\":{\"@type\":\"EntryPoint\",\"urlTemplate\":\"https:\/\/www.sakarincitykodit.fi\/et\/?s={search_term_string}\"},\"query-input\":{\"@type\":\"PropertyValueSpecification\",\"valueRequired\":true,\"valueName\":\"search_term_string\"}}],\"inLanguage\":\"et\"},{\"@type\":\"Organization\",\"@id\":\"https:\/\/www.sakarincitykodit.fi\/et\/#organization\",\"name\":\"Sakarin Citykodit\",\"url\":\"https:\/\/www.sakarincitykodit.fi\/et\/\",\"logo\":{\"@type\":\"ImageObject\",\"inLanguage\":\"et\",\"@id\":\"https:\/\/www.sakarincitykodit.fi\/et\/#\/schema\/logo\/image\/\",\"url\":\"https:\/\/www.sakarincitykodit.fi\/wp-content\/uploads\/sakarin-citykodit-logo-245.png\",\"contentUrl\":\"https:\/\/www.sakarincitykodit.fi\/wp-content\/uploads\/sakarin-citykodit-logo-245.png\",\"width\":245,\"height\":39,\"caption\":\"Sakarin Citykodit\"},\"image\":{\"@id\":\"https:\/\/www.sakarincitykodit.fi\/et\/#\/schema\/logo\/image\/\"}}]}<\/script>\n<!-- \/ Yoast SEO plugin. -->","yoast_head_json":{"title":"M\u00f6bleeritud puhkemajutused Helsingis - Sakarin Citykodit","robots":{"index":"index","follow":"follow","max-snippet":"max-snippet:-1","max-image-preview":"max-image-preview:large","max-video-preview":"max-video-preview:-1"},"canonical":"https:\/\/www.sakarincitykodit.fi\/et\/meie-asukoht\/mobleeritud-puhkemajutused-helsingis\/","og_locale":"et_EE","og_type":"article","og_title":"M\u00f6bleeritud puhkemajutused Helsingis - Sakarin Citykodit","og_description":"Tasuta m\u00f6bleeritud \u00fc\u00fcrid Helsingis Kas te juhite mobiilset elu erinevates kogukondades, n\u00e4iteks t\u00f6\u00f6 ks? Teil ei ole alati vaja kasutada hotelli majutus, kuid seal on ka paindlikum ja vabam v\u00f5imalus. Pakume erineva pikkusega m\u00f6bleeritud rendikortereid Helsingis ja paljudes teistes Soomes asuvates paikades. M\u00f6bleeritud \u00fc\u00fcrikorterid t\u00f6\u00f6tavad ka ettev\u00f5tte vajaduste rahuldamiseks, kus majutust on vaja rohkematele inimestele. [&hellip;]","og_url":"https:\/\/www.sakarincitykodit.fi\/et\/meie-asukoht\/mobleeritud-puhkemajutused-helsingis\/","og_site_name":"Sakarin Citykodit","article_modified_time":"2020-11-10T10:11:15+00:00","twitter_card":"summary_large_image","twitter_misc":{"Est. reading time":"2 minutit"},"schema":{"@context":"https:\/\/schema.org","@graph":[{"@type":"WebPage","@id":"https:\/\/www.sakarincitykodit.fi\/et\/meie-asukoht\/mobleeritud-puhkemajutused-helsingis\/","url":"https:\/\/www.sakarincitykodit.fi\/et\/meie-asukoht\/mobleeritud-puhkemajutused-helsingis\/","name":"M\u00f6bleeritud puhkemajutused Helsingis - Sakarin Citykodit","isPartOf":{"@id":"https:\/\/www.sakarincitykodit.fi\/et\/#website"},"datePublished":"2020-07-01T09:56:23+00:00","dateModified":"2020-11-10T10:11:15+00:00","breadcrumb":{"@id":"https:\/\/www.sakarincitykodit.fi\/et\/meie-asukoht\/mobleeritud-puhkemajutused-helsingis\/#breadcrumb"},"inLanguage":"et","potentialAction":[{"@type":"ReadAction","target":["https:\/\/www.sakarincitykodit.fi\/et\/meie-asukoht\/mobleeritud-puhkemajutused-helsingis\/"]}]},{"@type":"BreadcrumbList","@id":"https:\/\/www.sakarincitykodit.fi\/et\/meie-asukoht\/mobleeritud-puhkemajutused-helsingis\/#breadcrumb","itemListElement":[{"@type":"ListItem","position":1,"name":"Kodu","item":"https:\/\/www.sakarincitykodit.fi\/et\/"},{"@type":"ListItem","position":2,"name":"Meie asukoht","item":"https:\/\/www.sakarincitykodit.fi\/et\/meie-asukoht\/"},{"@type":"ListItem","position":3,"name":"M\u00f6bleeritud puhkemajutused Helsingis"}]},{"@type":"WebSite","@id":"https:\/\/www.sakarincitykodit.fi\/et\/#website","url":"https:\/\/www.sakarincitykodit.fi\/et\/","name":"Sakarin Citykodit","description":"Vuokraamme vapaat kalustetut vuokra-asunnot ymp&auml;ri Suomen!","publisher":{"@id":"https:\/\/www.sakarincitykodit.fi\/et\/#organization"},"potentialAction":[{"@type":"SearchAction","target":{"@type":"EntryPoint","urlTemplate":"https:\/\/www.sakarincitykodit.fi\/et\/?s={search_term_string}"},"query-input":{"@type":"PropertyValueSpecification","valueRequired":true,"valueName":"search_term_string"}}],"inLanguage":"et"},{"@type":"Organization","@id":"https:\/\/www.sakarincitykodit.fi\/et\/#organization","name":"Sakarin Citykodit","url":"https:\/\/www.sakarincitykodit.fi\/et\/","logo":{"@type":"ImageObject","inLanguage":"et","@id":"https:\/\/www.sakarincitykodit.fi\/et\/#\/schema\/logo\/image\/","url":"https:\/\/www.sakarincitykodit.fi\/wp-content\/uploads\/sakarin-citykodit-logo-245.png","contentUrl":"https:\/\/www.sakarincitykodit.fi\/wp-content\/uploads\/sakarin-citykodit-logo-245.png","width":245,"height":39,"caption":"Sakarin Citykodit"},"image":{"@id":"https:\/\/www.sakarincitykodit.fi\/et\/#\/schema\/logo\/image\/"}}]}},"_links":{"self":[{"href":"https:\/\/www.sakarincitykodit.fi\/et\/wp-json\/wp\/v2\/pages\/4431","targetHints":{"allow":["GET"]}}],"collection":[{"href":"https:\/\/www.sakarincitykodit.fi\/et\/wp-json\/wp\/v2\/pages"}],"about":[{"href":"https:\/\/www.sakarincitykodit.fi\/et\/wp-json\/wp\/v2\/types\/page"}],"author":[{"embeddable":true,"href":"https:\/\/www.sakarincitykodit.fi\/et\/wp-json\/wp\/v2\/users\/3"}],"replies":[{"embeddable":true,"href":"https:\/\/www.sakarincitykodit.fi\/et\/wp-json\/wp\/v2\/comments?post=4431"}],"version-history":[{"count":0,"href":"https:\/\/www.sakarincitykodit.fi\/et\/wp-json\/wp\/v2\/pages\/4431\/revisions"}],"up":[{"embeddable":true,"href":"https:\/\/www.sakarincitykodit.fi\/et\/wp-json\/wp\/v2\/pages\/4447"}],"wp:attachment":[{"href":"https:\/\/www.sakarincitykodit.fi\/et\/wp-json\/wp\/v2\/media?parent=4431"}],"curies":[{"name":"wp","href":"https:\/\/api.w.org\/{rel}","templated":true}]}}