{"id":4325,"date":"2018-11-05T10:03:15","date_gmt":"2018-11-05T08:03:15","guid":{"rendered":"https:\/\/www.sakarincitykodit.fi\/mobleeritud-puhkemajutused-kuopios\/"},"modified":"2020-10-08T14:02:32","modified_gmt":"2020-10-08T12:02:32","slug":"mobleeritud-puhkemajutused-kuopios","status":"publish","type":"page","link":"https:\/\/www.sakarincitykodit.fi\/et\/meie-asukoht\/mobleeritud-puhkemajutused-kuopios\/","title":{"rendered":"M\u00f6bleeritud puhkemajutused Kuopios"},"content":{"rendered":"\t\t<div data-elementor-type=\"wp-page\" data-elementor-id=\"4325\" class=\"elementor elementor-4325 elementor-1256\">\n\t\t\t\t\t\t<section class=\"elementor-section elementor-top-section elementor-element elementor-element-cbcdd1c elementor-section-boxed elementor-section-height-default elementor-section-height-default\" data-id=\"cbcdd1c\" data-element_type=\"section\">\n\t\t\t\t\t\t<div class=\"elementor-container elementor-column-gap-default\">\n\t\t\t\t\t<div class=\"elementor-column elementor-col-100 elementor-top-column elementor-element elementor-element-76abaca1\" data-id=\"76abaca1\" data-element_type=\"column\">\n\t\t\t<div class=\"elementor-widget-wrap elementor-element-populated\">\n\t\t\t\t\t\t<div class=\"elementor-element elementor-element-4cc9b5c8 elementor-widget elementor-widget-text-editor\" data-id=\"4cc9b5c8\" data-element_type=\"widget\" data-widget_type=\"text-editor.default\">\n\t\t\t\t<div class=\"elementor-widget-container\">\n\t\t\t\t\t\t\t\t\t<div id=\"pl-1256\" class=\"panel-layout\">\n<div id=\"pg-1256-0\" class=\"panel-grid panel-no-style\" data-style=\"{\"background_display\":\"tile\",\"cell_alignment\":\"flex-start\"}\">\n<div id=\"pgc-1256-0-0\" class=\"panel-grid-cell\" data-weight=\"1\">\n<div id=\"panel-1256-0-0-0\" class=\"so-panel widget widget_sow-editor panel-first-child panel-last-child\" data-index=\"0\" data-style=\"{\"padding\":\"0px 0px 0px 60px\",\"background_image_attachment\":false,\"background_display\":\"tile\"}\">\n<div class=\"panel-widget-style panel-widget-style-for-1256-0-0-0\">\n<div class=\"so-widget-sow-editor so-widget-sow-editor-base\">\n<div class=\"siteorigin-widget-tinymce textwidget\">\n<h2><b>Kuopio saretitud \u00fc\u00fcrikorterid<\/b><b><\/b><\/h2>\n<p><span style=\"font-weight: 400;\">M\u00f6bleeritud \u00fc\u00fcrikorter peab olema mugav, funktsionaalne ja heas asukohas. Sellised h\u00e4sti varustatud ja kvaliteetsed \u00fc\u00fcrikorterid on siin! Pakume funktsionaalseid ja t\u00f5husaid lahendusi ajutiseks eluasemeks k\u00f5igile Kuopio ettev\u00f5tetele ja eraklientidele. Meie eelnevalt sisustatud \u00fc\u00fcrikorterite juurde kolimine on lihtne ja pakub hubast keskkonda n\u00e4iteks kaarikt\u00f6\u00f6tajatele. &nbsp;Mida iganes ajutine rent on see, mida sa vajad, k\u00fcsi meilt. Meie kvaliteetsed korterid pakuvad v\u00f5imalust elada oma, ja kvaliteetne m\u00f6\u00f6bel ja kodumasinad v\u00f5imaldavad teil normaalset igap\u00e4evaelu oma pesuruumi. Samuti on tore veeta oma vaba aega meie mugav seade.<\/span><\/p>\n<h2><b>Rendime l\u00fchiajalisi kortereid Kuopios, mis on juba m\u00f6bleeritud<\/b><\/h2>\n<p><span style=\"font-weight: 400;\">L\u00fchiajalise korteri vajadus v\u00f5ib olla \u00fcks n\u00e4dal v\u00f5i poolteist aastat. Olenemata sellest, kas vajate Kuopios korterit l\u00fchemaks v\u00f5i pikemaks ajaks, saate praegu meie kaudu funktsionaalse baasi. Mida kenam ajutine kodu, seda lihtsam on joosta igap\u00e4evaelus. M\u00f6bleeritud korteri rentimine on lihtne ja stressivaba lahendus, eriti lastega peredele ja teistele h\u00f5ivatud inimestele. Kolimine uude korterisse on lihtne, kui k\u00f5ik on valmis. Ei mingit stressirohket liikumist, nagu asjade ja paberit\u00f6\u00f6 kandmine. Alalisesse korterisse naasmine on sama sujuv ja soovi korral saab l\u00f5pukoristustellida meie partnerv\u00f5rku. K\u00f5ik, mida pead minema koos sinuga on k\u00f5ige olulisem riided ja isiklikud esemed!<\/span><\/p>\n<h2><b>See on lihtne v\u00f5rrelda meie tasuta rendikorterid<\/b><\/h2>\n<p><span style=\"font-weight: 400;\">Meie kodulehel tutvustatakse k\u00f5iki meie olemasolevaid m\u00f6bleeritud \u00fc\u00fcrikorteriid Kuopios, nii et sobiva korteri leidmine ei v\u00f5ta aega. See on lihtne valida \u00f5ige suurus ja parim asukoht teile. V\u00f5tke meiega \u00fchendust ja praktiline kord tehakse peagi ja teil on v\u00f5imalik sisse kolida. Oleme investeerinud oma teenuste sujuvasse toimimisse ja paindlikkusesse.<\/span><\/p>\n<h2><b>M\u00f6bleeritud \u00fc\u00fcrid asuvad Kuopio transpordi\u00fchendustel<\/b><\/h2>\n<p><span style=\"font-weight: 400;\">Meie korterid on valitud teenindama v\u00f5imalikult laia kliendibaasi. Seega on nad alati \u00fchendatud h\u00e4sti toimivate transpordi\u00fchendustega ja on h\u00e4sti varustatud. H\u00e4sti kavandatud rajatised v\u00f5imaldavad teil on kodune ja funktsionaalne seade igasuguseid ajutine elu. \u00dc\u00fcri makstakse ainult hotelliga sarnase elamisperioodi eest, kuid m\u00f6bleeritud stuudiokorteri, \u00fche magamistoa v\u00f5i suurema korteri rentimine on palju paindlikum kui hotellis elamine. <\/span><\/p>\n<h2><b>Teenindame telefoni v\u00f5i e-posti teel<\/b><\/h2>\n<p><span style=\"font-weight: 400;\">M\u00f6bleeritud \u00fc\u00fcrikorterite rentimine v\u00f5ib tekitada k\u00fcsimusi, nii et palun v\u00f5tke meiega \u00fchendust e-posti teel varaus@sakarincitykodit.fi v\u00f5i telefonil <a href=\"tel:+358440880567\">+358 44 0880567<\/a>. Aitame Teil leida parimad majutusv\u00f5imalused sihtkohas Kuopio!<\/span><\/p>\n<\/div>\n<\/div>\n<\/div>\n<\/div>\n<\/div>\n<\/div>\n<\/div>\n\t\t\t\t\t\t\t\t<\/div>\n\t\t\t\t<\/div>\n\t\t\t\t\t<\/div>\n\t\t<\/div>\n\t\t\t\t\t<\/div>\n\t\t<\/section>\n\t\t\t\t<\/div>\n\t\t","protected":false},"excerpt":{"rendered":"<p>Kuopio saretitud \u00fc\u00fcrikorterid M\u00f6bleeritud \u00fc\u00fcrikorter peab olema mugav, funktsionaalne ja heas asukohas. Sellised h\u00e4sti varustatud ja kvaliteetsed \u00fc\u00fcrikorterid on siin! Pakume funktsionaalseid ja t\u00f5husaid lahendusi ajutiseks eluasemeks k\u00f5igile Kuopio ettev\u00f5tetele ja eraklientidele. Meie eelnevalt sisustatud \u00fc\u00fcrikorterite juurde kolimine on lihtne ja pakub hubast keskkonda n\u00e4iteks kaarikt\u00f6\u00f6tajatele. &nbsp;Mida iganes ajutine rent on see, mida sa vajad, [&hellip;]<\/p>\n","protected":false},"author":3,"featured_media":0,"parent":4447,"menu_order":0,"comment_status":"closed","ping_status":"closed","template":"","meta":{"footnotes":""},"class_list":["post-4325","page","type-page","status-publish","hentry"],"yoast_head":"<!-- This site is optimized with the Yoast SEO plugin v24.9 - https:\/\/yoast.com\/wordpress\/plugins\/seo\/ -->\n<title>M\u00f6bleeritud puhkemajutused Kuopios - Sakarin Citykodit<\/title>\n<meta name=\"robots\" content=\"index, follow, max-snippet:-1, max-image-preview:large, max-video-preview:-1\" \/>\n<link rel=\"canonical\" href=\"https:\/\/www.sakarincitykodit.fi\/et\/meie-asukoht\/mobleeritud-puhkemajutused-kuopios\/\" \/>\n<meta property=\"og:locale\" content=\"et_EE\" \/>\n<meta property=\"og:type\" content=\"article\" \/>\n<meta property=\"og:title\" content=\"M\u00f6bleeritud puhkemajutused Kuopios - Sakarin Citykodit\" \/>\n<meta property=\"og:description\" content=\"Kuopio saretitud \u00fc\u00fcrikorterid M\u00f6bleeritud \u00fc\u00fcrikorter peab olema mugav, funktsionaalne ja heas asukohas. Sellised h\u00e4sti varustatud ja kvaliteetsed \u00fc\u00fcrikorterid on siin! Pakume funktsionaalseid ja t\u00f5husaid lahendusi ajutiseks eluasemeks k\u00f5igile Kuopio ettev\u00f5tetele ja eraklientidele. Meie eelnevalt sisustatud \u00fc\u00fcrikorterite juurde kolimine on lihtne ja pakub hubast keskkonda n\u00e4iteks kaarikt\u00f6\u00f6tajatele. &nbsp;Mida iganes ajutine rent on see, mida sa vajad, [&hellip;]\" \/>\n<meta property=\"og:url\" content=\"https:\/\/www.sakarincitykodit.fi\/et\/meie-asukoht\/mobleeritud-puhkemajutused-kuopios\/\" \/>\n<meta property=\"og:site_name\" content=\"Sakarin Citykodit\" \/>\n<meta property=\"article:modified_time\" content=\"2020-10-08T12:02:32+00:00\" \/>\n<meta name=\"twitter:card\" content=\"summary_large_image\" \/>\n<meta name=\"twitter:label1\" content=\"Est. reading time\" \/>\n\t<meta name=\"twitter:data1\" content=\"2 minutit\" \/>\n<script type=\"application\/ld+json\" class=\"yoast-schema-graph\">{\"@context\":\"https:\/\/schema.org\",\"@graph\":[{\"@type\":\"WebPage\",\"@id\":\"https:\/\/www.sakarincitykodit.fi\/et\/meie-asukoht\/mobleeritud-puhkemajutused-kuopios\/\",\"url\":\"https:\/\/www.sakarincitykodit.fi\/et\/meie-asukoht\/mobleeritud-puhkemajutused-kuopios\/\",\"name\":\"M\u00f6bleeritud puhkemajutused Kuopios - Sakarin Citykodit\",\"isPartOf\":{\"@id\":\"https:\/\/www.sakarincitykodit.fi\/et\/#website\"},\"datePublished\":\"2018-11-05T08:03:15+00:00\",\"dateModified\":\"2020-10-08T12:02:32+00:00\",\"breadcrumb\":{\"@id\":\"https:\/\/www.sakarincitykodit.fi\/et\/meie-asukoht\/mobleeritud-puhkemajutused-kuopios\/#breadcrumb\"},\"inLanguage\":\"et\",\"potentialAction\":[{\"@type\":\"ReadAction\",\"target\":[\"https:\/\/www.sakarincitykodit.fi\/et\/meie-asukoht\/mobleeritud-puhkemajutused-kuopios\/\"]}]},{\"@type\":\"BreadcrumbList\",\"@id\":\"https:\/\/www.sakarincitykodit.fi\/et\/meie-asukoht\/mobleeritud-puhkemajutused-kuopios\/#breadcrumb\",\"itemListElement\":[{\"@type\":\"ListItem\",\"position\":1,\"name\":\"Kodu\",\"item\":\"https:\/\/www.sakarincitykodit.fi\/et\/\"},{\"@type\":\"ListItem\",\"position\":2,\"name\":\"Meie asukoht\",\"item\":\"https:\/\/www.sakarincitykodit.fi\/et\/meie-asukoht\/\"},{\"@type\":\"ListItem\",\"position\":3,\"name\":\"M\u00f6bleeritud puhkemajutused Kuopios\"}]},{\"@type\":\"WebSite\",\"@id\":\"https:\/\/www.sakarincitykodit.fi\/et\/#website\",\"url\":\"https:\/\/www.sakarincitykodit.fi\/et\/\",\"name\":\"Sakarin Citykodit\",\"description\":\"Vuokraamme vapaat kalustetut vuokra-asunnot ymp&auml;ri Suomen!\",\"publisher\":{\"@id\":\"https:\/\/www.sakarincitykodit.fi\/et\/#organization\"},\"potentialAction\":[{\"@type\":\"SearchAction\",\"target\":{\"@type\":\"EntryPoint\",\"urlTemplate\":\"https:\/\/www.sakarincitykodit.fi\/et\/?s={search_term_string}\"},\"query-input\":{\"@type\":\"PropertyValueSpecification\",\"valueRequired\":true,\"valueName\":\"search_term_string\"}}],\"inLanguage\":\"et\"},{\"@type\":\"Organization\",\"@id\":\"https:\/\/www.sakarincitykodit.fi\/et\/#organization\",\"name\":\"Sakarin Citykodit\",\"url\":\"https:\/\/www.sakarincitykodit.fi\/et\/\",\"logo\":{\"@type\":\"ImageObject\",\"inLanguage\":\"et\",\"@id\":\"https:\/\/www.sakarincitykodit.fi\/et\/#\/schema\/logo\/image\/\",\"url\":\"https:\/\/www.sakarincitykodit.fi\/wp-content\/uploads\/sakarin-citykodit-logo-245.png\",\"contentUrl\":\"https:\/\/www.sakarincitykodit.fi\/wp-content\/uploads\/sakarin-citykodit-logo-245.png\",\"width\":245,\"height\":39,\"caption\":\"Sakarin Citykodit\"},\"image\":{\"@id\":\"https:\/\/www.sakarincitykodit.fi\/et\/#\/schema\/logo\/image\/\"}}]}<\/script>\n<!-- \/ Yoast SEO plugin. -->","yoast_head_json":{"title":"M\u00f6bleeritud puhkemajutused Kuopios - Sakarin Citykodit","robots":{"index":"index","follow":"follow","max-snippet":"max-snippet:-1","max-image-preview":"max-image-preview:large","max-video-preview":"max-video-preview:-1"},"canonical":"https:\/\/www.sakarincitykodit.fi\/et\/meie-asukoht\/mobleeritud-puhkemajutused-kuopios\/","og_locale":"et_EE","og_type":"article","og_title":"M\u00f6bleeritud puhkemajutused Kuopios - Sakarin Citykodit","og_description":"Kuopio saretitud \u00fc\u00fcrikorterid M\u00f6bleeritud \u00fc\u00fcrikorter peab olema mugav, funktsionaalne ja heas asukohas. Sellised h\u00e4sti varustatud ja kvaliteetsed \u00fc\u00fcrikorterid on siin! Pakume funktsionaalseid ja t\u00f5husaid lahendusi ajutiseks eluasemeks k\u00f5igile Kuopio ettev\u00f5tetele ja eraklientidele. Meie eelnevalt sisustatud \u00fc\u00fcrikorterite juurde kolimine on lihtne ja pakub hubast keskkonda n\u00e4iteks kaarikt\u00f6\u00f6tajatele. &nbsp;Mida iganes ajutine rent on see, mida sa vajad, [&hellip;]","og_url":"https:\/\/www.sakarincitykodit.fi\/et\/meie-asukoht\/mobleeritud-puhkemajutused-kuopios\/","og_site_name":"Sakarin Citykodit","article_modified_time":"2020-10-08T12:02:32+00:00","twitter_card":"summary_large_image","twitter_misc":{"Est. reading time":"2 minutit"},"schema":{"@context":"https:\/\/schema.org","@graph":[{"@type":"WebPage","@id":"https:\/\/www.sakarincitykodit.fi\/et\/meie-asukoht\/mobleeritud-puhkemajutused-kuopios\/","url":"https:\/\/www.sakarincitykodit.fi\/et\/meie-asukoht\/mobleeritud-puhkemajutused-kuopios\/","name":"M\u00f6bleeritud puhkemajutused Kuopios - Sakarin Citykodit","isPartOf":{"@id":"https:\/\/www.sakarincitykodit.fi\/et\/#website"},"datePublished":"2018-11-05T08:03:15+00:00","dateModified":"2020-10-08T12:02:32+00:00","breadcrumb":{"@id":"https:\/\/www.sakarincitykodit.fi\/et\/meie-asukoht\/mobleeritud-puhkemajutused-kuopios\/#breadcrumb"},"inLanguage":"et","potentialAction":[{"@type":"ReadAction","target":["https:\/\/www.sakarincitykodit.fi\/et\/meie-asukoht\/mobleeritud-puhkemajutused-kuopios\/"]}]},{"@type":"BreadcrumbList","@id":"https:\/\/www.sakarincitykodit.fi\/et\/meie-asukoht\/mobleeritud-puhkemajutused-kuopios\/#breadcrumb","itemListElement":[{"@type":"ListItem","position":1,"name":"Kodu","item":"https:\/\/www.sakarincitykodit.fi\/et\/"},{"@type":"ListItem","position":2,"name":"Meie asukoht","item":"https:\/\/www.sakarincitykodit.fi\/et\/meie-asukoht\/"},{"@type":"ListItem","position":3,"name":"M\u00f6bleeritud puhkemajutused Kuopios"}]},{"@type":"WebSite","@id":"https:\/\/www.sakarincitykodit.fi\/et\/#website","url":"https:\/\/www.sakarincitykodit.fi\/et\/","name":"Sakarin Citykodit","description":"Vuokraamme vapaat kalustetut vuokra-asunnot ymp&auml;ri Suomen!","publisher":{"@id":"https:\/\/www.sakarincitykodit.fi\/et\/#organization"},"potentialAction":[{"@type":"SearchAction","target":{"@type":"EntryPoint","urlTemplate":"https:\/\/www.sakarincitykodit.fi\/et\/?s={search_term_string}"},"query-input":{"@type":"PropertyValueSpecification","valueRequired":true,"valueName":"search_term_string"}}],"inLanguage":"et"},{"@type":"Organization","@id":"https:\/\/www.sakarincitykodit.fi\/et\/#organization","name":"Sakarin Citykodit","url":"https:\/\/www.sakarincitykodit.fi\/et\/","logo":{"@type":"ImageObject","inLanguage":"et","@id":"https:\/\/www.sakarincitykodit.fi\/et\/#\/schema\/logo\/image\/","url":"https:\/\/www.sakarincitykodit.fi\/wp-content\/uploads\/sakarin-citykodit-logo-245.png","contentUrl":"https:\/\/www.sakarincitykodit.fi\/wp-content\/uploads\/sakarin-citykodit-logo-245.png","width":245,"height":39,"caption":"Sakarin Citykodit"},"image":{"@id":"https:\/\/www.sakarincitykodit.fi\/et\/#\/schema\/logo\/image\/"}}]}},"_links":{"self":[{"href":"https:\/\/www.sakarincitykodit.fi\/et\/wp-json\/wp\/v2\/pages\/4325","targetHints":{"allow":["GET"]}}],"collection":[{"href":"https:\/\/www.sakarincitykodit.fi\/et\/wp-json\/wp\/v2\/pages"}],"about":[{"href":"https:\/\/www.sakarincitykodit.fi\/et\/wp-json\/wp\/v2\/types\/page"}],"author":[{"embeddable":true,"href":"https:\/\/www.sakarincitykodit.fi\/et\/wp-json\/wp\/v2\/users\/3"}],"replies":[{"embeddable":true,"href":"https:\/\/www.sakarincitykodit.fi\/et\/wp-json\/wp\/v2\/comments?post=4325"}],"version-history":[{"count":0,"href":"https:\/\/www.sakarincitykodit.fi\/et\/wp-json\/wp\/v2\/pages\/4325\/revisions"}],"up":[{"embeddable":true,"href":"https:\/\/www.sakarincitykodit.fi\/et\/wp-json\/wp\/v2\/pages\/4447"}],"wp:attachment":[{"href":"https:\/\/www.sakarincitykodit.fi\/et\/wp-json\/wp\/v2\/media?parent=4325"}],"curies":[{"name":"wp","href":"https:\/\/api.w.org\/{rel}","templated":true}]}}