{"id":4312,"date":"2018-11-05T10:01:30","date_gmt":"2018-11-05T08:01:30","guid":{"rendered":"https:\/\/www.sakarincitykodit.fi\/mobleeritud-puhkemajutused-sihtkohas-hamina\/"},"modified":"2020-10-08T14:01:41","modified_gmt":"2020-10-08T12:01:41","slug":"mobleeritud-puhkemajutused-sihtkohas-hamina","status":"publish","type":"page","link":"https:\/\/www.sakarincitykodit.fi\/et\/meie-asukoht\/mobleeritud-puhkemajutused-sihtkohas-hamina\/","title":{"rendered":"M\u00f6bleeritud puhkemajutused sihtkohas Hamina"},"content":{"rendered":"\t\t<div data-elementor-type=\"wp-page\" data-elementor-id=\"4312\" class=\"elementor elementor-4312\">\n\t\t\t\t\t\t<section class=\"elementor-section elementor-top-section elementor-element elementor-element-d3b7d03 elementor-section-boxed elementor-section-height-default elementor-section-height-default\" data-id=\"d3b7d03\" data-element_type=\"section\">\n\t\t\t\t\t\t<div class=\"elementor-container elementor-column-gap-default\">\n\t\t\t\t\t<div class=\"elementor-column elementor-col-100 elementor-top-column elementor-element elementor-element-55e20c00\" data-id=\"55e20c00\" data-element_type=\"column\">\n\t\t\t<div class=\"elementor-widget-wrap elementor-element-populated\">\n\t\t\t\t\t\t<div class=\"elementor-element elementor-element-3e685f97 elementor-widget elementor-widget-text-editor\" data-id=\"3e685f97\" data-element_type=\"widget\" data-widget_type=\"text-editor.default\">\n\t\t\t\t<div class=\"elementor-widget-container\">\n\t\t\t\t\t\t\t\t\t<div id=\"pl-1252\" class=\"panel-layout\">\n<div id=\"pg-1252-0\" class=\"panel-grid panel-no-style\" data-style=\"{\">\n<div id=\"pgc-1252-0-0\" class=\"panel-grid-cell\" data-weight=\"1\">\n<div id=\"panel-1252-0-0-0\" class=\"so-panel widget widget_sow-editor panel-first-child panel-last-child\" data-index=\"0\" data-style=\"{\">\n<div class=\"panel-widget-style panel-widget-style-for-1252-0-0-0\">\n<div class=\"so-widget-sow-editor so-widget-sow-editor-base\">\n<div class=\"siteorigin-widget-tinymce textwidget\">\n<h1 style=\"text-align: left;\">M\u00f6bleeritud puhkemajutused sihtkohas Hamina<\/h1>\n<p style=\"text-align: left;\">Kas kolite Haminasse v\u00f5i Hamina piirkonda l\u00fchemaks ajaks, n\u00e4iteks t\u00f6\u00f6 v\u00f5i hobide t\u00f5ttu? <strong>Hamina m\u00f6bleeritud korter<\/strong> on suurep\u00e4rane valik, eriti kui te ei soovi veeta seda aega kitsas ja kallis hotellituba, kuid tahavad tunda oma kodu. Meie kaudu leiate sobivad m\u00f6bleeritud korterid nii l\u00fchi- kui ka pikaajaliseks rentimiseks ning mitmesugusteks vajadusteks.<\/p>\n<p>J\u00e4tke meile k\u00f5ne v\u00f5i <a href=\"https:\/\/www.sakarincitykodit.fi\/varaus\/\">v\u00f5tke meiega \u00fchendust<\/a>ja me r\u00e4\u00e4gime teile rohkem meie tasuta m\u00f6bleeritud \u00fc\u00fcrikorterid Hamina!<\/p>\n<p class=\"p1\">\n<div class=\"wpcf7 no-js\" id=\"wpcf7-f5345-o1\" lang=\"et\" dir=\"ltr\" data-wpcf7-id=\"5345\">\n<div class=\"screen-reader-response\"><p role=\"status\" aria-live=\"polite\" aria-atomic=\"true\"><\/p> <ul><\/ul><\/div>\n<form action=\"\/et\/wp-json\/wp\/v2\/pages\/4312#wpcf7-f5345-o1\" method=\"post\" class=\"wpcf7-form init\" aria-label=\"Contact form\" novalidate=\"novalidate\" data-status=\"init\">\n<div style=\"display: none;\">\n<input type=\"hidden\" name=\"_wpcf7\" value=\"5345\" \/>\n<input type=\"hidden\" name=\"_wpcf7_version\" value=\"6.0.6\" \/>\n<input type=\"hidden\" name=\"_wpcf7_locale\" value=\"et\" \/>\n<input type=\"hidden\" name=\"_wpcf7_unit_tag\" value=\"wpcf7-f5345-o1\" \/>\n<input type=\"hidden\" name=\"_wpcf7_container_post\" value=\"0\" \/>\n<input type=\"hidden\" name=\"_wpcf7_posted_data_hash\" value=\"\" \/>\n<\/div>\n<p><label>Enter your details and our business sales will contact you as soon as possible!<br \/>\n<\/label>\n<\/p>\n<div class=\"contact-us\">\n\t<div class=\"row\">\n\t\t<div class=\"col-xs-12 col-sm-6\">\n\t\t\t<p><span class=\"wpcf7-form-control-wrap\" data-name=\"your-yritys\"><input size=\"40\" maxlength=\"400\" class=\"wpcf7-form-control wpcf7-text wpcf7-validates-as-required form-control\" aria-required=\"true\" aria-invalid=\"false\" placeholder=\"The Company Name\" value=\"\" type=\"text\" name=\"your-yritys\" \/><\/span>\n\t\t\t<\/p>\n\t\t<\/div>\n\t\t<div class=\"col-xs-12 col-sm-6\">\n\t\t\t<p><span class=\"wpcf7-form-control-wrap\" data-name=\"your-tel\"><input size=\"40\" maxlength=\"400\" class=\"wpcf7-form-control wpcf7-tel wpcf7-validates-as-required wpcf7-text wpcf7-validates-as-tel form-control\" aria-required=\"true\" aria-invalid=\"false\" placeholder=\"Phone number\" value=\"\" type=\"tel\" name=\"your-tel\" \/><\/span>\n\t\t\t<\/p>\n\t\t<\/div>\n\t\t<div class=\"col-xs-12 col-sm-12\">\n\t\t\t<p><span class=\"wpcf7-form-control-wrap\" data-name=\"your-email\"><input size=\"40\" maxlength=\"400\" class=\"wpcf7-form-control wpcf7-email wpcf7-validates-as-required wpcf7-text wpcf7-validates-as-email form-control\" aria-required=\"true\" aria-invalid=\"false\" placeholder=\"Email\" value=\"\" type=\"email\" name=\"your-email\" \/><\/span>\n\t\t\t<\/p>\n\t\t<\/div>\n\t<\/div>\n\t<div class=\"clearfix\">\n\t\t<p><input class=\"wpcf7-form-control wpcf7-submit has-spinner btn pull-right btn-theme btn-inverse border-2\" type=\"submit\" value=\"Please contact me!\" \/>\n\t\t<\/p>\n\t<\/div>\n<\/div><div class=\"wpcf7-response-output\" aria-hidden=\"true\"><\/div>\n<\/form>\n<\/div>\n<\/p>\n<h2>Hamina on Kymenlaakso p\u00e4rl<\/h2>\n<p>Nagu ilus mere\u00e4\u00e4rne linn, Hamina on kindlasti meeldiv koht \u00e4rireis v\u00f5i edasi-tagasi, n\u00e4iteks. Ja paljudel s\u00f5jav\u00e4e visiitidel on ekstsentrilised m\u00e4lestused Haminast, kui nad <a href=\"https:\/\/fi.wikipedia.org\/wiki\/Reserviupseerikoulu\">suunduksid reservohvitseride kooli.<\/a> Kokkuv\u00f5ttes, Hamina on suurep\u00e4rane sihtkoht nii l\u00fchem ja enam k\u00fclastusi, s\u00f5ltumata k\u00fclastuse p\u00f5hjus.<\/p>\n<h3>M\u00f6bleeritud \u00fc\u00fcrikorter v\u00f5i hotellituba?<\/h3>\n<p>Kui te aga tulete n\u00e4dalaid v\u00f5i isegi kuid linna, peaksite kaaluma n\u00e4iteks <a href=\"\/\">m\u00f6bleeritud korteri rentimist, mitte<\/a> hotellituba. M\u00f6bleeritud korteris olete s\u00f5na otseses m\u00f5ttes kodus ja teil on palju ruumi ja privaatsust teie k\u00e4sutuses. Paljude meie klientide jaoks, eriti privaatsust ja meie enda rahu p\u00e4rast t\u00f6\u00f6p\u00e4eva on oluline asi, mis on realiseeritud m\u00f6bleeritud \u00fc\u00fcrikorteris nagu kodus. Ja l\u00f5ppude l\u00f5puks, \u00fc\u00fcrikorter on teie kodu viibimise ajal, olgu see siis kaks n\u00e4dalat v\u00f5i isegi aasta.<\/p>\n<\/div>\n<\/div>\n<\/div>\n<\/div>\n<\/div>\n<\/div>\n<\/div>\n\t\t\t\t\t\t\t\t<\/div>\n\t\t\t\t<\/div>\n\t\t\t\t\t<\/div>\n\t\t<\/div>\n\t\t\t\t\t<\/div>\n\t\t<\/section>\n\t\t\t\t<\/div>\n\t\t","protected":false},"excerpt":{"rendered":"<p>Hamina vapaat asunnot Kerrostaloasunto HAMINA Poitsila | KT 3h+k 77m2 | HETI VAPAA Riekontie 10, Hamina M\u00f6bleeritud puhkemajutused sihtkohas Hamina Kas kolite Haminasse v\u00f5i Hamina piirkonda l\u00fchemaks ajaks, n\u00e4iteks t\u00f6\u00f6 v\u00f5i hobide t\u00f5ttu? Hamina m\u00f6bleeritud korter on suurep\u00e4rane valik, eriti kui te ei soovi veeta seda aega kitsas ja kallis hotellituba, kuid tahavad tunda oma [&hellip;]<\/p>\n","protected":false},"author":3,"featured_media":0,"parent":4447,"menu_order":0,"comment_status":"closed","ping_status":"closed","template":"","meta":{"footnotes":""},"class_list":["post-4312","page","type-page","status-publish","hentry"],"yoast_head":"<!-- This site is optimized with the Yoast SEO plugin v24.9 - https:\/\/yoast.com\/wordpress\/plugins\/seo\/ -->\n<title>M\u00f6bleeritud puhkemajutused sihtkohas Hamina - Sakarin Citykodit<\/title>\n<meta name=\"robots\" content=\"index, follow, max-snippet:-1, max-image-preview:large, max-video-preview:-1\" \/>\n<link rel=\"canonical\" href=\"https:\/\/www.sakarincitykodit.fi\/et\/meie-asukoht\/mobleeritud-puhkemajutused-sihtkohas-hamina\/\" \/>\n<meta property=\"og:locale\" content=\"et_EE\" \/>\n<meta property=\"og:type\" content=\"article\" \/>\n<meta property=\"og:title\" content=\"M\u00f6bleeritud puhkemajutused sihtkohas Hamina - Sakarin Citykodit\" \/>\n<meta property=\"og:description\" content=\"Hamina vapaat asunnot Kerrostaloasunto HAMINA Poitsila | KT 3h+k 77m2 | HETI VAPAA Riekontie 10, Hamina M\u00f6bleeritud puhkemajutused sihtkohas Hamina Kas kolite Haminasse v\u00f5i Hamina piirkonda l\u00fchemaks ajaks, n\u00e4iteks t\u00f6\u00f6 v\u00f5i hobide t\u00f5ttu? Hamina m\u00f6bleeritud korter on suurep\u00e4rane valik, eriti kui te ei soovi veeta seda aega kitsas ja kallis hotellituba, kuid tahavad tunda oma [&hellip;]\" \/>\n<meta property=\"og:url\" content=\"https:\/\/www.sakarincitykodit.fi\/et\/meie-asukoht\/mobleeritud-puhkemajutused-sihtkohas-hamina\/\" \/>\n<meta property=\"og:site_name\" content=\"Sakarin Citykodit\" \/>\n<meta property=\"article:modified_time\" content=\"2020-10-08T12:01:41+00:00\" \/>\n<meta name=\"twitter:card\" content=\"summary_large_image\" \/>\n<meta name=\"twitter:label1\" content=\"Est. reading time\" \/>\n\t<meta name=\"twitter:data1\" content=\"1 minut\" \/>\n<script type=\"application\/ld+json\" class=\"yoast-schema-graph\">{\"@context\":\"https:\/\/schema.org\",\"@graph\":[{\"@type\":\"WebPage\",\"@id\":\"https:\/\/www.sakarincitykodit.fi\/et\/meie-asukoht\/mobleeritud-puhkemajutused-sihtkohas-hamina\/\",\"url\":\"https:\/\/www.sakarincitykodit.fi\/et\/meie-asukoht\/mobleeritud-puhkemajutused-sihtkohas-hamina\/\",\"name\":\"M\u00f6bleeritud puhkemajutused sihtkohas Hamina - Sakarin Citykodit\",\"isPartOf\":{\"@id\":\"https:\/\/www.sakarincitykodit.fi\/et\/#website\"},\"datePublished\":\"2018-11-05T08:01:30+00:00\",\"dateModified\":\"2020-10-08T12:01:41+00:00\",\"breadcrumb\":{\"@id\":\"https:\/\/www.sakarincitykodit.fi\/et\/meie-asukoht\/mobleeritud-puhkemajutused-sihtkohas-hamina\/#breadcrumb\"},\"inLanguage\":\"et\",\"potentialAction\":[{\"@type\":\"ReadAction\",\"target\":[\"https:\/\/www.sakarincitykodit.fi\/et\/meie-asukoht\/mobleeritud-puhkemajutused-sihtkohas-hamina\/\"]}]},{\"@type\":\"BreadcrumbList\",\"@id\":\"https:\/\/www.sakarincitykodit.fi\/et\/meie-asukoht\/mobleeritud-puhkemajutused-sihtkohas-hamina\/#breadcrumb\",\"itemListElement\":[{\"@type\":\"ListItem\",\"position\":1,\"name\":\"Kodu\",\"item\":\"https:\/\/www.sakarincitykodit.fi\/et\/\"},{\"@type\":\"ListItem\",\"position\":2,\"name\":\"Meie asukoht\",\"item\":\"https:\/\/www.sakarincitykodit.fi\/et\/meie-asukoht\/\"},{\"@type\":\"ListItem\",\"position\":3,\"name\":\"M\u00f6bleeritud puhkemajutused sihtkohas Hamina\"}]},{\"@type\":\"WebSite\",\"@id\":\"https:\/\/www.sakarincitykodit.fi\/et\/#website\",\"url\":\"https:\/\/www.sakarincitykodit.fi\/et\/\",\"name\":\"Sakarin Citykodit\",\"description\":\"Vuokraamme vapaat kalustetut vuokra-asunnot ymp&auml;ri Suomen!\",\"publisher\":{\"@id\":\"https:\/\/www.sakarincitykodit.fi\/et\/#organization\"},\"potentialAction\":[{\"@type\":\"SearchAction\",\"target\":{\"@type\":\"EntryPoint\",\"urlTemplate\":\"https:\/\/www.sakarincitykodit.fi\/et\/?s={search_term_string}\"},\"query-input\":{\"@type\":\"PropertyValueSpecification\",\"valueRequired\":true,\"valueName\":\"search_term_string\"}}],\"inLanguage\":\"et\"},{\"@type\":\"Organization\",\"@id\":\"https:\/\/www.sakarincitykodit.fi\/et\/#organization\",\"name\":\"Sakarin Citykodit\",\"url\":\"https:\/\/www.sakarincitykodit.fi\/et\/\",\"logo\":{\"@type\":\"ImageObject\",\"inLanguage\":\"et\",\"@id\":\"https:\/\/www.sakarincitykodit.fi\/et\/#\/schema\/logo\/image\/\",\"url\":\"https:\/\/www.sakarincitykodit.fi\/wp-content\/uploads\/sakarin-citykodit-logo-245.png\",\"contentUrl\":\"https:\/\/www.sakarincitykodit.fi\/wp-content\/uploads\/sakarin-citykodit-logo-245.png\",\"width\":245,\"height\":39,\"caption\":\"Sakarin Citykodit\"},\"image\":{\"@id\":\"https:\/\/www.sakarincitykodit.fi\/et\/#\/schema\/logo\/image\/\"}}]}<\/script>\n<!-- \/ Yoast SEO plugin. -->","yoast_head_json":{"title":"M\u00f6bleeritud puhkemajutused sihtkohas Hamina - Sakarin Citykodit","robots":{"index":"index","follow":"follow","max-snippet":"max-snippet:-1","max-image-preview":"max-image-preview:large","max-video-preview":"max-video-preview:-1"},"canonical":"https:\/\/www.sakarincitykodit.fi\/et\/meie-asukoht\/mobleeritud-puhkemajutused-sihtkohas-hamina\/","og_locale":"et_EE","og_type":"article","og_title":"M\u00f6bleeritud puhkemajutused sihtkohas Hamina - Sakarin Citykodit","og_description":"Hamina vapaat asunnot Kerrostaloasunto HAMINA Poitsila | KT 3h+k 77m2 | HETI VAPAA Riekontie 10, Hamina M\u00f6bleeritud puhkemajutused sihtkohas Hamina Kas kolite Haminasse v\u00f5i Hamina piirkonda l\u00fchemaks ajaks, n\u00e4iteks t\u00f6\u00f6 v\u00f5i hobide t\u00f5ttu? Hamina m\u00f6bleeritud korter on suurep\u00e4rane valik, eriti kui te ei soovi veeta seda aega kitsas ja kallis hotellituba, kuid tahavad tunda oma [&hellip;]","og_url":"https:\/\/www.sakarincitykodit.fi\/et\/meie-asukoht\/mobleeritud-puhkemajutused-sihtkohas-hamina\/","og_site_name":"Sakarin Citykodit","article_modified_time":"2020-10-08T12:01:41+00:00","twitter_card":"summary_large_image","twitter_misc":{"Est. reading time":"1 minut"},"schema":{"@context":"https:\/\/schema.org","@graph":[{"@type":"WebPage","@id":"https:\/\/www.sakarincitykodit.fi\/et\/meie-asukoht\/mobleeritud-puhkemajutused-sihtkohas-hamina\/","url":"https:\/\/www.sakarincitykodit.fi\/et\/meie-asukoht\/mobleeritud-puhkemajutused-sihtkohas-hamina\/","name":"M\u00f6bleeritud puhkemajutused sihtkohas Hamina - Sakarin Citykodit","isPartOf":{"@id":"https:\/\/www.sakarincitykodit.fi\/et\/#website"},"datePublished":"2018-11-05T08:01:30+00:00","dateModified":"2020-10-08T12:01:41+00:00","breadcrumb":{"@id":"https:\/\/www.sakarincitykodit.fi\/et\/meie-asukoht\/mobleeritud-puhkemajutused-sihtkohas-hamina\/#breadcrumb"},"inLanguage":"et","potentialAction":[{"@type":"ReadAction","target":["https:\/\/www.sakarincitykodit.fi\/et\/meie-asukoht\/mobleeritud-puhkemajutused-sihtkohas-hamina\/"]}]},{"@type":"BreadcrumbList","@id":"https:\/\/www.sakarincitykodit.fi\/et\/meie-asukoht\/mobleeritud-puhkemajutused-sihtkohas-hamina\/#breadcrumb","itemListElement":[{"@type":"ListItem","position":1,"name":"Kodu","item":"https:\/\/www.sakarincitykodit.fi\/et\/"},{"@type":"ListItem","position":2,"name":"Meie asukoht","item":"https:\/\/www.sakarincitykodit.fi\/et\/meie-asukoht\/"},{"@type":"ListItem","position":3,"name":"M\u00f6bleeritud puhkemajutused sihtkohas Hamina"}]},{"@type":"WebSite","@id":"https:\/\/www.sakarincitykodit.fi\/et\/#website","url":"https:\/\/www.sakarincitykodit.fi\/et\/","name":"Sakarin Citykodit","description":"Vuokraamme vapaat kalustetut vuokra-asunnot ymp&auml;ri Suomen!","publisher":{"@id":"https:\/\/www.sakarincitykodit.fi\/et\/#organization"},"potentialAction":[{"@type":"SearchAction","target":{"@type":"EntryPoint","urlTemplate":"https:\/\/www.sakarincitykodit.fi\/et\/?s={search_term_string}"},"query-input":{"@type":"PropertyValueSpecification","valueRequired":true,"valueName":"search_term_string"}}],"inLanguage":"et"},{"@type":"Organization","@id":"https:\/\/www.sakarincitykodit.fi\/et\/#organization","name":"Sakarin Citykodit","url":"https:\/\/www.sakarincitykodit.fi\/et\/","logo":{"@type":"ImageObject","inLanguage":"et","@id":"https:\/\/www.sakarincitykodit.fi\/et\/#\/schema\/logo\/image\/","url":"https:\/\/www.sakarincitykodit.fi\/wp-content\/uploads\/sakarin-citykodit-logo-245.png","contentUrl":"https:\/\/www.sakarincitykodit.fi\/wp-content\/uploads\/sakarin-citykodit-logo-245.png","width":245,"height":39,"caption":"Sakarin Citykodit"},"image":{"@id":"https:\/\/www.sakarincitykodit.fi\/et\/#\/schema\/logo\/image\/"}}]}},"_links":{"self":[{"href":"https:\/\/www.sakarincitykodit.fi\/et\/wp-json\/wp\/v2\/pages\/4312","targetHints":{"allow":["GET"]}}],"collection":[{"href":"https:\/\/www.sakarincitykodit.fi\/et\/wp-json\/wp\/v2\/pages"}],"about":[{"href":"https:\/\/www.sakarincitykodit.fi\/et\/wp-json\/wp\/v2\/types\/page"}],"author":[{"embeddable":true,"href":"https:\/\/www.sakarincitykodit.fi\/et\/wp-json\/wp\/v2\/users\/3"}],"replies":[{"embeddable":true,"href":"https:\/\/www.sakarincitykodit.fi\/et\/wp-json\/wp\/v2\/comments?post=4312"}],"version-history":[{"count":0,"href":"https:\/\/www.sakarincitykodit.fi\/et\/wp-json\/wp\/v2\/pages\/4312\/revisions"}],"up":[{"embeddable":true,"href":"https:\/\/www.sakarincitykodit.fi\/et\/wp-json\/wp\/v2\/pages\/4447"}],"wp:attachment":[{"href":"https:\/\/www.sakarincitykodit.fi\/et\/wp-json\/wp\/v2\/media?parent=4312"}],"curies":[{"name":"wp","href":"https:\/\/api.w.org\/{rel}","templated":true}]}}