{"id":4260,"date":"2018-11-05T09:53:20","date_gmt":"2018-11-05T07:53:20","guid":{"rendered":"https:\/\/www.sakarincitykodit.fi\/mobleeritud-puhkemajutused-sihtkohas-jarvenpaa\/"},"modified":"2020-11-10T12:07:19","modified_gmt":"2020-11-10T10:07:19","slug":"mobleeritud-puhkemajutused-sihtkohas-jarvenpaa","status":"publish","type":"page","link":"https:\/\/www.sakarincitykodit.fi\/et\/meie-asukoht\/mobleeritud-puhkemajutused-sihtkohas-jarvenpaa\/","title":{"rendered":"M\u00f6bleeritud puhkemajutused sihtkohas J\u00e4rvenp\u00e4\u00e4"},"content":{"rendered":"\t\t<div data-elementor-type=\"wp-page\" data-elementor-id=\"4260\" class=\"elementor elementor-4260 elementor-1236\">\n\t\t\t\t\t\t<section class=\"elementor-section elementor-top-section elementor-element elementor-element-1c2794bf elementor-section-boxed elementor-section-height-default elementor-section-height-default\" data-id=\"1c2794bf\" data-element_type=\"section\">\n\t\t\t\t\t\t<div class=\"elementor-container elementor-column-gap-default\">\n\t\t\t\t\t<div class=\"elementor-column elementor-col-100 elementor-top-column elementor-element elementor-element-67b6c886\" data-id=\"67b6c886\" data-element_type=\"column\">\n\t\t\t<div class=\"elementor-widget-wrap elementor-element-populated\">\n\t\t\t\t\t\t<div class=\"elementor-element elementor-element-1ac42de elementor-widget elementor-widget-apus_element_realestate_properties\" data-id=\"1ac42de\" data-element_type=\"widget\" data-settings=\"{&quot;columns&quot;:&quot;2&quot;,&quot;slides_to_scroll&quot;:1}\" data-widget_type=\"apus_element_realestate_properties.default\">\n\t\t\t\t<div class=\"elementor-widget-container\">\n\t\t\t\t\t            <div class=\"widget-properties carousel item-grid-v4 \">\n                                    <div class=\"top-info-widget flex-middle\">\n                        <div class=\"info-left\">\n                                                            <h2 class=\"title\">J\u00e4rvenp\u00e4\u00e4 vapaat asunnot<\/h2>\n                                                                                <\/div>\n                                            <\/div>\n                                <div class=\"widget-content\">\n                                            <div class=\"slick-carousel\"\n                            data-items=\"2\"\n                            data-smallmedium=\"2\"\n                            data-extrasmall=\"1\"\n\n                            data-slidestoscroll=\"1\"\n                            data-slidestoscroll_smallmedium=\"1\"\n                            data-slidestoscroll_extrasmall=\"1\"\n\n                            data-pagination=\"false\" data-nav=\"true\" data-rows=\"1\" data-infinite=\"false\" data-autoplay=\"true\">\n                                                            <div class=\"item\">\n                                    \n\n<article class=\"map-item property-grid-v4 property-item post-5148 property type-property status-publish has-post-thumbnail hentry property_type-kerrostaloasunto-et property_location-jarvenpaa-et property_amenity-uuni-et property_amenity-erillinen-wc-et property_amenity-ruuanlaitto-ja-ruokailuvalineet-et property_amenity-kahvinkeitin-et property_amenity-jaakaappi-et property_amenity-mikro-et property_amenity-astianpesukone-et property_amenity-pesutupa-et property_amenity-pyykinpesukone-et property_amenity-pakastin-et property_amenity-kylpyhuone-et\" data-latitude=\"60.475901\" data-longitude=\"25.072765713297407\" data-img=\"https:\/\/www.sakarincitykodit.fi\/wp-content\/uploads\/jarvenpaa-kalustetut-vuokra-asunnot-sakarin-citykodit_3-850x550.jpg\">\n    <div class=\"top-info\">\n        <div class=\"property-thumbnail-wrapper flex-middle justify-content-center\">\n                <div class=\"image-thumbnail\">\r\n        <a class=\"property-image\" href=\"https:\/\/www.sakarincitykodit.fi\/et\/vuokra-asunto\/jarvenpaa-loutti-kt-3hk-80m2_2\/\">\r\n        \t<div class=\"image-wrapper\"><img fetchpriority=\"high\" decoding=\"async\" width=\"850\" height=\"550\" src=\"data:image\/svg+xml;charset=utf-8,%3Csvg xmlns%3D&#039;http%3A%2F%2Fwww.w3.org%2F2000%2Fsvg&#039; viewBox%3D&#039;0 0 850 550&#039;%2F%3E\" class=\"attachment-homeo-property-grid size-homeo-property-grid unveil-image\" alt=\"\" data-src=\"https:\/\/www.sakarincitykodit.fi\/wp-content\/uploads\/jarvenpaa-kalustetut-vuokra-asunnot-sakarin-citykodit_3-850x550.jpg\" \/><\/div>        <\/a>\r\n    <\/div>\r\n                            <div class=\"bottom-label flex-middle\">\n                                <div class=\"ali-right\">\n                                    <\/div>\n            <\/div>\n        <\/div>\n\n        <div class=\"property-information\">\n            <div class=\"property-type\">\r\n\t\t\t\t\t\t\t<div class=\"property-type with-no-title\">\r\n\t\t\t\t\t\t            \t<a class=\"type-property\" href=\"https:\/\/www.sakarincitykodit.fi\/et\/property-type\/kerrostaloasunto-et\/\" style=\"\">Korterelamu<\/a>\t\t        \t\t    \t<\/div>\r\n\t    <\/div>\n            <h2 class=\"property-title\"><a href=\"https:\/\/www.sakarincitykodit.fi\/et\/vuokra-asunto\/jarvenpaa-loutti-kt-3hk-80m2_2\/\" rel=\"bookmark\">J\u00e4rvenp\u00e4\u00e4 Loutti | KT 3h+k 80m2<\/a><\/h2>            <div class=\"property-location with-icon\"><i class=\"flaticon-maps-and-flags\"><\/i> <a href=\"\/\/maps.google.com\/maps?q=M%C3%A4kikatu+2+J%C3%A4rvenp%C3%A4%C3%A4&#038;zoom=14&#038;size=512x512&#038;maptype=roadmap&#038;sensor=false\" target=\"_blank\">M\u00e4kikatu 2 J\u00e4rvenp\u00e4\u00e4<\/a><\/div>\n                    <\/div>\n    <\/div>\n<\/article><!-- #post-## -->\n\n                                <\/div>\n                                                    <\/div>\n                                                        <\/div>\n            <\/div>\n            \t\t\t\t<\/div>\n\t\t\t\t<\/div>\n\t\t\t\t<div class=\"elementor-element elementor-element-5b201687 elementor-widget elementor-widget-text-editor\" data-id=\"5b201687\" data-element_type=\"widget\" data-widget_type=\"text-editor.default\">\n\t\t\t\t<div class=\"elementor-widget-container\">\n\t\t\t\t\t\t\t\t\t<div id=\"pl-1236\" class=\"panel-layout\">\n<div id=\"pg-1236-0\" class=\"panel-grid panel-no-style\" data-style=\"{\">\n<div id=\"pgc-1236-0-0\" class=\"panel-grid-cell\" data-weight=\"1\">\n<div id=\"panel-1236-0-0-0\" class=\"so-panel widget widget_sow-editor panel-first-child panel-last-child\" data-index=\"0\" data-style=\"{\">\n<div class=\"panel-widget-style panel-widget-style-for-1236-0-0-0\">\n<div class=\"so-widget-sow-editor so-widget-sow-editor-base\">\n<div class=\"siteorigin-widget-tinymce textwidget\">\n<h1 style=\"text-align: left;\">M\u00f6bleeritud puhkemajutused sihtkohas J\u00e4rvenp\u00e4\u00e4<\/h1>\n<p style=\"text-align: left;\">Kas tunnete t\u00f6\u00f6d J\u00e4rvenp\u00e4\u00e4l, kas vajate ajutist kodu, n\u00e4iteks renoveerimise ajal, v\u00f5i vajate m\u00f5nel muul p\u00f5hjusel J\u00e4rvenp\u00e4\u00e4s \u00fc\u00fcrikorterit? Meil on j\u00e4rvenp\u00e4\u00e4l v\u00e4ga laiavalikut vajadusi, s\u00f5ltuvalt korteri suurusest ja rendiperioodist, suur valik m\u00f6bleeritud kortereid J\u00e4rvenp\u00e4\u00e4s. Meie v\u00e4ike organisatsioon v\u00f5imaldab v\u00e4ga kiiret reageerimist isegi k\u00f5ige kiireloomulisemates olukordades, kui on vaja m\u00f6bleeritud korterikiiresti.<\/p>\n<p style=\"text-align: left;\"><a href=\"https:\/\/www.sakarincitykodit.fi\/varaus\/\">V\u00f5tke meiega \u00fchendust,<\/a> et saada rohkem teavet meie vabade korterite kohta! V\u00f5ite ka j\u00e4tta tagasihelistamise taotluse all neath, ja me v\u00f5tame teiega nii kiiresti kui v\u00f5imalik &#8211; kui sa harva tahad oodata.<\/p>\n<p class=\"p1\">\n<div class=\"wpcf7 no-js\" id=\"wpcf7-f5345-o1\" lang=\"et\" dir=\"ltr\" data-wpcf7-id=\"5345\">\n<div class=\"screen-reader-response\"><p role=\"status\" aria-live=\"polite\" aria-atomic=\"true\"><\/p> <ul><\/ul><\/div>\n<form action=\"\/et\/wp-json\/wp\/v2\/pages\/4260#wpcf7-f5345-o1\" method=\"post\" class=\"wpcf7-form init\" aria-label=\"Contact form\" novalidate=\"novalidate\" data-status=\"init\">\n<div style=\"display: none;\">\n<input type=\"hidden\" name=\"_wpcf7\" value=\"5345\" \/>\n<input type=\"hidden\" name=\"_wpcf7_version\" value=\"6.0.6\" \/>\n<input type=\"hidden\" name=\"_wpcf7_locale\" value=\"et\" \/>\n<input type=\"hidden\" name=\"_wpcf7_unit_tag\" value=\"wpcf7-f5345-o1\" \/>\n<input type=\"hidden\" name=\"_wpcf7_container_post\" value=\"0\" \/>\n<input type=\"hidden\" name=\"_wpcf7_posted_data_hash\" value=\"\" \/>\n<\/div>\n<p><label>Enter your details and our business sales will contact you as soon as possible!<br \/>\n<\/label>\n<\/p>\n<div class=\"contact-us\">\n\t<div class=\"row\">\n\t\t<div class=\"col-xs-12 col-sm-6\">\n\t\t\t<p><span class=\"wpcf7-form-control-wrap\" data-name=\"your-yritys\"><input size=\"40\" maxlength=\"400\" class=\"wpcf7-form-control wpcf7-text wpcf7-validates-as-required form-control\" aria-required=\"true\" aria-invalid=\"false\" placeholder=\"The Company Name\" value=\"\" type=\"text\" name=\"your-yritys\" \/><\/span>\n\t\t\t<\/p>\n\t\t<\/div>\n\t\t<div class=\"col-xs-12 col-sm-6\">\n\t\t\t<p><span class=\"wpcf7-form-control-wrap\" data-name=\"your-tel\"><input size=\"40\" maxlength=\"400\" class=\"wpcf7-form-control wpcf7-tel wpcf7-validates-as-required wpcf7-text wpcf7-validates-as-tel form-control\" aria-required=\"true\" aria-invalid=\"false\" placeholder=\"Phone number\" value=\"\" type=\"tel\" name=\"your-tel\" \/><\/span>\n\t\t\t<\/p>\n\t\t<\/div>\n\t\t<div class=\"col-xs-12 col-sm-12\">\n\t\t\t<p><span class=\"wpcf7-form-control-wrap\" data-name=\"your-email\"><input size=\"40\" maxlength=\"400\" class=\"wpcf7-form-control wpcf7-email wpcf7-validates-as-required wpcf7-text wpcf7-validates-as-email form-control\" aria-required=\"true\" aria-invalid=\"false\" placeholder=\"Email\" value=\"\" type=\"email\" name=\"your-email\" \/><\/span>\n\t\t\t<\/p>\n\t\t<\/div>\n\t<\/div>\n\t<div class=\"clearfix\">\n\t\t<p><input class=\"wpcf7-form-control wpcf7-submit has-spinner btn pull-right btn-theme btn-inverse border-2\" type=\"submit\" value=\"Please contact me!\" \/>\n\t\t<\/p>\n\t<\/div>\n<\/div><div class=\"wpcf7-response-output\" aria-hidden=\"true\"><\/div>\n<\/form>\n<\/div>\n<\/p>\n<h3>M\u00f6bleeritud korter hotelli asemel?<\/h3>\n<p>Hotellid v\u00f5ivad olla nii kallid kui ka pikaajalisemajutuse v\u00f5imalused. Paar \u00f6\u00f6d on kindlasti minna mugavalt hotellis, kuid kui tegemist on n\u00e4dalat v\u00f5i isegi kuud, m\u00f6bleeritud \u00fc\u00fcrikorter on palju kenam valik. Sa saad t\u00f5elise ajutise kodu, mis tunneb ka hubane ja mitte ainult h\u00e4daolukorras lahendus. Hoolitseme oma m\u00f6bleeritud korterite eest h\u00e4sti ja soovime veenduda, et naudite oma korterit nii h\u00e4sti kui v\u00f5imalik.<\/p>\n<h3>J\u00e4rvenp\u00e4\u00e4st helsingi suurlinnapiirkonnas t\u00f6\u00f6tamiseni<\/h3>\n<p>Kas te tulete t\u00f6\u00f6le Helsingi suurlinnapiirkonnas v\u00f5i L\u00f5una-Soomes, kuid te ei pruugi tahta elada Espoos v\u00f5i Helsingis? J\u00e4rvenp\u00e4\u00e4 on suurep\u00e4rane v\u00f5imalus ka pikemaks ajaks, n\u00e4iteks postitamiseks. J\u00e4rvenp\u00e4\u00e4st j\u00f5uate Helsingi kesklinna v\u00f5i \u00fclej\u00e4\u00e4nud \u00fcmbrusese otserongiga ning saate h\u00f5lpsasti t\u00f6\u00f6le talutavale \u00e4rireisile. J\u00e4rvenp\u00e4\u00e4 korterid on odavamad kui Helsingi suurlinnapiirkond ning <a href=\"\/\">meie m\u00f6bleeritud korteritest<\/a> leiate suurep\u00e4rase alternatiivi!<\/p>\n<\/div>\n<\/div>\n<\/div>\n<\/div>\n<\/div>\n<\/div>\n<\/div>\n\t\t\t\t\t\t\t\t<\/div>\n\t\t\t\t<\/div>\n\t\t\t\t\t<\/div>\n\t\t<\/div>\n\t\t\t\t\t<\/div>\n\t\t<\/section>\n\t\t\t\t<\/div>\n\t\t","protected":false},"excerpt":{"rendered":"<p>J\u00e4rvenp\u00e4\u00e4 vapaat asunnot Rivitalo Jarvenpaa Peltola | RT 3h+k+s 78m2 | released on 2 August 2020 Kerrostaloasunto Jarvenpaa City Center | KT 3h+k 78m2 | released on 2 August 2020 Kerrostaloasunto J\u00e4rvenp\u00e4\u00e4 keskusta | KT 3h+k 78m2 | HETI VAPAA Kartanonpolku 31, 04410 J\u00e4rvenp\u00e4\u00e4 M\u00f6bleeritud puhkemajutused sihtkohas J\u00e4rvenp\u00e4\u00e4 Kas tunnete t\u00f6\u00f6d J\u00e4rvenp\u00e4\u00e4l, kas vajate ajutist [&hellip;]<\/p>\n","protected":false},"author":3,"featured_media":0,"parent":4447,"menu_order":0,"comment_status":"closed","ping_status":"closed","template":"","meta":{"footnotes":""},"class_list":["post-4260","page","type-page","status-publish","hentry"],"yoast_head":"<!-- This site is optimized with the Yoast SEO plugin v24.9 - https:\/\/yoast.com\/wordpress\/plugins\/seo\/ -->\n<title>M\u00f6bleeritud puhkemajutused sihtkohas J\u00e4rvenp\u00e4\u00e4 - Sakarin Citykodit<\/title>\n<meta name=\"robots\" content=\"index, follow, max-snippet:-1, max-image-preview:large, max-video-preview:-1\" \/>\n<link rel=\"canonical\" href=\"https:\/\/www.sakarincitykodit.fi\/et\/meie-asukoht\/mobleeritud-puhkemajutused-sihtkohas-jarvenpaa\/\" \/>\n<meta property=\"og:locale\" content=\"et_EE\" \/>\n<meta property=\"og:type\" content=\"article\" \/>\n<meta property=\"og:title\" content=\"M\u00f6bleeritud puhkemajutused sihtkohas J\u00e4rvenp\u00e4\u00e4 - Sakarin Citykodit\" \/>\n<meta property=\"og:description\" content=\"J\u00e4rvenp\u00e4\u00e4 vapaat asunnot Rivitalo Jarvenpaa Peltola | RT 3h+k+s 78m2 | released on 2 August 2020 Kerrostaloasunto Jarvenpaa City Center | KT 3h+k 78m2 | released on 2 August 2020 Kerrostaloasunto J\u00e4rvenp\u00e4\u00e4 keskusta | KT 3h+k 78m2 | HETI VAPAA Kartanonpolku 31, 04410 J\u00e4rvenp\u00e4\u00e4 M\u00f6bleeritud puhkemajutused sihtkohas J\u00e4rvenp\u00e4\u00e4 Kas tunnete t\u00f6\u00f6d J\u00e4rvenp\u00e4\u00e4l, kas vajate ajutist [&hellip;]\" \/>\n<meta property=\"og:url\" content=\"https:\/\/www.sakarincitykodit.fi\/et\/meie-asukoht\/mobleeritud-puhkemajutused-sihtkohas-jarvenpaa\/\" \/>\n<meta property=\"og:site_name\" content=\"Sakarin Citykodit\" \/>\n<meta property=\"article:modified_time\" content=\"2020-11-10T10:07:19+00:00\" \/>\n<meta name=\"twitter:card\" content=\"summary_large_image\" \/>\n<meta name=\"twitter:label1\" content=\"Est. reading time\" \/>\n\t<meta name=\"twitter:data1\" content=\"2 minutit\" \/>\n<script type=\"application\/ld+json\" class=\"yoast-schema-graph\">{\"@context\":\"https:\/\/schema.org\",\"@graph\":[{\"@type\":\"WebPage\",\"@id\":\"https:\/\/www.sakarincitykodit.fi\/et\/meie-asukoht\/mobleeritud-puhkemajutused-sihtkohas-jarvenpaa\/\",\"url\":\"https:\/\/www.sakarincitykodit.fi\/et\/meie-asukoht\/mobleeritud-puhkemajutused-sihtkohas-jarvenpaa\/\",\"name\":\"M\u00f6bleeritud puhkemajutused sihtkohas J\u00e4rvenp\u00e4\u00e4 - Sakarin Citykodit\",\"isPartOf\":{\"@id\":\"https:\/\/www.sakarincitykodit.fi\/et\/#website\"},\"datePublished\":\"2018-11-05T07:53:20+00:00\",\"dateModified\":\"2020-11-10T10:07:19+00:00\",\"breadcrumb\":{\"@id\":\"https:\/\/www.sakarincitykodit.fi\/et\/meie-asukoht\/mobleeritud-puhkemajutused-sihtkohas-jarvenpaa\/#breadcrumb\"},\"inLanguage\":\"et\",\"potentialAction\":[{\"@type\":\"ReadAction\",\"target\":[\"https:\/\/www.sakarincitykodit.fi\/et\/meie-asukoht\/mobleeritud-puhkemajutused-sihtkohas-jarvenpaa\/\"]}]},{\"@type\":\"BreadcrumbList\",\"@id\":\"https:\/\/www.sakarincitykodit.fi\/et\/meie-asukoht\/mobleeritud-puhkemajutused-sihtkohas-jarvenpaa\/#breadcrumb\",\"itemListElement\":[{\"@type\":\"ListItem\",\"position\":1,\"name\":\"Kodu\",\"item\":\"https:\/\/www.sakarincitykodit.fi\/et\/\"},{\"@type\":\"ListItem\",\"position\":2,\"name\":\"Meie asukoht\",\"item\":\"https:\/\/www.sakarincitykodit.fi\/et\/meie-asukoht\/\"},{\"@type\":\"ListItem\",\"position\":3,\"name\":\"M\u00f6bleeritud puhkemajutused sihtkohas J\u00e4rvenp\u00e4\u00e4\"}]},{\"@type\":\"WebSite\",\"@id\":\"https:\/\/www.sakarincitykodit.fi\/et\/#website\",\"url\":\"https:\/\/www.sakarincitykodit.fi\/et\/\",\"name\":\"Sakarin Citykodit\",\"description\":\"Vuokraamme vapaat kalustetut vuokra-asunnot ymp&auml;ri Suomen!\",\"publisher\":{\"@id\":\"https:\/\/www.sakarincitykodit.fi\/et\/#organization\"},\"potentialAction\":[{\"@type\":\"SearchAction\",\"target\":{\"@type\":\"EntryPoint\",\"urlTemplate\":\"https:\/\/www.sakarincitykodit.fi\/et\/?s={search_term_string}\"},\"query-input\":{\"@type\":\"PropertyValueSpecification\",\"valueRequired\":true,\"valueName\":\"search_term_string\"}}],\"inLanguage\":\"et\"},{\"@type\":\"Organization\",\"@id\":\"https:\/\/www.sakarincitykodit.fi\/et\/#organization\",\"name\":\"Sakarin Citykodit\",\"url\":\"https:\/\/www.sakarincitykodit.fi\/et\/\",\"logo\":{\"@type\":\"ImageObject\",\"inLanguage\":\"et\",\"@id\":\"https:\/\/www.sakarincitykodit.fi\/et\/#\/schema\/logo\/image\/\",\"url\":\"https:\/\/www.sakarincitykodit.fi\/wp-content\/uploads\/sakarin-citykodit-logo-245.png\",\"contentUrl\":\"https:\/\/www.sakarincitykodit.fi\/wp-content\/uploads\/sakarin-citykodit-logo-245.png\",\"width\":245,\"height\":39,\"caption\":\"Sakarin Citykodit\"},\"image\":{\"@id\":\"https:\/\/www.sakarincitykodit.fi\/et\/#\/schema\/logo\/image\/\"}}]}<\/script>\n<!-- \/ Yoast SEO plugin. -->","yoast_head_json":{"title":"M\u00f6bleeritud puhkemajutused sihtkohas J\u00e4rvenp\u00e4\u00e4 - Sakarin Citykodit","robots":{"index":"index","follow":"follow","max-snippet":"max-snippet:-1","max-image-preview":"max-image-preview:large","max-video-preview":"max-video-preview:-1"},"canonical":"https:\/\/www.sakarincitykodit.fi\/et\/meie-asukoht\/mobleeritud-puhkemajutused-sihtkohas-jarvenpaa\/","og_locale":"et_EE","og_type":"article","og_title":"M\u00f6bleeritud puhkemajutused sihtkohas J\u00e4rvenp\u00e4\u00e4 - Sakarin Citykodit","og_description":"J\u00e4rvenp\u00e4\u00e4 vapaat asunnot Rivitalo Jarvenpaa Peltola | RT 3h+k+s 78m2 | released on 2 August 2020 Kerrostaloasunto Jarvenpaa City Center | KT 3h+k 78m2 | released on 2 August 2020 Kerrostaloasunto J\u00e4rvenp\u00e4\u00e4 keskusta | KT 3h+k 78m2 | HETI VAPAA Kartanonpolku 31, 04410 J\u00e4rvenp\u00e4\u00e4 M\u00f6bleeritud puhkemajutused sihtkohas J\u00e4rvenp\u00e4\u00e4 Kas tunnete t\u00f6\u00f6d J\u00e4rvenp\u00e4\u00e4l, kas vajate ajutist [&hellip;]","og_url":"https:\/\/www.sakarincitykodit.fi\/et\/meie-asukoht\/mobleeritud-puhkemajutused-sihtkohas-jarvenpaa\/","og_site_name":"Sakarin Citykodit","article_modified_time":"2020-11-10T10:07:19+00:00","twitter_card":"summary_large_image","twitter_misc":{"Est. reading time":"2 minutit"},"schema":{"@context":"https:\/\/schema.org","@graph":[{"@type":"WebPage","@id":"https:\/\/www.sakarincitykodit.fi\/et\/meie-asukoht\/mobleeritud-puhkemajutused-sihtkohas-jarvenpaa\/","url":"https:\/\/www.sakarincitykodit.fi\/et\/meie-asukoht\/mobleeritud-puhkemajutused-sihtkohas-jarvenpaa\/","name":"M\u00f6bleeritud puhkemajutused sihtkohas J\u00e4rvenp\u00e4\u00e4 - Sakarin Citykodit","isPartOf":{"@id":"https:\/\/www.sakarincitykodit.fi\/et\/#website"},"datePublished":"2018-11-05T07:53:20+00:00","dateModified":"2020-11-10T10:07:19+00:00","breadcrumb":{"@id":"https:\/\/www.sakarincitykodit.fi\/et\/meie-asukoht\/mobleeritud-puhkemajutused-sihtkohas-jarvenpaa\/#breadcrumb"},"inLanguage":"et","potentialAction":[{"@type":"ReadAction","target":["https:\/\/www.sakarincitykodit.fi\/et\/meie-asukoht\/mobleeritud-puhkemajutused-sihtkohas-jarvenpaa\/"]}]},{"@type":"BreadcrumbList","@id":"https:\/\/www.sakarincitykodit.fi\/et\/meie-asukoht\/mobleeritud-puhkemajutused-sihtkohas-jarvenpaa\/#breadcrumb","itemListElement":[{"@type":"ListItem","position":1,"name":"Kodu","item":"https:\/\/www.sakarincitykodit.fi\/et\/"},{"@type":"ListItem","position":2,"name":"Meie asukoht","item":"https:\/\/www.sakarincitykodit.fi\/et\/meie-asukoht\/"},{"@type":"ListItem","position":3,"name":"M\u00f6bleeritud puhkemajutused sihtkohas J\u00e4rvenp\u00e4\u00e4"}]},{"@type":"WebSite","@id":"https:\/\/www.sakarincitykodit.fi\/et\/#website","url":"https:\/\/www.sakarincitykodit.fi\/et\/","name":"Sakarin Citykodit","description":"Vuokraamme vapaat kalustetut vuokra-asunnot ymp&auml;ri Suomen!","publisher":{"@id":"https:\/\/www.sakarincitykodit.fi\/et\/#organization"},"potentialAction":[{"@type":"SearchAction","target":{"@type":"EntryPoint","urlTemplate":"https:\/\/www.sakarincitykodit.fi\/et\/?s={search_term_string}"},"query-input":{"@type":"PropertyValueSpecification","valueRequired":true,"valueName":"search_term_string"}}],"inLanguage":"et"},{"@type":"Organization","@id":"https:\/\/www.sakarincitykodit.fi\/et\/#organization","name":"Sakarin Citykodit","url":"https:\/\/www.sakarincitykodit.fi\/et\/","logo":{"@type":"ImageObject","inLanguage":"et","@id":"https:\/\/www.sakarincitykodit.fi\/et\/#\/schema\/logo\/image\/","url":"https:\/\/www.sakarincitykodit.fi\/wp-content\/uploads\/sakarin-citykodit-logo-245.png","contentUrl":"https:\/\/www.sakarincitykodit.fi\/wp-content\/uploads\/sakarin-citykodit-logo-245.png","width":245,"height":39,"caption":"Sakarin Citykodit"},"image":{"@id":"https:\/\/www.sakarincitykodit.fi\/et\/#\/schema\/logo\/image\/"}}]}},"_links":{"self":[{"href":"https:\/\/www.sakarincitykodit.fi\/et\/wp-json\/wp\/v2\/pages\/4260","targetHints":{"allow":["GET"]}}],"collection":[{"href":"https:\/\/www.sakarincitykodit.fi\/et\/wp-json\/wp\/v2\/pages"}],"about":[{"href":"https:\/\/www.sakarincitykodit.fi\/et\/wp-json\/wp\/v2\/types\/page"}],"author":[{"embeddable":true,"href":"https:\/\/www.sakarincitykodit.fi\/et\/wp-json\/wp\/v2\/users\/3"}],"replies":[{"embeddable":true,"href":"https:\/\/www.sakarincitykodit.fi\/et\/wp-json\/wp\/v2\/comments?post=4260"}],"version-history":[{"count":0,"href":"https:\/\/www.sakarincitykodit.fi\/et\/wp-json\/wp\/v2\/pages\/4260\/revisions"}],"up":[{"embeddable":true,"href":"https:\/\/www.sakarincitykodit.fi\/et\/wp-json\/wp\/v2\/pages\/4447"}],"wp:attachment":[{"href":"https:\/\/www.sakarincitykodit.fi\/et\/wp-json\/wp\/v2\/media?parent=4260"}],"curies":[{"name":"wp","href":"https:\/\/api.w.org\/{rel}","templated":true}]}}