{"id":4230,"date":"2018-11-05T09:46:45","date_gmt":"2018-11-05T07:46:45","guid":{"rendered":"https:\/\/www.sakarincitykodit.fi\/mobleeritud-puhkemajutused-vantaas\/"},"modified":"2021-09-01T14:14:23","modified_gmt":"2021-09-01T12:14:23","slug":"mobleeritud-puhkemajutused-vantaas","status":"publish","type":"page","link":"https:\/\/www.sakarincitykodit.fi\/et\/meie-asukoht\/mobleeritud-puhkemajutused-vantaas\/","title":{"rendered":"M\u00f6bleeritud puhkemajutused Vantaa"},"content":{"rendered":"\t\t<div data-elementor-type=\"wp-page\" data-elementor-id=\"4230\" class=\"elementor elementor-4230 elementor-1224\">\n\t\t\t\t\t\t<section class=\"elementor-section elementor-top-section elementor-element elementor-element-36f23770 elementor-section-boxed elementor-section-height-default elementor-section-height-default\" data-id=\"36f23770\" data-element_type=\"section\">\n\t\t\t\t\t\t<div class=\"elementor-container elementor-column-gap-default\">\n\t\t\t\t\t<div class=\"elementor-column elementor-col-100 elementor-top-column elementor-element elementor-element-352b6a1c\" data-id=\"352b6a1c\" data-element_type=\"column\">\n\t\t\t<div class=\"elementor-widget-wrap elementor-element-populated\">\n\t\t\t\t\t\t<div class=\"elementor-element elementor-element-5bce881 elementor-widget elementor-widget-apus_element_realestate_properties\" data-id=\"5bce881\" data-element_type=\"widget\" data-settings=\"{&quot;columns&quot;:&quot;2&quot;,&quot;slides_to_scroll&quot;:1}\" data-widget_type=\"apus_element_realestate_properties.default\">\n\t\t\t\t<div class=\"elementor-widget-container\">\n\t\t\t\t\t            <div class=\"widget-properties carousel item-grid-v4 \">\n                                    <div class=\"top-info-widget flex-middle\">\n                        <div class=\"info-left\">\n                                                            <h2 class=\"title\">Vantaa vapaat asunnot<\/h2>\n                                                                                <\/div>\n                                            <\/div>\n                                <div class=\"widget-content\">\n                                            <div class=\"slick-carousel\"\n                            data-items=\"2\"\n                            data-smallmedium=\"2\"\n                            data-extrasmall=\"1\"\n\n                            data-slidestoscroll=\"1\"\n                            data-slidestoscroll_smallmedium=\"1\"\n                            data-slidestoscroll_extrasmall=\"1\"\n\n                            data-pagination=\"false\" data-nav=\"true\" data-rows=\"1\" data-infinite=\"false\" data-autoplay=\"true\">\n                                                            <div class=\"item\">\n                                    \n\n<article class=\"map-item property-grid-v4 property-item post-14911 property type-property status-publish has-post-thumbnail hentry property_type-kerrostaloasunto-et property_location-vantaa-et property_amenity-uuni-et property_amenity-erillinen-wc-et property_amenity-ruuanlaitto-ja-ruokailuvalineet-et property_amenity-kahvinkeitin-et property_amenity-jaakaappi-et property_amenity-mikro-et property_amenity-astianpesukone-et property_amenity-pesutupa-et property_amenity-pyykinpesukone-et property_amenity-liesi-et property_amenity-sauna-et property_amenity-pakastin-et property_amenity-televisio-et property_amenity-kylpyhuone-et\" data-latitude=\"60.3444784\" data-longitude=\"25.06554434570638\" data-img=\"https:\/\/www.sakarincitykodit.fi\/wp-content\/uploads\/20240308_142141-850x550.jpg\">\n    <div class=\"top-info\">\n        <div class=\"property-thumbnail-wrapper flex-middle justify-content-center\">\n                <div class=\"image-thumbnail\">\r\n        <a class=\"property-image\" href=\"https:\/\/www.sakarincitykodit.fi\/et\/vuokra-asunto\/vantaa-korso-kt-3hk-78m2\/\">\r\n        \t<div class=\"image-wrapper\"><img fetchpriority=\"high\" decoding=\"async\" width=\"850\" height=\"550\" src=\"data:image\/svg+xml;charset=utf-8,%3Csvg xmlns%3D&#039;http%3A%2F%2Fwww.w3.org%2F2000%2Fsvg&#039; viewBox%3D&#039;0 0 850 550&#039;%2F%3E\" class=\"attachment-homeo-property-grid size-homeo-property-grid unveil-image\" alt=\"Kalustettu asunto Vantaa\" data-src=\"https:\/\/www.sakarincitykodit.fi\/wp-content\/uploads\/20240308_142141-850x550.jpg\" \/><\/div>        <\/a>\r\n    <\/div>\r\n                            <div class=\"bottom-label flex-middle\">\n                                <div class=\"ali-right\">\n                                    <\/div>\n            <\/div>\n        <\/div>\n\n        <div class=\"property-information\">\n            <div class=\"property-type\">\r\n\t\t\t\t\t\t\t<div class=\"property-type with-no-title\">\r\n\t\t\t\t\t\t            \t<a class=\"type-property\" href=\"https:\/\/www.sakarincitykodit.fi\/et\/property-type\/kerrostaloasunto-et\/\" style=\"\">Korterelamu<\/a>\t\t        \t\t    \t<\/div>\r\n\t    <\/div>\n            <h2 class=\"property-title\"><a href=\"https:\/\/www.sakarincitykodit.fi\/et\/vuokra-asunto\/vantaa-korso-kt-3hk-78m2\/\" rel=\"bookmark\">VANTAA Korso KT 3h+k 78m2<\/a><\/h2>            <div class=\"property-location with-icon\"><i class=\"flaticon-maps-and-flags\"><\/i> <a href=\"\/\/maps.google.com\/maps?q=Kulotie+2%2C+01450+Vantaa&#038;zoom=14&#038;size=512x512&#038;maptype=roadmap&#038;sensor=false\" target=\"_blank\">Kulotie 2, 01450 Vantaa<\/a><\/div>\n                    <\/div>\n    <\/div>\n<\/article><!-- #post-## -->\n\n                                <\/div>\n                                                    <\/div>\n                                                        <\/div>\n            <\/div>\n            \t\t\t\t<\/div>\n\t\t\t\t<\/div>\n\t\t\t\t<div class=\"elementor-element elementor-element-32f1978c elementor-widget elementor-widget-text-editor\" data-id=\"32f1978c\" data-element_type=\"widget\" data-widget_type=\"text-editor.default\">\n\t\t\t\t<div class=\"elementor-widget-container\">\n\t\t\t\t\t\t\t\t\t<div id=\"pl-1224\" class=\"panel-layout\">\n<div id=\"pg-1224-0\" class=\"panel-grid panel-no-style\" data-style=\"{\">\n<div id=\"pgc-1224-0-0\" class=\"panel-grid-cell\" data-weight=\"1\">\n<div id=\"panel-1224-0-0-0\" class=\"so-panel widget widget_sow-editor panel-first-child panel-last-child\" data-index=\"0\" data-style=\"{\">\n<div class=\"panel-widget-style panel-widget-style-for-1224-0-0-0\">\n<div class=\"so-widget-sow-editor so-widget-sow-editor-base\">\n<div class=\"siteorigin-widget-tinymce textwidget\">\n<h2>Tasuta m\u00f6bleeritud puhkemajutused Vantaa<\/h2>\n<p>Kas teie elu liigub t\u00f6\u00f6 v\u00f5i hobide t\u00f5ttu? Kas hotellitubade seinad kukuvad teie reisidele? \u00d5nneks on saadaval ka paindlikum majutusv\u00f5imalus. M\u00f6bleeritud \u00fc\u00fcrikorterid on saadaval Vantaa ja Soome \u00fcmbruses erinevates kohtades \u2013 ka l\u00fchiajaliste vajaduste rahuldamiseks. Meie <strong>l\u00fchiajaliselt sisustatud korterid Vantaa<\/strong>&nbsp;on ka majutus rohkem kui \u00fchele inimesele ning sel juhul muutuvad need sageli odavamaks kui k\u00f5ik meie enda hotellid. Nii \u00fche v\u00f5i mitme inimese majutusvajaduste rahuldamiseks nii n\u00e4dalavahetuse reisideks kui ka pikemaajaliseks rentimiseks on saadaval lai valik l\u00fchiajalisi ja m\u00f6bleeritud \u00fc\u00fcrikortereid.<\/p>\n<p>J\u00e4tke meile tagasihelistamine!<\/p>\n<p class=\"p1\">\n<div class=\"wpcf7 no-js\" id=\"wpcf7-f5345-o1\" lang=\"et\" dir=\"ltr\" data-wpcf7-id=\"5345\">\n<div class=\"screen-reader-response\"><p role=\"status\" aria-live=\"polite\" aria-atomic=\"true\"><\/p> <ul><\/ul><\/div>\n<form action=\"\/et\/wp-json\/wp\/v2\/pages\/4230#wpcf7-f5345-o1\" method=\"post\" class=\"wpcf7-form init\" aria-label=\"Contact form\" novalidate=\"novalidate\" data-status=\"init\">\n<div style=\"display: none;\">\n<input type=\"hidden\" name=\"_wpcf7\" value=\"5345\" \/>\n<input type=\"hidden\" name=\"_wpcf7_version\" value=\"6.0.6\" \/>\n<input type=\"hidden\" name=\"_wpcf7_locale\" value=\"et\" \/>\n<input type=\"hidden\" name=\"_wpcf7_unit_tag\" value=\"wpcf7-f5345-o1\" \/>\n<input type=\"hidden\" name=\"_wpcf7_container_post\" value=\"0\" \/>\n<input type=\"hidden\" name=\"_wpcf7_posted_data_hash\" value=\"\" \/>\n<\/div>\n<p><label>Enter your details and our business sales will contact you as soon as possible!<br \/>\n<\/label>\n<\/p>\n<div class=\"contact-us\">\n\t<div class=\"row\">\n\t\t<div class=\"col-xs-12 col-sm-6\">\n\t\t\t<p><span class=\"wpcf7-form-control-wrap\" data-name=\"your-yritys\"><input size=\"40\" maxlength=\"400\" class=\"wpcf7-form-control wpcf7-text wpcf7-validates-as-required form-control\" aria-required=\"true\" aria-invalid=\"false\" placeholder=\"The Company Name\" value=\"\" type=\"text\" name=\"your-yritys\" \/><\/span>\n\t\t\t<\/p>\n\t\t<\/div>\n\t\t<div class=\"col-xs-12 col-sm-6\">\n\t\t\t<p><span class=\"wpcf7-form-control-wrap\" data-name=\"your-tel\"><input size=\"40\" maxlength=\"400\" class=\"wpcf7-form-control wpcf7-tel wpcf7-validates-as-required wpcf7-text wpcf7-validates-as-tel form-control\" aria-required=\"true\" aria-invalid=\"false\" placeholder=\"Phone number\" value=\"\" type=\"tel\" name=\"your-tel\" \/><\/span>\n\t\t\t<\/p>\n\t\t<\/div>\n\t\t<div class=\"col-xs-12 col-sm-12\">\n\t\t\t<p><span class=\"wpcf7-form-control-wrap\" data-name=\"your-email\"><input size=\"40\" maxlength=\"400\" class=\"wpcf7-form-control wpcf7-email wpcf7-validates-as-required wpcf7-text wpcf7-validates-as-email form-control\" aria-required=\"true\" aria-invalid=\"false\" placeholder=\"Email\" value=\"\" type=\"email\" name=\"your-email\" \/><\/span>\n\t\t\t<\/p>\n\t\t<\/div>\n\t<\/div>\n\t<div class=\"clearfix\">\n\t\t<p><input class=\"wpcf7-form-control wpcf7-submit has-spinner btn pull-right btn-theme btn-inverse border-2\" type=\"submit\" value=\"Please contact me!\" \/>\n\t\t<\/p>\n\t<\/div>\n<\/div><div class=\"wpcf7-response-output\" aria-hidden=\"true\"><\/div>\n<\/form>\n<\/div>\n<\/p>\n<h2>L\u00fchiajalise korteri rentimine Vantaa<\/h2>\n<p>Kas sa pigem kokk oma t\u00f6\u00f6 v\u00f5i puhkuse reisid? M\u00f6bleeritud korteri kodune eluase v\u00f5imaldab seda teha ja palju muid asju, millega hotell ei saa v\u00e4ga sageli harjuda. L\u00fchiajalise m\u00f6bleeritud \u00fc\u00fcrikorteri rentimine on nagu hotellimajutus, kuid suurema paindlikkuse, ruumi ja vabadusega. Peatumise ajal ja kogu korteri kasutamiseks \u00fche toa asemel saate oma v\u00f5tmed \u00fc\u00fcrikorterile. Tee broneering ja saada v\u00f5tmed oma m\u00f6bleeritud korter lihtsalt ja kiiresti.<\/p>\n<h2>K\u00f5ik meie tasuta \u00fc\u00fcrikorterid leiate kohe<\/h2>\n<p>L\u00fchiajaliste m\u00f6bleeritud korterite leidmine on t\u00e4nap\u00e4eval palju lihtsam kui varem. Meie teenusest leiate k\u00f5ik tasuta m\u00f6bleeritud \u00fc\u00fcrid Vantaa ja teistes kohtades \u00fches kohas korraga. Nii ei v\u00f5ta erinevate teenusepakkujate ja veebisaitide sirvimine aega. Tasuta korterite olukorda uuendatakse iga 24 tunni j\u00e4rel, nii et kui korterit viimati ei leitud, tasub uuesti kontrollida, kas sobiv korter on n\u00fc\u00fcd saadaval. Tutvuge Vantaa olukorraga ja ka \u00fclej\u00e4\u00e4nud Helsingi suurlinnapiirkonna l\u00fchiajaliste m\u00f6bleeritud \u00fc\u00fcrikorteritega.<\/p>\n<h2>Vantaa sisustatud korterid koos transpordiga teie vajadustele<\/h2>\n<p>Suurlinna piirkonna ulatuslik juurdep\u00e4\u00e4suv\u00f5rk v\u00f5imaldab teil rentida l\u00fchiajalist korterit v\u00e4ljaspool kesklinna. Nii saad rahulikuma koha oma puhkuse v\u00f5i t\u00f6\u00f6 jaoks. Hea bussi- ja pendelrongi\u00fchendus v\u00f5imaldab teil rentida l\u00fchiajalist korterit Vantaa, isegi kui v\u00f5imalik t\u00f6\u00f6 toimub n\u00e4iteks Helsingis v\u00f5i Espoos. Miks mitte veeta puhkust v\u00f5i t\u00f6\u00f6d terves korteris, mitte \u00fches toas oma j\u00e4rgmisel reisil?<\/p>\n<h2>Kontakt!<\/h2>\n<p>Kas see k\u00f5lab liiga hea, et olla t\u00f5si v\u00f5i kas teil oli k\u00fcsimusi \u00fc\u00fcrile l\u00fchiajaline m\u00f6bleeritud \u00fc\u00fcrikorteris? Soovitame teil meiega \u00fchendust v\u00f5tta kas e-posti teel varaus@sakarincitykodit.fi v\u00f5i telefoni teel <a href=\"tel:+358440880567\">044 0880567<\/a>, ja meil on hea meel teile rohkem r\u00e4\u00e4kida meie teenust ja vastata k\u00f5ikidele k\u00fcsimustele, mis teil v\u00f5ib olla. Kontaktandmed leiate meie kodulehelt.<\/p>\n<\/div>\n<\/div>\n<\/div>\n<\/div>\n<\/div>\n<\/div>\n<\/div>\t\t\t\t\t\t\t\t<\/div>\n\t\t\t\t<\/div>\n\t\t\t\t\t<\/div>\n\t\t<\/div>\n\t\t\t\t\t<\/div>\n\t\t<\/section>\n\t\t\t\t<\/div>\n\t\t","protected":false},"excerpt":{"rendered":"<p>Vantaa vapaat asunnot Korterelamu VANTAA Tikkurila | KT 3h+k Hernetie 4 Vantaa Tasuta m\u00f6bleeritud puhkemajutused Vantaa Kas teie elu liigub t\u00f6\u00f6 v\u00f5i hobide t\u00f5ttu? Kas hotellitubade seinad kukuvad teie reisidele? \u00d5nneks on saadaval ka paindlikum majutusv\u00f5imalus. M\u00f6bleeritud \u00fc\u00fcrikorterid on saadaval Vantaa ja Soome \u00fcmbruses erinevates kohtades \u2013 ka l\u00fchiajaliste vajaduste rahuldamiseks. Meie l\u00fchiajaliselt sisustatud korterid [&hellip;]<\/p>\n","protected":false},"author":3,"featured_media":0,"parent":4447,"menu_order":0,"comment_status":"closed","ping_status":"closed","template":"","meta":{"footnotes":""},"class_list":["post-4230","page","type-page","status-publish","hentry"],"yoast_head":"<!-- This site is optimized with the Yoast SEO plugin v24.9 - https:\/\/yoast.com\/wordpress\/plugins\/seo\/ -->\n<title>M\u00f6bleeritud puhkemajutused Vantaa - Sakarin Citykodit<\/title>\n<meta name=\"robots\" content=\"index, follow, max-snippet:-1, max-image-preview:large, max-video-preview:-1\" \/>\n<link rel=\"canonical\" href=\"https:\/\/www.sakarincitykodit.fi\/et\/meie-asukoht\/mobleeritud-puhkemajutused-vantaas\/\" \/>\n<meta property=\"og:locale\" content=\"et_EE\" \/>\n<meta property=\"og:type\" content=\"article\" \/>\n<meta property=\"og:title\" content=\"M\u00f6bleeritud puhkemajutused Vantaa - Sakarin Citykodit\" \/>\n<meta property=\"og:description\" content=\"Vantaa vapaat asunnot Korterelamu VANTAA Tikkurila | KT 3h+k Hernetie 4 Vantaa Tasuta m\u00f6bleeritud puhkemajutused Vantaa Kas teie elu liigub t\u00f6\u00f6 v\u00f5i hobide t\u00f5ttu? Kas hotellitubade seinad kukuvad teie reisidele? \u00d5nneks on saadaval ka paindlikum majutusv\u00f5imalus. M\u00f6bleeritud \u00fc\u00fcrikorterid on saadaval Vantaa ja Soome \u00fcmbruses erinevates kohtades \u2013 ka l\u00fchiajaliste vajaduste rahuldamiseks. Meie l\u00fchiajaliselt sisustatud korterid [&hellip;]\" \/>\n<meta property=\"og:url\" content=\"https:\/\/www.sakarincitykodit.fi\/et\/meie-asukoht\/mobleeritud-puhkemajutused-vantaas\/\" \/>\n<meta property=\"og:site_name\" content=\"Sakarin Citykodit\" \/>\n<meta property=\"article:modified_time\" content=\"2021-09-01T12:14:23+00:00\" \/>\n<meta name=\"twitter:card\" content=\"summary_large_image\" \/>\n<meta name=\"twitter:label1\" content=\"Est. reading time\" \/>\n\t<meta name=\"twitter:data1\" content=\"2 minutit\" \/>\n<script type=\"application\/ld+json\" class=\"yoast-schema-graph\">{\"@context\":\"https:\/\/schema.org\",\"@graph\":[{\"@type\":\"WebPage\",\"@id\":\"https:\/\/www.sakarincitykodit.fi\/et\/meie-asukoht\/mobleeritud-puhkemajutused-vantaas\/\",\"url\":\"https:\/\/www.sakarincitykodit.fi\/et\/meie-asukoht\/mobleeritud-puhkemajutused-vantaas\/\",\"name\":\"M\u00f6bleeritud puhkemajutused Vantaa - Sakarin Citykodit\",\"isPartOf\":{\"@id\":\"https:\/\/www.sakarincitykodit.fi\/et\/#website\"},\"datePublished\":\"2018-11-05T07:46:45+00:00\",\"dateModified\":\"2021-09-01T12:14:23+00:00\",\"breadcrumb\":{\"@id\":\"https:\/\/www.sakarincitykodit.fi\/et\/meie-asukoht\/mobleeritud-puhkemajutused-vantaas\/#breadcrumb\"},\"inLanguage\":\"et\",\"potentialAction\":[{\"@type\":\"ReadAction\",\"target\":[\"https:\/\/www.sakarincitykodit.fi\/et\/meie-asukoht\/mobleeritud-puhkemajutused-vantaas\/\"]}]},{\"@type\":\"BreadcrumbList\",\"@id\":\"https:\/\/www.sakarincitykodit.fi\/et\/meie-asukoht\/mobleeritud-puhkemajutused-vantaas\/#breadcrumb\",\"itemListElement\":[{\"@type\":\"ListItem\",\"position\":1,\"name\":\"Kodu\",\"item\":\"https:\/\/www.sakarincitykodit.fi\/et\/\"},{\"@type\":\"ListItem\",\"position\":2,\"name\":\"Meie asukoht\",\"item\":\"https:\/\/www.sakarincitykodit.fi\/et\/meie-asukoht\/\"},{\"@type\":\"ListItem\",\"position\":3,\"name\":\"M\u00f6bleeritud puhkemajutused Vantaa\"}]},{\"@type\":\"WebSite\",\"@id\":\"https:\/\/www.sakarincitykodit.fi\/et\/#website\",\"url\":\"https:\/\/www.sakarincitykodit.fi\/et\/\",\"name\":\"Sakarin Citykodit\",\"description\":\"Vuokraamme vapaat kalustetut vuokra-asunnot ymp&auml;ri Suomen!\",\"publisher\":{\"@id\":\"https:\/\/www.sakarincitykodit.fi\/et\/#organization\"},\"potentialAction\":[{\"@type\":\"SearchAction\",\"target\":{\"@type\":\"EntryPoint\",\"urlTemplate\":\"https:\/\/www.sakarincitykodit.fi\/et\/?s={search_term_string}\"},\"query-input\":{\"@type\":\"PropertyValueSpecification\",\"valueRequired\":true,\"valueName\":\"search_term_string\"}}],\"inLanguage\":\"et\"},{\"@type\":\"Organization\",\"@id\":\"https:\/\/www.sakarincitykodit.fi\/et\/#organization\",\"name\":\"Sakarin Citykodit\",\"url\":\"https:\/\/www.sakarincitykodit.fi\/et\/\",\"logo\":{\"@type\":\"ImageObject\",\"inLanguage\":\"et\",\"@id\":\"https:\/\/www.sakarincitykodit.fi\/et\/#\/schema\/logo\/image\/\",\"url\":\"https:\/\/www.sakarincitykodit.fi\/wp-content\/uploads\/sakarin-citykodit-logo-245.png\",\"contentUrl\":\"https:\/\/www.sakarincitykodit.fi\/wp-content\/uploads\/sakarin-citykodit-logo-245.png\",\"width\":245,\"height\":39,\"caption\":\"Sakarin Citykodit\"},\"image\":{\"@id\":\"https:\/\/www.sakarincitykodit.fi\/et\/#\/schema\/logo\/image\/\"}}]}<\/script>\n<!-- \/ Yoast SEO plugin. -->","yoast_head_json":{"title":"M\u00f6bleeritud puhkemajutused Vantaa - Sakarin Citykodit","robots":{"index":"index","follow":"follow","max-snippet":"max-snippet:-1","max-image-preview":"max-image-preview:large","max-video-preview":"max-video-preview:-1"},"canonical":"https:\/\/www.sakarincitykodit.fi\/et\/meie-asukoht\/mobleeritud-puhkemajutused-vantaas\/","og_locale":"et_EE","og_type":"article","og_title":"M\u00f6bleeritud puhkemajutused Vantaa - Sakarin Citykodit","og_description":"Vantaa vapaat asunnot Korterelamu VANTAA Tikkurila | KT 3h+k Hernetie 4 Vantaa Tasuta m\u00f6bleeritud puhkemajutused Vantaa Kas teie elu liigub t\u00f6\u00f6 v\u00f5i hobide t\u00f5ttu? Kas hotellitubade seinad kukuvad teie reisidele? \u00d5nneks on saadaval ka paindlikum majutusv\u00f5imalus. M\u00f6bleeritud \u00fc\u00fcrikorterid on saadaval Vantaa ja Soome \u00fcmbruses erinevates kohtades \u2013 ka l\u00fchiajaliste vajaduste rahuldamiseks. Meie l\u00fchiajaliselt sisustatud korterid [&hellip;]","og_url":"https:\/\/www.sakarincitykodit.fi\/et\/meie-asukoht\/mobleeritud-puhkemajutused-vantaas\/","og_site_name":"Sakarin Citykodit","article_modified_time":"2021-09-01T12:14:23+00:00","twitter_card":"summary_large_image","twitter_misc":{"Est. reading time":"2 minutit"},"schema":{"@context":"https:\/\/schema.org","@graph":[{"@type":"WebPage","@id":"https:\/\/www.sakarincitykodit.fi\/et\/meie-asukoht\/mobleeritud-puhkemajutused-vantaas\/","url":"https:\/\/www.sakarincitykodit.fi\/et\/meie-asukoht\/mobleeritud-puhkemajutused-vantaas\/","name":"M\u00f6bleeritud puhkemajutused Vantaa - Sakarin Citykodit","isPartOf":{"@id":"https:\/\/www.sakarincitykodit.fi\/et\/#website"},"datePublished":"2018-11-05T07:46:45+00:00","dateModified":"2021-09-01T12:14:23+00:00","breadcrumb":{"@id":"https:\/\/www.sakarincitykodit.fi\/et\/meie-asukoht\/mobleeritud-puhkemajutused-vantaas\/#breadcrumb"},"inLanguage":"et","potentialAction":[{"@type":"ReadAction","target":["https:\/\/www.sakarincitykodit.fi\/et\/meie-asukoht\/mobleeritud-puhkemajutused-vantaas\/"]}]},{"@type":"BreadcrumbList","@id":"https:\/\/www.sakarincitykodit.fi\/et\/meie-asukoht\/mobleeritud-puhkemajutused-vantaas\/#breadcrumb","itemListElement":[{"@type":"ListItem","position":1,"name":"Kodu","item":"https:\/\/www.sakarincitykodit.fi\/et\/"},{"@type":"ListItem","position":2,"name":"Meie asukoht","item":"https:\/\/www.sakarincitykodit.fi\/et\/meie-asukoht\/"},{"@type":"ListItem","position":3,"name":"M\u00f6bleeritud puhkemajutused Vantaa"}]},{"@type":"WebSite","@id":"https:\/\/www.sakarincitykodit.fi\/et\/#website","url":"https:\/\/www.sakarincitykodit.fi\/et\/","name":"Sakarin Citykodit","description":"Vuokraamme vapaat kalustetut vuokra-asunnot ymp&auml;ri Suomen!","publisher":{"@id":"https:\/\/www.sakarincitykodit.fi\/et\/#organization"},"potentialAction":[{"@type":"SearchAction","target":{"@type":"EntryPoint","urlTemplate":"https:\/\/www.sakarincitykodit.fi\/et\/?s={search_term_string}"},"query-input":{"@type":"PropertyValueSpecification","valueRequired":true,"valueName":"search_term_string"}}],"inLanguage":"et"},{"@type":"Organization","@id":"https:\/\/www.sakarincitykodit.fi\/et\/#organization","name":"Sakarin Citykodit","url":"https:\/\/www.sakarincitykodit.fi\/et\/","logo":{"@type":"ImageObject","inLanguage":"et","@id":"https:\/\/www.sakarincitykodit.fi\/et\/#\/schema\/logo\/image\/","url":"https:\/\/www.sakarincitykodit.fi\/wp-content\/uploads\/sakarin-citykodit-logo-245.png","contentUrl":"https:\/\/www.sakarincitykodit.fi\/wp-content\/uploads\/sakarin-citykodit-logo-245.png","width":245,"height":39,"caption":"Sakarin Citykodit"},"image":{"@id":"https:\/\/www.sakarincitykodit.fi\/et\/#\/schema\/logo\/image\/"}}]}},"_links":{"self":[{"href":"https:\/\/www.sakarincitykodit.fi\/et\/wp-json\/wp\/v2\/pages\/4230","targetHints":{"allow":["GET"]}}],"collection":[{"href":"https:\/\/www.sakarincitykodit.fi\/et\/wp-json\/wp\/v2\/pages"}],"about":[{"href":"https:\/\/www.sakarincitykodit.fi\/et\/wp-json\/wp\/v2\/types\/page"}],"author":[{"embeddable":true,"href":"https:\/\/www.sakarincitykodit.fi\/et\/wp-json\/wp\/v2\/users\/3"}],"replies":[{"embeddable":true,"href":"https:\/\/www.sakarincitykodit.fi\/et\/wp-json\/wp\/v2\/comments?post=4230"}],"version-history":[{"count":0,"href":"https:\/\/www.sakarincitykodit.fi\/et\/wp-json\/wp\/v2\/pages\/4230\/revisions"}],"up":[{"embeddable":true,"href":"https:\/\/www.sakarincitykodit.fi\/et\/wp-json\/wp\/v2\/pages\/4447"}],"wp:attachment":[{"href":"https:\/\/www.sakarincitykodit.fi\/et\/wp-json\/wp\/v2\/media?parent=4230"}],"curies":[{"name":"wp","href":"https:\/\/api.w.org\/{rel}","templated":true}]}}