{"id":4180,"date":"2018-11-05T09:48:59","date_gmt":"2018-11-05T07:48:59","guid":{"rendered":"https:\/\/www.sakarincitykodit.fi\/mobleeritud-puhkemajutused-tamperes\/"},"modified":"2020-11-10T12:14:22","modified_gmt":"2020-11-10T10:14:22","slug":"mobleeritud-puhkemajutused-tamperes","status":"publish","type":"page","link":"https:\/\/www.sakarincitykodit.fi\/et\/meie-asukoht\/mobleeritud-puhkemajutused-tamperes\/","title":{"rendered":"M\u00f6bleeritud puhkemajutused Tamperes"},"content":{"rendered":"\t\t<div data-elementor-type=\"wp-page\" data-elementor-id=\"4180\" class=\"elementor elementor-4180 elementor-1228\">\n\t\t\t\t\t\t<section class=\"elementor-section elementor-top-section elementor-element elementor-element-139bdf25 elementor-section-boxed elementor-section-height-default elementor-section-height-default\" data-id=\"139bdf25\" data-element_type=\"section\">\n\t\t\t\t\t\t<div class=\"elementor-container elementor-column-gap-default\">\n\t\t\t\t\t<div class=\"elementor-column elementor-col-100 elementor-top-column elementor-element elementor-element-1c61de8\" data-id=\"1c61de8\" data-element_type=\"column\">\n\t\t\t<div class=\"elementor-widget-wrap elementor-element-populated\">\n\t\t\t\t\t\t<div class=\"elementor-element elementor-element-26b1e51f elementor-widget elementor-widget-text-editor\" data-id=\"26b1e51f\" data-element_type=\"widget\" data-widget_type=\"text-editor.default\">\n\t\t\t\t<div class=\"elementor-widget-container\">\n\t\t\t\t\t\t\t\t\t<div id=\"pl-1228\" class=\"panel-layout\">\n<div id=\"pg-1228-0\" class=\"panel-grid panel-no-style\" data-style=\"{\">\n<div id=\"pgc-1228-0-0\" class=\"panel-grid-cell\" data-weight=\"1\">\n<div id=\"panel-1228-0-0-0\" class=\"so-panel widget widget_sow-editor panel-first-child panel-last-child\" data-index=\"0\" data-style=\"{\">\n<div class=\"panel-widget-style panel-widget-style-for-1228-0-0-0\">\n<div class=\"so-widget-sow-editor so-widget-sow-editor-base\">\n<div class=\"siteorigin-widget-tinymce textwidget\">\n<h1>Tasuta m\u00f6bleeritud puhkemajutused Tamperes<\/h1>\n<p>Kas veedate erinevaid aega mitmes kohas, n\u00e4iteks t\u00f6\u00f6l? V\u00f5i \u00e4kki on teie ettev\u00f5ttel kogu Soomes t\u00f6\u00f6d, nii et teie ettev\u00f5te vajab teie t\u00f6\u00f6tajate jaoks \u00f6id? Arvustuse j\u00e4tmise eelduseks on see, et k\u00f5igepealt tehakse broneering. M\u00f6bleeritud apartemendi h\u00fcved v\u00f5ivad sisaldada asukohta, privaatsust, kasutusmugavust ja hinda. Pakume laia valikut m\u00f6bleeritud \u00fc\u00fcrikorteriid erineva pikkusega majutus.<\/p>\n<h4>Kas soovite, et helistaksime teile Seoses vabade korteritega Tamperes? J\u00e4tke tagasihelistamine!<\/h4>\n\n<div class=\"wpcf7 no-js\" id=\"wpcf7-f5345-o1\" lang=\"et\" dir=\"ltr\" data-wpcf7-id=\"5345\">\n<div class=\"screen-reader-response\"><p role=\"status\" aria-live=\"polite\" aria-atomic=\"true\"><\/p> <ul><\/ul><\/div>\n<form action=\"\/et\/wp-json\/wp\/v2\/pages\/4180#wpcf7-f5345-o1\" method=\"post\" class=\"wpcf7-form init\" aria-label=\"Contact form\" novalidate=\"novalidate\" data-status=\"init\">\n<div style=\"display: none;\">\n<input type=\"hidden\" name=\"_wpcf7\" value=\"5345\" \/>\n<input type=\"hidden\" name=\"_wpcf7_version\" value=\"6.0.6\" \/>\n<input type=\"hidden\" name=\"_wpcf7_locale\" value=\"et\" \/>\n<input type=\"hidden\" name=\"_wpcf7_unit_tag\" value=\"wpcf7-f5345-o1\" \/>\n<input type=\"hidden\" name=\"_wpcf7_container_post\" value=\"0\" \/>\n<input type=\"hidden\" name=\"_wpcf7_posted_data_hash\" value=\"\" \/>\n<\/div>\n<p><label>Enter your details and our business sales will contact you as soon as possible!<br \/>\n<\/label>\n<\/p>\n<div class=\"contact-us\">\n\t<div class=\"row\">\n\t\t<div class=\"col-xs-12 col-sm-6\">\n\t\t\t<p><span class=\"wpcf7-form-control-wrap\" data-name=\"your-yritys\"><input size=\"40\" maxlength=\"400\" class=\"wpcf7-form-control wpcf7-text wpcf7-validates-as-required form-control\" aria-required=\"true\" aria-invalid=\"false\" placeholder=\"The Company Name\" value=\"\" type=\"text\" name=\"your-yritys\" \/><\/span>\n\t\t\t<\/p>\n\t\t<\/div>\n\t\t<div class=\"col-xs-12 col-sm-6\">\n\t\t\t<p><span class=\"wpcf7-form-control-wrap\" data-name=\"your-tel\"><input size=\"40\" maxlength=\"400\" class=\"wpcf7-form-control wpcf7-tel wpcf7-validates-as-required wpcf7-text wpcf7-validates-as-tel form-control\" aria-required=\"true\" aria-invalid=\"false\" placeholder=\"Phone number\" value=\"\" type=\"tel\" name=\"your-tel\" \/><\/span>\n\t\t\t<\/p>\n\t\t<\/div>\n\t\t<div class=\"col-xs-12 col-sm-12\">\n\t\t\t<p><span class=\"wpcf7-form-control-wrap\" data-name=\"your-email\"><input size=\"40\" maxlength=\"400\" class=\"wpcf7-form-control wpcf7-email wpcf7-validates-as-required wpcf7-text wpcf7-validates-as-email form-control\" aria-required=\"true\" aria-invalid=\"false\" placeholder=\"Email\" value=\"\" type=\"email\" name=\"your-email\" \/><\/span>\n\t\t\t<\/p>\n\t\t<\/div>\n\t<\/div>\n\t<div class=\"clearfix\">\n\t\t<p><input class=\"wpcf7-form-control wpcf7-submit has-spinner btn pull-right btn-theme btn-inverse border-2\" type=\"submit\" value=\"Please contact me!\" \/>\n\t\t<\/p>\n\t<\/div>\n<\/div><div class=\"wpcf7-response-output\" aria-hidden=\"true\"><\/div>\n<\/form>\n<\/div>\n\n<h2>L\u00fchiajalise korteri rentimine Tamperes<\/h2>\n<p>Suvepuhkuseks saate Tamperes laenutada l\u00fchiajalist m\u00f6\u00f6bliga korterit. Kodus valmistatud eluvorm v\u00f5imaldab teil teha palju asju, mida te sageli ei suuda hotellis saavutada, nagu toiduvalmistamiseks, rohkem privaatsust, k\u00fclaliste kutsumist ja m\u00f5nikord isegi oma aias ja hoolitsust. On v\u00f5imalik kolida l\u00fchiajalisesse korterisse koos kogu perega, kui, kui \u00fchel vanemal on p\u00fcsiv t\u00f6\u00f6suhe paikkonnaga, kuid perekond ei soovi p\u00fcsivalt liikuda. Kui soovite piiratud aja jooksul Tamperesse kolida, vaadake ka m\u00f6bleeritud \u00fc\u00fcrikorterite pakkumist.<\/p>\n<h2>K\u00f5ik meie tasuta \u00fc\u00fcrikorterid leiate kohe<\/h2>\n<p>M\u00f6bleeritud \u00fc\u00fcrikorterite otsimine on oluliselt h\u00f5lbustatud, kui tasuta eluruume leidub \u00fches kohas korraga ja te ei pea paljude teenusepakkujate jaoks aega raiskama. Nii sakarincitykodit.fi t\u00f6\u00f6tab. Seal on tasuta m\u00f6bleeritud \u00fc\u00fcrikorterid loetletud erinevates kohtades \u00fcle Soome. Tasuta apartemente uuendatakse iga 24 tunni tagant, et saaksite iga p\u00e4ev j\u00e4lgida m\u00f6bleeritud \u00fc\u00fcrikorterite olukorda erinevates kohtades. Lihtsalt kliki sihtkoha asukoht kohapeal ja teada saada, milline korter sobiks teile k\u00f5ige paremini.<\/p>\n<h3>M\u00f6bleeritud korterid teie vajadustele tampere transport<\/h3>\n<p>L\u00fchiajalised \u00fc\u00fcrikorterid asuvad Tamperes, mis on v\u00e4ga l\u00e4hedal transpordi\u00fchendustele. Alati ei pruugi olla parem elada linna s\u00fcdames, kus asub enamik hotelle, kus on m\u00f6bleeritud \u00fc\u00fcrikorter, n\u00e4iteks bussi\u00fchenduse l\u00f5pus, on suurep\u00e4rane lahendus. M\u00f6bleeritud korteri rentimine on sama lihtne kui hotelli\u00f5htu ostmine, kuid suurema paindlikkuse ja vabadusega. L\u00fchiajalises rendisuhtes ei pea te olema seotud \u00fche toaga, kuid teil on juurdep\u00e4\u00e4s tervele korterile.<\/p>\n<h3>Kontakt!<\/h3>\n<p>Kas teil on k\u00fcsimusi korteri l\u00fchiajalise rentimise kohta v\u00f5i tahad sa lihtsalt rohkem kuulda? V\u00f5tke meiega \u00fchendust ja me \u00fctleme teile, kui lihtne on rentida l\u00fchiajaline m\u00f6bleeritud korter! Meiega saate \u00fchendust v\u00f5tta kas telefoni, e-posti v\u00f5i t\u00e4ites alloleva vormi.<\/p>\n\n<div class=\"wpcf7 no-js\" id=\"wpcf7-f5336-o2\" lang=\"et\" dir=\"ltr\" data-wpcf7-id=\"5336\">\n<div class=\"screen-reader-response\"><p role=\"status\" aria-live=\"polite\" aria-atomic=\"true\"><\/p> <ul><\/ul><\/div>\n<form action=\"\/et\/wp-json\/wp\/v2\/pages\/4180#wpcf7-f5336-o2\" method=\"post\" class=\"wpcf7-form init\" aria-label=\"Contact form\" novalidate=\"novalidate\" data-status=\"init\">\n<div style=\"display: none;\">\n<input type=\"hidden\" name=\"_wpcf7\" value=\"5336\" \/>\n<input type=\"hidden\" name=\"_wpcf7_version\" value=\"6.0.6\" \/>\n<input type=\"hidden\" name=\"_wpcf7_locale\" value=\"et\" \/>\n<input type=\"hidden\" name=\"_wpcf7_unit_tag\" value=\"wpcf7-f5336-o2\" \/>\n<input type=\"hidden\" name=\"_wpcf7_container_post\" value=\"0\" \/>\n<input type=\"hidden\" name=\"_wpcf7_posted_data_hash\" value=\"\" \/>\n<\/div>\n<div class=\"contact-us\">\n\t<div class=\"row\">\n\t\t<div class=\"col-xs-12 col-sm-6\">\n\t\t\t<p><span class=\"wpcf7-form-control-wrap\" data-name=\"your-name\"><input size=\"40\" maxlength=\"400\" class=\"wpcf7-form-control wpcf7-text wpcf7-validates-as-required form-control\" aria-required=\"true\" aria-invalid=\"false\" placeholder=\"Company name\" value=\"\" type=\"text\" name=\"your-name\" \/><\/span>\n\t\t\t<\/p>\n\t\t<\/div>\n\t\t<div class=\"col-xs-12 col-sm-6\">\n\t\t\t<p><span class=\"wpcf7-form-control-wrap\" data-name=\"your-tel\"><input size=\"40\" maxlength=\"400\" class=\"wpcf7-form-control wpcf7-tel wpcf7-validates-as-required wpcf7-text wpcf7-validates-as-tel form-control\" aria-required=\"true\" aria-invalid=\"false\" placeholder=\"Telephone\" value=\"\" type=\"tel\" name=\"your-tel\" \/><\/span>\n\t\t\t<\/p>\n\t\t<\/div>\n\t\t<div class=\"col-xs-12 col-sm-12\">\n\t\t\t<p><span class=\"wpcf7-form-control-wrap\" data-name=\"your-email\"><input size=\"40\" maxlength=\"400\" class=\"wpcf7-form-control wpcf7-email wpcf7-validates-as-required wpcf7-text wpcf7-validates-as-email form-control\" aria-required=\"true\" aria-invalid=\"false\" placeholder=\"Email\" value=\"\" type=\"email\" name=\"your-email\" \/><\/span>\n\t\t\t<\/p>\n\t\t<\/div>\n\t\t<div class=\"col-xs-12 col-sm-6\">\n\t\t\t<labal>City\n\t\t\t\t<p><span class=\"wpcf7-form-control-wrap\" data-name=\"menu-905\"><select class=\"wpcf7-form-control wpcf7-select wpcf7-validates-as-required\" aria-required=\"true\" aria-invalid=\"false\" name=\"menu-905\"><option value=\"Espoo\">Espoo<\/option><option value=\"Hamina\">Hamina<\/option><option value=\"Helsinki\">Helsinki<\/option><option value=\"Jyv\u00e4skyl\u00e4\">Jyv\u00e4skyl\u00e4<\/option><option value=\"J\u00e4rvenp\u00e4\u00e4\">J\u00e4rvenp\u00e4\u00e4<\/option><option value=\"Kerava\">Kerava<\/option><option value=\"Kuopio\">Kuopio<\/option><option value=\"Oulu\">Oulu<\/option><option value=\"Porvoo\">Porvoo<\/option><option value=\"Tampere\">Tampere<\/option><option value=\"Turku\">Turku<\/option><option value=\"Vaasa\">Vaasa<\/option><option value=\"Vantaa\">Vantaa<\/option><option value=\"Other city\">Other city<\/option><\/select><\/span>\n\t\t\t\t<\/p>\n\t\t\t<\/labal>\n\t\t<\/div>\n\t\t<div class=\"col-xs-12 col-sm-6\">\n\t\t\t<p><span class=\"wpcf7-form-control-wrap\" data-name=\"your-omakaupunki\"><input size=\"40\" maxlength=\"400\" class=\"wpcf7-form-control wpcf7-text form-control\" aria-invalid=\"false\" placeholder=\"Other city\" value=\"\" type=\"text\" name=\"your-omakaupunki\" \/><\/span>\n\t\t\t<\/p>\n\t\t<\/div>\n\t\t<div class=\"col-xs-12 col-sm-6\">\n\t\t\t<labal>Arrival:\n\t\t\t\t<p><span class=\"wpcf7-form-control-wrap\" data-name=\"date-946\"><input class=\"wpcf7-form-control wpcf7-date wpcf7-validates-as-date form-control\" aria-invalid=\"false\" placeholder=\"Arrival\" value=\"\" type=\"date\" name=\"date-946\" \/><\/span>\n\t\t\t\t<\/p>\n\t\t\t<\/labal>\n\t\t<\/div>\n\t\t<div class=\"col-xs-12 col-sm-6\">\n\t\t\t<labal>Departure:\n\t\t\t\t<p><span class=\"wpcf7-form-control-wrap\" data-name=\"date-706\"><input class=\"wpcf7-form-control wpcf7-date wpcf7-validates-as-date form-control\" aria-invalid=\"false\" placeholder=\"Departure\" value=\"\" type=\"date\" name=\"date-706\" \/><\/span>\n\t\t\t\t<\/p>\n\t\t\t<\/labal>\n\t\t<\/div>\n\t<\/div>\n\t<div>\n\t\t<p><span class=\"wpcf7-form-control-wrap\" data-name=\"your-message\"><textarea cols=\"40\" rows=\"10\" maxlength=\"2000\" class=\"wpcf7-form-control wpcf7-textarea form-control\" aria-invalid=\"false\" placeholder=\"Message\" name=\"your-message\"><\/textarea><\/span>\n\t\t<\/p>\n\t<\/div>\n\t<div class=\"clearfix\">\n\t\t<p><input class=\"wpcf7-form-control wpcf7-submit has-spinner btn pull-right btn-theme btn-inverse border-2\" type=\"submit\" value=\"Send\" \/>\n\t\t<\/p>\n\t<\/div>\n<\/div><div class=\"wpcf7-response-output\" aria-hidden=\"true\"><\/div>\n<\/form>\n<\/div>\n\n<\/div>\n<\/div>\n<\/div>\n<\/div>\n<\/div>\n<\/div>\n<\/div>\n\t\t\t\t\t\t\t\t<\/div>\n\t\t\t\t<\/div>\n\t\t\t\t\t<\/div>\n\t\t<\/div>\n\t\t\t\t\t<\/div>\n\t\t<\/section>\n\t\t\t\t<\/div>\n\t\t","protected":false},"excerpt":{"rendered":"<p>Tampere vapaat asunnot Kerrostaloasunto TAMPERE Hervanta | KT 3h+k 78m2 | HETI VAPAA Muroleenkatu 14, Tampere, Hervanta Tasuta m\u00f6bleeritud puhkemajutused Tamperes Kas veedate erinevaid aega mitmes kohas, n\u00e4iteks t\u00f6\u00f6l? V\u00f5i \u00e4kki on teie ettev\u00f5ttel kogu Soomes t\u00f6\u00f6d, nii et teie ettev\u00f5te vajab teie t\u00f6\u00f6tajate jaoks \u00f6id? Arvustuse j\u00e4tmise eelduseks on see, et k\u00f5igepealt tehakse broneering. [&hellip;]<\/p>\n","protected":false},"author":3,"featured_media":0,"parent":4447,"menu_order":0,"comment_status":"closed","ping_status":"closed","template":"","meta":{"footnotes":""},"class_list":["post-4180","page","type-page","status-publish","hentry"],"yoast_head":"<!-- This site is optimized with the Yoast SEO plugin v24.9 - https:\/\/yoast.com\/wordpress\/plugins\/seo\/ -->\n<title>M\u00f6bleeritud puhkemajutused Tamperes - Sakarin Citykodit<\/title>\n<meta name=\"robots\" content=\"index, follow, max-snippet:-1, max-image-preview:large, max-video-preview:-1\" \/>\n<link rel=\"canonical\" href=\"https:\/\/www.sakarincitykodit.fi\/et\/meie-asukoht\/mobleeritud-puhkemajutused-tamperes\/\" \/>\n<meta property=\"og:locale\" content=\"et_EE\" \/>\n<meta property=\"og:type\" content=\"article\" \/>\n<meta property=\"og:title\" content=\"M\u00f6bleeritud puhkemajutused Tamperes - Sakarin Citykodit\" \/>\n<meta property=\"og:description\" content=\"Tampere vapaat asunnot Kerrostaloasunto TAMPERE Hervanta | KT 3h+k 78m2 | HETI VAPAA Muroleenkatu 14, Tampere, Hervanta Tasuta m\u00f6bleeritud puhkemajutused Tamperes Kas veedate erinevaid aega mitmes kohas, n\u00e4iteks t\u00f6\u00f6l? V\u00f5i \u00e4kki on teie ettev\u00f5ttel kogu Soomes t\u00f6\u00f6d, nii et teie ettev\u00f5te vajab teie t\u00f6\u00f6tajate jaoks \u00f6id? Arvustuse j\u00e4tmise eelduseks on see, et k\u00f5igepealt tehakse broneering. [&hellip;]\" \/>\n<meta property=\"og:url\" content=\"https:\/\/www.sakarincitykodit.fi\/et\/meie-asukoht\/mobleeritud-puhkemajutused-tamperes\/\" \/>\n<meta property=\"og:site_name\" content=\"Sakarin Citykodit\" \/>\n<meta property=\"article:modified_time\" content=\"2020-11-10T10:14:22+00:00\" \/>\n<meta name=\"twitter:card\" content=\"summary_large_image\" \/>\n<meta name=\"twitter:label1\" content=\"Est. reading time\" \/>\n\t<meta name=\"twitter:data1\" content=\"2 minutit\" \/>\n<script type=\"application\/ld+json\" class=\"yoast-schema-graph\">{\"@context\":\"https:\/\/schema.org\",\"@graph\":[{\"@type\":\"WebPage\",\"@id\":\"https:\/\/www.sakarincitykodit.fi\/et\/meie-asukoht\/mobleeritud-puhkemajutused-tamperes\/\",\"url\":\"https:\/\/www.sakarincitykodit.fi\/et\/meie-asukoht\/mobleeritud-puhkemajutused-tamperes\/\",\"name\":\"M\u00f6bleeritud puhkemajutused Tamperes - Sakarin Citykodit\",\"isPartOf\":{\"@id\":\"https:\/\/www.sakarincitykodit.fi\/et\/#website\"},\"datePublished\":\"2018-11-05T07:48:59+00:00\",\"dateModified\":\"2020-11-10T10:14:22+00:00\",\"breadcrumb\":{\"@id\":\"https:\/\/www.sakarincitykodit.fi\/et\/meie-asukoht\/mobleeritud-puhkemajutused-tamperes\/#breadcrumb\"},\"inLanguage\":\"et\",\"potentialAction\":[{\"@type\":\"ReadAction\",\"target\":[\"https:\/\/www.sakarincitykodit.fi\/et\/meie-asukoht\/mobleeritud-puhkemajutused-tamperes\/\"]}]},{\"@type\":\"BreadcrumbList\",\"@id\":\"https:\/\/www.sakarincitykodit.fi\/et\/meie-asukoht\/mobleeritud-puhkemajutused-tamperes\/#breadcrumb\",\"itemListElement\":[{\"@type\":\"ListItem\",\"position\":1,\"name\":\"Kodu\",\"item\":\"https:\/\/www.sakarincitykodit.fi\/et\/\"},{\"@type\":\"ListItem\",\"position\":2,\"name\":\"Meie asukoht\",\"item\":\"https:\/\/www.sakarincitykodit.fi\/et\/meie-asukoht\/\"},{\"@type\":\"ListItem\",\"position\":3,\"name\":\"M\u00f6bleeritud puhkemajutused Tamperes\"}]},{\"@type\":\"WebSite\",\"@id\":\"https:\/\/www.sakarincitykodit.fi\/et\/#website\",\"url\":\"https:\/\/www.sakarincitykodit.fi\/et\/\",\"name\":\"Sakarin Citykodit\",\"description\":\"Vuokraamme vapaat kalustetut vuokra-asunnot ymp&auml;ri Suomen!\",\"publisher\":{\"@id\":\"https:\/\/www.sakarincitykodit.fi\/et\/#organization\"},\"potentialAction\":[{\"@type\":\"SearchAction\",\"target\":{\"@type\":\"EntryPoint\",\"urlTemplate\":\"https:\/\/www.sakarincitykodit.fi\/et\/?s={search_term_string}\"},\"query-input\":{\"@type\":\"PropertyValueSpecification\",\"valueRequired\":true,\"valueName\":\"search_term_string\"}}],\"inLanguage\":\"et\"},{\"@type\":\"Organization\",\"@id\":\"https:\/\/www.sakarincitykodit.fi\/et\/#organization\",\"name\":\"Sakarin Citykodit\",\"url\":\"https:\/\/www.sakarincitykodit.fi\/et\/\",\"logo\":{\"@type\":\"ImageObject\",\"inLanguage\":\"et\",\"@id\":\"https:\/\/www.sakarincitykodit.fi\/et\/#\/schema\/logo\/image\/\",\"url\":\"https:\/\/www.sakarincitykodit.fi\/wp-content\/uploads\/sakarin-citykodit-logo-245.png\",\"contentUrl\":\"https:\/\/www.sakarincitykodit.fi\/wp-content\/uploads\/sakarin-citykodit-logo-245.png\",\"width\":245,\"height\":39,\"caption\":\"Sakarin Citykodit\"},\"image\":{\"@id\":\"https:\/\/www.sakarincitykodit.fi\/et\/#\/schema\/logo\/image\/\"}}]}<\/script>\n<!-- \/ Yoast SEO plugin. -->","yoast_head_json":{"title":"M\u00f6bleeritud puhkemajutused Tamperes - Sakarin Citykodit","robots":{"index":"index","follow":"follow","max-snippet":"max-snippet:-1","max-image-preview":"max-image-preview:large","max-video-preview":"max-video-preview:-1"},"canonical":"https:\/\/www.sakarincitykodit.fi\/et\/meie-asukoht\/mobleeritud-puhkemajutused-tamperes\/","og_locale":"et_EE","og_type":"article","og_title":"M\u00f6bleeritud puhkemajutused Tamperes - Sakarin Citykodit","og_description":"Tampere vapaat asunnot Kerrostaloasunto TAMPERE Hervanta | KT 3h+k 78m2 | HETI VAPAA Muroleenkatu 14, Tampere, Hervanta Tasuta m\u00f6bleeritud puhkemajutused Tamperes Kas veedate erinevaid aega mitmes kohas, n\u00e4iteks t\u00f6\u00f6l? V\u00f5i \u00e4kki on teie ettev\u00f5ttel kogu Soomes t\u00f6\u00f6d, nii et teie ettev\u00f5te vajab teie t\u00f6\u00f6tajate jaoks \u00f6id? Arvustuse j\u00e4tmise eelduseks on see, et k\u00f5igepealt tehakse broneering. [&hellip;]","og_url":"https:\/\/www.sakarincitykodit.fi\/et\/meie-asukoht\/mobleeritud-puhkemajutused-tamperes\/","og_site_name":"Sakarin Citykodit","article_modified_time":"2020-11-10T10:14:22+00:00","twitter_card":"summary_large_image","twitter_misc":{"Est. reading time":"2 minutit"},"schema":{"@context":"https:\/\/schema.org","@graph":[{"@type":"WebPage","@id":"https:\/\/www.sakarincitykodit.fi\/et\/meie-asukoht\/mobleeritud-puhkemajutused-tamperes\/","url":"https:\/\/www.sakarincitykodit.fi\/et\/meie-asukoht\/mobleeritud-puhkemajutused-tamperes\/","name":"M\u00f6bleeritud puhkemajutused Tamperes - Sakarin Citykodit","isPartOf":{"@id":"https:\/\/www.sakarincitykodit.fi\/et\/#website"},"datePublished":"2018-11-05T07:48:59+00:00","dateModified":"2020-11-10T10:14:22+00:00","breadcrumb":{"@id":"https:\/\/www.sakarincitykodit.fi\/et\/meie-asukoht\/mobleeritud-puhkemajutused-tamperes\/#breadcrumb"},"inLanguage":"et","potentialAction":[{"@type":"ReadAction","target":["https:\/\/www.sakarincitykodit.fi\/et\/meie-asukoht\/mobleeritud-puhkemajutused-tamperes\/"]}]},{"@type":"BreadcrumbList","@id":"https:\/\/www.sakarincitykodit.fi\/et\/meie-asukoht\/mobleeritud-puhkemajutused-tamperes\/#breadcrumb","itemListElement":[{"@type":"ListItem","position":1,"name":"Kodu","item":"https:\/\/www.sakarincitykodit.fi\/et\/"},{"@type":"ListItem","position":2,"name":"Meie asukoht","item":"https:\/\/www.sakarincitykodit.fi\/et\/meie-asukoht\/"},{"@type":"ListItem","position":3,"name":"M\u00f6bleeritud puhkemajutused Tamperes"}]},{"@type":"WebSite","@id":"https:\/\/www.sakarincitykodit.fi\/et\/#website","url":"https:\/\/www.sakarincitykodit.fi\/et\/","name":"Sakarin Citykodit","description":"Vuokraamme vapaat kalustetut vuokra-asunnot ymp&auml;ri Suomen!","publisher":{"@id":"https:\/\/www.sakarincitykodit.fi\/et\/#organization"},"potentialAction":[{"@type":"SearchAction","target":{"@type":"EntryPoint","urlTemplate":"https:\/\/www.sakarincitykodit.fi\/et\/?s={search_term_string}"},"query-input":{"@type":"PropertyValueSpecification","valueRequired":true,"valueName":"search_term_string"}}],"inLanguage":"et"},{"@type":"Organization","@id":"https:\/\/www.sakarincitykodit.fi\/et\/#organization","name":"Sakarin Citykodit","url":"https:\/\/www.sakarincitykodit.fi\/et\/","logo":{"@type":"ImageObject","inLanguage":"et","@id":"https:\/\/www.sakarincitykodit.fi\/et\/#\/schema\/logo\/image\/","url":"https:\/\/www.sakarincitykodit.fi\/wp-content\/uploads\/sakarin-citykodit-logo-245.png","contentUrl":"https:\/\/www.sakarincitykodit.fi\/wp-content\/uploads\/sakarin-citykodit-logo-245.png","width":245,"height":39,"caption":"Sakarin Citykodit"},"image":{"@id":"https:\/\/www.sakarincitykodit.fi\/et\/#\/schema\/logo\/image\/"}}]}},"_links":{"self":[{"href":"https:\/\/www.sakarincitykodit.fi\/et\/wp-json\/wp\/v2\/pages\/4180","targetHints":{"allow":["GET"]}}],"collection":[{"href":"https:\/\/www.sakarincitykodit.fi\/et\/wp-json\/wp\/v2\/pages"}],"about":[{"href":"https:\/\/www.sakarincitykodit.fi\/et\/wp-json\/wp\/v2\/types\/page"}],"author":[{"embeddable":true,"href":"https:\/\/www.sakarincitykodit.fi\/et\/wp-json\/wp\/v2\/users\/3"}],"replies":[{"embeddable":true,"href":"https:\/\/www.sakarincitykodit.fi\/et\/wp-json\/wp\/v2\/comments?post=4180"}],"version-history":[{"count":0,"href":"https:\/\/www.sakarincitykodit.fi\/et\/wp-json\/wp\/v2\/pages\/4180\/revisions"}],"up":[{"embeddable":true,"href":"https:\/\/www.sakarincitykodit.fi\/et\/wp-json\/wp\/v2\/pages\/4447"}],"wp:attachment":[{"href":"https:\/\/www.sakarincitykodit.fi\/et\/wp-json\/wp\/v2\/media?parent=4180"}],"curies":[{"name":"wp","href":"https:\/\/api.w.org\/{rel}","templated":true}]}}