{"id":4103,"date":"2020-02-26T09:28:32","date_gmt":"2020-02-26T07:28:32","guid":{"rendered":"https:\/\/www.sakarincitykodit.fi\/ettevote\/"},"modified":"2020-11-10T11:44:45","modified_gmt":"2020-11-10T09:44:45","slug":"ettevote","status":"publish","type":"page","link":"https:\/\/www.sakarincitykodit.fi\/et\/ettevote\/","title":{"rendered":"Ettev\u00f5te"},"content":{"rendered":"\t\t<div data-elementor-type=\"wp-page\" data-elementor-id=\"4103\" class=\"elementor elementor-4103 elementor-37\">\n\t\t\t\t\t\t<section class=\"elementor-section elementor-top-section elementor-element elementor-element-28a5a67 elementor-section-stretched elementor-section-boxed elementor-section-height-default elementor-section-height-default\" data-id=\"28a5a67\" data-element_type=\"section\" data-settings=\"{&quot;stretch_section&quot;:&quot;section-stretched&quot;}\">\n\t\t\t\t\t\t<div class=\"elementor-container elementor-column-gap-extended\">\n\t\t\t\t\t<div class=\"elementor-column elementor-col-100 elementor-top-column elementor-element elementor-element-139804a\" data-id=\"139804a\" data-element_type=\"column\">\n\t\t\t<div class=\"elementor-widget-wrap elementor-element-populated\">\n\t\t\t\t\t\t<div class=\"elementor-element elementor-element-79425f9 elementor-widget elementor-widget-heading\" data-id=\"79425f9\" data-element_type=\"widget\" data-widget_type=\"heading.default\">\n\t\t\t\t<div class=\"elementor-widget-container\">\n\t\t\t\t\t<h2 class=\"elementor-heading-title elementor-size-default\"><span style=\"text-align: start; white-space: normal;\">Sakarin, Saksamaa <\/span><\/h2>\t\t\t\t<\/div>\n\t\t\t\t<\/div>\n\t\t\t\t\t<\/div>\n\t\t<\/div>\n\t\t\t\t\t<\/div>\n\t\t<\/section>\n\t\t\t\t<section class=\"elementor-section elementor-top-section elementor-element elementor-element-9a24bd4 elementor-section-stretched elementor-section-boxed elementor-section-height-default elementor-section-height-default\" data-id=\"9a24bd4\" data-element_type=\"section\" data-settings=\"{&quot;stretch_section&quot;:&quot;section-stretched&quot;}\">\n\t\t\t\t\t\t<div class=\"elementor-container elementor-column-gap-extended\">\n\t\t\t\t\t<div class=\"elementor-column elementor-col-50 elementor-top-column elementor-element elementor-element-d8105d7\" data-id=\"d8105d7\" data-element_type=\"column\">\n\t\t\t<div class=\"elementor-widget-wrap elementor-element-populated\">\n\t\t\t\t\t\t<div class=\"elementor-element elementor-element-5abbbaf elementor-widget elementor-widget-text-editor\" data-id=\"5abbbaf\" data-element_type=\"widget\" data-widget_type=\"text-editor.default\">\n\t\t\t\t<div class=\"elementor-widget-container\">\n\t\t\t\t\t\t\t\t\t<p>M\u00f6bleeritud \u00fc\u00fcrikorterid on lihtne ja t\u00f5hus alternatiiv teie ettev\u00f5tte t\u00f6\u00f6tajate juures viibimisele. Korterit saab ainult n\u00e4dalaks v\u00f5i aastaks. K\u00f5ik on korteris valmis. V\u00f5tmed k\u00e4tte ja ela!<\/p>\n<p>Meie rendi\u00e4ri on alanud aastal 2012 ja Sakarin Citykodit Oy on tegutsenud kogu Soomes aastast 2017.<\/p>\n<p>Usaldusv\u00e4\u00e4rse partnerite v\u00f5rgustiku kaudu saavad rentnikud otse teenusepakkujatelt j\u00e4rgmisi teenuseid.<\/p>\n<ul>\n<li>Voodipesu<\/li>\n<li>Led hindeks 15<\/li>\n<li>vahe- ja l\u00f5pppuhastamine<\/li>\n<li>autorent<\/li>\n<li>Transporditeenus majutusasutusest:<\/li>\n<\/ul>\n<p>Tegutseme Soome suuremates linnades. Meil on v\u00f5imalik korraldada korterid l\u00e4bi meie partnerite\u00fcsna kiiresti teistes linnades. Palun v\u00f5tke meiega \u00fchendust!<\/p>\n\t\t\t\t\t\t\t\t<\/div>\n\t\t\t\t<\/div>\n\t\t\t\t\t<\/div>\n\t\t<\/div>\n\t\t\t\t<div class=\"elementor-column elementor-col-50 elementor-top-column elementor-element elementor-element-53cf895\" data-id=\"53cf895\" data-element_type=\"column\">\n\t\t\t<div class=\"elementor-widget-wrap elementor-element-populated\">\n\t\t\t\t\t\t<div class=\"elementor-element elementor-element-078a976 elementor-widget elementor-widget-heading\" data-id=\"078a976\" data-element_type=\"widget\" data-widget_type=\"heading.default\">\n\t\t\t\t<div class=\"elementor-widget-container\">\n\t\t\t\t\t<h2 class=\"elementor-heading-title elementor-size-default\">Kontaktid<\/h2>\t\t\t\t<\/div>\n\t\t\t\t<\/div>\n\t\t\t\t<div class=\"elementor-element elementor-element-31f7a4d elementor-widget elementor-widget-text-editor\" data-id=\"31f7a4d\" data-element_type=\"widget\" data-widget_type=\"text-editor.default\">\n\t\t\t\t<div class=\"elementor-widget-container\">\n\t\t\t\t\t\t\t\t\t<p><strong>Sakarin, <br \/> Saksamaa<\/strong> P.O. lahter 3 <br \/>04501 Kellokoski &#8211; Vikipeedia, vaba ents\u00fcklopeedia<\/p>\n<p>E-post: broneerimine (aadressil) sakarincitykodit.fi<br \/>E-post: e-post@ info: toas on telefon.<br \/>Ettev\u00f5tte ID: 2846014-8<\/p>\n\t\t\t\t\t\t\t\t<\/div>\n\t\t\t\t<\/div>\n\t\t\t\t\t<\/div>\n\t\t<\/div>\n\t\t\t\t\t<\/div>\n\t\t<\/section>\n\t\t\t\t<section class=\"elementor-section elementor-top-section elementor-element elementor-element-e1e390f elementor-section-stretched elementor-hidden-desktop elementor-hidden-tablet elementor-hidden-phone elementor-section-boxed elementor-section-height-default elementor-section-height-default\" data-id=\"e1e390f\" data-element_type=\"section\" data-settings=\"{&quot;stretch_section&quot;:&quot;section-stretched&quot;,&quot;background_background&quot;:&quot;classic&quot;}\">\n\t\t\t\t\t\t<div class=\"elementor-container elementor-column-gap-extended\">\n\t\t\t\t\t<div class=\"elementor-column elementor-col-100 elementor-top-column elementor-element elementor-element-32af421\" data-id=\"32af421\" data-element_type=\"column\">\n\t\t\t<div class=\"elementor-widget-wrap elementor-element-populated\">\n\t\t\t\t\t\t<div class=\"elementor-element elementor-element-b503b88 elementor-widget elementor-widget-apus_element_brands\" data-id=\"b503b88\" data-element_type=\"widget\" data-widget_type=\"apus_element_brands.default\">\n\t\t\t\t<div class=\"elementor-widget-container\">\n\t\t\t\t\t            <div class=\"widget-brand  carousel default\">\n                                    <div class=\"slick-carousel\" data-items=\"5\"  data-medium=\"4\" data-smallmedium=\"3\" data-extrasmall=\"2\" data-smallest=\"2\" data-pagination=\"false\" data-nav=\"true\">\n                                                                                                                                                                                                                                                                                                                <\/div>\n                            <\/div>\n            \t\t\t\t<\/div>\n\t\t\t\t<\/div>\n\t\t\t\t\t<\/div>\n\t\t<\/div>\n\t\t\t\t\t<\/div>\n\t\t<\/section>\n\t\t\t\t<section class=\"elementor-section elementor-top-section elementor-element elementor-element-075562c elementor-section-stretched elementor-section-content-middle elementor-section-boxed elementor-section-height-default elementor-section-height-default\" data-id=\"075562c\" data-element_type=\"section\" data-settings=\"{&quot;stretch_section&quot;:&quot;section-stretched&quot;,&quot;background_background&quot;:&quot;classic&quot;}\">\n\t\t\t\t\t\t<div class=\"elementor-container elementor-column-gap-extended\">\n\t\t\t\t\t<div class=\"elementor-column elementor-col-50 elementor-top-column elementor-element elementor-element-57961ab\" data-id=\"57961ab\" data-element_type=\"column\">\n\t\t\t<div class=\"elementor-widget-wrap elementor-element-populated\">\n\t\t\t\t\t\t<div class=\"elementor-element elementor-element-2a47cad elementor-widget elementor-widget-heading\" data-id=\"2a47cad\" data-element_type=\"widget\" data-widget_type=\"heading.default\">\n\t\t\t\t<div class=\"elementor-widget-container\">\n\t\t\t\t\t<h2 class=\"elementor-heading-title elementor-size-default\">Eluasemeinvestoritele<\/h2>\t\t\t\t<\/div>\n\t\t\t\t<\/div>\n\t\t\t\t<div class=\"elementor-element elementor-element-f1f4a34 elementor-widget elementor-widget-heading\" data-id=\"f1f4a34\" data-element_type=\"widget\" data-widget_type=\"heading.default\">\n\t\t\t\t<div class=\"elementor-widget-container\">\n\t\t\t\t\t<div class=\"elementor-heading-title elementor-size-default\">Kas soovite rentida oma vara ilma maksma ta?\n\n\n\n<\/div>\t\t\t\t<\/div>\n\t\t\t\t<\/div>\n\t\t\t\t\t<\/div>\n\t\t<\/div>\n\t\t\t\t<div class=\"elementor-column elementor-col-50 elementor-top-column elementor-element elementor-element-366474d\" data-id=\"366474d\" data-element_type=\"column\">\n\t\t\t<div class=\"elementor-widget-wrap elementor-element-populated\">\n\t\t\t\t\t\t<div class=\"elementor-element elementor-element-2100ba1 elementor-align-right elementor-mobile-align-left elementor-widget elementor-widget-button\" data-id=\"2100ba1\" data-element_type=\"widget\" data-widget_type=\"button.default\">\n\t\t\t\t<div class=\"elementor-widget-container\">\n\t\t\t\t\t\t\t\t\t<div class=\"elementor-button-wrapper\">\n\t\t\t\t\t<a class=\"elementor-button elementor-button-link elementor-size-md\" href=\"\/et\/eluasemeinvestoritele\/\">\n\t\t\t\t\t\t<span class=\"elementor-button-content-wrapper\">\n\t\t\t\t\t\t\t\t\t<span class=\"elementor-button-text\">T\u00e4itke vorm<\/span>\n\t\t\t\t\t<\/span>\n\t\t\t\t\t<\/a>\n\t\t\t\t<\/div>\n\t\t\t\t\t\t\t\t<\/div>\n\t\t\t\t<\/div>\n\t\t\t\t\t<\/div>\n\t\t<\/div>\n\t\t\t\t\t<\/div>\n\t\t<\/section>\n\t\t\t\t<\/div>\n\t\t","protected":false},"excerpt":{"rendered":"<p>Sakarin, Saksamaa M\u00f6bleeritud \u00fc\u00fcrikorterid on lihtne ja t\u00f5hus alternatiiv teie ettev\u00f5tte t\u00f6\u00f6tajate juures viibimisele. Korterit saab ainult n\u00e4dalaks v\u00f5i aastaks. K\u00f5ik on korteris valmis. V\u00f5tmed k\u00e4tte ja ela! Meie rendi\u00e4ri on alanud aastal 2012 ja Sakarin Citykodit Oy on tegutsenud kogu Soomes aastast 2017. Usaldusv\u00e4\u00e4rse partnerite v\u00f5rgustiku kaudu saavad rentnikud otse teenusepakkujatelt j\u00e4rgmisi teenuseid. Voodipesu [&hellip;]<\/p>\n","protected":false},"author":3,"featured_media":0,"parent":0,"menu_order":0,"comment_status":"closed","ping_status":"closed","template":"","meta":{"footnotes":""},"class_list":["post-4103","page","type-page","status-publish","hentry"],"yoast_head":"<!-- This site is optimized with the Yoast SEO plugin v24.9 - https:\/\/yoast.com\/wordpress\/plugins\/seo\/ -->\n<title>Ettev\u00f5te - Sakarin Citykodit<\/title>\n<meta name=\"robots\" content=\"index, follow, max-snippet:-1, max-image-preview:large, max-video-preview:-1\" \/>\n<link rel=\"canonical\" href=\"https:\/\/www.sakarincitykodit.fi\/et\/ettevote\/\" \/>\n<meta property=\"og:locale\" content=\"et_EE\" \/>\n<meta property=\"og:type\" content=\"article\" \/>\n<meta property=\"og:title\" content=\"Ettev\u00f5te - Sakarin Citykodit\" \/>\n<meta property=\"og:description\" content=\"Sakarin, Saksamaa M\u00f6bleeritud \u00fc\u00fcrikorterid on lihtne ja t\u00f5hus alternatiiv teie ettev\u00f5tte t\u00f6\u00f6tajate juures viibimisele. Korterit saab ainult n\u00e4dalaks v\u00f5i aastaks. K\u00f5ik on korteris valmis. V\u00f5tmed k\u00e4tte ja ela! Meie rendi\u00e4ri on alanud aastal 2012 ja Sakarin Citykodit Oy on tegutsenud kogu Soomes aastast 2017. Usaldusv\u00e4\u00e4rse partnerite v\u00f5rgustiku kaudu saavad rentnikud otse teenusepakkujatelt j\u00e4rgmisi teenuseid. Voodipesu [&hellip;]\" \/>\n<meta property=\"og:url\" content=\"https:\/\/www.sakarincitykodit.fi\/et\/ettevote\/\" \/>\n<meta property=\"og:site_name\" content=\"Sakarin Citykodit\" \/>\n<meta property=\"article:modified_time\" content=\"2020-11-10T09:44:45+00:00\" \/>\n<meta name=\"twitter:card\" content=\"summary_large_image\" \/>\n<meta name=\"twitter:label1\" content=\"Est. reading time\" \/>\n\t<meta name=\"twitter:data1\" content=\"1 minut\" \/>\n<script type=\"application\/ld+json\" class=\"yoast-schema-graph\">{\"@context\":\"https:\/\/schema.org\",\"@graph\":[{\"@type\":\"WebPage\",\"@id\":\"https:\/\/www.sakarincitykodit.fi\/et\/ettevote\/\",\"url\":\"https:\/\/www.sakarincitykodit.fi\/et\/ettevote\/\",\"name\":\"Ettev\u00f5te - Sakarin Citykodit\",\"isPartOf\":{\"@id\":\"https:\/\/www.sakarincitykodit.fi\/et\/#website\"},\"datePublished\":\"2020-02-26T07:28:32+00:00\",\"dateModified\":\"2020-11-10T09:44:45+00:00\",\"breadcrumb\":{\"@id\":\"https:\/\/www.sakarincitykodit.fi\/et\/ettevote\/#breadcrumb\"},\"inLanguage\":\"et\",\"potentialAction\":[{\"@type\":\"ReadAction\",\"target\":[\"https:\/\/www.sakarincitykodit.fi\/et\/ettevote\/\"]}]},{\"@type\":\"BreadcrumbList\",\"@id\":\"https:\/\/www.sakarincitykodit.fi\/et\/ettevote\/#breadcrumb\",\"itemListElement\":[{\"@type\":\"ListItem\",\"position\":1,\"name\":\"Kodu\",\"item\":\"https:\/\/www.sakarincitykodit.fi\/et\/\"},{\"@type\":\"ListItem\",\"position\":2,\"name\":\"Ettev\u00f5te\"}]},{\"@type\":\"WebSite\",\"@id\":\"https:\/\/www.sakarincitykodit.fi\/et\/#website\",\"url\":\"https:\/\/www.sakarincitykodit.fi\/et\/\",\"name\":\"Sakarin Citykodit\",\"description\":\"Vuokraamme vapaat kalustetut vuokra-asunnot ymp&auml;ri Suomen!\",\"publisher\":{\"@id\":\"https:\/\/www.sakarincitykodit.fi\/et\/#organization\"},\"potentialAction\":[{\"@type\":\"SearchAction\",\"target\":{\"@type\":\"EntryPoint\",\"urlTemplate\":\"https:\/\/www.sakarincitykodit.fi\/et\/?s={search_term_string}\"},\"query-input\":{\"@type\":\"PropertyValueSpecification\",\"valueRequired\":true,\"valueName\":\"search_term_string\"}}],\"inLanguage\":\"et\"},{\"@type\":\"Organization\",\"@id\":\"https:\/\/www.sakarincitykodit.fi\/et\/#organization\",\"name\":\"Sakarin Citykodit\",\"url\":\"https:\/\/www.sakarincitykodit.fi\/et\/\",\"logo\":{\"@type\":\"ImageObject\",\"inLanguage\":\"et\",\"@id\":\"https:\/\/www.sakarincitykodit.fi\/et\/#\/schema\/logo\/image\/\",\"url\":\"https:\/\/www.sakarincitykodit.fi\/wp-content\/uploads\/sakarin-citykodit-logo-245.png\",\"contentUrl\":\"https:\/\/www.sakarincitykodit.fi\/wp-content\/uploads\/sakarin-citykodit-logo-245.png\",\"width\":245,\"height\":39,\"caption\":\"Sakarin Citykodit\"},\"image\":{\"@id\":\"https:\/\/www.sakarincitykodit.fi\/et\/#\/schema\/logo\/image\/\"}}]}<\/script>\n<!-- \/ Yoast SEO plugin. -->","yoast_head_json":{"title":"Ettev\u00f5te - Sakarin Citykodit","robots":{"index":"index","follow":"follow","max-snippet":"max-snippet:-1","max-image-preview":"max-image-preview:large","max-video-preview":"max-video-preview:-1"},"canonical":"https:\/\/www.sakarincitykodit.fi\/et\/ettevote\/","og_locale":"et_EE","og_type":"article","og_title":"Ettev\u00f5te - Sakarin Citykodit","og_description":"Sakarin, Saksamaa M\u00f6bleeritud \u00fc\u00fcrikorterid on lihtne ja t\u00f5hus alternatiiv teie ettev\u00f5tte t\u00f6\u00f6tajate juures viibimisele. Korterit saab ainult n\u00e4dalaks v\u00f5i aastaks. K\u00f5ik on korteris valmis. V\u00f5tmed k\u00e4tte ja ela! Meie rendi\u00e4ri on alanud aastal 2012 ja Sakarin Citykodit Oy on tegutsenud kogu Soomes aastast 2017. Usaldusv\u00e4\u00e4rse partnerite v\u00f5rgustiku kaudu saavad rentnikud otse teenusepakkujatelt j\u00e4rgmisi teenuseid. Voodipesu [&hellip;]","og_url":"https:\/\/www.sakarincitykodit.fi\/et\/ettevote\/","og_site_name":"Sakarin Citykodit","article_modified_time":"2020-11-10T09:44:45+00:00","twitter_card":"summary_large_image","twitter_misc":{"Est. reading time":"1 minut"},"schema":{"@context":"https:\/\/schema.org","@graph":[{"@type":"WebPage","@id":"https:\/\/www.sakarincitykodit.fi\/et\/ettevote\/","url":"https:\/\/www.sakarincitykodit.fi\/et\/ettevote\/","name":"Ettev\u00f5te - Sakarin Citykodit","isPartOf":{"@id":"https:\/\/www.sakarincitykodit.fi\/et\/#website"},"datePublished":"2020-02-26T07:28:32+00:00","dateModified":"2020-11-10T09:44:45+00:00","breadcrumb":{"@id":"https:\/\/www.sakarincitykodit.fi\/et\/ettevote\/#breadcrumb"},"inLanguage":"et","potentialAction":[{"@type":"ReadAction","target":["https:\/\/www.sakarincitykodit.fi\/et\/ettevote\/"]}]},{"@type":"BreadcrumbList","@id":"https:\/\/www.sakarincitykodit.fi\/et\/ettevote\/#breadcrumb","itemListElement":[{"@type":"ListItem","position":1,"name":"Kodu","item":"https:\/\/www.sakarincitykodit.fi\/et\/"},{"@type":"ListItem","position":2,"name":"Ettev\u00f5te"}]},{"@type":"WebSite","@id":"https:\/\/www.sakarincitykodit.fi\/et\/#website","url":"https:\/\/www.sakarincitykodit.fi\/et\/","name":"Sakarin Citykodit","description":"Vuokraamme vapaat kalustetut vuokra-asunnot ymp&auml;ri Suomen!","publisher":{"@id":"https:\/\/www.sakarincitykodit.fi\/et\/#organization"},"potentialAction":[{"@type":"SearchAction","target":{"@type":"EntryPoint","urlTemplate":"https:\/\/www.sakarincitykodit.fi\/et\/?s={search_term_string}"},"query-input":{"@type":"PropertyValueSpecification","valueRequired":true,"valueName":"search_term_string"}}],"inLanguage":"et"},{"@type":"Organization","@id":"https:\/\/www.sakarincitykodit.fi\/et\/#organization","name":"Sakarin Citykodit","url":"https:\/\/www.sakarincitykodit.fi\/et\/","logo":{"@type":"ImageObject","inLanguage":"et","@id":"https:\/\/www.sakarincitykodit.fi\/et\/#\/schema\/logo\/image\/","url":"https:\/\/www.sakarincitykodit.fi\/wp-content\/uploads\/sakarin-citykodit-logo-245.png","contentUrl":"https:\/\/www.sakarincitykodit.fi\/wp-content\/uploads\/sakarin-citykodit-logo-245.png","width":245,"height":39,"caption":"Sakarin Citykodit"},"image":{"@id":"https:\/\/www.sakarincitykodit.fi\/et\/#\/schema\/logo\/image\/"}}]}},"_links":{"self":[{"href":"https:\/\/www.sakarincitykodit.fi\/et\/wp-json\/wp\/v2\/pages\/4103","targetHints":{"allow":["GET"]}}],"collection":[{"href":"https:\/\/www.sakarincitykodit.fi\/et\/wp-json\/wp\/v2\/pages"}],"about":[{"href":"https:\/\/www.sakarincitykodit.fi\/et\/wp-json\/wp\/v2\/types\/page"}],"author":[{"embeddable":true,"href":"https:\/\/www.sakarincitykodit.fi\/et\/wp-json\/wp\/v2\/users\/3"}],"replies":[{"embeddable":true,"href":"https:\/\/www.sakarincitykodit.fi\/et\/wp-json\/wp\/v2\/comments?post=4103"}],"version-history":[{"count":0,"href":"https:\/\/www.sakarincitykodit.fi\/et\/wp-json\/wp\/v2\/pages\/4103\/revisions"}],"wp:attachment":[{"href":"https:\/\/www.sakarincitykodit.fi\/et\/wp-json\/wp\/v2\/media?parent=4103"}],"curies":[{"name":"wp","href":"https:\/\/api.w.org\/{rel}","templated":true}]}}