{"id":11293,"date":"2021-07-22T15:07:48","date_gmt":"2021-07-22T13:07:48","guid":{"rendered":"https:\/\/www.sakarincitykodit.fi\/?page_id=11293"},"modified":"2021-09-15T14:03:24","modified_gmt":"2021-09-15T12:03:24","slug":"meie-mobleeritud-korterid-sihtkohas-harjavalta","status":"publish","type":"page","link":"https:\/\/www.sakarincitykodit.fi\/et\/meie-asukoht\/meie-mobleeritud-korterid-sihtkohas-harjavalta\/","title":{"rendered":"Meie m\u00f6bleeritud korterid sihtkohas Harjavalta"},"content":{"rendered":"\t\t<div data-elementor-type=\"wp-page\" data-elementor-id=\"11293\" class=\"elementor elementor-11293\">\n\t\t\t\t\t\t<section class=\"elementor-section elementor-top-section elementor-element elementor-element-51fdd094 elementor-section-boxed elementor-section-height-default elementor-section-height-default\" data-id=\"51fdd094\" data-element_type=\"section\">\n\t\t\t\t\t\t<div class=\"elementor-container elementor-column-gap-default\">\n\t\t\t\t\t<div class=\"elementor-column elementor-col-100 elementor-top-column elementor-element elementor-element-79eb92c5\" data-id=\"79eb92c5\" data-element_type=\"column\">\n\t\t\t<div class=\"elementor-widget-wrap elementor-element-populated\">\n\t\t\t\t\t\t<div class=\"elementor-element elementor-element-2ba1b18 elementor-widget elementor-widget-text-editor\" data-id=\"2ba1b18\" data-element_type=\"widget\" data-widget_type=\"text-editor.default\">\n\t\t\t\t<div class=\"elementor-widget-container\">\n\t\t\t\t\t\t\t\t\t<div data-style=\"{\">\n<div data-weight=\"1\">\n<div data-index=\"0\" data-style=\"{\">\n<h1>Tasuta m\u00f6bleeritud \u00fc\u00fcrikorterid Harjavalta<\/h1>\n<p>Me ei teadnud, et hotellimajutus ei ole ainus ja kindlasti mitte alati parim v\u00f5imalus t\u00e4htajaliseks elamiseks v\u00e4ljaspool kodu. N\u00e4iteks kui teie t\u00f6\u00f6 on v\u00e4ga mobiilne v\u00f5i teie ettev\u00f5te vajab majutust oma t\u00f6\u00f6tajatele erinevates kohtades, siis tuleb kindlasti kaaluda \u00fc\u00fcrile m\u00f6bleeritud \u00fc\u00fcrikorteris. L\u00fchiajaline m\u00f6bleeritud \u00fc\u00fcrikorter on hotellist paindlikum ja sageli ka taskukohasem. Pakume m\u00f6bleeritud rendikortereid mitmes kohas Soomes.<\/p>\n<h4>Kas sa tahad, et me helistaksime sulle tasuta korterite kohta Harjavalta? J\u00e4tke tagasihelistamine!<\/h4>\n<p><span style=\"color: #000000; font-family: 'Helvetica Neue'; font-size: 12px; background-color: transparent;\">\n<div class=\"wpcf7 no-js\" id=\"wpcf7-f5345-o1\" lang=\"et\" dir=\"ltr\" data-wpcf7-id=\"5345\">\n<div class=\"screen-reader-response\"><p role=\"status\" aria-live=\"polite\" aria-atomic=\"true\"><\/p> <ul><\/ul><\/div>\n<form action=\"\/et\/wp-json\/wp\/v2\/pages\/11293#wpcf7-f5345-o1\" method=\"post\" class=\"wpcf7-form init\" aria-label=\"Contact form\" novalidate=\"novalidate\" data-status=\"init\">\n<div style=\"display: none;\">\n<input type=\"hidden\" name=\"_wpcf7\" value=\"5345\" \/>\n<input type=\"hidden\" name=\"_wpcf7_version\" value=\"6.0.6\" \/>\n<input type=\"hidden\" name=\"_wpcf7_locale\" value=\"et\" \/>\n<input type=\"hidden\" name=\"_wpcf7_unit_tag\" value=\"wpcf7-f5345-o1\" \/>\n<input type=\"hidden\" name=\"_wpcf7_container_post\" value=\"0\" \/>\n<input type=\"hidden\" name=\"_wpcf7_posted_data_hash\" value=\"\" \/>\n<\/div>\n<p><label>Enter your details and our business sales will contact you as soon as possible!<br \/>\n<\/label>\n<\/p>\n<div class=\"contact-us\">\n\t<div class=\"row\">\n\t\t<div class=\"col-xs-12 col-sm-6\">\n\t\t\t<p><span class=\"wpcf7-form-control-wrap\" data-name=\"your-yritys\"><input size=\"40\" maxlength=\"400\" class=\"wpcf7-form-control wpcf7-text wpcf7-validates-as-required form-control\" aria-required=\"true\" aria-invalid=\"false\" placeholder=\"The Company Name\" value=\"\" type=\"text\" name=\"your-yritys\" \/><\/span>\n\t\t\t<\/p>\n\t\t<\/div>\n\t\t<div class=\"col-xs-12 col-sm-6\">\n\t\t\t<p><span class=\"wpcf7-form-control-wrap\" data-name=\"your-tel\"><input size=\"40\" maxlength=\"400\" class=\"wpcf7-form-control wpcf7-tel wpcf7-validates-as-required wpcf7-text wpcf7-validates-as-tel form-control\" aria-required=\"true\" aria-invalid=\"false\" placeholder=\"Phone number\" value=\"\" type=\"tel\" name=\"your-tel\" \/><\/span>\n\t\t\t<\/p>\n\t\t<\/div>\n\t\t<div class=\"col-xs-12 col-sm-12\">\n\t\t\t<p><span class=\"wpcf7-form-control-wrap\" data-name=\"your-email\"><input size=\"40\" maxlength=\"400\" class=\"wpcf7-form-control wpcf7-email wpcf7-validates-as-required wpcf7-text wpcf7-validates-as-email form-control\" aria-required=\"true\" aria-invalid=\"false\" placeholder=\"Email\" value=\"\" type=\"email\" name=\"your-email\" \/><\/span>\n\t\t\t<\/p>\n\t\t<\/div>\n\t<\/div>\n\t<div class=\"clearfix\">\n\t\t<p><input class=\"wpcf7-form-control wpcf7-submit has-spinner btn pull-right btn-theme btn-inverse border-2\" type=\"submit\" value=\"Please contact me!\" \/>\n\t\t<\/p>\n\t<\/div>\n<\/div><div class=\"wpcf7-response-output\" aria-hidden=\"true\"><\/div>\n<\/form>\n<\/div>\n<\/span><\/p>\n<p><span style=\"font-family: Nunito, Arial, sans-serif; font-size: 30px; font-weight: bold; background-color: transparent;\">\u00dc\u00fcrile anda l\u00fchiajaline korter Harjavalta<\/span><\/p>\n<p>Harjavalta on v\u00f5imalik \u00fc\u00fcrida l\u00fchiajalist korterit puhkuseperioodiks. Vabam ja paindlikum majutuse vorm v\u00f5imaldab teil elada. V\u00f5ite s\u00fc\u00fca teha, kutsuda k\u00fclalisi ja saada rohkem privaatsust oma rendikorteris. Kindlasti on alternatiiv kolida koos perega. L\u00fchiajalist m\u00f6bleeritud \u00fc\u00fcrikorterit saab kasutada n\u00e4iteks siis, kui soovite proovida elada Harjavallas, kuid ei ole veel 100% kindel p\u00fcsivas muutuses. Harjavalta tasuta m\u00f6bleeritud \u00fc\u00fcrikorterid leiad meie kodulehelt.<\/p>\n<h2>K\u00f5ik meie tasuta \u00fc\u00fcrikorterid leiad kohe!<\/h2>\n<p><strong style=\"font-family: Nunito, Arial, sans-serif; font-size: 30px;\"><span style=\"font-family: Nunito, Helvetica, Arial, sans-serif; font-size: 14px;\">Kas teil on k\u00fcsimusi korteri l\u00fchiajalise rentimise kohta v\u00f5i tahad sa lihtsalt rohkem kuulda? V\u00f5tke meiega \u00fchendust ja me \u00fctleme teile, kui lihtne on rentida l\u00fchiajaline m\u00f6bleeritud korter! Meiega saate \u00fchendust v\u00f5tta kas telefoni, e-posti v\u00f5i t\u00e4ites alloleva vormi.<\/span><\/strong><\/p>\n<p class=\"p1\">\n<div class=\"wpcf7 no-js\" id=\"wpcf7-f5336-o2\" lang=\"et\" dir=\"ltr\" data-wpcf7-id=\"5336\">\n<div class=\"screen-reader-response\"><p role=\"status\" aria-live=\"polite\" aria-atomic=\"true\"><\/p> <ul><\/ul><\/div>\n<form action=\"\/et\/wp-json\/wp\/v2\/pages\/11293#wpcf7-f5336-o2\" method=\"post\" class=\"wpcf7-form init\" aria-label=\"Contact form\" novalidate=\"novalidate\" data-status=\"init\">\n<div style=\"display: none;\">\n<input type=\"hidden\" name=\"_wpcf7\" value=\"5336\" \/>\n<input type=\"hidden\" name=\"_wpcf7_version\" value=\"6.0.6\" \/>\n<input type=\"hidden\" name=\"_wpcf7_locale\" value=\"et\" \/>\n<input type=\"hidden\" name=\"_wpcf7_unit_tag\" value=\"wpcf7-f5336-o2\" \/>\n<input type=\"hidden\" name=\"_wpcf7_container_post\" value=\"0\" \/>\n<input type=\"hidden\" name=\"_wpcf7_posted_data_hash\" value=\"\" \/>\n<\/div>\n<div class=\"contact-us\">\n\t<div class=\"row\">\n\t\t<div class=\"col-xs-12 col-sm-6\">\n\t\t\t<p><span class=\"wpcf7-form-control-wrap\" data-name=\"your-name\"><input size=\"40\" maxlength=\"400\" class=\"wpcf7-form-control wpcf7-text wpcf7-validates-as-required form-control\" aria-required=\"true\" aria-invalid=\"false\" placeholder=\"Company name\" value=\"\" type=\"text\" name=\"your-name\" \/><\/span>\n\t\t\t<\/p>\n\t\t<\/div>\n\t\t<div class=\"col-xs-12 col-sm-6\">\n\t\t\t<p><span class=\"wpcf7-form-control-wrap\" data-name=\"your-tel\"><input size=\"40\" maxlength=\"400\" class=\"wpcf7-form-control wpcf7-tel wpcf7-validates-as-required wpcf7-text wpcf7-validates-as-tel form-control\" aria-required=\"true\" aria-invalid=\"false\" placeholder=\"Telephone\" value=\"\" type=\"tel\" name=\"your-tel\" \/><\/span>\n\t\t\t<\/p>\n\t\t<\/div>\n\t\t<div class=\"col-xs-12 col-sm-12\">\n\t\t\t<p><span class=\"wpcf7-form-control-wrap\" data-name=\"your-email\"><input size=\"40\" maxlength=\"400\" class=\"wpcf7-form-control wpcf7-email wpcf7-validates-as-required wpcf7-text wpcf7-validates-as-email form-control\" aria-required=\"true\" aria-invalid=\"false\" placeholder=\"Email\" value=\"\" type=\"email\" name=\"your-email\" \/><\/span>\n\t\t\t<\/p>\n\t\t<\/div>\n\t\t<div class=\"col-xs-12 col-sm-6\">\n\t\t\t<labal>City\n\t\t\t\t<p><span class=\"wpcf7-form-control-wrap\" data-name=\"menu-905\"><select class=\"wpcf7-form-control wpcf7-select wpcf7-validates-as-required\" aria-required=\"true\" aria-invalid=\"false\" name=\"menu-905\"><option value=\"Espoo\">Espoo<\/option><option value=\"Hamina\">Hamina<\/option><option value=\"Helsinki\">Helsinki<\/option><option value=\"Jyv\u00e4skyl\u00e4\">Jyv\u00e4skyl\u00e4<\/option><option value=\"J\u00e4rvenp\u00e4\u00e4\">J\u00e4rvenp\u00e4\u00e4<\/option><option value=\"Kerava\">Kerava<\/option><option value=\"Kuopio\">Kuopio<\/option><option value=\"Oulu\">Oulu<\/option><option value=\"Porvoo\">Porvoo<\/option><option value=\"Tampere\">Tampere<\/option><option value=\"Turku\">Turku<\/option><option value=\"Vaasa\">Vaasa<\/option><option value=\"Vantaa\">Vantaa<\/option><option value=\"Other city\">Other city<\/option><\/select><\/span>\n\t\t\t\t<\/p>\n\t\t\t<\/labal>\n\t\t<\/div>\n\t\t<div class=\"col-xs-12 col-sm-6\">\n\t\t\t<p><span class=\"wpcf7-form-control-wrap\" data-name=\"your-omakaupunki\"><input size=\"40\" maxlength=\"400\" class=\"wpcf7-form-control wpcf7-text form-control\" aria-invalid=\"false\" placeholder=\"Other city\" value=\"\" type=\"text\" name=\"your-omakaupunki\" \/><\/span>\n\t\t\t<\/p>\n\t\t<\/div>\n\t\t<div class=\"col-xs-12 col-sm-6\">\n\t\t\t<labal>Arrival:\n\t\t\t\t<p><span class=\"wpcf7-form-control-wrap\" data-name=\"date-946\"><input class=\"wpcf7-form-control wpcf7-date wpcf7-validates-as-date form-control\" aria-invalid=\"false\" placeholder=\"Arrival\" value=\"\" type=\"date\" name=\"date-946\" \/><\/span>\n\t\t\t\t<\/p>\n\t\t\t<\/labal>\n\t\t<\/div>\n\t\t<div class=\"col-xs-12 col-sm-6\">\n\t\t\t<labal>Departure:\n\t\t\t\t<p><span class=\"wpcf7-form-control-wrap\" data-name=\"date-706\"><input class=\"wpcf7-form-control wpcf7-date wpcf7-validates-as-date form-control\" aria-invalid=\"false\" placeholder=\"Departure\" value=\"\" type=\"date\" name=\"date-706\" \/><\/span>\n\t\t\t\t<\/p>\n\t\t\t<\/labal>\n\t\t<\/div>\n\t<\/div>\n\t<div>\n\t\t<p><span class=\"wpcf7-form-control-wrap\" data-name=\"your-message\"><textarea cols=\"40\" rows=\"10\" maxlength=\"2000\" class=\"wpcf7-form-control wpcf7-textarea form-control\" aria-invalid=\"false\" placeholder=\"Message\" name=\"your-message\"><\/textarea><\/span>\n\t\t<\/p>\n\t<\/div>\n\t<div class=\"clearfix\">\n\t\t<p><input class=\"wpcf7-form-control wpcf7-submit has-spinner btn pull-right btn-theme btn-inverse border-2\" type=\"submit\" value=\"Send\" \/>\n\t\t<\/p>\n\t<\/div>\n<\/div><div class=\"wpcf7-response-output\" aria-hidden=\"true\"><\/div>\n<\/form>\n<\/div>\n<\/p>\n<\/div>\n<\/div>\n<\/div>\t\t\t\t\t\t\t\t<\/div>\n\t\t\t\t<\/div>\n\t\t\t\t\t<\/div>\n\t\t<\/div>\n\t\t\t\t\t<\/div>\n\t\t<\/section>\n\t\t\t\t<\/div>\n\t\t","protected":false},"excerpt":{"rendered":"<p>Tasuta m\u00f6bleeritud \u00fc\u00fcrikorterid Harjavalta Me ei teadnud, et hotellimajutus ei ole ainus ja kindlasti mitte alati parim v\u00f5imalus t\u00e4htajaliseks elamiseks v\u00e4ljaspool kodu. N\u00e4iteks kui teie t\u00f6\u00f6 on v\u00e4ga mobiilne v\u00f5i teie ettev\u00f5te vajab majutust oma t\u00f6\u00f6tajatele erinevates kohtades, siis tuleb kindlasti kaaluda \u00fc\u00fcrile m\u00f6bleeritud \u00fc\u00fcrikorteris. L\u00fchiajaline m\u00f6bleeritud \u00fc\u00fcrikorter on hotellist paindlikum ja sageli ka taskukohasem. [&hellip;]<\/p>\n","protected":false},"author":3,"featured_media":0,"parent":4447,"menu_order":0,"comment_status":"closed","ping_status":"closed","template":"","meta":{"footnotes":""},"class_list":["post-11293","page","type-page","status-publish","hentry"],"yoast_head":"<!-- This site is optimized with the Yoast SEO plugin v24.9 - https:\/\/yoast.com\/wordpress\/plugins\/seo\/ -->\n<title>Meie m\u00f6bleeritud korterid sihtkohas Harjavalta - Sakarin Citykodit<\/title>\n<meta name=\"robots\" content=\"index, follow, max-snippet:-1, max-image-preview:large, max-video-preview:-1\" \/>\n<link rel=\"canonical\" href=\"https:\/\/www.sakarincitykodit.fi\/et\/meie-asukoht\/meie-mobleeritud-korterid-sihtkohas-harjavalta\/\" \/>\n<meta property=\"og:locale\" content=\"et_EE\" \/>\n<meta property=\"og:type\" content=\"article\" \/>\n<meta property=\"og:title\" content=\"Meie m\u00f6bleeritud korterid sihtkohas Harjavalta - Sakarin Citykodit\" \/>\n<meta property=\"og:description\" content=\"Tasuta m\u00f6bleeritud \u00fc\u00fcrikorterid Harjavalta Me ei teadnud, et hotellimajutus ei ole ainus ja kindlasti mitte alati parim v\u00f5imalus t\u00e4htajaliseks elamiseks v\u00e4ljaspool kodu. N\u00e4iteks kui teie t\u00f6\u00f6 on v\u00e4ga mobiilne v\u00f5i teie ettev\u00f5te vajab majutust oma t\u00f6\u00f6tajatele erinevates kohtades, siis tuleb kindlasti kaaluda \u00fc\u00fcrile m\u00f6bleeritud \u00fc\u00fcrikorteris. L\u00fchiajaline m\u00f6bleeritud \u00fc\u00fcrikorter on hotellist paindlikum ja sageli ka taskukohasem. [&hellip;]\" \/>\n<meta property=\"og:url\" content=\"https:\/\/www.sakarincitykodit.fi\/et\/meie-asukoht\/meie-mobleeritud-korterid-sihtkohas-harjavalta\/\" \/>\n<meta property=\"og:site_name\" content=\"Sakarin Citykodit\" \/>\n<meta property=\"article:modified_time\" content=\"2021-09-15T12:03:24+00:00\" \/>\n<meta name=\"twitter:card\" content=\"summary_large_image\" \/>\n<meta name=\"twitter:label1\" content=\"Est. reading time\" \/>\n\t<meta name=\"twitter:data1\" content=\"1 minut\" \/>\n<script type=\"application\/ld+json\" class=\"yoast-schema-graph\">{\"@context\":\"https:\/\/schema.org\",\"@graph\":[{\"@type\":\"WebPage\",\"@id\":\"https:\/\/www.sakarincitykodit.fi\/et\/meie-asukoht\/meie-mobleeritud-korterid-sihtkohas-harjavalta\/\",\"url\":\"https:\/\/www.sakarincitykodit.fi\/et\/meie-asukoht\/meie-mobleeritud-korterid-sihtkohas-harjavalta\/\",\"name\":\"Meie m\u00f6bleeritud korterid sihtkohas Harjavalta - Sakarin Citykodit\",\"isPartOf\":{\"@id\":\"https:\/\/www.sakarincitykodit.fi\/et\/#website\"},\"datePublished\":\"2021-07-22T13:07:48+00:00\",\"dateModified\":\"2021-09-15T12:03:24+00:00\",\"breadcrumb\":{\"@id\":\"https:\/\/www.sakarincitykodit.fi\/et\/meie-asukoht\/meie-mobleeritud-korterid-sihtkohas-harjavalta\/#breadcrumb\"},\"inLanguage\":\"et\",\"potentialAction\":[{\"@type\":\"ReadAction\",\"target\":[\"https:\/\/www.sakarincitykodit.fi\/et\/meie-asukoht\/meie-mobleeritud-korterid-sihtkohas-harjavalta\/\"]}]},{\"@type\":\"BreadcrumbList\",\"@id\":\"https:\/\/www.sakarincitykodit.fi\/et\/meie-asukoht\/meie-mobleeritud-korterid-sihtkohas-harjavalta\/#breadcrumb\",\"itemListElement\":[{\"@type\":\"ListItem\",\"position\":1,\"name\":\"Kodu\",\"item\":\"https:\/\/www.sakarincitykodit.fi\/et\/\"},{\"@type\":\"ListItem\",\"position\":2,\"name\":\"Meie asukoht\",\"item\":\"https:\/\/www.sakarincitykodit.fi\/et\/meie-asukoht\/\"},{\"@type\":\"ListItem\",\"position\":3,\"name\":\"Meie m\u00f6bleeritud korterid sihtkohas Harjavalta\"}]},{\"@type\":\"WebSite\",\"@id\":\"https:\/\/www.sakarincitykodit.fi\/et\/#website\",\"url\":\"https:\/\/www.sakarincitykodit.fi\/et\/\",\"name\":\"Sakarin Citykodit\",\"description\":\"Vuokraamme vapaat kalustetut vuokra-asunnot ymp&auml;ri Suomen!\",\"publisher\":{\"@id\":\"https:\/\/www.sakarincitykodit.fi\/et\/#organization\"},\"potentialAction\":[{\"@type\":\"SearchAction\",\"target\":{\"@type\":\"EntryPoint\",\"urlTemplate\":\"https:\/\/www.sakarincitykodit.fi\/et\/?s={search_term_string}\"},\"query-input\":{\"@type\":\"PropertyValueSpecification\",\"valueRequired\":true,\"valueName\":\"search_term_string\"}}],\"inLanguage\":\"et\"},{\"@type\":\"Organization\",\"@id\":\"https:\/\/www.sakarincitykodit.fi\/et\/#organization\",\"name\":\"Sakarin Citykodit\",\"url\":\"https:\/\/www.sakarincitykodit.fi\/et\/\",\"logo\":{\"@type\":\"ImageObject\",\"inLanguage\":\"et\",\"@id\":\"https:\/\/www.sakarincitykodit.fi\/et\/#\/schema\/logo\/image\/\",\"url\":\"https:\/\/www.sakarincitykodit.fi\/wp-content\/uploads\/sakarin-citykodit-logo-245.png\",\"contentUrl\":\"https:\/\/www.sakarincitykodit.fi\/wp-content\/uploads\/sakarin-citykodit-logo-245.png\",\"width\":245,\"height\":39,\"caption\":\"Sakarin Citykodit\"},\"image\":{\"@id\":\"https:\/\/www.sakarincitykodit.fi\/et\/#\/schema\/logo\/image\/\"}}]}<\/script>\n<!-- \/ Yoast SEO plugin. -->","yoast_head_json":{"title":"Meie m\u00f6bleeritud korterid sihtkohas Harjavalta - Sakarin Citykodit","robots":{"index":"index","follow":"follow","max-snippet":"max-snippet:-1","max-image-preview":"max-image-preview:large","max-video-preview":"max-video-preview:-1"},"canonical":"https:\/\/www.sakarincitykodit.fi\/et\/meie-asukoht\/meie-mobleeritud-korterid-sihtkohas-harjavalta\/","og_locale":"et_EE","og_type":"article","og_title":"Meie m\u00f6bleeritud korterid sihtkohas Harjavalta - Sakarin Citykodit","og_description":"Tasuta m\u00f6bleeritud \u00fc\u00fcrikorterid Harjavalta Me ei teadnud, et hotellimajutus ei ole ainus ja kindlasti mitte alati parim v\u00f5imalus t\u00e4htajaliseks elamiseks v\u00e4ljaspool kodu. N\u00e4iteks kui teie t\u00f6\u00f6 on v\u00e4ga mobiilne v\u00f5i teie ettev\u00f5te vajab majutust oma t\u00f6\u00f6tajatele erinevates kohtades, siis tuleb kindlasti kaaluda \u00fc\u00fcrile m\u00f6bleeritud \u00fc\u00fcrikorteris. L\u00fchiajaline m\u00f6bleeritud \u00fc\u00fcrikorter on hotellist paindlikum ja sageli ka taskukohasem. [&hellip;]","og_url":"https:\/\/www.sakarincitykodit.fi\/et\/meie-asukoht\/meie-mobleeritud-korterid-sihtkohas-harjavalta\/","og_site_name":"Sakarin Citykodit","article_modified_time":"2021-09-15T12:03:24+00:00","twitter_card":"summary_large_image","twitter_misc":{"Est. reading time":"1 minut"},"schema":{"@context":"https:\/\/schema.org","@graph":[{"@type":"WebPage","@id":"https:\/\/www.sakarincitykodit.fi\/et\/meie-asukoht\/meie-mobleeritud-korterid-sihtkohas-harjavalta\/","url":"https:\/\/www.sakarincitykodit.fi\/et\/meie-asukoht\/meie-mobleeritud-korterid-sihtkohas-harjavalta\/","name":"Meie m\u00f6bleeritud korterid sihtkohas Harjavalta - Sakarin Citykodit","isPartOf":{"@id":"https:\/\/www.sakarincitykodit.fi\/et\/#website"},"datePublished":"2021-07-22T13:07:48+00:00","dateModified":"2021-09-15T12:03:24+00:00","breadcrumb":{"@id":"https:\/\/www.sakarincitykodit.fi\/et\/meie-asukoht\/meie-mobleeritud-korterid-sihtkohas-harjavalta\/#breadcrumb"},"inLanguage":"et","potentialAction":[{"@type":"ReadAction","target":["https:\/\/www.sakarincitykodit.fi\/et\/meie-asukoht\/meie-mobleeritud-korterid-sihtkohas-harjavalta\/"]}]},{"@type":"BreadcrumbList","@id":"https:\/\/www.sakarincitykodit.fi\/et\/meie-asukoht\/meie-mobleeritud-korterid-sihtkohas-harjavalta\/#breadcrumb","itemListElement":[{"@type":"ListItem","position":1,"name":"Kodu","item":"https:\/\/www.sakarincitykodit.fi\/et\/"},{"@type":"ListItem","position":2,"name":"Meie asukoht","item":"https:\/\/www.sakarincitykodit.fi\/et\/meie-asukoht\/"},{"@type":"ListItem","position":3,"name":"Meie m\u00f6bleeritud korterid sihtkohas Harjavalta"}]},{"@type":"WebSite","@id":"https:\/\/www.sakarincitykodit.fi\/et\/#website","url":"https:\/\/www.sakarincitykodit.fi\/et\/","name":"Sakarin Citykodit","description":"Vuokraamme vapaat kalustetut vuokra-asunnot ymp&auml;ri Suomen!","publisher":{"@id":"https:\/\/www.sakarincitykodit.fi\/et\/#organization"},"potentialAction":[{"@type":"SearchAction","target":{"@type":"EntryPoint","urlTemplate":"https:\/\/www.sakarincitykodit.fi\/et\/?s={search_term_string}"},"query-input":{"@type":"PropertyValueSpecification","valueRequired":true,"valueName":"search_term_string"}}],"inLanguage":"et"},{"@type":"Organization","@id":"https:\/\/www.sakarincitykodit.fi\/et\/#organization","name":"Sakarin Citykodit","url":"https:\/\/www.sakarincitykodit.fi\/et\/","logo":{"@type":"ImageObject","inLanguage":"et","@id":"https:\/\/www.sakarincitykodit.fi\/et\/#\/schema\/logo\/image\/","url":"https:\/\/www.sakarincitykodit.fi\/wp-content\/uploads\/sakarin-citykodit-logo-245.png","contentUrl":"https:\/\/www.sakarincitykodit.fi\/wp-content\/uploads\/sakarin-citykodit-logo-245.png","width":245,"height":39,"caption":"Sakarin Citykodit"},"image":{"@id":"https:\/\/www.sakarincitykodit.fi\/et\/#\/schema\/logo\/image\/"}}]}},"_links":{"self":[{"href":"https:\/\/www.sakarincitykodit.fi\/et\/wp-json\/wp\/v2\/pages\/11293","targetHints":{"allow":["GET"]}}],"collection":[{"href":"https:\/\/www.sakarincitykodit.fi\/et\/wp-json\/wp\/v2\/pages"}],"about":[{"href":"https:\/\/www.sakarincitykodit.fi\/et\/wp-json\/wp\/v2\/types\/page"}],"author":[{"embeddable":true,"href":"https:\/\/www.sakarincitykodit.fi\/et\/wp-json\/wp\/v2\/users\/3"}],"replies":[{"embeddable":true,"href":"https:\/\/www.sakarincitykodit.fi\/et\/wp-json\/wp\/v2\/comments?post=11293"}],"version-history":[{"count":0,"href":"https:\/\/www.sakarincitykodit.fi\/et\/wp-json\/wp\/v2\/pages\/11293\/revisions"}],"up":[{"embeddable":true,"href":"https:\/\/www.sakarincitykodit.fi\/et\/wp-json\/wp\/v2\/pages\/4447"}],"wp:attachment":[{"href":"https:\/\/www.sakarincitykodit.fi\/et\/wp-json\/wp\/v2\/media?parent=11293"}],"curies":[{"name":"wp","href":"https:\/\/api.w.org\/{rel}","templated":true}]}}