{"id":4258,"date":"2018-11-05T09:53:20","date_gmt":"2018-11-05T07:53:20","guid":{"rendered":"https:\/\/www.sakarincitykodit.fi\/furnished-rentals-in-jarvenpaa\/"},"modified":"2020-11-10T12:07:02","modified_gmt":"2020-11-10T10:07:02","slug":"furnished-rentals-in-jarvenpaa","status":"publish","type":"page","link":"https:\/\/www.sakarincitykodit.fi\/en\/our-location\/furnished-rentals-in-jarvenpaa\/","title":{"rendered":"Furnished rentals in J\u00e4rvenp\u00e4\u00e4"},"content":{"rendered":"\t\t<div data-elementor-type=\"wp-page\" data-elementor-id=\"4258\" class=\"elementor elementor-4258 elementor-1236\">\n\t\t\t\t\t\t<section class=\"elementor-section elementor-top-section elementor-element elementor-element-1c2794bf elementor-section-boxed elementor-section-height-default elementor-section-height-default\" data-id=\"1c2794bf\" data-element_type=\"section\">\n\t\t\t\t\t\t<div class=\"elementor-container elementor-column-gap-default\">\n\t\t\t\t\t<div class=\"elementor-column elementor-col-100 elementor-top-column elementor-element elementor-element-67b6c886\" data-id=\"67b6c886\" data-element_type=\"column\">\n\t\t\t<div class=\"elementor-widget-wrap elementor-element-populated\">\n\t\t\t\t\t\t<div class=\"elementor-element elementor-element-1ac42de elementor-widget elementor-widget-apus_element_realestate_properties\" data-id=\"1ac42de\" data-element_type=\"widget\" data-settings=\"{&quot;columns&quot;:&quot;2&quot;,&quot;slides_to_scroll&quot;:1}\" data-widget_type=\"apus_element_realestate_properties.default\">\n\t\t\t\t<div class=\"elementor-widget-container\">\n\t\t\t\t\t            <div class=\"widget-properties carousel item-grid-v4 \">\n                                    <div class=\"top-info-widget flex-middle\">\n                        <div class=\"info-left\">\n                                                            <h2 class=\"title\">J\u00e4rvenp\u00e4\u00e4 vapaat asunnot<\/h2>\n                                                                                <\/div>\n                                            <\/div>\n                                <div class=\"widget-content\">\n                                            <div class=\"slick-carousel\"\n                            data-items=\"2\"\n                            data-smallmedium=\"2\"\n                            data-extrasmall=\"1\"\n\n                            data-slidestoscroll=\"1\"\n                            data-slidestoscroll_smallmedium=\"1\"\n                            data-slidestoscroll_extrasmall=\"1\"\n\n                            data-pagination=\"false\" data-nav=\"true\" data-rows=\"1\" data-infinite=\"false\" data-autoplay=\"true\">\n                                                            <div class=\"item\">\n                                    \n\n<article class=\"map-item property-grid-v4 property-item post-5147 property type-property status-publish has-post-thumbnail hentry property_type-kerrostaloasunto-en property_location-jarvenpaa-en property_amenity-kylpyhuone-en property_amenity-kahvinkeitin-en property_amenity-ruuanlaitto-ja-ruokailuvalineet-en property_amenity-astianpesukone-en property_amenity-pakastin-en property_amenity-pesutupa-en property_amenity-mikro-en property_amenity-uuni-en property_amenity-jaakaappi-en property_amenity-erillinen-wc-en property_amenity-pyykinpesukone-en\" data-latitude=\"60.4775324\" data-longitude=\"25.0724999\" data-img=\"https:\/\/www.sakarincitykodit.fi\/wp-content\/uploads\/jarvenpaa-kalustetut-vuokra-asunnot-sakarin-citykodit_3-850x550.jpg\">\n    <div class=\"top-info\">\n        <div class=\"property-thumbnail-wrapper flex-middle justify-content-center\">\n                <div class=\"image-thumbnail\">\r\n        <a class=\"property-image\" href=\"https:\/\/www.sakarincitykodit.fi\/en\/vuokra-asunto\/jarvenpaa-loutti-kt-3hk-80m2_2\/\">\r\n        \t<div class=\"image-wrapper\"><img fetchpriority=\"high\" decoding=\"async\" width=\"850\" height=\"550\" src=\"data:image\/svg+xml;charset=utf-8,%3Csvg xmlns%3D&#039;http%3A%2F%2Fwww.w3.org%2F2000%2Fsvg&#039; viewBox%3D&#039;0 0 850 550&#039;%2F%3E\" class=\"attachment-homeo-property-grid size-homeo-property-grid unveil-image\" alt=\"\" data-src=\"https:\/\/www.sakarincitykodit.fi\/wp-content\/uploads\/jarvenpaa-kalustetut-vuokra-asunnot-sakarin-citykodit_3-850x550.jpg\" \/><\/div>        <\/a>\r\n    <\/div>\r\n                            <div class=\"bottom-label flex-middle\">\n                                <div class=\"ali-right\">\n                                    <\/div>\n            <\/div>\n        <\/div>\n\n        <div class=\"property-information\">\n            <div class=\"property-type\">\r\n\t\t\t\t\t\t\t<div class=\"property-type with-no-title\">\r\n\t\t\t\t\t\t            \t<a class=\"type-property\" href=\"https:\/\/www.sakarincitykodit.fi\/en\/property-type\/kerrostaloasunto-en\/\" style=\"\">Apartment building<\/a>\t\t        \t\t    \t<\/div>\r\n\t    <\/div>\n            <h2 class=\"property-title\"><a href=\"https:\/\/www.sakarincitykodit.fi\/en\/vuokra-asunto\/jarvenpaa-loutti-kt-3hk-80m2_2\/\" rel=\"bookmark\">J\u00e4rvenp\u00e4\u00e4 Loutti | KT 3h+k 80m2 |<\/a><\/h2>            <div class=\"property-location with-icon\"><i class=\"flaticon-maps-and-flags\"><\/i> <a href=\"\/\/maps.google.com\/maps?q=M%C3%A4kikatu+2+J%C3%A4rvenp%C3%A4%C3%A4&#038;zoom=14&#038;size=512x512&#038;maptype=roadmap&#038;sensor=false\" target=\"_blank\">M\u00e4kikatu 2 J\u00e4rvenp\u00e4\u00e4<\/a><\/div>\n                    <\/div>\n    <\/div>\n<\/article><!-- #post-## -->\n\n                                <\/div>\n                                                    <\/div>\n                                                        <\/div>\n            <\/div>\n            \t\t\t\t<\/div>\n\t\t\t\t<\/div>\n\t\t\t\t<div class=\"elementor-element elementor-element-5b201687 elementor-widget elementor-widget-text-editor\" data-id=\"5b201687\" data-element_type=\"widget\" data-widget_type=\"text-editor.default\">\n\t\t\t\t<div class=\"elementor-widget-container\">\n\t\t\t\t\t\t\t\t\t<div id=\"pl-1236\" class=\"panel-layout\">\n<div id=\"pg-1236-0\" class=\"panel-grid panel-no-style\" data-style=\"{\">\n<div id=\"pgc-1236-0-0\" class=\"panel-grid-cell\" data-weight=\"1\">\n<div id=\"panel-1236-0-0-0\" class=\"so-panel widget widget_sow-editor panel-first-child panel-last-child\" data-index=\"0\" data-style=\"{\">\n<div class=\"panel-widget-style panel-widget-style-for-1236-0-0-0\">\n<div class=\"so-widget-sow-editor so-widget-sow-editor-base\">\n<div class=\"siteorigin-widget-tinymce textwidget\">\n<h1 style=\"text-align: left;\">Furnished rentals in J\u00e4rvenp\u00e4\u00e4<\/h1>\n<p style=\"text-align: left;\">Do you know a job in J\u00e4rvenp\u00e4\u00e4, do you need a temporary home, for example during renovation, or do you need a rental apartment in J\u00e4rvenp\u00e4\u00e4 for some other reason? We have a large selection of furnished apartments in J\u00e4rvenp\u00e4\u00e4 for a very wide range of needs, depending on the size of the apartment and the rental period. Our small organization enables very quick response even in the most urgent situations when there is a need for a furnished apartment quickly.<\/p>\n<p style=\"text-align: left;\"><a href=\"https:\/\/www.sakarincitykodit.fi\/varaus\/\">Contact us<\/a> to find out more about our vacant apartments! You can also leave a callback request under neath, and we&#8217;ll contact you as quickly as possible &#8211; when you rarely want to wait.<\/p>\n<p class=\"p1\">\n<div class=\"wpcf7 no-js\" id=\"wpcf7-f5347-o1\" lang=\"en-US\" dir=\"ltr\" data-wpcf7-id=\"5347\">\n<div class=\"screen-reader-response\"><p role=\"status\" aria-live=\"polite\" aria-atomic=\"true\"><\/p> <ul><\/ul><\/div>\n<form action=\"\/en\/wp-json\/wp\/v2\/pages\/4258#wpcf7-f5347-o1\" method=\"post\" class=\"wpcf7-form init\" aria-label=\"Contact form\" novalidate=\"novalidate\" data-status=\"init\">\n<div style=\"display: none;\">\n<input type=\"hidden\" name=\"_wpcf7\" value=\"5347\" \/>\n<input type=\"hidden\" name=\"_wpcf7_version\" value=\"6.0.6\" \/>\n<input type=\"hidden\" name=\"_wpcf7_locale\" value=\"en_US\" \/>\n<input type=\"hidden\" name=\"_wpcf7_unit_tag\" value=\"wpcf7-f5347-o1\" \/>\n<input type=\"hidden\" name=\"_wpcf7_container_post\" value=\"0\" \/>\n<input type=\"hidden\" name=\"_wpcf7_posted_data_hash\" value=\"\" \/>\n<\/div>\n<p><label>Enter your details and our business sales will contact you as soon as possible!<br \/>\n<\/label>\n<\/p>\n<div class=\"contact-us\">\n\t<div class=\"row\">\n\t\t<div class=\"col-xs-12 col-sm-6\">\n\t\t\t<p><span class=\"wpcf7-form-control-wrap\" data-name=\"your-yritys\"><input size=\"40\" maxlength=\"400\" class=\"wpcf7-form-control wpcf7-text wpcf7-validates-as-required form-control\" aria-required=\"true\" aria-invalid=\"false\" placeholder=\"The Company Name\" value=\"\" type=\"text\" name=\"your-yritys\" \/><\/span>\n\t\t\t<\/p>\n\t\t<\/div>\n\t\t<div class=\"col-xs-12 col-sm-6\">\n\t\t\t<p><span class=\"wpcf7-form-control-wrap\" data-name=\"your-tel\"><input size=\"40\" maxlength=\"400\" class=\"wpcf7-form-control wpcf7-tel wpcf7-validates-as-required wpcf7-text wpcf7-validates-as-tel form-control\" aria-required=\"true\" aria-invalid=\"false\" placeholder=\"Phone number\" value=\"\" type=\"tel\" name=\"your-tel\" \/><\/span>\n\t\t\t<\/p>\n\t\t<\/div>\n\t\t<div class=\"col-xs-12 col-sm-12\">\n\t\t\t<p><span class=\"wpcf7-form-control-wrap\" data-name=\"your-email\"><input size=\"40\" maxlength=\"400\" class=\"wpcf7-form-control wpcf7-email wpcf7-validates-as-required wpcf7-text wpcf7-validates-as-email form-control\" aria-required=\"true\" aria-invalid=\"false\" placeholder=\"Email\" value=\"\" type=\"email\" name=\"your-email\" \/><\/span>\n\t\t\t<\/p>\n\t\t<\/div>\n\t<\/div>\n\t<div class=\"clearfix\">\n\t\t<p><input class=\"wpcf7-form-control wpcf7-submit has-spinner btn pull-right btn-theme btn-inverse border-2\" type=\"submit\" value=\"Please contact me!\" \/>\n\t\t<\/p>\n\t<\/div>\n<\/div><div class=\"wpcf7-response-output\" aria-hidden=\"true\"><\/div>\n<\/form>\n<\/div>\n<\/p>\n<h3>Furnished apartment instead of hotel?<\/h3>\n<p>Hotels can be quite expensive as well as dreary options for long-term accommodation. A few nights will certainly go conveniently in the hotel, but when it comes to weeks or even months, a furnished rental apartment is a much nicer option. You get a real temporary home that also feels cozy and not just an emergency solution. We take good care of our furnished apartments and want to make sure that you enjoy your apartment as well as possible.<\/p>\n<h3>From J\u00e4rvenp\u00e4\u00e4 to work in the Helsinki metropolitan area<\/h3>\n<p>Are you coming to work in the Helsinki metropolitan area or southern Finland, but you may not want to live in espoo or helsinki? J\u00e4rvenp\u00e4\u00e4 is also a great option for a longer period of time, for example for posting. From J\u00e4rvenp\u00e4\u00e4 you can get to the centre of Helsinki or the rest of the surrounding areas by direct commuter train and you can easily get to work on a tolerable business trip. Apartments in J\u00e4rvenp\u00e4\u00e4 are cheaper than the Helsinki metropolitan area and you can find a great alternative in <a href=\"\/\">our furnished apartments!<\/a><\/p>\n<\/div>\n<\/div>\n<\/div>\n<\/div>\n<\/div>\n<\/div>\n<\/div>\n\t\t\t\t\t\t\t\t<\/div>\n\t\t\t\t<\/div>\n\t\t\t\t\t<\/div>\n\t\t<\/div>\n\t\t\t\t\t<\/div>\n\t\t<\/section>\n\t\t\t\t<\/div>\n\t\t","protected":false},"excerpt":{"rendered":"<p>J\u00e4rvenp\u00e4\u00e4 vapaat asunnot Rivitalo Jarvenpaa Peltola | RT 3h+k+s 78m2 | released on 2 August 2020 Kerrostaloasunto Jarvenpaa City Center | KT 3h+k 78m2 | released on 2 August 2020 Kerrostaloasunto J\u00e4rvenp\u00e4\u00e4 keskusta | KT 3h+k 78m2 | HETI VAPAA Kartanonpolku 31, 04410 J\u00e4rvenp\u00e4\u00e4 Furnished rentals in J\u00e4rvenp\u00e4\u00e4 Do you know a job in J\u00e4rvenp\u00e4\u00e4, [&hellip;]<\/p>\n","protected":false},"author":3,"featured_media":0,"parent":4445,"menu_order":0,"comment_status":"closed","ping_status":"closed","template":"","meta":{"footnotes":""},"class_list":["post-4258","page","type-page","status-publish","hentry"],"yoast_head":"<!-- This site is optimized with the Yoast SEO plugin v24.9 - https:\/\/yoast.com\/wordpress\/plugins\/seo\/ -->\n<title>Furnished rentals in J\u00e4rvenp\u00e4\u00e4 - Sakarin Citykodit<\/title>\n<meta name=\"robots\" content=\"index, follow, max-snippet:-1, max-image-preview:large, max-video-preview:-1\" \/>\n<link rel=\"canonical\" href=\"https:\/\/www.sakarincitykodit.fi\/en\/our-location\/furnished-rentals-in-jarvenpaa\/\" \/>\n<meta property=\"og:locale\" content=\"en_US\" \/>\n<meta property=\"og:type\" content=\"article\" \/>\n<meta property=\"og:title\" content=\"Furnished rentals in J\u00e4rvenp\u00e4\u00e4 - Sakarin Citykodit\" \/>\n<meta property=\"og:description\" content=\"J\u00e4rvenp\u00e4\u00e4 vapaat asunnot Rivitalo Jarvenpaa Peltola | RT 3h+k+s 78m2 | released on 2 August 2020 Kerrostaloasunto Jarvenpaa City Center | KT 3h+k 78m2 | released on 2 August 2020 Kerrostaloasunto J\u00e4rvenp\u00e4\u00e4 keskusta | KT 3h+k 78m2 | HETI VAPAA Kartanonpolku 31, 04410 J\u00e4rvenp\u00e4\u00e4 Furnished rentals in J\u00e4rvenp\u00e4\u00e4 Do you know a job in J\u00e4rvenp\u00e4\u00e4, [&hellip;]\" \/>\n<meta property=\"og:url\" content=\"https:\/\/www.sakarincitykodit.fi\/en\/our-location\/furnished-rentals-in-jarvenpaa\/\" \/>\n<meta property=\"og:site_name\" content=\"Sakarin Citykodit\" \/>\n<meta property=\"article:modified_time\" content=\"2020-11-10T10:07:02+00:00\" \/>\n<meta name=\"twitter:card\" content=\"summary_large_image\" \/>\n<meta name=\"twitter:label1\" content=\"Est. reading time\" \/>\n\t<meta name=\"twitter:data1\" content=\"2 minutes\" \/>\n<script type=\"application\/ld+json\" class=\"yoast-schema-graph\">{\"@context\":\"https:\/\/schema.org\",\"@graph\":[{\"@type\":\"WebPage\",\"@id\":\"https:\/\/www.sakarincitykodit.fi\/en\/our-location\/furnished-rentals-in-jarvenpaa\/\",\"url\":\"https:\/\/www.sakarincitykodit.fi\/en\/our-location\/furnished-rentals-in-jarvenpaa\/\",\"name\":\"Furnished rentals in J\u00e4rvenp\u00e4\u00e4 - Sakarin Citykodit\",\"isPartOf\":{\"@id\":\"https:\/\/www.sakarincitykodit.fi\/en\/#website\"},\"datePublished\":\"2018-11-05T07:53:20+00:00\",\"dateModified\":\"2020-11-10T10:07:02+00:00\",\"breadcrumb\":{\"@id\":\"https:\/\/www.sakarincitykodit.fi\/en\/our-location\/furnished-rentals-in-jarvenpaa\/#breadcrumb\"},\"inLanguage\":\"en-US\",\"potentialAction\":[{\"@type\":\"ReadAction\",\"target\":[\"https:\/\/www.sakarincitykodit.fi\/en\/our-location\/furnished-rentals-in-jarvenpaa\/\"]}]},{\"@type\":\"BreadcrumbList\",\"@id\":\"https:\/\/www.sakarincitykodit.fi\/en\/our-location\/furnished-rentals-in-jarvenpaa\/#breadcrumb\",\"itemListElement\":[{\"@type\":\"ListItem\",\"position\":1,\"name\":\"Home\",\"item\":\"https:\/\/www.sakarincitykodit.fi\/en\/\"},{\"@type\":\"ListItem\",\"position\":2,\"name\":\"Our location\",\"item\":\"https:\/\/www.sakarincitykodit.fi\/en\/our-location\/\"},{\"@type\":\"ListItem\",\"position\":3,\"name\":\"Furnished rentals in J\u00e4rvenp\u00e4\u00e4\"}]},{\"@type\":\"WebSite\",\"@id\":\"https:\/\/www.sakarincitykodit.fi\/en\/#website\",\"url\":\"https:\/\/www.sakarincitykodit.fi\/en\/\",\"name\":\"Sakarin Citykodit\",\"description\":\"Vuokraamme vapaat kalustetut vuokra-asunnot ymp&auml;ri Suomen!\",\"publisher\":{\"@id\":\"https:\/\/www.sakarincitykodit.fi\/en\/#organization\"},\"potentialAction\":[{\"@type\":\"SearchAction\",\"target\":{\"@type\":\"EntryPoint\",\"urlTemplate\":\"https:\/\/www.sakarincitykodit.fi\/en\/?s={search_term_string}\"},\"query-input\":{\"@type\":\"PropertyValueSpecification\",\"valueRequired\":true,\"valueName\":\"search_term_string\"}}],\"inLanguage\":\"en-US\"},{\"@type\":\"Organization\",\"@id\":\"https:\/\/www.sakarincitykodit.fi\/en\/#organization\",\"name\":\"Sakarin Citykodit\",\"url\":\"https:\/\/www.sakarincitykodit.fi\/en\/\",\"logo\":{\"@type\":\"ImageObject\",\"inLanguage\":\"en-US\",\"@id\":\"https:\/\/www.sakarincitykodit.fi\/en\/#\/schema\/logo\/image\/\",\"url\":\"https:\/\/www.sakarincitykodit.fi\/wp-content\/uploads\/sakarin-citykodit-logo-245.png\",\"contentUrl\":\"https:\/\/www.sakarincitykodit.fi\/wp-content\/uploads\/sakarin-citykodit-logo-245.png\",\"width\":245,\"height\":39,\"caption\":\"Sakarin Citykodit\"},\"image\":{\"@id\":\"https:\/\/www.sakarincitykodit.fi\/en\/#\/schema\/logo\/image\/\"}}]}<\/script>\n<!-- \/ Yoast SEO plugin. -->","yoast_head_json":{"title":"Furnished rentals in J\u00e4rvenp\u00e4\u00e4 - Sakarin Citykodit","robots":{"index":"index","follow":"follow","max-snippet":"max-snippet:-1","max-image-preview":"max-image-preview:large","max-video-preview":"max-video-preview:-1"},"canonical":"https:\/\/www.sakarincitykodit.fi\/en\/our-location\/furnished-rentals-in-jarvenpaa\/","og_locale":"en_US","og_type":"article","og_title":"Furnished rentals in J\u00e4rvenp\u00e4\u00e4 - Sakarin Citykodit","og_description":"J\u00e4rvenp\u00e4\u00e4 vapaat asunnot Rivitalo Jarvenpaa Peltola | RT 3h+k+s 78m2 | released on 2 August 2020 Kerrostaloasunto Jarvenpaa City Center | KT 3h+k 78m2 | released on 2 August 2020 Kerrostaloasunto J\u00e4rvenp\u00e4\u00e4 keskusta | KT 3h+k 78m2 | HETI VAPAA Kartanonpolku 31, 04410 J\u00e4rvenp\u00e4\u00e4 Furnished rentals in J\u00e4rvenp\u00e4\u00e4 Do you know a job in J\u00e4rvenp\u00e4\u00e4, [&hellip;]","og_url":"https:\/\/www.sakarincitykodit.fi\/en\/our-location\/furnished-rentals-in-jarvenpaa\/","og_site_name":"Sakarin Citykodit","article_modified_time":"2020-11-10T10:07:02+00:00","twitter_card":"summary_large_image","twitter_misc":{"Est. reading time":"2 minutes"},"schema":{"@context":"https:\/\/schema.org","@graph":[{"@type":"WebPage","@id":"https:\/\/www.sakarincitykodit.fi\/en\/our-location\/furnished-rentals-in-jarvenpaa\/","url":"https:\/\/www.sakarincitykodit.fi\/en\/our-location\/furnished-rentals-in-jarvenpaa\/","name":"Furnished rentals in J\u00e4rvenp\u00e4\u00e4 - Sakarin Citykodit","isPartOf":{"@id":"https:\/\/www.sakarincitykodit.fi\/en\/#website"},"datePublished":"2018-11-05T07:53:20+00:00","dateModified":"2020-11-10T10:07:02+00:00","breadcrumb":{"@id":"https:\/\/www.sakarincitykodit.fi\/en\/our-location\/furnished-rentals-in-jarvenpaa\/#breadcrumb"},"inLanguage":"en-US","potentialAction":[{"@type":"ReadAction","target":["https:\/\/www.sakarincitykodit.fi\/en\/our-location\/furnished-rentals-in-jarvenpaa\/"]}]},{"@type":"BreadcrumbList","@id":"https:\/\/www.sakarincitykodit.fi\/en\/our-location\/furnished-rentals-in-jarvenpaa\/#breadcrumb","itemListElement":[{"@type":"ListItem","position":1,"name":"Home","item":"https:\/\/www.sakarincitykodit.fi\/en\/"},{"@type":"ListItem","position":2,"name":"Our location","item":"https:\/\/www.sakarincitykodit.fi\/en\/our-location\/"},{"@type":"ListItem","position":3,"name":"Furnished rentals in J\u00e4rvenp\u00e4\u00e4"}]},{"@type":"WebSite","@id":"https:\/\/www.sakarincitykodit.fi\/en\/#website","url":"https:\/\/www.sakarincitykodit.fi\/en\/","name":"Sakarin Citykodit","description":"Vuokraamme vapaat kalustetut vuokra-asunnot ymp&auml;ri Suomen!","publisher":{"@id":"https:\/\/www.sakarincitykodit.fi\/en\/#organization"},"potentialAction":[{"@type":"SearchAction","target":{"@type":"EntryPoint","urlTemplate":"https:\/\/www.sakarincitykodit.fi\/en\/?s={search_term_string}"},"query-input":{"@type":"PropertyValueSpecification","valueRequired":true,"valueName":"search_term_string"}}],"inLanguage":"en-US"},{"@type":"Organization","@id":"https:\/\/www.sakarincitykodit.fi\/en\/#organization","name":"Sakarin Citykodit","url":"https:\/\/www.sakarincitykodit.fi\/en\/","logo":{"@type":"ImageObject","inLanguage":"en-US","@id":"https:\/\/www.sakarincitykodit.fi\/en\/#\/schema\/logo\/image\/","url":"https:\/\/www.sakarincitykodit.fi\/wp-content\/uploads\/sakarin-citykodit-logo-245.png","contentUrl":"https:\/\/www.sakarincitykodit.fi\/wp-content\/uploads\/sakarin-citykodit-logo-245.png","width":245,"height":39,"caption":"Sakarin Citykodit"},"image":{"@id":"https:\/\/www.sakarincitykodit.fi\/en\/#\/schema\/logo\/image\/"}}]}},"_links":{"self":[{"href":"https:\/\/www.sakarincitykodit.fi\/en\/wp-json\/wp\/v2\/pages\/4258","targetHints":{"allow":["GET"]}}],"collection":[{"href":"https:\/\/www.sakarincitykodit.fi\/en\/wp-json\/wp\/v2\/pages"}],"about":[{"href":"https:\/\/www.sakarincitykodit.fi\/en\/wp-json\/wp\/v2\/types\/page"}],"author":[{"embeddable":true,"href":"https:\/\/www.sakarincitykodit.fi\/en\/wp-json\/wp\/v2\/users\/3"}],"replies":[{"embeddable":true,"href":"https:\/\/www.sakarincitykodit.fi\/en\/wp-json\/wp\/v2\/comments?post=4258"}],"version-history":[{"count":0,"href":"https:\/\/www.sakarincitykodit.fi\/en\/wp-json\/wp\/v2\/pages\/4258\/revisions"}],"up":[{"embeddable":true,"href":"https:\/\/www.sakarincitykodit.fi\/en\/wp-json\/wp\/v2\/pages\/4445"}],"wp:attachment":[{"href":"https:\/\/www.sakarincitykodit.fi\/en\/wp-json\/wp\/v2\/media?parent=4258"}],"curies":[{"name":"wp","href":"https:\/\/api.w.org\/{rel}","templated":true}]}}